{"id":9684,"date":"2016-04-05T19:24:58","date_gmt":"2016-04-05T17:24:58","guid":{"rendered":"http:\/\/ultramagic.creagia.com\/es\/?page_id=9684"},"modified":"2016-06-11T09:56:55","modified_gmt":"2016-06-11T07:56:55","slug":"barquillas-para-pasajeros","status":"publish","type":"page","link":"https:\/\/ultramagic.com\/es\/globos-aerostaticos\/barquillas\/barquillas-para-pasajeros\/","title":{"rendered":"Barquillas para pasajeros"},"content":{"rendered":"<blockquote><p>Calidad de dise\u00f1o y fabricaci\u00f3n excelentes asegurando el mejor confort y protecci\u00f3n para el pasajero.<\/p><\/blockquote>\n<p>Seguridad y confort son las marcas comerciales de las barquillas de\u00a0Ultramagic . Esto, combinado con su rigidez y durabilidad Ultramagic es reconocido como el\u00a0l\u00edder mundial en el dise\u00f1o y fabricaci\u00f3n de grandes barquillas para\u00a0pasajeros. En los principales destinos tur\u00edsticos del mundo hay varias empresas de globos aerost\u00e1ticos trabajando.<\/p>\n<p>Se construyen y prueban con un standard internacional de aeronaves.<a href=\"http:\/\/ultramagic.com\/wp-content\/uploads\/2016\/02\/C-14-Traveler-2OK.jpg\" rel=\"attachment wp-att-10407\"><img loading=\"lazy\" decoding=\"async\" class=\"alignright wp-image-10407 size-medium\" src=\"http:\/\/ultramagic.com\/wp-content\/uploads\/2016\/02\/C-14-Traveler-2OK-300x225.jpg\" alt=\"C-14-Traveler-2OK\" width=\"300\" height=\"225\" srcset=\"https:\/\/ultramagic.com\/wp-content\/uploads\/2016\/02\/C-14-Traveler-2OK-300x225.jpg 300w, https:\/\/ultramagic.com\/wp-content\/uploads\/2016\/02\/C-14-Traveler-2OK-768x576.jpg 768w, https:\/\/ultramagic.com\/wp-content\/uploads\/2016\/02\/C-14-Traveler-2OK-1024x768.jpg 1024w, https:\/\/ultramagic.com\/wp-content\/uploads\/2016\/02\/C-14-Traveler-2OK.jpg 2048w\" sizes=\"(max-width: 300px) 100vw, 300px\" \/><\/a><br \/>\n\u2022 Fuertes y a la vez ligeras con una pieza en el suelo de madera contrachapada de Scandinavia.<br \/>\n\u2022 Estructura reforzada de acero inoxidable.<br \/>\n\u2022 Puntos de sujeci\u00f3n para la suelta en la estructura standard en tama\u00f1os grandes.<br \/>\n\u2022 Puntos de sujeci\u00f3n de la barquilla est\u00e1n disponibles en todas las medidas.<\/p>\n<p>&nbsp;<\/p>\n<p>Ultramagic tiene una de las m\u00e1s grandes variedades de tama\u00f1o y tipo de barquillas con partici\u00f3n disponibles en la ind\u00fastria.<a href=\"http:\/\/ultramagic.com\/wp-content\/uploads\/2016\/02\/BASKETS-C-12-AtmosferOK.jpg\" rel=\"attachment wp-att-10389\"><img loading=\"lazy\" decoding=\"async\" class=\"alignright wp-image-10389 size-medium\" src=\"http:\/\/ultramagic.com\/wp-content\/uploads\/2016\/02\/BASKETS-C-12-AtmosferOK-300x225.jpg\" alt=\"BASKETS-C-12-AtmosferOK\" width=\"300\" height=\"225\" srcset=\"https:\/\/ultramagic.com\/wp-content\/uploads\/2016\/02\/BASKETS-C-12-AtmosferOK-300x225.jpg 300w, https:\/\/ultramagic.com\/wp-content\/uploads\/2016\/02\/BASKETS-C-12-AtmosferOK-768x576.jpg 768w, https:\/\/ultramagic.com\/wp-content\/uploads\/2016\/02\/BASKETS-C-12-AtmosferOK-1024x768.jpg 1024w, https:\/\/ultramagic.com\/wp-content\/uploads\/2016\/02\/BASKETS-C-12-AtmosferOK.jpg 2048w\" sizes=\"(max-width: 300px) 100vw, 300px\" \/><\/a><br \/>\n\u2022\u00a0Partici\u00f3n simple<br \/>\n\u2022 Partici\u00f3n tipo T<br \/>\n\u2022 Partici\u00f3n tipo C<br \/>\n\u2022 Partici\u00f3n doble T<br \/>\n\u2022 Partici\u00f3n doble\u00a0C<br \/>\n\u2022 Multipartici\u00f3n<br \/>\n<div id='gallery-1' class='gallery galleryid-9684 gallery-columns-4 gallery-size-medium'><dl class='gallery-item'>\n\t\t\t<dt class='gallery-icon landscape'>\n\t\t\t\t<a href='https:\/\/ultramagic.com\/wp-content\/uploads\/2016\/02\/Basket-C-12-EzairOK.jpg'><img loading=\"lazy\" decoding=\"async\" width=\"300\" height=\"225\" src=\"https:\/\/ultramagic.com\/wp-content\/uploads\/2016\/02\/basket-c-12-300x225.jpg\" class=\"attachment-medium size-medium\" alt=\"\" srcset=\"https:\/\/ultramagic.com\/wp-content\/uploads\/2016\/02\/basket-c-12-300x225.jpg 300w, https:\/\/ultramagic.com\/wp-content\/uploads\/2016\/02\/basket-c-12-768x576.jpg 768w, https:\/\/ultramagic.com\/wp-content\/uploads\/2016\/02\/basket-c-12-1024x768.jpg 1024w, https:\/\/ultramagic.com\/wp-content\/uploads\/2016\/02\/basket-c-12.jpg 2048w\" sizes=\"(max-width: 300px) 100vw, 300px\" \/><\/a>\n\t\t\t<\/dt><\/dl><dl class='gallery-item'>\n\t\t\t<dt class='gallery-icon landscape'>\n\t\t\t\t<a href='https:\/\/ultramagic.com\/wp-content\/uploads\/2016\/02\/cistelles_9_OK.jpg'><img loading=\"lazy\" decoding=\"async\" width=\"300\" height=\"219\" src=\"https:\/\/ultramagic.com\/wp-content\/uploads\/2016\/02\/cistelles_9_OK-300x219.jpg\" class=\"attachment-medium size-medium\" alt=\"\" srcset=\"https:\/\/ultramagic.com\/wp-content\/uploads\/2016\/02\/cistelles_9_OK-300x219.jpg 300w, https:\/\/ultramagic.com\/wp-content\/uploads\/2016\/02\/cistelles_9_OK.jpg 557w\" sizes=\"(max-width: 300px) 100vw, 300px\" \/><\/a>\n\t\t\t<\/dt><\/dl><dl class='gallery-item'>\n\t\t\t<dt class='gallery-icon landscape'>\n\t\t\t\t<a href='https:\/\/ultramagic.com\/wp-content\/uploads\/2016\/02\/C-12-TTTT-2_OK.jpg'><img loading=\"lazy\" decoding=\"async\" width=\"300\" height=\"225\" src=\"https:\/\/ultramagic.com\/wp-content\/uploads\/2016\/02\/C-12-TTTT-2_OK-300x225.jpg\" class=\"attachment-medium size-medium\" alt=\"\" srcset=\"https:\/\/ultramagic.com\/wp-content\/uploads\/2016\/02\/C-12-TTTT-2_OK-300x225.jpg 300w, https:\/\/ultramagic.com\/wp-content\/uploads\/2016\/02\/C-12-TTTT-2_OK-768x576.jpg 768w, https:\/\/ultramagic.com\/wp-content\/uploads\/2016\/02\/C-12-TTTT-2_OK-1024x768.jpg 1024w, https:\/\/ultramagic.com\/wp-content\/uploads\/2016\/02\/C-12-TTTT-2_OK.jpg 2048w\" sizes=\"(max-width: 300px) 100vw, 300px\" \/><\/a>\n\t\t\t<\/dt><\/dl><dl class='gallery-item'>\n\t\t\t<dt class='gallery-icon landscape'>\n\t\t\t\t<a href='https:\/\/ultramagic.com\/wp-content\/uploads\/2016\/02\/DSC00040_OK.jpg'><img loading=\"lazy\" decoding=\"async\" width=\"300\" height=\"181\" src=\"https:\/\/ultramagic.com\/wp-content\/uploads\/2016\/02\/DSC00040_OK-300x181.jpg\" class=\"attachment-medium size-medium\" alt=\"\" srcset=\"https:\/\/ultramagic.com\/wp-content\/uploads\/2016\/02\/DSC00040_OK-300x181.jpg 300w, https:\/\/ultramagic.com\/wp-content\/uploads\/2016\/02\/DSC00040_OK-768x462.jpg 768w, https:\/\/ultramagic.com\/wp-content\/uploads\/2016\/02\/DSC00040_OK-1024x617.jpg 1024w, https:\/\/ultramagic.com\/wp-content\/uploads\/2016\/02\/DSC00040_OK.jpg 1166w\" sizes=\"(max-width: 300px) 100vw, 300px\" \/><\/a>\n\t\t\t<\/dt><\/dl><br style=\"clear: both\" \/>\n\t\t<\/div>\n<\/p>\n<div id='gallery-2' class='gallery galleryid-9684 gallery-columns-4 gallery-size-medium'><dl class='gallery-item'>\n\t\t\t<dt class='gallery-icon portrait'>\n\t\t\t\t<a href='https:\/\/ultramagic.com\/wp-content\/uploads\/2016\/02\/C-5-2_ok.jpg'><img loading=\"lazy\" decoding=\"async\" width=\"261\" height=\"300\" src=\"https:\/\/ultramagic.com\/wp-content\/uploads\/2016\/02\/C-5-2_ok-261x300.jpg\" class=\"attachment-medium size-medium\" alt=\"\" srcset=\"https:\/\/ultramagic.com\/wp-content\/uploads\/2016\/02\/C-5-2_ok-261x300.jpg 261w, https:\/\/ultramagic.com\/wp-content\/uploads\/2016\/02\/C-5-2_ok-768x884.jpg 768w, https:\/\/ultramagic.com\/wp-content\/uploads\/2016\/02\/C-5-2_ok-889x1024.jpg 889w, https:\/\/ultramagic.com\/wp-content\/uploads\/2016\/02\/C-5-2_ok.jpg 1334w\" sizes=\"(max-width: 261px) 100vw, 261px\" \/><\/a>\n\t\t\t<\/dt><\/dl><dl class='gallery-item'>\n\t\t\t<dt class='gallery-icon portrait'>\n\t\t\t\t<a href='https:\/\/ultramagic.com\/wp-content\/uploads\/2016\/02\/cistelles_3OK.jpg'><img loading=\"lazy\" decoding=\"async\" width=\"217\" height=\"300\" src=\"https:\/\/ultramagic.com\/wp-content\/uploads\/2016\/02\/cistelles_3OK-217x300.jpg\" class=\"attachment-medium size-medium\" alt=\"\" srcset=\"https:\/\/ultramagic.com\/wp-content\/uploads\/2016\/02\/cistelles_3OK-217x300.jpg 217w, https:\/\/ultramagic.com\/wp-content\/uploads\/2016\/02\/cistelles_3OK.jpg 296w\" sizes=\"(max-width: 217px) 100vw, 217px\" \/><\/a>\n\t\t\t<\/dt><\/dl><dl class='gallery-item'>\n\t\t\t<dt class='gallery-icon landscape'>\n\t\t\t\t<a href='https:\/\/ultramagic.com\/wp-content\/uploads\/2016\/02\/C-5C-L-2.jpg'><img loading=\"lazy\" decoding=\"async\" width=\"300\" height=\"225\" src=\"https:\/\/ultramagic.com\/wp-content\/uploads\/2016\/02\/C-5C-L-2-300x225.jpg\" class=\"attachment-medium size-medium\" alt=\"\" srcset=\"https:\/\/ultramagic.com\/wp-content\/uploads\/2016\/02\/C-5C-L-2-300x225.jpg 300w, https:\/\/ultramagic.com\/wp-content\/uploads\/2016\/02\/C-5C-L-2-768x576.jpg 768w, https:\/\/ultramagic.com\/wp-content\/uploads\/2016\/02\/C-5C-L-2-1024x768.jpg 1024w, https:\/\/ultramagic.com\/wp-content\/uploads\/2016\/02\/C-5C-L-2.jpg 2048w\" sizes=\"(max-width: 300px) 100vw, 300px\" \/><\/a>\n\t\t\t<\/dt><\/dl><dl class='gallery-item'>\n\t\t\t<dt class='gallery-icon landscape'>\n\t\t\t\t<a href='https:\/\/ultramagic.com\/wp-content\/uploads\/2016\/02\/C-9-D-TT_OK.jpg'><img loading=\"lazy\" decoding=\"async\" width=\"300\" height=\"225\" src=\"https:\/\/ultramagic.com\/wp-content\/uploads\/2016\/02\/C-9-D-TT_OK-300x225.jpg\" class=\"attachment-medium size-medium\" alt=\"\" srcset=\"https:\/\/ultramagic.com\/wp-content\/uploads\/2016\/02\/C-9-D-TT_OK-300x225.jpg 300w, https:\/\/ultramagic.com\/wp-content\/uploads\/2016\/02\/C-9-D-TT_OK-768x576.jpg 768w, https:\/\/ultramagic.com\/wp-content\/uploads\/2016\/02\/C-9-D-TT_OK.jpg 945w\" sizes=\"(max-width: 300px) 100vw, 300px\" \/><\/a>\n\t\t\t<\/dt><\/dl><br style=\"clear: both\" \/>\n\t\t<\/div>\n\n","protected":false},"excerpt":{"rendered":"<p>Calidad de dise\u00f1o y fabricaci\u00f3n excelentes asegurando el mejor confort y protecci\u00f3n para el pasajero. Seguridad y confort son las marcas comerciales de las barquillas de\u00a0Ultramagic . Esto, combinado con su rigidez y durabilidad Ultramagic es reconocido como el\u00a0l\u00edder mundial en el dise\u00f1o y fabricaci\u00f3n de grandes barquillas para\u00a0pasajeros. En los principales destinos tur\u00edsticos del [&hellip;]<\/p>\n","protected":false},"author":1,"featured_media":10386,"parent":9578,"menu_order":0,"comment_status":"closed","ping_status":"closed","template":"page-globus-fill.php","meta":{"ngg_post_thumbnail":0,"footnotes":""},"yoast_head":"<!-- This site is optimized with the Yoast SEO plugin v22.7 - https:\/\/yoast.com\/wordpress\/plugins\/seo\/ -->\n<title>Barquillas para pasajeros - Ultramagic<\/title>\n<meta name=\"robots\" content=\"index, follow, max-snippet:-1, max-image-preview:large, max-video-preview:-1\" \/>\n<link rel=\"canonical\" href=\"https:\/\/ultramagic.com\/es\/globos-aerostaticos\/barquillas\/barquillas-para-pasajeros\/\" \/>\n<meta property=\"og:locale\" content=\"es_ES\" \/>\n<meta property=\"og:type\" content=\"article\" \/>\n<meta property=\"og:title\" content=\"Barquillas para pasajeros - Ultramagic\" \/>\n<meta property=\"og:description\" content=\"Calidad de dise\u00f1o y fabricaci\u00f3n excelentes asegurando el mejor confort y protecci\u00f3n para el pasajero. Seguridad y confort son las marcas comerciales de las barquillas de\u00a0Ultramagic . Esto, combinado con su rigidez y durabilidad Ultramagic es reconocido como el\u00a0l\u00edder mundial en el dise\u00f1o y fabricaci\u00f3n de grandes barquillas para\u00a0pasajeros. En los principales destinos tur\u00edsticos del [&hellip;]\" \/>\n<meta property=\"og:url\" content=\"https:\/\/ultramagic.com\/es\/globos-aerostaticos\/barquillas\/barquillas-para-pasajeros\/\" \/>\n<meta property=\"og:site_name\" content=\"Ultramagic\" \/>\n<meta property=\"article:publisher\" content=\"http:\/\/www.facebook.com\/ultramagicballons\" \/>\n<meta property=\"article:modified_time\" content=\"2016-06-11T07:56:55+00:00\" \/>\n<meta property=\"og:image\" content=\"https:\/\/ultramagic.com\/wp-content\/uploads\/2016\/02\/Basket-C-12-EzairOK.jpg\" \/>\n\t<meta property=\"og:image:width\" content=\"2048\" \/>\n\t<meta property=\"og:image:height\" content=\"1536\" \/>\n\t<meta property=\"og:image:type\" content=\"image\/jpeg\" \/>\n<meta name=\"twitter:card\" content=\"summary_large_image\" \/>\n<meta name=\"twitter:site\" content=\"@umballoons\" \/>\n<meta name=\"twitter:label1\" content=\"Tiempo de lectura\" \/>\n\t<meta name=\"twitter:data1\" content=\"1 minuto\" \/>\n<script type=\"application\/ld+json\" class=\"yoast-schema-graph\">{\"@context\":\"https:\/\/schema.org\",\"@graph\":[{\"@type\":\"WebPage\",\"@id\":\"https:\/\/ultramagic.com\/es\/globos-aerostaticos\/barquillas\/barquillas-para-pasajeros\/\",\"url\":\"https:\/\/ultramagic.com\/es\/globos-aerostaticos\/barquillas\/barquillas-para-pasajeros\/\",\"name\":\"Barquillas para pasajeros - Ultramagic\",\"isPartOf\":{\"@id\":\"https:\/\/ultramagic.com\/#website\"},\"primaryImageOfPage\":{\"@id\":\"https:\/\/ultramagic.com\/es\/globos-aerostaticos\/barquillas\/barquillas-para-pasajeros\/#primaryimage\"},\"image\":{\"@id\":\"https:\/\/ultramagic.com\/es\/globos-aerostaticos\/barquillas\/barquillas-para-pasajeros\/#primaryimage\"},\"thumbnailUrl\":\"https:\/\/ultramagic.com\/wp-content\/uploads\/2016\/02\/Basket-C-12-EzairOK.jpg\",\"datePublished\":\"2016-04-05T17:24:58+00:00\",\"dateModified\":\"2016-06-11T07:56:55+00:00\",\"breadcrumb\":{\"@id\":\"https:\/\/ultramagic.com\/es\/globos-aerostaticos\/barquillas\/barquillas-para-pasajeros\/#breadcrumb\"},\"inLanguage\":\"es\",\"potentialAction\":[{\"@type\":\"ReadAction\",\"target\":[\"https:\/\/ultramagic.com\/es\/globos-aerostaticos\/barquillas\/barquillas-para-pasajeros\/\"]}]},{\"@type\":\"ImageObject\",\"inLanguage\":\"es\",\"@id\":\"https:\/\/ultramagic.com\/es\/globos-aerostaticos\/barquillas\/barquillas-para-pasajeros\/#primaryimage\",\"url\":\"https:\/\/ultramagic.com\/wp-content\/uploads\/2016\/02\/Basket-C-12-EzairOK.jpg\",\"contentUrl\":\"https:\/\/ultramagic.com\/wp-content\/uploads\/2016\/02\/Basket-C-12-EzairOK.jpg\",\"width\":2048,\"height\":1536},{\"@type\":\"BreadcrumbList\",\"@id\":\"https:\/\/ultramagic.com\/es\/globos-aerostaticos\/barquillas\/barquillas-para-pasajeros\/#breadcrumb\",\"itemListElement\":[{\"@type\":\"ListItem\",\"position\":1,\"name\":\"Home\",\"item\":\"https:\/\/ultramagic.com\/es\/\"},{\"@type\":\"ListItem\",\"position\":2,\"name\":\"Globos aerost\u00e1ticos\",\"item\":\"https:\/\/ultramagic.com\/hot-air-balloons\/\"},{\"@type\":\"ListItem\",\"position\":3,\"name\":\"Barquillas\",\"item\":\"https:\/\/ultramagic.com\/hot-air-balloons\/baskets\/\"},{\"@type\":\"ListItem\",\"position\":4,\"name\":\"Barquillas para pasajeros\"}]},{\"@type\":\"WebSite\",\"@id\":\"https:\/\/ultramagic.com\/#website\",\"url\":\"https:\/\/ultramagic.com\/\",\"name\":\"Ultramagic\",\"description\":\"All about hot air balloon advertising industry and history.Hot air balloon photos and pictures. Enjoy the hot air balloon experience from your home.\",\"potentialAction\":[{\"@type\":\"SearchAction\",\"target\":{\"@type\":\"EntryPoint\",\"urlTemplate\":\"https:\/\/ultramagic.com\/?s={search_term_string}\"},\"query-input\":\"required name=search_term_string\"}],\"inLanguage\":\"es\"}]}<\/script>\n<!-- \/ Yoast SEO plugin. -->","yoast_head_json":{"title":"Barquillas para pasajeros - Ultramagic","robots":{"index":"index","follow":"follow","max-snippet":"max-snippet:-1","max-image-preview":"max-image-preview:large","max-video-preview":"max-video-preview:-1"},"canonical":"https:\/\/ultramagic.com\/es\/globos-aerostaticos\/barquillas\/barquillas-para-pasajeros\/","og_locale":"es_ES","og_type":"article","og_title":"Barquillas para pasajeros - Ultramagic","og_description":"Calidad de dise\u00f1o y fabricaci\u00f3n excelentes asegurando el mejor confort y protecci\u00f3n para el pasajero. Seguridad y confort son las marcas comerciales de las barquillas de\u00a0Ultramagic . Esto, combinado con su rigidez y durabilidad Ultramagic es reconocido como el\u00a0l\u00edder mundial en el dise\u00f1o y fabricaci\u00f3n de grandes barquillas para\u00a0pasajeros. En los principales destinos tur\u00edsticos del [&hellip;]","og_url":"https:\/\/ultramagic.com\/es\/globos-aerostaticos\/barquillas\/barquillas-para-pasajeros\/","og_site_name":"Ultramagic","article_publisher":"http:\/\/www.facebook.com\/ultramagicballons","article_modified_time":"2016-06-11T07:56:55+00:00","og_image":[{"width":2048,"height":1536,"url":"https:\/\/ultramagic.com\/wp-content\/uploads\/2016\/02\/Basket-C-12-EzairOK.jpg","type":"image\/jpeg"}],"twitter_card":"summary_large_image","twitter_site":"@umballoons","twitter_misc":{"Tiempo de lectura":"1 minuto"},"schema":{"@context":"https:\/\/schema.org","@graph":[{"@type":"WebPage","@id":"https:\/\/ultramagic.com\/es\/globos-aerostaticos\/barquillas\/barquillas-para-pasajeros\/","url":"https:\/\/ultramagic.com\/es\/globos-aerostaticos\/barquillas\/barquillas-para-pasajeros\/","name":"Barquillas para pasajeros - Ultramagic","isPartOf":{"@id":"https:\/\/ultramagic.com\/#website"},"primaryImageOfPage":{"@id":"https:\/\/ultramagic.com\/es\/globos-aerostaticos\/barquillas\/barquillas-para-pasajeros\/#primaryimage"},"image":{"@id":"https:\/\/ultramagic.com\/es\/globos-aerostaticos\/barquillas\/barquillas-para-pasajeros\/#primaryimage"},"thumbnailUrl":"https:\/\/ultramagic.com\/wp-content\/uploads\/2016\/02\/Basket-C-12-EzairOK.jpg","datePublished":"2016-04-05T17:24:58+00:00","dateModified":"2016-06-11T07:56:55+00:00","breadcrumb":{"@id":"https:\/\/ultramagic.com\/es\/globos-aerostaticos\/barquillas\/barquillas-para-pasajeros\/#breadcrumb"},"inLanguage":"es","potentialAction":[{"@type":"ReadAction","target":["https:\/\/ultramagic.com\/es\/globos-aerostaticos\/barquillas\/barquillas-para-pasajeros\/"]}]},{"@type":"ImageObject","inLanguage":"es","@id":"https:\/\/ultramagic.com\/es\/globos-aerostaticos\/barquillas\/barquillas-para-pasajeros\/#primaryimage","url":"https:\/\/ultramagic.com\/wp-content\/uploads\/2016\/02\/Basket-C-12-EzairOK.jpg","contentUrl":"https:\/\/ultramagic.com\/wp-content\/uploads\/2016\/02\/Basket-C-12-EzairOK.jpg","width":2048,"height":1536},{"@type":"BreadcrumbList","@id":"https:\/\/ultramagic.com\/es\/globos-aerostaticos\/barquillas\/barquillas-para-pasajeros\/#breadcrumb","itemListElement":[{"@type":"ListItem","position":1,"name":"Home","item":"https:\/\/ultramagic.com\/es\/"},{"@type":"ListItem","position":2,"name":"Globos aerost\u00e1ticos","item":"https:\/\/ultramagic.com\/hot-air-balloons\/"},{"@type":"ListItem","position":3,"name":"Barquillas","item":"https:\/\/ultramagic.com\/hot-air-balloons\/baskets\/"},{"@type":"ListItem","position":4,"name":"Barquillas para pasajeros"}]},{"@type":"WebSite","@id":"https:\/\/ultramagic.com\/#website","url":"https:\/\/ultramagic.com\/","name":"Ultramagic","description":"All about hot air balloon advertising industry and history.Hot air balloon photos and pictures. Enjoy the hot air balloon experience from your home.","potentialAction":[{"@type":"SearchAction","target":{"@type":"EntryPoint","urlTemplate":"https:\/\/ultramagic.com\/?s={search_term_string}"},"query-input":"required name=search_term_string"}],"inLanguage":"es"}]}},"_links":{"self":[{"href":"https:\/\/ultramagic.com\/es\/wp-json\/wp\/v2\/pages\/9684"}],"collection":[{"href":"https:\/\/ultramagic.com\/es\/wp-json\/wp\/v2\/pages"}],"about":[{"href":"https:\/\/ultramagic.com\/es\/wp-json\/wp\/v2\/types\/page"}],"author":[{"embeddable":true,"href":"https:\/\/ultramagic.com\/es\/wp-json\/wp\/v2\/users\/1"}],"replies":[{"embeddable":true,"href":"https:\/\/ultramagic.com\/es\/wp-json\/wp\/v2\/comments?post=9684"}],"version-history":[{"count":6,"href":"https:\/\/ultramagic.com\/es\/wp-json\/wp\/v2\/pages\/9684\/revisions"}],"predecessor-version":[{"id":10581,"href":"https:\/\/ultramagic.com\/es\/wp-json\/wp\/v2\/pages\/9684\/revisions\/10581"}],"up":[{"embeddable":true,"href":"https:\/\/ultramagic.com\/es\/wp-json\/wp\/v2\/pages\/9578"}],"wp:featuredmedia":[{"embeddable":true,"href":"https:\/\/ultramagic.com\/es\/wp-json\/wp\/v2\/media\/10386"}],"wp:attachment":[{"href":"https:\/\/ultramagic.com\/es\/wp-json\/wp\/v2\/media?parent=9684"}],"curies":[{"name":"wp","href":"https:\/\/api.w.org\/{rel}","templated":true}]}}