{"id":9658,"date":"2016-04-05T19:22:41","date_gmt":"2016-04-05T17:22:41","guid":{"rendered":"http:\/\/ultramagic.creagia.com\/es\/?page_id=9658"},"modified":"2016-06-03T18:05:55","modified_gmt":"2016-06-03T16:05:55","slug":"g-series","status":"publish","type":"page","link":"https:\/\/ultramagic.com\/es\/globos-aerostaticos\/velas\/g-series\/","title":{"rendered":"SERIE G"},"content":{"rendered":"<blockquote><p><strong>La vela cl\u00e1sica de forma bulbosa<\/strong><\/p><\/blockquote>\n<p>Una vela dise\u00f1ada para pilotos a los que les gusta la forma cl\u00e1sica de un globo m\u00e1s bulboso. Recreado a partir de un dise\u00f1o antiguo de los inicios de los globos aerost\u00e1ticos. Robusta pero a la vez ligera, la vela de la serie G tiene forma de l\u00e1grima con 8 bulbosos gajos.<\/p>\n<p>&nbsp;<\/p>\n<p>La serie G da la oportunidad al piloto de crear su propio espacio creativo a partir del dise\u00f1o cl\u00e1sico.<\/p>\n<p><a href=\"http:\/\/ultramagic.com\/wp-content\/uploads\/2016\/04\/Taula_G-series.jpg\" rel=\"attachment wp-att-10045\"><img loading=\"lazy\" decoding=\"async\" class=\"alignnone size-full wp-image-10045\" src=\"http:\/\/ultramagic.com\/wp-content\/uploads\/2016\/04\/Taula_G-series.jpg\" alt=\"Taula_G series\" width=\"1351\" height=\"150\" srcset=\"https:\/\/ultramagic.com\/wp-content\/uploads\/2016\/04\/Taula_G-series.jpg 1351w, https:\/\/ultramagic.com\/wp-content\/uploads\/2016\/04\/Taula_G-series-300x33.jpg 300w, https:\/\/ultramagic.com\/wp-content\/uploads\/2016\/04\/Taula_G-series-768x85.jpg 768w, https:\/\/ultramagic.com\/wp-content\/uploads\/2016\/04\/Taula_G-series-1024x114.jpg 1024w\" sizes=\"(max-width: 1351px) 100vw, 1351px\" \/><\/a><\/p>\n<p><a href=\"http:\/\/ultramagic.com\/wp-content\/uploads\/2016\/04\/PA107866.jpg\" rel=\"attachment wp-att-10052\"><img loading=\"lazy\" decoding=\"async\" class=\"size-full wp-image-10052\" src=\"http:\/\/ultramagic.com\/wp-content\/uploads\/2016\/04\/PA107866.jpg\" alt=\"OLYMPUS DIGITAL CAMERA\" width=\"3200\" height=\"2400\" srcset=\"https:\/\/ultramagic.com\/wp-content\/uploads\/2016\/04\/PA107866.jpg 3200w, https:\/\/ultramagic.com\/wp-content\/uploads\/2016\/04\/PA107866-300x225.jpg 300w, https:\/\/ultramagic.com\/wp-content\/uploads\/2016\/04\/PA107866-768x576.jpg 768w, https:\/\/ultramagic.com\/wp-content\/uploads\/2016\/04\/PA107866-1024x768.jpg 1024w\" sizes=\"(max-width: 3200px) 100vw, 3200px\" \/><\/a><\/p>\n","protected":false},"excerpt":{"rendered":"<p>La vela cl\u00e1sica de forma bulbosa Una vela dise\u00f1ada para pilotos a los que les gusta la forma cl\u00e1sica de un globo m\u00e1s bulboso. Recreado a partir de un dise\u00f1o antiguo de los inicios de los globos aerost\u00e1ticos. Robusta pero a la vez ligera, la vela de la serie G tiene forma de l\u00e1grima con [&hellip;]<\/p>\n","protected":false},"author":1,"featured_media":7436,"parent":9272,"menu_order":0,"comment_status":"closed","ping_status":"open","template":"page-globus-fill.php","meta":{"ngg_post_thumbnail":0,"footnotes":""},"yoast_head":"<!-- This site is optimized with the Yoast SEO plugin v22.7 - https:\/\/yoast.com\/wordpress\/plugins\/seo\/ -->\n<title>SERIE G - Ultramagic<\/title>\n<meta name=\"robots\" content=\"index, follow, max-snippet:-1, max-image-preview:large, max-video-preview:-1\" \/>\n<link rel=\"canonical\" href=\"https:\/\/ultramagic.com\/hot-air-balloons\/envelopes\/g-series\/\" \/>\n<meta property=\"og:locale\" content=\"es_ES\" \/>\n<meta property=\"og:type\" content=\"article\" \/>\n<meta property=\"og:title\" content=\"SERIE G - Ultramagic\" \/>\n<meta property=\"og:description\" content=\"La vela cl\u00e1sica de forma bulbosa Una vela dise\u00f1ada para pilotos a los que les gusta la forma cl\u00e1sica de un globo m\u00e1s bulboso. Recreado a partir de un dise\u00f1o antiguo de los inicios de los globos aerost\u00e1ticos. Robusta pero a la vez ligera, la vela de la serie G tiene forma de l\u00e1grima con [&hellip;]\" \/>\n<meta property=\"og:url\" content=\"https:\/\/ultramagic.com\/hot-air-balloons\/envelopes\/g-series\/\" \/>\n<meta property=\"og:site_name\" content=\"Ultramagic\" \/>\n<meta property=\"article:publisher\" content=\"http:\/\/www.facebook.com\/ultramagicballons\" \/>\n<meta property=\"article:modified_time\" content=\"2016-06-03T16:05:55+00:00\" \/>\n<meta property=\"og:image\" content=\"https:\/\/ultramagic.com\/wp-content\/uploads\/2016\/02\/held-g-90-e1455699432628.jpg\" \/>\n\t<meta property=\"og:image:width\" content=\"100\" \/>\n\t<meta property=\"og:image:height\" content=\"120\" \/>\n\t<meta property=\"og:image:type\" content=\"image\/jpeg\" \/>\n<meta name=\"twitter:card\" content=\"summary_large_image\" \/>\n<meta name=\"twitter:site\" content=\"@umballoons\" \/>\n<script type=\"application\/ld+json\" class=\"yoast-schema-graph\">{\"@context\":\"https:\/\/schema.org\",\"@graph\":[{\"@type\":\"WebPage\",\"@id\":\"https:\/\/ultramagic.com\/hot-air-balloons\/envelopes\/g-series\/\",\"url\":\"https:\/\/ultramagic.com\/hot-air-balloons\/envelopes\/g-series\/\",\"name\":\"SERIE G - Ultramagic\",\"isPartOf\":{\"@id\":\"https:\/\/ultramagic.com\/#website\"},\"primaryImageOfPage\":{\"@id\":\"https:\/\/ultramagic.com\/hot-air-balloons\/envelopes\/g-series\/#primaryimage\"},\"image\":{\"@id\":\"https:\/\/ultramagic.com\/hot-air-balloons\/envelopes\/g-series\/#primaryimage\"},\"thumbnailUrl\":\"https:\/\/ultramagic.com\/wp-content\/uploads\/2016\/02\/held-g-90-e1455699432628.jpg\",\"datePublished\":\"2016-04-05T17:22:41+00:00\",\"dateModified\":\"2016-06-03T16:05:55+00:00\",\"breadcrumb\":{\"@id\":\"https:\/\/ultramagic.com\/hot-air-balloons\/envelopes\/g-series\/#breadcrumb\"},\"inLanguage\":\"es\",\"potentialAction\":[{\"@type\":\"ReadAction\",\"target\":[\"https:\/\/ultramagic.com\/hot-air-balloons\/envelopes\/g-series\/\"]}]},{\"@type\":\"ImageObject\",\"inLanguage\":\"es\",\"@id\":\"https:\/\/ultramagic.com\/hot-air-balloons\/envelopes\/g-series\/#primaryimage\",\"url\":\"https:\/\/ultramagic.com\/wp-content\/uploads\/2016\/02\/held-g-90-e1455699432628.jpg\",\"contentUrl\":\"https:\/\/ultramagic.com\/wp-content\/uploads\/2016\/02\/held-g-90-e1455699432628.jpg\",\"width\":100,\"height\":120},{\"@type\":\"BreadcrumbList\",\"@id\":\"https:\/\/ultramagic.com\/hot-air-balloons\/envelopes\/g-series\/#breadcrumb\",\"itemListElement\":[{\"@type\":\"ListItem\",\"position\":1,\"name\":\"Home\",\"item\":\"https:\/\/ultramagic.com\/es\/\"},{\"@type\":\"ListItem\",\"position\":2,\"name\":\"Globos aerost\u00e1ticos\",\"item\":\"https:\/\/ultramagic.com\/hot-air-balloons\/\"},{\"@type\":\"ListItem\",\"position\":3,\"name\":\"Velas\",\"item\":\"https:\/\/ultramagic.com\/hot-air-balloons\/envelopes\/\"},{\"@type\":\"ListItem\",\"position\":4,\"name\":\"SERIE G\"}]},{\"@type\":\"WebSite\",\"@id\":\"https:\/\/ultramagic.com\/#website\",\"url\":\"https:\/\/ultramagic.com\/\",\"name\":\"Ultramagic\",\"description\":\"All about hot air balloon advertising industry and history.Hot air balloon photos and pictures. Enjoy the hot air balloon experience from your home.\",\"potentialAction\":[{\"@type\":\"SearchAction\",\"target\":{\"@type\":\"EntryPoint\",\"urlTemplate\":\"https:\/\/ultramagic.com\/?s={search_term_string}\"},\"query-input\":\"required name=search_term_string\"}],\"inLanguage\":\"es\"}]}<\/script>\n<!-- \/ Yoast SEO plugin. -->","yoast_head_json":{"title":"SERIE G - Ultramagic","robots":{"index":"index","follow":"follow","max-snippet":"max-snippet:-1","max-image-preview":"max-image-preview:large","max-video-preview":"max-video-preview:-1"},"canonical":"https:\/\/ultramagic.com\/hot-air-balloons\/envelopes\/g-series\/","og_locale":"es_ES","og_type":"article","og_title":"SERIE G - Ultramagic","og_description":"La vela cl\u00e1sica de forma bulbosa Una vela dise\u00f1ada para pilotos a los que les gusta la forma cl\u00e1sica de un globo m\u00e1s bulboso. Recreado a partir de un dise\u00f1o antiguo de los inicios de los globos aerost\u00e1ticos. Robusta pero a la vez ligera, la vela de la serie G tiene forma de l\u00e1grima con [&hellip;]","og_url":"https:\/\/ultramagic.com\/hot-air-balloons\/envelopes\/g-series\/","og_site_name":"Ultramagic","article_publisher":"http:\/\/www.facebook.com\/ultramagicballons","article_modified_time":"2016-06-03T16:05:55+00:00","og_image":[{"width":100,"height":120,"url":"https:\/\/ultramagic.com\/wp-content\/uploads\/2016\/02\/held-g-90-e1455699432628.jpg","type":"image\/jpeg"}],"twitter_card":"summary_large_image","twitter_site":"@umballoons","schema":{"@context":"https:\/\/schema.org","@graph":[{"@type":"WebPage","@id":"https:\/\/ultramagic.com\/hot-air-balloons\/envelopes\/g-series\/","url":"https:\/\/ultramagic.com\/hot-air-balloons\/envelopes\/g-series\/","name":"SERIE G - Ultramagic","isPartOf":{"@id":"https:\/\/ultramagic.com\/#website"},"primaryImageOfPage":{"@id":"https:\/\/ultramagic.com\/hot-air-balloons\/envelopes\/g-series\/#primaryimage"},"image":{"@id":"https:\/\/ultramagic.com\/hot-air-balloons\/envelopes\/g-series\/#primaryimage"},"thumbnailUrl":"https:\/\/ultramagic.com\/wp-content\/uploads\/2016\/02\/held-g-90-e1455699432628.jpg","datePublished":"2016-04-05T17:22:41+00:00","dateModified":"2016-06-03T16:05:55+00:00","breadcrumb":{"@id":"https:\/\/ultramagic.com\/hot-air-balloons\/envelopes\/g-series\/#breadcrumb"},"inLanguage":"es","potentialAction":[{"@type":"ReadAction","target":["https:\/\/ultramagic.com\/hot-air-balloons\/envelopes\/g-series\/"]}]},{"@type":"ImageObject","inLanguage":"es","@id":"https:\/\/ultramagic.com\/hot-air-balloons\/envelopes\/g-series\/#primaryimage","url":"https:\/\/ultramagic.com\/wp-content\/uploads\/2016\/02\/held-g-90-e1455699432628.jpg","contentUrl":"https:\/\/ultramagic.com\/wp-content\/uploads\/2016\/02\/held-g-90-e1455699432628.jpg","width":100,"height":120},{"@type":"BreadcrumbList","@id":"https:\/\/ultramagic.com\/hot-air-balloons\/envelopes\/g-series\/#breadcrumb","itemListElement":[{"@type":"ListItem","position":1,"name":"Home","item":"https:\/\/ultramagic.com\/es\/"},{"@type":"ListItem","position":2,"name":"Globos aerost\u00e1ticos","item":"https:\/\/ultramagic.com\/hot-air-balloons\/"},{"@type":"ListItem","position":3,"name":"Velas","item":"https:\/\/ultramagic.com\/hot-air-balloons\/envelopes\/"},{"@type":"ListItem","position":4,"name":"SERIE G"}]},{"@type":"WebSite","@id":"https:\/\/ultramagic.com\/#website","url":"https:\/\/ultramagic.com\/","name":"Ultramagic","description":"All about hot air balloon advertising industry and history.Hot air balloon photos and pictures. Enjoy the hot air balloon experience from your home.","potentialAction":[{"@type":"SearchAction","target":{"@type":"EntryPoint","urlTemplate":"https:\/\/ultramagic.com\/?s={search_term_string}"},"query-input":"required name=search_term_string"}],"inLanguage":"es"}]}},"_links":{"self":[{"href":"https:\/\/ultramagic.com\/es\/wp-json\/wp\/v2\/pages\/9658"}],"collection":[{"href":"https:\/\/ultramagic.com\/es\/wp-json\/wp\/v2\/pages"}],"about":[{"href":"https:\/\/ultramagic.com\/es\/wp-json\/wp\/v2\/types\/page"}],"author":[{"embeddable":true,"href":"https:\/\/ultramagic.com\/es\/wp-json\/wp\/v2\/users\/1"}],"replies":[{"embeddable":true,"href":"https:\/\/ultramagic.com\/es\/wp-json\/wp\/v2\/comments?post=9658"}],"version-history":[{"count":6,"href":"https:\/\/ultramagic.com\/es\/wp-json\/wp\/v2\/pages\/9658\/revisions"}],"predecessor-version":[{"id":10323,"href":"https:\/\/ultramagic.com\/es\/wp-json\/wp\/v2\/pages\/9658\/revisions\/10323"}],"up":[{"embeddable":true,"href":"https:\/\/ultramagic.com\/es\/wp-json\/wp\/v2\/pages\/9272"}],"wp:featuredmedia":[{"embeddable":true,"href":"https:\/\/ultramagic.com\/es\/wp-json\/wp\/v2\/media\/7436"}],"wp:attachment":[{"href":"https:\/\/ultramagic.com\/es\/wp-json\/wp\/v2\/media?parent=9658"}],"curies":[{"name":"wp","href":"https:\/\/api.w.org\/{rel}","templated":true}]}}