{"id":9656,"date":"2016-04-05T19:22:37","date_gmt":"2016-04-05T17:22:37","guid":{"rendered":"http:\/\/ultramagic.creagia.com\/es\/?page_id=9656"},"modified":"2016-04-11T12:15:46","modified_gmt":"2016-04-11T10:15:46","slug":"b-series","status":"publish","type":"page","link":"https:\/\/ultramagic.com\/es\/globos-aerostaticos\/velas\/b-series\/","title":{"rendered":"SERIE B"},"content":{"rendered":"<blockquote><p>La vela exploradora<\/p><\/blockquote>\n<p>Esta vela con una forma totalmente diferente fue producida inicialmente por un encargo especial. Fue dise\u00f1ada para ser muy ligera pero a la vez para que se viera delgada y suave. Lo que hace esta vela especialmente \u00fanica es el hecho de tener solamente 12 gajos sin que sean bulbosos.<\/p>\n<p>&nbsp;<\/p>\n<p>La serie B se ha popularizado a trav\u00e9s de pilotos que necesitan un paquete para la vela a\u00fan m\u00e1s especial, m\u00e1s ligera. Tambi\u00e9n una caracter\u00edstica es su facilidad para a\u00f1adir a la vela formas especiales. Esta vela tiene una gran flexibilidad, cosa que permite el dise\u00f1o de una forma especial mientras que sigue siendo extremadamente ligera y f\u00e1cil de volar.<\/p>\n<p>&nbsp;<\/p>\n<p>\u00a1La serie B \u2013 Explorando nuevos dise\u00f1os y operaciones sin l\u00edmite!<\/p>\n<p><a href=\"http:\/\/ultramagic.com\/wp-content\/uploads\/2016\/02\/Taula_B-series.jpg\" rel=\"attachment wp-att-10037\"><img loading=\"lazy\" decoding=\"async\" class=\"alignnone size-full wp-image-10037\" src=\"http:\/\/ultramagic.com\/wp-content\/uploads\/2016\/02\/Taula_B-series.jpg\" alt=\"Taula_B series\" width=\"1365\" height=\"156\" srcset=\"https:\/\/ultramagic.com\/wp-content\/uploads\/2016\/02\/Taula_B-series.jpg 1365w, https:\/\/ultramagic.com\/wp-content\/uploads\/2016\/02\/Taula_B-series-300x34.jpg 300w, https:\/\/ultramagic.com\/wp-content\/uploads\/2016\/02\/Taula_B-series-768x88.jpg 768w, https:\/\/ultramagic.com\/wp-content\/uploads\/2016\/02\/Taula_B-series-1024x117.jpg 1024w\" sizes=\"(max-width: 1365px) 100vw, 1365px\" \/><\/a><\/p>\n<p>&nbsp;<\/p>\n<div id='gallery-1' class='gallery galleryid-9656 gallery-columns-4 gallery-size-thumbnail'><dl class='gallery-item'>\n\t\t\t<dt class='gallery-icon landscape'>\n\t\t\t\t<a href='https:\/\/ultramagic.com\/wp-content\/uploads\/2016\/02\/1956v-Kevin-Graham-2.jpg'><img loading=\"lazy\" decoding=\"async\" width=\"150\" height=\"150\" src=\"https:\/\/ultramagic.com\/wp-content\/uploads\/2016\/02\/1956v-Kevin-Graham-2-150x150.jpg\" class=\"attachment-thumbnail size-thumbnail\" alt=\"\" \/><\/a>\n\t\t\t<\/dt><\/dl><dl class='gallery-item'>\n\t\t\t<dt class='gallery-icon landscape'>\n\t\t\t\t<a href='https:\/\/ultramagic.com\/wp-content\/uploads\/2016\/02\/1928v-Blaser-42-e1456734818120.jpg'><img loading=\"lazy\" decoding=\"async\" width=\"150\" height=\"150\" src=\"https:\/\/ultramagic.com\/wp-content\/uploads\/2016\/02\/1928v-Blaser-42-150x150.jpg\" class=\"attachment-thumbnail size-thumbnail\" alt=\"\" \/><\/a>\n\t\t\t<\/dt><\/dl>\n\t\t\t<br style='clear: both' \/>\n\t\t<\/div>\n\n<p>&nbsp;<\/p>\n","protected":false},"excerpt":{"rendered":"<p>La vela exploradora Esta vela con una forma totalmente diferente fue producida inicialmente por un encargo especial. Fue dise\u00f1ada para ser muy ligera pero a la vez para que se viera delgada y suave. Lo que hace esta vela especialmente \u00fanica es el hecho de tener solamente 12 gajos sin que sean bulbosos. &nbsp; La [&hellip;]<\/p>\n","protected":false},"author":1,"featured_media":8180,"parent":9272,"menu_order":0,"comment_status":"closed","ping_status":"open","template":"page-globus-fill.php","meta":{"ngg_post_thumbnail":0,"footnotes":""},"yoast_head":"<!-- This site is optimized with the Yoast SEO plugin v22.7 - https:\/\/yoast.com\/wordpress\/plugins\/seo\/ -->\n<title>SERIE B - Ultramagic<\/title>\n<meta name=\"robots\" content=\"index, follow, max-snippet:-1, max-image-preview:large, max-video-preview:-1\" \/>\n<link rel=\"canonical\" href=\"https:\/\/ultramagic.com\/hot-air-balloons\/envelopes\/b-series\/\" \/>\n<meta property=\"og:locale\" content=\"es_ES\" \/>\n<meta property=\"og:type\" content=\"article\" \/>\n<meta property=\"og:title\" content=\"SERIE B - Ultramagic\" \/>\n<meta property=\"og:description\" content=\"La vela exploradora Esta vela con una forma totalmente diferente fue producida inicialmente por un encargo especial. Fue dise\u00f1ada para ser muy ligera pero a la vez para que se viera delgada y suave. Lo que hace esta vela especialmente \u00fanica es el hecho de tener solamente 12 gajos sin que sean bulbosos. &nbsp; La [&hellip;]\" \/>\n<meta property=\"og:url\" content=\"https:\/\/ultramagic.com\/hot-air-balloons\/envelopes\/b-series\/\" \/>\n<meta property=\"og:site_name\" content=\"Ultramagic\" \/>\n<meta property=\"article:publisher\" content=\"http:\/\/www.facebook.com\/ultramagicballons\" \/>\n<meta property=\"article:modified_time\" content=\"2016-04-11T10:15:46+00:00\" \/>\n<meta property=\"og:image\" content=\"https:\/\/ultramagic.com\/wp-content\/uploads\/2015\/07\/1928v-Blaser-4.jpg\" \/>\n\t<meta property=\"og:image:width\" content=\"91\" \/>\n\t<meta property=\"og:image:height\" content=\"133\" \/>\n\t<meta property=\"og:image:type\" content=\"image\/jpeg\" \/>\n<meta name=\"twitter:card\" content=\"summary_large_image\" \/>\n<meta name=\"twitter:site\" content=\"@umballoons\" \/>\n<meta name=\"twitter:label1\" content=\"Tiempo de lectura\" \/>\n\t<meta name=\"twitter:data1\" content=\"1 minuto\" \/>\n<script type=\"application\/ld+json\" class=\"yoast-schema-graph\">{\"@context\":\"https:\/\/schema.org\",\"@graph\":[{\"@type\":\"WebPage\",\"@id\":\"https:\/\/ultramagic.com\/hot-air-balloons\/envelopes\/b-series\/\",\"url\":\"https:\/\/ultramagic.com\/hot-air-balloons\/envelopes\/b-series\/\",\"name\":\"SERIE B - Ultramagic\",\"isPartOf\":{\"@id\":\"https:\/\/ultramagic.com\/#website\"},\"primaryImageOfPage\":{\"@id\":\"https:\/\/ultramagic.com\/hot-air-balloons\/envelopes\/b-series\/#primaryimage\"},\"image\":{\"@id\":\"https:\/\/ultramagic.com\/hot-air-balloons\/envelopes\/b-series\/#primaryimage\"},\"thumbnailUrl\":\"https:\/\/ultramagic.com\/wp-content\/uploads\/2015\/07\/1928v-Blaser-4.jpg\",\"datePublished\":\"2016-04-05T17:22:37+00:00\",\"dateModified\":\"2016-04-11T10:15:46+00:00\",\"breadcrumb\":{\"@id\":\"https:\/\/ultramagic.com\/hot-air-balloons\/envelopes\/b-series\/#breadcrumb\"},\"inLanguage\":\"es\",\"potentialAction\":[{\"@type\":\"ReadAction\",\"target\":[\"https:\/\/ultramagic.com\/hot-air-balloons\/envelopes\/b-series\/\"]}]},{\"@type\":\"ImageObject\",\"inLanguage\":\"es\",\"@id\":\"https:\/\/ultramagic.com\/hot-air-balloons\/envelopes\/b-series\/#primaryimage\",\"url\":\"https:\/\/ultramagic.com\/wp-content\/uploads\/2015\/07\/1928v-Blaser-4.jpg\",\"contentUrl\":\"https:\/\/ultramagic.com\/wp-content\/uploads\/2015\/07\/1928v-Blaser-4.jpg\",\"width\":91,\"height\":133},{\"@type\":\"BreadcrumbList\",\"@id\":\"https:\/\/ultramagic.com\/hot-air-balloons\/envelopes\/b-series\/#breadcrumb\",\"itemListElement\":[{\"@type\":\"ListItem\",\"position\":1,\"name\":\"Home\",\"item\":\"https:\/\/ultramagic.com\/es\/\"},{\"@type\":\"ListItem\",\"position\":2,\"name\":\"Globos aerost\u00e1ticos\",\"item\":\"https:\/\/ultramagic.com\/hot-air-balloons\/\"},{\"@type\":\"ListItem\",\"position\":3,\"name\":\"Velas\",\"item\":\"https:\/\/ultramagic.com\/hot-air-balloons\/envelopes\/\"},{\"@type\":\"ListItem\",\"position\":4,\"name\":\"SERIE B\"}]},{\"@type\":\"WebSite\",\"@id\":\"https:\/\/ultramagic.com\/#website\",\"url\":\"https:\/\/ultramagic.com\/\",\"name\":\"Ultramagic\",\"description\":\"All about hot air balloon advertising industry and history.Hot air balloon photos and pictures. Enjoy the hot air balloon experience from your home.\",\"potentialAction\":[{\"@type\":\"SearchAction\",\"target\":{\"@type\":\"EntryPoint\",\"urlTemplate\":\"https:\/\/ultramagic.com\/?s={search_term_string}\"},\"query-input\":\"required name=search_term_string\"}],\"inLanguage\":\"es\"}]}<\/script>\n<!-- \/ Yoast SEO plugin. -->","yoast_head_json":{"title":"SERIE B - Ultramagic","robots":{"index":"index","follow":"follow","max-snippet":"max-snippet:-1","max-image-preview":"max-image-preview:large","max-video-preview":"max-video-preview:-1"},"canonical":"https:\/\/ultramagic.com\/hot-air-balloons\/envelopes\/b-series\/","og_locale":"es_ES","og_type":"article","og_title":"SERIE B - Ultramagic","og_description":"La vela exploradora Esta vela con una forma totalmente diferente fue producida inicialmente por un encargo especial. Fue dise\u00f1ada para ser muy ligera pero a la vez para que se viera delgada y suave. Lo que hace esta vela especialmente \u00fanica es el hecho de tener solamente 12 gajos sin que sean bulbosos. &nbsp; La [&hellip;]","og_url":"https:\/\/ultramagic.com\/hot-air-balloons\/envelopes\/b-series\/","og_site_name":"Ultramagic","article_publisher":"http:\/\/www.facebook.com\/ultramagicballons","article_modified_time":"2016-04-11T10:15:46+00:00","og_image":[{"width":91,"height":133,"url":"https:\/\/ultramagic.com\/wp-content\/uploads\/2015\/07\/1928v-Blaser-4.jpg","type":"image\/jpeg"}],"twitter_card":"summary_large_image","twitter_site":"@umballoons","twitter_misc":{"Tiempo de lectura":"1 minuto"},"schema":{"@context":"https:\/\/schema.org","@graph":[{"@type":"WebPage","@id":"https:\/\/ultramagic.com\/hot-air-balloons\/envelopes\/b-series\/","url":"https:\/\/ultramagic.com\/hot-air-balloons\/envelopes\/b-series\/","name":"SERIE B - Ultramagic","isPartOf":{"@id":"https:\/\/ultramagic.com\/#website"},"primaryImageOfPage":{"@id":"https:\/\/ultramagic.com\/hot-air-balloons\/envelopes\/b-series\/#primaryimage"},"image":{"@id":"https:\/\/ultramagic.com\/hot-air-balloons\/envelopes\/b-series\/#primaryimage"},"thumbnailUrl":"https:\/\/ultramagic.com\/wp-content\/uploads\/2015\/07\/1928v-Blaser-4.jpg","datePublished":"2016-04-05T17:22:37+00:00","dateModified":"2016-04-11T10:15:46+00:00","breadcrumb":{"@id":"https:\/\/ultramagic.com\/hot-air-balloons\/envelopes\/b-series\/#breadcrumb"},"inLanguage":"es","potentialAction":[{"@type":"ReadAction","target":["https:\/\/ultramagic.com\/hot-air-balloons\/envelopes\/b-series\/"]}]},{"@type":"ImageObject","inLanguage":"es","@id":"https:\/\/ultramagic.com\/hot-air-balloons\/envelopes\/b-series\/#primaryimage","url":"https:\/\/ultramagic.com\/wp-content\/uploads\/2015\/07\/1928v-Blaser-4.jpg","contentUrl":"https:\/\/ultramagic.com\/wp-content\/uploads\/2015\/07\/1928v-Blaser-4.jpg","width":91,"height":133},{"@type":"BreadcrumbList","@id":"https:\/\/ultramagic.com\/hot-air-balloons\/envelopes\/b-series\/#breadcrumb","itemListElement":[{"@type":"ListItem","position":1,"name":"Home","item":"https:\/\/ultramagic.com\/es\/"},{"@type":"ListItem","position":2,"name":"Globos aerost\u00e1ticos","item":"https:\/\/ultramagic.com\/hot-air-balloons\/"},{"@type":"ListItem","position":3,"name":"Velas","item":"https:\/\/ultramagic.com\/hot-air-balloons\/envelopes\/"},{"@type":"ListItem","position":4,"name":"SERIE B"}]},{"@type":"WebSite","@id":"https:\/\/ultramagic.com\/#website","url":"https:\/\/ultramagic.com\/","name":"Ultramagic","description":"All about hot air balloon advertising industry and history.Hot air balloon photos and pictures. Enjoy the hot air balloon experience from your home.","potentialAction":[{"@type":"SearchAction","target":{"@type":"EntryPoint","urlTemplate":"https:\/\/ultramagic.com\/?s={search_term_string}"},"query-input":"required name=search_term_string"}],"inLanguage":"es"}]}},"_links":{"self":[{"href":"https:\/\/ultramagic.com\/es\/wp-json\/wp\/v2\/pages\/9656"}],"collection":[{"href":"https:\/\/ultramagic.com\/es\/wp-json\/wp\/v2\/pages"}],"about":[{"href":"https:\/\/ultramagic.com\/es\/wp-json\/wp\/v2\/types\/page"}],"author":[{"embeddable":true,"href":"https:\/\/ultramagic.com\/es\/wp-json\/wp\/v2\/users\/1"}],"replies":[{"embeddable":true,"href":"https:\/\/ultramagic.com\/es\/wp-json\/wp\/v2\/comments?post=9656"}],"version-history":[{"count":4,"href":"https:\/\/ultramagic.com\/es\/wp-json\/wp\/v2\/pages\/9656\/revisions"}],"predecessor-version":[{"id":10060,"href":"https:\/\/ultramagic.com\/es\/wp-json\/wp\/v2\/pages\/9656\/revisions\/10060"}],"up":[{"embeddable":true,"href":"https:\/\/ultramagic.com\/es\/wp-json\/wp\/v2\/pages\/9272"}],"wp:featuredmedia":[{"embeddable":true,"href":"https:\/\/ultramagic.com\/es\/wp-json\/wp\/v2\/media\/8180"}],"wp:attachment":[{"href":"https:\/\/ultramagic.com\/es\/wp-json\/wp\/v2\/media?parent=9656"}],"curies":[{"name":"wp","href":"https:\/\/api.w.org\/{rel}","templated":true}]}}