{"id":9645,"date":"2016-04-05T19:21:22","date_gmt":"2016-04-05T17:21:22","guid":{"rendered":"http:\/\/ultramagic.creagia.com\/es\/?page_id=9645"},"modified":"2016-11-09T15:37:50","modified_gmt":"2016-11-09T14:37:50","slug":"sports-baskets","status":"publish","type":"page","link":"https:\/\/ultramagic.com\/es\/globos-aerostaticos\/barquillas\/sports-baskets\/","title":{"rendered":"Barquillas de deporte"},"content":{"rendered":"<blockquote><p><strong>Estructura r\u00edgida, calidad de aviaci\u00f3n, fabricado\u00a0completamente en casa<\/strong>.<\/p><\/blockquote>\n<p>Excelente calidad en la construcci\u00f3n y estructura r\u00edgida.<\/p>\n<p>\u2022 Distintivo m\u00e9todo de entrelazado hecho a mano en Ultramagic.<a href=\"http:\/\/ultramagic.com\/wp-content\/uploads\/2016\/02\/DSC_0860.jpg\" rel=\"attachment wp-att-9356\"><img loading=\"lazy\" decoding=\"async\" class=\"alignright wp-image-9356 size-medium\" src=\"http:\/\/ultramagic.com\/wp-content\/uploads\/2016\/02\/DSC_0860-199x300.jpg\" alt=\"DSC_0860\" width=\"199\" height=\"300\" srcset=\"https:\/\/ultramagic.com\/wp-content\/uploads\/2016\/02\/DSC_0860-199x300.jpg 199w, https:\/\/ultramagic.com\/wp-content\/uploads\/2016\/02\/DSC_0860-768x1156.jpg 768w, https:\/\/ultramagic.com\/wp-content\/uploads\/2016\/02\/DSC_0860-680x1024.jpg 680w\" sizes=\"(max-width: 199px) 100vw, 199px\" \/><\/a><\/p>\n<p>\u2022 Al hacerlo todo en casa tenemos la posibilidad de escoger materiales de mayor calidad.<\/p>\n<p>\u2022 Suelos escandinavos altamente resistentes y de alta dureza.<\/p>\n<p>\u2022 Vigas de madera.<\/p>\n<p>\u2022 Todas las barquillas convencionales disponen de 2 sujeciones de acero en cada esquina.<\/p>\n<p>\u2022 Todas las barquillas convencionales disponen de 2 sujeciones de acero en cada esquina.<\/p>\n<p>\u2022 La parte superior est\u00e1 acabada con una selecci\u00f3n de cuero o serraje, cuyo grosor natural sirve de protecci\u00f3n para el interior.<\/p>\n<p>\u2022 Llenas de agujeros para poder subir f\u00e1cilmente a la barquilla.<\/p>\n<p>\u2022 Todas vienen equipadas con una bolsa para extintores, equipamiento de primeros auxilios y documentos del globo. Tenemos disponible una de la m\u00e1s amplia gama de tama\u00f1os y tipos de cestas del mercado. Sean cuales sean sus requisitos, Ultramagic puede crear y suministrar exactamente lo que necesite. Nuestras barquillas abiertas son ideales para globos de publicidad y deportivos.<\/p>\n<p>&nbsp;<\/p>\n<p>&nbsp;<\/p>\n<p>&nbsp;<\/p>\n","protected":false},"excerpt":{"rendered":"<p>Estructura r\u00edgida, calidad de aviaci\u00f3n, fabricado\u00a0completamente en casa. Excelente calidad en la construcci\u00f3n y estructura r\u00edgida. \u2022 Distintivo m\u00e9todo de entrelazado hecho a mano en Ultramagic. \u2022 Al hacerlo todo en casa tenemos la posibilidad de escoger materiales de mayor calidad. \u2022 Suelos escandinavos altamente resistentes y de alta dureza. \u2022 Vigas de madera. \u2022 [&hellip;]<\/p>\n","protected":false},"author":1,"featured_media":9357,"parent":9578,"menu_order":0,"comment_status":"closed","ping_status":"closed","template":"page-globus-fill.php","meta":{"ngg_post_thumbnail":0,"footnotes":""},"yoast_head":"<!-- This site is optimized with the Yoast SEO plugin v22.7 - https:\/\/yoast.com\/wordpress\/plugins\/seo\/ -->\n<title>Barquillas de deporte - Ultramagic<\/title>\n<meta name=\"robots\" content=\"index, follow, max-snippet:-1, max-image-preview:large, max-video-preview:-1\" \/>\n<link rel=\"canonical\" href=\"https:\/\/ultramagic.com\/es\/globos-aerostaticos\/barquillas\/sports-baskets\/\" \/>\n<meta property=\"og:locale\" content=\"es_ES\" \/>\n<meta property=\"og:type\" content=\"article\" \/>\n<meta property=\"og:title\" content=\"Barquillas de deporte - Ultramagic\" \/>\n<meta property=\"og:description\" content=\"Estructura r\u00edgida, calidad de aviaci\u00f3n, fabricado\u00a0completamente en casa. Excelente calidad en la construcci\u00f3n y estructura r\u00edgida. \u2022 Distintivo m\u00e9todo de entrelazado hecho a mano en Ultramagic. \u2022 Al hacerlo todo en casa tenemos la posibilidad de escoger materiales de mayor calidad. \u2022 Suelos escandinavos altamente resistentes y de alta dureza. \u2022 Vigas de madera. \u2022 [&hellip;]\" \/>\n<meta property=\"og:url\" content=\"https:\/\/ultramagic.com\/es\/globos-aerostaticos\/barquillas\/sports-baskets\/\" \/>\n<meta property=\"og:site_name\" content=\"Ultramagic\" \/>\n<meta property=\"article:publisher\" content=\"http:\/\/www.facebook.com\/ultramagicballons\" \/>\n<meta property=\"article:modified_time\" content=\"2016-11-09T14:37:50+00:00\" \/>\n<meta property=\"og:image\" content=\"https:\/\/ultramagic.com\/wp-content\/uploads\/2016\/02\/DSC_0860.jpg\" \/>\n\t<meta property=\"og:image:width\" content=\"2848\" \/>\n\t<meta property=\"og:image:height\" content=\"4288\" \/>\n\t<meta property=\"og:image:type\" content=\"image\/jpeg\" \/>\n<meta name=\"twitter:card\" content=\"summary_large_image\" \/>\n<meta name=\"twitter:site\" content=\"@umballoons\" \/>\n<meta name=\"twitter:label1\" content=\"Tiempo de lectura\" \/>\n\t<meta name=\"twitter:data1\" content=\"1 minuto\" \/>\n<script type=\"application\/ld+json\" class=\"yoast-schema-graph\">{\"@context\":\"https:\/\/schema.org\",\"@graph\":[{\"@type\":\"WebPage\",\"@id\":\"https:\/\/ultramagic.com\/es\/globos-aerostaticos\/barquillas\/sports-baskets\/\",\"url\":\"https:\/\/ultramagic.com\/es\/globos-aerostaticos\/barquillas\/sports-baskets\/\",\"name\":\"Barquillas de deporte - Ultramagic\",\"isPartOf\":{\"@id\":\"https:\/\/ultramagic.com\/#website\"},\"primaryImageOfPage\":{\"@id\":\"https:\/\/ultramagic.com\/es\/globos-aerostaticos\/barquillas\/sports-baskets\/#primaryimage\"},\"image\":{\"@id\":\"https:\/\/ultramagic.com\/es\/globos-aerostaticos\/barquillas\/sports-baskets\/#primaryimage\"},\"thumbnailUrl\":\"https:\/\/ultramagic.com\/wp-content\/uploads\/2016\/02\/DSC_0860.jpg\",\"datePublished\":\"2016-04-05T17:21:22+00:00\",\"dateModified\":\"2016-11-09T14:37:50+00:00\",\"breadcrumb\":{\"@id\":\"https:\/\/ultramagic.com\/es\/globos-aerostaticos\/barquillas\/sports-baskets\/#breadcrumb\"},\"inLanguage\":\"es\",\"potentialAction\":[{\"@type\":\"ReadAction\",\"target\":[\"https:\/\/ultramagic.com\/es\/globos-aerostaticos\/barquillas\/sports-baskets\/\"]}]},{\"@type\":\"ImageObject\",\"inLanguage\":\"es\",\"@id\":\"https:\/\/ultramagic.com\/es\/globos-aerostaticos\/barquillas\/sports-baskets\/#primaryimage\",\"url\":\"https:\/\/ultramagic.com\/wp-content\/uploads\/2016\/02\/DSC_0860.jpg\",\"contentUrl\":\"https:\/\/ultramagic.com\/wp-content\/uploads\/2016\/02\/DSC_0860.jpg\",\"width\":2848,\"height\":4288},{\"@type\":\"BreadcrumbList\",\"@id\":\"https:\/\/ultramagic.com\/es\/globos-aerostaticos\/barquillas\/sports-baskets\/#breadcrumb\",\"itemListElement\":[{\"@type\":\"ListItem\",\"position\":1,\"name\":\"Home\",\"item\":\"https:\/\/ultramagic.com\/es\/\"},{\"@type\":\"ListItem\",\"position\":2,\"name\":\"Globos aerost\u00e1ticos\",\"item\":\"https:\/\/ultramagic.com\/hot-air-balloons\/\"},{\"@type\":\"ListItem\",\"position\":3,\"name\":\"Barquillas\",\"item\":\"https:\/\/ultramagic.com\/hot-air-balloons\/baskets\/\"},{\"@type\":\"ListItem\",\"position\":4,\"name\":\"Barquillas de deporte\"}]},{\"@type\":\"WebSite\",\"@id\":\"https:\/\/ultramagic.com\/#website\",\"url\":\"https:\/\/ultramagic.com\/\",\"name\":\"Ultramagic\",\"description\":\"All about hot air balloon advertising industry and history.Hot air balloon photos and pictures. Enjoy the hot air balloon experience from your home.\",\"potentialAction\":[{\"@type\":\"SearchAction\",\"target\":{\"@type\":\"EntryPoint\",\"urlTemplate\":\"https:\/\/ultramagic.com\/?s={search_term_string}\"},\"query-input\":\"required name=search_term_string\"}],\"inLanguage\":\"es\"}]}<\/script>\n<!-- \/ Yoast SEO plugin. -->","yoast_head_json":{"title":"Barquillas de deporte - Ultramagic","robots":{"index":"index","follow":"follow","max-snippet":"max-snippet:-1","max-image-preview":"max-image-preview:large","max-video-preview":"max-video-preview:-1"},"canonical":"https:\/\/ultramagic.com\/es\/globos-aerostaticos\/barquillas\/sports-baskets\/","og_locale":"es_ES","og_type":"article","og_title":"Barquillas de deporte - Ultramagic","og_description":"Estructura r\u00edgida, calidad de aviaci\u00f3n, fabricado\u00a0completamente en casa. Excelente calidad en la construcci\u00f3n y estructura r\u00edgida. \u2022 Distintivo m\u00e9todo de entrelazado hecho a mano en Ultramagic. \u2022 Al hacerlo todo en casa tenemos la posibilidad de escoger materiales de mayor calidad. \u2022 Suelos escandinavos altamente resistentes y de alta dureza. \u2022 Vigas de madera. \u2022 [&hellip;]","og_url":"https:\/\/ultramagic.com\/es\/globos-aerostaticos\/barquillas\/sports-baskets\/","og_site_name":"Ultramagic","article_publisher":"http:\/\/www.facebook.com\/ultramagicballons","article_modified_time":"2016-11-09T14:37:50+00:00","og_image":[{"width":2848,"height":4288,"url":"https:\/\/ultramagic.com\/wp-content\/uploads\/2016\/02\/DSC_0860.jpg","type":"image\/jpeg"}],"twitter_card":"summary_large_image","twitter_site":"@umballoons","twitter_misc":{"Tiempo de lectura":"1 minuto"},"schema":{"@context":"https:\/\/schema.org","@graph":[{"@type":"WebPage","@id":"https:\/\/ultramagic.com\/es\/globos-aerostaticos\/barquillas\/sports-baskets\/","url":"https:\/\/ultramagic.com\/es\/globos-aerostaticos\/barquillas\/sports-baskets\/","name":"Barquillas de deporte - Ultramagic","isPartOf":{"@id":"https:\/\/ultramagic.com\/#website"},"primaryImageOfPage":{"@id":"https:\/\/ultramagic.com\/es\/globos-aerostaticos\/barquillas\/sports-baskets\/#primaryimage"},"image":{"@id":"https:\/\/ultramagic.com\/es\/globos-aerostaticos\/barquillas\/sports-baskets\/#primaryimage"},"thumbnailUrl":"https:\/\/ultramagic.com\/wp-content\/uploads\/2016\/02\/DSC_0860.jpg","datePublished":"2016-04-05T17:21:22+00:00","dateModified":"2016-11-09T14:37:50+00:00","breadcrumb":{"@id":"https:\/\/ultramagic.com\/es\/globos-aerostaticos\/barquillas\/sports-baskets\/#breadcrumb"},"inLanguage":"es","potentialAction":[{"@type":"ReadAction","target":["https:\/\/ultramagic.com\/es\/globos-aerostaticos\/barquillas\/sports-baskets\/"]}]},{"@type":"ImageObject","inLanguage":"es","@id":"https:\/\/ultramagic.com\/es\/globos-aerostaticos\/barquillas\/sports-baskets\/#primaryimage","url":"https:\/\/ultramagic.com\/wp-content\/uploads\/2016\/02\/DSC_0860.jpg","contentUrl":"https:\/\/ultramagic.com\/wp-content\/uploads\/2016\/02\/DSC_0860.jpg","width":2848,"height":4288},{"@type":"BreadcrumbList","@id":"https:\/\/ultramagic.com\/es\/globos-aerostaticos\/barquillas\/sports-baskets\/#breadcrumb","itemListElement":[{"@type":"ListItem","position":1,"name":"Home","item":"https:\/\/ultramagic.com\/es\/"},{"@type":"ListItem","position":2,"name":"Globos aerost\u00e1ticos","item":"https:\/\/ultramagic.com\/hot-air-balloons\/"},{"@type":"ListItem","position":3,"name":"Barquillas","item":"https:\/\/ultramagic.com\/hot-air-balloons\/baskets\/"},{"@type":"ListItem","position":4,"name":"Barquillas de deporte"}]},{"@type":"WebSite","@id":"https:\/\/ultramagic.com\/#website","url":"https:\/\/ultramagic.com\/","name":"Ultramagic","description":"All about hot air balloon advertising industry and history.Hot air balloon photos and pictures. Enjoy the hot air balloon experience from your home.","potentialAction":[{"@type":"SearchAction","target":{"@type":"EntryPoint","urlTemplate":"https:\/\/ultramagic.com\/?s={search_term_string}"},"query-input":"required name=search_term_string"}],"inLanguage":"es"}]}},"_links":{"self":[{"href":"https:\/\/ultramagic.com\/es\/wp-json\/wp\/v2\/pages\/9645"}],"collection":[{"href":"https:\/\/ultramagic.com\/es\/wp-json\/wp\/v2\/pages"}],"about":[{"href":"https:\/\/ultramagic.com\/es\/wp-json\/wp\/v2\/types\/page"}],"author":[{"embeddable":true,"href":"https:\/\/ultramagic.com\/es\/wp-json\/wp\/v2\/users\/1"}],"replies":[{"embeddable":true,"href":"https:\/\/ultramagic.com\/es\/wp-json\/wp\/v2\/comments?post=9645"}],"version-history":[{"count":6,"href":"https:\/\/ultramagic.com\/es\/wp-json\/wp\/v2\/pages\/9645\/revisions"}],"predecessor-version":[{"id":10924,"href":"https:\/\/ultramagic.com\/es\/wp-json\/wp\/v2\/pages\/9645\/revisions\/10924"}],"up":[{"embeddable":true,"href":"https:\/\/ultramagic.com\/es\/wp-json\/wp\/v2\/pages\/9578"}],"wp:featuredmedia":[{"embeddable":true,"href":"https:\/\/ultramagic.com\/es\/wp-json\/wp\/v2\/media\/9357"}],"wp:attachment":[{"href":"https:\/\/ultramagic.com\/es\/wp-json\/wp\/v2\/media?parent=9645"}],"curies":[{"name":"wp","href":"https:\/\/api.w.org\/{rel}","templated":true}]}}