{"id":9602,"date":"2016-04-05T18:09:17","date_gmt":"2016-04-05T16:09:17","guid":{"rendered":"http:\/\/ultramagic.creagia.com\/es\/?page_id=9602"},"modified":"2019-09-06T08:31:11","modified_gmt":"2019-09-06T06:31:11","slug":"carpas-axion-line","status":"publish","type":"page","link":"https:\/\/ultramagic.com\/es\/hinchables\/carpas-axion-line\/","title":{"rendered":"Carpas Axion Line"},"content":{"rendered":"<p style=\"text-align: justify;\">Ultramagic es distribuidor de la gama completa de productos de la marca ZEPELIN para Espa\u00f1a y Portugal.<\/p>\n<p>&nbsp;<\/p>\n<p>Zepelin, que es el representante de Ultramagic para Eslovaquia, es una empresa altamente especializada en la fabricaci\u00f3n de estructuras hinchables estancas. Entre una extensa gama de productos, destaca la l\u00ednea Axion de carpas neum\u00e1ticas y mobiliario hinchable<span class=\"text_exposed_show\">(<a href=\"http:\/\/www.axion4event.com\/\" target=\"_blank\" rel=\"nofollow noopener\">http:\/\/www.axion4event.com<\/a>), las carpas Axion son carpas hinchables estancas de diferentes tama\u00f1os y modelos, que ofrecen un alto rendimiento y gran facilidad de uso.<\/span><\/p>\n<p>&nbsp;<\/p>\n<div class=\"text_exposed_show\">\n<p>Esta colaboraci\u00f3n, junto con la producci\u00f3n propia de hinchables de aire continuo, fabricados en nuestras instalaciones bajo la marca Airismagic, nos permite poder ofrecer una mayor gama de productos a nuestros clientes y distribuidores.<\/p>\n<p>&nbsp;<\/p>\n<\/div>\n<div id='gallery-1' class='gallery galleryid-9602 gallery-columns-3 gallery-size-medium'><dl class='gallery-item'>\n\t\t\t<dt class='gallery-icon landscape'>\n\t\t\t\t<a href='https:\/\/ultramagic.com\/wp-content\/uploads\/2016\/03\/Free-Shelter-4x4-CARRE-BLANC-3.jpg'><img loading=\"lazy\" decoding=\"async\" width=\"300\" height=\"225\" src=\"https:\/\/ultramagic.com\/wp-content\/uploads\/2016\/03\/Free-Shelter-4x4-CARRE-BLANC-3-300x225.jpg\" class=\"attachment-medium size-medium\" alt=\"\" srcset=\"https:\/\/ultramagic.com\/wp-content\/uploads\/2016\/03\/Free-Shelter-4x4-CARRE-BLANC-3-300x225.jpg 300w, https:\/\/ultramagic.com\/wp-content\/uploads\/2016\/03\/Free-Shelter-4x4-CARRE-BLANC-3-768x576.jpg 768w, https:\/\/ultramagic.com\/wp-content\/uploads\/2016\/03\/Free-Shelter-4x4-CARRE-BLANC-3.jpg 800w\" sizes=\"(max-width: 300px) 100vw, 300px\" \/><\/a>\n\t\t\t<\/dt><\/dl><dl class='gallery-item'>\n\t\t\t<dt class='gallery-icon landscape'>\n\t\t\t\t<a href='https:\/\/ultramagic.com\/wp-content\/uploads\/2016\/03\/DSCN2529.jpg'><img loading=\"lazy\" decoding=\"async\" width=\"300\" height=\"225\" src=\"https:\/\/ultramagic.com\/wp-content\/uploads\/2016\/03\/DSCN2529-300x225.jpg\" class=\"attachment-medium size-medium\" alt=\"\" srcset=\"https:\/\/ultramagic.com\/wp-content\/uploads\/2016\/03\/DSCN2529-300x225.jpg 300w, https:\/\/ultramagic.com\/wp-content\/uploads\/2016\/03\/DSCN2529-768x576.jpg 768w, https:\/\/ultramagic.com\/wp-content\/uploads\/2016\/03\/DSCN2529.jpg 800w\" sizes=\"(max-width: 300px) 100vw, 300px\" \/><\/a>\n\t\t\t<\/dt><\/dl><dl class='gallery-item'>\n\t\t\t<dt class='gallery-icon landscape'>\n\t\t\t\t<a href='https:\/\/ultramagic.com\/wp-content\/uploads\/2016\/03\/AXL66SQ-Michelin.jpg'><img loading=\"lazy\" decoding=\"async\" width=\"300\" height=\"225\" src=\"https:\/\/ultramagic.com\/wp-content\/uploads\/2016\/03\/AXL66SQ-Michelin-300x225.jpg\" class=\"attachment-medium size-medium\" alt=\"\" srcset=\"https:\/\/ultramagic.com\/wp-content\/uploads\/2016\/03\/AXL66SQ-Michelin-300x225.jpg 300w, https:\/\/ultramagic.com\/wp-content\/uploads\/2016\/03\/AXL66SQ-Michelin-768x576.jpg 768w, https:\/\/ultramagic.com\/wp-content\/uploads\/2016\/03\/AXL66SQ-Michelin.jpg 800w\" sizes=\"(max-width: 300px) 100vw, 300px\" \/><\/a>\n\t\t\t<\/dt><\/dl><br style=\"clear: both\" \/><dl class='gallery-item'>\n\t\t\t<dt class='gallery-icon landscape'>\n\t\t\t\t<a href='https:\/\/ultramagic.com\/wp-content\/uploads\/2016\/03\/AXL66SQ-GoPro2.jpg'><img loading=\"lazy\" decoding=\"async\" width=\"300\" height=\"225\" src=\"https:\/\/ultramagic.com\/wp-content\/uploads\/2016\/03\/AXL66SQ-GoPro2-300x225.jpg\" class=\"attachment-medium size-medium\" alt=\"\" srcset=\"https:\/\/ultramagic.com\/wp-content\/uploads\/2016\/03\/AXL66SQ-GoPro2-300x225.jpg 300w, https:\/\/ultramagic.com\/wp-content\/uploads\/2016\/03\/AXL66SQ-GoPro2-768x576.jpg 768w, https:\/\/ultramagic.com\/wp-content\/uploads\/2016\/03\/AXL66SQ-GoPro2.jpg 800w\" sizes=\"(max-width: 300px) 100vw, 300px\" \/><\/a>\n\t\t\t<\/dt><\/dl><dl class='gallery-item'>\n\t\t\t<dt class='gallery-icon landscape'>\n\t\t\t\t<a href='https:\/\/ultramagic.com\/wp-content\/uploads\/2016\/03\/AXL66-Granola-1.jpg'><img loading=\"lazy\" decoding=\"async\" width=\"300\" height=\"224\" src=\"https:\/\/ultramagic.com\/wp-content\/uploads\/2016\/03\/AXL66-Granola-1-300x224.jpg\" class=\"attachment-medium size-medium\" alt=\"\" srcset=\"https:\/\/ultramagic.com\/wp-content\/uploads\/2016\/03\/AXL66-Granola-1-300x224.jpg 300w, https:\/\/ultramagic.com\/wp-content\/uploads\/2016\/03\/AXL66-Granola-1-768x574.jpg 768w, https:\/\/ultramagic.com\/wp-content\/uploads\/2016\/03\/AXL66-Granola-1.jpg 800w\" sizes=\"(max-width: 300px) 100vw, 300px\" \/><\/a>\n\t\t\t<\/dt><\/dl><dl class='gallery-item'>\n\t\t\t<dt class='gallery-icon landscape'>\n\t\t\t\t<a href='https:\/\/ultramagic.com\/wp-content\/uploads\/2016\/03\/AXL44SQ-VW.jpg'><img loading=\"lazy\" decoding=\"async\" width=\"300\" height=\"225\" src=\"https:\/\/ultramagic.com\/wp-content\/uploads\/2016\/03\/AXL44SQ-VW-300x225.jpg\" class=\"attachment-medium size-medium\" alt=\"\" srcset=\"https:\/\/ultramagic.com\/wp-content\/uploads\/2016\/03\/AXL44SQ-VW-300x225.jpg 300w, https:\/\/ultramagic.com\/wp-content\/uploads\/2016\/03\/AXL44SQ-VW-768x576.jpg 768w, https:\/\/ultramagic.com\/wp-content\/uploads\/2016\/03\/AXL44SQ-VW.jpg 800w\" sizes=\"(max-width: 300px) 100vw, 300px\" \/><\/a>\n\t\t\t<\/dt><\/dl><br style=\"clear: both\" \/><dl class='gallery-item'>\n\t\t\t<dt class='gallery-icon landscape'>\n\t\t\t\t<a href='https:\/\/ultramagic.com\/wp-content\/uploads\/2016\/03\/AXL44-St-Etiene.jpg'><img loading=\"lazy\" decoding=\"async\" width=\"300\" height=\"224\" src=\"https:\/\/ultramagic.com\/wp-content\/uploads\/2016\/03\/AXL44-St-Etiene-300x224.jpg\" class=\"attachment-medium size-medium\" alt=\"\" srcset=\"https:\/\/ultramagic.com\/wp-content\/uploads\/2016\/03\/AXL44-St-Etiene-300x224.jpg 300w, https:\/\/ultramagic.com\/wp-content\/uploads\/2016\/03\/AXL44-St-Etiene-768x574.jpg 768w, https:\/\/ultramagic.com\/wp-content\/uploads\/2016\/03\/AXL44-St-Etiene.jpg 800w\" sizes=\"(max-width: 300px) 100vw, 300px\" \/><\/a>\n\t\t\t<\/dt><\/dl><dl class='gallery-item'>\n\t\t\t<dt class='gallery-icon landscape'>\n\t\t\t\t<a href='https:\/\/ultramagic.com\/wp-content\/uploads\/2016\/03\/AXL44-SQ-eko100.jpg'><img loading=\"lazy\" decoding=\"async\" width=\"300\" height=\"225\" src=\"https:\/\/ultramagic.com\/wp-content\/uploads\/2016\/03\/AXL44-SQ-eko100-300x225.jpg\" class=\"attachment-medium size-medium\" alt=\"\" srcset=\"https:\/\/ultramagic.com\/wp-content\/uploads\/2016\/03\/AXL44-SQ-eko100-300x225.jpg 300w, https:\/\/ultramagic.com\/wp-content\/uploads\/2016\/03\/AXL44-SQ-eko100-768x576.jpg 768w, https:\/\/ultramagic.com\/wp-content\/uploads\/2016\/03\/AXL44-SQ-eko100.jpg 800w\" sizes=\"(max-width: 300px) 100vw, 300px\" \/><\/a>\n\t\t\t<\/dt><\/dl><dl class='gallery-item'>\n\t\t\t<dt class='gallery-icon landscape'>\n\t\t\t\t<a href='https:\/\/ultramagic.com\/wp-content\/uploads\/2016\/03\/AXL44-LT-Powerade.jpg'><img loading=\"lazy\" decoding=\"async\" width=\"300\" height=\"225\" src=\"https:\/\/ultramagic.com\/wp-content\/uploads\/2016\/03\/AXL44-LT-Powerade-300x225.jpg\" class=\"attachment-medium size-medium\" alt=\"\" srcset=\"https:\/\/ultramagic.com\/wp-content\/uploads\/2016\/03\/AXL44-LT-Powerade-300x225.jpg 300w, https:\/\/ultramagic.com\/wp-content\/uploads\/2016\/03\/AXL44-LT-Powerade-768x576.jpg 768w, https:\/\/ultramagic.com\/wp-content\/uploads\/2016\/03\/AXL44-LT-Powerade.jpg 800w\" sizes=\"(max-width: 300px) 100vw, 300px\" \/><\/a>\n\t\t\t<\/dt><\/dl><br style=\"clear: both\" \/>\n\t\t<\/div>\n\n","protected":false},"excerpt":{"rendered":"<p>Ultramagic es distribuidor de la gama completa de productos de la marca ZEPELIN para Espa\u00f1a y Portugal. &nbsp; Zepelin, que es el representante de Ultramagic para Eslovaquia, es una empresa altamente especializada en la fabricaci\u00f3n de estructuras hinchables estancas. Entre una extensa gama de productos, destaca la l\u00ednea Axion de carpas neum\u00e1ticas y mobiliario hinchable(http:\/\/www.axion4event.com), [&hellip;]<\/p>\n","protected":false},"author":1,"featured_media":8855,"parent":9537,"menu_order":4,"comment_status":"closed","ping_status":"closed","template":"page-globus-fill.php","meta":{"ngg_post_thumbnail":0,"footnotes":""},"yoast_head":"<!-- This site is optimized with the Yoast SEO plugin v22.7 - https:\/\/yoast.com\/wordpress\/plugins\/seo\/ -->\n<title>Carpas Axion Line - Ultramagic<\/title>\n<meta name=\"robots\" content=\"index, follow, max-snippet:-1, max-image-preview:large, max-video-preview:-1\" \/>\n<link rel=\"canonical\" href=\"https:\/\/ultramagic.com\/inflatables\/axion-line\/\" \/>\n<meta property=\"og:locale\" content=\"es_ES\" \/>\n<meta property=\"og:type\" content=\"article\" \/>\n<meta property=\"og:title\" content=\"Carpas Axion Line - Ultramagic\" \/>\n<meta property=\"og:description\" content=\"Ultramagic es distribuidor de la gama completa de productos de la marca ZEPELIN para Espa\u00f1a y Portugal. &nbsp; Zepelin, que es el representante de Ultramagic para Eslovaquia, es una empresa altamente especializada en la fabricaci\u00f3n de estructuras hinchables estancas. Entre una extensa gama de productos, destaca la l\u00ednea Axion de carpas neum\u00e1ticas y mobiliario hinchable(http:\/\/www.axion4event.com), [&hellip;]\" \/>\n<meta property=\"og:url\" content=\"https:\/\/ultramagic.com\/inflatables\/axion-line\/\" \/>\n<meta property=\"og:site_name\" content=\"Ultramagic\" \/>\n<meta property=\"article:publisher\" content=\"http:\/\/www.facebook.com\/ultramagicballons\" \/>\n<meta property=\"article:modified_time\" content=\"2019-09-06T06:31:11+00:00\" \/>\n<meta property=\"og:image\" content=\"https:\/\/ultramagic.com\/wp-content\/uploads\/2016\/03\/carpes.jpg\" \/>\n\t<meta property=\"og:image:width\" content=\"75\" \/>\n\t<meta property=\"og:image:height\" content=\"75\" \/>\n\t<meta property=\"og:image:type\" content=\"image\/jpeg\" \/>\n<meta name=\"twitter:card\" content=\"summary_large_image\" \/>\n<meta name=\"twitter:site\" content=\"@umballoons\" \/>\n<meta name=\"twitter:label1\" content=\"Tiempo de lectura\" \/>\n\t<meta name=\"twitter:data1\" content=\"1 minuto\" \/>\n<script type=\"application\/ld+json\" class=\"yoast-schema-graph\">{\"@context\":\"https:\/\/schema.org\",\"@graph\":[{\"@type\":\"WebPage\",\"@id\":\"https:\/\/ultramagic.com\/inflatables\/axion-line\/\",\"url\":\"https:\/\/ultramagic.com\/inflatables\/axion-line\/\",\"name\":\"Carpas Axion Line - Ultramagic\",\"isPartOf\":{\"@id\":\"https:\/\/ultramagic.com\/#website\"},\"primaryImageOfPage\":{\"@id\":\"https:\/\/ultramagic.com\/inflatables\/axion-line\/#primaryimage\"},\"image\":{\"@id\":\"https:\/\/ultramagic.com\/inflatables\/axion-line\/#primaryimage\"},\"thumbnailUrl\":\"https:\/\/ultramagic.com\/wp-content\/uploads\/2016\/03\/carpes.jpg\",\"datePublished\":\"2016-04-05T16:09:17+00:00\",\"dateModified\":\"2019-09-06T06:31:11+00:00\",\"breadcrumb\":{\"@id\":\"https:\/\/ultramagic.com\/inflatables\/axion-line\/#breadcrumb\"},\"inLanguage\":\"es\",\"potentialAction\":[{\"@type\":\"ReadAction\",\"target\":[\"https:\/\/ultramagic.com\/inflatables\/axion-line\/\"]}]},{\"@type\":\"ImageObject\",\"inLanguage\":\"es\",\"@id\":\"https:\/\/ultramagic.com\/inflatables\/axion-line\/#primaryimage\",\"url\":\"https:\/\/ultramagic.com\/wp-content\/uploads\/2016\/03\/carpes.jpg\",\"contentUrl\":\"https:\/\/ultramagic.com\/wp-content\/uploads\/2016\/03\/carpes.jpg\",\"width\":75,\"height\":75,\"caption\":\"OLYMPUS DIGITAL CAMERA\"},{\"@type\":\"BreadcrumbList\",\"@id\":\"https:\/\/ultramagic.com\/inflatables\/axion-line\/#breadcrumb\",\"itemListElement\":[{\"@type\":\"ListItem\",\"position\":1,\"name\":\"Home\",\"item\":\"https:\/\/ultramagic.com\/es\/\"},{\"@type\":\"ListItem\",\"position\":2,\"name\":\"Hinchables\",\"item\":\"https:\/\/ultramagic.com\/inflatables\/\"},{\"@type\":\"ListItem\",\"position\":3,\"name\":\"Carpas Axion Line\"}]},{\"@type\":\"WebSite\",\"@id\":\"https:\/\/ultramagic.com\/#website\",\"url\":\"https:\/\/ultramagic.com\/\",\"name\":\"Ultramagic\",\"description\":\"All about hot air balloon advertising industry and history.Hot air balloon photos and pictures. Enjoy the hot air balloon experience from your home.\",\"potentialAction\":[{\"@type\":\"SearchAction\",\"target\":{\"@type\":\"EntryPoint\",\"urlTemplate\":\"https:\/\/ultramagic.com\/?s={search_term_string}\"},\"query-input\":\"required name=search_term_string\"}],\"inLanguage\":\"es\"}]}<\/script>\n<!-- \/ Yoast SEO plugin. -->","yoast_head_json":{"title":"Carpas Axion Line - Ultramagic","robots":{"index":"index","follow":"follow","max-snippet":"max-snippet:-1","max-image-preview":"max-image-preview:large","max-video-preview":"max-video-preview:-1"},"canonical":"https:\/\/ultramagic.com\/inflatables\/axion-line\/","og_locale":"es_ES","og_type":"article","og_title":"Carpas Axion Line - Ultramagic","og_description":"Ultramagic es distribuidor de la gama completa de productos de la marca ZEPELIN para Espa\u00f1a y Portugal. &nbsp; Zepelin, que es el representante de Ultramagic para Eslovaquia, es una empresa altamente especializada en la fabricaci\u00f3n de estructuras hinchables estancas. Entre una extensa gama de productos, destaca la l\u00ednea Axion de carpas neum\u00e1ticas y mobiliario hinchable(http:\/\/www.axion4event.com), [&hellip;]","og_url":"https:\/\/ultramagic.com\/inflatables\/axion-line\/","og_site_name":"Ultramagic","article_publisher":"http:\/\/www.facebook.com\/ultramagicballons","article_modified_time":"2019-09-06T06:31:11+00:00","og_image":[{"width":75,"height":75,"url":"https:\/\/ultramagic.com\/wp-content\/uploads\/2016\/03\/carpes.jpg","type":"image\/jpeg"}],"twitter_card":"summary_large_image","twitter_site":"@umballoons","twitter_misc":{"Tiempo de lectura":"1 minuto"},"schema":{"@context":"https:\/\/schema.org","@graph":[{"@type":"WebPage","@id":"https:\/\/ultramagic.com\/inflatables\/axion-line\/","url":"https:\/\/ultramagic.com\/inflatables\/axion-line\/","name":"Carpas Axion Line - Ultramagic","isPartOf":{"@id":"https:\/\/ultramagic.com\/#website"},"primaryImageOfPage":{"@id":"https:\/\/ultramagic.com\/inflatables\/axion-line\/#primaryimage"},"image":{"@id":"https:\/\/ultramagic.com\/inflatables\/axion-line\/#primaryimage"},"thumbnailUrl":"https:\/\/ultramagic.com\/wp-content\/uploads\/2016\/03\/carpes.jpg","datePublished":"2016-04-05T16:09:17+00:00","dateModified":"2019-09-06T06:31:11+00:00","breadcrumb":{"@id":"https:\/\/ultramagic.com\/inflatables\/axion-line\/#breadcrumb"},"inLanguage":"es","potentialAction":[{"@type":"ReadAction","target":["https:\/\/ultramagic.com\/inflatables\/axion-line\/"]}]},{"@type":"ImageObject","inLanguage":"es","@id":"https:\/\/ultramagic.com\/inflatables\/axion-line\/#primaryimage","url":"https:\/\/ultramagic.com\/wp-content\/uploads\/2016\/03\/carpes.jpg","contentUrl":"https:\/\/ultramagic.com\/wp-content\/uploads\/2016\/03\/carpes.jpg","width":75,"height":75,"caption":"OLYMPUS DIGITAL CAMERA"},{"@type":"BreadcrumbList","@id":"https:\/\/ultramagic.com\/inflatables\/axion-line\/#breadcrumb","itemListElement":[{"@type":"ListItem","position":1,"name":"Home","item":"https:\/\/ultramagic.com\/es\/"},{"@type":"ListItem","position":2,"name":"Hinchables","item":"https:\/\/ultramagic.com\/inflatables\/"},{"@type":"ListItem","position":3,"name":"Carpas Axion Line"}]},{"@type":"WebSite","@id":"https:\/\/ultramagic.com\/#website","url":"https:\/\/ultramagic.com\/","name":"Ultramagic","description":"All about hot air balloon advertising industry and history.Hot air balloon photos and pictures. Enjoy the hot air balloon experience from your home.","potentialAction":[{"@type":"SearchAction","target":{"@type":"EntryPoint","urlTemplate":"https:\/\/ultramagic.com\/?s={search_term_string}"},"query-input":"required name=search_term_string"}],"inLanguage":"es"}]}},"_links":{"self":[{"href":"https:\/\/ultramagic.com\/es\/wp-json\/wp\/v2\/pages\/9602"}],"collection":[{"href":"https:\/\/ultramagic.com\/es\/wp-json\/wp\/v2\/pages"}],"about":[{"href":"https:\/\/ultramagic.com\/es\/wp-json\/wp\/v2\/types\/page"}],"author":[{"embeddable":true,"href":"https:\/\/ultramagic.com\/es\/wp-json\/wp\/v2\/users\/1"}],"replies":[{"embeddable":true,"href":"https:\/\/ultramagic.com\/es\/wp-json\/wp\/v2\/comments?post=9602"}],"version-history":[{"count":9,"href":"https:\/\/ultramagic.com\/es\/wp-json\/wp\/v2\/pages\/9602\/revisions"}],"predecessor-version":[{"id":14244,"href":"https:\/\/ultramagic.com\/es\/wp-json\/wp\/v2\/pages\/9602\/revisions\/14244"}],"up":[{"embeddable":true,"href":"https:\/\/ultramagic.com\/es\/wp-json\/wp\/v2\/pages\/9537"}],"wp:featuredmedia":[{"embeddable":true,"href":"https:\/\/ultramagic.com\/es\/wp-json\/wp\/v2\/media\/8855"}],"wp:attachment":[{"href":"https:\/\/ultramagic.com\/es\/wp-json\/wp\/v2\/media?parent=9602"}],"curies":[{"name":"wp","href":"https:\/\/api.w.org\/{rel}","templated":true}]}}