{"id":9600,"date":"2016-04-05T18:08:45","date_gmt":"2016-04-05T16:08:45","guid":{"rendered":"http:\/\/ultramagic.creagia.com\/es\/?page_id=9600"},"modified":"2020-01-14T11:24:50","modified_gmt":"2020-01-14T10:24:50","slug":"botellas","status":"publish","type":"page","link":"https:\/\/ultramagic.com\/es\/hinchables\/botellas\/","title":{"rendered":"Botellas Hinchables"},"content":{"rendered":"<p style=\"text-align: justify;\">Nuestro hinchable m\u00e1s popular, con varios miles distribuidos y utilizados por todo el mundo con gran \u00e9xito. Cualquier tama\u00f1o a partir de 2 metros de altura, para uso interior y hasta los 20 metros para uso exterior. gracias al proceso especial que utilizamos en su confecci\u00f3n aseguramos una r\u00e9plica hinchable exacta de las etiquetas representando las partes transparentes de la botella utilizando materiales especiales.<\/p>\n<p>&nbsp;<\/p>\n<p><strong><u>Caracter\u00edsticas&nbsp;\/ Opciones:<\/u><\/strong><\/p>\n<p>&nbsp;<\/p>\n<p>&#8211; Confeccionado en Poliamida o Poli\u00e9ster de alta tenacidad de varios gramajes; peso de 190g\/m2 a 240g\/m2.<\/p>\n<p>&#8211; Costura doble de alta resistencia.<\/p>\n<p>&#8211; Motores interiores de bajo nivel sonoro.<\/p>\n<p>&#8211; Posibilidad de iluminaci\u00f3n interior por LEDS.<\/p>\n<p>&#8211; Sistema de desconexi\u00f3n autom\u00e1tico de seguridad en los modelos a partir de 5 metros de altura.<\/p>\n<p>&#8211; Bolsa de transporte y kit de instalaci\u00f3n incluidos.<\/p>\n<p>&#8211; Peso total&nbsp;aproximado de los hinchables, de 10 a 35 Kg.<\/p>\n<p>&nbsp;<\/p>\n<div id='gallery-1' class='gallery galleryid-9600 gallery-columns-3 gallery-size-medium'><dl class='gallery-item'>\n\t\t\t<dt class='gallery-icon landscape'>\n\t\t\t\t<a href='https:\/\/ultramagic.com\/wp-content\/uploads\/2016\/03\/BOTELLA-09.jpg'><img loading=\"lazy\" decoding=\"async\" width=\"300\" height=\"225\" src=\"https:\/\/ultramagic.com\/wp-content\/uploads\/2016\/03\/BOTELLA-09-300x225.jpg\" class=\"attachment-medium size-medium\" alt=\"\" srcset=\"https:\/\/ultramagic.com\/wp-content\/uploads\/2016\/03\/BOTELLA-09-300x225.jpg 300w, https:\/\/ultramagic.com\/wp-content\/uploads\/2016\/03\/BOTELLA-09-768x576.jpg 768w, https:\/\/ultramagic.com\/wp-content\/uploads\/2016\/03\/BOTELLA-09.jpg 800w\" sizes=\"(max-width: 300px) 100vw, 300px\" \/><\/a>\n\t\t\t<\/dt><\/dl><dl class='gallery-item'>\n\t\t\t<dt class='gallery-icon landscape'>\n\t\t\t\t<a href='https:\/\/ultramagic.com\/wp-content\/uploads\/2016\/03\/BOTELLA-08.jpg'><img loading=\"lazy\" decoding=\"async\" width=\"300\" height=\"225\" src=\"https:\/\/ultramagic.com\/wp-content\/uploads\/2016\/03\/BOTELLA-08-300x225.jpg\" class=\"attachment-medium size-medium\" alt=\"\" srcset=\"https:\/\/ultramagic.com\/wp-content\/uploads\/2016\/03\/BOTELLA-08-300x225.jpg 300w, https:\/\/ultramagic.com\/wp-content\/uploads\/2016\/03\/BOTELLA-08-768x576.jpg 768w, https:\/\/ultramagic.com\/wp-content\/uploads\/2016\/03\/BOTELLA-08.jpg 800w\" sizes=\"(max-width: 300px) 100vw, 300px\" \/><\/a>\n\t\t\t<\/dt><\/dl><dl class='gallery-item'>\n\t\t\t<dt class='gallery-icon landscape'>\n\t\t\t\t<a href='https:\/\/ultramagic.com\/wp-content\/uploads\/2016\/03\/BOTELLA-07.jpg'><img loading=\"lazy\" decoding=\"async\" width=\"300\" height=\"225\" src=\"https:\/\/ultramagic.com\/wp-content\/uploads\/2016\/03\/BOTELLA-07-300x225.jpg\" class=\"attachment-medium size-medium\" alt=\"\" srcset=\"https:\/\/ultramagic.com\/wp-content\/uploads\/2016\/03\/BOTELLA-07-300x225.jpg 300w, https:\/\/ultramagic.com\/wp-content\/uploads\/2016\/03\/BOTELLA-07-768x576.jpg 768w, https:\/\/ultramagic.com\/wp-content\/uploads\/2016\/03\/BOTELLA-07.jpg 800w\" sizes=\"(max-width: 300px) 100vw, 300px\" \/><\/a>\n\t\t\t<\/dt><\/dl><br style=\"clear: both\" \/><dl class='gallery-item'>\n\t\t\t<dt class='gallery-icon landscape'>\n\t\t\t\t<a href='https:\/\/ultramagic.com\/wp-content\/uploads\/2016\/03\/BOTELLA-06.jpg'><img loading=\"lazy\" decoding=\"async\" width=\"300\" height=\"225\" src=\"https:\/\/ultramagic.com\/wp-content\/uploads\/2016\/03\/BOTELLA-06-300x225.jpg\" class=\"attachment-medium size-medium\" alt=\"\" srcset=\"https:\/\/ultramagic.com\/wp-content\/uploads\/2016\/03\/BOTELLA-06-300x225.jpg 300w, https:\/\/ultramagic.com\/wp-content\/uploads\/2016\/03\/BOTELLA-06-768x576.jpg 768w, https:\/\/ultramagic.com\/wp-content\/uploads\/2016\/03\/BOTELLA-06.jpg 800w\" sizes=\"(max-width: 300px) 100vw, 300px\" \/><\/a>\n\t\t\t<\/dt><\/dl><dl class='gallery-item'>\n\t\t\t<dt class='gallery-icon landscape'>\n\t\t\t\t<a href='https:\/\/ultramagic.com\/wp-content\/uploads\/2016\/03\/BOTELLA-05.jpg'><img loading=\"lazy\" decoding=\"async\" width=\"300\" height=\"225\" src=\"https:\/\/ultramagic.com\/wp-content\/uploads\/2016\/03\/BOTELLA-05-300x225.jpg\" class=\"attachment-medium size-medium\" alt=\"\" srcset=\"https:\/\/ultramagic.com\/wp-content\/uploads\/2016\/03\/BOTELLA-05-300x225.jpg 300w, https:\/\/ultramagic.com\/wp-content\/uploads\/2016\/03\/BOTELLA-05-768x576.jpg 768w, https:\/\/ultramagic.com\/wp-content\/uploads\/2016\/03\/BOTELLA-05.jpg 800w\" sizes=\"(max-width: 300px) 100vw, 300px\" \/><\/a>\n\t\t\t<\/dt><\/dl><dl class='gallery-item'>\n\t\t\t<dt class='gallery-icon landscape'>\n\t\t\t\t<a href='https:\/\/ultramagic.com\/wp-content\/uploads\/2016\/03\/BOTELLA-04.jpg'><img loading=\"lazy\" decoding=\"async\" width=\"300\" height=\"225\" src=\"https:\/\/ultramagic.com\/wp-content\/uploads\/2016\/03\/BOTELLA-04-300x225.jpg\" class=\"attachment-medium size-medium\" alt=\"\" srcset=\"https:\/\/ultramagic.com\/wp-content\/uploads\/2016\/03\/BOTELLA-04-300x225.jpg 300w, https:\/\/ultramagic.com\/wp-content\/uploads\/2016\/03\/BOTELLA-04-768x576.jpg 768w, https:\/\/ultramagic.com\/wp-content\/uploads\/2016\/03\/BOTELLA-04.jpg 800w\" sizes=\"(max-width: 300px) 100vw, 300px\" \/><\/a>\n\t\t\t<\/dt><\/dl><br style=\"clear: both\" \/><dl class='gallery-item'>\n\t\t\t<dt class='gallery-icon landscape'>\n\t\t\t\t<a href='https:\/\/ultramagic.com\/wp-content\/uploads\/2016\/03\/BOTELLA-03.jpg'><img loading=\"lazy\" decoding=\"async\" width=\"300\" height=\"225\" src=\"https:\/\/ultramagic.com\/wp-content\/uploads\/2016\/03\/BOTELLA-03-300x225.jpg\" class=\"attachment-medium size-medium\" alt=\"\" srcset=\"https:\/\/ultramagic.com\/wp-content\/uploads\/2016\/03\/BOTELLA-03-300x225.jpg 300w, https:\/\/ultramagic.com\/wp-content\/uploads\/2016\/03\/BOTELLA-03-768x576.jpg 768w, https:\/\/ultramagic.com\/wp-content\/uploads\/2016\/03\/BOTELLA-03.jpg 800w\" sizes=\"(max-width: 300px) 100vw, 300px\" \/><\/a>\n\t\t\t<\/dt><\/dl><dl class='gallery-item'>\n\t\t\t<dt class='gallery-icon landscape'>\n\t\t\t\t<a href='https:\/\/ultramagic.com\/wp-content\/uploads\/2016\/03\/BOTELLA-02.jpg'><img loading=\"lazy\" decoding=\"async\" width=\"300\" height=\"200\" src=\"https:\/\/ultramagic.com\/wp-content\/uploads\/2016\/03\/BOTELLA-02-300x200.jpg\" class=\"attachment-medium size-medium\" alt=\"\" srcset=\"https:\/\/ultramagic.com\/wp-content\/uploads\/2016\/03\/BOTELLA-02-300x200.jpg 300w, https:\/\/ultramagic.com\/wp-content\/uploads\/2016\/03\/BOTELLA-02-768x512.jpg 768w, https:\/\/ultramagic.com\/wp-content\/uploads\/2016\/03\/BOTELLA-02.jpg 800w\" sizes=\"(max-width: 300px) 100vw, 300px\" \/><\/a>\n\t\t\t<\/dt><\/dl><dl class='gallery-item'>\n\t\t\t<dt class='gallery-icon landscape'>\n\t\t\t\t<a href='https:\/\/ultramagic.com\/wp-content\/uploads\/2016\/03\/BOTELLA-01.jpg'><img loading=\"lazy\" decoding=\"async\" width=\"300\" height=\"208\" src=\"https:\/\/ultramagic.com\/wp-content\/uploads\/2016\/03\/BOTELLA-01-300x208.jpg\" class=\"attachment-medium size-medium\" alt=\"\" srcset=\"https:\/\/ultramagic.com\/wp-content\/uploads\/2016\/03\/BOTELLA-01-300x208.jpg 300w, https:\/\/ultramagic.com\/wp-content\/uploads\/2016\/03\/BOTELLA-01-768x532.jpg 768w, https:\/\/ultramagic.com\/wp-content\/uploads\/2016\/03\/BOTELLA-01.jpg 800w\" sizes=\"(max-width: 300px) 100vw, 300px\" \/><\/a>\n\t\t\t<\/dt><\/dl><br style=\"clear: both\" \/>\n\t\t<\/div>\n\n<p>&nbsp;<\/p>\n<p><span style=\"color: #000000; font-family: Arial, Helvetica, sans-serif; font-size: 12px; line-height: normal; background-color: #000000;\">&nbsp;<\/span><\/p>\n","protected":false},"excerpt":{"rendered":"<p>Nuestro hinchable m\u00e1s popular, con varios miles distribuidos y utilizados por todo el mundo con gran \u00e9xito. Cualquier tama\u00f1o a partir de 2 metros de altura, para uso interior y hasta los 20 metros para uso exterior. gracias al proceso especial que utilizamos en su confecci\u00f3n aseguramos una r\u00e9plica hinchable exacta de las etiquetas representando [&hellip;]<\/p>\n","protected":false},"author":1,"featured_media":8849,"parent":9537,"menu_order":3,"comment_status":"closed","ping_status":"closed","template":"page-globus-fill.php","meta":{"ngg_post_thumbnail":0,"footnotes":""},"yoast_head":"<!-- This site is optimized with the Yoast SEO plugin v22.7 - https:\/\/yoast.com\/wordpress\/plugins\/seo\/ -->\n<title>Botellas Hinchables - Ultramagic<\/title>\n<meta name=\"robots\" content=\"index, follow, max-snippet:-1, max-image-preview:large, max-video-preview:-1\" \/>\n<link rel=\"canonical\" href=\"https:\/\/ultramagic.com\/inflatables\/bottles\/\" \/>\n<meta property=\"og:locale\" content=\"es_ES\" \/>\n<meta property=\"og:type\" content=\"article\" \/>\n<meta property=\"og:title\" content=\"Botellas Hinchables - Ultramagic\" \/>\n<meta property=\"og:description\" content=\"Nuestro hinchable m\u00e1s popular, con varios miles distribuidos y utilizados por todo el mundo con gran \u00e9xito. Cualquier tama\u00f1o a partir de 2 metros de altura, para uso interior y hasta los 20 metros para uso exterior. gracias al proceso especial que utilizamos en su confecci\u00f3n aseguramos una r\u00e9plica hinchable exacta de las etiquetas representando [&hellip;]\" \/>\n<meta property=\"og:url\" content=\"https:\/\/ultramagic.com\/inflatables\/bottles\/\" \/>\n<meta property=\"og:site_name\" content=\"Ultramagic\" \/>\n<meta property=\"article:publisher\" content=\"http:\/\/www.facebook.com\/ultramagicballons\" \/>\n<meta property=\"article:modified_time\" content=\"2020-01-14T10:24:50+00:00\" \/>\n<meta property=\"og:image\" content=\"https:\/\/ultramagic.com\/wp-content\/uploads\/2016\/03\/ampolles.jpg\" \/>\n\t<meta property=\"og:image:width\" content=\"75\" \/>\n\t<meta property=\"og:image:height\" content=\"75\" \/>\n\t<meta property=\"og:image:type\" content=\"image\/jpeg\" \/>\n<meta name=\"twitter:card\" content=\"summary_large_image\" \/>\n<meta name=\"twitter:site\" content=\"@umballoons\" \/>\n<meta name=\"twitter:label1\" content=\"Tiempo de lectura\" \/>\n\t<meta name=\"twitter:data1\" content=\"1 minuto\" \/>\n<script type=\"application\/ld+json\" class=\"yoast-schema-graph\">{\"@context\":\"https:\/\/schema.org\",\"@graph\":[{\"@type\":\"WebPage\",\"@id\":\"https:\/\/ultramagic.com\/inflatables\/bottles\/\",\"url\":\"https:\/\/ultramagic.com\/inflatables\/bottles\/\",\"name\":\"Botellas Hinchables - Ultramagic\",\"isPartOf\":{\"@id\":\"https:\/\/ultramagic.com\/#website\"},\"primaryImageOfPage\":{\"@id\":\"https:\/\/ultramagic.com\/inflatables\/bottles\/#primaryimage\"},\"image\":{\"@id\":\"https:\/\/ultramagic.com\/inflatables\/bottles\/#primaryimage\"},\"thumbnailUrl\":\"https:\/\/ultramagic.com\/wp-content\/uploads\/2016\/03\/ampolles.jpg\",\"datePublished\":\"2016-04-05T16:08:45+00:00\",\"dateModified\":\"2020-01-14T10:24:50+00:00\",\"breadcrumb\":{\"@id\":\"https:\/\/ultramagic.com\/inflatables\/bottles\/#breadcrumb\"},\"inLanguage\":\"es\",\"potentialAction\":[{\"@type\":\"ReadAction\",\"target\":[\"https:\/\/ultramagic.com\/inflatables\/bottles\/\"]}]},{\"@type\":\"ImageObject\",\"inLanguage\":\"es\",\"@id\":\"https:\/\/ultramagic.com\/inflatables\/bottles\/#primaryimage\",\"url\":\"https:\/\/ultramagic.com\/wp-content\/uploads\/2016\/03\/ampolles.jpg\",\"contentUrl\":\"https:\/\/ultramagic.com\/wp-content\/uploads\/2016\/03\/ampolles.jpg\",\"width\":75,\"height\":75},{\"@type\":\"BreadcrumbList\",\"@id\":\"https:\/\/ultramagic.com\/inflatables\/bottles\/#breadcrumb\",\"itemListElement\":[{\"@type\":\"ListItem\",\"position\":1,\"name\":\"Home\",\"item\":\"https:\/\/ultramagic.com\/es\/\"},{\"@type\":\"ListItem\",\"position\":2,\"name\":\"Hinchables\",\"item\":\"https:\/\/ultramagic.com\/inflatables\/\"},{\"@type\":\"ListItem\",\"position\":3,\"name\":\"Botellas Hinchables\"}]},{\"@type\":\"WebSite\",\"@id\":\"https:\/\/ultramagic.com\/#website\",\"url\":\"https:\/\/ultramagic.com\/\",\"name\":\"Ultramagic\",\"description\":\"All about hot air balloon advertising industry and history.Hot air balloon photos and pictures. Enjoy the hot air balloon experience from your home.\",\"potentialAction\":[{\"@type\":\"SearchAction\",\"target\":{\"@type\":\"EntryPoint\",\"urlTemplate\":\"https:\/\/ultramagic.com\/?s={search_term_string}\"},\"query-input\":\"required name=search_term_string\"}],\"inLanguage\":\"es\"}]}<\/script>\n<!-- \/ Yoast SEO plugin. -->","yoast_head_json":{"title":"Botellas Hinchables - Ultramagic","robots":{"index":"index","follow":"follow","max-snippet":"max-snippet:-1","max-image-preview":"max-image-preview:large","max-video-preview":"max-video-preview:-1"},"canonical":"https:\/\/ultramagic.com\/inflatables\/bottles\/","og_locale":"es_ES","og_type":"article","og_title":"Botellas Hinchables - Ultramagic","og_description":"Nuestro hinchable m\u00e1s popular, con varios miles distribuidos y utilizados por todo el mundo con gran \u00e9xito. Cualquier tama\u00f1o a partir de 2 metros de altura, para uso interior y hasta los 20 metros para uso exterior. gracias al proceso especial que utilizamos en su confecci\u00f3n aseguramos una r\u00e9plica hinchable exacta de las etiquetas representando [&hellip;]","og_url":"https:\/\/ultramagic.com\/inflatables\/bottles\/","og_site_name":"Ultramagic","article_publisher":"http:\/\/www.facebook.com\/ultramagicballons","article_modified_time":"2020-01-14T10:24:50+00:00","og_image":[{"width":75,"height":75,"url":"https:\/\/ultramagic.com\/wp-content\/uploads\/2016\/03\/ampolles.jpg","type":"image\/jpeg"}],"twitter_card":"summary_large_image","twitter_site":"@umballoons","twitter_misc":{"Tiempo de lectura":"1 minuto"},"schema":{"@context":"https:\/\/schema.org","@graph":[{"@type":"WebPage","@id":"https:\/\/ultramagic.com\/inflatables\/bottles\/","url":"https:\/\/ultramagic.com\/inflatables\/bottles\/","name":"Botellas Hinchables - Ultramagic","isPartOf":{"@id":"https:\/\/ultramagic.com\/#website"},"primaryImageOfPage":{"@id":"https:\/\/ultramagic.com\/inflatables\/bottles\/#primaryimage"},"image":{"@id":"https:\/\/ultramagic.com\/inflatables\/bottles\/#primaryimage"},"thumbnailUrl":"https:\/\/ultramagic.com\/wp-content\/uploads\/2016\/03\/ampolles.jpg","datePublished":"2016-04-05T16:08:45+00:00","dateModified":"2020-01-14T10:24:50+00:00","breadcrumb":{"@id":"https:\/\/ultramagic.com\/inflatables\/bottles\/#breadcrumb"},"inLanguage":"es","potentialAction":[{"@type":"ReadAction","target":["https:\/\/ultramagic.com\/inflatables\/bottles\/"]}]},{"@type":"ImageObject","inLanguage":"es","@id":"https:\/\/ultramagic.com\/inflatables\/bottles\/#primaryimage","url":"https:\/\/ultramagic.com\/wp-content\/uploads\/2016\/03\/ampolles.jpg","contentUrl":"https:\/\/ultramagic.com\/wp-content\/uploads\/2016\/03\/ampolles.jpg","width":75,"height":75},{"@type":"BreadcrumbList","@id":"https:\/\/ultramagic.com\/inflatables\/bottles\/#breadcrumb","itemListElement":[{"@type":"ListItem","position":1,"name":"Home","item":"https:\/\/ultramagic.com\/es\/"},{"@type":"ListItem","position":2,"name":"Hinchables","item":"https:\/\/ultramagic.com\/inflatables\/"},{"@type":"ListItem","position":3,"name":"Botellas Hinchables"}]},{"@type":"WebSite","@id":"https:\/\/ultramagic.com\/#website","url":"https:\/\/ultramagic.com\/","name":"Ultramagic","description":"All about hot air balloon advertising industry and history.Hot air balloon photos and pictures. Enjoy the hot air balloon experience from your home.","potentialAction":[{"@type":"SearchAction","target":{"@type":"EntryPoint","urlTemplate":"https:\/\/ultramagic.com\/?s={search_term_string}"},"query-input":"required name=search_term_string"}],"inLanguage":"es"}]}},"_links":{"self":[{"href":"https:\/\/ultramagic.com\/es\/wp-json\/wp\/v2\/pages\/9600"}],"collection":[{"href":"https:\/\/ultramagic.com\/es\/wp-json\/wp\/v2\/pages"}],"about":[{"href":"https:\/\/ultramagic.com\/es\/wp-json\/wp\/v2\/types\/page"}],"author":[{"embeddable":true,"href":"https:\/\/ultramagic.com\/es\/wp-json\/wp\/v2\/users\/1"}],"replies":[{"embeddable":true,"href":"https:\/\/ultramagic.com\/es\/wp-json\/wp\/v2\/comments?post=9600"}],"version-history":[{"count":7,"href":"https:\/\/ultramagic.com\/es\/wp-json\/wp\/v2\/pages\/9600\/revisions"}],"predecessor-version":[{"id":14596,"href":"https:\/\/ultramagic.com\/es\/wp-json\/wp\/v2\/pages\/9600\/revisions\/14596"}],"up":[{"embeddable":true,"href":"https:\/\/ultramagic.com\/es\/wp-json\/wp\/v2\/pages\/9537"}],"wp:featuredmedia":[{"embeddable":true,"href":"https:\/\/ultramagic.com\/es\/wp-json\/wp\/v2\/media\/8849"}],"wp:attachment":[{"href":"https:\/\/ultramagic.com\/es\/wp-json\/wp\/v2\/media?parent=9600"}],"curies":[{"name":"wp","href":"https:\/\/api.w.org\/{rel}","templated":true}]}}