{"id":9598,"date":"2016-04-05T18:08:30","date_gmt":"2016-04-05T16:08:30","guid":{"rendered":"http:\/\/ultramagic.creagia.com\/es\/?page_id=9598"},"modified":"2021-03-09T11:20:28","modified_gmt":"2021-03-09T10:20:28","slug":"columnas","status":"publish","type":"page","link":"https:\/\/ultramagic.com\/es\/hinchables\/columnas\/","title":{"rendered":"Columnas Hinchables"},"content":{"rendered":"<h2>&nbsp;<\/h2>\n<p>Una simple pero muy efectiva forma para anunciar su producto o logotipo. Las latas y las columnas hinchables&nbsp;pueden encajar en peque\u00f1os espacios, dando a la vez mucha altura y espacio para la publicidad en sus 360\u00ba. Esta forma es muy f\u00e1cil de transportar, adem\u00e1s es apto tanto para uso interior como exterior.<u><br \/>\n<\/u><\/p>\n<div>\n<p>&nbsp;<\/p>\n<p><strong>Caracter\u00edsticas \/ Opciones:<\/strong><\/p>\n<p>&nbsp;<\/p>\n<p>&#8211; Confeccionado en poli\u00e9ster&nbsp;de alta tenacidad 4PU. peso 240g\/m2.<\/p>\n<p>&#8211; Costura doble de alta resistencia.<\/p>\n<p>&#8211; Motores interiores de&nbsp;bajo nivel sonoro.<\/p>\n<p>&#8211; Posibilidad de iluminaci\u00f3n interior por LEDS.<\/p>\n<p>&#8211; Bolsa de transporte y kit de instalaci\u00f3n incluidos.<\/p>\n<p>&#8211; Peso total&nbsp;aproximado de los hinchables, de 10 a 35 Kg.<\/p>\n<p>&#8211; 5 tama\u00f1os est\u00e1ndar .<\/p>\n<p>&nbsp;<\/p>\n<table style=\"margin: 0px auto; height: 223px;\" border=\"1\" width=\"535\">\n<tbody>\n<tr>\n<td align=\"center\"><span style=\"font-size: small;\"><strong>MODELO<\/strong><\/span><\/td>\n<td align=\"center\"><span style=\"font-size: small;\"><strong>ALTURA<\/strong><\/span><\/td>\n<td align=\"center\"><span style=\"font-size: small;\"><strong>DI\u00c1METRO<\/strong><\/span><\/td>\n<\/tr>\n<tr>\n<td align=\"center\"><span style=\"font-size: small;\">C2<\/span><\/td>\n<td align=\"center\"><span style=\"font-size: small;\">2 metros<\/span><\/td>\n<td align=\"center\"><span style=\"font-size: small;\">0.65 metros<\/span><\/td>\n<\/tr>\n<tr>\n<td align=\"center\"><span style=\"font-size: small;\">C3<\/span><\/td>\n<td align=\"center\"><span style=\"font-size: small;\">3 metros<\/span><\/td>\n<td align=\"center\"><span style=\"font-size: small;\">0.95 metros<\/span><\/td>\n<\/tr>\n<tr>\n<td align=\"center\"><span style=\"font-size: small;\">C4<\/span><\/td>\n<td align=\"center\"><span style=\"font-size: small;\">4 metros<\/span><\/td>\n<td align=\"center\"><span style=\"font-size: small;\">1.20 metros<\/span><\/td>\n<\/tr>\n<tr>\n<td align=\"center\"><span style=\"font-size: small;\">C5<\/span><\/td>\n<td align=\"center\"><span style=\"font-size: small;\">5 metros<\/span><\/td>\n<td align=\"center\"><span style=\"font-size: small;\">1.50 metros<\/span><\/td>\n<\/tr>\n<tr>\n<td align=\"center\"><span style=\"font-size: small;\">C7<\/span><\/td>\n<td align=\"center\"><span style=\"font-size: small;\">7 metros<\/span><\/td>\n<td align=\"center\"><span style=\"font-size: small;\">2.25 metros<\/span><\/td>\n<\/tr>\n<\/tbody>\n<\/table>\n<\/div>\n<p>&nbsp;<\/p>\n<p>&nbsp;<\/p>\n<div id='gallery-1' class='gallery galleryid-9598 gallery-columns-3 gallery-size-medium'><dl class='gallery-item'>\n\t\t\t<dt class='gallery-icon landscape'>\n\t\t\t\t<a href='https:\/\/ultramagic.com\/wp-content\/uploads\/2016\/04\/C3-PAERIA-20-11-2015-02.jpg'><img loading=\"lazy\" decoding=\"async\" width=\"300\" height=\"225\" src=\"https:\/\/ultramagic.com\/wp-content\/uploads\/2016\/04\/C3-PAERIA-20-11-2015-02-300x225.jpg\" class=\"attachment-medium size-medium\" alt=\"\" srcset=\"https:\/\/ultramagic.com\/wp-content\/uploads\/2016\/04\/C3-PAERIA-20-11-2015-02-300x225.jpg 300w, https:\/\/ultramagic.com\/wp-content\/uploads\/2016\/04\/C3-PAERIA-20-11-2015-02-768x576.jpg 768w, https:\/\/ultramagic.com\/wp-content\/uploads\/2016\/04\/C3-PAERIA-20-11-2015-02.jpg 800w\" sizes=\"(max-width: 300px) 100vw, 300px\" \/><\/a>\n\t\t\t<\/dt><\/dl><dl class='gallery-item'>\n\t\t\t<dt class='gallery-icon landscape'>\n\t\t\t\t<a href='https:\/\/ultramagic.com\/wp-content\/uploads\/2016\/04\/C3-Caja-Canarias-1-.jpg'><img loading=\"lazy\" decoding=\"async\" width=\"300\" height=\"225\" src=\"https:\/\/ultramagic.com\/wp-content\/uploads\/2016\/04\/C3-Caja-Canarias-1--300x225.jpg\" class=\"attachment-medium size-medium\" alt=\"\" srcset=\"https:\/\/ultramagic.com\/wp-content\/uploads\/2016\/04\/C3-Caja-Canarias-1--300x225.jpg 300w, https:\/\/ultramagic.com\/wp-content\/uploads\/2016\/04\/C3-Caja-Canarias-1--768x576.jpg 768w, https:\/\/ultramagic.com\/wp-content\/uploads\/2016\/04\/C3-Caja-Canarias-1-.jpg 800w\" sizes=\"(max-width: 300px) 100vw, 300px\" \/><\/a>\n\t\t\t<\/dt><\/dl><dl class='gallery-item'>\n\t\t\t<dt class='gallery-icon landscape'>\n\t\t\t\t<a href='https:\/\/ultramagic.com\/wp-content\/uploads\/2016\/04\/C3-DUREX-04-09-2012-01.jpg'><img loading=\"lazy\" decoding=\"async\" width=\"300\" height=\"225\" src=\"https:\/\/ultramagic.com\/wp-content\/uploads\/2016\/04\/C3-DUREX-04-09-2012-01-300x225.jpg\" class=\"attachment-medium size-medium\" alt=\"\" srcset=\"https:\/\/ultramagic.com\/wp-content\/uploads\/2016\/04\/C3-DUREX-04-09-2012-01-300x225.jpg 300w, https:\/\/ultramagic.com\/wp-content\/uploads\/2016\/04\/C3-DUREX-04-09-2012-01-768x576.jpg 768w, https:\/\/ultramagic.com\/wp-content\/uploads\/2016\/04\/C3-DUREX-04-09-2012-01.jpg 800w\" sizes=\"(max-width: 300px) 100vw, 300px\" \/><\/a>\n\t\t\t<\/dt><\/dl><br style=\"clear: both\" \/><dl class='gallery-item'>\n\t\t\t<dt class='gallery-icon landscape'>\n\t\t\t\t<a href='https:\/\/ultramagic.com\/wp-content\/uploads\/2016\/04\/C3-ULTRAMAGIC-30-09-2011-2.jpg'><img loading=\"lazy\" decoding=\"async\" width=\"300\" height=\"225\" src=\"https:\/\/ultramagic.com\/wp-content\/uploads\/2016\/04\/C3-ULTRAMAGIC-30-09-2011-2-300x225.jpg\" class=\"attachment-medium size-medium\" alt=\"\" srcset=\"https:\/\/ultramagic.com\/wp-content\/uploads\/2016\/04\/C3-ULTRAMAGIC-30-09-2011-2-300x225.jpg 300w, https:\/\/ultramagic.com\/wp-content\/uploads\/2016\/04\/C3-ULTRAMAGIC-30-09-2011-2-768x576.jpg 768w, https:\/\/ultramagic.com\/wp-content\/uploads\/2016\/04\/C3-ULTRAMAGIC-30-09-2011-2.jpg 800w\" sizes=\"(max-width: 300px) 100vw, 300px\" \/><\/a>\n\t\t\t<\/dt><\/dl><dl class='gallery-item'>\n\t\t\t<dt class='gallery-icon landscape'>\n\t\t\t\t<a href='https:\/\/ultramagic.com\/wp-content\/uploads\/2016\/04\/C4-Intersport-1-.jpg'><img loading=\"lazy\" decoding=\"async\" width=\"300\" height=\"225\" src=\"https:\/\/ultramagic.com\/wp-content\/uploads\/2016\/04\/C4-Intersport-1--300x225.jpg\" class=\"attachment-medium size-medium\" alt=\"\" srcset=\"https:\/\/ultramagic.com\/wp-content\/uploads\/2016\/04\/C4-Intersport-1--300x225.jpg 300w, https:\/\/ultramagic.com\/wp-content\/uploads\/2016\/04\/C4-Intersport-1--768x576.jpg 768w, https:\/\/ultramagic.com\/wp-content\/uploads\/2016\/04\/C4-Intersport-1-.jpg 800w\" sizes=\"(max-width: 300px) 100vw, 300px\" \/><\/a>\n\t\t\t<\/dt><\/dl><dl class='gallery-item'>\n\t\t\t<dt class='gallery-icon landscape'>\n\t\t\t\t<a href='https:\/\/ultramagic.com\/wp-content\/uploads\/2016\/04\/C4-NANOTUBO-2.jpg'><img loading=\"lazy\" decoding=\"async\" width=\"300\" height=\"225\" src=\"https:\/\/ultramagic.com\/wp-content\/uploads\/2016\/04\/C4-NANOTUBO-2-300x225.jpg\" class=\"attachment-medium size-medium\" alt=\"\" srcset=\"https:\/\/ultramagic.com\/wp-content\/uploads\/2016\/04\/C4-NANOTUBO-2-300x225.jpg 300w, https:\/\/ultramagic.com\/wp-content\/uploads\/2016\/04\/C4-NANOTUBO-2-768x576.jpg 768w, https:\/\/ultramagic.com\/wp-content\/uploads\/2016\/04\/C4-NANOTUBO-2.jpg 800w\" sizes=\"(max-width: 300px) 100vw, 300px\" \/><\/a>\n\t\t\t<\/dt><\/dl><br style=\"clear: both\" \/><dl class='gallery-item'>\n\t\t\t<dt class='gallery-icon landscape'>\n\t\t\t\t<a href='https:\/\/ultramagic.com\/wp-content\/uploads\/2016\/04\/Cbbk.jpg'><img loading=\"lazy\" decoding=\"async\" width=\"300\" height=\"225\" src=\"https:\/\/ultramagic.com\/wp-content\/uploads\/2016\/04\/Cbbk-300x225.jpg\" class=\"attachment-medium size-medium\" alt=\"\" srcset=\"https:\/\/ultramagic.com\/wp-content\/uploads\/2016\/04\/Cbbk-300x225.jpg 300w, https:\/\/ultramagic.com\/wp-content\/uploads\/2016\/04\/Cbbk-768x576.jpg 768w, https:\/\/ultramagic.com\/wp-content\/uploads\/2016\/04\/Cbbk.jpg 800w\" sizes=\"(max-width: 300px) 100vw, 300px\" \/><\/a>\n\t\t\t<\/dt><\/dl><dl class='gallery-item'>\n\t\t\t<dt class='gallery-icon landscape'>\n\t\t\t\t<a href='https:\/\/ultramagic.com\/wp-content\/uploads\/2016\/04\/IMG_8963.jpg'><img loading=\"lazy\" decoding=\"async\" width=\"300\" height=\"200\" src=\"https:\/\/ultramagic.com\/wp-content\/uploads\/2016\/04\/IMG_8963-300x200.jpg\" class=\"attachment-medium size-medium\" alt=\"\" srcset=\"https:\/\/ultramagic.com\/wp-content\/uploads\/2016\/04\/IMG_8963-300x200.jpg 300w, https:\/\/ultramagic.com\/wp-content\/uploads\/2016\/04\/IMG_8963-768x512.jpg 768w, https:\/\/ultramagic.com\/wp-content\/uploads\/2016\/04\/IMG_8963.jpg 800w\" sizes=\"(max-width: 300px) 100vw, 300px\" \/><\/a>\n\t\t\t<\/dt><\/dl><dl class='gallery-item'>\n\t\t\t<dt class='gallery-icon landscape'>\n\t\t\t\t<a href='https:\/\/ultramagic.com\/wp-content\/uploads\/2021\/03\/C2-Cruz-Roja-H3-e1615284339521.jpg'><img loading=\"lazy\" decoding=\"async\" width=\"300\" height=\"225\" src=\"https:\/\/ultramagic.com\/wp-content\/uploads\/2021\/03\/C2-Cruz-Roja-H3-300x225.jpg\" class=\"attachment-medium size-medium\" alt=\"\" srcset=\"https:\/\/ultramagic.com\/wp-content\/uploads\/2021\/03\/C2-Cruz-Roja-H3-300x225.jpg 300w, https:\/\/ultramagic.com\/wp-content\/uploads\/2021\/03\/C2-Cruz-Roja-H3-768x576.jpg 768w, https:\/\/ultramagic.com\/wp-content\/uploads\/2021\/03\/C2-Cruz-Roja-H3-1024x768.jpg 1024w, https:\/\/ultramagic.com\/wp-content\/uploads\/2021\/03\/C2-Cruz-Roja-H3-e1615284339521.jpg 800w\" sizes=\"(max-width: 300px) 100vw, 300px\" \/><\/a>\n\t\t\t<\/dt><\/dl><br style=\"clear: both\" \/>\n\t\t<\/div>\n\n","protected":false},"excerpt":{"rendered":"<p>&nbsp; Una simple pero muy efectiva forma para anunciar su producto o logotipo. Las latas y las columnas hinchables&nbsp;pueden encajar en peque\u00f1os espacios, dando a la vez mucha altura y espacio para la publicidad en sus 360\u00ba. Esta forma es muy f\u00e1cil de transportar, adem\u00e1s es apto tanto para uso interior como exterior. &nbsp; Caracter\u00edsticas [&hellip;]<\/p>\n","protected":false},"author":1,"featured_media":8858,"parent":9537,"menu_order":2,"comment_status":"closed","ping_status":"closed","template":"page-globus-fill.php","meta":{"ngg_post_thumbnail":0,"footnotes":""},"yoast_head":"<!-- This site is optimized with the Yoast SEO plugin v22.7 - https:\/\/yoast.com\/wordpress\/plugins\/seo\/ -->\n<title>Columnas Hinchables - Ultramagic<\/title>\n<meta name=\"robots\" content=\"index, follow, max-snippet:-1, max-image-preview:large, max-video-preview:-1\" \/>\n<link rel=\"canonical\" href=\"https:\/\/ultramagic.com\/inflatables\/columns\/\" \/>\n<meta property=\"og:locale\" content=\"es_ES\" \/>\n<meta property=\"og:type\" content=\"article\" \/>\n<meta property=\"og:title\" content=\"Columnas Hinchables - Ultramagic\" \/>\n<meta property=\"og:description\" content=\"&nbsp; Una simple pero muy efectiva forma para anunciar su producto o logotipo. Las latas y las columnas hinchables&nbsp;pueden encajar en peque\u00f1os espacios, dando a la vez mucha altura y espacio para la publicidad en sus 360\u00ba. Esta forma es muy f\u00e1cil de transportar, adem\u00e1s es apto tanto para uso interior como exterior. &nbsp; Caracter\u00edsticas [&hellip;]\" \/>\n<meta property=\"og:url\" content=\"https:\/\/ultramagic.com\/inflatables\/columns\/\" \/>\n<meta property=\"og:site_name\" content=\"Ultramagic\" \/>\n<meta property=\"article:publisher\" content=\"http:\/\/www.facebook.com\/ultramagicballons\" \/>\n<meta property=\"article:modified_time\" content=\"2021-03-09T10:20:28+00:00\" \/>\n<meta property=\"og:image\" content=\"https:\/\/ultramagic.com\/wp-content\/uploads\/2016\/03\/columnes.jpg\" \/>\n\t<meta property=\"og:image:width\" content=\"75\" \/>\n\t<meta property=\"og:image:height\" content=\"75\" \/>\n\t<meta property=\"og:image:type\" content=\"image\/jpeg\" \/>\n<meta name=\"twitter:card\" content=\"summary_large_image\" \/>\n<meta name=\"twitter:site\" content=\"@umballoons\" \/>\n<meta name=\"twitter:label1\" content=\"Tiempo de lectura\" \/>\n\t<meta name=\"twitter:data1\" content=\"1 minuto\" \/>\n<script type=\"application\/ld+json\" class=\"yoast-schema-graph\">{\"@context\":\"https:\/\/schema.org\",\"@graph\":[{\"@type\":\"WebPage\",\"@id\":\"https:\/\/ultramagic.com\/inflatables\/columns\/\",\"url\":\"https:\/\/ultramagic.com\/inflatables\/columns\/\",\"name\":\"Columnas Hinchables - Ultramagic\",\"isPartOf\":{\"@id\":\"https:\/\/ultramagic.com\/#website\"},\"primaryImageOfPage\":{\"@id\":\"https:\/\/ultramagic.com\/inflatables\/columns\/#primaryimage\"},\"image\":{\"@id\":\"https:\/\/ultramagic.com\/inflatables\/columns\/#primaryimage\"},\"thumbnailUrl\":\"https:\/\/ultramagic.com\/wp-content\/uploads\/2016\/03\/columnes.jpg\",\"datePublished\":\"2016-04-05T16:08:30+00:00\",\"dateModified\":\"2021-03-09T10:20:28+00:00\",\"breadcrumb\":{\"@id\":\"https:\/\/ultramagic.com\/inflatables\/columns\/#breadcrumb\"},\"inLanguage\":\"es\",\"potentialAction\":[{\"@type\":\"ReadAction\",\"target\":[\"https:\/\/ultramagic.com\/inflatables\/columns\/\"]}]},{\"@type\":\"ImageObject\",\"inLanguage\":\"es\",\"@id\":\"https:\/\/ultramagic.com\/inflatables\/columns\/#primaryimage\",\"url\":\"https:\/\/ultramagic.com\/wp-content\/uploads\/2016\/03\/columnes.jpg\",\"contentUrl\":\"https:\/\/ultramagic.com\/wp-content\/uploads\/2016\/03\/columnes.jpg\",\"width\":75,\"height\":75},{\"@type\":\"BreadcrumbList\",\"@id\":\"https:\/\/ultramagic.com\/inflatables\/columns\/#breadcrumb\",\"itemListElement\":[{\"@type\":\"ListItem\",\"position\":1,\"name\":\"Home\",\"item\":\"https:\/\/ultramagic.com\/es\/\"},{\"@type\":\"ListItem\",\"position\":2,\"name\":\"Hinchables\",\"item\":\"https:\/\/ultramagic.com\/inflatables\/\"},{\"@type\":\"ListItem\",\"position\":3,\"name\":\"Columnas Hinchables\"}]},{\"@type\":\"WebSite\",\"@id\":\"https:\/\/ultramagic.com\/#website\",\"url\":\"https:\/\/ultramagic.com\/\",\"name\":\"Ultramagic\",\"description\":\"All about hot air balloon advertising industry and history.Hot air balloon photos and pictures. Enjoy the hot air balloon experience from your home.\",\"potentialAction\":[{\"@type\":\"SearchAction\",\"target\":{\"@type\":\"EntryPoint\",\"urlTemplate\":\"https:\/\/ultramagic.com\/?s={search_term_string}\"},\"query-input\":\"required name=search_term_string\"}],\"inLanguage\":\"es\"}]}<\/script>\n<!-- \/ Yoast SEO plugin. -->","yoast_head_json":{"title":"Columnas Hinchables - Ultramagic","robots":{"index":"index","follow":"follow","max-snippet":"max-snippet:-1","max-image-preview":"max-image-preview:large","max-video-preview":"max-video-preview:-1"},"canonical":"https:\/\/ultramagic.com\/inflatables\/columns\/","og_locale":"es_ES","og_type":"article","og_title":"Columnas Hinchables - Ultramagic","og_description":"&nbsp; Una simple pero muy efectiva forma para anunciar su producto o logotipo. Las latas y las columnas hinchables&nbsp;pueden encajar en peque\u00f1os espacios, dando a la vez mucha altura y espacio para la publicidad en sus 360\u00ba. Esta forma es muy f\u00e1cil de transportar, adem\u00e1s es apto tanto para uso interior como exterior. &nbsp; Caracter\u00edsticas [&hellip;]","og_url":"https:\/\/ultramagic.com\/inflatables\/columns\/","og_site_name":"Ultramagic","article_publisher":"http:\/\/www.facebook.com\/ultramagicballons","article_modified_time":"2021-03-09T10:20:28+00:00","og_image":[{"width":75,"height":75,"url":"https:\/\/ultramagic.com\/wp-content\/uploads\/2016\/03\/columnes.jpg","type":"image\/jpeg"}],"twitter_card":"summary_large_image","twitter_site":"@umballoons","twitter_misc":{"Tiempo de lectura":"1 minuto"},"schema":{"@context":"https:\/\/schema.org","@graph":[{"@type":"WebPage","@id":"https:\/\/ultramagic.com\/inflatables\/columns\/","url":"https:\/\/ultramagic.com\/inflatables\/columns\/","name":"Columnas Hinchables - Ultramagic","isPartOf":{"@id":"https:\/\/ultramagic.com\/#website"},"primaryImageOfPage":{"@id":"https:\/\/ultramagic.com\/inflatables\/columns\/#primaryimage"},"image":{"@id":"https:\/\/ultramagic.com\/inflatables\/columns\/#primaryimage"},"thumbnailUrl":"https:\/\/ultramagic.com\/wp-content\/uploads\/2016\/03\/columnes.jpg","datePublished":"2016-04-05T16:08:30+00:00","dateModified":"2021-03-09T10:20:28+00:00","breadcrumb":{"@id":"https:\/\/ultramagic.com\/inflatables\/columns\/#breadcrumb"},"inLanguage":"es","potentialAction":[{"@type":"ReadAction","target":["https:\/\/ultramagic.com\/inflatables\/columns\/"]}]},{"@type":"ImageObject","inLanguage":"es","@id":"https:\/\/ultramagic.com\/inflatables\/columns\/#primaryimage","url":"https:\/\/ultramagic.com\/wp-content\/uploads\/2016\/03\/columnes.jpg","contentUrl":"https:\/\/ultramagic.com\/wp-content\/uploads\/2016\/03\/columnes.jpg","width":75,"height":75},{"@type":"BreadcrumbList","@id":"https:\/\/ultramagic.com\/inflatables\/columns\/#breadcrumb","itemListElement":[{"@type":"ListItem","position":1,"name":"Home","item":"https:\/\/ultramagic.com\/es\/"},{"@type":"ListItem","position":2,"name":"Hinchables","item":"https:\/\/ultramagic.com\/inflatables\/"},{"@type":"ListItem","position":3,"name":"Columnas Hinchables"}]},{"@type":"WebSite","@id":"https:\/\/ultramagic.com\/#website","url":"https:\/\/ultramagic.com\/","name":"Ultramagic","description":"All about hot air balloon advertising industry and history.Hot air balloon photos and pictures. Enjoy the hot air balloon experience from your home.","potentialAction":[{"@type":"SearchAction","target":{"@type":"EntryPoint","urlTemplate":"https:\/\/ultramagic.com\/?s={search_term_string}"},"query-input":"required name=search_term_string"}],"inLanguage":"es"}]}},"_links":{"self":[{"href":"https:\/\/ultramagic.com\/es\/wp-json\/wp\/v2\/pages\/9598"}],"collection":[{"href":"https:\/\/ultramagic.com\/es\/wp-json\/wp\/v2\/pages"}],"about":[{"href":"https:\/\/ultramagic.com\/es\/wp-json\/wp\/v2\/types\/page"}],"author":[{"embeddable":true,"href":"https:\/\/ultramagic.com\/es\/wp-json\/wp\/v2\/users\/1"}],"replies":[{"embeddable":true,"href":"https:\/\/ultramagic.com\/es\/wp-json\/wp\/v2\/comments?post=9598"}],"version-history":[{"count":9,"href":"https:\/\/ultramagic.com\/es\/wp-json\/wp\/v2\/pages\/9598\/revisions"}],"predecessor-version":[{"id":17471,"href":"https:\/\/ultramagic.com\/es\/wp-json\/wp\/v2\/pages\/9598\/revisions\/17471"}],"up":[{"embeddable":true,"href":"https:\/\/ultramagic.com\/es\/wp-json\/wp\/v2\/pages\/9537"}],"wp:featuredmedia":[{"embeddable":true,"href":"https:\/\/ultramagic.com\/es\/wp-json\/wp\/v2\/media\/8858"}],"wp:attachment":[{"href":"https:\/\/ultramagic.com\/es\/wp-json\/wp\/v2\/media?parent=9598"}],"curies":[{"name":"wp","href":"https:\/\/api.w.org\/{rel}","templated":true}]}}