{"id":9590,"date":"2016-04-05T18:06:52","date_gmt":"2016-04-05T16:06:52","guid":{"rendered":"http:\/\/ultramagic.creagia.com\/es\/?page_id=9590"},"modified":"2016-11-10T11:49:59","modified_gmt":"2016-11-10T10:49:59","slug":"quemadores","status":"publish","type":"page","link":"https:\/\/ultramagic.com\/es\/globos-aerostaticos\/quemadores\/","title":{"rendered":"Quemadores"},"content":{"rendered":"<h2>L\u00edderes mundiales en tecnolog\u00eda.<\/h2>\n<p>Ofrecemos la m\u00e1s avanzada y amplia elecci\u00f3n de quemadores de la industria. Los quemadores de Ultramagic tienen una reputaci\u00f3n envidiable por ser seguros, potentes, con poco ruido, con placer al usarlos y de f\u00e1cil mantenimiento. Est\u00e1n disponibles en configuraci\u00f3n individual, doble, triple y cu\u00e1druple con diferentes opciones de estilo y dise\u00f1o de la potencia. Nuestros quemadores son una buena combinaci\u00f3n entre seguridad y potencia a la vez que calma y silencio asegurando un buen hinchado del globo. Est\u00e1n complementados con una amplia gama de marcos de acero inoxidable de calidad de aviaci\u00f3n dise\u00f1ados para adaptarse a todos los tama\u00f1os y tipos de barquillas. Las configuraciones doble, triple y cu\u00e1druple est\u00e1n equipadas con un sistema de bloqueo de ejes central altamente maniobrable que se pueden adaptar a las necesidades personales del piloto.<\/p>\n","protected":false},"excerpt":{"rendered":"<p>L\u00edderes mundiales en tecnolog\u00eda. Ofrecemos la m\u00e1s avanzada y amplia elecci\u00f3n de quemadores de la industria. Los quemadores de Ultramagic tienen una reputaci\u00f3n envidiable por ser seguros, potentes, con poco ruido, con placer al usarlos y de f\u00e1cil mantenimiento. Est\u00e1n disponibles en configuraci\u00f3n individual, doble, triple y cu\u00e1druple con diferentes opciones de estilo y dise\u00f1o [&hellip;]<\/p>\n","protected":false},"author":1,"featured_media":7578,"parent":9780,"menu_order":0,"comment_status":"closed","ping_status":"open","template":"page-globus-pare.php","meta":{"ngg_post_thumbnail":0,"footnotes":""},"yoast_head":"<!-- This site is optimized with the Yoast SEO plugin v22.7 - https:\/\/yoast.com\/wordpress\/plugins\/seo\/ -->\n<title>Quemadores - Ultramagic<\/title>\n<meta name=\"robots\" content=\"index, follow, max-snippet:-1, max-image-preview:large, max-video-preview:-1\" \/>\n<link rel=\"canonical\" href=\"https:\/\/ultramagic.com\/hot-air-balloons\/burners\/\" \/>\n<meta property=\"og:locale\" content=\"es_ES\" \/>\n<meta property=\"og:type\" content=\"article\" \/>\n<meta property=\"og:title\" content=\"Quemadores - Ultramagic\" \/>\n<meta property=\"og:description\" content=\"L\u00edderes mundiales en tecnolog\u00eda. Ofrecemos la m\u00e1s avanzada y amplia elecci\u00f3n de quemadores de la industria. Los quemadores de Ultramagic tienen una reputaci\u00f3n envidiable por ser seguros, potentes, con poco ruido, con placer al usarlos y de f\u00e1cil mantenimiento. Est\u00e1n disponibles en configuraci\u00f3n individual, doble, triple y cu\u00e1druple con diferentes opciones de estilo y dise\u00f1o [&hellip;]\" \/>\n<meta property=\"og:url\" content=\"https:\/\/ultramagic.com\/hot-air-balloons\/burners\/\" \/>\n<meta property=\"og:site_name\" content=\"Ultramagic\" \/>\n<meta property=\"article:publisher\" content=\"http:\/\/www.facebook.com\/ultramagicballons\" \/>\n<meta property=\"article:modified_time\" content=\"2016-11-10T10:49:59+00:00\" \/>\n<meta property=\"og:image\" content=\"https:\/\/ultramagic.com\/wp-content\/uploads\/2015\/06\/BOTO_CREMADORS.jpg\" \/>\n\t<meta property=\"og:image:width\" content=\"75\" \/>\n\t<meta property=\"og:image:height\" content=\"75\" \/>\n\t<meta property=\"og:image:type\" content=\"image\/jpeg\" \/>\n<meta name=\"twitter:card\" content=\"summary_large_image\" \/>\n<meta name=\"twitter:site\" content=\"@umballoons\" \/>\n<meta name=\"twitter:label1\" content=\"Tiempo de lectura\" \/>\n\t<meta name=\"twitter:data1\" content=\"1 minuto\" \/>\n<script type=\"application\/ld+json\" class=\"yoast-schema-graph\">{\"@context\":\"https:\/\/schema.org\",\"@graph\":[{\"@type\":\"WebPage\",\"@id\":\"https:\/\/ultramagic.com\/hot-air-balloons\/burners\/\",\"url\":\"https:\/\/ultramagic.com\/hot-air-balloons\/burners\/\",\"name\":\"Quemadores - Ultramagic\",\"isPartOf\":{\"@id\":\"https:\/\/ultramagic.com\/#website\"},\"primaryImageOfPage\":{\"@id\":\"https:\/\/ultramagic.com\/hot-air-balloons\/burners\/#primaryimage\"},\"image\":{\"@id\":\"https:\/\/ultramagic.com\/hot-air-balloons\/burners\/#primaryimage\"},\"thumbnailUrl\":\"https:\/\/ultramagic.com\/wp-content\/uploads\/2015\/06\/BOTO_CREMADORS.jpg\",\"datePublished\":\"2016-04-05T16:06:52+00:00\",\"dateModified\":\"2016-11-10T10:49:59+00:00\",\"breadcrumb\":{\"@id\":\"https:\/\/ultramagic.com\/hot-air-balloons\/burners\/#breadcrumb\"},\"inLanguage\":\"es\",\"potentialAction\":[{\"@type\":\"ReadAction\",\"target\":[\"https:\/\/ultramagic.com\/hot-air-balloons\/burners\/\"]}]},{\"@type\":\"ImageObject\",\"inLanguage\":\"es\",\"@id\":\"https:\/\/ultramagic.com\/hot-air-balloons\/burners\/#primaryimage\",\"url\":\"https:\/\/ultramagic.com\/wp-content\/uploads\/2015\/06\/BOTO_CREMADORS.jpg\",\"contentUrl\":\"https:\/\/ultramagic.com\/wp-content\/uploads\/2015\/06\/BOTO_CREMADORS.jpg\",\"width\":75,\"height\":75},{\"@type\":\"BreadcrumbList\",\"@id\":\"https:\/\/ultramagic.com\/hot-air-balloons\/burners\/#breadcrumb\",\"itemListElement\":[{\"@type\":\"ListItem\",\"position\":1,\"name\":\"Home\",\"item\":\"https:\/\/ultramagic.com\/es\/\"},{\"@type\":\"ListItem\",\"position\":2,\"name\":\"Globos aerost\u00e1ticos\",\"item\":\"https:\/\/ultramagic.com\/hot-air-balloons\/\"},{\"@type\":\"ListItem\",\"position\":3,\"name\":\"Quemadores\"}]},{\"@type\":\"WebSite\",\"@id\":\"https:\/\/ultramagic.com\/#website\",\"url\":\"https:\/\/ultramagic.com\/\",\"name\":\"Ultramagic\",\"description\":\"All about hot air balloon advertising industry and history.Hot air balloon photos and pictures. Enjoy the hot air balloon experience from your home.\",\"potentialAction\":[{\"@type\":\"SearchAction\",\"target\":{\"@type\":\"EntryPoint\",\"urlTemplate\":\"https:\/\/ultramagic.com\/?s={search_term_string}\"},\"query-input\":\"required name=search_term_string\"}],\"inLanguage\":\"es\"}]}<\/script>\n<!-- \/ Yoast SEO plugin. -->","yoast_head_json":{"title":"Quemadores - Ultramagic","robots":{"index":"index","follow":"follow","max-snippet":"max-snippet:-1","max-image-preview":"max-image-preview:large","max-video-preview":"max-video-preview:-1"},"canonical":"https:\/\/ultramagic.com\/hot-air-balloons\/burners\/","og_locale":"es_ES","og_type":"article","og_title":"Quemadores - Ultramagic","og_description":"L\u00edderes mundiales en tecnolog\u00eda. Ofrecemos la m\u00e1s avanzada y amplia elecci\u00f3n de quemadores de la industria. Los quemadores de Ultramagic tienen una reputaci\u00f3n envidiable por ser seguros, potentes, con poco ruido, con placer al usarlos y de f\u00e1cil mantenimiento. Est\u00e1n disponibles en configuraci\u00f3n individual, doble, triple y cu\u00e1druple con diferentes opciones de estilo y dise\u00f1o [&hellip;]","og_url":"https:\/\/ultramagic.com\/hot-air-balloons\/burners\/","og_site_name":"Ultramagic","article_publisher":"http:\/\/www.facebook.com\/ultramagicballons","article_modified_time":"2016-11-10T10:49:59+00:00","og_image":[{"width":75,"height":75,"url":"https:\/\/ultramagic.com\/wp-content\/uploads\/2015\/06\/BOTO_CREMADORS.jpg","type":"image\/jpeg"}],"twitter_card":"summary_large_image","twitter_site":"@umballoons","twitter_misc":{"Tiempo de lectura":"1 minuto"},"schema":{"@context":"https:\/\/schema.org","@graph":[{"@type":"WebPage","@id":"https:\/\/ultramagic.com\/hot-air-balloons\/burners\/","url":"https:\/\/ultramagic.com\/hot-air-balloons\/burners\/","name":"Quemadores - Ultramagic","isPartOf":{"@id":"https:\/\/ultramagic.com\/#website"},"primaryImageOfPage":{"@id":"https:\/\/ultramagic.com\/hot-air-balloons\/burners\/#primaryimage"},"image":{"@id":"https:\/\/ultramagic.com\/hot-air-balloons\/burners\/#primaryimage"},"thumbnailUrl":"https:\/\/ultramagic.com\/wp-content\/uploads\/2015\/06\/BOTO_CREMADORS.jpg","datePublished":"2016-04-05T16:06:52+00:00","dateModified":"2016-11-10T10:49:59+00:00","breadcrumb":{"@id":"https:\/\/ultramagic.com\/hot-air-balloons\/burners\/#breadcrumb"},"inLanguage":"es","potentialAction":[{"@type":"ReadAction","target":["https:\/\/ultramagic.com\/hot-air-balloons\/burners\/"]}]},{"@type":"ImageObject","inLanguage":"es","@id":"https:\/\/ultramagic.com\/hot-air-balloons\/burners\/#primaryimage","url":"https:\/\/ultramagic.com\/wp-content\/uploads\/2015\/06\/BOTO_CREMADORS.jpg","contentUrl":"https:\/\/ultramagic.com\/wp-content\/uploads\/2015\/06\/BOTO_CREMADORS.jpg","width":75,"height":75},{"@type":"BreadcrumbList","@id":"https:\/\/ultramagic.com\/hot-air-balloons\/burners\/#breadcrumb","itemListElement":[{"@type":"ListItem","position":1,"name":"Home","item":"https:\/\/ultramagic.com\/es\/"},{"@type":"ListItem","position":2,"name":"Globos aerost\u00e1ticos","item":"https:\/\/ultramagic.com\/hot-air-balloons\/"},{"@type":"ListItem","position":3,"name":"Quemadores"}]},{"@type":"WebSite","@id":"https:\/\/ultramagic.com\/#website","url":"https:\/\/ultramagic.com\/","name":"Ultramagic","description":"All about hot air balloon advertising industry and history.Hot air balloon photos and pictures. Enjoy the hot air balloon experience from your home.","potentialAction":[{"@type":"SearchAction","target":{"@type":"EntryPoint","urlTemplate":"https:\/\/ultramagic.com\/?s={search_term_string}"},"query-input":"required name=search_term_string"}],"inLanguage":"es"}]}},"_links":{"self":[{"href":"https:\/\/ultramagic.com\/es\/wp-json\/wp\/v2\/pages\/9590"}],"collection":[{"href":"https:\/\/ultramagic.com\/es\/wp-json\/wp\/v2\/pages"}],"about":[{"href":"https:\/\/ultramagic.com\/es\/wp-json\/wp\/v2\/types\/page"}],"author":[{"embeddable":true,"href":"https:\/\/ultramagic.com\/es\/wp-json\/wp\/v2\/users\/1"}],"replies":[{"embeddable":true,"href":"https:\/\/ultramagic.com\/es\/wp-json\/wp\/v2\/comments?post=9590"}],"version-history":[{"count":3,"href":"https:\/\/ultramagic.com\/es\/wp-json\/wp\/v2\/pages\/9590\/revisions"}],"predecessor-version":[{"id":10945,"href":"https:\/\/ultramagic.com\/es\/wp-json\/wp\/v2\/pages\/9590\/revisions\/10945"}],"up":[{"embeddable":true,"href":"https:\/\/ultramagic.com\/es\/wp-json\/wp\/v2\/pages\/9780"}],"wp:featuredmedia":[{"embeddable":true,"href":"https:\/\/ultramagic.com\/es\/wp-json\/wp\/v2\/media\/7578"}],"wp:attachment":[{"href":"https:\/\/ultramagic.com\/es\/wp-json\/wp\/v2\/media?parent=9590"}],"curies":[{"name":"wp","href":"https:\/\/api.w.org\/{rel}","templated":true}]}}