{"id":9578,"date":"2016-04-06T09:31:44","date_gmt":"2016-04-06T07:31:44","guid":{"rendered":"http:\/\/ultramagic.creagia.com\/ca\/?page_id=9578"},"modified":"2016-07-14T13:24:44","modified_gmt":"2016-07-14T11:24:44","slug":"barquillas","status":"publish","type":"page","link":"https:\/\/ultramagic.com\/es\/globos-aerostaticos\/barquillas\/","title":{"rendered":"Barquillas"},"content":{"rendered":"<p>Las barquillas Ultramagic son conocidas por su excelente calidad y rigidez de forma. Todas son construidas a mano en nuestra f\u00e1brica usando solamente junco de primera calidad. Ligeras y resistentes con suelos de madera escandinava y barras reforzadas, cada barquilla dispone de 2 sujeciones de acero en cada esquina para mejorar la seguridad as\u00ed como para poder disponer del mayor n\u00famero de amarres tanto dentro como fuera del recept\u00e1culo. La parte superior esta acabada con una selecci\u00f3n de cuero o serraje, cuyo grosor natural sirve de protecci\u00f3n para el interior.<\/p>\n","protected":false},"excerpt":{"rendered":"<p>Las barquillas Ultramagic son conocidas por su excelente calidad y rigidez de forma. Todas son construidas a mano en nuestra f\u00e1brica usando solamente junco de primera calidad. Ligeras y resistentes con suelos de madera escandinava y barras reforzadas, cada barquilla dispone de 2 sujeciones de acero en cada esquina para mejorar la seguridad as\u00ed como [&hellip;]<\/p>\n","protected":false},"author":1,"featured_media":245,"parent":9780,"menu_order":0,"comment_status":"closed","ping_status":"open","template":"page-globus-pare.php","meta":{"ngg_post_thumbnail":0,"footnotes":""},"yoast_head":"<!-- This site is optimized with the Yoast SEO plugin v22.7 - https:\/\/yoast.com\/wordpress\/plugins\/seo\/ -->\n<title>Barquillas - Ultramagic<\/title>\n<meta name=\"robots\" content=\"index, follow, max-snippet:-1, max-image-preview:large, max-video-preview:-1\" \/>\n<link rel=\"canonical\" href=\"https:\/\/ultramagic.com\/hot-air-balloons\/baskets\/\" \/>\n<meta property=\"og:locale\" content=\"es_ES\" \/>\n<meta property=\"og:type\" content=\"article\" \/>\n<meta property=\"og:title\" content=\"Barquillas - Ultramagic\" \/>\n<meta property=\"og:description\" content=\"Las barquillas Ultramagic son conocidas por su excelente calidad y rigidez de forma. Todas son construidas a mano en nuestra f\u00e1brica usando solamente junco de primera calidad. Ligeras y resistentes con suelos de madera escandinava y barras reforzadas, cada barquilla dispone de 2 sujeciones de acero en cada esquina para mejorar la seguridad as\u00ed como [&hellip;]\" \/>\n<meta property=\"og:url\" content=\"https:\/\/ultramagic.com\/hot-air-balloons\/baskets\/\" \/>\n<meta property=\"og:site_name\" content=\"Ultramagic\" \/>\n<meta property=\"article:publisher\" content=\"http:\/\/www.facebook.com\/ultramagicballons\" \/>\n<meta property=\"article:modified_time\" content=\"2016-07-14T11:24:44+00:00\" \/>\n<meta property=\"og:image\" content=\"https:\/\/ultramagic.com\/wp-content\/uploads\/2015\/06\/baskets.png\" \/>\n\t<meta property=\"og:image:width\" content=\"75\" \/>\n\t<meta property=\"og:image:height\" content=\"75\" \/>\n\t<meta property=\"og:image:type\" content=\"image\/png\" \/>\n<meta name=\"twitter:card\" content=\"summary_large_image\" \/>\n<meta name=\"twitter:site\" content=\"@umballoons\" \/>\n<script type=\"application\/ld+json\" class=\"yoast-schema-graph\">{\"@context\":\"https:\/\/schema.org\",\"@graph\":[{\"@type\":\"WebPage\",\"@id\":\"https:\/\/ultramagic.com\/hot-air-balloons\/baskets\/\",\"url\":\"https:\/\/ultramagic.com\/hot-air-balloons\/baskets\/\",\"name\":\"Barquillas - Ultramagic\",\"isPartOf\":{\"@id\":\"https:\/\/ultramagic.com\/#website\"},\"primaryImageOfPage\":{\"@id\":\"https:\/\/ultramagic.com\/hot-air-balloons\/baskets\/#primaryimage\"},\"image\":{\"@id\":\"https:\/\/ultramagic.com\/hot-air-balloons\/baskets\/#primaryimage\"},\"thumbnailUrl\":\"https:\/\/ultramagic.com\/wp-content\/uploads\/2015\/06\/baskets.png\",\"datePublished\":\"2016-04-06T07:31:44+00:00\",\"dateModified\":\"2016-07-14T11:24:44+00:00\",\"breadcrumb\":{\"@id\":\"https:\/\/ultramagic.com\/hot-air-balloons\/baskets\/#breadcrumb\"},\"inLanguage\":\"es\",\"potentialAction\":[{\"@type\":\"ReadAction\",\"target\":[\"https:\/\/ultramagic.com\/hot-air-balloons\/baskets\/\"]}]},{\"@type\":\"ImageObject\",\"inLanguage\":\"es\",\"@id\":\"https:\/\/ultramagic.com\/hot-air-balloons\/baskets\/#primaryimage\",\"url\":\"https:\/\/ultramagic.com\/wp-content\/uploads\/2015\/06\/baskets.png\",\"contentUrl\":\"https:\/\/ultramagic.com\/wp-content\/uploads\/2015\/06\/baskets.png\",\"width\":75,\"height\":75},{\"@type\":\"BreadcrumbList\",\"@id\":\"https:\/\/ultramagic.com\/hot-air-balloons\/baskets\/#breadcrumb\",\"itemListElement\":[{\"@type\":\"ListItem\",\"position\":1,\"name\":\"Home\",\"item\":\"https:\/\/ultramagic.com\/es\/\"},{\"@type\":\"ListItem\",\"position\":2,\"name\":\"Globos aerost\u00e1ticos\",\"item\":\"https:\/\/ultramagic.com\/hot-air-balloons\/\"},{\"@type\":\"ListItem\",\"position\":3,\"name\":\"Barquillas\"}]},{\"@type\":\"WebSite\",\"@id\":\"https:\/\/ultramagic.com\/#website\",\"url\":\"https:\/\/ultramagic.com\/\",\"name\":\"Ultramagic\",\"description\":\"All about hot air balloon advertising industry and history.Hot air balloon photos and pictures. Enjoy the hot air balloon experience from your home.\",\"potentialAction\":[{\"@type\":\"SearchAction\",\"target\":{\"@type\":\"EntryPoint\",\"urlTemplate\":\"https:\/\/ultramagic.com\/?s={search_term_string}\"},\"query-input\":\"required name=search_term_string\"}],\"inLanguage\":\"es\"}]}<\/script>\n<!-- \/ Yoast SEO plugin. -->","yoast_head_json":{"title":"Barquillas - Ultramagic","robots":{"index":"index","follow":"follow","max-snippet":"max-snippet:-1","max-image-preview":"max-image-preview:large","max-video-preview":"max-video-preview:-1"},"canonical":"https:\/\/ultramagic.com\/hot-air-balloons\/baskets\/","og_locale":"es_ES","og_type":"article","og_title":"Barquillas - Ultramagic","og_description":"Las barquillas Ultramagic son conocidas por su excelente calidad y rigidez de forma. Todas son construidas a mano en nuestra f\u00e1brica usando solamente junco de primera calidad. Ligeras y resistentes con suelos de madera escandinava y barras reforzadas, cada barquilla dispone de 2 sujeciones de acero en cada esquina para mejorar la seguridad as\u00ed como [&hellip;]","og_url":"https:\/\/ultramagic.com\/hot-air-balloons\/baskets\/","og_site_name":"Ultramagic","article_publisher":"http:\/\/www.facebook.com\/ultramagicballons","article_modified_time":"2016-07-14T11:24:44+00:00","og_image":[{"width":75,"height":75,"url":"https:\/\/ultramagic.com\/wp-content\/uploads\/2015\/06\/baskets.png","type":"image\/png"}],"twitter_card":"summary_large_image","twitter_site":"@umballoons","schema":{"@context":"https:\/\/schema.org","@graph":[{"@type":"WebPage","@id":"https:\/\/ultramagic.com\/hot-air-balloons\/baskets\/","url":"https:\/\/ultramagic.com\/hot-air-balloons\/baskets\/","name":"Barquillas - Ultramagic","isPartOf":{"@id":"https:\/\/ultramagic.com\/#website"},"primaryImageOfPage":{"@id":"https:\/\/ultramagic.com\/hot-air-balloons\/baskets\/#primaryimage"},"image":{"@id":"https:\/\/ultramagic.com\/hot-air-balloons\/baskets\/#primaryimage"},"thumbnailUrl":"https:\/\/ultramagic.com\/wp-content\/uploads\/2015\/06\/baskets.png","datePublished":"2016-04-06T07:31:44+00:00","dateModified":"2016-07-14T11:24:44+00:00","breadcrumb":{"@id":"https:\/\/ultramagic.com\/hot-air-balloons\/baskets\/#breadcrumb"},"inLanguage":"es","potentialAction":[{"@type":"ReadAction","target":["https:\/\/ultramagic.com\/hot-air-balloons\/baskets\/"]}]},{"@type":"ImageObject","inLanguage":"es","@id":"https:\/\/ultramagic.com\/hot-air-balloons\/baskets\/#primaryimage","url":"https:\/\/ultramagic.com\/wp-content\/uploads\/2015\/06\/baskets.png","contentUrl":"https:\/\/ultramagic.com\/wp-content\/uploads\/2015\/06\/baskets.png","width":75,"height":75},{"@type":"BreadcrumbList","@id":"https:\/\/ultramagic.com\/hot-air-balloons\/baskets\/#breadcrumb","itemListElement":[{"@type":"ListItem","position":1,"name":"Home","item":"https:\/\/ultramagic.com\/es\/"},{"@type":"ListItem","position":2,"name":"Globos aerost\u00e1ticos","item":"https:\/\/ultramagic.com\/hot-air-balloons\/"},{"@type":"ListItem","position":3,"name":"Barquillas"}]},{"@type":"WebSite","@id":"https:\/\/ultramagic.com\/#website","url":"https:\/\/ultramagic.com\/","name":"Ultramagic","description":"All about hot air balloon advertising industry and history.Hot air balloon photos and pictures. Enjoy the hot air balloon experience from your home.","potentialAction":[{"@type":"SearchAction","target":{"@type":"EntryPoint","urlTemplate":"https:\/\/ultramagic.com\/?s={search_term_string}"},"query-input":"required name=search_term_string"}],"inLanguage":"es"}]}},"_links":{"self":[{"href":"https:\/\/ultramagic.com\/es\/wp-json\/wp\/v2\/pages\/9578"}],"collection":[{"href":"https:\/\/ultramagic.com\/es\/wp-json\/wp\/v2\/pages"}],"about":[{"href":"https:\/\/ultramagic.com\/es\/wp-json\/wp\/v2\/types\/page"}],"author":[{"embeddable":true,"href":"https:\/\/ultramagic.com\/es\/wp-json\/wp\/v2\/users\/1"}],"replies":[{"embeddable":true,"href":"https:\/\/ultramagic.com\/es\/wp-json\/wp\/v2\/comments?post=9578"}],"version-history":[{"count":4,"href":"https:\/\/ultramagic.com\/es\/wp-json\/wp\/v2\/pages\/9578\/revisions"}],"predecessor-version":[{"id":10764,"href":"https:\/\/ultramagic.com\/es\/wp-json\/wp\/v2\/pages\/9578\/revisions\/10764"}],"up":[{"embeddable":true,"href":"https:\/\/ultramagic.com\/es\/wp-json\/wp\/v2\/pages\/9780"}],"wp:featuredmedia":[{"embeddable":true,"href":"https:\/\/ultramagic.com\/es\/wp-json\/wp\/v2\/media\/245"}],"wp:attachment":[{"href":"https:\/\/ultramagic.com\/es\/wp-json\/wp\/v2\/media?parent=9578"}],"curies":[{"name":"wp","href":"https:\/\/api.w.org\/{rel}","templated":true}]}}