{"id":9555,"date":"2016-04-05T13:31:21","date_gmt":"2016-04-05T11:31:21","guid":{"rendered":"http:\/\/ultramagic.creagia.com\/es\/?page_id=9555"},"modified":"2024-10-01T08:00:49","modified_gmt":"2024-10-01T06:00:49","slug":"bases-concurso-fotografico","status":"publish","type":"page","link":"https:\/\/ultramagic.com\/es\/bases-concurso-fotografico\/","title":{"rendered":"Bases concurso fotogr\u00e1fico"},"content":{"rendered":"<p>La participaci\u00f3n en este concurso implica la aceptaci\u00f3n total de todas y cada una de estas bases.<\/p>\n<p><strong>a)<\/strong> Tema: fotograf\u00edas de globos aerost\u00e1ticos que consistan en al menos un globo de cualquier tama\u00f1o o una parte de un globo, por ejemplo, vela, quemador o cesta. La mayor parte del globo o del equipo debe ser un producto Ultramagic.<\/p>\n<p><strong>b)<\/strong> La\/s imagen\/es deben ser enviadas al correo electr\u00f3nico: <a href=\"mailto:contest@ultramagic.com\">contest@ultramagic.com<\/a> junto con la informaci\u00f3n personal del participante (nombre, apellido, direcci\u00f3n, correo electr\u00f3nico, n\u00famero de tel\u00e9fono y nombre de usuario de Instagram (si hubiera)) y la ubicaci\u00f3n de la fotograf\u00eda presentada en el concurso. La medida m\u00ednima aceptada para el archivo a ser enviado por correo electr\u00f3nico es de 2Mb.<\/p>\n<p><strong>c)<\/strong> Durante el mes de octubre, las 12 mejores fotos ser\u00e1n seleccionadas entre todas las fotos recibidas ese a\u00f1o, una por cada mes calendario.<\/p>\n<p><strong>d)<\/strong> Si se declaran menos de 12 ganadores, se seleccionar\u00e1n fotograf\u00edas de los archivos de Ultramagic.<\/p>\n<p><strong>e)<\/strong> A final del a\u00f1o se publicar\u00e1 un calendario de medida 30x40cm utilizando las 12 fotograf\u00edas seleccionadas. Para que la participaci\u00f3n sea v\u00e1lida, se requiere la autorizaci\u00f3n de cada participante en el concurso para publicar la fotograf\u00eda en el calendario, en los medios de comunicaci\u00f3n, en el sitio web de Ultramagic y a trav\u00e9s de los canales que Ultramagic considere oportunos. Todas las fotograf\u00edas publicadas incluir\u00e1n el nombre del autor.<\/p>\n<p><strong>f)<\/strong> Cada ganador recibir\u00e1 un lote de equipamiento de Ultramagic y 10 calendarios. La comunicaci\u00f3n de la entrega del premio, que est\u00e1 previsto se realice a mediados de diciembre, se notificar\u00e1 al ganador a trav\u00e9s de un correo electr\u00f3nico a la direcci\u00f3n de correo electr\u00f3nico indicada.<\/p>\n<p><strong>g)<\/strong> Las fotograf\u00edas deben ser propiedad del autor que las presenta a concurso. Cada concursante podr\u00e1 presentar tantas fotograf\u00edas como desee, originales e in\u00e9ditas y que no hayan sido presentadas previamente en otros concursos, p\u00e1ginas web o cualquier otro medio digital o impreso. Los participantes son plenamente responsables de ser los \u00fanicos autores, de no existir derechos sobre terceros, as\u00ed como de cualquier reclamaci\u00f3n de derechos de imagen sobre las fotograf\u00edas presentadas al concurso.<\/p>\n<p><strong>h)<\/strong> Las fotograf\u00edas ganadoras seguir\u00e1n siendo propiedad de Ultramagic, que podr\u00e1 exhibirlas p\u00fablicamente.<\/p>\n<p><strong>i)<\/strong> Los autores de las fotograf\u00edas premiadas y seleccionadas ceder\u00e1n, a t\u00edtulo gratuito a favor de Ultramagic, los derechos de reproducci\u00f3n y comunicaci\u00f3n p\u00fablica con fines de exhibici\u00f3n y difusi\u00f3n a trav\u00e9s de los medios utilizados por Ultramagic, mencionando en todo caso el nombre del autor.<\/p>\n<p><strong>j)<\/strong> Todas aquellas fotograf\u00edas que no cumplan con alguno de los requisitos establecidos en estas bases del concurso ser\u00e1n autom\u00e1ticamente descalificadas.<\/p>\n","protected":false},"excerpt":{"rendered":"<p>La participaci\u00f3n en este concurso implica la aceptaci\u00f3n total de todas y cada una de estas bases. a) Tema: fotograf\u00edas de globos aerost\u00e1ticos que consistan en al menos un globo de cualquier tama\u00f1o o una parte de un globo, por ejemplo, vela, quemador o cesta. La mayor parte del globo o del equipo debe ser [&hellip;]<\/p>\n","protected":false},"author":1,"featured_media":0,"parent":0,"menu_order":0,"comment_status":"closed","ping_status":"open","template":"","meta":{"ngg_post_thumbnail":0,"footnotes":""},"yoast_head":"<!-- This site is optimized with the Yoast SEO plugin v22.7 - https:\/\/yoast.com\/wordpress\/plugins\/seo\/ -->\n<title>Bases concurso fotogr\u00e1fico - Ultramagic<\/title>\n<meta name=\"robots\" content=\"index, follow, max-snippet:-1, max-image-preview:large, max-video-preview:-1\" \/>\n<link rel=\"canonical\" href=\"https:\/\/ultramagic.com\/es\/bases-concurso-fotografico\/\" \/>\n<meta property=\"og:locale\" content=\"es_ES\" \/>\n<meta property=\"og:type\" content=\"article\" \/>\n<meta property=\"og:title\" content=\"Bases concurso fotogr\u00e1fico - Ultramagic\" \/>\n<meta property=\"og:description\" content=\"La participaci\u00f3n en este concurso implica la aceptaci\u00f3n total de todas y cada una de estas bases. a) Tema: fotograf\u00edas de globos aerost\u00e1ticos que consistan en al menos un globo de cualquier tama\u00f1o o una parte de un globo, por ejemplo, vela, quemador o cesta. La mayor parte del globo o del equipo debe ser [&hellip;]\" \/>\n<meta property=\"og:url\" content=\"https:\/\/ultramagic.com\/es\/bases-concurso-fotografico\/\" \/>\n<meta property=\"og:site_name\" content=\"Ultramagic\" \/>\n<meta property=\"article:publisher\" content=\"http:\/\/www.facebook.com\/ultramagicballons\" \/>\n<meta property=\"article:modified_time\" content=\"2024-10-01T06:00:49+00:00\" \/>\n<meta name=\"twitter:card\" content=\"summary_large_image\" \/>\n<meta name=\"twitter:site\" content=\"@umballoons\" \/>\n<meta name=\"twitter:label1\" content=\"Tiempo de lectura\" \/>\n\t<meta name=\"twitter:data1\" content=\"2 minutos\" \/>\n<script type=\"application\/ld+json\" class=\"yoast-schema-graph\">{\"@context\":\"https:\/\/schema.org\",\"@graph\":[{\"@type\":\"WebPage\",\"@id\":\"https:\/\/ultramagic.com\/es\/bases-concurso-fotografico\/\",\"url\":\"https:\/\/ultramagic.com\/es\/bases-concurso-fotografico\/\",\"name\":\"Bases concurso fotogr\u00e1fico - Ultramagic\",\"isPartOf\":{\"@id\":\"https:\/\/ultramagic.com\/#website\"},\"datePublished\":\"2016-04-05T11:31:21+00:00\",\"dateModified\":\"2024-10-01T06:00:49+00:00\",\"breadcrumb\":{\"@id\":\"https:\/\/ultramagic.com\/es\/bases-concurso-fotografico\/#breadcrumb\"},\"inLanguage\":\"es\",\"potentialAction\":[{\"@type\":\"ReadAction\",\"target\":[\"https:\/\/ultramagic.com\/es\/bases-concurso-fotografico\/\"]}]},{\"@type\":\"BreadcrumbList\",\"@id\":\"https:\/\/ultramagic.com\/es\/bases-concurso-fotografico\/#breadcrumb\",\"itemListElement\":[{\"@type\":\"ListItem\",\"position\":1,\"name\":\"Home\",\"item\":\"https:\/\/ultramagic.com\/es\/\"},{\"@type\":\"ListItem\",\"position\":2,\"name\":\"Bases concurso fotogr\u00e1fico\"}]},{\"@type\":\"WebSite\",\"@id\":\"https:\/\/ultramagic.com\/#website\",\"url\":\"https:\/\/ultramagic.com\/\",\"name\":\"Ultramagic\",\"description\":\"All about hot air balloon advertising industry and history.Hot air balloon photos and pictures. Enjoy the hot air balloon experience from your home.\",\"potentialAction\":[{\"@type\":\"SearchAction\",\"target\":{\"@type\":\"EntryPoint\",\"urlTemplate\":\"https:\/\/ultramagic.com\/?s={search_term_string}\"},\"query-input\":\"required name=search_term_string\"}],\"inLanguage\":\"es\"}]}<\/script>\n<!-- \/ Yoast SEO plugin. -->","yoast_head_json":{"title":"Bases concurso fotogr\u00e1fico - Ultramagic","robots":{"index":"index","follow":"follow","max-snippet":"max-snippet:-1","max-image-preview":"max-image-preview:large","max-video-preview":"max-video-preview:-1"},"canonical":"https:\/\/ultramagic.com\/es\/bases-concurso-fotografico\/","og_locale":"es_ES","og_type":"article","og_title":"Bases concurso fotogr\u00e1fico - Ultramagic","og_description":"La participaci\u00f3n en este concurso implica la aceptaci\u00f3n total de todas y cada una de estas bases. a) Tema: fotograf\u00edas de globos aerost\u00e1ticos que consistan en al menos un globo de cualquier tama\u00f1o o una parte de un globo, por ejemplo, vela, quemador o cesta. La mayor parte del globo o del equipo debe ser [&hellip;]","og_url":"https:\/\/ultramagic.com\/es\/bases-concurso-fotografico\/","og_site_name":"Ultramagic","article_publisher":"http:\/\/www.facebook.com\/ultramagicballons","article_modified_time":"2024-10-01T06:00:49+00:00","twitter_card":"summary_large_image","twitter_site":"@umballoons","twitter_misc":{"Tiempo de lectura":"2 minutos"},"schema":{"@context":"https:\/\/schema.org","@graph":[{"@type":"WebPage","@id":"https:\/\/ultramagic.com\/es\/bases-concurso-fotografico\/","url":"https:\/\/ultramagic.com\/es\/bases-concurso-fotografico\/","name":"Bases concurso fotogr\u00e1fico - Ultramagic","isPartOf":{"@id":"https:\/\/ultramagic.com\/#website"},"datePublished":"2016-04-05T11:31:21+00:00","dateModified":"2024-10-01T06:00:49+00:00","breadcrumb":{"@id":"https:\/\/ultramagic.com\/es\/bases-concurso-fotografico\/#breadcrumb"},"inLanguage":"es","potentialAction":[{"@type":"ReadAction","target":["https:\/\/ultramagic.com\/es\/bases-concurso-fotografico\/"]}]},{"@type":"BreadcrumbList","@id":"https:\/\/ultramagic.com\/es\/bases-concurso-fotografico\/#breadcrumb","itemListElement":[{"@type":"ListItem","position":1,"name":"Home","item":"https:\/\/ultramagic.com\/es\/"},{"@type":"ListItem","position":2,"name":"Bases concurso fotogr\u00e1fico"}]},{"@type":"WebSite","@id":"https:\/\/ultramagic.com\/#website","url":"https:\/\/ultramagic.com\/","name":"Ultramagic","description":"All about hot air balloon advertising industry and history.Hot air balloon photos and pictures. Enjoy the hot air balloon experience from your home.","potentialAction":[{"@type":"SearchAction","target":{"@type":"EntryPoint","urlTemplate":"https:\/\/ultramagic.com\/?s={search_term_string}"},"query-input":"required name=search_term_string"}],"inLanguage":"es"}]}},"_links":{"self":[{"href":"https:\/\/ultramagic.com\/es\/wp-json\/wp\/v2\/pages\/9555"}],"collection":[{"href":"https:\/\/ultramagic.com\/es\/wp-json\/wp\/v2\/pages"}],"about":[{"href":"https:\/\/ultramagic.com\/es\/wp-json\/wp\/v2\/types\/page"}],"author":[{"embeddable":true,"href":"https:\/\/ultramagic.com\/es\/wp-json\/wp\/v2\/users\/1"}],"replies":[{"embeddable":true,"href":"https:\/\/ultramagic.com\/es\/wp-json\/wp\/v2\/comments?post=9555"}],"version-history":[{"count":5,"href":"https:\/\/ultramagic.com\/es\/wp-json\/wp\/v2\/pages\/9555\/revisions"}],"predecessor-version":[{"id":18986,"href":"https:\/\/ultramagic.com\/es\/wp-json\/wp\/v2\/pages\/9555\/revisions\/18986"}],"wp:attachment":[{"href":"https:\/\/ultramagic.com\/es\/wp-json\/wp\/v2\/media?parent=9555"}],"curies":[{"name":"wp","href":"https:\/\/api.w.org\/{rel}","templated":true}]}}