{"id":9544,"date":"2016-04-05T13:29:46","date_gmt":"2016-04-05T11:29:46","guid":{"rendered":"http:\/\/ultramagic.creagia.com\/es\/?page_id=9544"},"modified":"2016-06-06T17:52:22","modified_gmt":"2016-06-06T15:52:22","slug":"escuela-pilotos","status":"publish","type":"page","link":"https:\/\/ultramagic.com\/es\/escuela-pilotos\/","title":{"rendered":"Escuela pilotos"},"content":{"rendered":"<h2>Organizaci\u00f3n de Formaci\u00f3n Aprobada (ATO) por\u00a0EASA \u00a0siguiendo la normativa Part-FCL (Licencias de tripulaci\u00f3n de vuelo)<\/h2>\n<p>Ultramagic tiene m\u00e1s de 30 a\u00f1os de experiencia en formaci\u00f3n\u00a0de pilotos para globos aerost\u00e1ticos. La compa\u00f1\u00eda fue una de las primeras organizaciones de formaci\u00f3n\u00a0de pilotos en Europa aprobadas por EASA (European Aviation Safety Agency).\u00a0<a href=\"http:\/\/ultramagic.com\/wp-content\/uploads\/2016\/02\/foto_I_A_A.jpg\" rel=\"attachment wp-att-10462\"><img loading=\"lazy\" decoding=\"async\" class=\"alignright wp-image-10462 size-full\" src=\"http:\/\/ultramagic.com\/wp-content\/uploads\/2016\/02\/foto_I_A_A.jpg\" alt=\"foto_I_A_A\" width=\"468\" height=\"625\" srcset=\"https:\/\/ultramagic.com\/wp-content\/uploads\/2016\/02\/foto_I_A_A.jpg 468w, https:\/\/ultramagic.com\/wp-content\/uploads\/2016\/02\/foto_I_A_A-225x300.jpg 225w\" sizes=\"(max-width: 468px) 100vw, 468px\" \/><\/a><\/p>\n<p>Ofrecemos un curso para obtener la licencia europea para globos aerost\u00e1ticos, que incluye conocimientos te\u00f3rico e instrucci\u00f3n de vuelo. Este curso est\u00e1 enfocado para obtener la licencia privada para globos aerost\u00e1ticos de 120 000 pies cub. Este es el primer paso a seguir para ser piloto, y a continuaci\u00f3n, si se quiere, se tiene que hacer m\u00e1s horas para obtener otros t\u00edtulos ya sea para comercial o para vuelos de noche.<\/p>\n<p>&nbsp;<\/p>\n<p>El vuelo de formaci\u00f3n incluye un total de 16 horas de vuelo, que al menos incluyen:<br \/>\n&#8211; 12 horas de vuelo dual con el instructor,<br \/>\n&#8211; 10 hinchados y 20 despegues y aterrizajes, y<br \/>\n&#8211; 1 vuelo solo supervisado con un instructor de una duraci\u00f3n m\u00ednima de 30 minutos.<\/p>\n<p>&nbsp;<\/p>\n<p>El curso y el examen puede ser en ingl\u00e9s o espa\u00f1ol.<\/p>\n<p>&nbsp;<\/p>\n<p>Si quiere hacer el curso en un formato intensivo le recomendamos que venga un mes para tener tiempo para hacer los vuelos de instrucci\u00f3n, el curso de conocimientos te\u00f3ricos y los ex\u00e1menes. Se aconseja si se puede hacerlo en un formato de 2 \u00a0veces 2 semanas o idealmente ir adquiriendo los conocimientos en un formato no-intensivo haciendo los vuelos durante un per\u00edodo de 6 meses.<a href=\"http:\/\/ultramagic.com\/wp-content\/uploads\/2016\/02\/WhatsApp-Image-20160512.jpg\" rel=\"attachment wp-att-10458\"><img loading=\"lazy\" decoding=\"async\" class=\"wp-image-10458 size-medium alignright\" src=\"http:\/\/ultramagic.com\/wp-content\/uploads\/2016\/02\/WhatsApp-Image-20160512-300x169.jpg\" alt=\"WhatsApp-Image-20160512\" width=\"300\" height=\"169\" srcset=\"https:\/\/ultramagic.com\/wp-content\/uploads\/2016\/02\/WhatsApp-Image-20160512-300x169.jpg 300w, https:\/\/ultramagic.com\/wp-content\/uploads\/2016\/02\/WhatsApp-Image-20160512-768x432.jpg 768w, https:\/\/ultramagic.com\/wp-content\/uploads\/2016\/02\/WhatsApp-Image-20160512-1024x576.jpg 1024w, https:\/\/ultramagic.com\/wp-content\/uploads\/2016\/02\/WhatsApp-Image-20160512.jpg 1328w\" sizes=\"(max-width: 300px) 100vw, 300px\" \/><\/a><\/p>\n<p>Para hacer el curso, previamente se necesita obtener el certificado m\u00e9dico Clase 2 en Espa\u00f1a. Si lo prefieren, les podemos ayudar a concertar la cita con el m\u00e9dico aeron\u00e1utico.<\/p>\n<p>&nbsp;<\/p>\n<p>La escuela de formaci\u00f3n se encuentra en el aer\u00f3dromo de Igualada (Odena), a menos de una hora de coche desde el aeropuerto internacional de Barcelona. Aqu\u00ed aprender\u00e1 a volar en diferentes \u00e1reas y condiciones. Durante el a\u00f1o las condiciones meteorol\u00f3gicas son buenas y variadas para adquirir la experiencia necesaria y\u00a0estar confiado para volar y desarrollar plenamente sus habilidades.<\/p>\n<p>Ser\u00e1 entrenado por instructores profesionales altamente calificados con muchas horas de experiencia de vuelo. Estos instructores tienen muchos a\u00f1os de experiencia ayudando a cientos de pilotos a realizar su sue\u00f1o. Tambi\u00e9n podr\u00e1 conocer al personal t\u00e9cnico de la f\u00e1brica de Ultramagic; muchos de ellos son pilotos muy experimentados.<\/p>\n<p>Podemos buscarle alojamiento a un precio razonable para hacer su entrenamiento de vuelo a\u00fan m\u00e1s agradable, con restaurantes locales cerca que ofrecen buena cocina catalana a buen precio.<\/p>\n<p>&nbsp;<\/p>\n<p>En Ultramagic ATO les ayudaremos durante el proceso. Esperemos que disfrute de esta experiencia &#8211; ser\u00e1 algo que recordar\u00e1 para el resto de su vida. Nos encanta volar en globo y queremos compartirlo con vosotros.<\/p>\n<p>&nbsp;<\/p>\n<p>Contacte con <strong>ato@ultramagic.com<\/strong> si quiere m\u00e1s informaci\u00f3n.<\/p>\n<p>Tambi\u00e9n le podemos ofrecer otros cursos &#8211; por ejemplo, cursos de mantenimiento y cursos para ser instructor.<\/p>\n","protected":false},"excerpt":{"rendered":"<p>Organizaci\u00f3n de Formaci\u00f3n Aprobada (ATO) por\u00a0EASA \u00a0siguiendo la normativa Part-FCL (Licencias de tripulaci\u00f3n de vuelo) Ultramagic tiene m\u00e1s de 30 a\u00f1os de experiencia en formaci\u00f3n\u00a0de pilotos para globos aerost\u00e1ticos. La compa\u00f1\u00eda fue una de las primeras organizaciones de formaci\u00f3n\u00a0de pilotos en Europa aprobadas por EASA (European Aviation Safety Agency).\u00a0 Ofrecemos un curso para obtener la [&hellip;]<\/p>\n","protected":false},"author":1,"featured_media":0,"parent":0,"menu_order":0,"comment_status":"closed","ping_status":"closed","template":"page-fotos.php","meta":{"ngg_post_thumbnail":0,"footnotes":""},"yoast_head":"<!-- This site is optimized with the Yoast SEO plugin v22.7 - https:\/\/yoast.com\/wordpress\/plugins\/seo\/ -->\n<title>Escuela pilotos - Ultramagic<\/title>\n<meta name=\"robots\" content=\"index, follow, max-snippet:-1, max-image-preview:large, max-video-preview:-1\" \/>\n<link rel=\"canonical\" href=\"https:\/\/ultramagic.com\/es\/escuela-pilotos\/\" \/>\n<meta property=\"og:locale\" content=\"es_ES\" \/>\n<meta property=\"og:type\" content=\"article\" \/>\n<meta property=\"og:title\" content=\"Escuela pilotos - Ultramagic\" \/>\n<meta property=\"og:description\" content=\"Organizaci\u00f3n de Formaci\u00f3n Aprobada (ATO) por\u00a0EASA \u00a0siguiendo la normativa Part-FCL (Licencias de tripulaci\u00f3n de vuelo) Ultramagic tiene m\u00e1s de 30 a\u00f1os de experiencia en formaci\u00f3n\u00a0de pilotos para globos aerost\u00e1ticos. La compa\u00f1\u00eda fue una de las primeras organizaciones de formaci\u00f3n\u00a0de pilotos en Europa aprobadas por EASA (European Aviation Safety Agency).\u00a0 Ofrecemos un curso para obtener la [&hellip;]\" \/>\n<meta property=\"og:url\" content=\"https:\/\/ultramagic.com\/es\/escuela-pilotos\/\" \/>\n<meta property=\"og:site_name\" content=\"Ultramagic\" \/>\n<meta property=\"article:publisher\" content=\"http:\/\/www.facebook.com\/ultramagicballons\" \/>\n<meta property=\"article:modified_time\" content=\"2016-06-06T15:52:22+00:00\" \/>\n<meta property=\"og:image\" content=\"http:\/\/ultramagic.com\/wp-content\/uploads\/2016\/02\/foto_I_A_A.jpg\" \/>\n<meta name=\"twitter:card\" content=\"summary_large_image\" \/>\n<meta name=\"twitter:site\" content=\"@umballoons\" \/>\n<meta name=\"twitter:label1\" content=\"Tiempo de lectura\" \/>\n\t<meta name=\"twitter:data1\" content=\"3 minutos\" \/>\n<script type=\"application\/ld+json\" class=\"yoast-schema-graph\">{\"@context\":\"https:\/\/schema.org\",\"@graph\":[{\"@type\":\"WebPage\",\"@id\":\"https:\/\/ultramagic.com\/es\/escuela-pilotos\/\",\"url\":\"https:\/\/ultramagic.com\/es\/escuela-pilotos\/\",\"name\":\"Escuela pilotos - Ultramagic\",\"isPartOf\":{\"@id\":\"https:\/\/ultramagic.com\/#website\"},\"primaryImageOfPage\":{\"@id\":\"https:\/\/ultramagic.com\/es\/escuela-pilotos\/#primaryimage\"},\"image\":{\"@id\":\"https:\/\/ultramagic.com\/es\/escuela-pilotos\/#primaryimage\"},\"thumbnailUrl\":\"http:\/\/ultramagic.com\/wp-content\/uploads\/2016\/02\/foto_I_A_A.jpg\",\"datePublished\":\"2016-04-05T11:29:46+00:00\",\"dateModified\":\"2016-06-06T15:52:22+00:00\",\"breadcrumb\":{\"@id\":\"https:\/\/ultramagic.com\/es\/escuela-pilotos\/#breadcrumb\"},\"inLanguage\":\"es\",\"potentialAction\":[{\"@type\":\"ReadAction\",\"target\":[\"https:\/\/ultramagic.com\/es\/escuela-pilotos\/\"]}]},{\"@type\":\"ImageObject\",\"inLanguage\":\"es\",\"@id\":\"https:\/\/ultramagic.com\/es\/escuela-pilotos\/#primaryimage\",\"url\":\"http:\/\/ultramagic.com\/wp-content\/uploads\/2016\/02\/foto_I_A_A.jpg\",\"contentUrl\":\"http:\/\/ultramagic.com\/wp-content\/uploads\/2016\/02\/foto_I_A_A.jpg\"},{\"@type\":\"BreadcrumbList\",\"@id\":\"https:\/\/ultramagic.com\/es\/escuela-pilotos\/#breadcrumb\",\"itemListElement\":[{\"@type\":\"ListItem\",\"position\":1,\"name\":\"Home\",\"item\":\"https:\/\/ultramagic.com\/es\/\"},{\"@type\":\"ListItem\",\"position\":2,\"name\":\"Escuela pilotos\"}]},{\"@type\":\"WebSite\",\"@id\":\"https:\/\/ultramagic.com\/#website\",\"url\":\"https:\/\/ultramagic.com\/\",\"name\":\"Ultramagic\",\"description\":\"All about hot air balloon advertising industry and history.Hot air balloon photos and pictures. Enjoy the hot air balloon experience from your home.\",\"potentialAction\":[{\"@type\":\"SearchAction\",\"target\":{\"@type\":\"EntryPoint\",\"urlTemplate\":\"https:\/\/ultramagic.com\/?s={search_term_string}\"},\"query-input\":\"required name=search_term_string\"}],\"inLanguage\":\"es\"}]}<\/script>\n<!-- \/ Yoast SEO plugin. -->","yoast_head_json":{"title":"Escuela pilotos - Ultramagic","robots":{"index":"index","follow":"follow","max-snippet":"max-snippet:-1","max-image-preview":"max-image-preview:large","max-video-preview":"max-video-preview:-1"},"canonical":"https:\/\/ultramagic.com\/es\/escuela-pilotos\/","og_locale":"es_ES","og_type":"article","og_title":"Escuela pilotos - Ultramagic","og_description":"Organizaci\u00f3n de Formaci\u00f3n Aprobada (ATO) por\u00a0EASA \u00a0siguiendo la normativa Part-FCL (Licencias de tripulaci\u00f3n de vuelo) Ultramagic tiene m\u00e1s de 30 a\u00f1os de experiencia en formaci\u00f3n\u00a0de pilotos para globos aerost\u00e1ticos. La compa\u00f1\u00eda fue una de las primeras organizaciones de formaci\u00f3n\u00a0de pilotos en Europa aprobadas por EASA (European Aviation Safety Agency).\u00a0 Ofrecemos un curso para obtener la [&hellip;]","og_url":"https:\/\/ultramagic.com\/es\/escuela-pilotos\/","og_site_name":"Ultramagic","article_publisher":"http:\/\/www.facebook.com\/ultramagicballons","article_modified_time":"2016-06-06T15:52:22+00:00","og_image":[{"url":"http:\/\/ultramagic.com\/wp-content\/uploads\/2016\/02\/foto_I_A_A.jpg"}],"twitter_card":"summary_large_image","twitter_site":"@umballoons","twitter_misc":{"Tiempo de lectura":"3 minutos"},"schema":{"@context":"https:\/\/schema.org","@graph":[{"@type":"WebPage","@id":"https:\/\/ultramagic.com\/es\/escuela-pilotos\/","url":"https:\/\/ultramagic.com\/es\/escuela-pilotos\/","name":"Escuela pilotos - Ultramagic","isPartOf":{"@id":"https:\/\/ultramagic.com\/#website"},"primaryImageOfPage":{"@id":"https:\/\/ultramagic.com\/es\/escuela-pilotos\/#primaryimage"},"image":{"@id":"https:\/\/ultramagic.com\/es\/escuela-pilotos\/#primaryimage"},"thumbnailUrl":"http:\/\/ultramagic.com\/wp-content\/uploads\/2016\/02\/foto_I_A_A.jpg","datePublished":"2016-04-05T11:29:46+00:00","dateModified":"2016-06-06T15:52:22+00:00","breadcrumb":{"@id":"https:\/\/ultramagic.com\/es\/escuela-pilotos\/#breadcrumb"},"inLanguage":"es","potentialAction":[{"@type":"ReadAction","target":["https:\/\/ultramagic.com\/es\/escuela-pilotos\/"]}]},{"@type":"ImageObject","inLanguage":"es","@id":"https:\/\/ultramagic.com\/es\/escuela-pilotos\/#primaryimage","url":"http:\/\/ultramagic.com\/wp-content\/uploads\/2016\/02\/foto_I_A_A.jpg","contentUrl":"http:\/\/ultramagic.com\/wp-content\/uploads\/2016\/02\/foto_I_A_A.jpg"},{"@type":"BreadcrumbList","@id":"https:\/\/ultramagic.com\/es\/escuela-pilotos\/#breadcrumb","itemListElement":[{"@type":"ListItem","position":1,"name":"Home","item":"https:\/\/ultramagic.com\/es\/"},{"@type":"ListItem","position":2,"name":"Escuela pilotos"}]},{"@type":"WebSite","@id":"https:\/\/ultramagic.com\/#website","url":"https:\/\/ultramagic.com\/","name":"Ultramagic","description":"All about hot air balloon advertising industry and history.Hot air balloon photos and pictures. Enjoy the hot air balloon experience from your home.","potentialAction":[{"@type":"SearchAction","target":{"@type":"EntryPoint","urlTemplate":"https:\/\/ultramagic.com\/?s={search_term_string}"},"query-input":"required name=search_term_string"}],"inLanguage":"es"}]}},"_links":{"self":[{"href":"https:\/\/ultramagic.com\/es\/wp-json\/wp\/v2\/pages\/9544"}],"collection":[{"href":"https:\/\/ultramagic.com\/es\/wp-json\/wp\/v2\/pages"}],"about":[{"href":"https:\/\/ultramagic.com\/es\/wp-json\/wp\/v2\/types\/page"}],"author":[{"embeddable":true,"href":"https:\/\/ultramagic.com\/es\/wp-json\/wp\/v2\/users\/1"}],"replies":[{"embeddable":true,"href":"https:\/\/ultramagic.com\/es\/wp-json\/wp\/v2\/comments?post=9544"}],"version-history":[{"count":8,"href":"https:\/\/ultramagic.com\/es\/wp-json\/wp\/v2\/pages\/9544\/revisions"}],"predecessor-version":[{"id":10483,"href":"https:\/\/ultramagic.com\/es\/wp-json\/wp\/v2\/pages\/9544\/revisions\/10483"}],"wp:attachment":[{"href":"https:\/\/ultramagic.com\/es\/wp-json\/wp\/v2\/media?parent=9544"}],"curies":[{"name":"wp","href":"https:\/\/api.w.org\/{rel}","templated":true}]}}