{"id":9537,"date":"2016-04-05T13:22:34","date_gmt":"2016-04-05T11:22:34","guid":{"rendered":"http:\/\/ultramagic.creagia.com\/es\/?page_id=9537"},"modified":"2016-04-08T10:57:54","modified_gmt":"2016-04-08T08:57:54","slug":"hinchables","status":"publish","type":"page","link":"https:\/\/ultramagic.com\/es\/hinchables\/","title":{"rendered":"Hinchables"},"content":{"rendered":"<p style=\"text-align: justify;\"><a href=\"http:\/\/ultramagic.com\/wp-content\/uploads\/2015\/06\/X-Coca-Cola-Cursa-Nieve.jpg\"><img loading=\"lazy\" decoding=\"async\" class=\"wp-image-8800 alignright\" src=\"http:\/\/ultramagic.com\/wp-content\/uploads\/2015\/06\/X-Coca-Cola-Cursa-Nieve.jpg\" alt=\"\" width=\"370\" height=\"259\" srcset=\"https:\/\/ultramagic.com\/wp-content\/uploads\/2015\/06\/X-Coca-Cola-Cursa-Nieve.jpg 1059w, https:\/\/ultramagic.com\/wp-content\/uploads\/2015\/06\/X-Coca-Cola-Cursa-Nieve-300x210.jpg 300w, https:\/\/ultramagic.com\/wp-content\/uploads\/2015\/06\/X-Coca-Cola-Cursa-Nieve-768x537.jpg 768w, https:\/\/ultramagic.com\/wp-content\/uploads\/2015\/06\/X-Coca-Cola-Cursa-Nieve-1024x717.jpg 1024w\" sizes=\"(max-width: 370px) 100vw, 370px\" \/><\/a><\/p>\n<p style=\"text-align: justify;\">Bienvenidos a Airismagic, la divisi\u00f3n de hinchables publicitarios, de <a class=\"links1\" href=\"http:\/\/www.ultramagic.com\/\" target=\"newwin\">Ultramagic, S.A.<\/a> Nuestra compa\u00f1\u00eda es pionera en el dise\u00f1o y fabricaci\u00f3n de los globos aerost\u00e1ticos e hinchables publicitarios de la m\u00e1s alta calidad que se pueden encontrar actualmente en el mercado.<\/p>\n<p>&nbsp;<\/p>\n<blockquote><p>Airismagic la marca de los hinchables de Ultramagic<\/p><\/blockquote>\n<p style=\"text-align: justify;\">Nuestros hinchables de aire fr\u00edo, est\u00e1n confeccionado con los mismos tejidos t\u00e9cnicos que se utilizan habitualmente en la fabricaci\u00f3n de globos aerost\u00e1ticos, esto nos permite poder ofrecerle un producto, que destaca tanto por su ligereza y resistencia como por el gran impacto visual que provoca su elegante acabado y dise\u00f1o.<\/p>\n<div id=\"Div_distri_columnes\"><\/div>\n<div id=\"Div_distri_columnes\"><\/div>\n<p>&nbsp;<\/p>\n<p><strong>Caracter\u00edsticas:<\/strong><\/p>\n<p style=\"text-align: justify;\">R\u00e9plica exacta de su logotipo o de la forma de su producto; Tejidos de alta resistencia a los U.V.; F\u00e1cil de transportar y montar; Ligero, y con un mantenimiento econ\u00f3mico; Ventiladores silenciosos; Caja de herramientas e instrucciones; Todos los hinchables tienen 1 a\u00f1o de garant\u00eda.<\/p>\n","protected":false},"excerpt":{"rendered":"<p>Bienvenidos a Airismagic, la divisi\u00f3n de hinchables publicitarios, de Ultramagic, S.A. Nuestra compa\u00f1\u00eda es pionera en el dise\u00f1o y fabricaci\u00f3n de los globos aerost\u00e1ticos e hinchables publicitarios de la m\u00e1s alta calidad que se pueden encontrar actualmente en el mercado. &nbsp; Airismagic la marca de los hinchables de Ultramagic Nuestros hinchables de aire fr\u00edo, est\u00e1n [&hellip;]<\/p>\n","protected":false},"author":1,"featured_media":0,"parent":0,"menu_order":0,"comment_status":"closed","ping_status":"open","template":"page-globus-pare.php","meta":{"ngg_post_thumbnail":0,"footnotes":""},"yoast_head":"<!-- This site is optimized with the Yoast SEO plugin v22.7 - https:\/\/yoast.com\/wordpress\/plugins\/seo\/ -->\n<title>Hinchables - Ultramagic<\/title>\n<meta name=\"robots\" content=\"index, follow, max-snippet:-1, max-image-preview:large, max-video-preview:-1\" \/>\n<link rel=\"canonical\" href=\"https:\/\/ultramagic.com\/inflatables\/\" \/>\n<meta property=\"og:locale\" content=\"es_ES\" \/>\n<meta property=\"og:type\" content=\"article\" \/>\n<meta property=\"og:title\" content=\"Hinchables - Ultramagic\" \/>\n<meta property=\"og:description\" content=\"Bienvenidos a Airismagic, la divisi\u00f3n de hinchables publicitarios, de Ultramagic, S.A. Nuestra compa\u00f1\u00eda es pionera en el dise\u00f1o y fabricaci\u00f3n de los globos aerost\u00e1ticos e hinchables publicitarios de la m\u00e1s alta calidad que se pueden encontrar actualmente en el mercado. &nbsp; Airismagic la marca de los hinchables de Ultramagic Nuestros hinchables de aire fr\u00edo, est\u00e1n [&hellip;]\" \/>\n<meta property=\"og:url\" content=\"https:\/\/ultramagic.com\/inflatables\/\" \/>\n<meta property=\"og:site_name\" content=\"Ultramagic\" \/>\n<meta property=\"article:publisher\" content=\"http:\/\/www.facebook.com\/ultramagicballons\" \/>\n<meta property=\"article:modified_time\" content=\"2016-04-08T08:57:54+00:00\" \/>\n<meta property=\"og:image\" content=\"http:\/\/ultramagic.com\/wp-content\/uploads\/2015\/06\/X-Coca-Cola-Cursa-Nieve.jpg\" \/>\n<meta name=\"twitter:card\" content=\"summary_large_image\" \/>\n<meta name=\"twitter:site\" content=\"@umballoons\" \/>\n<meta name=\"twitter:label1\" content=\"Tiempo de lectura\" \/>\n\t<meta name=\"twitter:data1\" content=\"1 minuto\" \/>\n<script type=\"application\/ld+json\" class=\"yoast-schema-graph\">{\"@context\":\"https:\/\/schema.org\",\"@graph\":[{\"@type\":\"WebPage\",\"@id\":\"https:\/\/ultramagic.com\/inflatables\/\",\"url\":\"https:\/\/ultramagic.com\/inflatables\/\",\"name\":\"Hinchables - Ultramagic\",\"isPartOf\":{\"@id\":\"https:\/\/ultramagic.com\/#website\"},\"primaryImageOfPage\":{\"@id\":\"https:\/\/ultramagic.com\/inflatables\/#primaryimage\"},\"image\":{\"@id\":\"https:\/\/ultramagic.com\/inflatables\/#primaryimage\"},\"thumbnailUrl\":\"http:\/\/ultramagic.com\/wp-content\/uploads\/2015\/06\/X-Coca-Cola-Cursa-Nieve.jpg\",\"datePublished\":\"2016-04-05T11:22:34+00:00\",\"dateModified\":\"2016-04-08T08:57:54+00:00\",\"breadcrumb\":{\"@id\":\"https:\/\/ultramagic.com\/inflatables\/#breadcrumb\"},\"inLanguage\":\"es\",\"potentialAction\":[{\"@type\":\"ReadAction\",\"target\":[\"https:\/\/ultramagic.com\/inflatables\/\"]}]},{\"@type\":\"ImageObject\",\"inLanguage\":\"es\",\"@id\":\"https:\/\/ultramagic.com\/inflatables\/#primaryimage\",\"url\":\"http:\/\/ultramagic.com\/wp-content\/uploads\/2015\/06\/X-Coca-Cola-Cursa-Nieve.jpg\",\"contentUrl\":\"http:\/\/ultramagic.com\/wp-content\/uploads\/2015\/06\/X-Coca-Cola-Cursa-Nieve.jpg\"},{\"@type\":\"BreadcrumbList\",\"@id\":\"https:\/\/ultramagic.com\/inflatables\/#breadcrumb\",\"itemListElement\":[{\"@type\":\"ListItem\",\"position\":1,\"name\":\"Home\",\"item\":\"https:\/\/ultramagic.com\/es\/\"},{\"@type\":\"ListItem\",\"position\":2,\"name\":\"Hinchables\"}]},{\"@type\":\"WebSite\",\"@id\":\"https:\/\/ultramagic.com\/#website\",\"url\":\"https:\/\/ultramagic.com\/\",\"name\":\"Ultramagic\",\"description\":\"All about hot air balloon advertising industry and history.Hot air balloon photos and pictures. Enjoy the hot air balloon experience from your home.\",\"potentialAction\":[{\"@type\":\"SearchAction\",\"target\":{\"@type\":\"EntryPoint\",\"urlTemplate\":\"https:\/\/ultramagic.com\/?s={search_term_string}\"},\"query-input\":\"required name=search_term_string\"}],\"inLanguage\":\"es\"}]}<\/script>\n<!-- \/ Yoast SEO plugin. -->","yoast_head_json":{"title":"Hinchables - Ultramagic","robots":{"index":"index","follow":"follow","max-snippet":"max-snippet:-1","max-image-preview":"max-image-preview:large","max-video-preview":"max-video-preview:-1"},"canonical":"https:\/\/ultramagic.com\/inflatables\/","og_locale":"es_ES","og_type":"article","og_title":"Hinchables - Ultramagic","og_description":"Bienvenidos a Airismagic, la divisi\u00f3n de hinchables publicitarios, de Ultramagic, S.A. Nuestra compa\u00f1\u00eda es pionera en el dise\u00f1o y fabricaci\u00f3n de los globos aerost\u00e1ticos e hinchables publicitarios de la m\u00e1s alta calidad que se pueden encontrar actualmente en el mercado. &nbsp; Airismagic la marca de los hinchables de Ultramagic Nuestros hinchables de aire fr\u00edo, est\u00e1n [&hellip;]","og_url":"https:\/\/ultramagic.com\/inflatables\/","og_site_name":"Ultramagic","article_publisher":"http:\/\/www.facebook.com\/ultramagicballons","article_modified_time":"2016-04-08T08:57:54+00:00","og_image":[{"url":"http:\/\/ultramagic.com\/wp-content\/uploads\/2015\/06\/X-Coca-Cola-Cursa-Nieve.jpg"}],"twitter_card":"summary_large_image","twitter_site":"@umballoons","twitter_misc":{"Tiempo de lectura":"1 minuto"},"schema":{"@context":"https:\/\/schema.org","@graph":[{"@type":"WebPage","@id":"https:\/\/ultramagic.com\/inflatables\/","url":"https:\/\/ultramagic.com\/inflatables\/","name":"Hinchables - Ultramagic","isPartOf":{"@id":"https:\/\/ultramagic.com\/#website"},"primaryImageOfPage":{"@id":"https:\/\/ultramagic.com\/inflatables\/#primaryimage"},"image":{"@id":"https:\/\/ultramagic.com\/inflatables\/#primaryimage"},"thumbnailUrl":"http:\/\/ultramagic.com\/wp-content\/uploads\/2015\/06\/X-Coca-Cola-Cursa-Nieve.jpg","datePublished":"2016-04-05T11:22:34+00:00","dateModified":"2016-04-08T08:57:54+00:00","breadcrumb":{"@id":"https:\/\/ultramagic.com\/inflatables\/#breadcrumb"},"inLanguage":"es","potentialAction":[{"@type":"ReadAction","target":["https:\/\/ultramagic.com\/inflatables\/"]}]},{"@type":"ImageObject","inLanguage":"es","@id":"https:\/\/ultramagic.com\/inflatables\/#primaryimage","url":"http:\/\/ultramagic.com\/wp-content\/uploads\/2015\/06\/X-Coca-Cola-Cursa-Nieve.jpg","contentUrl":"http:\/\/ultramagic.com\/wp-content\/uploads\/2015\/06\/X-Coca-Cola-Cursa-Nieve.jpg"},{"@type":"BreadcrumbList","@id":"https:\/\/ultramagic.com\/inflatables\/#breadcrumb","itemListElement":[{"@type":"ListItem","position":1,"name":"Home","item":"https:\/\/ultramagic.com\/es\/"},{"@type":"ListItem","position":2,"name":"Hinchables"}]},{"@type":"WebSite","@id":"https:\/\/ultramagic.com\/#website","url":"https:\/\/ultramagic.com\/","name":"Ultramagic","description":"All about hot air balloon advertising industry and history.Hot air balloon photos and pictures. Enjoy the hot air balloon experience from your home.","potentialAction":[{"@type":"SearchAction","target":{"@type":"EntryPoint","urlTemplate":"https:\/\/ultramagic.com\/?s={search_term_string}"},"query-input":"required name=search_term_string"}],"inLanguage":"es"}]}},"_links":{"self":[{"href":"https:\/\/ultramagic.com\/es\/wp-json\/wp\/v2\/pages\/9537"}],"collection":[{"href":"https:\/\/ultramagic.com\/es\/wp-json\/wp\/v2\/pages"}],"about":[{"href":"https:\/\/ultramagic.com\/es\/wp-json\/wp\/v2\/types\/page"}],"author":[{"embeddable":true,"href":"https:\/\/ultramagic.com\/es\/wp-json\/wp\/v2\/users\/1"}],"replies":[{"embeddable":true,"href":"https:\/\/ultramagic.com\/es\/wp-json\/wp\/v2\/comments?post=9537"}],"version-history":[{"count":4,"href":"https:\/\/ultramagic.com\/es\/wp-json\/wp\/v2\/pages\/9537\/revisions"}],"predecessor-version":[{"id":9830,"href":"https:\/\/ultramagic.com\/es\/wp-json\/wp\/v2\/pages\/9537\/revisions\/9830"}],"wp:attachment":[{"href":"https:\/\/ultramagic.com\/es\/wp-json\/wp\/v2\/media?parent=9537"}],"curies":[{"name":"wp","href":"https:\/\/api.w.org\/{rel}","templated":true}]}}