{"id":9385,"date":"2015-06-11T12:46:11","date_gmt":"2015-06-11T10:46:11","guid":{"rendered":"http:\/\/ultramagic.creagia.com\/es\/ultralite-balloons\/"},"modified":"2023-11-29T17:01:13","modified_gmt":"2023-11-29T16:01:13","slug":"globos-ultraligeros","status":"publish","type":"page","link":"https:\/\/ultramagic.com\/es\/globos-aerostaticos\/globos-ultraligeros\/","title":{"rendered":"Globos Ultraligeros"},"content":{"rendered":"<blockquote><p><strong>Lo \u00faltimo en sistemas de aerostaci\u00f3n ligeros y t\u00e9cnicos. Si quieres un globo ligero y f\u00e1cil de empaquetar &#8211; \u00a1Ultramagic tiene el globo perfecto para ti!<\/strong><\/p><\/blockquote>\n<p>Estos globos son perfectos tanto para pilotos que viajan mucho como para pilotos que necesitan un globo f\u00e1cilmente manejable por un equipo de pocas personas. Las velas Ultralight pesan mucho menos en comparaci\u00f3n con otras velas est\u00e1ndar del mismo tama\u00f1o. Esto se debe a que estos globos est\u00e1n hechos en su totalidad de tejido \u201cUltralight\u201d, el cual ofrece un extenso abanico de colores a elegir. Adem\u00e1s, estos globos incorporan una serie de materiales innovadores que permiten ahorrar peso como por ejemplo las cintas de carga de Kevlar. Las bolsas que se usan no son m\u00e1s grandes que las que se usan para los globos est\u00e1ndar peque\u00f1os.<\/p>\n<p>Tanto si necesita un sistema de asiento con cintur\u00f3n o una barquilla plegable de materiales compuestos puede estar seguro de que \u00e9stos est\u00e1n estrictamente probados y certificados. Esta serie dispone de una amplia selecci\u00f3n de quemadores y bombonas.<\/p>\n<p>&nbsp;<\/p>\n<p>&nbsp;<\/p>\n","protected":false},"excerpt":{"rendered":"<p>Lo \u00faltimo en sistemas de aerostaci\u00f3n ligeros y t\u00e9cnicos. Si quieres un globo ligero y f\u00e1cil de empaquetar &#8211; \u00a1Ultramagic tiene el globo perfecto para ti! Estos globos son perfectos tanto para pilotos que viajan mucho como para pilotos que necesitan un globo f\u00e1cilmente manejable por un equipo de pocas personas. Las velas Ultralight pesan [&hellip;]<\/p>\n","protected":false},"author":1,"featured_media":8082,"parent":9780,"menu_order":0,"comment_status":"closed","ping_status":"open","template":"page-globus-pare.php","meta":{"ngg_post_thumbnail":0,"footnotes":""},"yoast_head":"<!-- This site is optimized with the Yoast SEO plugin v22.7 - https:\/\/yoast.com\/wordpress\/plugins\/seo\/ -->\n<title>Globos Ultraligeros - Ultramagic<\/title>\n<meta name=\"robots\" content=\"index, follow, max-snippet:-1, max-image-preview:large, max-video-preview:-1\" \/>\n<link rel=\"canonical\" href=\"https:\/\/ultramagic.com\/hot-air-balloons\/ultralite-balloons\/\" \/>\n<meta property=\"og:locale\" content=\"es_ES\" \/>\n<meta property=\"og:type\" content=\"article\" \/>\n<meta property=\"og:title\" content=\"Globos Ultraligeros - Ultramagic\" \/>\n<meta property=\"og:description\" content=\"Lo \u00faltimo en sistemas de aerostaci\u00f3n ligeros y t\u00e9cnicos. Si quieres un globo ligero y f\u00e1cil de empaquetar &#8211; \u00a1Ultramagic tiene el globo perfecto para ti! Estos globos son perfectos tanto para pilotos que viajan mucho como para pilotos que necesitan un globo f\u00e1cilmente manejable por un equipo de pocas personas. Las velas Ultralight pesan [&hellip;]\" \/>\n<meta property=\"og:url\" content=\"https:\/\/ultramagic.com\/hot-air-balloons\/ultralite-balloons\/\" \/>\n<meta property=\"og:site_name\" content=\"Ultramagic\" \/>\n<meta property=\"article:publisher\" content=\"http:\/\/www.facebook.com\/ultramagicballons\" \/>\n<meta property=\"article:modified_time\" content=\"2023-11-29T16:01:13+00:00\" \/>\n<meta property=\"og:image\" content=\"https:\/\/ultramagic.com\/wp-content\/uploads\/2015\/06\/ultralite-1.jpg\" \/>\n\t<meta property=\"og:image:width\" content=\"75\" \/>\n\t<meta property=\"og:image:height\" content=\"75\" \/>\n\t<meta property=\"og:image:type\" content=\"image\/jpeg\" \/>\n<meta name=\"twitter:card\" content=\"summary_large_image\" \/>\n<meta name=\"twitter:site\" content=\"@umballoons\" \/>\n<meta name=\"twitter:label1\" content=\"Tiempo de lectura\" \/>\n\t<meta name=\"twitter:data1\" content=\"1 minuto\" \/>\n<script type=\"application\/ld+json\" class=\"yoast-schema-graph\">{\"@context\":\"https:\/\/schema.org\",\"@graph\":[{\"@type\":\"WebPage\",\"@id\":\"https:\/\/ultramagic.com\/hot-air-balloons\/ultralite-balloons\/\",\"url\":\"https:\/\/ultramagic.com\/hot-air-balloons\/ultralite-balloons\/\",\"name\":\"Globos Ultraligeros - Ultramagic\",\"isPartOf\":{\"@id\":\"https:\/\/ultramagic.com\/#website\"},\"primaryImageOfPage\":{\"@id\":\"https:\/\/ultramagic.com\/hot-air-balloons\/ultralite-balloons\/#primaryimage\"},\"image\":{\"@id\":\"https:\/\/ultramagic.com\/hot-air-balloons\/ultralite-balloons\/#primaryimage\"},\"thumbnailUrl\":\"https:\/\/ultramagic.com\/wp-content\/uploads\/2015\/06\/ultralite-1.jpg\",\"datePublished\":\"2015-06-11T10:46:11+00:00\",\"dateModified\":\"2023-11-29T16:01:13+00:00\",\"breadcrumb\":{\"@id\":\"https:\/\/ultramagic.com\/hot-air-balloons\/ultralite-balloons\/#breadcrumb\"},\"inLanguage\":\"es\",\"potentialAction\":[{\"@type\":\"ReadAction\",\"target\":[\"https:\/\/ultramagic.com\/hot-air-balloons\/ultralite-balloons\/\"]}]},{\"@type\":\"ImageObject\",\"inLanguage\":\"es\",\"@id\":\"https:\/\/ultramagic.com\/hot-air-balloons\/ultralite-balloons\/#primaryimage\",\"url\":\"https:\/\/ultramagic.com\/wp-content\/uploads\/2015\/06\/ultralite-1.jpg\",\"contentUrl\":\"https:\/\/ultramagic.com\/wp-content\/uploads\/2015\/06\/ultralite-1.jpg\",\"width\":75,\"height\":75},{\"@type\":\"BreadcrumbList\",\"@id\":\"https:\/\/ultramagic.com\/hot-air-balloons\/ultralite-balloons\/#breadcrumb\",\"itemListElement\":[{\"@type\":\"ListItem\",\"position\":1,\"name\":\"Home\",\"item\":\"https:\/\/ultramagic.com\/es\/\"},{\"@type\":\"ListItem\",\"position\":2,\"name\":\"Globos aerost\u00e1ticos\",\"item\":\"https:\/\/ultramagic.com\/hot-air-balloons\/\"},{\"@type\":\"ListItem\",\"position\":3,\"name\":\"Globos Ultraligeros\"}]},{\"@type\":\"WebSite\",\"@id\":\"https:\/\/ultramagic.com\/#website\",\"url\":\"https:\/\/ultramagic.com\/\",\"name\":\"Ultramagic\",\"description\":\"All about hot air balloon advertising industry and history.Hot air balloon photos and pictures. Enjoy the hot air balloon experience from your home.\",\"potentialAction\":[{\"@type\":\"SearchAction\",\"target\":{\"@type\":\"EntryPoint\",\"urlTemplate\":\"https:\/\/ultramagic.com\/?s={search_term_string}\"},\"query-input\":\"required name=search_term_string\"}],\"inLanguage\":\"es\"}]}<\/script>\n<!-- \/ Yoast SEO plugin. -->","yoast_head_json":{"title":"Globos Ultraligeros - Ultramagic","robots":{"index":"index","follow":"follow","max-snippet":"max-snippet:-1","max-image-preview":"max-image-preview:large","max-video-preview":"max-video-preview:-1"},"canonical":"https:\/\/ultramagic.com\/hot-air-balloons\/ultralite-balloons\/","og_locale":"es_ES","og_type":"article","og_title":"Globos Ultraligeros - Ultramagic","og_description":"Lo \u00faltimo en sistemas de aerostaci\u00f3n ligeros y t\u00e9cnicos. Si quieres un globo ligero y f\u00e1cil de empaquetar &#8211; \u00a1Ultramagic tiene el globo perfecto para ti! Estos globos son perfectos tanto para pilotos que viajan mucho como para pilotos que necesitan un globo f\u00e1cilmente manejable por un equipo de pocas personas. Las velas Ultralight pesan [&hellip;]","og_url":"https:\/\/ultramagic.com\/hot-air-balloons\/ultralite-balloons\/","og_site_name":"Ultramagic","article_publisher":"http:\/\/www.facebook.com\/ultramagicballons","article_modified_time":"2023-11-29T16:01:13+00:00","og_image":[{"width":75,"height":75,"url":"https:\/\/ultramagic.com\/wp-content\/uploads\/2015\/06\/ultralite-1.jpg","type":"image\/jpeg"}],"twitter_card":"summary_large_image","twitter_site":"@umballoons","twitter_misc":{"Tiempo de lectura":"1 minuto"},"schema":{"@context":"https:\/\/schema.org","@graph":[{"@type":"WebPage","@id":"https:\/\/ultramagic.com\/hot-air-balloons\/ultralite-balloons\/","url":"https:\/\/ultramagic.com\/hot-air-balloons\/ultralite-balloons\/","name":"Globos Ultraligeros - Ultramagic","isPartOf":{"@id":"https:\/\/ultramagic.com\/#website"},"primaryImageOfPage":{"@id":"https:\/\/ultramagic.com\/hot-air-balloons\/ultralite-balloons\/#primaryimage"},"image":{"@id":"https:\/\/ultramagic.com\/hot-air-balloons\/ultralite-balloons\/#primaryimage"},"thumbnailUrl":"https:\/\/ultramagic.com\/wp-content\/uploads\/2015\/06\/ultralite-1.jpg","datePublished":"2015-06-11T10:46:11+00:00","dateModified":"2023-11-29T16:01:13+00:00","breadcrumb":{"@id":"https:\/\/ultramagic.com\/hot-air-balloons\/ultralite-balloons\/#breadcrumb"},"inLanguage":"es","potentialAction":[{"@type":"ReadAction","target":["https:\/\/ultramagic.com\/hot-air-balloons\/ultralite-balloons\/"]}]},{"@type":"ImageObject","inLanguage":"es","@id":"https:\/\/ultramagic.com\/hot-air-balloons\/ultralite-balloons\/#primaryimage","url":"https:\/\/ultramagic.com\/wp-content\/uploads\/2015\/06\/ultralite-1.jpg","contentUrl":"https:\/\/ultramagic.com\/wp-content\/uploads\/2015\/06\/ultralite-1.jpg","width":75,"height":75},{"@type":"BreadcrumbList","@id":"https:\/\/ultramagic.com\/hot-air-balloons\/ultralite-balloons\/#breadcrumb","itemListElement":[{"@type":"ListItem","position":1,"name":"Home","item":"https:\/\/ultramagic.com\/es\/"},{"@type":"ListItem","position":2,"name":"Globos aerost\u00e1ticos","item":"https:\/\/ultramagic.com\/hot-air-balloons\/"},{"@type":"ListItem","position":3,"name":"Globos Ultraligeros"}]},{"@type":"WebSite","@id":"https:\/\/ultramagic.com\/#website","url":"https:\/\/ultramagic.com\/","name":"Ultramagic","description":"All about hot air balloon advertising industry and history.Hot air balloon photos and pictures. Enjoy the hot air balloon experience from your home.","potentialAction":[{"@type":"SearchAction","target":{"@type":"EntryPoint","urlTemplate":"https:\/\/ultramagic.com\/?s={search_term_string}"},"query-input":"required name=search_term_string"}],"inLanguage":"es"}]}},"_links":{"self":[{"href":"https:\/\/ultramagic.com\/es\/wp-json\/wp\/v2\/pages\/9385"}],"collection":[{"href":"https:\/\/ultramagic.com\/es\/wp-json\/wp\/v2\/pages"}],"about":[{"href":"https:\/\/ultramagic.com\/es\/wp-json\/wp\/v2\/types\/page"}],"author":[{"embeddable":true,"href":"https:\/\/ultramagic.com\/es\/wp-json\/wp\/v2\/users\/1"}],"replies":[{"embeddable":true,"href":"https:\/\/ultramagic.com\/es\/wp-json\/wp\/v2\/comments?post=9385"}],"version-history":[{"count":5,"href":"https:\/\/ultramagic.com\/es\/wp-json\/wp\/v2\/pages\/9385\/revisions"}],"predecessor-version":[{"id":18557,"href":"https:\/\/ultramagic.com\/es\/wp-json\/wp\/v2\/pages\/9385\/revisions\/18557"}],"up":[{"embeddable":true,"href":"https:\/\/ultramagic.com\/es\/wp-json\/wp\/v2\/pages\/9780"}],"wp:featuredmedia":[{"embeddable":true,"href":"https:\/\/ultramagic.com\/es\/wp-json\/wp\/v2\/media\/8082"}],"wp:attachment":[{"href":"https:\/\/ultramagic.com\/es\/wp-json\/wp\/v2\/media?parent=9385"}],"curies":[{"name":"wp","href":"https:\/\/api.w.org\/{rel}","templated":true}]}}