{"id":9368,"date":"2016-02-17T17:16:24","date_gmt":"2016-02-17T16:16:24","guid":{"rendered":"http:\/\/ultramagic.creagia.com\/es\/explorer-b70\/"},"modified":"2023-11-29T17:03:22","modified_gmt":"2023-11-29T16:03:22","slug":"explorer-b70","status":"publish","type":"page","link":"https:\/\/ultramagic.com\/es\/globos-aerostaticos\/globos-ultraligeros\/explorer-b70\/","title":{"rendered":"EXPLORADOR B70"},"content":{"rendered":"<blockquote><p>Globo completo&nbsp;muy ligero, especial para viajar<\/p><\/blockquote>\n<p>Siguiendo de cerca la introducci\u00f3n del Tekno 70, un cliente nos pregunt\u00f3 por dise\u00f1ar y producir un sistema especial todav\u00eda m\u00e1s ligero. La idea era que el tama\u00f1o de la cesta fuese entre el de las dos Tekno ya existentes. Habiendo reconocido la necesidad de desarrollar sistemas de globos m\u00e1s ligeros para satisfacer la demanda del mercado, se produjo la petici\u00f3n que dar\u00eda a luz al Ultramagic B70!<img loading=\"lazy\" decoding=\"async\" class=\"alignright wp-image-7591 size-medium\" src=\"http:\/\/ultramagic.com\/wp-content\/uploads\/2016\/02\/1928v-Blaser-42-300x276.jpg\" alt=\"1928v-Blaser-4\" width=\"300\" height=\"276\"><\/p>\n<p>&nbsp;<\/p>\n<p>\u2022&nbsp;Una vela ultra&nbsp;ligera con un perfil suave de 12 gajos con un volumen de 70,000 pies c\u00fab.<\/p>\n<p>\u2022 La vela fabricada con Ultralight pesa menos de 60Kg<\/p>\n<p>\u2022 La barquilla Tekno B ampliamente probada pesa menos de 40Kg y es capaz de albergar hasta 3 personas en su configuraci\u00f3n de 0.8 x 1.2 x 1.1m de altura, la cual est\u00e1 equipada con un agujero para poder subir y asas para transportarla m\u00e1s f\u00e1cilmente.<\/p>\n<p>\u2022 Existen diferentes opciones de quemadores, a saber: Powerplus o MK-21 tanto simples como dobles o el MK-32 doble.<img loading=\"lazy\" decoding=\"async\" class=\"alignright wp-image-7597 size-medium\" src=\"http:\/\/ultramagic.com\/wp-content\/uploads\/2016\/02\/B70_PACK_rgb-300x190.jpg\" alt=\"B70_PACK_rgb\" width=\"300\" height=\"190\" srcset=\"https:\/\/ultramagic.com\/wp-content\/uploads\/2016\/02\/B70_PACK_rgb-300x190.jpg 300w, https:\/\/ultramagic.com\/wp-content\/uploads\/2016\/02\/B70_PACK_rgb-1024x649.jpg 1024w\" sizes=\"(max-width: 300px) 100vw, 300px\" \/><\/p>\n<p>\u2022 Est\u00e1 disponible la opci\u00f3n del sistema de quemadores de desconexi\u00f3n r\u00e1pida que permite empaquetar el quemador y la barquilla por separado<\/p>\n<p>\u2022 Est\u00e1 disponible a un coste extra la opci\u00f3n de poner las bombonas fuera de la Tekno.&nbsp;&nbsp;<a href=\"http:\/\/ultramagic.com\/wp-content\/uploads\/2016\/02\/B70_OK.jpg\"><br \/>\n<\/a><\/p>\n<p>\u2022 Est\u00e1n disponibles bolsas acolchadas para las barquillas Tekno y quemadores.<\/p>\n<p>\u2022 El globo Tekno B se puede complementar con diferentes tipos y tama\u00f1os de velas desde 42,000 pies c\u00fa hasta 130,000 pies c\u00fab.<\/p>\n<p><img loading=\"lazy\" decoding=\"async\" class=\"aligncenter wp-image-7594 size-large\" src=\"http:\/\/ultramagic.com\/wp-content\/uploads\/2016\/02\/B70_OK-1024x698.jpg\" alt=\"B70_OK\" width=\"1024\" height=\"698\" srcset=\"https:\/\/ultramagic.com\/wp-content\/uploads\/2016\/02\/B70_OK-1024x698.jpg 1024w, https:\/\/ultramagic.com\/wp-content\/uploads\/2016\/02\/B70_OK-300x204.jpg 300w\" sizes=\"(max-width: 1024px) 100vw, 1024px\" \/><\/p>\n","protected":false},"excerpt":{"rendered":"<p>Globo completo&nbsp;muy ligero, especial para viajar Siguiendo de cerca la introducci\u00f3n del Tekno 70, un cliente nos pregunt\u00f3 por dise\u00f1ar y producir un sistema especial todav\u00eda m\u00e1s ligero. La idea era que el tama\u00f1o de la cesta fuese entre el de las dos Tekno ya existentes. Habiendo reconocido la necesidad de desarrollar sistemas de globos [&hellip;]<\/p>\n","protected":false},"author":2,"featured_media":8580,"parent":9385,"menu_order":0,"comment_status":"closed","ping_status":"open","template":"page-globus-pare.php","meta":{"ngg_post_thumbnail":0,"footnotes":""},"yoast_head":"<!-- This site is optimized with the Yoast SEO plugin v22.7 - https:\/\/yoast.com\/wordpress\/plugins\/seo\/ -->\n<title>EXPLORADOR B70 - Ultramagic<\/title>\n<meta name=\"robots\" content=\"index, follow, max-snippet:-1, max-image-preview:large, max-video-preview:-1\" \/>\n<link rel=\"canonical\" href=\"https:\/\/ultramagic.com\/hot-air-balloons\/ultralite-balloons\/explorer-b70\/\" \/>\n<meta property=\"og:locale\" content=\"es_ES\" \/>\n<meta property=\"og:type\" content=\"article\" \/>\n<meta property=\"og:title\" content=\"EXPLORADOR B70 - Ultramagic\" \/>\n<meta property=\"og:description\" content=\"Globo completo&nbsp;muy ligero, especial para viajar Siguiendo de cerca la introducci\u00f3n del Tekno 70, un cliente nos pregunt\u00f3 por dise\u00f1ar y producir un sistema especial todav\u00eda m\u00e1s ligero. La idea era que el tama\u00f1o de la cesta fuese entre el de las dos Tekno ya existentes. Habiendo reconocido la necesidad de desarrollar sistemas de globos [&hellip;]\" \/>\n<meta property=\"og:url\" content=\"https:\/\/ultramagic.com\/hot-air-balloons\/ultralite-balloons\/explorer-b70\/\" \/>\n<meta property=\"og:site_name\" content=\"Ultramagic\" \/>\n<meta property=\"article:publisher\" content=\"http:\/\/www.facebook.com\/ultramagicballons\" \/>\n<meta property=\"article:modified_time\" content=\"2023-11-29T16:03:22+00:00\" \/>\n<meta property=\"og:image\" content=\"https:\/\/ultramagic.com\/wp-content\/uploads\/2016\/02\/blaser.jpg\" \/>\n\t<meta property=\"og:image:width\" content=\"231\" \/>\n\t<meta property=\"og:image:height\" content=\"300\" \/>\n\t<meta property=\"og:image:type\" content=\"image\/jpeg\" \/>\n<meta name=\"twitter:card\" content=\"summary_large_image\" \/>\n<meta name=\"twitter:site\" content=\"@umballoons\" \/>\n<meta name=\"twitter:label1\" content=\"Tiempo de lectura\" \/>\n\t<meta name=\"twitter:data1\" content=\"1 minuto\" \/>\n<script type=\"application\/ld+json\" class=\"yoast-schema-graph\">{\"@context\":\"https:\/\/schema.org\",\"@graph\":[{\"@type\":\"WebPage\",\"@id\":\"https:\/\/ultramagic.com\/hot-air-balloons\/ultralite-balloons\/explorer-b70\/\",\"url\":\"https:\/\/ultramagic.com\/hot-air-balloons\/ultralite-balloons\/explorer-b70\/\",\"name\":\"EXPLORADOR B70 - Ultramagic\",\"isPartOf\":{\"@id\":\"https:\/\/ultramagic.com\/#website\"},\"primaryImageOfPage\":{\"@id\":\"https:\/\/ultramagic.com\/hot-air-balloons\/ultralite-balloons\/explorer-b70\/#primaryimage\"},\"image\":{\"@id\":\"https:\/\/ultramagic.com\/hot-air-balloons\/ultralite-balloons\/explorer-b70\/#primaryimage\"},\"thumbnailUrl\":\"https:\/\/ultramagic.com\/wp-content\/uploads\/2016\/02\/blaser.jpg\",\"datePublished\":\"2016-02-17T16:16:24+00:00\",\"dateModified\":\"2023-11-29T16:03:22+00:00\",\"breadcrumb\":{\"@id\":\"https:\/\/ultramagic.com\/hot-air-balloons\/ultralite-balloons\/explorer-b70\/#breadcrumb\"},\"inLanguage\":\"es\",\"potentialAction\":[{\"@type\":\"ReadAction\",\"target\":[\"https:\/\/ultramagic.com\/hot-air-balloons\/ultralite-balloons\/explorer-b70\/\"]}]},{\"@type\":\"ImageObject\",\"inLanguage\":\"es\",\"@id\":\"https:\/\/ultramagic.com\/hot-air-balloons\/ultralite-balloons\/explorer-b70\/#primaryimage\",\"url\":\"https:\/\/ultramagic.com\/wp-content\/uploads\/2016\/02\/blaser.jpg\",\"contentUrl\":\"https:\/\/ultramagic.com\/wp-content\/uploads\/2016\/02\/blaser.jpg\",\"width\":231,\"height\":300},{\"@type\":\"BreadcrumbList\",\"@id\":\"https:\/\/ultramagic.com\/hot-air-balloons\/ultralite-balloons\/explorer-b70\/#breadcrumb\",\"itemListElement\":[{\"@type\":\"ListItem\",\"position\":1,\"name\":\"Home\",\"item\":\"https:\/\/ultramagic.com\/es\/\"},{\"@type\":\"ListItem\",\"position\":2,\"name\":\"Globos aerost\u00e1ticos\",\"item\":\"https:\/\/ultramagic.com\/hot-air-balloons\/\"},{\"@type\":\"ListItem\",\"position\":3,\"name\":\"Globos Ultraligeros\",\"item\":\"https:\/\/ultramagic.com\/hot-air-balloons\/ultralite-balloons\/\"},{\"@type\":\"ListItem\",\"position\":4,\"name\":\"EXPLORADOR B70\"}]},{\"@type\":\"WebSite\",\"@id\":\"https:\/\/ultramagic.com\/#website\",\"url\":\"https:\/\/ultramagic.com\/\",\"name\":\"Ultramagic\",\"description\":\"All about hot air balloon advertising industry and history.Hot air balloon photos and pictures. Enjoy the hot air balloon experience from your home.\",\"potentialAction\":[{\"@type\":\"SearchAction\",\"target\":{\"@type\":\"EntryPoint\",\"urlTemplate\":\"https:\/\/ultramagic.com\/?s={search_term_string}\"},\"query-input\":\"required name=search_term_string\"}],\"inLanguage\":\"es\"}]}<\/script>\n<!-- \/ Yoast SEO plugin. -->","yoast_head_json":{"title":"EXPLORADOR B70 - Ultramagic","robots":{"index":"index","follow":"follow","max-snippet":"max-snippet:-1","max-image-preview":"max-image-preview:large","max-video-preview":"max-video-preview:-1"},"canonical":"https:\/\/ultramagic.com\/hot-air-balloons\/ultralite-balloons\/explorer-b70\/","og_locale":"es_ES","og_type":"article","og_title":"EXPLORADOR B70 - Ultramagic","og_description":"Globo completo&nbsp;muy ligero, especial para viajar Siguiendo de cerca la introducci\u00f3n del Tekno 70, un cliente nos pregunt\u00f3 por dise\u00f1ar y producir un sistema especial todav\u00eda m\u00e1s ligero. La idea era que el tama\u00f1o de la cesta fuese entre el de las dos Tekno ya existentes. Habiendo reconocido la necesidad de desarrollar sistemas de globos [&hellip;]","og_url":"https:\/\/ultramagic.com\/hot-air-balloons\/ultralite-balloons\/explorer-b70\/","og_site_name":"Ultramagic","article_publisher":"http:\/\/www.facebook.com\/ultramagicballons","article_modified_time":"2023-11-29T16:03:22+00:00","og_image":[{"width":231,"height":300,"url":"https:\/\/ultramagic.com\/wp-content\/uploads\/2016\/02\/blaser.jpg","type":"image\/jpeg"}],"twitter_card":"summary_large_image","twitter_site":"@umballoons","twitter_misc":{"Tiempo de lectura":"1 minuto"},"schema":{"@context":"https:\/\/schema.org","@graph":[{"@type":"WebPage","@id":"https:\/\/ultramagic.com\/hot-air-balloons\/ultralite-balloons\/explorer-b70\/","url":"https:\/\/ultramagic.com\/hot-air-balloons\/ultralite-balloons\/explorer-b70\/","name":"EXPLORADOR B70 - Ultramagic","isPartOf":{"@id":"https:\/\/ultramagic.com\/#website"},"primaryImageOfPage":{"@id":"https:\/\/ultramagic.com\/hot-air-balloons\/ultralite-balloons\/explorer-b70\/#primaryimage"},"image":{"@id":"https:\/\/ultramagic.com\/hot-air-balloons\/ultralite-balloons\/explorer-b70\/#primaryimage"},"thumbnailUrl":"https:\/\/ultramagic.com\/wp-content\/uploads\/2016\/02\/blaser.jpg","datePublished":"2016-02-17T16:16:24+00:00","dateModified":"2023-11-29T16:03:22+00:00","breadcrumb":{"@id":"https:\/\/ultramagic.com\/hot-air-balloons\/ultralite-balloons\/explorer-b70\/#breadcrumb"},"inLanguage":"es","potentialAction":[{"@type":"ReadAction","target":["https:\/\/ultramagic.com\/hot-air-balloons\/ultralite-balloons\/explorer-b70\/"]}]},{"@type":"ImageObject","inLanguage":"es","@id":"https:\/\/ultramagic.com\/hot-air-balloons\/ultralite-balloons\/explorer-b70\/#primaryimage","url":"https:\/\/ultramagic.com\/wp-content\/uploads\/2016\/02\/blaser.jpg","contentUrl":"https:\/\/ultramagic.com\/wp-content\/uploads\/2016\/02\/blaser.jpg","width":231,"height":300},{"@type":"BreadcrumbList","@id":"https:\/\/ultramagic.com\/hot-air-balloons\/ultralite-balloons\/explorer-b70\/#breadcrumb","itemListElement":[{"@type":"ListItem","position":1,"name":"Home","item":"https:\/\/ultramagic.com\/es\/"},{"@type":"ListItem","position":2,"name":"Globos aerost\u00e1ticos","item":"https:\/\/ultramagic.com\/hot-air-balloons\/"},{"@type":"ListItem","position":3,"name":"Globos Ultraligeros","item":"https:\/\/ultramagic.com\/hot-air-balloons\/ultralite-balloons\/"},{"@type":"ListItem","position":4,"name":"EXPLORADOR B70"}]},{"@type":"WebSite","@id":"https:\/\/ultramagic.com\/#website","url":"https:\/\/ultramagic.com\/","name":"Ultramagic","description":"All about hot air balloon advertising industry and history.Hot air balloon photos and pictures. Enjoy the hot air balloon experience from your home.","potentialAction":[{"@type":"SearchAction","target":{"@type":"EntryPoint","urlTemplate":"https:\/\/ultramagic.com\/?s={search_term_string}"},"query-input":"required name=search_term_string"}],"inLanguage":"es"}]}},"_links":{"self":[{"href":"https:\/\/ultramagic.com\/es\/wp-json\/wp\/v2\/pages\/9368"}],"collection":[{"href":"https:\/\/ultramagic.com\/es\/wp-json\/wp\/v2\/pages"}],"about":[{"href":"https:\/\/ultramagic.com\/es\/wp-json\/wp\/v2\/types\/page"}],"author":[{"embeddable":true,"href":"https:\/\/ultramagic.com\/es\/wp-json\/wp\/v2\/users\/2"}],"replies":[{"embeddable":true,"href":"https:\/\/ultramagic.com\/es\/wp-json\/wp\/v2\/comments?post=9368"}],"version-history":[{"count":5,"href":"https:\/\/ultramagic.com\/es\/wp-json\/wp\/v2\/pages\/9368\/revisions"}],"predecessor-version":[{"id":18560,"href":"https:\/\/ultramagic.com\/es\/wp-json\/wp\/v2\/pages\/9368\/revisions\/18560"}],"up":[{"embeddable":true,"href":"https:\/\/ultramagic.com\/es\/wp-json\/wp\/v2\/pages\/9385"}],"wp:featuredmedia":[{"embeddable":true,"href":"https:\/\/ultramagic.com\/es\/wp-json\/wp\/v2\/media\/8580"}],"wp:attachment":[{"href":"https:\/\/ultramagic.com\/es\/wp-json\/wp\/v2\/media?parent=9368"}],"curies":[{"name":"wp","href":"https:\/\/api.w.org\/{rel}","templated":true}]}}