{"id":9343,"date":"2015-06-11T12:43:56","date_gmt":"2015-06-11T10:43:56","guid":{"rendered":"http:\/\/ultramagic.creagia.com\/es\/portada\/team\/"},"modified":"2023-11-29T16:38:11","modified_gmt":"2023-11-29T15:38:11","slug":"team","status":"publish","type":"page","link":"https:\/\/ultramagic.com\/es\/globos\/team\/","title":{"rendered":"Equipo"},"content":{"rendered":"<h2>Bienvenidos a nuestra f\u00e1brica.<\/h2>\n<p>Somos un equipo de m\u00e1s de 60 personas que consiste en ingenieros aeron\u00e1uticos, dise\u00f1adores, costureras, t\u00e9cnicos y trabajadores de barquillas altamente cualificados y una amplia red de distribuidores alrededor del mundo.<\/p>\n","protected":false},"excerpt":{"rendered":"<p>Bienvenidos a nuestra f\u00e1brica. Somos un equipo de m\u00e1s de 60 personas que consiste en ingenieros aeron\u00e1uticos, dise\u00f1adores, costureras, t\u00e9cnicos y trabajadores de barquillas altamente cualificados y una amplia red de distribuidores alrededor del mundo.<\/p>\n","protected":false},"author":1,"featured_media":0,"parent":11,"menu_order":0,"comment_status":"closed","ping_status":"open","template":"","meta":{"ngg_post_thumbnail":0,"footnotes":""},"yoast_head":"<!-- This site is optimized with the Yoast SEO plugin v22.7 - https:\/\/yoast.com\/wordpress\/plugins\/seo\/ -->\n<title>Equipo - Ultramagic<\/title>\n<meta name=\"robots\" content=\"index, follow, max-snippet:-1, max-image-preview:large, max-video-preview:-1\" \/>\n<link rel=\"canonical\" href=\"https:\/\/ultramagic.com\/innovative-hot-air-balloon-manufacturer\/team\/\" \/>\n<meta property=\"og:locale\" content=\"es_ES\" \/>\n<meta property=\"og:type\" content=\"article\" \/>\n<meta property=\"og:title\" content=\"Equipo - Ultramagic\" \/>\n<meta property=\"og:description\" content=\"Bienvenidos a nuestra f\u00e1brica. Somos un equipo de m\u00e1s de 60 personas que consiste en ingenieros aeron\u00e1uticos, dise\u00f1adores, costureras, t\u00e9cnicos y trabajadores de barquillas altamente cualificados y una amplia red de distribuidores alrededor del mundo.\" \/>\n<meta property=\"og:url\" content=\"https:\/\/ultramagic.com\/innovative-hot-air-balloon-manufacturer\/team\/\" \/>\n<meta property=\"og:site_name\" content=\"Ultramagic\" \/>\n<meta property=\"article:publisher\" content=\"http:\/\/www.facebook.com\/ultramagicballons\" \/>\n<meta property=\"article:modified_time\" content=\"2023-11-29T15:38:11+00:00\" \/>\n<meta name=\"twitter:card\" content=\"summary_large_image\" \/>\n<meta name=\"twitter:site\" content=\"@umballoons\" \/>\n<script type=\"application\/ld+json\" class=\"yoast-schema-graph\">{\"@context\":\"https:\/\/schema.org\",\"@graph\":[{\"@type\":\"WebPage\",\"@id\":\"https:\/\/ultramagic.com\/innovative-hot-air-balloon-manufacturer\/team\/\",\"url\":\"https:\/\/ultramagic.com\/innovative-hot-air-balloon-manufacturer\/team\/\",\"name\":\"Equipo - Ultramagic\",\"isPartOf\":{\"@id\":\"https:\/\/ultramagic.com\/#website\"},\"datePublished\":\"2015-06-11T10:43:56+00:00\",\"dateModified\":\"2023-11-29T15:38:11+00:00\",\"breadcrumb\":{\"@id\":\"https:\/\/ultramagic.com\/innovative-hot-air-balloon-manufacturer\/team\/#breadcrumb\"},\"inLanguage\":\"es\",\"potentialAction\":[{\"@type\":\"ReadAction\",\"target\":[\"https:\/\/ultramagic.com\/innovative-hot-air-balloon-manufacturer\/team\/\"]}]},{\"@type\":\"BreadcrumbList\",\"@id\":\"https:\/\/ultramagic.com\/innovative-hot-air-balloon-manufacturer\/team\/#breadcrumb\",\"itemListElement\":[{\"@type\":\"ListItem\",\"position\":1,\"name\":\"Home\",\"item\":\"https:\/\/ultramagic.com\/es\/\"},{\"@type\":\"ListItem\",\"position\":2,\"name\":\"El fabricante de globos m\u00e1s innovador\",\"item\":\"https:\/\/ultramagic.com\/es\/\"},{\"@type\":\"ListItem\",\"position\":3,\"name\":\"Equipo\"}]},{\"@type\":\"WebSite\",\"@id\":\"https:\/\/ultramagic.com\/#website\",\"url\":\"https:\/\/ultramagic.com\/\",\"name\":\"Ultramagic\",\"description\":\"All about hot air balloon advertising industry and history.Hot air balloon photos and pictures. Enjoy the hot air balloon experience from your home.\",\"potentialAction\":[{\"@type\":\"SearchAction\",\"target\":{\"@type\":\"EntryPoint\",\"urlTemplate\":\"https:\/\/ultramagic.com\/?s={search_term_string}\"},\"query-input\":\"required name=search_term_string\"}],\"inLanguage\":\"es\"}]}<\/script>\n<!-- \/ Yoast SEO plugin. -->","yoast_head_json":{"title":"Equipo - Ultramagic","robots":{"index":"index","follow":"follow","max-snippet":"max-snippet:-1","max-image-preview":"max-image-preview:large","max-video-preview":"max-video-preview:-1"},"canonical":"https:\/\/ultramagic.com\/innovative-hot-air-balloon-manufacturer\/team\/","og_locale":"es_ES","og_type":"article","og_title":"Equipo - Ultramagic","og_description":"Bienvenidos a nuestra f\u00e1brica. Somos un equipo de m\u00e1s de 60 personas que consiste en ingenieros aeron\u00e1uticos, dise\u00f1adores, costureras, t\u00e9cnicos y trabajadores de barquillas altamente cualificados y una amplia red de distribuidores alrededor del mundo.","og_url":"https:\/\/ultramagic.com\/innovative-hot-air-balloon-manufacturer\/team\/","og_site_name":"Ultramagic","article_publisher":"http:\/\/www.facebook.com\/ultramagicballons","article_modified_time":"2023-11-29T15:38:11+00:00","twitter_card":"summary_large_image","twitter_site":"@umballoons","schema":{"@context":"https:\/\/schema.org","@graph":[{"@type":"WebPage","@id":"https:\/\/ultramagic.com\/innovative-hot-air-balloon-manufacturer\/team\/","url":"https:\/\/ultramagic.com\/innovative-hot-air-balloon-manufacturer\/team\/","name":"Equipo - Ultramagic","isPartOf":{"@id":"https:\/\/ultramagic.com\/#website"},"datePublished":"2015-06-11T10:43:56+00:00","dateModified":"2023-11-29T15:38:11+00:00","breadcrumb":{"@id":"https:\/\/ultramagic.com\/innovative-hot-air-balloon-manufacturer\/team\/#breadcrumb"},"inLanguage":"es","potentialAction":[{"@type":"ReadAction","target":["https:\/\/ultramagic.com\/innovative-hot-air-balloon-manufacturer\/team\/"]}]},{"@type":"BreadcrumbList","@id":"https:\/\/ultramagic.com\/innovative-hot-air-balloon-manufacturer\/team\/#breadcrumb","itemListElement":[{"@type":"ListItem","position":1,"name":"Home","item":"https:\/\/ultramagic.com\/es\/"},{"@type":"ListItem","position":2,"name":"El fabricante de globos m\u00e1s innovador","item":"https:\/\/ultramagic.com\/es\/"},{"@type":"ListItem","position":3,"name":"Equipo"}]},{"@type":"WebSite","@id":"https:\/\/ultramagic.com\/#website","url":"https:\/\/ultramagic.com\/","name":"Ultramagic","description":"All about hot air balloon advertising industry and history.Hot air balloon photos and pictures. Enjoy the hot air balloon experience from your home.","potentialAction":[{"@type":"SearchAction","target":{"@type":"EntryPoint","urlTemplate":"https:\/\/ultramagic.com\/?s={search_term_string}"},"query-input":"required name=search_term_string"}],"inLanguage":"es"}]}},"_links":{"self":[{"href":"https:\/\/ultramagic.com\/es\/wp-json\/wp\/v2\/pages\/9343"}],"collection":[{"href":"https:\/\/ultramagic.com\/es\/wp-json\/wp\/v2\/pages"}],"about":[{"href":"https:\/\/ultramagic.com\/es\/wp-json\/wp\/v2\/types\/page"}],"author":[{"embeddable":true,"href":"https:\/\/ultramagic.com\/es\/wp-json\/wp\/v2\/users\/1"}],"replies":[{"embeddable":true,"href":"https:\/\/ultramagic.com\/es\/wp-json\/wp\/v2\/comments?post=9343"}],"version-history":[{"count":10,"href":"https:\/\/ultramagic.com\/es\/wp-json\/wp\/v2\/pages\/9343\/revisions"}],"predecessor-version":[{"id":18556,"href":"https:\/\/ultramagic.com\/es\/wp-json\/wp\/v2\/pages\/9343\/revisions\/18556"}],"up":[{"embeddable":true,"href":"https:\/\/ultramagic.com\/es\/wp-json\/wp\/v2\/pages\/11"}],"wp:attachment":[{"href":"https:\/\/ultramagic.com\/es\/wp-json\/wp\/v2\/media?parent=9343"}],"curies":[{"name":"wp","href":"https:\/\/api.w.org\/{rel}","templated":true}]}}