{"id":9336,"date":"2016-02-17T10:56:37","date_gmt":"2016-02-17T09:56:37","guid":{"rendered":"http:\/\/ultramagic.creagia.com\/es\/portada\/the-company\/"},"modified":"2022-05-09T11:18:24","modified_gmt":"2022-05-09T09:18:24","slug":"compania","status":"publish","type":"page","link":"https:\/\/ultramagic.com\/es\/globos\/compania\/","title":{"rendered":"Compa\u00f1\u00eda"},"content":{"rendered":"<h2>\u00a1Haciendo&nbsp;MAGIA&nbsp;para ti!<\/h2>\n<p>&nbsp;<\/p>\n<p>Con la experiencia de haber dise\u00f1ado y fabricado m\u00e1s de 2500 globos de aire caliente para clientes, tanto privados como comerciales, nos esforzamos constantemente por dar un servicio cercano y del m\u00e1s alto nivel de profesionalidad. Todo empieza con una respuesta confidencial y algunos consejos iniciales, y contin\u00faa con las etapas de dise\u00f1o, producci\u00f3n y control de calidad. El resultado final es la entrega del producto que usted, el cliente, necesita. La clave principal de Ultramagic es la m\u00e1xima calidad. Mantenemos los m\u00e1s altos niveles en los controles de calidad de aviaci\u00f3n, seguimos las aprobaciones de la Agencia Europea de Seguridad A\u00e9rea (EASA) y nuestros globos est\u00e1n totalmente certificados por la FAA en los Estados Unidos.<\/p>\n<p>&nbsp;<\/p>\n<p>\u2022 Organizaci\u00f3n de Dise\u00f1o Aprobada por EASA EASA.21J.351<\/p>\n<p>\u2022 Organizaci\u00f3n de Producci\u00f3n Aprobada por EASA ES.21G.0007<\/p>\n<p>\u2022 Organizaci\u00f3n de Aeronavegabilidad Combinada&nbsp;Aprobada por EASA ES.CAO.010<\/p>\n<p>\u2022 Organizaci\u00f3n de Formaci\u00f3n&nbsp;Aprobada por EASA E-ATO-285<\/p>\n<p>&nbsp;<\/p>\n<p>Trabajando permanentement para conseguir los mayores niveles de seguridad y entretenimiento en cada sector del negocio de los globos de aire caliente, actualmente somos reconocidos como los l\u00edderes en dise\u00f1o y desarrollo de tecnolog\u00edas para globos de aire caliente. Otro elemento clave de Ultramagic es escuchar constantemente a nuestros clientes. Tanto si es usted un nuevo piloto, como un experimentado operador de vuelos para pasajeros o un ejecutivo de marketing, su opini\u00f3n y necesidades son importantes para el equipo de Ultramagic. Con este objetivo promovimos el <strong><em>Ultramagic International Awards<\/em><\/strong>, donde los tres proyectos ganadores, el <em>Friendship<\/em> <em>Balloon, <\/em>el <em>Flightpack<\/em>&nbsp; y el <em>Power line detector<\/em> han sido realizados con \u00e9xito.<\/p>\n","protected":false},"excerpt":{"rendered":"<p>\u00a1Haciendo&nbsp;MAGIA&nbsp;para ti! &nbsp; Con la experiencia de haber dise\u00f1ado y fabricado m\u00e1s de 2500 globos de aire caliente para clientes, tanto privados como comerciales, nos esforzamos constantemente por dar un servicio cercano y del m\u00e1s alto nivel de profesionalidad. Todo empieza con una respuesta confidencial y algunos consejos iniciales, y contin\u00faa con las etapas de [&hellip;]<\/p>\n","protected":false},"author":2,"featured_media":0,"parent":11,"menu_order":0,"comment_status":"closed","ping_status":"open","template":"page-fotos.php","meta":{"ngg_post_thumbnail":0,"footnotes":""},"yoast_head":"<!-- This site is optimized with the Yoast SEO plugin v22.7 - https:\/\/yoast.com\/wordpress\/plugins\/seo\/ -->\n<title>Compa\u00f1\u00eda - Ultramagic<\/title>\n<meta name=\"robots\" content=\"index, follow, max-snippet:-1, max-image-preview:large, max-video-preview:-1\" \/>\n<link rel=\"canonical\" href=\"https:\/\/ultramagic.com\/es\/globos\/compania\/\" \/>\n<meta property=\"og:locale\" content=\"es_ES\" \/>\n<meta property=\"og:type\" content=\"article\" \/>\n<meta property=\"og:title\" content=\"Compa\u00f1\u00eda - Ultramagic\" \/>\n<meta property=\"og:description\" content=\"\u00a1Haciendo&nbsp;MAGIA&nbsp;para ti! &nbsp; Con la experiencia de haber dise\u00f1ado y fabricado m\u00e1s de 2500 globos de aire caliente para clientes, tanto privados como comerciales, nos esforzamos constantemente por dar un servicio cercano y del m\u00e1s alto nivel de profesionalidad. Todo empieza con una respuesta confidencial y algunos consejos iniciales, y contin\u00faa con las etapas de [&hellip;]\" \/>\n<meta property=\"og:url\" content=\"https:\/\/ultramagic.com\/es\/globos\/compania\/\" \/>\n<meta property=\"og:site_name\" content=\"Ultramagic\" \/>\n<meta property=\"article:publisher\" content=\"http:\/\/www.facebook.com\/ultramagicballons\" \/>\n<meta property=\"article:modified_time\" content=\"2022-05-09T09:18:24+00:00\" \/>\n<meta name=\"twitter:card\" content=\"summary_large_image\" \/>\n<meta name=\"twitter:site\" content=\"@umballoons\" \/>\n<meta name=\"twitter:label1\" content=\"Tiempo de lectura\" \/>\n\t<meta name=\"twitter:data1\" content=\"1 minuto\" \/>\n<script type=\"application\/ld+json\" class=\"yoast-schema-graph\">{\"@context\":\"https:\/\/schema.org\",\"@graph\":[{\"@type\":\"WebPage\",\"@id\":\"https:\/\/ultramagic.com\/es\/globos\/compania\/\",\"url\":\"https:\/\/ultramagic.com\/es\/globos\/compania\/\",\"name\":\"Compa\u00f1\u00eda - Ultramagic\",\"isPartOf\":{\"@id\":\"https:\/\/ultramagic.com\/#website\"},\"datePublished\":\"2016-02-17T09:56:37+00:00\",\"dateModified\":\"2022-05-09T09:18:24+00:00\",\"breadcrumb\":{\"@id\":\"https:\/\/ultramagic.com\/es\/globos\/compania\/#breadcrumb\"},\"inLanguage\":\"es\",\"potentialAction\":[{\"@type\":\"ReadAction\",\"target\":[\"https:\/\/ultramagic.com\/es\/globos\/compania\/\"]}]},{\"@type\":\"BreadcrumbList\",\"@id\":\"https:\/\/ultramagic.com\/es\/globos\/compania\/#breadcrumb\",\"itemListElement\":[{\"@type\":\"ListItem\",\"position\":1,\"name\":\"Home\",\"item\":\"https:\/\/ultramagic.com\/es\/\"},{\"@type\":\"ListItem\",\"position\":2,\"name\":\"El fabricante de globos m\u00e1s innovador\",\"item\":\"https:\/\/ultramagic.com\/es\/\"},{\"@type\":\"ListItem\",\"position\":3,\"name\":\"Compa\u00f1\u00eda\"}]},{\"@type\":\"WebSite\",\"@id\":\"https:\/\/ultramagic.com\/#website\",\"url\":\"https:\/\/ultramagic.com\/\",\"name\":\"Ultramagic\",\"description\":\"All about hot air balloon advertising industry and history.Hot air balloon photos and pictures. Enjoy the hot air balloon experience from your home.\",\"potentialAction\":[{\"@type\":\"SearchAction\",\"target\":{\"@type\":\"EntryPoint\",\"urlTemplate\":\"https:\/\/ultramagic.com\/?s={search_term_string}\"},\"query-input\":\"required name=search_term_string\"}],\"inLanguage\":\"es\"}]}<\/script>\n<!-- \/ Yoast SEO plugin. -->","yoast_head_json":{"title":"Compa\u00f1\u00eda - Ultramagic","robots":{"index":"index","follow":"follow","max-snippet":"max-snippet:-1","max-image-preview":"max-image-preview:large","max-video-preview":"max-video-preview:-1"},"canonical":"https:\/\/ultramagic.com\/es\/globos\/compania\/","og_locale":"es_ES","og_type":"article","og_title":"Compa\u00f1\u00eda - Ultramagic","og_description":"\u00a1Haciendo&nbsp;MAGIA&nbsp;para ti! &nbsp; Con la experiencia de haber dise\u00f1ado y fabricado m\u00e1s de 2500 globos de aire caliente para clientes, tanto privados como comerciales, nos esforzamos constantemente por dar un servicio cercano y del m\u00e1s alto nivel de profesionalidad. Todo empieza con una respuesta confidencial y algunos consejos iniciales, y contin\u00faa con las etapas de [&hellip;]","og_url":"https:\/\/ultramagic.com\/es\/globos\/compania\/","og_site_name":"Ultramagic","article_publisher":"http:\/\/www.facebook.com\/ultramagicballons","article_modified_time":"2022-05-09T09:18:24+00:00","twitter_card":"summary_large_image","twitter_site":"@umballoons","twitter_misc":{"Tiempo de lectura":"1 minuto"},"schema":{"@context":"https:\/\/schema.org","@graph":[{"@type":"WebPage","@id":"https:\/\/ultramagic.com\/es\/globos\/compania\/","url":"https:\/\/ultramagic.com\/es\/globos\/compania\/","name":"Compa\u00f1\u00eda - Ultramagic","isPartOf":{"@id":"https:\/\/ultramagic.com\/#website"},"datePublished":"2016-02-17T09:56:37+00:00","dateModified":"2022-05-09T09:18:24+00:00","breadcrumb":{"@id":"https:\/\/ultramagic.com\/es\/globos\/compania\/#breadcrumb"},"inLanguage":"es","potentialAction":[{"@type":"ReadAction","target":["https:\/\/ultramagic.com\/es\/globos\/compania\/"]}]},{"@type":"BreadcrumbList","@id":"https:\/\/ultramagic.com\/es\/globos\/compania\/#breadcrumb","itemListElement":[{"@type":"ListItem","position":1,"name":"Home","item":"https:\/\/ultramagic.com\/es\/"},{"@type":"ListItem","position":2,"name":"El fabricante de globos m\u00e1s innovador","item":"https:\/\/ultramagic.com\/es\/"},{"@type":"ListItem","position":3,"name":"Compa\u00f1\u00eda"}]},{"@type":"WebSite","@id":"https:\/\/ultramagic.com\/#website","url":"https:\/\/ultramagic.com\/","name":"Ultramagic","description":"All about hot air balloon advertising industry and history.Hot air balloon photos and pictures. Enjoy the hot air balloon experience from your home.","potentialAction":[{"@type":"SearchAction","target":{"@type":"EntryPoint","urlTemplate":"https:\/\/ultramagic.com\/?s={search_term_string}"},"query-input":"required name=search_term_string"}],"inLanguage":"es"}]}},"_links":{"self":[{"href":"https:\/\/ultramagic.com\/es\/wp-json\/wp\/v2\/pages\/9336"}],"collection":[{"href":"https:\/\/ultramagic.com\/es\/wp-json\/wp\/v2\/pages"}],"about":[{"href":"https:\/\/ultramagic.com\/es\/wp-json\/wp\/v2\/types\/page"}],"author":[{"embeddable":true,"href":"https:\/\/ultramagic.com\/es\/wp-json\/wp\/v2\/users\/2"}],"replies":[{"embeddable":true,"href":"https:\/\/ultramagic.com\/es\/wp-json\/wp\/v2\/comments?post=9336"}],"version-history":[{"count":7,"href":"https:\/\/ultramagic.com\/es\/wp-json\/wp\/v2\/pages\/9336\/revisions"}],"predecessor-version":[{"id":17819,"href":"https:\/\/ultramagic.com\/es\/wp-json\/wp\/v2\/pages\/9336\/revisions\/17819"}],"up":[{"embeddable":true,"href":"https:\/\/ultramagic.com\/es\/wp-json\/wp\/v2\/pages\/11"}],"wp:attachment":[{"href":"https:\/\/ultramagic.com\/es\/wp-json\/wp\/v2\/media?parent=9336"}],"curies":[{"name":"wp","href":"https:\/\/api.w.org\/{rel}","templated":true}]}}