{"id":9326,"date":"2015-06-11T12:45:48","date_gmt":"2015-06-11T10:45:48","guid":{"rendered":"http:\/\/ultramagic.creagia.com\/es\/ancillary\/"},"modified":"2016-06-13T19:19:18","modified_gmt":"2016-06-13T17:19:18","slug":"equipo-auxiliar","status":"publish","type":"page","link":"https:\/\/ultramagic.com\/es\/globos-aerostaticos\/equipo-auxiliar\/","title":{"rendered":"Equipo auxiliar"},"content":{"rendered":"<h2>Bombonas de combustible, Ventiladores de hinchado, Protecciones t\u00e9rmicas, Accesorios, Recambios, Instrumentos&#8230;<\/h2>\n<p><strong>Bombonas de combustible en Acero Inoxidable Duplex <\/strong><\/p>\n<p>Todas las bombonas Ultramagic est\u00e1n fabricadas con acero inoxidable Duplex de alta calidad, siendo aprobadas para el llenado y transporte por carretera seg\u00fan norma Europea. Disponibles en 3 medidas (20 kg, 30 kg y 40 kg), pueden acomodarse a todo tipo de cesta y operaci\u00f3n. Las bombonas incorporan un nivel mec\u00e1nico de forma est\u00e1ndar y una purga para control del llenado. Todas las unidades disponen de una v\u00e1lvula de sobrepresi\u00f3n de dise\u00f1o exclusivo Ultramagic, as\u00ed como una v\u00e1lvula de cierre r\u00e1pido para mayor seguridad y confort.<\/p>\n<p>Las conexiones para fase l\u00edquida est\u00e1n disponibles en conector Rego y Tema, ambas equipadas con capuchones guardapolvo. Su dise\u00f1o permite la instalaci\u00f3n de v\u00e1lvulas de vapor con regulador, para alimentar quemadores con llama piloto a vapor. Tambi\u00e9n se ofrece como accesorio un sistema de purga remoto, para permitir la carga en la misma cesta (seg\u00fan permita la normativa local). Las bombonas incluyen una funda acolchada y aro protector de espuma en el collar superior.<\/p>\n<p><strong>Ventiladores de hinchado <\/strong><\/p>\n<p>Ultramagic ofrece un rango de eficientes ventiladores de hinchado con potencias de 3cv, 5.5cv, 9cv y 13 cv para cubrir cualquier necesidad y tipo de operaci\u00f3n. Todos los ventiladores Ultramagic son de fabricaci\u00f3n propia, siguiendo los mismos controles rigurosos que se aplican en la fabricaci\u00f3n y montaje de los quemadores y sistemas de combustible. Su resistente estructura en acero inoxidable les permite resistir las condiciones m\u00e1s rigurosas, tal y como la experiencia de algunos de nuestros clientes demuestra, con unidades operando miles de horas en condiciones muy duras. Las unidades de 5.5, 9 y 13 cv se equipan con ruedas basculantes, que permiten un f\u00e1cil transporte y un bloqueo firme cuando el ventilador est\u00e1 en funcionamiento. Ultramagic s\u00f3lo usa los mundialmente famosos y confiables motores Honda para equipar a sus ventiladores, que a su vez se acoplan a una h\u00e9lice de dise\u00f1o exclusivo desarrollada en cooperaci\u00f3n con expertos en aviaci\u00f3n, cuya fabricaci\u00f3n se realiza a mano bajo estricto control. Cada unidad es ensamblada, equilibrada y probada en la f\u00e1brica de Ultramagic. Las partes m\u00f3viles se protegen dentro de una jaula inoxidable capaz de permitir un gran caudal de aire y resistir, a su vez, las condiciones asociadas a una operaci\u00f3n en condiciones duras. Todas las unidades se adaptan a los requisitos Europeos en cuanto a marcado CE, entreg\u00e1ndose con la garant\u00eda Honda y un manual de usuario.<\/p>\n<p><a href=\"http:\/\/ultramagic.com\/wp-content\/uploads\/2015\/06\/Fan.jpg\"><img loading=\"lazy\" decoding=\"async\" class=\"wp-image-7352 size-large alignleft\" src=\"http:\/\/ultramagic.com\/wp-content\/uploads\/2015\/06\/Fan-1024x675.jpg\" alt=\"Fan\" width=\"1024\" height=\"675\" srcset=\"https:\/\/ultramagic.com\/wp-content\/uploads\/2015\/06\/Fan-1024x675.jpg 1024w, https:\/\/ultramagic.com\/wp-content\/uploads\/2015\/06\/Fan-300x198.jpg 300w, https:\/\/ultramagic.com\/wp-content\/uploads\/2015\/06\/Fan.jpg 2048w\" sizes=\"(max-width: 1024px) 100vw, 1024px\" \/><\/a><\/p>\n<p><strong>Escudos t\u00e9rmicos extensibles \u2013 \u201corejas de elefante\u201d<\/strong><\/p>\n<p>Todos los cuadros de soporte de quemador para cestas de pasajeros incluyen de forma est\u00e1ndar una protecci\u00f3n t\u00e9rmica de aluminio. Los modelos de mayor tama\u00f1o pueden equiparse, de forma opcional, con escudos t\u00e9rmicos extensibles, tambi\u00e9n conocidos como \u201corejas de elefante\u201d. \u00c9stos pueden desplegarse para incrementar el confort de los pasajeros situados a los extremos de la barquilla. Durante el transporte, \u00e9stos pueden retraerse sin necesidad de herramientas especiales.<\/p>\n<p>&nbsp;<\/p>\n<p>&nbsp;<\/p>\n<p>&nbsp;<\/p>\n<div id='gallery-1' class='gallery galleryid-9326 gallery-columns-4 gallery-size-medium'><dl class='gallery-item'>\n\t\t\t<dt class='gallery-icon landscape'>\n\t\t\t\t<a href='https:\/\/ultramagic.com\/wp-content\/uploads\/2016\/04\/Orelles-elefant-2.jpg'><img loading=\"lazy\" decoding=\"async\" width=\"300\" height=\"225\" src=\"https:\/\/ultramagic.com\/wp-content\/uploads\/2016\/04\/Orelles-elefant-2-300x225.jpg\" class=\"attachment-medium size-medium\" alt=\"\" srcset=\"https:\/\/ultramagic.com\/wp-content\/uploads\/2016\/04\/Orelles-elefant-2-300x225.jpg 300w, https:\/\/ultramagic.com\/wp-content\/uploads\/2016\/04\/Orelles-elefant-2-768x576.jpg 768w, https:\/\/ultramagic.com\/wp-content\/uploads\/2016\/04\/Orelles-elefant-2-1024x768.jpg 1024w, https:\/\/ultramagic.com\/wp-content\/uploads\/2016\/04\/Orelles-elefant-2.jpg 2048w\" sizes=\"(max-width: 300px) 100vw, 300px\" \/><\/a>\n\t\t\t<\/dt><\/dl><dl class='gallery-item'>\n\t\t\t<dt class='gallery-icon landscape'>\n\t\t\t\t<a href='https:\/\/ultramagic.com\/wp-content\/uploads\/2016\/04\/Orelles-elefant-1.jpg'><img loading=\"lazy\" decoding=\"async\" width=\"300\" height=\"225\" src=\"https:\/\/ultramagic.com\/wp-content\/uploads\/2016\/04\/Orelles-elefant-1-300x225.jpg\" class=\"attachment-medium size-medium\" alt=\"\" srcset=\"https:\/\/ultramagic.com\/wp-content\/uploads\/2016\/04\/Orelles-elefant-1-300x225.jpg 300w, https:\/\/ultramagic.com\/wp-content\/uploads\/2016\/04\/Orelles-elefant-1-768x576.jpg 768w, https:\/\/ultramagic.com\/wp-content\/uploads\/2016\/04\/Orelles-elefant-1-1024x768.jpg 1024w, https:\/\/ultramagic.com\/wp-content\/uploads\/2016\/04\/Orelles-elefant-1.jpg 2048w\" sizes=\"(max-width: 300px) 100vw, 300px\" \/><\/a>\n\t\t\t<\/dt><\/dl>\n\t\t\t<br style='clear: both' \/>\n\t\t<\/div>\n\n<p><strong>Accesorios y recambios<\/strong><\/p>\n<p>Ultramagic pone a disposici\u00f3n de sus clientes un amplio rango de accesorios, as\u00ed como todos los recambios necesarios para el mantenimiento de sus globos. Ya sean bolsas especiales, cintas de maniobra, equipos para cautivos, conexiones de combustible o la junta t\u00f3rica m\u00e1s peque\u00f1a, todo puede encontrarse en el Cat\u00e1logo Ilustrado de Piezas.<\/p>\n<div id='gallery-2' class='gallery galleryid-9326 gallery-columns-3 gallery-size-medium'><dl class='gallery-item'>\n\t\t\t<dt class='gallery-icon landscape'>\n\t\t\t\t<a href='https:\/\/ultramagic.com\/wp-content\/uploads\/2015\/06\/Quick_release_OK.jpg'><img loading=\"lazy\" decoding=\"async\" width=\"300\" height=\"215\" src=\"https:\/\/ultramagic.com\/wp-content\/uploads\/2015\/06\/Quick_release_OK-300x215.jpg\" class=\"attachment-medium size-medium\" alt=\"\" srcset=\"https:\/\/ultramagic.com\/wp-content\/uploads\/2015\/06\/Quick_release_OK-300x215.jpg 300w, https:\/\/ultramagic.com\/wp-content\/uploads\/2015\/06\/Quick_release_OK-768x550.jpg 768w, https:\/\/ultramagic.com\/wp-content\/uploads\/2015\/06\/Quick_release_OK-1024x733.jpg 1024w, https:\/\/ultramagic.com\/wp-content\/uploads\/2015\/06\/Quick_release_OK.jpg 1522w\" sizes=\"(max-width: 300px) 100vw, 300px\" \/><\/a>\n\t\t\t<\/dt><\/dl>\n\t\t\t<br style='clear: both' \/>\n\t\t<\/div>\n\n<p><strong>Instrumentos, radios, GPS&#8230;<br \/>\n<\/strong><\/p>\n<p>Disponemos de un gran cat\u00e1logo de instrumentos. Uno de los productos estrella es el c\u00e9lebre y multifuncional Digitool, el preferido de muchos pilotos. Tambi\u00e9n disponemos del Flytec 3040, que tambi\u00e9n incorpora un preciso vari\u00f3metro, alt\u00edmetro QNH\/QFE, term\u00f3metro ambiente, sensor de temperatura de envoltura sin cables y reloj. Alternativamente, el Flytec 4005 constituye una opci\u00f3n m\u00e1s econ\u00f3mica, prescindiendo s\u00f3lo del sensor de envoltura.<br \/>\nPor otro lado, disponemos de los sistemas de radios de banda aeron\u00e1utica, transponders y sistemas GPS integrados m\u00e1s compactos y avanzados del sector.<\/p>\n<div id='gallery-3' class='gallery galleryid-9326 gallery-columns-4 gallery-size-medium'><dl class='gallery-item'>\n\t\t\t<dt class='gallery-icon landscape'>\n\t\t\t\t<a href='https:\/\/ultramagic.com\/wp-content\/uploads\/2015\/06\/transponder-juliol-2014_OK.jpg'><img loading=\"lazy\" decoding=\"async\" width=\"300\" height=\"272\" src=\"https:\/\/ultramagic.com\/wp-content\/uploads\/2015\/06\/transponder-juliol-2014_OK-300x272.jpg\" class=\"attachment-medium size-medium\" alt=\"\" srcset=\"https:\/\/ultramagic.com\/wp-content\/uploads\/2015\/06\/transponder-juliol-2014_OK-300x272.jpg 300w, https:\/\/ultramagic.com\/wp-content\/uploads\/2015\/06\/transponder-juliol-2014_OK-768x698.jpg 768w, https:\/\/ultramagic.com\/wp-content\/uploads\/2015\/06\/transponder-juliol-2014_OK-1024x930.jpg 1024w, https:\/\/ultramagic.com\/wp-content\/uploads\/2015\/06\/transponder-juliol-2014_OK.jpg 1450w\" sizes=\"(max-width: 300px) 100vw, 300px\" \/><\/a>\n\t\t\t<\/dt><\/dl><dl class='gallery-item'>\n\t\t\t<dt class='gallery-icon landscape'>\n\t\t\t\t<a href='https:\/\/ultramagic.com\/wp-content\/uploads\/2015\/06\/transponder-juliol-2014-3_OK.jpg'><img loading=\"lazy\" decoding=\"async\" width=\"300\" height=\"192\" src=\"https:\/\/ultramagic.com\/wp-content\/uploads\/2015\/06\/transponder-juliol-2014-3_OK-300x192.jpg\" class=\"attachment-medium size-medium\" alt=\"\" srcset=\"https:\/\/ultramagic.com\/wp-content\/uploads\/2015\/06\/transponder-juliol-2014-3_OK-300x192.jpg 300w, https:\/\/ultramagic.com\/wp-content\/uploads\/2015\/06\/transponder-juliol-2014-3_OK-768x493.jpg 768w, https:\/\/ultramagic.com\/wp-content\/uploads\/2015\/06\/transponder-juliol-2014-3_OK-1024x657.jpg 1024w, https:\/\/ultramagic.com\/wp-content\/uploads\/2015\/06\/transponder-juliol-2014-3_OK.jpg 1626w\" sizes=\"(max-width: 300px) 100vw, 300px\" \/><\/a>\n\t\t\t<\/dt><\/dl>\n\t\t\t<br style='clear: both' \/>\n\t\t<\/div>\n\n<p>&nbsp;<\/p>\n","protected":false},"excerpt":{"rendered":"<p>Bombonas de combustible, Ventiladores de hinchado, Protecciones t\u00e9rmicas, Accesorios, Recambios, Instrumentos&#8230; Bombonas de combustible en Acero Inoxidable Duplex Todas las bombonas Ultramagic est\u00e1n fabricadas con acero inoxidable Duplex de alta calidad, siendo aprobadas para el llenado y transporte por carretera seg\u00fan norma Europea. Disponibles en 3 medidas (20 kg, 30 kg y 40 kg), pueden [&hellip;]<\/p>\n","protected":false},"author":1,"featured_media":249,"parent":9780,"menu_order":0,"comment_status":"closed","ping_status":"open","template":"page-fotos.php","meta":{"ngg_post_thumbnail":0,"footnotes":""},"yoast_head":"<!-- This site is optimized with the Yoast SEO plugin v22.7 - https:\/\/yoast.com\/wordpress\/plugins\/seo\/ -->\n<title>Equipo auxiliar - Ultramagic<\/title>\n<meta name=\"robots\" content=\"index, follow, max-snippet:-1, max-image-preview:large, max-video-preview:-1\" \/>\n<link rel=\"canonical\" href=\"https:\/\/ultramagic.com\/hot-air-balloons\/ancillary\/\" \/>\n<meta property=\"og:locale\" content=\"es_ES\" \/>\n<meta property=\"og:type\" content=\"article\" \/>\n<meta property=\"og:title\" content=\"Equipo auxiliar - Ultramagic\" \/>\n<meta property=\"og:description\" content=\"Bombonas de combustible, Ventiladores de hinchado, Protecciones t\u00e9rmicas, Accesorios, Recambios, Instrumentos&#8230; Bombonas de combustible en Acero Inoxidable Duplex Todas las bombonas Ultramagic est\u00e1n fabricadas con acero inoxidable Duplex de alta calidad, siendo aprobadas para el llenado y transporte por carretera seg\u00fan norma Europea. Disponibles en 3 medidas (20 kg, 30 kg y 40 kg), pueden [&hellip;]\" \/>\n<meta property=\"og:url\" content=\"https:\/\/ultramagic.com\/hot-air-balloons\/ancillary\/\" \/>\n<meta property=\"og:site_name\" content=\"Ultramagic\" \/>\n<meta property=\"article:publisher\" content=\"http:\/\/www.facebook.com\/ultramagicballons\" \/>\n<meta property=\"article:modified_time\" content=\"2016-06-13T17:19:18+00:00\" \/>\n<meta property=\"og:image\" content=\"https:\/\/ultramagic.com\/wp-content\/uploads\/2015\/06\/ancillary.png\" \/>\n\t<meta property=\"og:image:width\" content=\"75\" \/>\n\t<meta property=\"og:image:height\" content=\"75\" \/>\n\t<meta property=\"og:image:type\" content=\"image\/png\" \/>\n<meta name=\"twitter:card\" content=\"summary_large_image\" \/>\n<meta name=\"twitter:site\" content=\"@umballoons\" \/>\n<meta name=\"twitter:label1\" content=\"Tiempo de lectura\" \/>\n\t<meta name=\"twitter:data1\" content=\"3 minutos\" \/>\n<script type=\"application\/ld+json\" class=\"yoast-schema-graph\">{\"@context\":\"https:\/\/schema.org\",\"@graph\":[{\"@type\":\"WebPage\",\"@id\":\"https:\/\/ultramagic.com\/hot-air-balloons\/ancillary\/\",\"url\":\"https:\/\/ultramagic.com\/hot-air-balloons\/ancillary\/\",\"name\":\"Equipo auxiliar - Ultramagic\",\"isPartOf\":{\"@id\":\"https:\/\/ultramagic.com\/#website\"},\"primaryImageOfPage\":{\"@id\":\"https:\/\/ultramagic.com\/hot-air-balloons\/ancillary\/#primaryimage\"},\"image\":{\"@id\":\"https:\/\/ultramagic.com\/hot-air-balloons\/ancillary\/#primaryimage\"},\"thumbnailUrl\":\"https:\/\/ultramagic.com\/wp-content\/uploads\/2015\/06\/ancillary.png\",\"datePublished\":\"2015-06-11T10:45:48+00:00\",\"dateModified\":\"2016-06-13T17:19:18+00:00\",\"breadcrumb\":{\"@id\":\"https:\/\/ultramagic.com\/hot-air-balloons\/ancillary\/#breadcrumb\"},\"inLanguage\":\"es\",\"potentialAction\":[{\"@type\":\"ReadAction\",\"target\":[\"https:\/\/ultramagic.com\/hot-air-balloons\/ancillary\/\"]}]},{\"@type\":\"ImageObject\",\"inLanguage\":\"es\",\"@id\":\"https:\/\/ultramagic.com\/hot-air-balloons\/ancillary\/#primaryimage\",\"url\":\"https:\/\/ultramagic.com\/wp-content\/uploads\/2015\/06\/ancillary.png\",\"contentUrl\":\"https:\/\/ultramagic.com\/wp-content\/uploads\/2015\/06\/ancillary.png\",\"width\":75,\"height\":75},{\"@type\":\"BreadcrumbList\",\"@id\":\"https:\/\/ultramagic.com\/hot-air-balloons\/ancillary\/#breadcrumb\",\"itemListElement\":[{\"@type\":\"ListItem\",\"position\":1,\"name\":\"Home\",\"item\":\"https:\/\/ultramagic.com\/es\/\"},{\"@type\":\"ListItem\",\"position\":2,\"name\":\"Globos aerost\u00e1ticos\",\"item\":\"https:\/\/ultramagic.com\/hot-air-balloons\/\"},{\"@type\":\"ListItem\",\"position\":3,\"name\":\"Equipo auxiliar\"}]},{\"@type\":\"WebSite\",\"@id\":\"https:\/\/ultramagic.com\/#website\",\"url\":\"https:\/\/ultramagic.com\/\",\"name\":\"Ultramagic\",\"description\":\"All about hot air balloon advertising industry and history.Hot air balloon photos and pictures. Enjoy the hot air balloon experience from your home.\",\"potentialAction\":[{\"@type\":\"SearchAction\",\"target\":{\"@type\":\"EntryPoint\",\"urlTemplate\":\"https:\/\/ultramagic.com\/?s={search_term_string}\"},\"query-input\":\"required name=search_term_string\"}],\"inLanguage\":\"es\"}]}<\/script>\n<!-- \/ Yoast SEO plugin. -->","yoast_head_json":{"title":"Equipo auxiliar - Ultramagic","robots":{"index":"index","follow":"follow","max-snippet":"max-snippet:-1","max-image-preview":"max-image-preview:large","max-video-preview":"max-video-preview:-1"},"canonical":"https:\/\/ultramagic.com\/hot-air-balloons\/ancillary\/","og_locale":"es_ES","og_type":"article","og_title":"Equipo auxiliar - Ultramagic","og_description":"Bombonas de combustible, Ventiladores de hinchado, Protecciones t\u00e9rmicas, Accesorios, Recambios, Instrumentos&#8230; Bombonas de combustible en Acero Inoxidable Duplex Todas las bombonas Ultramagic est\u00e1n fabricadas con acero inoxidable Duplex de alta calidad, siendo aprobadas para el llenado y transporte por carretera seg\u00fan norma Europea. Disponibles en 3 medidas (20 kg, 30 kg y 40 kg), pueden [&hellip;]","og_url":"https:\/\/ultramagic.com\/hot-air-balloons\/ancillary\/","og_site_name":"Ultramagic","article_publisher":"http:\/\/www.facebook.com\/ultramagicballons","article_modified_time":"2016-06-13T17:19:18+00:00","og_image":[{"width":75,"height":75,"url":"https:\/\/ultramagic.com\/wp-content\/uploads\/2015\/06\/ancillary.png","type":"image\/png"}],"twitter_card":"summary_large_image","twitter_site":"@umballoons","twitter_misc":{"Tiempo de lectura":"3 minutos"},"schema":{"@context":"https:\/\/schema.org","@graph":[{"@type":"WebPage","@id":"https:\/\/ultramagic.com\/hot-air-balloons\/ancillary\/","url":"https:\/\/ultramagic.com\/hot-air-balloons\/ancillary\/","name":"Equipo auxiliar - Ultramagic","isPartOf":{"@id":"https:\/\/ultramagic.com\/#website"},"primaryImageOfPage":{"@id":"https:\/\/ultramagic.com\/hot-air-balloons\/ancillary\/#primaryimage"},"image":{"@id":"https:\/\/ultramagic.com\/hot-air-balloons\/ancillary\/#primaryimage"},"thumbnailUrl":"https:\/\/ultramagic.com\/wp-content\/uploads\/2015\/06\/ancillary.png","datePublished":"2015-06-11T10:45:48+00:00","dateModified":"2016-06-13T17:19:18+00:00","breadcrumb":{"@id":"https:\/\/ultramagic.com\/hot-air-balloons\/ancillary\/#breadcrumb"},"inLanguage":"es","potentialAction":[{"@type":"ReadAction","target":["https:\/\/ultramagic.com\/hot-air-balloons\/ancillary\/"]}]},{"@type":"ImageObject","inLanguage":"es","@id":"https:\/\/ultramagic.com\/hot-air-balloons\/ancillary\/#primaryimage","url":"https:\/\/ultramagic.com\/wp-content\/uploads\/2015\/06\/ancillary.png","contentUrl":"https:\/\/ultramagic.com\/wp-content\/uploads\/2015\/06\/ancillary.png","width":75,"height":75},{"@type":"BreadcrumbList","@id":"https:\/\/ultramagic.com\/hot-air-balloons\/ancillary\/#breadcrumb","itemListElement":[{"@type":"ListItem","position":1,"name":"Home","item":"https:\/\/ultramagic.com\/es\/"},{"@type":"ListItem","position":2,"name":"Globos aerost\u00e1ticos","item":"https:\/\/ultramagic.com\/hot-air-balloons\/"},{"@type":"ListItem","position":3,"name":"Equipo auxiliar"}]},{"@type":"WebSite","@id":"https:\/\/ultramagic.com\/#website","url":"https:\/\/ultramagic.com\/","name":"Ultramagic","description":"All about hot air balloon advertising industry and history.Hot air balloon photos and pictures. Enjoy the hot air balloon experience from your home.","potentialAction":[{"@type":"SearchAction","target":{"@type":"EntryPoint","urlTemplate":"https:\/\/ultramagic.com\/?s={search_term_string}"},"query-input":"required name=search_term_string"}],"inLanguage":"es"}]}},"_links":{"self":[{"href":"https:\/\/ultramagic.com\/es\/wp-json\/wp\/v2\/pages\/9326"}],"collection":[{"href":"https:\/\/ultramagic.com\/es\/wp-json\/wp\/v2\/pages"}],"about":[{"href":"https:\/\/ultramagic.com\/es\/wp-json\/wp\/v2\/types\/page"}],"author":[{"embeddable":true,"href":"https:\/\/ultramagic.com\/es\/wp-json\/wp\/v2\/users\/1"}],"replies":[{"embeddable":true,"href":"https:\/\/ultramagic.com\/es\/wp-json\/wp\/v2\/comments?post=9326"}],"version-history":[{"count":10,"href":"https:\/\/ultramagic.com\/es\/wp-json\/wp\/v2\/pages\/9326\/revisions"}],"predecessor-version":[{"id":10366,"href":"https:\/\/ultramagic.com\/es\/wp-json\/wp\/v2\/pages\/9326\/revisions\/10366"}],"up":[{"embeddable":true,"href":"https:\/\/ultramagic.com\/es\/wp-json\/wp\/v2\/pages\/9780"}],"wp:featuredmedia":[{"embeddable":true,"href":"https:\/\/ultramagic.com\/es\/wp-json\/wp\/v2\/media\/249"}],"wp:attachment":[{"href":"https:\/\/ultramagic.com\/es\/wp-json\/wp\/v2\/media?parent=9326"}],"curies":[{"name":"wp","href":"https:\/\/api.w.org\/{rel}","templated":true}]}}