{"id":9318,"date":"2016-02-17T13:33:16","date_gmt":"2016-02-17T12:33:16","guid":{"rendered":"http:\/\/ultramagic.creagia.com\/es\/eco-magic\/"},"modified":"2023-11-29T17:18:14","modified_gmt":"2023-11-29T16:18:14","slug":"eco-magic","status":"publish","type":"page","link":"https:\/\/ultramagic.com\/es\/globos-aerostaticos\/eco-magic\/","title":{"rendered":"Eco Magic"},"content":{"rendered":"<blockquote><p><strong>El globo aerost\u00e1tico mundialmente de m\u00e1s bajo consumo. Algo realmente especial disponible solo en Ultramagic<\/strong><\/p><\/blockquote>\n<p>En Ultramagic estamos orgullosos por haber introducido la serie especial de globos EcoMagic hechos a partir del tejido aislante aerofabrix\u00ae. Este tejido solo est\u00e1 disponible para globos aerost\u00e1ticos dise\u00f1ados y fabricados por Ultramagic. Los globos EcoMagic contienen una fina capa de aislante aerofabrix\u00ae en el interior, adem\u00e1s de una tela de aluminio en la parte exterior. Despu\u00e9s de muchas horas de pruebas y de la deliberaci\u00f3n de muchos modelos de producci\u00f3n, se ha limitado el n\u00famero de pedidos para estos globos tan especiales.<\/p>\n<p>&nbsp;<\/p>\n<p><strong>Por favor no se equivoque. Los globos EcoMagic son muy especiales.<\/strong><\/p>\n<p><strong><img loading=\"lazy\" decoding=\"async\" class=\"alignright wp-image-7547\" src=\"http:\/\/ultramagic.com\/wp-content\/uploads\/2016\/02\/DSC_9304_OK-300x208.jpg\" alt=\"DSC_9304_OK\" width=\"400\" height=\"277\" srcset=\"https:\/\/ultramagic.com\/wp-content\/uploads\/2016\/02\/DSC_9304_OK-300x208.jpg 300w, https:\/\/ultramagic.com\/wp-content\/uploads\/2016\/02\/DSC_9304_OK-1024x709.jpg 1024w\" sizes=\"(max-width: 400px) 100vw, 400px\" \/><\/strong><\/p>\n<p>\u2022&nbsp;No hay duda sobre que el aislante usado para los globos EcoMagic asegura una mayor duraci\u00f3n de vuelo. Esto abre la oportunidad para usar estos globos en intentar romper r\u00e9cords. El uso de menos combustible significa tener que llevar menos combustible en la barquilla. Cosa que significa poder llevar m\u00e1s pasajeros en lugar de combustible.<\/p>\n<p>\u2022&nbsp;El hecho de tener que quemar menos abre la oportunidad para volar con quemadores m\u00e1s peque\u00f1os y m\u00e1s ligeros.<\/p>\n<p>\u2022&nbsp;Usando menos combustible tambi\u00e9n puede ahorrar costes en combustible para globos.<\/p>\n<p>\u2022&nbsp;Quemar menos permite un vuelo m\u00e1s tranquilo. Menos alteraci\u00f3n para ganado y caballos.<\/p>\n<p>\u2022&nbsp;Temperaturas m\u00e1s bajas de funcionamiento acaban dando una vida m\u00e1s larga a la vela.<\/p>\n<p>\u2022&nbsp;Ambientalmente amigable y tecnol\u00f3gicamente eficiente, hecho que puede ayudar a encontrar patrocinadores.<\/p>\n<p>\u2022&nbsp;Tambi\u00e9n existe la posibilidad de tomar ventaja parcial del tejido aislante aerofabrix\u00ae solo para la parte superior de la vela.<\/p>\n<div id='gallery-1' class='gallery galleryid-9318 gallery-columns-4 gallery-size-medium'><dl class='gallery-item'>\n\t\t\t<dt class='gallery-icon landscape'>\n\t\t\t\t<a href='https:\/\/ultramagic.com\/wp-content\/uploads\/2016\/02\/balloon-concept.jpg'><img loading=\"lazy\" decoding=\"async\" width=\"300\" height=\"283\" src=\"https:\/\/ultramagic.com\/wp-content\/uploads\/2016\/02\/balloon-concept-300x283.jpg\" class=\"attachment-medium size-medium\" alt=\"\" srcset=\"https:\/\/ultramagic.com\/wp-content\/uploads\/2016\/02\/balloon-concept-300x283.jpg 300w, https:\/\/ultramagic.com\/wp-content\/uploads\/2016\/02\/balloon-concept-768x724.jpg 768w, https:\/\/ultramagic.com\/wp-content\/uploads\/2016\/02\/balloon-concept.jpg 900w\" sizes=\"(max-width: 300px) 100vw, 300px\" \/><\/a>\n\t\t\t<\/dt><\/dl><dl class='gallery-item'>\n\t\t\t<dt class='gallery-icon landscape'>\n\t\t\t\t<a href='https:\/\/ultramagic.com\/wp-content\/uploads\/2016\/02\/totalgaz.jpg'><img loading=\"lazy\" decoding=\"async\" width=\"300\" height=\"283\" src=\"https:\/\/ultramagic.com\/wp-content\/uploads\/2016\/02\/totalgaz-300x283.jpg\" class=\"attachment-medium size-medium\" alt=\"\" srcset=\"https:\/\/ultramagic.com\/wp-content\/uploads\/2016\/02\/totalgaz-300x283.jpg 300w, https:\/\/ultramagic.com\/wp-content\/uploads\/2016\/02\/totalgaz-768x724.jpg 768w, https:\/\/ultramagic.com\/wp-content\/uploads\/2016\/02\/totalgaz.jpg 900w\" sizes=\"(max-width: 300px) 100vw, 300px\" \/><\/a>\n\t\t\t<\/dt><\/dl><dl class='gallery-item'>\n\t\t\t<dt class='gallery-icon landscape'>\n\t\t\t\t<a href='https:\/\/ultramagic.com\/wp-content\/uploads\/2016\/02\/fhetc.jpg'><img loading=\"lazy\" decoding=\"async\" width=\"300\" height=\"283\" src=\"https:\/\/ultramagic.com\/wp-content\/uploads\/2016\/02\/fhetc-300x283.jpg\" class=\"attachment-medium size-medium\" alt=\"\" srcset=\"https:\/\/ultramagic.com\/wp-content\/uploads\/2016\/02\/fhetc-300x283.jpg 300w, https:\/\/ultramagic.com\/wp-content\/uploads\/2016\/02\/fhetc-768x724.jpg 768w, https:\/\/ultramagic.com\/wp-content\/uploads\/2016\/02\/fhetc.jpg 900w\" sizes=\"(max-width: 300px) 100vw, 300px\" \/><\/a>\n\t\t\t<\/dt><\/dl><dl class='gallery-item'>\n\t\t\t<dt class='gallery-icon landscape'>\n\t\t\t\t<a href='https:\/\/ultramagic.com\/wp-content\/uploads\/2016\/02\/meyer.jpg'><img loading=\"lazy\" decoding=\"async\" width=\"300\" height=\"283\" src=\"https:\/\/ultramagic.com\/wp-content\/uploads\/2016\/02\/meyer-300x283.jpg\" class=\"attachment-medium size-medium\" alt=\"\" srcset=\"https:\/\/ultramagic.com\/wp-content\/uploads\/2016\/02\/meyer-300x283.jpg 300w, https:\/\/ultramagic.com\/wp-content\/uploads\/2016\/02\/meyer-768x724.jpg 768w, https:\/\/ultramagic.com\/wp-content\/uploads\/2016\/02\/meyer.jpg 900w\" sizes=\"(max-width: 300px) 100vw, 300px\" \/><\/a>\n\t\t\t<\/dt><\/dl><br style=\"clear: both\" \/><dl class='gallery-item'>\n\t\t\t<dt class='gallery-icon landscape'>\n\t\t\t\t<a href='https:\/\/ultramagic.com\/wp-content\/uploads\/2016\/02\/vaillant.jpg'><img loading=\"lazy\" decoding=\"async\" width=\"300\" height=\"283\" src=\"https:\/\/ultramagic.com\/wp-content\/uploads\/2016\/02\/vaillant-300x283.jpg\" class=\"attachment-medium size-medium\" alt=\"\" srcset=\"https:\/\/ultramagic.com\/wp-content\/uploads\/2016\/02\/vaillant-300x283.jpg 300w, https:\/\/ultramagic.com\/wp-content\/uploads\/2016\/02\/vaillant-768x724.jpg 768w, https:\/\/ultramagic.com\/wp-content\/uploads\/2016\/02\/vaillant.jpg 900w\" sizes=\"(max-width: 300px) 100vw, 300px\" \/><\/a>\n\t\t\t<\/dt><\/dl><dl class='gallery-item'>\n\t\t\t<dt class='gallery-icon landscape'>\n\t\t\t\t<a href='https:\/\/ultramagic.com\/wp-content\/uploads\/2016\/02\/jan.jpg'><img loading=\"lazy\" decoding=\"async\" width=\"300\" height=\"283\" src=\"https:\/\/ultramagic.com\/wp-content\/uploads\/2016\/02\/jan-300x283.jpg\" class=\"attachment-medium size-medium\" alt=\"\" srcset=\"https:\/\/ultramagic.com\/wp-content\/uploads\/2016\/02\/jan-300x283.jpg 300w, https:\/\/ultramagic.com\/wp-content\/uploads\/2016\/02\/jan-768x724.jpg 768w, https:\/\/ultramagic.com\/wp-content\/uploads\/2016\/02\/jan.jpg 900w\" sizes=\"(max-width: 300px) 100vw, 300px\" \/><\/a>\n\t\t\t<\/dt><\/dl><dl class='gallery-item'>\n\t\t\t<dt class='gallery-icon landscape'>\n\t\t\t\t<a href='https:\/\/ultramagic.com\/wp-content\/uploads\/2016\/02\/hage.jpg'><img loading=\"lazy\" decoding=\"async\" width=\"300\" height=\"283\" src=\"https:\/\/ultramagic.com\/wp-content\/uploads\/2016\/02\/hage-300x283.jpg\" class=\"attachment-medium size-medium\" alt=\"\" srcset=\"https:\/\/ultramagic.com\/wp-content\/uploads\/2016\/02\/hage-300x283.jpg 300w, https:\/\/ultramagic.com\/wp-content\/uploads\/2016\/02\/hage-768x724.jpg 768w, https:\/\/ultramagic.com\/wp-content\/uploads\/2016\/02\/hage.jpg 900w\" sizes=\"(max-width: 300px) 100vw, 300px\" \/><\/a>\n\t\t\t<\/dt><\/dl><dl class='gallery-item'>\n\t\t\t<dt class='gallery-icon landscape'>\n\t\t\t\t<a href='https:\/\/ultramagic.com\/wp-content\/uploads\/2016\/02\/behensky.jpg'><img loading=\"lazy\" decoding=\"async\" width=\"300\" height=\"283\" src=\"https:\/\/ultramagic.com\/wp-content\/uploads\/2016\/02\/behensky-300x283.jpg\" class=\"attachment-medium size-medium\" alt=\"\" srcset=\"https:\/\/ultramagic.com\/wp-content\/uploads\/2016\/02\/behensky-300x283.jpg 300w, https:\/\/ultramagic.com\/wp-content\/uploads\/2016\/02\/behensky-768x724.jpg 768w, https:\/\/ultramagic.com\/wp-content\/uploads\/2016\/02\/behensky.jpg 900w\" sizes=\"(max-width: 300px) 100vw, 300px\" \/><\/a>\n\t\t\t<\/dt><\/dl><br style=\"clear: both\" \/>\n\t\t<\/div>\n\n","protected":false},"excerpt":{"rendered":"<p>El globo aerost\u00e1tico mundialmente de m\u00e1s bajo consumo. Algo realmente especial disponible solo en Ultramagic En Ultramagic estamos orgullosos por haber introducido la serie especial de globos EcoMagic hechos a partir del tejido aislante aerofabrix\u00ae. Este tejido solo est\u00e1 disponible para globos aerost\u00e1ticos dise\u00f1ados y fabricados por Ultramagic. Los globos EcoMagic contienen una fina capa [&hellip;]<\/p>\n","protected":false},"author":2,"featured_media":7571,"parent":9780,"menu_order":0,"comment_status":"closed","ping_status":"open","template":"page-globus-pare.php","meta":{"ngg_post_thumbnail":0,"footnotes":""},"yoast_head":"<!-- This site is optimized with the Yoast SEO plugin v22.7 - https:\/\/yoast.com\/wordpress\/plugins\/seo\/ -->\n<title>Eco Magic - Ultramagic<\/title>\n<meta name=\"robots\" content=\"index, follow, max-snippet:-1, max-image-preview:large, max-video-preview:-1\" \/>\n<link rel=\"canonical\" href=\"https:\/\/ultramagic.com\/hot-air-balloons\/eco-magic\/\" \/>\n<meta property=\"og:locale\" content=\"es_ES\" \/>\n<meta property=\"og:type\" content=\"article\" \/>\n<meta property=\"og:title\" content=\"Eco Magic - Ultramagic\" \/>\n<meta property=\"og:description\" content=\"El globo aerost\u00e1tico mundialmente de m\u00e1s bajo consumo. Algo realmente especial disponible solo en Ultramagic En Ultramagic estamos orgullosos por haber introducido la serie especial de globos EcoMagic hechos a partir del tejido aislante aerofabrix\u00ae. Este tejido solo est\u00e1 disponible para globos aerost\u00e1ticos dise\u00f1ados y fabricados por Ultramagic. Los globos EcoMagic contienen una fina capa [&hellip;]\" \/>\n<meta property=\"og:url\" content=\"https:\/\/ultramagic.com\/hot-air-balloons\/eco-magic\/\" \/>\n<meta property=\"og:site_name\" content=\"Ultramagic\" \/>\n<meta property=\"article:publisher\" content=\"http:\/\/www.facebook.com\/ultramagicballons\" \/>\n<meta property=\"article:modified_time\" content=\"2023-11-29T16:18:14+00:00\" \/>\n<meta property=\"og:image\" content=\"https:\/\/ultramagic.com\/wp-content\/uploads\/2016\/02\/BOTO_DOBLECAPA_21.jpg\" \/>\n\t<meta property=\"og:image:width\" content=\"75\" \/>\n\t<meta property=\"og:image:height\" content=\"75\" \/>\n\t<meta property=\"og:image:type\" content=\"image\/jpeg\" \/>\n<meta name=\"twitter:card\" content=\"summary_large_image\" \/>\n<meta name=\"twitter:site\" content=\"@umballoons\" \/>\n<meta name=\"twitter:label1\" content=\"Tiempo de lectura\" \/>\n\t<meta name=\"twitter:data1\" content=\"1 minuto\" \/>\n<script type=\"application\/ld+json\" class=\"yoast-schema-graph\">{\"@context\":\"https:\/\/schema.org\",\"@graph\":[{\"@type\":\"WebPage\",\"@id\":\"https:\/\/ultramagic.com\/hot-air-balloons\/eco-magic\/\",\"url\":\"https:\/\/ultramagic.com\/hot-air-balloons\/eco-magic\/\",\"name\":\"Eco Magic - Ultramagic\",\"isPartOf\":{\"@id\":\"https:\/\/ultramagic.com\/#website\"},\"primaryImageOfPage\":{\"@id\":\"https:\/\/ultramagic.com\/hot-air-balloons\/eco-magic\/#primaryimage\"},\"image\":{\"@id\":\"https:\/\/ultramagic.com\/hot-air-balloons\/eco-magic\/#primaryimage\"},\"thumbnailUrl\":\"https:\/\/ultramagic.com\/wp-content\/uploads\/2016\/02\/BOTO_DOBLECAPA_21.jpg\",\"datePublished\":\"2016-02-17T12:33:16+00:00\",\"dateModified\":\"2023-11-29T16:18:14+00:00\",\"breadcrumb\":{\"@id\":\"https:\/\/ultramagic.com\/hot-air-balloons\/eco-magic\/#breadcrumb\"},\"inLanguage\":\"es\",\"potentialAction\":[{\"@type\":\"ReadAction\",\"target\":[\"https:\/\/ultramagic.com\/hot-air-balloons\/eco-magic\/\"]}]},{\"@type\":\"ImageObject\",\"inLanguage\":\"es\",\"@id\":\"https:\/\/ultramagic.com\/hot-air-balloons\/eco-magic\/#primaryimage\",\"url\":\"https:\/\/ultramagic.com\/wp-content\/uploads\/2016\/02\/BOTO_DOBLECAPA_21.jpg\",\"contentUrl\":\"https:\/\/ultramagic.com\/wp-content\/uploads\/2016\/02\/BOTO_DOBLECAPA_21.jpg\",\"width\":75,\"height\":75},{\"@type\":\"BreadcrumbList\",\"@id\":\"https:\/\/ultramagic.com\/hot-air-balloons\/eco-magic\/#breadcrumb\",\"itemListElement\":[{\"@type\":\"ListItem\",\"position\":1,\"name\":\"Home\",\"item\":\"https:\/\/ultramagic.com\/es\/\"},{\"@type\":\"ListItem\",\"position\":2,\"name\":\"Globos aerost\u00e1ticos\",\"item\":\"https:\/\/ultramagic.com\/hot-air-balloons\/\"},{\"@type\":\"ListItem\",\"position\":3,\"name\":\"Eco Magic\"}]},{\"@type\":\"WebSite\",\"@id\":\"https:\/\/ultramagic.com\/#website\",\"url\":\"https:\/\/ultramagic.com\/\",\"name\":\"Ultramagic\",\"description\":\"All about hot air balloon advertising industry and history.Hot air balloon photos and pictures. Enjoy the hot air balloon experience from your home.\",\"potentialAction\":[{\"@type\":\"SearchAction\",\"target\":{\"@type\":\"EntryPoint\",\"urlTemplate\":\"https:\/\/ultramagic.com\/?s={search_term_string}\"},\"query-input\":\"required name=search_term_string\"}],\"inLanguage\":\"es\"}]}<\/script>\n<!-- \/ Yoast SEO plugin. -->","yoast_head_json":{"title":"Eco Magic - Ultramagic","robots":{"index":"index","follow":"follow","max-snippet":"max-snippet:-1","max-image-preview":"max-image-preview:large","max-video-preview":"max-video-preview:-1"},"canonical":"https:\/\/ultramagic.com\/hot-air-balloons\/eco-magic\/","og_locale":"es_ES","og_type":"article","og_title":"Eco Magic - Ultramagic","og_description":"El globo aerost\u00e1tico mundialmente de m\u00e1s bajo consumo. Algo realmente especial disponible solo en Ultramagic En Ultramagic estamos orgullosos por haber introducido la serie especial de globos EcoMagic hechos a partir del tejido aislante aerofabrix\u00ae. Este tejido solo est\u00e1 disponible para globos aerost\u00e1ticos dise\u00f1ados y fabricados por Ultramagic. Los globos EcoMagic contienen una fina capa [&hellip;]","og_url":"https:\/\/ultramagic.com\/hot-air-balloons\/eco-magic\/","og_site_name":"Ultramagic","article_publisher":"http:\/\/www.facebook.com\/ultramagicballons","article_modified_time":"2023-11-29T16:18:14+00:00","og_image":[{"width":75,"height":75,"url":"https:\/\/ultramagic.com\/wp-content\/uploads\/2016\/02\/BOTO_DOBLECAPA_21.jpg","type":"image\/jpeg"}],"twitter_card":"summary_large_image","twitter_site":"@umballoons","twitter_misc":{"Tiempo de lectura":"1 minuto"},"schema":{"@context":"https:\/\/schema.org","@graph":[{"@type":"WebPage","@id":"https:\/\/ultramagic.com\/hot-air-balloons\/eco-magic\/","url":"https:\/\/ultramagic.com\/hot-air-balloons\/eco-magic\/","name":"Eco Magic - Ultramagic","isPartOf":{"@id":"https:\/\/ultramagic.com\/#website"},"primaryImageOfPage":{"@id":"https:\/\/ultramagic.com\/hot-air-balloons\/eco-magic\/#primaryimage"},"image":{"@id":"https:\/\/ultramagic.com\/hot-air-balloons\/eco-magic\/#primaryimage"},"thumbnailUrl":"https:\/\/ultramagic.com\/wp-content\/uploads\/2016\/02\/BOTO_DOBLECAPA_21.jpg","datePublished":"2016-02-17T12:33:16+00:00","dateModified":"2023-11-29T16:18:14+00:00","breadcrumb":{"@id":"https:\/\/ultramagic.com\/hot-air-balloons\/eco-magic\/#breadcrumb"},"inLanguage":"es","potentialAction":[{"@type":"ReadAction","target":["https:\/\/ultramagic.com\/hot-air-balloons\/eco-magic\/"]}]},{"@type":"ImageObject","inLanguage":"es","@id":"https:\/\/ultramagic.com\/hot-air-balloons\/eco-magic\/#primaryimage","url":"https:\/\/ultramagic.com\/wp-content\/uploads\/2016\/02\/BOTO_DOBLECAPA_21.jpg","contentUrl":"https:\/\/ultramagic.com\/wp-content\/uploads\/2016\/02\/BOTO_DOBLECAPA_21.jpg","width":75,"height":75},{"@type":"BreadcrumbList","@id":"https:\/\/ultramagic.com\/hot-air-balloons\/eco-magic\/#breadcrumb","itemListElement":[{"@type":"ListItem","position":1,"name":"Home","item":"https:\/\/ultramagic.com\/es\/"},{"@type":"ListItem","position":2,"name":"Globos aerost\u00e1ticos","item":"https:\/\/ultramagic.com\/hot-air-balloons\/"},{"@type":"ListItem","position":3,"name":"Eco Magic"}]},{"@type":"WebSite","@id":"https:\/\/ultramagic.com\/#website","url":"https:\/\/ultramagic.com\/","name":"Ultramagic","description":"All about hot air balloon advertising industry and history.Hot air balloon photos and pictures. Enjoy the hot air balloon experience from your home.","potentialAction":[{"@type":"SearchAction","target":{"@type":"EntryPoint","urlTemplate":"https:\/\/ultramagic.com\/?s={search_term_string}"},"query-input":"required name=search_term_string"}],"inLanguage":"es"}]}},"_links":{"self":[{"href":"https:\/\/ultramagic.com\/es\/wp-json\/wp\/v2\/pages\/9318"}],"collection":[{"href":"https:\/\/ultramagic.com\/es\/wp-json\/wp\/v2\/pages"}],"about":[{"href":"https:\/\/ultramagic.com\/es\/wp-json\/wp\/v2\/types\/page"}],"author":[{"embeddable":true,"href":"https:\/\/ultramagic.com\/es\/wp-json\/wp\/v2\/users\/2"}],"replies":[{"embeddable":true,"href":"https:\/\/ultramagic.com\/es\/wp-json\/wp\/v2\/comments?post=9318"}],"version-history":[{"count":3,"href":"https:\/\/ultramagic.com\/es\/wp-json\/wp\/v2\/pages\/9318\/revisions"}],"predecessor-version":[{"id":18567,"href":"https:\/\/ultramagic.com\/es\/wp-json\/wp\/v2\/pages\/9318\/revisions\/18567"}],"up":[{"embeddable":true,"href":"https:\/\/ultramagic.com\/es\/wp-json\/wp\/v2\/pages\/9780"}],"wp:featuredmedia":[{"embeddable":true,"href":"https:\/\/ultramagic.com\/es\/wp-json\/wp\/v2\/media\/7571"}],"wp:attachment":[{"href":"https:\/\/ultramagic.com\/es\/wp-json\/wp\/v2\/media?parent=9318"}],"curies":[{"name":"wp","href":"https:\/\/api.w.org\/{rel}","templated":true}]}}