{"id":9315,"date":"2015-06-11T12:46:46","date_gmt":"2015-06-11T10:46:46","guid":{"rendered":"http:\/\/ultramagic.creagia.com\/es\/special-shapes\/"},"modified":"2016-06-13T19:19:44","modified_gmt":"2016-06-13T17:19:44","slug":"formas-especiales","status":"publish","type":"page","link":"https:\/\/ultramagic.com\/es\/globos-aerostaticos\/formas-especiales\/","title":{"rendered":"Formas Especiales"},"content":{"rendered":"<blockquote><p><strong>Ser diferente, llamar la atenci\u00f3n<\/strong><\/p><\/blockquote>\n<p>Ultramagic lleva ya 30 a\u00f1os de experiencia en dise\u00f1o y construcci\u00f3n de formas especiales. Nos hemos especializado en la creaci\u00f3n de formas especiales que llaman la atenci\u00f3n tanto para promocionar un producto como para hacer realidad el sue\u00f1o de un piloto. Damos \u00e9nfasis en la creaci\u00f3n de formas especiales f\u00e1ciles de operar, pr\u00e1cticas y ligeras. Creemos que \u00e9stas deber\u00edan poderse volar m\u00e1s a menudo. Las formas especiales son dise\u00f1adas por nuestro equipo de ingenieros aeron\u00e1uticos y se construyen con los mejores est\u00e1ndares por nuestro equipo de costureras. Todo este trabajo se lleva a cabo bajo las aprobaciones de EASA que garantizan una certificaci\u00f3n a trav\u00e9s de las autoridades de aviaci\u00f3n. Creemos que una forma especial deber\u00eda perdurar tanto como nuestra gama de globos est\u00e1ndares. Contacte con nosotros pidiendo su deseo y nosotros prepararemos una imagen visual detallada para mostrarle exactamente como conseguir este prop\u00f3sito. Deje correr su imaginaci\u00f3n sin romper su presupuesto para el proyecto. Gane la publicidad que realmente necesita con un precio razonable. <em>\u00a1Formas especiales, formas m\u00e1gicas!<\/em><\/p>\n<p>&nbsp;<\/p>\n<div id='gallery-1' class='gallery galleryid-9315 gallery-columns-4 gallery-size-medium'><dl class='gallery-item'>\n\t\t\t<dt class='gallery-icon portrait'>\n\t\t\t\t<a href='https:\/\/ultramagic.com\/wp-content\/uploads\/2015\/06\/1785-FT-Tablet_ok.jpg'><img loading=\"lazy\" decoding=\"async\" width=\"232\" height=\"300\" src=\"https:\/\/ultramagic.com\/wp-content\/uploads\/2015\/06\/1785-FT-Tablet_ok-232x300.jpg\" class=\"attachment-medium size-medium\" alt=\"\" srcset=\"https:\/\/ultramagic.com\/wp-content\/uploads\/2015\/06\/1785-FT-Tablet_ok-232x300.jpg 232w, https:\/\/ultramagic.com\/wp-content\/uploads\/2015\/06\/1785-FT-Tablet_ok-792x1024.jpg 792w, https:\/\/ultramagic.com\/wp-content\/uploads\/2015\/06\/1785-FT-Tablet_ok.jpg 1762w\" sizes=\"(max-width: 232px) 100vw, 232px\" \/><\/a>\n\t\t\t<\/dt><\/dl><dl class='gallery-item'>\n\t\t\t<dt class='gallery-icon portrait'>\n\t\t\t\t<a href='https:\/\/ultramagic.com\/wp-content\/uploads\/2015\/06\/DSCN0054_ok.jpg'><img loading=\"lazy\" decoding=\"async\" width=\"246\" height=\"300\" src=\"https:\/\/ultramagic.com\/wp-content\/uploads\/2015\/06\/DSCN0054_ok-246x300.jpg\" class=\"attachment-medium size-medium\" alt=\"\" srcset=\"https:\/\/ultramagic.com\/wp-content\/uploads\/2015\/06\/DSCN0054_ok-246x300.jpg 246w, https:\/\/ultramagic.com\/wp-content\/uploads\/2015\/06\/DSCN0054_ok-841x1024.jpg 841w\" sizes=\"(max-width: 246px) 100vw, 246px\" \/><\/a>\n\t\t\t<\/dt><\/dl><dl class='gallery-item'>\n\t\t\t<dt class='gallery-icon landscape'>\n\t\t\t\t<a href='https:\/\/ultramagic.com\/wp-content\/uploads\/2015\/06\/1312-FE-Movistar_ok.jpg'><img loading=\"lazy\" decoding=\"async\" width=\"300\" height=\"278\" src=\"https:\/\/ultramagic.com\/wp-content\/uploads\/2015\/06\/1312-FE-Movistar_ok-300x278.jpg\" class=\"attachment-medium size-medium\" alt=\"\" srcset=\"https:\/\/ultramagic.com\/wp-content\/uploads\/2015\/06\/1312-FE-Movistar_ok-300x278.jpg 300w, https:\/\/ultramagic.com\/wp-content\/uploads\/2015\/06\/1312-FE-Movistar_ok-1024x948.jpg 1024w, https:\/\/ultramagic.com\/wp-content\/uploads\/2015\/06\/1312-FE-Movistar_ok.jpg 1783w\" sizes=\"(max-width: 300px) 100vw, 300px\" \/><\/a>\n\t\t\t<\/dt><\/dl><dl class='gallery-item'>\n\t\t\t<dt class='gallery-icon portrait'>\n\t\t\t\t<a href='https:\/\/ultramagic.com\/wp-content\/uploads\/2015\/06\/1000-Montgolfier-3_ok.jpg'><img loading=\"lazy\" decoding=\"async\" width=\"270\" height=\"300\" src=\"https:\/\/ultramagic.com\/wp-content\/uploads\/2015\/06\/1000-Montgolfier-3_ok-270x300.jpg\" class=\"attachment-medium size-medium\" alt=\"\" srcset=\"https:\/\/ultramagic.com\/wp-content\/uploads\/2015\/06\/1000-Montgolfier-3_ok-270x300.jpg 270w, https:\/\/ultramagic.com\/wp-content\/uploads\/2015\/06\/1000-Montgolfier-3_ok-921x1024.jpg 921w, https:\/\/ultramagic.com\/wp-content\/uploads\/2015\/06\/1000-Montgolfier-3_ok.jpg 2031w\" sizes=\"(max-width: 270px) 100vw, 270px\" \/><\/a>\n\t\t\t<\/dt><\/dl><br style=\"clear: both\" \/>\n\t\t<\/div>\n\n<p>&nbsp;<\/p>\n<div id='gallery-2' class='gallery galleryid-9315 gallery-columns-4 gallery-size-medium'><dl class='gallery-item'>\n\t\t\t<dt class='gallery-icon portrait'>\n\t\t\t\t<a href='https:\/\/ultramagic.com\/wp-content\/uploads\/2015\/06\/1375-Beirao_ok.jpg'><img loading=\"lazy\" decoding=\"async\" width=\"188\" height=\"300\" src=\"https:\/\/ultramagic.com\/wp-content\/uploads\/2015\/06\/1375-Beirao_ok-188x300.jpg\" class=\"attachment-medium size-medium\" alt=\"\" srcset=\"https:\/\/ultramagic.com\/wp-content\/uploads\/2015\/06\/1375-Beirao_ok-188x300.jpg 188w, https:\/\/ultramagic.com\/wp-content\/uploads\/2015\/06\/1375-Beirao_ok-642x1024.jpg 642w, https:\/\/ultramagic.com\/wp-content\/uploads\/2015\/06\/1375-Beirao_ok.jpg 1444w\" sizes=\"(max-width: 188px) 100vw, 188px\" \/><\/a>\n\t\t\t<\/dt><\/dl><dl class='gallery-item'>\n\t\t\t<dt class='gallery-icon portrait'>\n\t\t\t\t<a href='https:\/\/ultramagic.com\/wp-content\/uploads\/2015\/06\/1441-NPL-Lamp_ok.jpg'><img loading=\"lazy\" decoding=\"async\" width=\"222\" height=\"300\" src=\"https:\/\/ultramagic.com\/wp-content\/uploads\/2015\/06\/1441-NPL-Lamp_ok-222x300.jpg\" class=\"attachment-medium size-medium\" alt=\"\" srcset=\"https:\/\/ultramagic.com\/wp-content\/uploads\/2015\/06\/1441-NPL-Lamp_ok-222x300.jpg 222w, https:\/\/ultramagic.com\/wp-content\/uploads\/2015\/06\/1441-NPL-Lamp_ok-757x1024.jpg 757w, https:\/\/ultramagic.com\/wp-content\/uploads\/2015\/06\/1441-NPL-Lamp_ok.jpg 1648w\" sizes=\"(max-width: 222px) 100vw, 222px\" \/><\/a>\n\t\t\t<\/dt><\/dl><dl class='gallery-item'>\n\t\t\t<dt class='gallery-icon portrait'>\n\t\t\t\t<a href='https:\/\/ultramagic.com\/wp-content\/uploads\/2015\/06\/1846v-Solo-Bottle_ok.jpg'><img loading=\"lazy\" decoding=\"async\" width=\"187\" height=\"300\" src=\"https:\/\/ultramagic.com\/wp-content\/uploads\/2015\/06\/1846v-Solo-Bottle_ok-187x300.jpg\" class=\"attachment-medium size-medium\" alt=\"\" srcset=\"https:\/\/ultramagic.com\/wp-content\/uploads\/2015\/06\/1846v-Solo-Bottle_ok-187x300.jpg 187w, https:\/\/ultramagic.com\/wp-content\/uploads\/2015\/06\/1846v-Solo-Bottle_ok-638x1024.jpg 638w, https:\/\/ultramagic.com\/wp-content\/uploads\/2015\/06\/1846v-Solo-Bottle_ok.jpg 1363w\" sizes=\"(max-width: 187px) 100vw, 187px\" \/><\/a>\n\t\t\t<\/dt><\/dl><dl class='gallery-item'>\n\t\t\t<dt class='gallery-icon portrait'>\n\t\t\t\t<a href='https:\/\/ultramagic.com\/wp-content\/uploads\/2015\/06\/special_shapes_freixenet_ok.jpg'><img loading=\"lazy\" decoding=\"async\" width=\"155\" height=\"300\" src=\"https:\/\/ultramagic.com\/wp-content\/uploads\/2015\/06\/special_shapes_freixenet_ok-155x300.jpg\" class=\"attachment-medium size-medium\" alt=\"\" srcset=\"https:\/\/ultramagic.com\/wp-content\/uploads\/2015\/06\/special_shapes_freixenet_ok-155x300.jpg 155w, https:\/\/ultramagic.com\/wp-content\/uploads\/2015\/06\/special_shapes_freixenet_ok-527x1024.jpg 527w\" sizes=\"(max-width: 155px) 100vw, 155px\" \/><\/a>\n\t\t\t<\/dt><\/dl><br style=\"clear: both\" \/>\n\t\t<\/div>\n\n<div id='gallery-3' class='gallery galleryid-9315 gallery-columns-4 gallery-size-medium'><dl class='gallery-item'>\n\t\t\t<dt class='gallery-icon landscape'>\n\t\t\t\t<a href='https:\/\/ultramagic.com\/wp-content\/uploads\/2015\/06\/1082-Pilota-VT4_ok.jpg'><img loading=\"lazy\" decoding=\"async\" width=\"300\" height=\"263\" src=\"https:\/\/ultramagic.com\/wp-content\/uploads\/2015\/06\/1082-Pilota-VT4_ok-300x263.jpg\" class=\"attachment-medium size-medium\" alt=\"\" srcset=\"https:\/\/ultramagic.com\/wp-content\/uploads\/2015\/06\/1082-Pilota-VT4_ok-300x263.jpg 300w, https:\/\/ultramagic.com\/wp-content\/uploads\/2015\/06\/1082-Pilota-VT4_ok-1024x898.jpg 1024w\" sizes=\"(max-width: 300px) 100vw, 300px\" \/><\/a>\n\t\t\t<\/dt><\/dl><dl class='gallery-item'>\n\t\t\t<dt class='gallery-icon landscape'>\n\t\t\t\t<a href='https:\/\/ultramagic.com\/wp-content\/uploads\/2015\/06\/1141-Whale_ok.jpg'><img loading=\"lazy\" decoding=\"async\" width=\"300\" height=\"222\" src=\"https:\/\/ultramagic.com\/wp-content\/uploads\/2015\/06\/1141-Whale_ok-300x222.jpg\" class=\"attachment-medium size-medium\" alt=\"\" srcset=\"https:\/\/ultramagic.com\/wp-content\/uploads\/2015\/06\/1141-Whale_ok-300x222.jpg 300w, https:\/\/ultramagic.com\/wp-content\/uploads\/2015\/06\/1141-Whale_ok-1024x759.jpg 1024w, https:\/\/ultramagic.com\/wp-content\/uploads\/2015\/06\/1141-Whale_ok.jpg 2037w\" sizes=\"(max-width: 300px) 100vw, 300px\" \/><\/a>\n\t\t\t<\/dt><\/dl><dl class='gallery-item'>\n\t\t\t<dt class='gallery-icon landscape'>\n\t\t\t\t<a href='https:\/\/ultramagic.com\/wp-content\/uploads\/2015\/06\/1790v-Taiwan-Heart_ok.jpg'><img loading=\"lazy\" decoding=\"async\" width=\"300\" height=\"270\" src=\"https:\/\/ultramagic.com\/wp-content\/uploads\/2015\/06\/1790v-Taiwan-Heart_ok-300x270.jpg\" class=\"attachment-medium size-medium\" alt=\"\" srcset=\"https:\/\/ultramagic.com\/wp-content\/uploads\/2015\/06\/1790v-Taiwan-Heart_ok-300x270.jpg 300w, https:\/\/ultramagic.com\/wp-content\/uploads\/2015\/06\/1790v-Taiwan-Heart_ok-1024x920.jpg 1024w, https:\/\/ultramagic.com\/wp-content\/uploads\/2015\/06\/1790v-Taiwan-Heart_ok.jpg 2003w\" sizes=\"(max-width: 300px) 100vw, 300px\" \/><\/a>\n\t\t\t<\/dt><\/dl><dl class='gallery-item'>\n\t\t\t<dt class='gallery-icon landscape'>\n\t\t\t\t<a href='https:\/\/ultramagic.com\/wp-content\/uploads\/2015\/06\/0749-UFO_ok.jpg'><img loading=\"lazy\" decoding=\"async\" width=\"300\" height=\"191\" src=\"https:\/\/ultramagic.com\/wp-content\/uploads\/2015\/06\/0749-UFO_ok-300x191.jpg\" class=\"attachment-medium size-medium\" alt=\"\" srcset=\"https:\/\/ultramagic.com\/wp-content\/uploads\/2015\/06\/0749-UFO_ok-300x191.jpg 300w, https:\/\/ultramagic.com\/wp-content\/uploads\/2015\/06\/0749-UFO_ok-1024x653.jpg 1024w\" sizes=\"(max-width: 300px) 100vw, 300px\" \/><\/a>\n\t\t\t<\/dt><\/dl><br style=\"clear: both\" \/>\n\t\t<\/div>\n\n","protected":false},"excerpt":{"rendered":"<p>Ser diferente, llamar la atenci\u00f3n Ultramagic lleva ya 30 a\u00f1os de experiencia en dise\u00f1o y construcci\u00f3n de formas especiales. Nos hemos especializado en la creaci\u00f3n de formas especiales que llaman la atenci\u00f3n tanto para promocionar un producto como para hacer realidad el sue\u00f1o de un piloto. Damos \u00e9nfasis en la creaci\u00f3n de formas especiales f\u00e1ciles [&hellip;]<\/p>\n","protected":false},"author":1,"featured_media":259,"parent":9780,"menu_order":0,"comment_status":"closed","ping_status":"open","template":"page-globus-pare.php","meta":{"ngg_post_thumbnail":0,"footnotes":""},"yoast_head":"<!-- This site is optimized with the Yoast SEO plugin v22.7 - https:\/\/yoast.com\/wordpress\/plugins\/seo\/ -->\n<title>Formas Especiales - Ultramagic<\/title>\n<meta name=\"robots\" content=\"index, follow, max-snippet:-1, max-image-preview:large, max-video-preview:-1\" \/>\n<link rel=\"canonical\" href=\"https:\/\/ultramagic.com\/hot-air-balloons\/special-shapes\/\" \/>\n<meta property=\"og:locale\" content=\"es_ES\" \/>\n<meta property=\"og:type\" content=\"article\" \/>\n<meta property=\"og:title\" content=\"Formas Especiales - Ultramagic\" \/>\n<meta property=\"og:description\" content=\"Ser diferente, llamar la atenci\u00f3n Ultramagic lleva ya 30 a\u00f1os de experiencia en dise\u00f1o y construcci\u00f3n de formas especiales. Nos hemos especializado en la creaci\u00f3n de formas especiales que llaman la atenci\u00f3n tanto para promocionar un producto como para hacer realidad el sue\u00f1o de un piloto. Damos \u00e9nfasis en la creaci\u00f3n de formas especiales f\u00e1ciles [&hellip;]\" \/>\n<meta property=\"og:url\" content=\"https:\/\/ultramagic.com\/hot-air-balloons\/special-shapes\/\" \/>\n<meta property=\"og:site_name\" content=\"Ultramagic\" \/>\n<meta property=\"article:publisher\" content=\"http:\/\/www.facebook.com\/ultramagicballons\" \/>\n<meta property=\"article:modified_time\" content=\"2016-06-13T17:19:44+00:00\" \/>\n<meta property=\"og:image\" content=\"https:\/\/ultramagic.com\/wp-content\/uploads\/2015\/06\/special-shapes.png\" \/>\n\t<meta property=\"og:image:width\" content=\"75\" \/>\n\t<meta property=\"og:image:height\" content=\"75\" \/>\n\t<meta property=\"og:image:type\" content=\"image\/png\" \/>\n<meta name=\"twitter:card\" content=\"summary_large_image\" \/>\n<meta name=\"twitter:site\" content=\"@umballoons\" \/>\n<meta name=\"twitter:label1\" content=\"Tiempo de lectura\" \/>\n\t<meta name=\"twitter:data1\" content=\"1 minuto\" \/>\n<script type=\"application\/ld+json\" class=\"yoast-schema-graph\">{\"@context\":\"https:\/\/schema.org\",\"@graph\":[{\"@type\":\"WebPage\",\"@id\":\"https:\/\/ultramagic.com\/hot-air-balloons\/special-shapes\/\",\"url\":\"https:\/\/ultramagic.com\/hot-air-balloons\/special-shapes\/\",\"name\":\"Formas Especiales - Ultramagic\",\"isPartOf\":{\"@id\":\"https:\/\/ultramagic.com\/#website\"},\"primaryImageOfPage\":{\"@id\":\"https:\/\/ultramagic.com\/hot-air-balloons\/special-shapes\/#primaryimage\"},\"image\":{\"@id\":\"https:\/\/ultramagic.com\/hot-air-balloons\/special-shapes\/#primaryimage\"},\"thumbnailUrl\":\"https:\/\/ultramagic.com\/wp-content\/uploads\/2015\/06\/special-shapes.png\",\"datePublished\":\"2015-06-11T10:46:46+00:00\",\"dateModified\":\"2016-06-13T17:19:44+00:00\",\"breadcrumb\":{\"@id\":\"https:\/\/ultramagic.com\/hot-air-balloons\/special-shapes\/#breadcrumb\"},\"inLanguage\":\"es\",\"potentialAction\":[{\"@type\":\"ReadAction\",\"target\":[\"https:\/\/ultramagic.com\/hot-air-balloons\/special-shapes\/\"]}]},{\"@type\":\"ImageObject\",\"inLanguage\":\"es\",\"@id\":\"https:\/\/ultramagic.com\/hot-air-balloons\/special-shapes\/#primaryimage\",\"url\":\"https:\/\/ultramagic.com\/wp-content\/uploads\/2015\/06\/special-shapes.png\",\"contentUrl\":\"https:\/\/ultramagic.com\/wp-content\/uploads\/2015\/06\/special-shapes.png\",\"width\":75,\"height\":75},{\"@type\":\"BreadcrumbList\",\"@id\":\"https:\/\/ultramagic.com\/hot-air-balloons\/special-shapes\/#breadcrumb\",\"itemListElement\":[{\"@type\":\"ListItem\",\"position\":1,\"name\":\"Home\",\"item\":\"https:\/\/ultramagic.com\/es\/\"},{\"@type\":\"ListItem\",\"position\":2,\"name\":\"Globos aerost\u00e1ticos\",\"item\":\"https:\/\/ultramagic.com\/hot-air-balloons\/\"},{\"@type\":\"ListItem\",\"position\":3,\"name\":\"Formas Especiales\"}]},{\"@type\":\"WebSite\",\"@id\":\"https:\/\/ultramagic.com\/#website\",\"url\":\"https:\/\/ultramagic.com\/\",\"name\":\"Ultramagic\",\"description\":\"All about hot air balloon advertising industry and history.Hot air balloon photos and pictures. Enjoy the hot air balloon experience from your home.\",\"potentialAction\":[{\"@type\":\"SearchAction\",\"target\":{\"@type\":\"EntryPoint\",\"urlTemplate\":\"https:\/\/ultramagic.com\/?s={search_term_string}\"},\"query-input\":\"required name=search_term_string\"}],\"inLanguage\":\"es\"}]}<\/script>\n<!-- \/ Yoast SEO plugin. -->","yoast_head_json":{"title":"Formas Especiales - Ultramagic","robots":{"index":"index","follow":"follow","max-snippet":"max-snippet:-1","max-image-preview":"max-image-preview:large","max-video-preview":"max-video-preview:-1"},"canonical":"https:\/\/ultramagic.com\/hot-air-balloons\/special-shapes\/","og_locale":"es_ES","og_type":"article","og_title":"Formas Especiales - Ultramagic","og_description":"Ser diferente, llamar la atenci\u00f3n Ultramagic lleva ya 30 a\u00f1os de experiencia en dise\u00f1o y construcci\u00f3n de formas especiales. Nos hemos especializado en la creaci\u00f3n de formas especiales que llaman la atenci\u00f3n tanto para promocionar un producto como para hacer realidad el sue\u00f1o de un piloto. Damos \u00e9nfasis en la creaci\u00f3n de formas especiales f\u00e1ciles [&hellip;]","og_url":"https:\/\/ultramagic.com\/hot-air-balloons\/special-shapes\/","og_site_name":"Ultramagic","article_publisher":"http:\/\/www.facebook.com\/ultramagicballons","article_modified_time":"2016-06-13T17:19:44+00:00","og_image":[{"width":75,"height":75,"url":"https:\/\/ultramagic.com\/wp-content\/uploads\/2015\/06\/special-shapes.png","type":"image\/png"}],"twitter_card":"summary_large_image","twitter_site":"@umballoons","twitter_misc":{"Tiempo de lectura":"1 minuto"},"schema":{"@context":"https:\/\/schema.org","@graph":[{"@type":"WebPage","@id":"https:\/\/ultramagic.com\/hot-air-balloons\/special-shapes\/","url":"https:\/\/ultramagic.com\/hot-air-balloons\/special-shapes\/","name":"Formas Especiales - Ultramagic","isPartOf":{"@id":"https:\/\/ultramagic.com\/#website"},"primaryImageOfPage":{"@id":"https:\/\/ultramagic.com\/hot-air-balloons\/special-shapes\/#primaryimage"},"image":{"@id":"https:\/\/ultramagic.com\/hot-air-balloons\/special-shapes\/#primaryimage"},"thumbnailUrl":"https:\/\/ultramagic.com\/wp-content\/uploads\/2015\/06\/special-shapes.png","datePublished":"2015-06-11T10:46:46+00:00","dateModified":"2016-06-13T17:19:44+00:00","breadcrumb":{"@id":"https:\/\/ultramagic.com\/hot-air-balloons\/special-shapes\/#breadcrumb"},"inLanguage":"es","potentialAction":[{"@type":"ReadAction","target":["https:\/\/ultramagic.com\/hot-air-balloons\/special-shapes\/"]}]},{"@type":"ImageObject","inLanguage":"es","@id":"https:\/\/ultramagic.com\/hot-air-balloons\/special-shapes\/#primaryimage","url":"https:\/\/ultramagic.com\/wp-content\/uploads\/2015\/06\/special-shapes.png","contentUrl":"https:\/\/ultramagic.com\/wp-content\/uploads\/2015\/06\/special-shapes.png","width":75,"height":75},{"@type":"BreadcrumbList","@id":"https:\/\/ultramagic.com\/hot-air-balloons\/special-shapes\/#breadcrumb","itemListElement":[{"@type":"ListItem","position":1,"name":"Home","item":"https:\/\/ultramagic.com\/es\/"},{"@type":"ListItem","position":2,"name":"Globos aerost\u00e1ticos","item":"https:\/\/ultramagic.com\/hot-air-balloons\/"},{"@type":"ListItem","position":3,"name":"Formas Especiales"}]},{"@type":"WebSite","@id":"https:\/\/ultramagic.com\/#website","url":"https:\/\/ultramagic.com\/","name":"Ultramagic","description":"All about hot air balloon advertising industry and history.Hot air balloon photos and pictures. Enjoy the hot air balloon experience from your home.","potentialAction":[{"@type":"SearchAction","target":{"@type":"EntryPoint","urlTemplate":"https:\/\/ultramagic.com\/?s={search_term_string}"},"query-input":"required name=search_term_string"}],"inLanguage":"es"}]}},"_links":{"self":[{"href":"https:\/\/ultramagic.com\/es\/wp-json\/wp\/v2\/pages\/9315"}],"collection":[{"href":"https:\/\/ultramagic.com\/es\/wp-json\/wp\/v2\/pages"}],"about":[{"href":"https:\/\/ultramagic.com\/es\/wp-json\/wp\/v2\/types\/page"}],"author":[{"embeddable":true,"href":"https:\/\/ultramagic.com\/es\/wp-json\/wp\/v2\/users\/1"}],"replies":[{"embeddable":true,"href":"https:\/\/ultramagic.com\/es\/wp-json\/wp\/v2\/comments?post=9315"}],"version-history":[{"count":2,"href":"https:\/\/ultramagic.com\/es\/wp-json\/wp\/v2\/pages\/9315\/revisions"}],"predecessor-version":[{"id":9317,"href":"https:\/\/ultramagic.com\/es\/wp-json\/wp\/v2\/pages\/9315\/revisions\/9317"}],"up":[{"embeddable":true,"href":"https:\/\/ultramagic.com\/es\/wp-json\/wp\/v2\/pages\/9780"}],"wp:featuredmedia":[{"embeddable":true,"href":"https:\/\/ultramagic.com\/es\/wp-json\/wp\/v2\/media\/259"}],"wp:attachment":[{"href":"https:\/\/ultramagic.com\/es\/wp-json\/wp\/v2\/media?parent=9315"}],"curies":[{"name":"wp","href":"https:\/\/api.w.org\/{rel}","templated":true}]}}