{"id":9310,"date":"2016-02-17T12:50:34","date_gmt":"2016-02-17T11:50:34","guid":{"rendered":"http:\/\/ultramagic.creagia.com\/es\/add-on-shapes\/"},"modified":"2016-06-13T19:19:33","modified_gmt":"2016-06-13T17:19:33","slug":"formas-con-apendices","status":"publish","type":"page","link":"https:\/\/ultramagic.com\/es\/globos-aerostaticos\/formas-con-apendices\/","title":{"rendered":"Formas con ap\u00e9ndices"},"content":{"rendered":"<blockquote><p><strong>Destacando entre la multitud<\/strong><\/p><\/blockquote>\n<p>Divi\u00e9rtete m\u00e1s con una forma m\u00e1gica, f\u00e1cil de operar y ligera de Ultramagic. Esta es una forma especial m\u00e1s sencilla y econ\u00f3mica basada en un dise\u00f1o est\u00e1ndar. La forma se crea con el uso de decoraciones y ap\u00e9ndices. Se encuentran disponibles en una gran variedad de tama\u00f1os. Pregunta por los detalles que podemos crear especialmente para usted. Ser\u00e1 altamente sorprendido como de c\u00f3modo\u00a0puede ser volar con un globo <strong><em>m\u00e1gico<\/em> <\/strong>tan diferente y divertido.<\/p>\n<p>&nbsp;<\/p>\n<div id='gallery-1' class='gallery galleryid-9310 gallery-columns-4 gallery-size-medium'><dl class='gallery-item'>\n\t\t\t<dt class='gallery-icon landscape'>\n\t\t\t\t<a href='https:\/\/ultramagic.com\/wp-content\/uploads\/2016\/02\/DSC08116.jpg'><img loading=\"lazy\" decoding=\"async\" width=\"300\" height=\"272\" src=\"https:\/\/ultramagic.com\/wp-content\/uploads\/2016\/02\/DSC08116.jpg\" class=\"attachment-medium size-medium\" alt=\"\" \/><\/a>\n\t\t\t<\/dt><\/dl><dl class='gallery-item'>\n\t\t\t<dt class='gallery-icon portrait'>\n\t\t\t\t<a href='https:\/\/ultramagic.com\/wp-content\/uploads\/2016\/02\/1814h.jpg'><img loading=\"lazy\" decoding=\"async\" width=\"270\" height=\"300\" src=\"https:\/\/ultramagic.com\/wp-content\/uploads\/2016\/02\/1814h-270x300.jpg\" class=\"attachment-medium size-medium\" alt=\"\" srcset=\"https:\/\/ultramagic.com\/wp-content\/uploads\/2016\/02\/1814h-270x300.jpg 270w, https:\/\/ultramagic.com\/wp-content\/uploads\/2016\/02\/1814h-923x1024.jpg 923w, https:\/\/ultramagic.com\/wp-content\/uploads\/2016\/02\/1814h.jpg 1540w\" sizes=\"(max-width: 270px) 100vw, 270px\" \/><\/a>\n\t\t\t<\/dt><\/dl><dl class='gallery-item'>\n\t\t\t<dt class='gallery-icon landscape'>\n\t\t\t\t<a href='https:\/\/ultramagic.com\/wp-content\/uploads\/2016\/02\/1779v-Babette.jpg'><img loading=\"lazy\" decoding=\"async\" width=\"300\" height=\"262\" src=\"https:\/\/ultramagic.com\/wp-content\/uploads\/2016\/02\/1779v-Babette-300x262.jpg\" class=\"attachment-medium size-medium\" alt=\"\" srcset=\"https:\/\/ultramagic.com\/wp-content\/uploads\/2016\/02\/1779v-Babette-300x262.jpg 300w, https:\/\/ultramagic.com\/wp-content\/uploads\/2016\/02\/1779v-Babette-1024x893.jpg 1024w\" sizes=\"(max-width: 300px) 100vw, 300px\" \/><\/a>\n\t\t\t<\/dt><\/dl><dl class='gallery-item'>\n\t\t\t<dt class='gallery-icon portrait'>\n\t\t\t\t<a href='https:\/\/ultramagic.com\/wp-content\/uploads\/2016\/02\/DSC07469.jpg'><img loading=\"lazy\" decoding=\"async\" width=\"282\" height=\"300\" src=\"https:\/\/ultramagic.com\/wp-content\/uploads\/2016\/02\/DSC07469-282x300.jpg\" class=\"attachment-medium size-medium\" alt=\"\" srcset=\"https:\/\/ultramagic.com\/wp-content\/uploads\/2016\/02\/DSC07469-282x300.jpg 282w, https:\/\/ultramagic.com\/wp-content\/uploads\/2016\/02\/DSC07469-768x816.jpg 768w, https:\/\/ultramagic.com\/wp-content\/uploads\/2016\/02\/DSC07469-964x1024.jpg 964w, https:\/\/ultramagic.com\/wp-content\/uploads\/2016\/02\/DSC07469.jpg 2016w\" sizes=\"(max-width: 282px) 100vw, 282px\" \/><\/a>\n\t\t\t<\/dt><\/dl><br style=\"clear: both\" \/>\n\t\t<\/div>\n\n<div id='gallery-2' class='gallery galleryid-9310 gallery-columns-4 gallery-size-medium'><dl class='gallery-item'>\n\t\t\t<dt class='gallery-icon portrait'>\n\t\t\t\t<a href='https:\/\/ultramagic.com\/wp-content\/uploads\/2016\/02\/0651-Van-Manen.jpg'><img loading=\"lazy\" decoding=\"async\" width=\"250\" height=\"300\" src=\"https:\/\/ultramagic.com\/wp-content\/uploads\/2016\/02\/0651-Van-Manen-250x300.jpg\" class=\"attachment-medium size-medium\" alt=\"\" srcset=\"https:\/\/ultramagic.com\/wp-content\/uploads\/2016\/02\/0651-Van-Manen-250x300.jpg 250w, https:\/\/ultramagic.com\/wp-content\/uploads\/2016\/02\/0651-Van-Manen-852x1024.jpg 852w, https:\/\/ultramagic.com\/wp-content\/uploads\/2016\/02\/0651-Van-Manen.jpg 1695w\" sizes=\"(max-width: 250px) 100vw, 250px\" \/><\/a>\n\t\t\t<\/dt><\/dl><dl class='gallery-item'>\n\t\t\t<dt class='gallery-icon landscape'>\n\t\t\t\t<a href='https:\/\/ultramagic.com\/wp-content\/uploads\/2016\/02\/0959-Bavik.jpg'><img loading=\"lazy\" decoding=\"async\" width=\"300\" height=\"291\" src=\"https:\/\/ultramagic.com\/wp-content\/uploads\/2016\/02\/0959-Bavik-300x291.jpg\" class=\"attachment-medium size-medium\" alt=\"\" srcset=\"https:\/\/ultramagic.com\/wp-content\/uploads\/2016\/02\/0959-Bavik-300x291.jpg 300w, https:\/\/ultramagic.com\/wp-content\/uploads\/2016\/02\/0959-Bavik-1024x993.jpg 1024w, https:\/\/ultramagic.com\/wp-content\/uploads\/2016\/02\/0959-Bavik.jpg 1880w\" sizes=\"(max-width: 300px) 100vw, 300px\" \/><\/a>\n\t\t\t<\/dt><\/dl><dl class='gallery-item'>\n\t\t\t<dt class='gallery-icon portrait'>\n\t\t\t\t<a href='https:\/\/ultramagic.com\/wp-content\/uploads\/2016\/02\/1326v-Clown.jpg'><img loading=\"lazy\" decoding=\"async\" width=\"258\" height=\"300\" src=\"https:\/\/ultramagic.com\/wp-content\/uploads\/2016\/02\/1326v-Clown-258x300.jpg\" class=\"attachment-medium size-medium\" alt=\"\" srcset=\"https:\/\/ultramagic.com\/wp-content\/uploads\/2016\/02\/1326v-Clown-258x300.jpg 258w, https:\/\/ultramagic.com\/wp-content\/uploads\/2016\/02\/1326v-Clown-880x1024.jpg 880w, https:\/\/ultramagic.com\/wp-content\/uploads\/2016\/02\/1326v-Clown.jpg 1875w\" sizes=\"(max-width: 258px) 100vw, 258px\" \/><\/a>\n\t\t\t<\/dt><\/dl><dl class='gallery-item'>\n\t\t\t<dt class='gallery-icon portrait'>\n\t\t\t\t<a href='https:\/\/ultramagic.com\/wp-content\/uploads\/2016\/02\/1547v-Metten.jpg'><img loading=\"lazy\" decoding=\"async\" width=\"256\" height=\"300\" src=\"https:\/\/ultramagic.com\/wp-content\/uploads\/2016\/02\/1547v-Metten-256x300.jpg\" class=\"attachment-medium size-medium\" alt=\"\" srcset=\"https:\/\/ultramagic.com\/wp-content\/uploads\/2016\/02\/1547v-Metten-256x300.jpg 256w, https:\/\/ultramagic.com\/wp-content\/uploads\/2016\/02\/1547v-Metten-875x1024.jpg 875w, https:\/\/ultramagic.com\/wp-content\/uploads\/2016\/02\/1547v-Metten.jpg 1683w\" sizes=\"(max-width: 256px) 100vw, 256px\" \/><\/a>\n\t\t\t<\/dt><\/dl><br style=\"clear: both\" \/>\n\t\t<\/div>\n\n<p>&nbsp;<\/p>\n","protected":false},"excerpt":{"rendered":"<p>Destacando entre la multitud Divi\u00e9rtete m\u00e1s con una forma m\u00e1gica, f\u00e1cil de operar y ligera de Ultramagic. Esta es una forma especial m\u00e1s sencilla y econ\u00f3mica basada en un dise\u00f1o est\u00e1ndar. La forma se crea con el uso de decoraciones y ap\u00e9ndices. Se encuentran disponibles en una gran variedad de tama\u00f1os. Pregunta por los detalles [&hellip;]<\/p>\n","protected":false},"author":2,"featured_media":8068,"parent":9780,"menu_order":0,"comment_status":"closed","ping_status":"open","template":"page-globus-pare.php","meta":{"ngg_post_thumbnail":0,"footnotes":""},"yoast_head":"<!-- This site is optimized with the Yoast SEO plugin v22.7 - https:\/\/yoast.com\/wordpress\/plugins\/seo\/ -->\n<title>Formas con ap\u00e9ndices - Ultramagic<\/title>\n<meta name=\"robots\" content=\"index, follow, max-snippet:-1, max-image-preview:large, max-video-preview:-1\" \/>\n<link rel=\"canonical\" href=\"https:\/\/ultramagic.com\/es\/globos-aerostaticos\/formas-con-apendices\/\" \/>\n<meta property=\"og:locale\" content=\"es_ES\" \/>\n<meta property=\"og:type\" content=\"article\" \/>\n<meta property=\"og:title\" content=\"Formas con ap\u00e9ndices - Ultramagic\" \/>\n<meta property=\"og:description\" content=\"Destacando entre la multitud Divi\u00e9rtete m\u00e1s con una forma m\u00e1gica, f\u00e1cil de operar y ligera de Ultramagic. Esta es una forma especial m\u00e1s sencilla y econ\u00f3mica basada en un dise\u00f1o est\u00e1ndar. La forma se crea con el uso de decoraciones y ap\u00e9ndices. Se encuentran disponibles en una gran variedad de tama\u00f1os. Pregunta por los detalles [&hellip;]\" \/>\n<meta property=\"og:url\" content=\"https:\/\/ultramagic.com\/es\/globos-aerostaticos\/formas-con-apendices\/\" \/>\n<meta property=\"og:site_name\" content=\"Ultramagic\" \/>\n<meta property=\"article:publisher\" content=\"http:\/\/www.facebook.com\/ultramagicballons\" \/>\n<meta property=\"article:modified_time\" content=\"2016-06-13T17:19:33+00:00\" \/>\n<meta property=\"og:image\" content=\"https:\/\/ultramagic.com\/wp-content\/uploads\/2016\/02\/add-on-shapes.png\" \/>\n\t<meta property=\"og:image:width\" content=\"75\" \/>\n\t<meta property=\"og:image:height\" content=\"75\" \/>\n\t<meta property=\"og:image:type\" content=\"image\/png\" \/>\n<meta name=\"twitter:card\" content=\"summary_large_image\" \/>\n<meta name=\"twitter:site\" content=\"@umballoons\" \/>\n<meta name=\"twitter:label1\" content=\"Tiempo de lectura\" \/>\n\t<meta name=\"twitter:data1\" content=\"1 minuto\" \/>\n<script type=\"application\/ld+json\" class=\"yoast-schema-graph\">{\"@context\":\"https:\/\/schema.org\",\"@graph\":[{\"@type\":\"WebPage\",\"@id\":\"https:\/\/ultramagic.com\/es\/globos-aerostaticos\/formas-con-apendices\/\",\"url\":\"https:\/\/ultramagic.com\/es\/globos-aerostaticos\/formas-con-apendices\/\",\"name\":\"Formas con ap\u00e9ndices - Ultramagic\",\"isPartOf\":{\"@id\":\"https:\/\/ultramagic.com\/#website\"},\"primaryImageOfPage\":{\"@id\":\"https:\/\/ultramagic.com\/es\/globos-aerostaticos\/formas-con-apendices\/#primaryimage\"},\"image\":{\"@id\":\"https:\/\/ultramagic.com\/es\/globos-aerostaticos\/formas-con-apendices\/#primaryimage\"},\"thumbnailUrl\":\"https:\/\/ultramagic.com\/wp-content\/uploads\/2016\/02\/add-on-shapes.png\",\"datePublished\":\"2016-02-17T11:50:34+00:00\",\"dateModified\":\"2016-06-13T17:19:33+00:00\",\"breadcrumb\":{\"@id\":\"https:\/\/ultramagic.com\/es\/globos-aerostaticos\/formas-con-apendices\/#breadcrumb\"},\"inLanguage\":\"es\",\"potentialAction\":[{\"@type\":\"ReadAction\",\"target\":[\"https:\/\/ultramagic.com\/es\/globos-aerostaticos\/formas-con-apendices\/\"]}]},{\"@type\":\"ImageObject\",\"inLanguage\":\"es\",\"@id\":\"https:\/\/ultramagic.com\/es\/globos-aerostaticos\/formas-con-apendices\/#primaryimage\",\"url\":\"https:\/\/ultramagic.com\/wp-content\/uploads\/2016\/02\/add-on-shapes.png\",\"contentUrl\":\"https:\/\/ultramagic.com\/wp-content\/uploads\/2016\/02\/add-on-shapes.png\",\"width\":75,\"height\":75},{\"@type\":\"BreadcrumbList\",\"@id\":\"https:\/\/ultramagic.com\/es\/globos-aerostaticos\/formas-con-apendices\/#breadcrumb\",\"itemListElement\":[{\"@type\":\"ListItem\",\"position\":1,\"name\":\"Home\",\"item\":\"https:\/\/ultramagic.com\/es\/\"},{\"@type\":\"ListItem\",\"position\":2,\"name\":\"Globos aerost\u00e1ticos\",\"item\":\"https:\/\/ultramagic.com\/hot-air-balloons\/\"},{\"@type\":\"ListItem\",\"position\":3,\"name\":\"Formas con ap\u00e9ndices\"}]},{\"@type\":\"WebSite\",\"@id\":\"https:\/\/ultramagic.com\/#website\",\"url\":\"https:\/\/ultramagic.com\/\",\"name\":\"Ultramagic\",\"description\":\"All about hot air balloon advertising industry and history.Hot air balloon photos and pictures. Enjoy the hot air balloon experience from your home.\",\"potentialAction\":[{\"@type\":\"SearchAction\",\"target\":{\"@type\":\"EntryPoint\",\"urlTemplate\":\"https:\/\/ultramagic.com\/?s={search_term_string}\"},\"query-input\":\"required name=search_term_string\"}],\"inLanguage\":\"es\"}]}<\/script>\n<!-- \/ Yoast SEO plugin. -->","yoast_head_json":{"title":"Formas con ap\u00e9ndices - Ultramagic","robots":{"index":"index","follow":"follow","max-snippet":"max-snippet:-1","max-image-preview":"max-image-preview:large","max-video-preview":"max-video-preview:-1"},"canonical":"https:\/\/ultramagic.com\/es\/globos-aerostaticos\/formas-con-apendices\/","og_locale":"es_ES","og_type":"article","og_title":"Formas con ap\u00e9ndices - Ultramagic","og_description":"Destacando entre la multitud Divi\u00e9rtete m\u00e1s con una forma m\u00e1gica, f\u00e1cil de operar y ligera de Ultramagic. Esta es una forma especial m\u00e1s sencilla y econ\u00f3mica basada en un dise\u00f1o est\u00e1ndar. La forma se crea con el uso de decoraciones y ap\u00e9ndices. Se encuentran disponibles en una gran variedad de tama\u00f1os. Pregunta por los detalles [&hellip;]","og_url":"https:\/\/ultramagic.com\/es\/globos-aerostaticos\/formas-con-apendices\/","og_site_name":"Ultramagic","article_publisher":"http:\/\/www.facebook.com\/ultramagicballons","article_modified_time":"2016-06-13T17:19:33+00:00","og_image":[{"width":75,"height":75,"url":"https:\/\/ultramagic.com\/wp-content\/uploads\/2016\/02\/add-on-shapes.png","type":"image\/png"}],"twitter_card":"summary_large_image","twitter_site":"@umballoons","twitter_misc":{"Tiempo de lectura":"1 minuto"},"schema":{"@context":"https:\/\/schema.org","@graph":[{"@type":"WebPage","@id":"https:\/\/ultramagic.com\/es\/globos-aerostaticos\/formas-con-apendices\/","url":"https:\/\/ultramagic.com\/es\/globos-aerostaticos\/formas-con-apendices\/","name":"Formas con ap\u00e9ndices - Ultramagic","isPartOf":{"@id":"https:\/\/ultramagic.com\/#website"},"primaryImageOfPage":{"@id":"https:\/\/ultramagic.com\/es\/globos-aerostaticos\/formas-con-apendices\/#primaryimage"},"image":{"@id":"https:\/\/ultramagic.com\/es\/globos-aerostaticos\/formas-con-apendices\/#primaryimage"},"thumbnailUrl":"https:\/\/ultramagic.com\/wp-content\/uploads\/2016\/02\/add-on-shapes.png","datePublished":"2016-02-17T11:50:34+00:00","dateModified":"2016-06-13T17:19:33+00:00","breadcrumb":{"@id":"https:\/\/ultramagic.com\/es\/globos-aerostaticos\/formas-con-apendices\/#breadcrumb"},"inLanguage":"es","potentialAction":[{"@type":"ReadAction","target":["https:\/\/ultramagic.com\/es\/globos-aerostaticos\/formas-con-apendices\/"]}]},{"@type":"ImageObject","inLanguage":"es","@id":"https:\/\/ultramagic.com\/es\/globos-aerostaticos\/formas-con-apendices\/#primaryimage","url":"https:\/\/ultramagic.com\/wp-content\/uploads\/2016\/02\/add-on-shapes.png","contentUrl":"https:\/\/ultramagic.com\/wp-content\/uploads\/2016\/02\/add-on-shapes.png","width":75,"height":75},{"@type":"BreadcrumbList","@id":"https:\/\/ultramagic.com\/es\/globos-aerostaticos\/formas-con-apendices\/#breadcrumb","itemListElement":[{"@type":"ListItem","position":1,"name":"Home","item":"https:\/\/ultramagic.com\/es\/"},{"@type":"ListItem","position":2,"name":"Globos aerost\u00e1ticos","item":"https:\/\/ultramagic.com\/hot-air-balloons\/"},{"@type":"ListItem","position":3,"name":"Formas con ap\u00e9ndices"}]},{"@type":"WebSite","@id":"https:\/\/ultramagic.com\/#website","url":"https:\/\/ultramagic.com\/","name":"Ultramagic","description":"All about hot air balloon advertising industry and history.Hot air balloon photos and pictures. Enjoy the hot air balloon experience from your home.","potentialAction":[{"@type":"SearchAction","target":{"@type":"EntryPoint","urlTemplate":"https:\/\/ultramagic.com\/?s={search_term_string}"},"query-input":"required name=search_term_string"}],"inLanguage":"es"}]}},"_links":{"self":[{"href":"https:\/\/ultramagic.com\/es\/wp-json\/wp\/v2\/pages\/9310"}],"collection":[{"href":"https:\/\/ultramagic.com\/es\/wp-json\/wp\/v2\/pages"}],"about":[{"href":"https:\/\/ultramagic.com\/es\/wp-json\/wp\/v2\/types\/page"}],"author":[{"embeddable":true,"href":"https:\/\/ultramagic.com\/es\/wp-json\/wp\/v2\/users\/2"}],"replies":[{"embeddable":true,"href":"https:\/\/ultramagic.com\/es\/wp-json\/wp\/v2\/comments?post=9310"}],"version-history":[{"count":4,"href":"https:\/\/ultramagic.com\/es\/wp-json\/wp\/v2\/pages\/9310\/revisions"}],"predecessor-version":[{"id":10283,"href":"https:\/\/ultramagic.com\/es\/wp-json\/wp\/v2\/pages\/9310\/revisions\/10283"}],"up":[{"embeddable":true,"href":"https:\/\/ultramagic.com\/es\/wp-json\/wp\/v2\/pages\/9780"}],"wp:featuredmedia":[{"embeddable":true,"href":"https:\/\/ultramagic.com\/es\/wp-json\/wp\/v2\/media\/8068"}],"wp:attachment":[{"href":"https:\/\/ultramagic.com\/es\/wp-json\/wp\/v2\/media?parent=9310"}],"curies":[{"name":"wp","href":"https:\/\/api.w.org\/{rel}","templated":true}]}}