{"id":9296,"date":"2015-07-06T14:21:34","date_gmt":"2015-07-06T12:21:34","guid":{"rendered":"http:\/\/ultramagic.creagia.com\/es\/envelopes\/z-series\/"},"modified":"2016-04-11T12:18:38","modified_gmt":"2016-04-11T10:18:38","slug":"z-series","status":"publish","type":"page","link":"https:\/\/ultramagic.com\/es\/globos-aerostaticos\/velas\/z-series\/","title":{"rendered":"SERIE Z"},"content":{"rendered":"<blockquote><p><strong>Dise\u00f1o en forma de diamante con 16 prominentes gajos.<\/strong><\/p><\/blockquote>\n<p>El Ultram\u00e0gic Z-90 con el corte especial en diagonal se ha hecho muy popular en varios pa\u00edses. Este interesante dise\u00f1o te permite crear un globo con cualquier combinaci\u00f3n de colores que ser\u00e1 admirada en festivales de globos, durante un vuelo a trav\u00e9s de las monta\u00f1as o simplemente para divertirse en los vuelos de fin de semana. Con esta opci\u00f3n de 22 colores y la posibilidad de hacer cualquier dise\u00f1o dentro del ya existente panel de colores, la creaci\u00f3n est\u00e1 limitada solo por su imaginaci\u00f3n.<\/p>\n<p>En el modelo est\u00e1ndar, el tejido Ultralast se usa para el paraca\u00eddas, en los 3 paneles superiores y en 1.5m por encima de la boca de nomex. Opciones disponibles son la utilizaci\u00f3n de tejido adicional de Ultralast, colores especiales, ventanas transparentes. Scoop de nomex.<img loading=\"lazy\" decoding=\"async\" class=\"alignright wp-image-7251\" src=\"http:\/\/ultramagic.com\/wp-content\/uploads\/2015\/07\/Z_model.jpg\" alt=\"Z_model\" width=\"100\" height=\"212\" srcset=\"https:\/\/ultramagic.com\/wp-content\/uploads\/2015\/07\/Z_model.jpg 275w, https:\/\/ultramagic.com\/wp-content\/uploads\/2015\/07\/Z_model-142x300.jpg 142w\" sizes=\"(max-width: 100px) 100vw, 100px\" \/><\/p>\n<p><img loading=\"lazy\" decoding=\"async\" class=\"aligncenter wp-image-7248 size-large\" src=\"http:\/\/ultramagic.com\/wp-content\/uploads\/2015\/07\/Taula_Z-1024x101.jpg\" alt=\"Taula_Z\" width=\"1024\" height=\"101\" srcset=\"https:\/\/ultramagic.com\/wp-content\/uploads\/2015\/07\/Taula_Z-1024x101.jpg 1024w, https:\/\/ultramagic.com\/wp-content\/uploads\/2015\/07\/Taula_Z-300x30.jpg 300w, https:\/\/ultramagic.com\/wp-content\/uploads\/2015\/07\/Taula_Z.jpg 1834w\" sizes=\"(max-width: 1024px) 100vw, 1024px\" \/><\/p>\n<div id='gallery-1' class='gallery galleryid-9296 gallery-columns-3 gallery-size-thumbnail'><dl class='gallery-item'>\n\t\t\t<dt class='gallery-icon landscape'>\n\t\t\t\t<a href='https:\/\/ultramagic.com\/wp-content\/uploads\/2015\/07\/1367-MirkoOK.jpg'><img loading=\"lazy\" decoding=\"async\" width=\"150\" height=\"150\" src=\"https:\/\/ultramagic.com\/wp-content\/uploads\/2015\/07\/1367-MirkoOK-150x150.jpg\" class=\"attachment-thumbnail size-thumbnail\" alt=\"\" \/><\/a>\n\t\t\t<\/dt><\/dl><dl class='gallery-item'>\n\t\t\t<dt class='gallery-icon landscape'>\n\t\t\t\t<a href='https:\/\/ultramagic.com\/wp-content\/uploads\/2015\/07\/1727v-Garry-LockyerOK.jpg'><img loading=\"lazy\" decoding=\"async\" width=\"150\" height=\"150\" src=\"https:\/\/ultramagic.com\/wp-content\/uploads\/2015\/07\/1727v-Garry-LockyerOK-150x150.jpg\" class=\"attachment-thumbnail size-thumbnail\" alt=\"\" \/><\/a>\n\t\t\t<\/dt><\/dl><dl class='gallery-item'>\n\t\t\t<dt class='gallery-icon landscape'>\n\t\t\t\t<a href='https:\/\/ultramagic.com\/wp-content\/uploads\/2015\/07\/1393-Zick-Zack.jpg'><img loading=\"lazy\" decoding=\"async\" width=\"150\" height=\"150\" src=\"https:\/\/ultramagic.com\/wp-content\/uploads\/2015\/07\/1393-Zick-Zack-150x150.jpg\" class=\"attachment-thumbnail size-thumbnail\" alt=\"\" \/><\/a>\n\t\t\t<\/dt><\/dl><br style=\"clear: both\" \/>\n\t\t<\/div>\n\n","protected":false},"excerpt":{"rendered":"<p>Dise\u00f1o en forma de diamante con 16 prominentes gajos. El Ultram\u00e0gic Z-90 con el corte especial en diagonal se ha hecho muy popular en varios pa\u00edses. Este interesante dise\u00f1o te permite crear un globo con cualquier combinaci\u00f3n de colores que ser\u00e1 admirada en festivales de globos, durante un vuelo a trav\u00e9s de las monta\u00f1as o [&hellip;]<\/p>\n","protected":false},"author":1,"featured_media":445,"parent":9272,"menu_order":0,"comment_status":"closed","ping_status":"open","template":"page-globus-fill.php","meta":{"ngg_post_thumbnail":0,"footnotes":""},"yoast_head":"<!-- This site is optimized with the Yoast SEO plugin v22.7 - https:\/\/yoast.com\/wordpress\/plugins\/seo\/ -->\n<title>SERIE Z - Ultramagic<\/title>\n<meta name=\"robots\" content=\"index, follow, max-snippet:-1, max-image-preview:large, max-video-preview:-1\" \/>\n<link rel=\"canonical\" href=\"https:\/\/ultramagic.com\/hot-air-balloons\/envelopes\/z-series\/\" \/>\n<meta property=\"og:locale\" content=\"es_ES\" \/>\n<meta property=\"og:type\" content=\"article\" \/>\n<meta property=\"og:title\" content=\"SERIE Z - Ultramagic\" \/>\n<meta property=\"og:description\" content=\"Dise\u00f1o en forma de diamante con 16 prominentes gajos. El Ultram\u00e0gic Z-90 con el corte especial en diagonal se ha hecho muy popular en varios pa\u00edses. Este interesante dise\u00f1o te permite crear un globo con cualquier combinaci\u00f3n de colores que ser\u00e1 admirada en festivales de globos, durante un vuelo a trav\u00e9s de las monta\u00f1as o [&hellip;]\" \/>\n<meta property=\"og:url\" content=\"https:\/\/ultramagic.com\/hot-air-balloons\/envelopes\/z-series\/\" \/>\n<meta property=\"og:site_name\" content=\"Ultramagic\" \/>\n<meta property=\"article:publisher\" content=\"http:\/\/www.facebook.com\/ultramagicballons\" \/>\n<meta property=\"article:modified_time\" content=\"2016-04-11T10:18:38+00:00\" \/>\n<meta property=\"og:image\" content=\"https:\/\/ultramagic.com\/wp-content\/uploads\/2015\/07\/Vela_Z_b.jpg\" \/>\n\t<meta property=\"og:image:width\" content=\"100\" \/>\n\t<meta property=\"og:image:height\" content=\"133\" \/>\n\t<meta property=\"og:image:type\" content=\"image\/jpeg\" \/>\n<meta name=\"twitter:card\" content=\"summary_large_image\" \/>\n<meta name=\"twitter:site\" content=\"@umballoons\" \/>\n<meta name=\"twitter:label1\" content=\"Tiempo de lectura\" \/>\n\t<meta name=\"twitter:data1\" content=\"1 minuto\" \/>\n<script type=\"application\/ld+json\" class=\"yoast-schema-graph\">{\"@context\":\"https:\/\/schema.org\",\"@graph\":[{\"@type\":\"WebPage\",\"@id\":\"https:\/\/ultramagic.com\/hot-air-balloons\/envelopes\/z-series\/\",\"url\":\"https:\/\/ultramagic.com\/hot-air-balloons\/envelopes\/z-series\/\",\"name\":\"SERIE Z - Ultramagic\",\"isPartOf\":{\"@id\":\"https:\/\/ultramagic.com\/#website\"},\"primaryImageOfPage\":{\"@id\":\"https:\/\/ultramagic.com\/hot-air-balloons\/envelopes\/z-series\/#primaryimage\"},\"image\":{\"@id\":\"https:\/\/ultramagic.com\/hot-air-balloons\/envelopes\/z-series\/#primaryimage\"},\"thumbnailUrl\":\"https:\/\/ultramagic.com\/wp-content\/uploads\/2015\/07\/Vela_Z_b.jpg\",\"datePublished\":\"2015-07-06T12:21:34+00:00\",\"dateModified\":\"2016-04-11T10:18:38+00:00\",\"breadcrumb\":{\"@id\":\"https:\/\/ultramagic.com\/hot-air-balloons\/envelopes\/z-series\/#breadcrumb\"},\"inLanguage\":\"es\",\"potentialAction\":[{\"@type\":\"ReadAction\",\"target\":[\"https:\/\/ultramagic.com\/hot-air-balloons\/envelopes\/z-series\/\"]}]},{\"@type\":\"ImageObject\",\"inLanguage\":\"es\",\"@id\":\"https:\/\/ultramagic.com\/hot-air-balloons\/envelopes\/z-series\/#primaryimage\",\"url\":\"https:\/\/ultramagic.com\/wp-content\/uploads\/2015\/07\/Vela_Z_b.jpg\",\"contentUrl\":\"https:\/\/ultramagic.com\/wp-content\/uploads\/2015\/07\/Vela_Z_b.jpg\",\"width\":100,\"height\":133},{\"@type\":\"BreadcrumbList\",\"@id\":\"https:\/\/ultramagic.com\/hot-air-balloons\/envelopes\/z-series\/#breadcrumb\",\"itemListElement\":[{\"@type\":\"ListItem\",\"position\":1,\"name\":\"Home\",\"item\":\"https:\/\/ultramagic.com\/es\/\"},{\"@type\":\"ListItem\",\"position\":2,\"name\":\"Globos aerost\u00e1ticos\",\"item\":\"https:\/\/ultramagic.com\/hot-air-balloons\/\"},{\"@type\":\"ListItem\",\"position\":3,\"name\":\"Velas\",\"item\":\"https:\/\/ultramagic.com\/hot-air-balloons\/envelopes\/\"},{\"@type\":\"ListItem\",\"position\":4,\"name\":\"SERIE Z\"}]},{\"@type\":\"WebSite\",\"@id\":\"https:\/\/ultramagic.com\/#website\",\"url\":\"https:\/\/ultramagic.com\/\",\"name\":\"Ultramagic\",\"description\":\"All about hot air balloon advertising industry and history.Hot air balloon photos and pictures. Enjoy the hot air balloon experience from your home.\",\"potentialAction\":[{\"@type\":\"SearchAction\",\"target\":{\"@type\":\"EntryPoint\",\"urlTemplate\":\"https:\/\/ultramagic.com\/?s={search_term_string}\"},\"query-input\":\"required name=search_term_string\"}],\"inLanguage\":\"es\"}]}<\/script>\n<!-- \/ Yoast SEO plugin. -->","yoast_head_json":{"title":"SERIE Z - Ultramagic","robots":{"index":"index","follow":"follow","max-snippet":"max-snippet:-1","max-image-preview":"max-image-preview:large","max-video-preview":"max-video-preview:-1"},"canonical":"https:\/\/ultramagic.com\/hot-air-balloons\/envelopes\/z-series\/","og_locale":"es_ES","og_type":"article","og_title":"SERIE Z - Ultramagic","og_description":"Dise\u00f1o en forma de diamante con 16 prominentes gajos. El Ultram\u00e0gic Z-90 con el corte especial en diagonal se ha hecho muy popular en varios pa\u00edses. Este interesante dise\u00f1o te permite crear un globo con cualquier combinaci\u00f3n de colores que ser\u00e1 admirada en festivales de globos, durante un vuelo a trav\u00e9s de las monta\u00f1as o [&hellip;]","og_url":"https:\/\/ultramagic.com\/hot-air-balloons\/envelopes\/z-series\/","og_site_name":"Ultramagic","article_publisher":"http:\/\/www.facebook.com\/ultramagicballons","article_modified_time":"2016-04-11T10:18:38+00:00","og_image":[{"width":100,"height":133,"url":"https:\/\/ultramagic.com\/wp-content\/uploads\/2015\/07\/Vela_Z_b.jpg","type":"image\/jpeg"}],"twitter_card":"summary_large_image","twitter_site":"@umballoons","twitter_misc":{"Tiempo de lectura":"1 minuto"},"schema":{"@context":"https:\/\/schema.org","@graph":[{"@type":"WebPage","@id":"https:\/\/ultramagic.com\/hot-air-balloons\/envelopes\/z-series\/","url":"https:\/\/ultramagic.com\/hot-air-balloons\/envelopes\/z-series\/","name":"SERIE Z - Ultramagic","isPartOf":{"@id":"https:\/\/ultramagic.com\/#website"},"primaryImageOfPage":{"@id":"https:\/\/ultramagic.com\/hot-air-balloons\/envelopes\/z-series\/#primaryimage"},"image":{"@id":"https:\/\/ultramagic.com\/hot-air-balloons\/envelopes\/z-series\/#primaryimage"},"thumbnailUrl":"https:\/\/ultramagic.com\/wp-content\/uploads\/2015\/07\/Vela_Z_b.jpg","datePublished":"2015-07-06T12:21:34+00:00","dateModified":"2016-04-11T10:18:38+00:00","breadcrumb":{"@id":"https:\/\/ultramagic.com\/hot-air-balloons\/envelopes\/z-series\/#breadcrumb"},"inLanguage":"es","potentialAction":[{"@type":"ReadAction","target":["https:\/\/ultramagic.com\/hot-air-balloons\/envelopes\/z-series\/"]}]},{"@type":"ImageObject","inLanguage":"es","@id":"https:\/\/ultramagic.com\/hot-air-balloons\/envelopes\/z-series\/#primaryimage","url":"https:\/\/ultramagic.com\/wp-content\/uploads\/2015\/07\/Vela_Z_b.jpg","contentUrl":"https:\/\/ultramagic.com\/wp-content\/uploads\/2015\/07\/Vela_Z_b.jpg","width":100,"height":133},{"@type":"BreadcrumbList","@id":"https:\/\/ultramagic.com\/hot-air-balloons\/envelopes\/z-series\/#breadcrumb","itemListElement":[{"@type":"ListItem","position":1,"name":"Home","item":"https:\/\/ultramagic.com\/es\/"},{"@type":"ListItem","position":2,"name":"Globos aerost\u00e1ticos","item":"https:\/\/ultramagic.com\/hot-air-balloons\/"},{"@type":"ListItem","position":3,"name":"Velas","item":"https:\/\/ultramagic.com\/hot-air-balloons\/envelopes\/"},{"@type":"ListItem","position":4,"name":"SERIE Z"}]},{"@type":"WebSite","@id":"https:\/\/ultramagic.com\/#website","url":"https:\/\/ultramagic.com\/","name":"Ultramagic","description":"All about hot air balloon advertising industry and history.Hot air balloon photos and pictures. Enjoy the hot air balloon experience from your home.","potentialAction":[{"@type":"SearchAction","target":{"@type":"EntryPoint","urlTemplate":"https:\/\/ultramagic.com\/?s={search_term_string}"},"query-input":"required name=search_term_string"}],"inLanguage":"es"}]}},"_links":{"self":[{"href":"https:\/\/ultramagic.com\/es\/wp-json\/wp\/v2\/pages\/9296"}],"collection":[{"href":"https:\/\/ultramagic.com\/es\/wp-json\/wp\/v2\/pages"}],"about":[{"href":"https:\/\/ultramagic.com\/es\/wp-json\/wp\/v2\/types\/page"}],"author":[{"embeddable":true,"href":"https:\/\/ultramagic.com\/es\/wp-json\/wp\/v2\/users\/1"}],"replies":[{"embeddable":true,"href":"https:\/\/ultramagic.com\/es\/wp-json\/wp\/v2\/comments?post=9296"}],"version-history":[{"count":2,"href":"https:\/\/ultramagic.com\/es\/wp-json\/wp\/v2\/pages\/9296\/revisions"}],"predecessor-version":[{"id":10068,"href":"https:\/\/ultramagic.com\/es\/wp-json\/wp\/v2\/pages\/9296\/revisions\/10068"}],"up":[{"embeddable":true,"href":"https:\/\/ultramagic.com\/es\/wp-json\/wp\/v2\/pages\/9272"}],"wp:featuredmedia":[{"embeddable":true,"href":"https:\/\/ultramagic.com\/es\/wp-json\/wp\/v2\/media\/445"}],"wp:attachment":[{"href":"https:\/\/ultramagic.com\/es\/wp-json\/wp\/v2\/media?parent=9296"}],"curies":[{"name":"wp","href":"https:\/\/api.w.org\/{rel}","templated":true}]}}