{"id":9289,"date":"2015-07-06T14:21:10","date_gmt":"2015-07-06T12:21:10","guid":{"rendered":"http:\/\/ultramagic.creagia.com\/es\/envelopes\/n-series\/"},"modified":"2016-04-11T12:16:55","modified_gmt":"2016-04-11T10:16:55","slug":"n-series","status":"publish","type":"page","link":"https:\/\/ultramagic.com\/es\/globos-aerostaticos\/velas\/n-series\/","title":{"rendered":"SERIE N"},"content":{"rendered":"<blockquote><p><strong>La elecci\u00f3n perfecta para vuelos de pasajeros.<\/strong><\/p><\/blockquote>\n<p>&nbsp;<\/p>\n<p>Este glob<a href=\"http:\/\/ultramagic.com\/wp-content\/uploads\/2015\/07\/1729h3-e1455634328945.jpg\"><img loading=\"lazy\" decoding=\"async\" class=\"alignleft wp-image-7312 size-medium\" src=\"http:\/\/ultramagic.com\/wp-content\/uploads\/2015\/07\/1729h3-e1455634328945-246x300.jpg\" alt=\"1729h3\" width=\"246\" height=\"300\" srcset=\"https:\/\/ultramagic.com\/wp-content\/uploads\/2015\/07\/1729h3-e1455634328945-246x300.jpg 246w, https:\/\/ultramagic.com\/wp-content\/uploads\/2015\/07\/1729h3-e1455634328945-840x1024.jpg 840w, https:\/\/ultramagic.com\/wp-content\/uploads\/2015\/07\/1729h3-e1455634328945.jpg 1293w\" sizes=\"(max-width: 246px) 100vw, 246px\" \/><\/a>o l\u00edder mundial con un dise\u00f1o de varios gajos es la primera opci\u00f3n de muchas de las compa\u00f1\u00edas m\u00e1s grandes y exitosas de viajes<img loading=\"lazy\" decoding=\"async\" class=\" wp-image-7116 alignright\" src=\"http:\/\/ultramagic.com\/wp-content\/uploads\/2015\/07\/N_model.jpg\" alt=\"N_model\" width=\"100\" height=\"213\" srcset=\"https:\/\/ultramagic.com\/wp-content\/uploads\/2015\/07\/N_model.jpg 261w, https:\/\/ultramagic.com\/wp-content\/uploads\/2015\/07\/N_model-141x300.jpg 141w\" sizes=\"(max-width: 100px) 100vw, 100px\" \/> en globo para pasajeros. Con 28 o 32 gajos esta serie ofrece una m\u00e1xima resistencia y seguridad a la vez que ofrece una superficie lisa ideal para el patrocinio o bien para anunciar su compa\u00f1\u00eda de vuelos.<\/p>\n<p>Estas velas se han dise\u00f1ado para armonizar con nuestro dise\u00f1o ergon\u00f3mico de cestas con particiones. Los ventiles de rotaci\u00f3n y el sistema de deshinchado r\u00e1pido (FDS) se incluyen dentro del dise\u00f1o est\u00e1ndar. El \u00e1rea de los ventiles de rotaci\u00f3n, el paraca\u00eddas y los tres paneles superiores est\u00e1n hechos con tejido Ultralast en la versi\u00f3n est\u00e1ndar. Estas velas suelen pedirlas con la parte superior hecha con Ultralast, ya que este asegura una mayor durabilidad del globo. Todas las otras opciones est\u00e1n disponibles.<\/p>\n<p>Si est\u00e1 sobrevolando un desierto, una zona cubierta de arbustos o bien una zona poblada a las afueras de la ciudad, la serie N de Ultramagic es la mejor opci\u00f3n para satisfacer cualquier sea su necesidad.<\/p>\n<p>&nbsp;<\/p>\n<p><img loading=\"lazy\" decoding=\"async\" class=\"aligncenter wp-image-7112 size-large\" src=\"http:\/\/ultramagic.com\/wp-content\/uploads\/2015\/07\/Taula_N-1024x292.jpg\" alt=\"Taula_N\" width=\"1024\" height=\"292\" srcset=\"https:\/\/ultramagic.com\/wp-content\/uploads\/2015\/07\/Taula_N-1024x292.jpg 1024w, https:\/\/ultramagic.com\/wp-content\/uploads\/2015\/07\/Taula_N-300x86.jpg 300w, https:\/\/ultramagic.com\/wp-content\/uploads\/2015\/07\/Taula_N.jpg 1828w\" sizes=\"(max-width: 1024px) 100vw, 1024px\" \/><\/p>\n<div id='gallery-1' class='gallery galleryid-9289 gallery-columns-4 gallery-size-thumbnail'><dl class='gallery-item'>\n\t\t\t<dt class='gallery-icon landscape'>\n\t\t\t\t<a href='https:\/\/ultramagic.com\/wp-content\/uploads\/2015\/07\/1402v_MERCEDES_4_OK.jpg'><img loading=\"lazy\" decoding=\"async\" width=\"150\" height=\"150\" src=\"https:\/\/ultramagic.com\/wp-content\/uploads\/2015\/07\/1402v_MERCEDES_4_OK-150x150.jpg\" class=\"attachment-thumbnail size-thumbnail\" alt=\"\" \/><\/a>\n\t\t\t<\/dt><\/dl><dl class='gallery-item'>\n\t\t\t<dt class='gallery-icon portrait'>\n\t\t\t\t<a href='https:\/\/ultramagic.com\/wp-content\/uploads\/2015\/07\/1432v_NAMIB_SKY_OK.jpg'><img loading=\"lazy\" decoding=\"async\" width=\"150\" height=\"150\" src=\"https:\/\/ultramagic.com\/wp-content\/uploads\/2015\/07\/1432v_NAMIB_SKY_OK-150x150.jpg\" class=\"attachment-thumbnail size-thumbnail\" alt=\"\" \/><\/a>\n\t\t\t<\/dt><\/dl><dl class='gallery-item'>\n\t\t\t<dt class='gallery-icon landscape'>\n\t\t\t\t<a href='https:\/\/ultramagic.com\/wp-content\/uploads\/2015\/07\/1606v_SERENGETI_7_OK.jpg'><img loading=\"lazy\" decoding=\"async\" width=\"150\" height=\"150\" src=\"https:\/\/ultramagic.com\/wp-content\/uploads\/2015\/07\/1606v_SERENGETI_7_OK-150x150.jpg\" class=\"attachment-thumbnail size-thumbnail\" alt=\"\" \/><\/a>\n\t\t\t<\/dt><\/dl><dl class='gallery-item'>\n\t\t\t<dt class='gallery-icon portrait'>\n\t\t\t\t<a href='https:\/\/ultramagic.com\/wp-content\/uploads\/2015\/07\/1619V_MEYER_OK.jpg'><img loading=\"lazy\" decoding=\"async\" width=\"150\" height=\"150\" src=\"https:\/\/ultramagic.com\/wp-content\/uploads\/2015\/07\/1619V_MEYER_OK-150x150.jpg\" class=\"attachment-thumbnail size-thumbnail\" alt=\"\" \/><\/a>\n\t\t\t<\/dt><\/dl><br style=\"clear: both\" \/>\n\t\t<\/div>\n\n<div id='gallery-2' class='gallery galleryid-9289 gallery-columns-4 gallery-size-thumbnail'><dl class='gallery-item'>\n\t\t\t<dt class='gallery-icon landscape'>\n\t\t\t\t<a href='https:\/\/ultramagic.com\/wp-content\/uploads\/2015\/07\/1665v_HA_EXPEDITIONS_13_OK.jpg'><img loading=\"lazy\" decoding=\"async\" width=\"150\" height=\"150\" src=\"https:\/\/ultramagic.com\/wp-content\/uploads\/2015\/07\/1665v_HA_EXPEDITIONS_13_OK-150x150.jpg\" class=\"attachment-thumbnail size-thumbnail\" alt=\"\" \/><\/a>\n\t\t\t<\/dt><\/dl><dl class='gallery-item'>\n\t\t\t<dt class='gallery-icon landscape'>\n\t\t\t\t<a href='https:\/\/ultramagic.com\/wp-content\/uploads\/2015\/07\/1773v_VAN_MANEN_3_OK.jpg'><img loading=\"lazy\" decoding=\"async\" width=\"150\" height=\"150\" src=\"https:\/\/ultramagic.com\/wp-content\/uploads\/2015\/07\/1773v_VAN_MANEN_3_OK-150x150.jpg\" class=\"attachment-thumbnail size-thumbnail\" alt=\"\" \/><\/a>\n\t\t\t<\/dt><\/dl><dl class='gallery-item'>\n\t\t\t<dt class='gallery-icon landscape'>\n\t\t\t\t<a href='https:\/\/ultramagic.com\/wp-content\/uploads\/2015\/07\/1823v_QOQA_OK.jpg'><img loading=\"lazy\" decoding=\"async\" width=\"150\" height=\"150\" src=\"https:\/\/ultramagic.com\/wp-content\/uploads\/2015\/07\/1823v_QOQA_OK-150x150.jpg\" class=\"attachment-thumbnail size-thumbnail\" alt=\"\" srcset=\"https:\/\/ultramagic.com\/wp-content\/uploads\/2015\/07\/1823v_QOQA_OK-150x150.jpg 150w, https:\/\/ultramagic.com\/wp-content\/uploads\/2015\/07\/1823v_QOQA_OK-300x298.jpg 300w, https:\/\/ultramagic.com\/wp-content\/uploads\/2015\/07\/1823v_QOQA_OK-1024x1016.jpg 1024w\" sizes=\"(max-width: 150px) 100vw, 150px\" \/><\/a>\n\t\t\t<\/dt><\/dl><dl class='gallery-item'>\n\t\t\t<dt class='gallery-icon landscape'>\n\t\t\t\t<a href='https:\/\/ultramagic.com\/wp-content\/uploads\/2015\/07\/1852v_BMW_A_OK.jpg'><img loading=\"lazy\" decoding=\"async\" width=\"150\" height=\"150\" src=\"https:\/\/ultramagic.com\/wp-content\/uploads\/2015\/07\/1852v_BMW_A_OK-150x150.jpg\" class=\"attachment-thumbnail size-thumbnail\" alt=\"\" \/><\/a>\n\t\t\t<\/dt><\/dl><br style=\"clear: both\" \/>\n\t\t<\/div>\n\n<p>&nbsp;<\/p>\n","protected":false},"excerpt":{"rendered":"<p>La elecci\u00f3n perfecta para vuelos de pasajeros. &nbsp; Este globo l\u00edder mundial con un dise\u00f1o de varios gajos es la primera opci\u00f3n de muchas de las compa\u00f1\u00edas m\u00e1s grandes y exitosas de viajes en globo para pasajeros. Con 28 o 32 gajos esta serie ofrece una m\u00e1xima resistencia y seguridad a la vez que ofrece [&hellip;]<\/p>\n","protected":false},"author":1,"featured_media":433,"parent":9272,"menu_order":0,"comment_status":"closed","ping_status":"open","template":"page-globus-fill.php","meta":{"ngg_post_thumbnail":0,"footnotes":""},"yoast_head":"<!-- This site is optimized with the Yoast SEO plugin v22.7 - https:\/\/yoast.com\/wordpress\/plugins\/seo\/ -->\n<title>SERIE N - Ultramagic<\/title>\n<meta name=\"robots\" content=\"index, follow, max-snippet:-1, max-image-preview:large, max-video-preview:-1\" \/>\n<link rel=\"canonical\" href=\"https:\/\/ultramagic.com\/hot-air-balloons\/envelopes\/n-series\/\" \/>\n<meta property=\"og:locale\" content=\"es_ES\" \/>\n<meta property=\"og:type\" content=\"article\" \/>\n<meta property=\"og:title\" content=\"SERIE N - Ultramagic\" \/>\n<meta property=\"og:description\" content=\"La elecci\u00f3n perfecta para vuelos de pasajeros. &nbsp; Este globo l\u00edder mundial con un dise\u00f1o de varios gajos es la primera opci\u00f3n de muchas de las compa\u00f1\u00edas m\u00e1s grandes y exitosas de viajes en globo para pasajeros. Con 28 o 32 gajos esta serie ofrece una m\u00e1xima resistencia y seguridad a la vez que ofrece [&hellip;]\" \/>\n<meta property=\"og:url\" content=\"https:\/\/ultramagic.com\/hot-air-balloons\/envelopes\/n-series\/\" \/>\n<meta property=\"og:site_name\" content=\"Ultramagic\" \/>\n<meta property=\"article:publisher\" content=\"http:\/\/www.facebook.com\/ultramagicballons\" \/>\n<meta property=\"article:modified_time\" content=\"2016-04-11T10:16:55+00:00\" \/>\n<meta property=\"og:image\" content=\"https:\/\/ultramagic.com\/wp-content\/uploads\/2015\/07\/Vela_N_b.jpg\" \/>\n\t<meta property=\"og:image:width\" content=\"100\" \/>\n\t<meta property=\"og:image:height\" content=\"133\" \/>\n\t<meta property=\"og:image:type\" content=\"image\/jpeg\" \/>\n<meta name=\"twitter:card\" content=\"summary_large_image\" \/>\n<meta name=\"twitter:site\" content=\"@umballoons\" \/>\n<meta name=\"twitter:label1\" content=\"Tiempo de lectura\" \/>\n\t<meta name=\"twitter:data1\" content=\"1 minuto\" \/>\n<script type=\"application\/ld+json\" class=\"yoast-schema-graph\">{\"@context\":\"https:\/\/schema.org\",\"@graph\":[{\"@type\":\"WebPage\",\"@id\":\"https:\/\/ultramagic.com\/hot-air-balloons\/envelopes\/n-series\/\",\"url\":\"https:\/\/ultramagic.com\/hot-air-balloons\/envelopes\/n-series\/\",\"name\":\"SERIE N - Ultramagic\",\"isPartOf\":{\"@id\":\"https:\/\/ultramagic.com\/#website\"},\"primaryImageOfPage\":{\"@id\":\"https:\/\/ultramagic.com\/hot-air-balloons\/envelopes\/n-series\/#primaryimage\"},\"image\":{\"@id\":\"https:\/\/ultramagic.com\/hot-air-balloons\/envelopes\/n-series\/#primaryimage\"},\"thumbnailUrl\":\"https:\/\/ultramagic.com\/wp-content\/uploads\/2015\/07\/Vela_N_b.jpg\",\"datePublished\":\"2015-07-06T12:21:10+00:00\",\"dateModified\":\"2016-04-11T10:16:55+00:00\",\"breadcrumb\":{\"@id\":\"https:\/\/ultramagic.com\/hot-air-balloons\/envelopes\/n-series\/#breadcrumb\"},\"inLanguage\":\"es\",\"potentialAction\":[{\"@type\":\"ReadAction\",\"target\":[\"https:\/\/ultramagic.com\/hot-air-balloons\/envelopes\/n-series\/\"]}]},{\"@type\":\"ImageObject\",\"inLanguage\":\"es\",\"@id\":\"https:\/\/ultramagic.com\/hot-air-balloons\/envelopes\/n-series\/#primaryimage\",\"url\":\"https:\/\/ultramagic.com\/wp-content\/uploads\/2015\/07\/Vela_N_b.jpg\",\"contentUrl\":\"https:\/\/ultramagic.com\/wp-content\/uploads\/2015\/07\/Vela_N_b.jpg\",\"width\":100,\"height\":133},{\"@type\":\"BreadcrumbList\",\"@id\":\"https:\/\/ultramagic.com\/hot-air-balloons\/envelopes\/n-series\/#breadcrumb\",\"itemListElement\":[{\"@type\":\"ListItem\",\"position\":1,\"name\":\"Home\",\"item\":\"https:\/\/ultramagic.com\/es\/\"},{\"@type\":\"ListItem\",\"position\":2,\"name\":\"Globos aerost\u00e1ticos\",\"item\":\"https:\/\/ultramagic.com\/hot-air-balloons\/\"},{\"@type\":\"ListItem\",\"position\":3,\"name\":\"Velas\",\"item\":\"https:\/\/ultramagic.com\/hot-air-balloons\/envelopes\/\"},{\"@type\":\"ListItem\",\"position\":4,\"name\":\"SERIE N\"}]},{\"@type\":\"WebSite\",\"@id\":\"https:\/\/ultramagic.com\/#website\",\"url\":\"https:\/\/ultramagic.com\/\",\"name\":\"Ultramagic\",\"description\":\"All about hot air balloon advertising industry and history.Hot air balloon photos and pictures. Enjoy the hot air balloon experience from your home.\",\"potentialAction\":[{\"@type\":\"SearchAction\",\"target\":{\"@type\":\"EntryPoint\",\"urlTemplate\":\"https:\/\/ultramagic.com\/?s={search_term_string}\"},\"query-input\":\"required name=search_term_string\"}],\"inLanguage\":\"es\"}]}<\/script>\n<!-- \/ Yoast SEO plugin. -->","yoast_head_json":{"title":"SERIE N - Ultramagic","robots":{"index":"index","follow":"follow","max-snippet":"max-snippet:-1","max-image-preview":"max-image-preview:large","max-video-preview":"max-video-preview:-1"},"canonical":"https:\/\/ultramagic.com\/hot-air-balloons\/envelopes\/n-series\/","og_locale":"es_ES","og_type":"article","og_title":"SERIE N - Ultramagic","og_description":"La elecci\u00f3n perfecta para vuelos de pasajeros. &nbsp; Este globo l\u00edder mundial con un dise\u00f1o de varios gajos es la primera opci\u00f3n de muchas de las compa\u00f1\u00edas m\u00e1s grandes y exitosas de viajes en globo para pasajeros. Con 28 o 32 gajos esta serie ofrece una m\u00e1xima resistencia y seguridad a la vez que ofrece [&hellip;]","og_url":"https:\/\/ultramagic.com\/hot-air-balloons\/envelopes\/n-series\/","og_site_name":"Ultramagic","article_publisher":"http:\/\/www.facebook.com\/ultramagicballons","article_modified_time":"2016-04-11T10:16:55+00:00","og_image":[{"width":100,"height":133,"url":"https:\/\/ultramagic.com\/wp-content\/uploads\/2015\/07\/Vela_N_b.jpg","type":"image\/jpeg"}],"twitter_card":"summary_large_image","twitter_site":"@umballoons","twitter_misc":{"Tiempo de lectura":"1 minuto"},"schema":{"@context":"https:\/\/schema.org","@graph":[{"@type":"WebPage","@id":"https:\/\/ultramagic.com\/hot-air-balloons\/envelopes\/n-series\/","url":"https:\/\/ultramagic.com\/hot-air-balloons\/envelopes\/n-series\/","name":"SERIE N - Ultramagic","isPartOf":{"@id":"https:\/\/ultramagic.com\/#website"},"primaryImageOfPage":{"@id":"https:\/\/ultramagic.com\/hot-air-balloons\/envelopes\/n-series\/#primaryimage"},"image":{"@id":"https:\/\/ultramagic.com\/hot-air-balloons\/envelopes\/n-series\/#primaryimage"},"thumbnailUrl":"https:\/\/ultramagic.com\/wp-content\/uploads\/2015\/07\/Vela_N_b.jpg","datePublished":"2015-07-06T12:21:10+00:00","dateModified":"2016-04-11T10:16:55+00:00","breadcrumb":{"@id":"https:\/\/ultramagic.com\/hot-air-balloons\/envelopes\/n-series\/#breadcrumb"},"inLanguage":"es","potentialAction":[{"@type":"ReadAction","target":["https:\/\/ultramagic.com\/hot-air-balloons\/envelopes\/n-series\/"]}]},{"@type":"ImageObject","inLanguage":"es","@id":"https:\/\/ultramagic.com\/hot-air-balloons\/envelopes\/n-series\/#primaryimage","url":"https:\/\/ultramagic.com\/wp-content\/uploads\/2015\/07\/Vela_N_b.jpg","contentUrl":"https:\/\/ultramagic.com\/wp-content\/uploads\/2015\/07\/Vela_N_b.jpg","width":100,"height":133},{"@type":"BreadcrumbList","@id":"https:\/\/ultramagic.com\/hot-air-balloons\/envelopes\/n-series\/#breadcrumb","itemListElement":[{"@type":"ListItem","position":1,"name":"Home","item":"https:\/\/ultramagic.com\/es\/"},{"@type":"ListItem","position":2,"name":"Globos aerost\u00e1ticos","item":"https:\/\/ultramagic.com\/hot-air-balloons\/"},{"@type":"ListItem","position":3,"name":"Velas","item":"https:\/\/ultramagic.com\/hot-air-balloons\/envelopes\/"},{"@type":"ListItem","position":4,"name":"SERIE N"}]},{"@type":"WebSite","@id":"https:\/\/ultramagic.com\/#website","url":"https:\/\/ultramagic.com\/","name":"Ultramagic","description":"All about hot air balloon advertising industry and history.Hot air balloon photos and pictures. Enjoy the hot air balloon experience from your home.","potentialAction":[{"@type":"SearchAction","target":{"@type":"EntryPoint","urlTemplate":"https:\/\/ultramagic.com\/?s={search_term_string}"},"query-input":"required name=search_term_string"}],"inLanguage":"es"}]}},"_links":{"self":[{"href":"https:\/\/ultramagic.com\/es\/wp-json\/wp\/v2\/pages\/9289"}],"collection":[{"href":"https:\/\/ultramagic.com\/es\/wp-json\/wp\/v2\/pages"}],"about":[{"href":"https:\/\/ultramagic.com\/es\/wp-json\/wp\/v2\/types\/page"}],"author":[{"embeddable":true,"href":"https:\/\/ultramagic.com\/es\/wp-json\/wp\/v2\/users\/1"}],"replies":[{"embeddable":true,"href":"https:\/\/ultramagic.com\/es\/wp-json\/wp\/v2\/comments?post=9289"}],"version-history":[{"count":3,"href":"https:\/\/ultramagic.com\/es\/wp-json\/wp\/v2\/pages\/9289\/revisions"}],"predecessor-version":[{"id":10063,"href":"https:\/\/ultramagic.com\/es\/wp-json\/wp\/v2\/pages\/9289\/revisions\/10063"}],"up":[{"embeddable":true,"href":"https:\/\/ultramagic.com\/es\/wp-json\/wp\/v2\/pages\/9272"}],"wp:featuredmedia":[{"embeddable":true,"href":"https:\/\/ultramagic.com\/es\/wp-json\/wp\/v2\/media\/433"}],"wp:attachment":[{"href":"https:\/\/ultramagic.com\/es\/wp-json\/wp\/v2\/media?parent=9289"}],"curies":[{"name":"wp","href":"https:\/\/api.w.org\/{rel}","templated":true}]}}