{"id":9284,"date":"2015-07-06T14:21:04","date_gmt":"2015-07-06T12:21:04","guid":{"rendered":"http:\/\/ultramagic.creagia.com\/es\/envelopes\/mv-series-the-racer\/"},"modified":"2024-01-09T08:59:32","modified_gmt":"2024-01-09T07:59:32","slug":"mv-series-the-racer","status":"publish","type":"page","link":"https:\/\/ultramagic.com\/es\/globos-aerostaticos\/velas\/mv-series-the-racer\/","title":{"rendered":"SERIE MZ &#8211; THE RACER"},"content":{"rendered":"<blockquote><p><strong>El original. \u00a1Solo de Ultramagic! El globo de competici\u00f3n l\u00edder mundial.<\/strong><\/p><\/blockquote>\n<p class=\"fixed-width\">En 1996 Ultramagic dio un paso gigante hacia delante en el mundo de la competici\u00f3n. Naci\u00f3 el Racer. Era la primera vez que un globo se dise\u00f1aba, desarrollaba y produc\u00eda especialmente para los exigentes requisitos de las competiciones. Fue creado en colaboraci\u00f3n con Uwe Schneider que forma parte de la \u00e9lite en la competici\u00f3n mundial.&nbsp;<\/p>\n<p class=\"fixed-width\">En los \u00faltimos a\u00f1os hemos trabajado en una segunda generaci\u00f3n del Racer de Ultramagic, enfoc\u00e1ndonos en satisfacer las necesidades actuales de los pilotos de competici\u00f3n. Los pilotos requieren que el globo pueda sostener velocidades de ascenso\/descenso m\u00e1s r\u00e1pidas sin comprometer la seguridad, que siempre ha sido una de nuestras prioridades. Adem\u00e1s, las tareas de competici\u00f3n exigen cada vez m\u00e1s que los pilotos est\u00e9n atentos a los instrumentos de vuelo.<\/p>\n<p>Con esto en mente, en 2023 hemos lanzado el Racer MZ, un nuevo dise\u00f1o mejorado que ha sido desarrollado con Stefan Zeberli, quien gan\u00f3 el \u00faltimo Campeonato del Mundo volando con el primer prototipo.<br \/>\n<img loading=\"lazy\" decoding=\"async\" class=\"alignright wp-image-7191\" src=\"http:\/\/ultramagic.com\/wp-content\/uploads\/2015\/07\/MV_model.jpg\" alt=\"MV_model\" width=\"100\" height=\"247\" srcset=\"https:\/\/ultramagic.com\/wp-content\/uploads\/2015\/07\/MV_model.jpg 263w, https:\/\/ultramagic.com\/wp-content\/uploads\/2015\/07\/MV_model-122x300.jpg 122w\" sizes=\"(max-width: 100px) 100vw, 100px\" \/><\/p>\n<p>El Racer Ultramagic es ahora el punto de referencia est\u00e1ndar para globos de competici\u00f3n, punto al que otros fabricantes quieren llegar a conseguir. Muchos de los mejores pilotos del mundo est\u00e1n de acuerdo con esto y solo vuelan con nuestro Racer \u2013 el original.<\/p>\n<p>The Racer es una vela lisa de 24 gajos creada tanto con seguridad como con haza\u00f1a. Todos los Racers est\u00e1ndar de Ultramagic contienen un paraca\u00eddas y 5 paneles superiores de tejido Ultralast. Se ha dise\u00f1ado para ser a\u00fan m\u00e1s seguro en caso de contacto con otro globo por la parte superior de la vela durante una competici\u00f3n. Se colocan 6 ventanas para mejorar la visi\u00f3n a\u00e9rea con tal de aumentar la seguridad. Todos los Racers de Ultramagic tambi\u00e9n incluyen un scoop hecho con tejido nomex.<\/p>\n<p>El deshinchado del paraca\u00eddas es est\u00e1ndar. Est\u00e1 disponible tanto la opci\u00f3n de FDS de r\u00e1pido deshinchado como la opci\u00f3n de 6 ventanas extras.<\/p>\n<p>Su forma lisa ha estado dise\u00f1ada b\u00e1sicamente para competici\u00f3n aunque tambi\u00e9n es muy adecuada para decoraci\u00f3n, \u00a1haciendo tanto patrocinadores c\u00f3mo pilotos muy contentos con los resultados!<\/p>\n<p>&nbsp;<\/p>\n<p>&nbsp;<\/p>\n<div id='gallery-1' class='gallery galleryid-9284 gallery-columns-4 gallery-size-thumbnail'><dl class='gallery-item'>\n\t\t\t<dt class='gallery-icon landscape'>\n\t\t\t\t<a href='https:\/\/ultramagic.com\/wp-content\/uploads\/2015\/07\/DSC08737.jpg'><img loading=\"lazy\" decoding=\"async\" width=\"150\" height=\"150\" src=\"https:\/\/ultramagic.com\/wp-content\/uploads\/2015\/07\/DSC08737-150x150.jpg\" class=\"attachment-thumbnail size-thumbnail\" alt=\"\" \/><\/a>\n\t\t\t<\/dt><\/dl><dl class='gallery-item'>\n\t\t\t<dt class='gallery-icon portrait'>\n\t\t\t\t<a href='https:\/\/ultramagic.com\/wp-content\/uploads\/2015\/07\/1684_POSTFINANCE_2_OK.jpg'><img loading=\"lazy\" decoding=\"async\" width=\"150\" height=\"150\" src=\"https:\/\/ultramagic.com\/wp-content\/uploads\/2015\/07\/1684_POSTFINANCE_2_OK-150x150.jpg\" class=\"attachment-thumbnail size-thumbnail\" alt=\"\" \/><\/a>\n\t\t\t<\/dt><\/dl><dl class='gallery-item'>\n\t\t\t<dt class='gallery-icon landscape'>\n\t\t\t\t<a href='https:\/\/ultramagic.com\/wp-content\/uploads\/2015\/07\/1666V_RACER_ZEBERLI_OK.jpg'><img loading=\"lazy\" decoding=\"async\" width=\"150\" height=\"150\" src=\"https:\/\/ultramagic.com\/wp-content\/uploads\/2015\/07\/1666V_RACER_ZEBERLI_OK-150x150.jpg\" class=\"attachment-thumbnail size-thumbnail\" alt=\"\" \/><\/a>\n\t\t\t<\/dt><\/dl><dl class='gallery-item'>\n\t\t\t<dt class='gallery-icon landscape'>\n\t\t\t\t<a href='https:\/\/ultramagic.com\/wp-content\/uploads\/2015\/07\/1601_SAINT_MICHEL_3_OK.jpg'><img loading=\"lazy\" decoding=\"async\" width=\"150\" height=\"150\" src=\"https:\/\/ultramagic.com\/wp-content\/uploads\/2015\/07\/1601_SAINT_MICHEL_3_OK-150x150.jpg\" class=\"attachment-thumbnail size-thumbnail\" alt=\"\" \/><\/a>\n\t\t\t<\/dt><\/dl><br style=\"clear: both\" \/>\n\t\t<\/div>\n\n<div id='gallery-2' class='gallery galleryid-9284 gallery-columns-4 gallery-size-thumbnail'><dl class='gallery-item'>\n\t\t\t<dt class='gallery-icon portrait'>\n\t\t\t\t<a href='https:\/\/ultramagic.com\/wp-content\/uploads\/2015\/07\/1766_YAZUYA_OK.jpg'><img loading=\"lazy\" decoding=\"async\" width=\"150\" height=\"150\" src=\"https:\/\/ultramagic.com\/wp-content\/uploads\/2015\/07\/1766_YAZUYA_OK-150x150.jpg\" class=\"attachment-thumbnail size-thumbnail\" alt=\"\" \/><\/a>\n\t\t\t<\/dt><\/dl><dl class='gallery-item'>\n\t\t\t<dt class='gallery-icon portrait'>\n\t\t\t\t<a href='https:\/\/ultramagic.com\/wp-content\/uploads\/2015\/07\/1803_ZAGREB_2_OK.jpg'><img loading=\"lazy\" decoding=\"async\" width=\"150\" height=\"150\" src=\"https:\/\/ultramagic.com\/wp-content\/uploads\/2015\/07\/1803_ZAGREB_2_OK-150x150.jpg\" class=\"attachment-thumbnail size-thumbnail\" alt=\"\" srcset=\"https:\/\/ultramagic.com\/wp-content\/uploads\/2015\/07\/1803_ZAGREB_2_OK-150x150.jpg 150w, https:\/\/ultramagic.com\/wp-content\/uploads\/2015\/07\/1803_ZAGREB_2_OK-300x300.jpg 300w, https:\/\/ultramagic.com\/wp-content\/uploads\/2015\/07\/1803_ZAGREB_2_OK-1020x1024.jpg 1020w\" sizes=\"(max-width: 150px) 100vw, 150px\" \/><\/a>\n\t\t\t<\/dt><\/dl><dl class='gallery-item'>\n\t\t\t<dt class='gallery-icon landscape'>\n\t\t\t\t<a href='https:\/\/ultramagic.com\/wp-content\/uploads\/2015\/07\/DSC08061.jpg'><img loading=\"lazy\" decoding=\"async\" width=\"150\" height=\"150\" src=\"https:\/\/ultramagic.com\/wp-content\/uploads\/2015\/07\/DSC08061-150x150.jpg\" class=\"attachment-thumbnail size-thumbnail\" alt=\"\" \/><\/a>\n\t\t\t<\/dt><\/dl><dl class='gallery-item'>\n\t\t\t<dt class='gallery-icon landscape'>\n\t\t\t\t<a href='https:\/\/ultramagic.com\/wp-content\/uploads\/2015\/07\/IMG_0238.jpg'><img loading=\"lazy\" decoding=\"async\" width=\"150\" height=\"150\" src=\"https:\/\/ultramagic.com\/wp-content\/uploads\/2015\/07\/IMG_0238-150x150.jpg\" class=\"attachment-thumbnail size-thumbnail\" alt=\"\" srcset=\"https:\/\/ultramagic.com\/wp-content\/uploads\/2015\/07\/IMG_0238-150x150.jpg 150w, https:\/\/ultramagic.com\/wp-content\/uploads\/2015\/07\/IMG_0238-300x300.jpg 300w, https:\/\/ultramagic.com\/wp-content\/uploads\/2015\/07\/IMG_0238-768x768.jpg 768w, https:\/\/ultramagic.com\/wp-content\/uploads\/2015\/07\/IMG_0238-1024x1024.jpg 1024w\" sizes=\"(max-width: 150px) 100vw, 150px\" \/><\/a>\n\t\t\t<\/dt><\/dl><br style=\"clear: both\" \/>\n\t\t<\/div>\n\n","protected":false},"excerpt":{"rendered":"<p>El original. \u00a1Solo de Ultramagic! El globo de competici\u00f3n l\u00edder mundial. En 1996 Ultramagic dio un paso gigante hacia delante en el mundo de la competici\u00f3n. Naci\u00f3 el Racer. Era la primera vez que un globo se dise\u00f1aba, desarrollaba y produc\u00eda especialmente para los exigentes requisitos de las competiciones. Fue creado en colaboraci\u00f3n con Uwe [&hellip;]<\/p>\n","protected":false},"author":1,"featured_media":430,"parent":9272,"menu_order":0,"comment_status":"closed","ping_status":"open","template":"page-globus-fill.php","meta":{"ngg_post_thumbnail":0,"footnotes":""},"yoast_head":"<!-- This site is optimized with the Yoast SEO plugin v22.7 - https:\/\/yoast.com\/wordpress\/plugins\/seo\/ -->\n<title>SERIE MZ - THE RACER - Ultramagic<\/title>\n<meta name=\"robots\" content=\"index, follow, max-snippet:-1, max-image-preview:large, max-video-preview:-1\" \/>\n<link rel=\"canonical\" href=\"https:\/\/ultramagic.com\/hot-air-balloons\/envelopes\/mv-series-the-racer\/\" \/>\n<meta property=\"og:locale\" content=\"es_ES\" \/>\n<meta property=\"og:type\" content=\"article\" \/>\n<meta property=\"og:title\" content=\"SERIE MZ - THE RACER - Ultramagic\" \/>\n<meta property=\"og:description\" content=\"El original. \u00a1Solo de Ultramagic! El globo de competici\u00f3n l\u00edder mundial. En 1996 Ultramagic dio un paso gigante hacia delante en el mundo de la competici\u00f3n. Naci\u00f3 el Racer. Era la primera vez que un globo se dise\u00f1aba, desarrollaba y produc\u00eda especialmente para los exigentes requisitos de las competiciones. Fue creado en colaboraci\u00f3n con Uwe [&hellip;]\" \/>\n<meta property=\"og:url\" content=\"https:\/\/ultramagic.com\/hot-air-balloons\/envelopes\/mv-series-the-racer\/\" \/>\n<meta property=\"og:site_name\" content=\"Ultramagic\" \/>\n<meta property=\"article:publisher\" content=\"http:\/\/www.facebook.com\/ultramagicballons\" \/>\n<meta property=\"article:modified_time\" content=\"2024-01-09T07:59:32+00:00\" \/>\n<meta property=\"og:image\" content=\"https:\/\/ultramagic.com\/wp-content\/uploads\/2015\/07\/Vela_MV_b.jpg\" \/>\n\t<meta property=\"og:image:width\" content=\"100\" \/>\n\t<meta property=\"og:image:height\" content=\"133\" \/>\n\t<meta property=\"og:image:type\" content=\"image\/jpeg\" \/>\n<meta name=\"twitter:card\" content=\"summary_large_image\" \/>\n<meta name=\"twitter:site\" content=\"@umballoons\" \/>\n<meta name=\"twitter:label1\" content=\"Tiempo de lectura\" \/>\n\t<meta name=\"twitter:data1\" content=\"2 minutos\" \/>\n<script type=\"application\/ld+json\" class=\"yoast-schema-graph\">{\"@context\":\"https:\/\/schema.org\",\"@graph\":[{\"@type\":\"WebPage\",\"@id\":\"https:\/\/ultramagic.com\/hot-air-balloons\/envelopes\/mv-series-the-racer\/\",\"url\":\"https:\/\/ultramagic.com\/hot-air-balloons\/envelopes\/mv-series-the-racer\/\",\"name\":\"SERIE MZ - THE RACER - Ultramagic\",\"isPartOf\":{\"@id\":\"https:\/\/ultramagic.com\/#website\"},\"primaryImageOfPage\":{\"@id\":\"https:\/\/ultramagic.com\/hot-air-balloons\/envelopes\/mv-series-the-racer\/#primaryimage\"},\"image\":{\"@id\":\"https:\/\/ultramagic.com\/hot-air-balloons\/envelopes\/mv-series-the-racer\/#primaryimage\"},\"thumbnailUrl\":\"https:\/\/ultramagic.com\/wp-content\/uploads\/2015\/07\/Vela_MV_b.jpg\",\"datePublished\":\"2015-07-06T12:21:04+00:00\",\"dateModified\":\"2024-01-09T07:59:32+00:00\",\"breadcrumb\":{\"@id\":\"https:\/\/ultramagic.com\/hot-air-balloons\/envelopes\/mv-series-the-racer\/#breadcrumb\"},\"inLanguage\":\"es\",\"potentialAction\":[{\"@type\":\"ReadAction\",\"target\":[\"https:\/\/ultramagic.com\/hot-air-balloons\/envelopes\/mv-series-the-racer\/\"]}]},{\"@type\":\"ImageObject\",\"inLanguage\":\"es\",\"@id\":\"https:\/\/ultramagic.com\/hot-air-balloons\/envelopes\/mv-series-the-racer\/#primaryimage\",\"url\":\"https:\/\/ultramagic.com\/wp-content\/uploads\/2015\/07\/Vela_MV_b.jpg\",\"contentUrl\":\"https:\/\/ultramagic.com\/wp-content\/uploads\/2015\/07\/Vela_MV_b.jpg\",\"width\":100,\"height\":133},{\"@type\":\"BreadcrumbList\",\"@id\":\"https:\/\/ultramagic.com\/hot-air-balloons\/envelopes\/mv-series-the-racer\/#breadcrumb\",\"itemListElement\":[{\"@type\":\"ListItem\",\"position\":1,\"name\":\"Home\",\"item\":\"https:\/\/ultramagic.com\/es\/\"},{\"@type\":\"ListItem\",\"position\":2,\"name\":\"Globos aerost\u00e1ticos\",\"item\":\"https:\/\/ultramagic.com\/hot-air-balloons\/\"},{\"@type\":\"ListItem\",\"position\":3,\"name\":\"Velas\",\"item\":\"https:\/\/ultramagic.com\/hot-air-balloons\/envelopes\/\"},{\"@type\":\"ListItem\",\"position\":4,\"name\":\"SERIE MZ &#8211; THE RACER\"}]},{\"@type\":\"WebSite\",\"@id\":\"https:\/\/ultramagic.com\/#website\",\"url\":\"https:\/\/ultramagic.com\/\",\"name\":\"Ultramagic\",\"description\":\"All about hot air balloon advertising industry and history.Hot air balloon photos and pictures. Enjoy the hot air balloon experience from your home.\",\"potentialAction\":[{\"@type\":\"SearchAction\",\"target\":{\"@type\":\"EntryPoint\",\"urlTemplate\":\"https:\/\/ultramagic.com\/?s={search_term_string}\"},\"query-input\":\"required name=search_term_string\"}],\"inLanguage\":\"es\"}]}<\/script>\n<!-- \/ Yoast SEO plugin. -->","yoast_head_json":{"title":"SERIE MZ - THE RACER - Ultramagic","robots":{"index":"index","follow":"follow","max-snippet":"max-snippet:-1","max-image-preview":"max-image-preview:large","max-video-preview":"max-video-preview:-1"},"canonical":"https:\/\/ultramagic.com\/hot-air-balloons\/envelopes\/mv-series-the-racer\/","og_locale":"es_ES","og_type":"article","og_title":"SERIE MZ - THE RACER - Ultramagic","og_description":"El original. \u00a1Solo de Ultramagic! El globo de competici\u00f3n l\u00edder mundial. En 1996 Ultramagic dio un paso gigante hacia delante en el mundo de la competici\u00f3n. Naci\u00f3 el Racer. Era la primera vez que un globo se dise\u00f1aba, desarrollaba y produc\u00eda especialmente para los exigentes requisitos de las competiciones. Fue creado en colaboraci\u00f3n con Uwe [&hellip;]","og_url":"https:\/\/ultramagic.com\/hot-air-balloons\/envelopes\/mv-series-the-racer\/","og_site_name":"Ultramagic","article_publisher":"http:\/\/www.facebook.com\/ultramagicballons","article_modified_time":"2024-01-09T07:59:32+00:00","og_image":[{"width":100,"height":133,"url":"https:\/\/ultramagic.com\/wp-content\/uploads\/2015\/07\/Vela_MV_b.jpg","type":"image\/jpeg"}],"twitter_card":"summary_large_image","twitter_site":"@umballoons","twitter_misc":{"Tiempo de lectura":"2 minutos"},"schema":{"@context":"https:\/\/schema.org","@graph":[{"@type":"WebPage","@id":"https:\/\/ultramagic.com\/hot-air-balloons\/envelopes\/mv-series-the-racer\/","url":"https:\/\/ultramagic.com\/hot-air-balloons\/envelopes\/mv-series-the-racer\/","name":"SERIE MZ - THE RACER - Ultramagic","isPartOf":{"@id":"https:\/\/ultramagic.com\/#website"},"primaryImageOfPage":{"@id":"https:\/\/ultramagic.com\/hot-air-balloons\/envelopes\/mv-series-the-racer\/#primaryimage"},"image":{"@id":"https:\/\/ultramagic.com\/hot-air-balloons\/envelopes\/mv-series-the-racer\/#primaryimage"},"thumbnailUrl":"https:\/\/ultramagic.com\/wp-content\/uploads\/2015\/07\/Vela_MV_b.jpg","datePublished":"2015-07-06T12:21:04+00:00","dateModified":"2024-01-09T07:59:32+00:00","breadcrumb":{"@id":"https:\/\/ultramagic.com\/hot-air-balloons\/envelopes\/mv-series-the-racer\/#breadcrumb"},"inLanguage":"es","potentialAction":[{"@type":"ReadAction","target":["https:\/\/ultramagic.com\/hot-air-balloons\/envelopes\/mv-series-the-racer\/"]}]},{"@type":"ImageObject","inLanguage":"es","@id":"https:\/\/ultramagic.com\/hot-air-balloons\/envelopes\/mv-series-the-racer\/#primaryimage","url":"https:\/\/ultramagic.com\/wp-content\/uploads\/2015\/07\/Vela_MV_b.jpg","contentUrl":"https:\/\/ultramagic.com\/wp-content\/uploads\/2015\/07\/Vela_MV_b.jpg","width":100,"height":133},{"@type":"BreadcrumbList","@id":"https:\/\/ultramagic.com\/hot-air-balloons\/envelopes\/mv-series-the-racer\/#breadcrumb","itemListElement":[{"@type":"ListItem","position":1,"name":"Home","item":"https:\/\/ultramagic.com\/es\/"},{"@type":"ListItem","position":2,"name":"Globos aerost\u00e1ticos","item":"https:\/\/ultramagic.com\/hot-air-balloons\/"},{"@type":"ListItem","position":3,"name":"Velas","item":"https:\/\/ultramagic.com\/hot-air-balloons\/envelopes\/"},{"@type":"ListItem","position":4,"name":"SERIE MZ &#8211; THE RACER"}]},{"@type":"WebSite","@id":"https:\/\/ultramagic.com\/#website","url":"https:\/\/ultramagic.com\/","name":"Ultramagic","description":"All about hot air balloon advertising industry and history.Hot air balloon photos and pictures. Enjoy the hot air balloon experience from your home.","potentialAction":[{"@type":"SearchAction","target":{"@type":"EntryPoint","urlTemplate":"https:\/\/ultramagic.com\/?s={search_term_string}"},"query-input":"required name=search_term_string"}],"inLanguage":"es"}]}},"_links":{"self":[{"href":"https:\/\/ultramagic.com\/es\/wp-json\/wp\/v2\/pages\/9284"}],"collection":[{"href":"https:\/\/ultramagic.com\/es\/wp-json\/wp\/v2\/pages"}],"about":[{"href":"https:\/\/ultramagic.com\/es\/wp-json\/wp\/v2\/types\/page"}],"author":[{"embeddable":true,"href":"https:\/\/ultramagic.com\/es\/wp-json\/wp\/v2\/users\/1"}],"replies":[{"embeddable":true,"href":"https:\/\/ultramagic.com\/es\/wp-json\/wp\/v2\/comments?post=9284"}],"version-history":[{"count":4,"href":"https:\/\/ultramagic.com\/es\/wp-json\/wp\/v2\/pages\/9284\/revisions"}],"predecessor-version":[{"id":18777,"href":"https:\/\/ultramagic.com\/es\/wp-json\/wp\/v2\/pages\/9284\/revisions\/18777"}],"up":[{"embeddable":true,"href":"https:\/\/ultramagic.com\/es\/wp-json\/wp\/v2\/pages\/9272"}],"wp:featuredmedia":[{"embeddable":true,"href":"https:\/\/ultramagic.com\/es\/wp-json\/wp\/v2\/media\/430"}],"wp:attachment":[{"href":"https:\/\/ultramagic.com\/es\/wp-json\/wp\/v2\/media?parent=9284"}],"curies":[{"name":"wp","href":"https:\/\/api.w.org\/{rel}","templated":true}]}}