{"id":9272,"date":"2015-06-11T12:45:10","date_gmt":"2015-06-11T10:45:10","guid":{"rendered":"http:\/\/ultramagic.creagia.com\/es\/envelopes\/"},"modified":"2024-01-23T08:14:22","modified_gmt":"2024-01-23T07:14:22","slug":"velas","status":"publish","type":"page","link":"https:\/\/ultramagic.com\/es\/globos-aerostaticos\/velas\/","title":{"rendered":"Velas"},"content":{"rendered":"<h2><strong>\u00a1Calidad de larga duraci\u00f3n! Hechas con los mejores tejidos del mundo<\/strong>.<\/h2>\n<p><a class=\"visible-xs\" href=\"#linkToBallons\">Models<\/a><br \/>\nCada vela de Ultramagic es un inmejorable ejemplo de calidad en su proceso de producci\u00f3n desde la fase de dise\u00f1o, pasando por la producci\u00f3n, inspecci\u00f3n y finalmente por un riguroso vuelo de prueba. Vuelen ustedes como operadores comerciales o deportivos, con una vela Ultramagic el est\u00e1ndar de calidad en producci\u00f3n siempre es muy elevado, asegurando as\u00ed una mejor relaci\u00f3n entre acabado y precio de la vela. En nuestros globos solo usamos materias de primera calidad.<\/p>\n<p><a href=\"http:\/\/ultramagic.com\/wp-content\/uploads\/2015\/06\/cosidora_OK.jpg\" rel=\"attachment wp-att-9392\"><img loading=\"lazy\" decoding=\"async\" class=\"alignright wp-image-9392 size-medium\" src=\"http:\/\/ultramagic.com\/wp-content\/uploads\/2015\/06\/cosidora_OK-300x200.jpg\" alt=\"cosidora_OK\" width=\"300\" height=\"200\" srcset=\"https:\/\/ultramagic.com\/wp-content\/uploads\/2015\/06\/cosidora_OK-300x200.jpg 300w, https:\/\/ultramagic.com\/wp-content\/uploads\/2015\/06\/cosidora_OK-768x512.jpg 768w, https:\/\/ultramagic.com\/wp-content\/uploads\/2015\/06\/cosidora_OK.jpg 945w\" sizes=\"(max-width: 300px) 100vw, 300px\" \/><\/a><\/p>\n<p>El tejido de nylon est\u00e1ndar de 65 gramos\/m<sup>2<\/sup> goza de un excelente resinado de poliuretano y trama de rip-stop. Est\u00e1 concebido para minimizar la p\u00e9rdida del color, disponiendo tambi\u00e9n de un tratamiento en contra de la aparici\u00f3n de hongos, lo que garantiza su durabilidad.<\/p>\n<p>Adem\u00e1s, nuestro tejido Ultralast de 90 gramos\/m<sup>2<\/sup> est\u00e1 especialmente recomendado para la parte superior de la vela, pues es aqu\u00ed donde se concentran las temperaturas m\u00e1s elevadas, o bien para qui\u00e9n vuela muchas horas a lo largo del a\u00f1o donde el peso de la vela no es tan importante. Este tejido dispone de un acabado especial en silicone para ambos lados y ha demostrado un comportamiento extraordinario en las condiciones m\u00e1s extremas. Ambos materiales est\u00e1n disponibles en una gamma de 22 colores.<\/p>\n<p>Nuestro tejido s\u00faper ligero Ultralight de 50 gramos\/m<sup>2<\/sup> se recomienda especialmente para globos peque\u00f1os donde lo m\u00e1s importante es el menor peso del equipamiento. \u00c9ste tejido dispone de un acabado especial en silicone para ambos lados y ha demostrado ahorrar tanto un peso excesivo como un empaquetado grande. \u00c9ste material ha sido utilizado durante m\u00e1s de 10 a\u00f1os en muchos globos alrededor del mundo. El tejido Ultralight est\u00e1 disponible en 12 colores.<\/p>\n<p>Todas las velas Ultramagic disponen de un primer patr\u00f3n base con 1.5m de altura en Nomex y de un sistema de deshinchado f\u00e1cil con paraca\u00eddas. Adem\u00e1s Ultramagic ofrece un abanico de opciones como el sistema de deshinchado r\u00e1pido (FDS) o ventiles de rotaci\u00f3n para orientar el globo en vuelo. Cada vela Ultramagic al final goza de una inspecci\u00f3n y un vuelo de prueba seg\u00fan los requerimientos de navegabilidad.<\/p>\n","protected":false},"excerpt":{"rendered":"<p>\u00a1Calidad de larga duraci\u00f3n! Hechas con los mejores tejidos del mundo. Models Cada vela de Ultramagic es un inmejorable ejemplo de calidad en su proceso de producci\u00f3n desde la fase de dise\u00f1o, pasando por la producci\u00f3n, inspecci\u00f3n y finalmente por un riguroso vuelo de prueba. Vuelen ustedes como operadores comerciales o deportivos, con una vela [&hellip;]<\/p>\n","protected":false},"author":1,"featured_media":243,"parent":9780,"menu_order":0,"comment_status":"closed","ping_status":"open","template":"page-globus-pare.php","meta":{"ngg_post_thumbnail":0,"footnotes":""},"yoast_head":"<!-- This site is optimized with the Yoast SEO plugin v22.7 - https:\/\/yoast.com\/wordpress\/plugins\/seo\/ -->\n<title>Velas - Ultramagic<\/title>\n<meta name=\"robots\" content=\"index, follow, max-snippet:-1, max-image-preview:large, max-video-preview:-1\" \/>\n<link rel=\"canonical\" href=\"https:\/\/ultramagic.com\/hot-air-balloons\/envelopes\/\" \/>\n<meta property=\"og:locale\" content=\"es_ES\" \/>\n<meta property=\"og:type\" content=\"article\" \/>\n<meta property=\"og:title\" content=\"Velas - Ultramagic\" \/>\n<meta property=\"og:description\" content=\"\u00a1Calidad de larga duraci\u00f3n! Hechas con los mejores tejidos del mundo. Models Cada vela de Ultramagic es un inmejorable ejemplo de calidad en su proceso de producci\u00f3n desde la fase de dise\u00f1o, pasando por la producci\u00f3n, inspecci\u00f3n y finalmente por un riguroso vuelo de prueba. Vuelen ustedes como operadores comerciales o deportivos, con una vela [&hellip;]\" \/>\n<meta property=\"og:url\" content=\"https:\/\/ultramagic.com\/hot-air-balloons\/envelopes\/\" \/>\n<meta property=\"og:site_name\" content=\"Ultramagic\" \/>\n<meta property=\"article:publisher\" content=\"http:\/\/www.facebook.com\/ultramagicballons\" \/>\n<meta property=\"article:modified_time\" content=\"2024-01-23T07:14:22+00:00\" \/>\n<meta property=\"og:image\" content=\"https:\/\/ultramagic.com\/wp-content\/uploads\/2015\/06\/envelopes.png\" \/>\n\t<meta property=\"og:image:width\" content=\"75\" \/>\n\t<meta property=\"og:image:height\" content=\"75\" \/>\n\t<meta property=\"og:image:type\" content=\"image\/png\" \/>\n<meta name=\"twitter:card\" content=\"summary_large_image\" \/>\n<meta name=\"twitter:site\" content=\"@umballoons\" \/>\n<meta name=\"twitter:label1\" content=\"Tiempo de lectura\" \/>\n\t<meta name=\"twitter:data1\" content=\"2 minutos\" \/>\n<script type=\"application\/ld+json\" class=\"yoast-schema-graph\">{\"@context\":\"https:\/\/schema.org\",\"@graph\":[{\"@type\":\"WebPage\",\"@id\":\"https:\/\/ultramagic.com\/hot-air-balloons\/envelopes\/\",\"url\":\"https:\/\/ultramagic.com\/hot-air-balloons\/envelopes\/\",\"name\":\"Velas - Ultramagic\",\"isPartOf\":{\"@id\":\"https:\/\/ultramagic.com\/#website\"},\"primaryImageOfPage\":{\"@id\":\"https:\/\/ultramagic.com\/hot-air-balloons\/envelopes\/#primaryimage\"},\"image\":{\"@id\":\"https:\/\/ultramagic.com\/hot-air-balloons\/envelopes\/#primaryimage\"},\"thumbnailUrl\":\"https:\/\/ultramagic.com\/wp-content\/uploads\/2015\/06\/envelopes.png\",\"datePublished\":\"2015-06-11T10:45:10+00:00\",\"dateModified\":\"2024-01-23T07:14:22+00:00\",\"breadcrumb\":{\"@id\":\"https:\/\/ultramagic.com\/hot-air-balloons\/envelopes\/#breadcrumb\"},\"inLanguage\":\"es\",\"potentialAction\":[{\"@type\":\"ReadAction\",\"target\":[\"https:\/\/ultramagic.com\/hot-air-balloons\/envelopes\/\"]}]},{\"@type\":\"ImageObject\",\"inLanguage\":\"es\",\"@id\":\"https:\/\/ultramagic.com\/hot-air-balloons\/envelopes\/#primaryimage\",\"url\":\"https:\/\/ultramagic.com\/wp-content\/uploads\/2015\/06\/envelopes.png\",\"contentUrl\":\"https:\/\/ultramagic.com\/wp-content\/uploads\/2015\/06\/envelopes.png\",\"width\":75,\"height\":75},{\"@type\":\"BreadcrumbList\",\"@id\":\"https:\/\/ultramagic.com\/hot-air-balloons\/envelopes\/#breadcrumb\",\"itemListElement\":[{\"@type\":\"ListItem\",\"position\":1,\"name\":\"Home\",\"item\":\"https:\/\/ultramagic.com\/es\/\"},{\"@type\":\"ListItem\",\"position\":2,\"name\":\"Globos aerost\u00e1ticos\",\"item\":\"https:\/\/ultramagic.com\/hot-air-balloons\/\"},{\"@type\":\"ListItem\",\"position\":3,\"name\":\"Velas\"}]},{\"@type\":\"WebSite\",\"@id\":\"https:\/\/ultramagic.com\/#website\",\"url\":\"https:\/\/ultramagic.com\/\",\"name\":\"Ultramagic\",\"description\":\"All about hot air balloon advertising industry and history.Hot air balloon photos and pictures. Enjoy the hot air balloon experience from your home.\",\"potentialAction\":[{\"@type\":\"SearchAction\",\"target\":{\"@type\":\"EntryPoint\",\"urlTemplate\":\"https:\/\/ultramagic.com\/?s={search_term_string}\"},\"query-input\":\"required name=search_term_string\"}],\"inLanguage\":\"es\"}]}<\/script>\n<!-- \/ Yoast SEO plugin. -->","yoast_head_json":{"title":"Velas - Ultramagic","robots":{"index":"index","follow":"follow","max-snippet":"max-snippet:-1","max-image-preview":"max-image-preview:large","max-video-preview":"max-video-preview:-1"},"canonical":"https:\/\/ultramagic.com\/hot-air-balloons\/envelopes\/","og_locale":"es_ES","og_type":"article","og_title":"Velas - Ultramagic","og_description":"\u00a1Calidad de larga duraci\u00f3n! Hechas con los mejores tejidos del mundo. Models Cada vela de Ultramagic es un inmejorable ejemplo de calidad en su proceso de producci\u00f3n desde la fase de dise\u00f1o, pasando por la producci\u00f3n, inspecci\u00f3n y finalmente por un riguroso vuelo de prueba. Vuelen ustedes como operadores comerciales o deportivos, con una vela [&hellip;]","og_url":"https:\/\/ultramagic.com\/hot-air-balloons\/envelopes\/","og_site_name":"Ultramagic","article_publisher":"http:\/\/www.facebook.com\/ultramagicballons","article_modified_time":"2024-01-23T07:14:22+00:00","og_image":[{"width":75,"height":75,"url":"https:\/\/ultramagic.com\/wp-content\/uploads\/2015\/06\/envelopes.png","type":"image\/png"}],"twitter_card":"summary_large_image","twitter_site":"@umballoons","twitter_misc":{"Tiempo de lectura":"2 minutos"},"schema":{"@context":"https:\/\/schema.org","@graph":[{"@type":"WebPage","@id":"https:\/\/ultramagic.com\/hot-air-balloons\/envelopes\/","url":"https:\/\/ultramagic.com\/hot-air-balloons\/envelopes\/","name":"Velas - Ultramagic","isPartOf":{"@id":"https:\/\/ultramagic.com\/#website"},"primaryImageOfPage":{"@id":"https:\/\/ultramagic.com\/hot-air-balloons\/envelopes\/#primaryimage"},"image":{"@id":"https:\/\/ultramagic.com\/hot-air-balloons\/envelopes\/#primaryimage"},"thumbnailUrl":"https:\/\/ultramagic.com\/wp-content\/uploads\/2015\/06\/envelopes.png","datePublished":"2015-06-11T10:45:10+00:00","dateModified":"2024-01-23T07:14:22+00:00","breadcrumb":{"@id":"https:\/\/ultramagic.com\/hot-air-balloons\/envelopes\/#breadcrumb"},"inLanguage":"es","potentialAction":[{"@type":"ReadAction","target":["https:\/\/ultramagic.com\/hot-air-balloons\/envelopes\/"]}]},{"@type":"ImageObject","inLanguage":"es","@id":"https:\/\/ultramagic.com\/hot-air-balloons\/envelopes\/#primaryimage","url":"https:\/\/ultramagic.com\/wp-content\/uploads\/2015\/06\/envelopes.png","contentUrl":"https:\/\/ultramagic.com\/wp-content\/uploads\/2015\/06\/envelopes.png","width":75,"height":75},{"@type":"BreadcrumbList","@id":"https:\/\/ultramagic.com\/hot-air-balloons\/envelopes\/#breadcrumb","itemListElement":[{"@type":"ListItem","position":1,"name":"Home","item":"https:\/\/ultramagic.com\/es\/"},{"@type":"ListItem","position":2,"name":"Globos aerost\u00e1ticos","item":"https:\/\/ultramagic.com\/hot-air-balloons\/"},{"@type":"ListItem","position":3,"name":"Velas"}]},{"@type":"WebSite","@id":"https:\/\/ultramagic.com\/#website","url":"https:\/\/ultramagic.com\/","name":"Ultramagic","description":"All about hot air balloon advertising industry and history.Hot air balloon photos and pictures. Enjoy the hot air balloon experience from your home.","potentialAction":[{"@type":"SearchAction","target":{"@type":"EntryPoint","urlTemplate":"https:\/\/ultramagic.com\/?s={search_term_string}"},"query-input":"required name=search_term_string"}],"inLanguage":"es"}]}},"_links":{"self":[{"href":"https:\/\/ultramagic.com\/es\/wp-json\/wp\/v2\/pages\/9272"}],"collection":[{"href":"https:\/\/ultramagic.com\/es\/wp-json\/wp\/v2\/pages"}],"about":[{"href":"https:\/\/ultramagic.com\/es\/wp-json\/wp\/v2\/types\/page"}],"author":[{"embeddable":true,"href":"https:\/\/ultramagic.com\/es\/wp-json\/wp\/v2\/users\/1"}],"replies":[{"embeddable":true,"href":"https:\/\/ultramagic.com\/es\/wp-json\/wp\/v2\/comments?post=9272"}],"version-history":[{"count":6,"href":"https:\/\/ultramagic.com\/es\/wp-json\/wp\/v2\/pages\/9272\/revisions"}],"predecessor-version":[{"id":18786,"href":"https:\/\/ultramagic.com\/es\/wp-json\/wp\/v2\/pages\/9272\/revisions\/18786"}],"up":[{"embeddable":true,"href":"https:\/\/ultramagic.com\/es\/wp-json\/wp\/v2\/pages\/9780"}],"wp:featuredmedia":[{"embeddable":true,"href":"https:\/\/ultramagic.com\/es\/wp-json\/wp\/v2\/media\/243"}],"wp:attachment":[{"href":"https:\/\/ultramagic.com\/es\/wp-json\/wp\/v2\/media?parent=9272"}],"curies":[{"name":"wp","href":"https:\/\/api.w.org\/{rel}","templated":true}]}}