{"id":8895,"date":"2015-06-11T12:51:23","date_gmt":"2015-06-11T10:51:23","guid":{"rendered":"http:\/\/ultramagic.creagia.com\/es\/marketing-executive\/"},"modified":"2016-03-08T10:59:44","modified_gmt":"2016-03-08T09:59:44","slug":"marketing-ejecutivo","status":"publish","type":"page","link":"https:\/\/ultramagic.com\/es\/ballooning-world\/marketing-ejecutivo\/","title":{"rendered":"Marketing Ejecutivo"},"content":{"rendered":"<h2><span style=\"color: #ff9900;\">Publicitar en un globo\u00a0mi producto o empresa?<\/span><\/h2>\n<p>Las empresas empezaron en los a\u00f1os 60 a usar globos tanto como instrumento de promoci\u00f3n de su marca o propia empresa como incentivo y est\u00edmulo. Incluso hoy en d\u00eda a\u00fan hay personas que recuerdan los globos Nimble que se usaron para publicidad hace unos 40 a\u00f1os.<\/p>\n<h2>\u00bfPor qu\u00e9 deber\u00eda usar un globo para mi producto o empresa?<\/h2>\n<p>&nbsp;<\/p>\n<p>&nbsp;<\/p>\n<p><strong>1<\/strong>. <em><strong>Los globos consiguen siempre llamar la atenci\u00f3n de un gran n\u00famero de personas.\u00a0<\/strong><\/em><\/p>\n<p>Los globos de aire caliente gustan a todo el mundo. Ya sea suspendidos en el aire o en suelo firme, siempre atraen a mucha gente. Numerosos estudios demuestran que hasta el 100% de los encuestados confirmaron sentirse atra\u00eddos de forma mucho m\u00e1s inmediata por un globo que por cualquier otro medio de publicidad.<\/p>\n<p><strong>2. <em>Los globos causan gran impacto y son objeto de comentarios<\/em>.<\/strong><br \/>\nDe nuevo las encuestas dicen que la mayor\u00eda de la gente suele estar de acuerdo con el hecho de que los globos son interesantes y de que hacen comentarios sobre los mismos cuando los ven. Los comentarios sobre su marca ser\u00e1n de lejos mucho m\u00e1s frecuentes cuando esta aparece en un globo que si lo hace en un cartel o p\u00f3ster.<\/p>\n<p><strong>3. <em>Los globos permanecen en el recuerdo<\/em>.<\/strong><br \/>\nDe nuevo nos remontamos a los globos Nimble. Recientes estudios confirman que en los pa\u00edses donde hay exhibiciones de globos, la mayor\u00eda de las personas pueden recordar el nombre de los globos que han visto en el cielo, siendo muy pocas las que puedan hacerlo a partir de p\u00f3sters.<\/p>\n<p><strong>4. <em>La imagen de un globo queda grabada en la mente<\/em>.<\/strong><br \/>\nImagine un globo para su empresa como el mayor poster o cartel del mundo. Esto es precisamente lo que puede ser un globo y seguro ser\u00e1 recordado por todos cuantos lo vean. Como dec\u00edamos, estad\u00edsticas han demostrado que el poder de atracci\u00f3n de un globo es mucho mayor que el de cualquier otro medio de publicidad. No hay persona que no mire al cielo al ver un globo. Su tama\u00f1o hace que no pase desapercibido y estar suspendido en el aire, sorprendente a la par que fascinante. Llama la atenci\u00f3n una vez tras otra. No importa cu\u00e1ntos globos hayamos visto, siempre los encontramos fascinantes. A menudo hay personas que siguen un globo largos tramos solo para poder mirarlo m\u00e1s de cerca o hacer una fotograf\u00eda. \u00bfCu\u00e1ntas personas conoce que mire un p\u00f3ster m\u00e1s de unos segundos o grabe un anuncio de televisi\u00f3n?<\/p>\n<p>&nbsp;<\/p>\n<p style=\"padding-left: 60px;\"><img loading=\"lazy\" decoding=\"async\" src=\"http:\/\/www.ultramagic.com\/media_items\/image\/Ballooning\/marketing_4.jpg\" alt=\"\" width=\"135\" height=\"180\" align=\"middle\" \/>\u00a0 \u00a0<img loading=\"lazy\" decoding=\"async\" src=\"http:\/\/www.ultramagic.com\/media_items\/image\/Ballooning\/marketing_5.jpg\" alt=\"\" width=\"135\" height=\"180\" align=\"middle\" \/>\u00a0 \u00a0<img loading=\"lazy\" decoding=\"async\" src=\"http:\/\/www.ultramagic.com\/media_items\/image\/Ballooning\/marketing_6.jpg\" alt=\"\" width=\"135\" height=\"180\" align=\"middle\" \/>\u00a0 \u00a0<img loading=\"lazy\" decoding=\"async\" src=\"http:\/\/www.ultramagic.com\/media_items\/image\/Ballooning\/marketing_7.jpg\" alt=\"\" width=\"135\" height=\"180\" align=\"middle\" \/><\/p>\n<p align=\"justify\">Much\u00edsima gente les hace fotograf\u00edas o incluso graba en c\u00e1mara de v\u00eddeo. Ya sea por su tama\u00f1o y colores, por su movimiento gracil o el esp\u00edritu de aventura que representan, los globos atraen la atenci\u00f3n de la gente, que incluso quieren conservarlos en fotograf\u00edas para poder mirarlos de nuevo m\u00e1s tarde. Mire en cualquier tienda con tarjetas de regalo y encontrar\u00e1 m\u00e1s de una tarjeta con la fotograf\u00eda de un globo. Mire folletos de vacaciones y rutas tur\u00edsticas. Ver\u00e1 alguna que otra fotograf\u00eda de globos. Y es que estas fotograf\u00edas gustan.<br \/>\nLas cadenas de televisi\u00f3n tambi\u00e9n disfrutan del colorido y atracci\u00f3n de los globos. Gustan de cubrir eventos donde se combinen globos y multitudes de personas.<\/p>\n<p align=\"justify\">Imag\u00ednese el impacto que el logo de su empresa puede tener utilizando un globo como medio de publicidad. Estad\u00edsticas indican que en comparaci\u00f3n con otras formas de publicidad, los globos pueden resultar mucho m\u00e1s eficientes con un ratio de coste por miles de personas impactadas mucho menor.<br \/>\nLa prensa en general tambi\u00e9n tiene un inter\u00e9s similar en globos y eventos donde estos participen, editando reportajes y fotograf\u00edas de los mismos.<\/p>\n<p align=\"justify\">Sin embargo, conviene no caer en el error de creer que el uso de globos sustituye cualquier otro medio de publicidad. Cierto es que da a conocer a la empresa, marca u organizaci\u00f3n. Se ha demostrado una vez tras otra que otros medios de publicidad se benefician altamente cuando se combinan con globos.<br \/>\nCabe destacar que los globos no se suelen utilizar para promociones de productos con car\u00e1cter semanal. La imagen de un globo perdura en el recuerdo durante mucho tiempo. Precisamente esta es la gran ventaja de usar este medio de comunicaci\u00f3n.<\/p>\n<h2 align=\"justify\">\u00bfHay otros beneficios al usar un globo de aire caliente para nuestra empresa?<\/h2>\n<p><img loading=\"lazy\" decoding=\"async\" class=\"alignright\" src=\"http:\/\/www.ultramagic.com\/media_items\/image\/Ballooning\/marketing_3.jpg\" alt=\"\" width=\"180\" height=\"149\" align=\"middle\" \/><\/p>\n<p><em>S\u00ed &#8211;\u00a0<\/em><em>entretenimiento para la empresa o vuelos como incentivo para el personal<\/em>.<br \/>\nComo todos sabemos, hay gran variedad de entretenimiento corporativo e incentivos para el personal, pero hoy en d\u00eda mucha gente reconoce que volar en globo goza de un importante valor a\u00f1adido y que esto puede beneficiar tanto a la empresa como a la imagen de marca.<br \/>\n<em>S\u00ed &#8211;\u00a0<\/em><em>el programa operaci\u00f3n globo puede acompa\u00f1arse de art\u00edculos promocionales como ropa con nuestra marca, pins, llaveros, p\u00f3sters y tarjetas<\/em>.<br \/>\nMuchas empresas eligen usar art\u00edculos promocionales con sus globos y ganar as\u00ed mayor exposici\u00f3n de la marca tras la retirada del globo. Es bien sabido que la gente usar\u00e1 ropa con la marca promocionada en el globo que dif\u00edcilmente lo har\u00eda de otra manera.<\/p>\n<p>&nbsp;<\/p>\n<h2>\u00bfC\u00f3mo puedo saber m\u00e1s sobre un globo\u00a0corporativo y qui\u00e9n puede ayudarme?<\/h2>\n<p>El equipo de Ultramagic tiene muchos a\u00f1os de experiencia dise\u00f1ando y produciendo globos corporativos de aire caliente. Disponemos de un equipo de profesionales que puede trabajar de cerca con usted y dirigir su programa de globo corporativo de aire caliente para conseguir los mejores resultados. Podr\u00e1n hablar sobre los requerimientos especiales que tenga, informarle sobre c\u00f3mo este tipo de programa puede funcionar mejor para usted y explicarle todos los costes que \u00e9ste conlleva.<\/p>\n<p><img loading=\"lazy\" decoding=\"async\" class=\"aligncenter size-full wp-image-235\" src=\"http:\/\/ultramagic.com\/wp-content\/uploads\/2015\/06\/marketing-balloon.png\" alt=\"marketing-balloon\" width=\"600\" height=\"189\" srcset=\"https:\/\/ultramagic.com\/wp-content\/uploads\/2015\/06\/marketing-balloon.png 600w, https:\/\/ultramagic.com\/wp-content\/uploads\/2015\/06\/marketing-balloon-300x95.png 300w\" sizes=\"(max-width: 600px) 100vw, 600px\" \/><\/p>\n","protected":false},"excerpt":{"rendered":"<p>Publicitar en un globo\u00a0mi producto o empresa? Las empresas empezaron en los a\u00f1os 60 a usar globos tanto como instrumento de promoci\u00f3n de su marca o propia empresa como incentivo y est\u00edmulo. Incluso hoy en d\u00eda a\u00fan hay personas que recuerdan los globos Nimble que se usaron para publicidad hace unos 40 a\u00f1os. \u00bfPor qu\u00e9 [&hellip;]<\/p>\n","protected":false},"author":1,"featured_media":0,"parent":9027,"menu_order":0,"comment_status":"closed","ping_status":"open","template":"page-fotos.php","meta":{"ngg_post_thumbnail":0,"footnotes":""},"yoast_head":"<!-- This site is optimized with the Yoast SEO plugin v22.7 - https:\/\/yoast.com\/wordpress\/plugins\/seo\/ -->\n<title>Marketing Ejecutivo - Ultramagic<\/title>\n<meta name=\"robots\" content=\"index, follow, max-snippet:-1, max-image-preview:large, max-video-preview:-1\" \/>\n<link rel=\"canonical\" href=\"https:\/\/ultramagic.com\/es\/ballooning-world\/marketing-ejecutivo\/\" \/>\n<meta property=\"og:locale\" content=\"es_ES\" \/>\n<meta property=\"og:type\" content=\"article\" \/>\n<meta property=\"og:title\" content=\"Marketing Ejecutivo - Ultramagic\" \/>\n<meta property=\"og:description\" content=\"Publicitar en un globo\u00a0mi producto o empresa? Las empresas empezaron en los a\u00f1os 60 a usar globos tanto como instrumento de promoci\u00f3n de su marca o propia empresa como incentivo y est\u00edmulo. Incluso hoy en d\u00eda a\u00fan hay personas que recuerdan los globos Nimble que se usaron para publicidad hace unos 40 a\u00f1os. \u00bfPor qu\u00e9 [&hellip;]\" \/>\n<meta property=\"og:url\" content=\"https:\/\/ultramagic.com\/es\/ballooning-world\/marketing-ejecutivo\/\" \/>\n<meta property=\"og:site_name\" content=\"Ultramagic\" \/>\n<meta property=\"article:publisher\" content=\"http:\/\/www.facebook.com\/ultramagicballons\" \/>\n<meta property=\"article:modified_time\" content=\"2016-03-08T09:59:44+00:00\" \/>\n<meta property=\"og:image\" content=\"http:\/\/www.ultramagic.com\/media_items\/image\/Ballooning\/marketing_4.jpg\" \/>\n<meta name=\"twitter:card\" content=\"summary_large_image\" \/>\n<meta name=\"twitter:site\" content=\"@umballoons\" \/>\n<meta name=\"twitter:label1\" content=\"Tiempo de lectura\" \/>\n\t<meta name=\"twitter:data1\" content=\"5 minutos\" \/>\n<script type=\"application\/ld+json\" class=\"yoast-schema-graph\">{\"@context\":\"https:\/\/schema.org\",\"@graph\":[{\"@type\":\"WebPage\",\"@id\":\"https:\/\/ultramagic.com\/es\/ballooning-world\/marketing-ejecutivo\/\",\"url\":\"https:\/\/ultramagic.com\/es\/ballooning-world\/marketing-ejecutivo\/\",\"name\":\"Marketing Ejecutivo - Ultramagic\",\"isPartOf\":{\"@id\":\"https:\/\/ultramagic.com\/#website\"},\"primaryImageOfPage\":{\"@id\":\"https:\/\/ultramagic.com\/es\/ballooning-world\/marketing-ejecutivo\/#primaryimage\"},\"image\":{\"@id\":\"https:\/\/ultramagic.com\/es\/ballooning-world\/marketing-ejecutivo\/#primaryimage\"},\"thumbnailUrl\":\"http:\/\/www.ultramagic.com\/media_items\/image\/Ballooning\/marketing_4.jpg\",\"datePublished\":\"2015-06-11T10:51:23+00:00\",\"dateModified\":\"2016-03-08T09:59:44+00:00\",\"breadcrumb\":{\"@id\":\"https:\/\/ultramagic.com\/es\/ballooning-world\/marketing-ejecutivo\/#breadcrumb\"},\"inLanguage\":\"es\",\"potentialAction\":[{\"@type\":\"ReadAction\",\"target\":[\"https:\/\/ultramagic.com\/es\/ballooning-world\/marketing-ejecutivo\/\"]}]},{\"@type\":\"ImageObject\",\"inLanguage\":\"es\",\"@id\":\"https:\/\/ultramagic.com\/es\/ballooning-world\/marketing-ejecutivo\/#primaryimage\",\"url\":\"http:\/\/www.ultramagic.com\/media_items\/image\/Ballooning\/marketing_4.jpg\",\"contentUrl\":\"http:\/\/www.ultramagic.com\/media_items\/image\/Ballooning\/marketing_4.jpg\"},{\"@type\":\"BreadcrumbList\",\"@id\":\"https:\/\/ultramagic.com\/es\/ballooning-world\/marketing-ejecutivo\/#breadcrumb\",\"itemListElement\":[{\"@type\":\"ListItem\",\"position\":1,\"name\":\"Home\",\"item\":\"https:\/\/ultramagic.com\/es\/\"},{\"@type\":\"ListItem\",\"position\":2,\"name\":\"Ballooning World\",\"item\":\"https:\/\/ultramagic.com\/es\/ballooning-world\/\"},{\"@type\":\"ListItem\",\"position\":3,\"name\":\"Marketing Ejecutivo\"}]},{\"@type\":\"WebSite\",\"@id\":\"https:\/\/ultramagic.com\/#website\",\"url\":\"https:\/\/ultramagic.com\/\",\"name\":\"Ultramagic\",\"description\":\"All about hot air balloon advertising industry and history.Hot air balloon photos and pictures. Enjoy the hot air balloon experience from your home.\",\"potentialAction\":[{\"@type\":\"SearchAction\",\"target\":{\"@type\":\"EntryPoint\",\"urlTemplate\":\"https:\/\/ultramagic.com\/?s={search_term_string}\"},\"query-input\":\"required name=search_term_string\"}],\"inLanguage\":\"es\"}]}<\/script>\n<!-- \/ Yoast SEO plugin. -->","yoast_head_json":{"title":"Marketing Ejecutivo - Ultramagic","robots":{"index":"index","follow":"follow","max-snippet":"max-snippet:-1","max-image-preview":"max-image-preview:large","max-video-preview":"max-video-preview:-1"},"canonical":"https:\/\/ultramagic.com\/es\/ballooning-world\/marketing-ejecutivo\/","og_locale":"es_ES","og_type":"article","og_title":"Marketing Ejecutivo - Ultramagic","og_description":"Publicitar en un globo\u00a0mi producto o empresa? Las empresas empezaron en los a\u00f1os 60 a usar globos tanto como instrumento de promoci\u00f3n de su marca o propia empresa como incentivo y est\u00edmulo. Incluso hoy en d\u00eda a\u00fan hay personas que recuerdan los globos Nimble que se usaron para publicidad hace unos 40 a\u00f1os. \u00bfPor qu\u00e9 [&hellip;]","og_url":"https:\/\/ultramagic.com\/es\/ballooning-world\/marketing-ejecutivo\/","og_site_name":"Ultramagic","article_publisher":"http:\/\/www.facebook.com\/ultramagicballons","article_modified_time":"2016-03-08T09:59:44+00:00","og_image":[{"url":"http:\/\/www.ultramagic.com\/media_items\/image\/Ballooning\/marketing_4.jpg"}],"twitter_card":"summary_large_image","twitter_site":"@umballoons","twitter_misc":{"Tiempo de lectura":"5 minutos"},"schema":{"@context":"https:\/\/schema.org","@graph":[{"@type":"WebPage","@id":"https:\/\/ultramagic.com\/es\/ballooning-world\/marketing-ejecutivo\/","url":"https:\/\/ultramagic.com\/es\/ballooning-world\/marketing-ejecutivo\/","name":"Marketing Ejecutivo - Ultramagic","isPartOf":{"@id":"https:\/\/ultramagic.com\/#website"},"primaryImageOfPage":{"@id":"https:\/\/ultramagic.com\/es\/ballooning-world\/marketing-ejecutivo\/#primaryimage"},"image":{"@id":"https:\/\/ultramagic.com\/es\/ballooning-world\/marketing-ejecutivo\/#primaryimage"},"thumbnailUrl":"http:\/\/www.ultramagic.com\/media_items\/image\/Ballooning\/marketing_4.jpg","datePublished":"2015-06-11T10:51:23+00:00","dateModified":"2016-03-08T09:59:44+00:00","breadcrumb":{"@id":"https:\/\/ultramagic.com\/es\/ballooning-world\/marketing-ejecutivo\/#breadcrumb"},"inLanguage":"es","potentialAction":[{"@type":"ReadAction","target":["https:\/\/ultramagic.com\/es\/ballooning-world\/marketing-ejecutivo\/"]}]},{"@type":"ImageObject","inLanguage":"es","@id":"https:\/\/ultramagic.com\/es\/ballooning-world\/marketing-ejecutivo\/#primaryimage","url":"http:\/\/www.ultramagic.com\/media_items\/image\/Ballooning\/marketing_4.jpg","contentUrl":"http:\/\/www.ultramagic.com\/media_items\/image\/Ballooning\/marketing_4.jpg"},{"@type":"BreadcrumbList","@id":"https:\/\/ultramagic.com\/es\/ballooning-world\/marketing-ejecutivo\/#breadcrumb","itemListElement":[{"@type":"ListItem","position":1,"name":"Home","item":"https:\/\/ultramagic.com\/es\/"},{"@type":"ListItem","position":2,"name":"Ballooning World","item":"https:\/\/ultramagic.com\/es\/ballooning-world\/"},{"@type":"ListItem","position":3,"name":"Marketing Ejecutivo"}]},{"@type":"WebSite","@id":"https:\/\/ultramagic.com\/#website","url":"https:\/\/ultramagic.com\/","name":"Ultramagic","description":"All about hot air balloon advertising industry and history.Hot air balloon photos and pictures. Enjoy the hot air balloon experience from your home.","potentialAction":[{"@type":"SearchAction","target":{"@type":"EntryPoint","urlTemplate":"https:\/\/ultramagic.com\/?s={search_term_string}"},"query-input":"required name=search_term_string"}],"inLanguage":"es"}]}},"_links":{"self":[{"href":"https:\/\/ultramagic.com\/es\/wp-json\/wp\/v2\/pages\/8895"}],"collection":[{"href":"https:\/\/ultramagic.com\/es\/wp-json\/wp\/v2\/pages"}],"about":[{"href":"https:\/\/ultramagic.com\/es\/wp-json\/wp\/v2\/types\/page"}],"author":[{"embeddable":true,"href":"https:\/\/ultramagic.com\/es\/wp-json\/wp\/v2\/users\/1"}],"replies":[{"embeddable":true,"href":"https:\/\/ultramagic.com\/es\/wp-json\/wp\/v2\/comments?post=8895"}],"version-history":[{"count":2,"href":"https:\/\/ultramagic.com\/es\/wp-json\/wp\/v2\/pages\/8895\/revisions"}],"predecessor-version":[{"id":8897,"href":"https:\/\/ultramagic.com\/es\/wp-json\/wp\/v2\/pages\/8895\/revisions\/8897"}],"up":[{"embeddable":true,"href":"https:\/\/ultramagic.com\/es\/wp-json\/wp\/v2\/pages\/9027"}],"wp:attachment":[{"href":"https:\/\/ultramagic.com\/es\/wp-json\/wp\/v2\/media?parent=8895"}],"curies":[{"name":"wp","href":"https:\/\/api.w.org\/{rel}","templated":true}]}}