{"id":8892,"date":"2015-06-11T12:51:10","date_gmt":"2015-06-11T10:51:10","guid":{"rendered":"http:\/\/ultramagic.creagia.com\/es\/the-balloon-ride-business\/"},"modified":"2016-03-08T10:53:02","modified_gmt":"2016-03-08T09:53:02","slug":"el-negocio-de-los-globos","status":"publish","type":"page","link":"https:\/\/ultramagic.com\/es\/ballooning-world\/el-negocio-de-los-globos\/","title":{"rendered":"EL NEGOCIO DE LOS GLOBOS"},"content":{"rendered":"<h2>Aerostaci\u00f3n para todos.<\/h2>\n<p>Hoy en d\u00eda es posible para la mayor\u00eda de la gente en muchos pa\u00edses del mundo realizar un vuelo en globo de aire caliente sin necesidad de poseer en su vida un globo, convertirse en un piloto o plantearse serlo un d\u00eda. Ya sea un turista de visita o un residente local, esta oportunidad est\u00e1 abierta a todos si tiene suficiente dinero para comprar el vuelo. Esto es debido al importante crecimiento en el sector de vuelos de crucero en globo por todo el mundo que coincide con el crecimiento general de los deportes y la industria del ocio. Tambi\u00e9n se ha visto ayudado por el esp\u00edritu aventurero insaciable del p\u00fablico en general y el amor hacia los globos de aire caliente.<br \/>\nPara unos, su primer vuelo en globo puede ser para celebrar una ocasi\u00f3n especial o un aniversario. Para otros, satisfacer una ambici\u00f3n de toda la vida. En todos estos casos, el primer vuelo es siempre una ocasi\u00f3n memorable y la proporciona un servicio muy especial &#8211; el operador de vuelos de crucero en globo. Esta operatividad comercial est\u00e1 presente en todos los continentes y terrenos: en el campo de Australia, las reservas de \u00c1frica o en las cercan\u00edas de las ciudades de Europa y de Norteam\u00e9rica.<\/p>\n<p style=\"padding-left: 120px;\"><img loading=\"lazy\" decoding=\"async\" class=\"size-full wp-image-231 alignnone\" src=\"http:\/\/ultramagic.com\/wp-content\/uploads\/2015\/06\/balloons.jpg\" alt=\"balloons\" width=\"690\" height=\"216\" srcset=\"https:\/\/ultramagic.com\/wp-content\/uploads\/2015\/06\/balloons.jpg 690w, https:\/\/ultramagic.com\/wp-content\/uploads\/2015\/06\/balloons-300x94.jpg 300w\" sizes=\"(max-width: 690px) 100vw, 690px\" \/><\/p>\n<h2>\u00bfC\u00f3mo funciona el negocio de los vuelos en globo?<\/h2>\n<p>Para el pasajero &#8211; las operaciones pueden variar obviamente de un pa\u00eds a otro pero todas tienen una cosa en com\u00fan. La operaci\u00f3n se basa en pilotos cualificados que realizan el vuelo para pasajeros que vivir\u00e1n la aventura de su vida con una duraci\u00f3n de una hora a hora y media por un precio convenido. En la mayor\u00eda de los casos esto se realiza con globos construidos para la venta de vuelos a pasajeros. Algunas operaciones pueden hacerse con car\u00e1cter de fin de semana mientras que otras, sin embargo, son grandes organizaciones comerciales que llevan l\u00edneas similares a las de compa\u00f1\u00edas peque\u00f1as de l\u00edneas a\u00e9reas.<br \/>\nSin embargo, la gran diferencia en comparaci\u00f3n a un vuelo en avi\u00f3n es que en globo \u00a1usted no sabr\u00e1 nunca con exactitud d\u00f3nde terminar\u00e1! Quiz\u00e1s esto forme parte de la atracci\u00f3n. La \u00fanica cosa de la que como pasajero usted puede estar seguro es que usted volar\u00e1 en una de las formas m\u00e1s seguras de aviaci\u00f3n.<\/p>\n<p align=\"justify\">\nUltramagic, como uno de los fabricantes mundiales m\u00e1s grandes de globos de aire caliente, se ha especializado en el dise\u00f1o y la fabricaci\u00f3n de los globos especiales para cruceros durante muchos a\u00f1os. Abastecemos a los operadores peque\u00f1os que vuelan con solo 4 pasajeros hasta barquillas con muchos compartimientos que llevan a \u00a14 pasajeros en cada uno! Debido a nuestra experiencia, Ultramagic ha sido un contribuidor importante en el crecimiento y seguridad de este negocio. Tener el equipo correcto es precisamente uno de los requisitos m\u00e1s importantes para el funcionamiento con \u00e9xito de este negocio.<\/p>\n<p>Para los que deseen saber m\u00e1s sobre comprar un vuelo en globo en su zona, pueden comenzar buscando en las p\u00e1ginas amarillas de su localidad los tel\u00e9fonos de contacto pues la mayor\u00eda de los operadores utilizan este servicio. Esto no es aplicable por supuesto si est\u00e1 usted lejos de viaje. En estos casos, una buena agencia de viajes puede ayudarle. Muchos operadores de vuelo pueden por supuesto encontrarse en Internet.<\/p>\n<h2><\/h2>\n<h2>\u00bfC\u00f3mo creo un negocio de vuelo en globo?<\/h2>\n<p align=\"justify\">Localizaci\u00f3n, localizaci\u00f3n, localizaci\u00f3n. Este dicho se utiliza muchas veces en relaci\u00f3n a la creaci\u00f3n de un negocio, particularmente uno al por menor y no sorprendentemente se aplica mucho al negocio de vuelos en globo.<\/p>\n<p align=\"justify\">El primer requisito de un negocio como este es tener una buena fuente de pasajeros potenciales ya sea por tener una poblaci\u00f3n grande cerca o por ser una zona tur\u00edstica. Esta es la raz\u00f3n por la cual la localizaci\u00f3n de su negocio es muy importante. Es posible en muchos pa\u00edses volar desde el centro de ciudades dependiendo de regulaciones del tr\u00e1fico a\u00e9reo. Esto puede resultarle de inter\u00e9s como operador.<\/p>\n<p align=\"justify\">Como alternativa, quiz\u00e1s usted desee fijar sus operaciones en un \u00e1rea muy pintoresca visitada regularmente por turistas. Haga su investigaci\u00f3n y t\u00f3mese el tiempo necesario para decidir la localizaci\u00f3n. Eventualmente usted puede elegir tener m\u00e1s de una localizaci\u00f3n dependiendo de las condiciones clim\u00e1ticas y de la disponibilidad de pasajeros.<br \/>\nLas operaciones tur\u00edsticas peque\u00f1as pueden funcionar casi por doquier en la mayor\u00eda del mundo usando localizaciones ex\u00f3ticas. Realice estudios sobre las condiciones atmosf\u00e9ricas locales para asegurar que su negocio puede trabajar all\u00ed. No es nada bueno tener una gran fuente de pasajeros listos e impacientes si resulta demasiado ventoso volar durante el 90% del tiempo.<\/p>\n<p style=\"padding-left: 120px;\"><img loading=\"lazy\" decoding=\"async\" class=\"size-full wp-image-232 alignnone\" src=\"http:\/\/ultramagic.com\/wp-content\/uploads\/2015\/06\/ballooning.jpg\" alt=\"ballooning\" width=\"690\" height=\"216\" srcset=\"https:\/\/ultramagic.com\/wp-content\/uploads\/2015\/06\/ballooning.jpg 690w, https:\/\/ultramagic.com\/wp-content\/uploads\/2015\/06\/ballooning-300x94.jpg 300w\" sizes=\"(max-width: 690px) 100vw, 690px\" \/><\/p>\n<p>&nbsp;<\/p>\n<h2>\u00bfGrande o peque\u00f1o?<\/h2>\n<p>&nbsp;<\/p>\n<p>El tama\u00f1o del negocio depende de usted. Hay muchas consideraciones que hacer. Como otras formas de negocio, es posible empezar con una operaci\u00f3n peque\u00f1a, funcionando parcialmente e ir desarrollando el negocio gradualmente hasta convertirlo en una operaci\u00f3n m\u00e1s grande. Por otra parte, usted podr\u00eda elegir tambi\u00e9n por hacer una inversi\u00f3n inicial m\u00e1s grande para trabajar con un globo o globos mucho m\u00e1s grandes y para penetrar r\u00e1pidamente en el mercado en el \u00e1rea en la cual usted se prepone trabajar.<br \/>\nUltramagic ofrece la gama m\u00e1s grande de globos disponibles y su distribuidor local o nuestro servicio de atenci\u00f3n al cliente podr\u00e1 darle m\u00e1s informaci\u00f3n sobre la pr\u00e1ctica Conocemos el negocio de vuelos muy bien y puede estar seguro de que le recomendaremos lo justo para su negocio sin intentar forzar una venta a cualquier coste.<\/p>\n<p>&nbsp;<\/p>\n<h2>\u00bfN\u00famero de pasajeros?<\/h2>\n<p>&nbsp;<\/p>\n<p>Con las tarifas oscilando de un pa\u00eds a otro de $100 a $400 por pasajero, el n\u00famero de pasajeros volando en cada vuelo puede tener un impacto en los beneficios incre\u00edble.<br \/>\nUna operaci\u00f3n m\u00e1s peque\u00f1a con un globo de 105 (105.000 pies Cu o 3,000m<span style=\"font-size: xx-small;\">\u00b3<\/span>) puede ser viable pero este tipo de negocio se combina muy a menudo con otras formas de operaciones. Un globo de 180 (180.000\u00a0pies Cu o 5.100m<span style=\"font-size: xx-small;\">\u00b3<\/span>) se considera un buen tama\u00f1o para una operaci\u00f3n normal de vuelo. De nuevo, cuantos m\u00e1s pasajeros usted tenga, mayor es el beneficio, as\u00ed que uno podr\u00eda aumentar el tama\u00f1o hasta 250.000 Cu pie y volar muchos m\u00e1s.<br \/>\nNo obstante, es necesario considerar el terreno local y condiciones atmosf\u00e9ricas, pues puede ser que los 180 pudieran hacer m\u00e1s vuelos que los 250 siendo m\u00e1s peque\u00f1os y ligeramente m\u00e1s f\u00e1ciles de funcionar. La disponibilidad de pasajeros en un d\u00eda con buen tiempo, el n\u00famero de d\u00edas que se puede volar y las \u00e1reas convenientes para el aterrizaje, tendr\u00e1n que ser considerados al elegir el tama\u00f1o de su globo de crucero.<\/p>\n<p>&nbsp;<\/p>\n<p style=\"padding-left: 120px;\"><img loading=\"lazy\" decoding=\"async\" class=\"alignnone\" src=\"http:\/\/www.ultramagic.com\/media_items\/image\/Ballooning\/negoci_5.jpg\" alt=\"\" width=\"600\" height=\"200\" align=\"middle\" \/><\/p>\n<p>&nbsp;<\/p>\n<h2>\u00bfC\u00f3mo crecer y tener m\u00e1s beneficios?<\/h2>\n<p>&nbsp;<\/p>\n<p>Cuando se quiera usar un globo mayor de 250, se necesita pensar en la log\u00edstica en tierra con veh\u00edculos para los pasajeros y tripulaci\u00f3n. Usted necesitar\u00e1 probablemente dos veh\u00edculos en lugar de uno. Las regulaciones del transporte de carretera pueden tambi\u00e9n aplicarse dependiendo del n\u00famero de personas que lleve dentro de cada veh\u00edculo.<br \/>\nLos globos muy grandes (m\u00e1s de 250) pueden funcionar realmente bien para la gente que ha ganado experiencia en todas las vertientes de la zona donde vuelan (n\u00famero de pasajeros, d\u00edas de vuelo y sitios de aterrizaje). No obstante, cuanto m\u00e1s grande es el globo, cuanto m\u00e1s pesado llega a ser, m\u00e1s la gente que requiere para manejarlo en tierra. En general, cuanto m\u00e1s grande el globo es, mayor ser\u00e1 la inversi\u00f3n. Las condiciones del mercado local muy a menudo determinar\u00e1n el tama\u00f1o de la operaci\u00f3n que usted puede tener y cu\u00e1ntos ingresos tendr\u00e1. En todos los casos, la cantidad que usted har\u00e1 depender\u00e1 en \u00faltima instancia de usted como operador y de c\u00f3mo haga funcionar su negocio.<\/p>\n<p>Como uno puede ver, no hay respuesta clara para fijar el tama\u00f1o correcto para comenzar este negocio, pues cada caso es diferente. Los gastos de explotaci\u00f3n locales, que incluyen las instalaciones, el piloto y el equipo, tambi\u00e9n ser\u00e1n un factor decisivo. Sin duda, la opci\u00f3n m\u00e1s segura generalmente es comenzar con lo que funciona mejor para los operadores que trabajan en una zona similar. Comenzar de un modo peque\u00f1o puede ser m\u00e1s f\u00e1cil y con menos riesgo. Usted puede ir siempre creciendo m\u00e1s adelante si es necesario una vez adquiera m\u00e1s experiencia y \u00e9xito. Tambi\u00e9n habr\u00e1 generado as\u00ed el capital adicional requerido para un globo m\u00e1s grande.<\/p>\n<p>&nbsp;<\/p>\n<p><strong>\u00bfIngresos extras?<\/strong> Al operar regularmente en una zona con un globo m\u00e1s grande, \u00e9ste le da la oportunidad ideal de ofrecer parte o todo el espacio en su globo para anunciarse a una empresa local. Este espacio se puede vender con car\u00e1cter anual llevando pancartas en el globo o con un solo pago en el que la empresa patrocina la compra del equipo a cambio de tener su nombre en el globo durante toda la vida del equipo. En cualquier caso, uno puede hablar de una cantidad significativa de dinero. En muchos casos, esta contribuci\u00f3n puede marcar grandes diferencias en los costes de la operativa del negocio.<\/p>\n<p>&nbsp;<\/p>\n<p style=\"padding-left: 120px;\"><img loading=\"lazy\" decoding=\"async\" class=\"alignnone\" src=\"http:\/\/www.ultramagic.com\/media_items\/image\/Ballooning\/negoci_9.jpg\" alt=\"\" width=\"600\" height=\"246\" align=\"middle\" \/><\/p>\n<p>&nbsp;<\/p>\n<h2>\u00bfTengo que ser piloto?<\/h2>\n<p>Muchos operadores de viajes en globo han sido creados por pilotos. Sin embargo, esto no tiene porqu\u00e9 ser su caso. Hay muchos pilotos experimentados en todo el mundo que estar\u00edan encantados de trabajar como pilotos comerciales. Para m\u00e1s informaci\u00f3n, contacte a su distribuidor Ultramagic o a nuestro servicio de atenci\u00f3n al cliente.<\/p>\n<h2>\u00bfQu\u00e9 licencias y seguros se necesitan?<\/h2>\n<p>Las licencias y regulaciones var\u00edan en cada pa\u00eds. Por favor, verif\u00edquelo con la autoridad competente de su localidad.<br \/>\nComo cualquier negocio, tener un seguro es importante. Debido a la naturaleza del servicio a pasajeros que ofrece, es necesario un seguro especial de aviaci\u00f3n. Este suele ser m\u00e1 alto que el de vuelos privados, pero uno debe estar seguro de tener la cobertura adecuada. A pesar de haber dicho cu\u00e1n seguro es volar en globo, el seguro sirve para aquella ocasi\u00f3n donde las cosas no salen como planeado. Usted, como operador, ser\u00e1 el responsible directo como en cualquier otro negocio, por lo que le conviene no escatimar en el seguro.<br \/>\nCon un seguro adecuado, podr\u00e1 usted operar y disfrutar de su negocio con total tranquilidad.<\/p>\n<p>&nbsp;<\/p>\n<h2>\u00bfQu\u00e9 hay de las operaciones en tierra?<\/h2>\n<p>Sea cual sea el uso del globo de aire caliente, necesitar\u00e1 un veh\u00edculo con remolque o un cami\u00f3n para transportar y preparar el globo. El tama\u00f1o y tipo de veh\u00edculo var\u00eda en funci\u00f3n del pa\u00eds y depende del n\u00famero de pasajeros que tenga que transportar. Sin embargo, la mayor\u00eda de operadores prefieren usar coches 4&#215;4 cuando la orograf\u00eda as\u00ed lo requiere. Es de hecho m\u00e1s apropiado para los pasajeros ya que en general facilita las cosas.<\/p>\n<p>&nbsp;<\/p>\n<h2>Gesti\u00f3n de reserva de los vuelos.<\/h2>\n<p>Necesitar\u00e1 algun tipo de local para recibir y gestionar las reservas. Puede hacerlo usted con un sistema manual, inform\u00e1tico o contratando una gencia de viajes u hotel. Si est\u00e1 trabajando en una zona tur\u00edstica, quiz\u00e1 quiera trabajar junto con un operador tur\u00edstico local que, a cambio de una comisi\u00f3n, ofrezca sus vuelos a sus clientes.<\/p>\n<p>&nbsp;<\/p>\n<h2>Tripulaci\u00f3n y pilotos.<\/h2>\n<p>Puede optar por formar usted mismo a su gente para las funciones b\u00e1sicas o contratar a personal que trabaja en esto con car\u00e1cter temporal. Lo que sin duda necesita es gente habilidosa, fuerte, entusiasta y con don de gentes. Los costes depender\u00e1n de la zona donde trabaje y del grado de implicaci\u00f3n del personal con el vuelo propiamente dicho.<br \/>\nSu distribuidor Ultramagic quiz\u00e1s pueda ayudarle a encontrar personal en su zona. El n\u00famero de personas depender\u00e1 del volumen de su negocio as\u00ed como de lo que involucre a los pasajeros en los preparativos del vuelo y posterior recogida del globo. Mucha gente disfruta participando en todo el proceso del vuelo, pero por supuesto esto depende de la edad y forma f\u00edsica de los pasajeros.<\/p>\n<p>&nbsp;<\/p>\n<p style=\"padding-left: 180px;\"><img loading=\"lazy\" decoding=\"async\" class=\"alignnone\" src=\"http:\/\/www.ultramagic.com\/media_items\/image\/Ballooning\/negoci_6.jpg\" alt=\"\" width=\"200\" height=\"150\" align=\"middle\" \/><img loading=\"lazy\" decoding=\"async\" class=\"alignnone\" src=\"http:\/\/www.ultramagic.com\/media_items\/image\/Ballooning\/negoci_8.jpg\" alt=\"\" width=\"109\" height=\"145\" align=\"middle\" \/><img loading=\"lazy\" decoding=\"async\" class=\"alignnone\" src=\"http:\/\/www.ultramagic.com\/media_items\/image\/Ballooning\/negoci_7.jpg\" alt=\"\" width=\"200\" height=\"150\" align=\"middle\" \/><\/p>\n<p>&nbsp;<\/p>\n<h2>\u00bfNecesito algo m\u00e1s como equipo?<\/h2>\n<p>Puede optar por formar usted mismo a su gente para las funciones b\u00e1sicas o contratar a personal que trabaja en esto con car\u00e1cter temporal. Lo que sin duda necesita es gente habilidosa, fuerte, entusiasta y con don de gentes. Los costes depender\u00e1n de la zona donde trabaje y del grado de implicaci\u00f3n del personal con el vuelo propiamente dicho.<br \/>\nSu distribuidor Ultramagic quiz\u00e1s pueda ayudarle a encontrar personal en su zona. El n\u00famero de personas depender\u00e1 del volumen de su negocio as\u00ed como de lo que involucre a los pasajeros en los preparativos del vuelo y posterior recogida del globo. Mucha gente disfruta participando en todo el proceso del vuelo, pero por supuesto esto depende de la edad y forma f\u00edsica de los pasajeros.<\/p>\n<h2><strong><em>Perm\u00edtanos ayudarle a dise\u00f1ar el paquete que mejor satisface sus necesidades.<\/em><\/strong><\/h2>\n<p>Contacte por favor a su distribuidor Ultramagic o a nuestro servicio de atenci\u00f3n al cliente.<\/p>\n","protected":false},"excerpt":{"rendered":"<p>Aerostaci\u00f3n para todos. Hoy en d\u00eda es posible para la mayor\u00eda de la gente en muchos pa\u00edses del mundo realizar un vuelo en globo de aire caliente sin necesidad de poseer en su vida un globo, convertirse en un piloto o plantearse serlo un d\u00eda. Ya sea un turista de visita o un residente local, [&hellip;]<\/p>\n","protected":false},"author":1,"featured_media":0,"parent":9027,"menu_order":0,"comment_status":"closed","ping_status":"open","template":"page-fotos.php","meta":{"ngg_post_thumbnail":0,"footnotes":""},"yoast_head":"<!-- This site is optimized with the Yoast SEO plugin v22.7 - https:\/\/yoast.com\/wordpress\/plugins\/seo\/ -->\n<title>EL NEGOCIO DE LOS GLOBOS - Ultramagic<\/title>\n<meta name=\"robots\" content=\"index, follow, max-snippet:-1, max-image-preview:large, max-video-preview:-1\" \/>\n<link rel=\"canonical\" href=\"https:\/\/ultramagic.com\/es\/ballooning-world\/el-negocio-de-los-globos\/\" \/>\n<meta property=\"og:locale\" content=\"es_ES\" \/>\n<meta property=\"og:type\" content=\"article\" \/>\n<meta property=\"og:title\" content=\"EL NEGOCIO DE LOS GLOBOS - Ultramagic\" \/>\n<meta property=\"og:description\" content=\"Aerostaci\u00f3n para todos. Hoy en d\u00eda es posible para la mayor\u00eda de la gente en muchos pa\u00edses del mundo realizar un vuelo en globo de aire caliente sin necesidad de poseer en su vida un globo, convertirse en un piloto o plantearse serlo un d\u00eda. Ya sea un turista de visita o un residente local, [&hellip;]\" \/>\n<meta property=\"og:url\" content=\"https:\/\/ultramagic.com\/es\/ballooning-world\/el-negocio-de-los-globos\/\" \/>\n<meta property=\"og:site_name\" content=\"Ultramagic\" \/>\n<meta property=\"article:publisher\" content=\"http:\/\/www.facebook.com\/ultramagicballons\" \/>\n<meta property=\"article:modified_time\" content=\"2016-03-08T09:53:02+00:00\" \/>\n<meta property=\"og:image\" content=\"http:\/\/ultramagic.com\/wp-content\/uploads\/2015\/06\/balloons.jpg\" \/>\n<meta name=\"twitter:card\" content=\"summary_large_image\" \/>\n<meta name=\"twitter:site\" content=\"@umballoons\" \/>\n<meta name=\"twitter:label1\" content=\"Tiempo de lectura\" \/>\n\t<meta name=\"twitter:data1\" content=\"11 minutos\" \/>\n<script type=\"application\/ld+json\" class=\"yoast-schema-graph\">{\"@context\":\"https:\/\/schema.org\",\"@graph\":[{\"@type\":\"WebPage\",\"@id\":\"https:\/\/ultramagic.com\/es\/ballooning-world\/el-negocio-de-los-globos\/\",\"url\":\"https:\/\/ultramagic.com\/es\/ballooning-world\/el-negocio-de-los-globos\/\",\"name\":\"EL NEGOCIO DE LOS GLOBOS - Ultramagic\",\"isPartOf\":{\"@id\":\"https:\/\/ultramagic.com\/#website\"},\"primaryImageOfPage\":{\"@id\":\"https:\/\/ultramagic.com\/es\/ballooning-world\/el-negocio-de-los-globos\/#primaryimage\"},\"image\":{\"@id\":\"https:\/\/ultramagic.com\/es\/ballooning-world\/el-negocio-de-los-globos\/#primaryimage\"},\"thumbnailUrl\":\"http:\/\/ultramagic.com\/wp-content\/uploads\/2015\/06\/balloons.jpg\",\"datePublished\":\"2015-06-11T10:51:10+00:00\",\"dateModified\":\"2016-03-08T09:53:02+00:00\",\"breadcrumb\":{\"@id\":\"https:\/\/ultramagic.com\/es\/ballooning-world\/el-negocio-de-los-globos\/#breadcrumb\"},\"inLanguage\":\"es\",\"potentialAction\":[{\"@type\":\"ReadAction\",\"target\":[\"https:\/\/ultramagic.com\/es\/ballooning-world\/el-negocio-de-los-globos\/\"]}]},{\"@type\":\"ImageObject\",\"inLanguage\":\"es\",\"@id\":\"https:\/\/ultramagic.com\/es\/ballooning-world\/el-negocio-de-los-globos\/#primaryimage\",\"url\":\"http:\/\/ultramagic.com\/wp-content\/uploads\/2015\/06\/balloons.jpg\",\"contentUrl\":\"http:\/\/ultramagic.com\/wp-content\/uploads\/2015\/06\/balloons.jpg\"},{\"@type\":\"BreadcrumbList\",\"@id\":\"https:\/\/ultramagic.com\/es\/ballooning-world\/el-negocio-de-los-globos\/#breadcrumb\",\"itemListElement\":[{\"@type\":\"ListItem\",\"position\":1,\"name\":\"Home\",\"item\":\"https:\/\/ultramagic.com\/es\/\"},{\"@type\":\"ListItem\",\"position\":2,\"name\":\"Ballooning World\",\"item\":\"https:\/\/ultramagic.com\/es\/ballooning-world\/\"},{\"@type\":\"ListItem\",\"position\":3,\"name\":\"EL NEGOCIO DE LOS GLOBOS\"}]},{\"@type\":\"WebSite\",\"@id\":\"https:\/\/ultramagic.com\/#website\",\"url\":\"https:\/\/ultramagic.com\/\",\"name\":\"Ultramagic\",\"description\":\"All about hot air balloon advertising industry and history.Hot air balloon photos and pictures. Enjoy the hot air balloon experience from your home.\",\"potentialAction\":[{\"@type\":\"SearchAction\",\"target\":{\"@type\":\"EntryPoint\",\"urlTemplate\":\"https:\/\/ultramagic.com\/?s={search_term_string}\"},\"query-input\":\"required name=search_term_string\"}],\"inLanguage\":\"es\"}]}<\/script>\n<!-- \/ Yoast SEO plugin. -->","yoast_head_json":{"title":"EL NEGOCIO DE LOS GLOBOS - Ultramagic","robots":{"index":"index","follow":"follow","max-snippet":"max-snippet:-1","max-image-preview":"max-image-preview:large","max-video-preview":"max-video-preview:-1"},"canonical":"https:\/\/ultramagic.com\/es\/ballooning-world\/el-negocio-de-los-globos\/","og_locale":"es_ES","og_type":"article","og_title":"EL NEGOCIO DE LOS GLOBOS - Ultramagic","og_description":"Aerostaci\u00f3n para todos. Hoy en d\u00eda es posible para la mayor\u00eda de la gente en muchos pa\u00edses del mundo realizar un vuelo en globo de aire caliente sin necesidad de poseer en su vida un globo, convertirse en un piloto o plantearse serlo un d\u00eda. Ya sea un turista de visita o un residente local, [&hellip;]","og_url":"https:\/\/ultramagic.com\/es\/ballooning-world\/el-negocio-de-los-globos\/","og_site_name":"Ultramagic","article_publisher":"http:\/\/www.facebook.com\/ultramagicballons","article_modified_time":"2016-03-08T09:53:02+00:00","og_image":[{"url":"http:\/\/ultramagic.com\/wp-content\/uploads\/2015\/06\/balloons.jpg"}],"twitter_card":"summary_large_image","twitter_site":"@umballoons","twitter_misc":{"Tiempo de lectura":"11 minutos"},"schema":{"@context":"https:\/\/schema.org","@graph":[{"@type":"WebPage","@id":"https:\/\/ultramagic.com\/es\/ballooning-world\/el-negocio-de-los-globos\/","url":"https:\/\/ultramagic.com\/es\/ballooning-world\/el-negocio-de-los-globos\/","name":"EL NEGOCIO DE LOS GLOBOS - Ultramagic","isPartOf":{"@id":"https:\/\/ultramagic.com\/#website"},"primaryImageOfPage":{"@id":"https:\/\/ultramagic.com\/es\/ballooning-world\/el-negocio-de-los-globos\/#primaryimage"},"image":{"@id":"https:\/\/ultramagic.com\/es\/ballooning-world\/el-negocio-de-los-globos\/#primaryimage"},"thumbnailUrl":"http:\/\/ultramagic.com\/wp-content\/uploads\/2015\/06\/balloons.jpg","datePublished":"2015-06-11T10:51:10+00:00","dateModified":"2016-03-08T09:53:02+00:00","breadcrumb":{"@id":"https:\/\/ultramagic.com\/es\/ballooning-world\/el-negocio-de-los-globos\/#breadcrumb"},"inLanguage":"es","potentialAction":[{"@type":"ReadAction","target":["https:\/\/ultramagic.com\/es\/ballooning-world\/el-negocio-de-los-globos\/"]}]},{"@type":"ImageObject","inLanguage":"es","@id":"https:\/\/ultramagic.com\/es\/ballooning-world\/el-negocio-de-los-globos\/#primaryimage","url":"http:\/\/ultramagic.com\/wp-content\/uploads\/2015\/06\/balloons.jpg","contentUrl":"http:\/\/ultramagic.com\/wp-content\/uploads\/2015\/06\/balloons.jpg"},{"@type":"BreadcrumbList","@id":"https:\/\/ultramagic.com\/es\/ballooning-world\/el-negocio-de-los-globos\/#breadcrumb","itemListElement":[{"@type":"ListItem","position":1,"name":"Home","item":"https:\/\/ultramagic.com\/es\/"},{"@type":"ListItem","position":2,"name":"Ballooning World","item":"https:\/\/ultramagic.com\/es\/ballooning-world\/"},{"@type":"ListItem","position":3,"name":"EL NEGOCIO DE LOS GLOBOS"}]},{"@type":"WebSite","@id":"https:\/\/ultramagic.com\/#website","url":"https:\/\/ultramagic.com\/","name":"Ultramagic","description":"All about hot air balloon advertising industry and history.Hot air balloon photos and pictures. Enjoy the hot air balloon experience from your home.","potentialAction":[{"@type":"SearchAction","target":{"@type":"EntryPoint","urlTemplate":"https:\/\/ultramagic.com\/?s={search_term_string}"},"query-input":"required name=search_term_string"}],"inLanguage":"es"}]}},"_links":{"self":[{"href":"https:\/\/ultramagic.com\/es\/wp-json\/wp\/v2\/pages\/8892"}],"collection":[{"href":"https:\/\/ultramagic.com\/es\/wp-json\/wp\/v2\/pages"}],"about":[{"href":"https:\/\/ultramagic.com\/es\/wp-json\/wp\/v2\/types\/page"}],"author":[{"embeddable":true,"href":"https:\/\/ultramagic.com\/es\/wp-json\/wp\/v2\/users\/1"}],"replies":[{"embeddable":true,"href":"https:\/\/ultramagic.com\/es\/wp-json\/wp\/v2\/comments?post=8892"}],"version-history":[{"count":2,"href":"https:\/\/ultramagic.com\/es\/wp-json\/wp\/v2\/pages\/8892\/revisions"}],"predecessor-version":[{"id":8894,"href":"https:\/\/ultramagic.com\/es\/wp-json\/wp\/v2\/pages\/8892\/revisions\/8894"}],"up":[{"embeddable":true,"href":"https:\/\/ultramagic.com\/es\/wp-json\/wp\/v2\/pages\/9027"}],"wp:attachment":[{"href":"https:\/\/ultramagic.com\/es\/wp-json\/wp\/v2\/media?parent=8892"}],"curies":[{"name":"wp","href":"https:\/\/api.w.org\/{rel}","templated":true}]}}