{"id":8889,"date":"2015-06-11T12:50:54","date_gmt":"2015-06-11T10:50:54","guid":{"rendered":"http:\/\/ultramagic.creagia.com\/es\/sponsorship\/"},"modified":"2016-03-08T10:46:05","modified_gmt":"2016-03-08T09:46:05","slug":"patrocinio","status":"publish","type":"page","link":"https:\/\/ultramagic.com\/es\/ballooning-world\/patrocinio\/","title":{"rendered":"Sponsorship"},"content":{"rendered":"<h2>\u00bfQu\u00e9 es el patrocinio?<\/h2>\n<p>El\u00a0patrocinio de globos puede ser de muchos tipos, pero b\u00e1sicamente se trata de que alguien contribuya en gran parte en el coste del equipo y su funcionamiento. En contrapartida, el patrocinador normalmente pondr\u00e1 publicidad de su empresa u organismo visible en alguna parte del globo. A veces tambi\u00e9n puede solicitar un globo para vuelos con la finalidad que quiera.<\/p>\n<h2><img loading=\"lazy\" decoding=\"async\" class=\"alignright size-full wp-image-228\" src=\"http:\/\/ultramagic.com\/wp-content\/uploads\/2015\/06\/movistar-balloon.jpg\" alt=\"movistar-balloon\" width=\"300\" height=\"400\" srcset=\"https:\/\/ultramagic.com\/wp-content\/uploads\/2015\/06\/movistar-balloon.jpg 300w, https:\/\/ultramagic.com\/wp-content\/uploads\/2015\/06\/movistar-balloon-225x300.jpg 225w\" sizes=\"(max-width: 300px) 100vw, 300px\" \/>\u00bfQu\u00e9 beneficios tiene el patrocinador?<\/h2>\n<p>Los costes del uso de un globo pueden verse significativamente reducidos con la incorporaci\u00f3n de un patrocinador para su globo. Esto suena estupendo para el piloto o miembro sindical, pero \u00bfqu\u00e9 beneficios ofrece a la empresa patrocinadora? La respuesta es f\u00e1cil: publicidad y promoci\u00f3n. Este tipo de publicidad y promoci\u00f3n puede ser uno de los m\u00e1s fuertes y econ\u00f3micos disponibles.<\/p>\n<h2>\u00bfPor qu\u00e9 el patrocinio de un globo funciona tan bien?<\/h2>\n<p>Los globos son siempre centro de atenci\u00f3n. Los globos de aire caliente gustan a todo el mundo. Ya est\u00e9 suspendido en el cielo o en tierra firme, simpre atrae a masas de gente. Incluso la preparaci\u00f3n de un globo para un vuelo privado atrae gente. Si est\u00e1 presente en un gran evento, entonces cientos de personas ver\u00e1n su globo. Si hay medios de comunicaci\u00f3n cubriendo el evento, que suele ser el caso en la mayor\u00eda de este tipo de acontecimientos, entonces el n\u00famero de espectadores de su globo se multiplica m\u00e1s all\u00e1 de lo imaginable.<\/p>\n<h2>\u201cEL mayor cartel publicitario del mundo\u201d<\/h2>\n<p>Imagine un globo para su empresa como el mayor poster o cartel del mundo. Esto es precisamente lo que puede ser un globo y seguro ser\u00e1 recordado por todos cuantos lo vean. Como dec\u00edamos, estad\u00edsticas han demostrado que el poder de atracci\u00f3n de un globo es mucho mayor que el de cualquier otro medio de publicidad. No hay persona que no mire al cielo al ver un globo. Su tama\u00f1o hace que no pase desapercibido y estar suspendido en el aire, sorprendente a la par que fascinante. Llama la atenci\u00f3n una vez tras otra. No importa cu\u00e1ntos globos hayamos visto, siempre los encontramos fascinantes. A menudo hay personas que siguen un globo largos tramos solo para poder mirarlo m\u00e1s de cerca o hacer una fotograf\u00eda. \u00bfCu\u00e1ntas personas conoce que miren un p\u00f3ster m\u00e1s de unos segundos o graben un anuncio de televisi\u00f3n?<\/p>\n<p>Much\u00edsima gente les hace fotograf\u00edas o incluso graba en c\u00e1mara de v\u00eddeo. Ya sea por su tama\u00f1o y colores, por su movimiento gracil o el esp\u00edritu de aventura que representan, los globos atraen la atenci\u00f3n de la gente, que incluso quieren conservarlos en fotograf\u00edas para poder mirarlos de nuevo m\u00e1s adelante. Mire en cualquier tienda con tarjetas de regalo y encontrar\u00e1 m\u00e1s de una tarjeta con la fotograf\u00eda de un globo. Mire folletos de vacaciones y rutas tur\u00edsticas. Ver\u00e1 alguna que otra fotograf\u00eda de globos. Y es que estas fotograf\u00edas gustan.<\/p>\n<p><img loading=\"lazy\" decoding=\"async\" src=\"http:\/\/www.ultramagic.com\/media_items\/image\/Ballooning\/patrocini_2.jpg\" alt=\"\" width=\"150\" height=\"200\" align=\"absMiddle\" \/><img loading=\"lazy\" decoding=\"async\" src=\"http:\/\/www.ultramagic.com\/media_items\/image\/Ballooning\/patrocini_3.jpg\" alt=\"\" width=\"150\" height=\"200\" align=\"absMiddle\" \/><img loading=\"lazy\" decoding=\"async\" src=\"http:\/\/www.ultramagic.com\/media_items\/image\/Ballooning\/patrocini_4.jpg\" alt=\"\" width=\"150\" height=\"200\" align=\"absMiddle\" \/><\/p>\n<p align=\"justify\">Las cadenas de televisi\u00f3n tambi\u00e9n disfrutan del colorido y atracci\u00f3n de los globos. Gustan de cubrir eventos donde se combinen globos y multitudes de personas.<br \/>\nImag\u00ednese el impacto que el logo de su empresa puede tener utilizando un globo como medio de publicidad. Estad\u00edsticas indican que en comparaci\u00f3n con otras formas de publicidad, los globos pueden resultar mucho m\u00e1s eficientes con un ratio de coste por miles de personas impactadas mucho menor.<br \/>\nLa prensa en general tambi\u00e9n tiene un inter\u00e9s similar en globos y eventos donde estos participen, editando reportajes y fotograf\u00edas de los mismos.<\/p>\n<p align=\"justify\">Sin embargo, conviene no caer en el error de creer que el uso de globos sustituye cualquier otro medio de publicidad. Cierto es que da a conocer a la empresa, marca u organismo. Se ha demostrado una vez tras otra que otros medios de publicidad se benefician altamente cuando se combinan con globos. Cabe destacar que los globos no se suelen utilizar para promociones de productos con car\u00e1cter semanal. La imagen de un globo perdura en el recuerdo durante mucho tiempo. Precisamente esta es la gran ventaja de usar este medio de comunicaci\u00f3n.<\/p>\n<p align=\"justify\"><img loading=\"lazy\" decoding=\"async\" src=\"http:\/\/www.ultramagic.com\/media_items\/image\/Ballooning\/patrocini_5.jpg\" alt=\"\" width=\"200\" height=\"150\" align=\"middle\" \/><img loading=\"lazy\" decoding=\"async\" src=\"http:\/\/www.ultramagic.com\/media_items\/image\/Ballooning\/patrocini_6.jpg\" alt=\"\" width=\"200\" height=\"150\" align=\"absMiddle\" \/><img loading=\"lazy\" decoding=\"async\" src=\"http:\/\/www.ultramagic.com\/media_items\/image\/Ballooning\/patrocini_7.jpg\" alt=\"\" width=\"200\" height=\"150\" align=\"absMiddle\" \/><\/p>\n<h2 align=\"justify\">\u00bfQu\u00e9 otros beneficios hay para el patrocinador?<\/h2>\n<p>&nbsp;<\/p>\n<p>La\u00a0propia empresa, sus familiares, amigos y clientes pueden disfrutar de un vuelo en globo. Muy a menudo los programas de patrocinio incluyen un n\u00famero de vuelos para el patrocinador. Este puede optar por usar estos vuelos para su empresa, lo que puede beneficiarle, o bien usarlos para sus familiares o amigos. Eventos de entretenimiento para el personal existen de muchas modalidades. Un vuelo en globo goza de un gran valor a\u00f1adido en este sector de marketing, lo que de nuevo puede beneficiar a la empresa.<\/p>\n<p>&nbsp;<\/p>\n<h2>\u00bfC\u00f3mo puedo conseguir un patrocinador?<\/h2>\n<p>&nbsp;<\/p>\n<p>\u00a1Haga saber a las empresas y organismos lo que un globo puede hacer por ellos! Muchos pilotos y sindicatos cometen el error de entrar en una empresa u organismo presentando en primer lugar el equipo que necesitan (vela, barquilla, quemador). Esto no es lo que el patrocinador quiere oir en primer lugar. A continuaci\u00f3n nos permitimos sugerirles algunos consejos que pueden ayudarles a conseguir un patrocinador:<br \/>\n\u2022 Primero identifique el n\u00famero de empresas u organimos que usted crea puden beneficiarse del patrocinio.<br \/>\n\u2022 Prepare una propuesta que explique porqu\u00e9 les puede resultar interesante y beneficioso el uso de un globo como publicidad o promoci\u00f3n. Explique todos los beneficios para ellos, que como podemos ver son muchos.<br \/>\n\u2022 Decida qu\u00e9 va a hacer para ellos con el globo. Por ejemplo, quiz\u00e1s usted quiera el globo para uso privado pero en una zona donde la empresa necesita exposici\u00f3n. Tambi\u00e9n puede acordar estar presente en un n\u00famero de eventos nacionales y\/o internacionales. Incluso quiz\u00e1s acuerden prestar el globo para eventos promocionales de la empresa.<br \/>\n\u2022 Decida qu\u00e9 nivel de patrocinio quiere. Cuanto mayor sea la aportaci\u00f3n del patrocinador, m\u00e1s posibilidades tiene de tener que ceder algo de libertad del uso del globo, as\u00ed como de su tiempo libre.<br \/>\n\u2022 Fije el coste del equipo necesario incluyendo el coste aproximado de promoci\u00f3n en el globo contactando a su distribuidor Ultramagic o nuestro servicio de atenci\u00f3n al cliente. Trataremos su caso con la m\u00e1s estricta confidencialidad.<br \/>\n\u2022 Determine los costes adicionales que quiere que el patrocinador cubra. Por ejemplo, seguro, veh\u00edculo para transporte del equipo, etc.<br \/>\n\u2022 Presente todos los hechos a su patrocinador potencial de un modo claro y honesto. Ponga especial \u00e9mfasis en los beneficios para ambas partes. Sea entusiasta pero no prometa nada que no pueda cumplir.<\/p>\n<p>Siguiendo estos pasos, muchas personas han firmado largos contratos donde las empresas han conseguido grandes ventajas con el patrocinio de un globo y los pilotos han podido disfrutar de este deporte que tanto les gusta.<\/p>\n<div align=\"justify\"><\/div>\n<p>&nbsp;<\/p>\n<h2 align=\"justify\">Si cree que un patrocinador puede funcionar para usted, int\u00e9ntelo.<\/h2>\n<h2 align=\"justify\">\u00a1BUENA SUERTE!<\/h2>\n","protected":false},"excerpt":{"rendered":"<p>\u00bfQu\u00e9 es el patrocinio? El\u00a0patrocinio de globos puede ser de muchos tipos, pero b\u00e1sicamente se trata de que alguien contribuya en gran parte en el coste del equipo y su funcionamiento. En contrapartida, el patrocinador normalmente pondr\u00e1 publicidad de su empresa u organismo visible en alguna parte del globo. A veces tambi\u00e9n puede solicitar un [&hellip;]<\/p>\n","protected":false},"author":1,"featured_media":0,"parent":9027,"menu_order":0,"comment_status":"closed","ping_status":"open","template":"page-fotos.php","meta":{"ngg_post_thumbnail":0,"footnotes":""},"yoast_head":"<!-- This site is optimized with the Yoast SEO plugin v22.7 - https:\/\/yoast.com\/wordpress\/plugins\/seo\/ -->\n<title>Sponsorship - Ultramagic<\/title>\n<meta name=\"robots\" content=\"index, follow, max-snippet:-1, max-image-preview:large, max-video-preview:-1\" \/>\n<link rel=\"canonical\" href=\"https:\/\/ultramagic.com\/es\/ballooning-world\/patrocinio\/\" \/>\n<meta property=\"og:locale\" content=\"es_ES\" \/>\n<meta property=\"og:type\" content=\"article\" \/>\n<meta property=\"og:title\" content=\"Sponsorship - Ultramagic\" \/>\n<meta property=\"og:description\" content=\"\u00bfQu\u00e9 es el patrocinio? El\u00a0patrocinio de globos puede ser de muchos tipos, pero b\u00e1sicamente se trata de que alguien contribuya en gran parte en el coste del equipo y su funcionamiento. En contrapartida, el patrocinador normalmente pondr\u00e1 publicidad de su empresa u organismo visible en alguna parte del globo. A veces tambi\u00e9n puede solicitar un [&hellip;]\" \/>\n<meta property=\"og:url\" content=\"https:\/\/ultramagic.com\/es\/ballooning-world\/patrocinio\/\" \/>\n<meta property=\"og:site_name\" content=\"Ultramagic\" \/>\n<meta property=\"article:publisher\" content=\"http:\/\/www.facebook.com\/ultramagicballons\" \/>\n<meta property=\"article:modified_time\" content=\"2016-03-08T09:46:05+00:00\" \/>\n<meta property=\"og:image\" content=\"http:\/\/ultramagic.com\/wp-content\/uploads\/2015\/06\/movistar-balloon.jpg\" \/>\n<meta name=\"twitter:card\" content=\"summary_large_image\" \/>\n<meta name=\"twitter:site\" content=\"@umballoons\" \/>\n<meta name=\"twitter:label1\" content=\"Tiempo de lectura\" \/>\n\t<meta name=\"twitter:data1\" content=\"6 minutos\" \/>\n<script type=\"application\/ld+json\" class=\"yoast-schema-graph\">{\"@context\":\"https:\/\/schema.org\",\"@graph\":[{\"@type\":\"WebPage\",\"@id\":\"https:\/\/ultramagic.com\/es\/ballooning-world\/patrocinio\/\",\"url\":\"https:\/\/ultramagic.com\/es\/ballooning-world\/patrocinio\/\",\"name\":\"Sponsorship - Ultramagic\",\"isPartOf\":{\"@id\":\"https:\/\/ultramagic.com\/#website\"},\"primaryImageOfPage\":{\"@id\":\"https:\/\/ultramagic.com\/es\/ballooning-world\/patrocinio\/#primaryimage\"},\"image\":{\"@id\":\"https:\/\/ultramagic.com\/es\/ballooning-world\/patrocinio\/#primaryimage\"},\"thumbnailUrl\":\"http:\/\/ultramagic.com\/wp-content\/uploads\/2015\/06\/movistar-balloon.jpg\",\"datePublished\":\"2015-06-11T10:50:54+00:00\",\"dateModified\":\"2016-03-08T09:46:05+00:00\",\"breadcrumb\":{\"@id\":\"https:\/\/ultramagic.com\/es\/ballooning-world\/patrocinio\/#breadcrumb\"},\"inLanguage\":\"es\",\"potentialAction\":[{\"@type\":\"ReadAction\",\"target\":[\"https:\/\/ultramagic.com\/es\/ballooning-world\/patrocinio\/\"]}]},{\"@type\":\"ImageObject\",\"inLanguage\":\"es\",\"@id\":\"https:\/\/ultramagic.com\/es\/ballooning-world\/patrocinio\/#primaryimage\",\"url\":\"http:\/\/ultramagic.com\/wp-content\/uploads\/2015\/06\/movistar-balloon.jpg\",\"contentUrl\":\"http:\/\/ultramagic.com\/wp-content\/uploads\/2015\/06\/movistar-balloon.jpg\"},{\"@type\":\"BreadcrumbList\",\"@id\":\"https:\/\/ultramagic.com\/es\/ballooning-world\/patrocinio\/#breadcrumb\",\"itemListElement\":[{\"@type\":\"ListItem\",\"position\":1,\"name\":\"Home\",\"item\":\"https:\/\/ultramagic.com\/es\/\"},{\"@type\":\"ListItem\",\"position\":2,\"name\":\"Ballooning World\",\"item\":\"https:\/\/ultramagic.com\/es\/ballooning-world\/\"},{\"@type\":\"ListItem\",\"position\":3,\"name\":\"Sponsorship\"}]},{\"@type\":\"WebSite\",\"@id\":\"https:\/\/ultramagic.com\/#website\",\"url\":\"https:\/\/ultramagic.com\/\",\"name\":\"Ultramagic\",\"description\":\"All about hot air balloon advertising industry and history.Hot air balloon photos and pictures. Enjoy the hot air balloon experience from your home.\",\"potentialAction\":[{\"@type\":\"SearchAction\",\"target\":{\"@type\":\"EntryPoint\",\"urlTemplate\":\"https:\/\/ultramagic.com\/?s={search_term_string}\"},\"query-input\":\"required name=search_term_string\"}],\"inLanguage\":\"es\"}]}<\/script>\n<!-- \/ Yoast SEO plugin. -->","yoast_head_json":{"title":"Sponsorship - Ultramagic","robots":{"index":"index","follow":"follow","max-snippet":"max-snippet:-1","max-image-preview":"max-image-preview:large","max-video-preview":"max-video-preview:-1"},"canonical":"https:\/\/ultramagic.com\/es\/ballooning-world\/patrocinio\/","og_locale":"es_ES","og_type":"article","og_title":"Sponsorship - Ultramagic","og_description":"\u00bfQu\u00e9 es el patrocinio? El\u00a0patrocinio de globos puede ser de muchos tipos, pero b\u00e1sicamente se trata de que alguien contribuya en gran parte en el coste del equipo y su funcionamiento. En contrapartida, el patrocinador normalmente pondr\u00e1 publicidad de su empresa u organismo visible en alguna parte del globo. A veces tambi\u00e9n puede solicitar un [&hellip;]","og_url":"https:\/\/ultramagic.com\/es\/ballooning-world\/patrocinio\/","og_site_name":"Ultramagic","article_publisher":"http:\/\/www.facebook.com\/ultramagicballons","article_modified_time":"2016-03-08T09:46:05+00:00","og_image":[{"url":"http:\/\/ultramagic.com\/wp-content\/uploads\/2015\/06\/movistar-balloon.jpg"}],"twitter_card":"summary_large_image","twitter_site":"@umballoons","twitter_misc":{"Tiempo de lectura":"6 minutos"},"schema":{"@context":"https:\/\/schema.org","@graph":[{"@type":"WebPage","@id":"https:\/\/ultramagic.com\/es\/ballooning-world\/patrocinio\/","url":"https:\/\/ultramagic.com\/es\/ballooning-world\/patrocinio\/","name":"Sponsorship - Ultramagic","isPartOf":{"@id":"https:\/\/ultramagic.com\/#website"},"primaryImageOfPage":{"@id":"https:\/\/ultramagic.com\/es\/ballooning-world\/patrocinio\/#primaryimage"},"image":{"@id":"https:\/\/ultramagic.com\/es\/ballooning-world\/patrocinio\/#primaryimage"},"thumbnailUrl":"http:\/\/ultramagic.com\/wp-content\/uploads\/2015\/06\/movistar-balloon.jpg","datePublished":"2015-06-11T10:50:54+00:00","dateModified":"2016-03-08T09:46:05+00:00","breadcrumb":{"@id":"https:\/\/ultramagic.com\/es\/ballooning-world\/patrocinio\/#breadcrumb"},"inLanguage":"es","potentialAction":[{"@type":"ReadAction","target":["https:\/\/ultramagic.com\/es\/ballooning-world\/patrocinio\/"]}]},{"@type":"ImageObject","inLanguage":"es","@id":"https:\/\/ultramagic.com\/es\/ballooning-world\/patrocinio\/#primaryimage","url":"http:\/\/ultramagic.com\/wp-content\/uploads\/2015\/06\/movistar-balloon.jpg","contentUrl":"http:\/\/ultramagic.com\/wp-content\/uploads\/2015\/06\/movistar-balloon.jpg"},{"@type":"BreadcrumbList","@id":"https:\/\/ultramagic.com\/es\/ballooning-world\/patrocinio\/#breadcrumb","itemListElement":[{"@type":"ListItem","position":1,"name":"Home","item":"https:\/\/ultramagic.com\/es\/"},{"@type":"ListItem","position":2,"name":"Ballooning World","item":"https:\/\/ultramagic.com\/es\/ballooning-world\/"},{"@type":"ListItem","position":3,"name":"Sponsorship"}]},{"@type":"WebSite","@id":"https:\/\/ultramagic.com\/#website","url":"https:\/\/ultramagic.com\/","name":"Ultramagic","description":"All about hot air balloon advertising industry and history.Hot air balloon photos and pictures. Enjoy the hot air balloon experience from your home.","potentialAction":[{"@type":"SearchAction","target":{"@type":"EntryPoint","urlTemplate":"https:\/\/ultramagic.com\/?s={search_term_string}"},"query-input":"required name=search_term_string"}],"inLanguage":"es"}]}},"_links":{"self":[{"href":"https:\/\/ultramagic.com\/es\/wp-json\/wp\/v2\/pages\/8889"}],"collection":[{"href":"https:\/\/ultramagic.com\/es\/wp-json\/wp\/v2\/pages"}],"about":[{"href":"https:\/\/ultramagic.com\/es\/wp-json\/wp\/v2\/types\/page"}],"author":[{"embeddable":true,"href":"https:\/\/ultramagic.com\/es\/wp-json\/wp\/v2\/users\/1"}],"replies":[{"embeddable":true,"href":"https:\/\/ultramagic.com\/es\/wp-json\/wp\/v2\/comments?post=8889"}],"version-history":[{"count":2,"href":"https:\/\/ultramagic.com\/es\/wp-json\/wp\/v2\/pages\/8889\/revisions"}],"predecessor-version":[{"id":8891,"href":"https:\/\/ultramagic.com\/es\/wp-json\/wp\/v2\/pages\/8889\/revisions\/8891"}],"up":[{"embeddable":true,"href":"https:\/\/ultramagic.com\/es\/wp-json\/wp\/v2\/pages\/9027"}],"wp:attachment":[{"href":"https:\/\/ultramagic.com\/es\/wp-json\/wp\/v2\/media?parent=8889"}],"curies":[{"name":"wp","href":"https:\/\/api.w.org\/{rel}","templated":true}]}}