{"id":8874,"date":"2015-06-11T12:50:22","date_gmt":"2015-06-11T10:50:22","guid":{"rendered":"http:\/\/ultramagic.creagia.com\/es\/the-sports-of-adventure\/"},"modified":"2016-07-22T08:39:09","modified_gmt":"2016-07-22T06:39:09","slug":"deporte-de-aventura","status":"publish","type":"page","link":"https:\/\/ultramagic.com\/es\/ballooning-world\/deporte-de-aventura\/","title":{"rendered":"Deporte de aventura"},"content":{"rendered":"<h2>\u00bfQu\u00e9 es un globo de Aire Caliente?<\/h2>\n<p><img loading=\"lazy\" decoding=\"async\" class=\"alignright size-full wp-image-158\" src=\"http:\/\/ultramagic.com\/wp-content\/uploads\/2015\/06\/hot-air-ballon.jpg\" alt=\"hot-air-ballon\" width=\"316\" height=\"406\" srcset=\"https:\/\/ultramagic.com\/wp-content\/uploads\/2015\/06\/hot-air-ballon.jpg 316w, https:\/\/ultramagic.com\/wp-content\/uploads\/2015\/06\/hot-air-ballon-233x300.jpg 233w\" sizes=\"(max-width: 316px) 100vw, 316px\" \/>\u00abUn globo de aire caliente es un aerostato en el cual la fuerza de elevaci\u00f3n consiste en el aire caliente producido por un quemador de propano\u00bb.<\/p>\n<p>&nbsp;<\/p>\n<p>El globo de aire caliente es notablemente simple en su concepci\u00f3n y manejo. El primer globo de aire vol\u00f3 en 1783 en Par\u00eds usando los materiales disponibles en aquella \u00e9poca. Consisti\u00f3 en una gran bolsa para recoger el calor producido por un fuego en el suelo unida a una g\u00f3ndola para llevar a gente.<br \/>\nEl globo moderno de aire caliente consiste en tres partes principales: la vela (la bolsa grande), sistema de carburante (quemador con bastidor de carga y cilindros para el combustible) y finalmente una cesta de madera para llevar al piloto y a los pasajeros.<br \/>\nLas velas se hacen hoy en d\u00eda de tejido de poliamida altamente resistente capaz de soportar altas temperaturas reforzadas por cintas de carga de poli\u00e9ster. Estas cintas soportan las fuerzas gracias al cargamento y transmiten las fuerzas al bastidor de carga v\u00eda los alambres de acero inoxidable.<\/p>\n<p>El quemador es un alto dispositivo de salida para convertir el combustible (propano l\u00edquido) almacenado en los cilindros de combustible en energ\u00eda t\u00e9rmica. Las cestas o barquillas se dise\u00f1an y fabrican especialmente para soportar repetidos aterrizajes y proporcionan un ambiente protector natural.<\/p>\n<p>&nbsp;<\/p>\n<h2>\u00bfC\u00f3mo vuela?<\/h2>\n<p><img loading=\"lazy\" decoding=\"async\" class=\"alignright size-full wp-image-159\" src=\"http:\/\/ultramagic.com\/wp-content\/uploads\/2015\/06\/aventure.jpg\" alt=\"aventure\" width=\"293\" height=\"364\" srcset=\"https:\/\/ultramagic.com\/wp-content\/uploads\/2015\/06\/aventure.jpg 293w, https:\/\/ultramagic.com\/wp-content\/uploads\/2015\/06\/aventure-241x300.jpg 241w\" sizes=\"(max-width: 293px) 100vw, 293px\" \/>El aire caliente sube. La mayor\u00eda de la gente sabe esto y un globo de aire caliente se levanta porque tiene aire caliente atrapado dentro de la vela. Este aire caliente es m\u00e1s caliente que el aire de fuera de la vela y es por lo tanto menos denso. Esto significa que el aire dentro del globo es m\u00e1s ligero que el del exterior. Si tenemos bastante de este aire m\u00e1s ligero generado dentro de la vela, entonces el globo continuar\u00e1 levant\u00e1ndose. \u00a1Volar\u00e1! Cuanto m\u00e1s grande es el globo m\u00e1s caliente el aire que puede contener, mayor elevaci\u00f3n y mayor n\u00famero de gente puede llevar. Sin embargo, el aire dentro del globo se est\u00e1 refrescando continuamente que es por lo que necesita rellenarse todo el tiempo. Esta es la raz\u00f3n por la cual una fuente constante de calor se requiere en la forma de un quemador de propano para mantener el vuelo. Si la combusti\u00f3n se para, el globo dejar\u00e1 de ascender ya que la temperatura dentro del globo y el exterior llegan a ser similares. Por un per\u00edodo de tiempo corto el globo estar\u00e1 suspendido o en equilibrio. Despu\u00e9s de esto, sin m\u00e1s calor aplicado, el globo ir\u00e1 descendiendo suavemente.<\/p>\n<p>&nbsp;<\/p>\n<h2>\u00a1Aplique calor e ir\u00e1 para arriba! \u00a1Pare el calor e ir\u00e1 para abajo!<\/h2>\n<p>La parte de arriba de la vela tiene un gran agujero, que se sella con una v\u00e1lvula de tejido. Esta se mantiene en su lugar por la presi\u00f3n de dentro del globo. Esta v\u00e1lvula de tejido se parece a un paraca\u00eddas y por lo tanto se llama una v\u00e1lvula de paraca\u00eddas El piloto puede dejar salir el aire caliente fuera del globo controlando esta v\u00e1lvula con una cuerda cuando \u00e9l desee descender r\u00e1pidamente o aterrizar. Esta v\u00e1lvula vuelve a su lugar autom\u00e1ticamente cuando se deja la cuerda.<\/p>\n<p>&nbsp;<\/p>\n<h2 align=\"justify\">\u00bfPuede usted dirigir un globo?<\/h2>\n<p align=\"justify\">No, no en el sentido verdadero. Un globo viaja libremente con el viento. Sin embargo, las direcciones del viento var\u00edan en diversas altitudes. Encontrando estos vientos diversos yendo hacia arriba y hacia abajo, es posible que los pilotos experimentados los utilicen para maniobrar el globo con mucha habilidad.<\/p>\n<h2>\u00bfCu\u00e1ndo puede volar?<\/h2>\n<p align=\"justify\">Los globos de aire caliente funcionan mejor y con m\u00e1s seguridad cuando las condiciones atmosf\u00e9ricas del aire son secas y estables con vientos ligeros.<br \/>\nA primera hora de la ma\u00f1ana y de la tarde tienden a proporcionarse las mejores condiciones durante la mayor\u00eda del a\u00f1o puesto que durante el centro del d\u00eda el calor del sol genera termales que hacen el globo muy dif\u00edcil de controlar. Usted puede ver a menudo ejemplos de termal al ver grandes nubes hinchadas que se acumulan bien alto en el cielo. Los globos prefieren volar con vientos m\u00e1s ligeros y los pasajeros tambi\u00e9n. Los vientos son tambi\u00e9n generalmente m\u00e1s ligeros por la ma\u00f1ana y por la tarde. Ambas razones explican porqu\u00e9 usted ve raramente volar un globo durante el centro del d\u00eda. Sin embargo, en climas fr\u00edos de invierno cuando el tiempo est\u00e1 muy bien y estable, muy a menudo es posible volar durante la mayor\u00eda del d\u00eda debido a la carencia de actividad t\u00e9rmica.<\/p>\n<h2 align=\"justify\">\u00bfCu\u00e1n seguro es un globo?<\/h2>\n<p align=\"justify\">Generalmente se reconoce que la gente que vuela en un globo no est\u00e1 en mayor peligro que los que la siguen por tierra con un veh\u00edculo.<\/p>\n<p align=\"justify\">El vuelo en un globo de aire caliente es una de las formas m\u00e1s seguras de aviaci\u00f3n. Los controles y las regulaciones similares que se aplican al avi\u00f3n y a las l\u00edneas a\u00e9reas se aplican tambi\u00e9n a los globos de aire caliente. No se requiere que los pasajeros lleven paraca\u00eddas en la barquilla como no se requiere en un avi\u00f3n de pasajeros. La aerostaci\u00f3n es un deporte de aventura, no un deporte de peligro.<\/p>\n<p align=\"justify\">Un globo es un arte sencillo y simple con muy poco que pueda ir mal. Todos los art\u00edculos principales tienen un sistema de seguridad en caso de que fallen. Ultramagic, conducido por un equipo de ingenieros aeron\u00e1uticos experimentados, tiene los niveles m\u00e1s altos de aprobaciones de las autoridades de aviaci\u00f3n mundiales. El equipo pasa rigurosas pruebas durante la fabricaci\u00f3n. Es examinado regularmente por un inspector independiente de aviaci\u00f3n y recibe una inspecci\u00f3n pre-vuelo por el piloto antes de cada vuelo.<\/p>\n<p align=\"justify\">Los pilotos de globos pasan un proceso muy cuidadoso de entrenamiento y examinaci\u00f3n y como parte de este entrenamiento les ense\u00f1an que si el tiempo no es absolutamente conveniente para el vuelo, descarten llevarlo a cabo. La seguridad es la primera y m\u00e1s importante parte de la experiencia maravillosa de los globos de aire caliente.<\/p>\n<p>&nbsp;<\/p>\n<p><img loading=\"lazy\" decoding=\"async\" class=\"aligncenter size-full wp-image-160\" src=\"http:\/\/ultramagic.com\/wp-content\/uploads\/2015\/06\/aventure2.jpg\" alt=\"aventure2\" width=\"723\" height=\"302\" srcset=\"https:\/\/ultramagic.com\/wp-content\/uploads\/2015\/06\/aventure2.jpg 723w, https:\/\/ultramagic.com\/wp-content\/uploads\/2015\/06\/aventure2-300x125.jpg 300w\" sizes=\"(max-width: 723px) 100vw, 723px\" \/><\/p>\n<h2 align=\"justify\">\u00bfC\u00f3mo puedo comenzar en la aerostaci\u00f3n?<\/h2>\n<p align=\"justify\">Hay muchas maneras de llegar a estar implicado en la aerostaci\u00f3n de aire caliente. La aerostaci\u00f3n est\u00e1 muy reconocida como un deporte de equipo. Uno puede entrenarse para ser un piloto o mucha gente es simplemente feliz formando parte del equipo de un globo. Esto puede ser muy agradable en funci\u00f3n de la implicaci\u00f3n que se tenga y uno tambi\u00e9n experimenta todo el proceso de volar de principio a fin.<\/p>\n<p align=\"justify\">Un globo deportivo de tama\u00f1o medio requiere generalmente a cuatro personas para funcionar. Cuando el globo se infla en el suelo, el piloto pone en funcionamiento el quemador desde la cesta mientras que dos personas sostienen el globo abierto en la parte baja o boca que es como se llama. Tambi\u00e9n controlan el ventilador de tierra de inflaci\u00f3n. Otra persona del equipo frena el globo durante el proceso de inflaci\u00f3n con una cuerda que se une a la parte superior del globo. Uno o dos del equipo pueden entonces volar con el piloto mientras que el resto tiene que usar cuidadosamente sus habilidades para perseguir el globo por tierra en el veh\u00edculo.<\/p>\n<p align=\"justify\">Como usted puede imaginarse, la aerostaci\u00f3n puede tambi\u00e9n tener un lado social similar a muchos deportes de equipo. Los equipos hacen amigos y muy a menudo recorren diversas partes del pa\u00eds o, a\u00fan m\u00e1s, diversos pa\u00edses para volar con su globo.<\/p>\n<h2><\/h2>\n<p>&nbsp;<\/p>\n<p><iframe loading=\"lazy\" src=\"https:\/\/www.youtube.com\/embed\/wkV4LJ9q66s?rel=0\" width=\"560\" height=\"315\" frameborder=\"0\" allowfullscreen=\"allowfullscreen\"><\/iframe><\/p>\n<h2><\/h2>\n<h2 align=\"justify\">\u00bfEs dif\u00edcil convertirse en un piloto?<\/h2>\n<p align=\"justify\">\u00a1No! Para aquellas personas h\u00e1biles y resueltos, es posible ser piloto de globo en un per\u00edodo de tiempo muy corto.<\/p>\n<p align=\"justify\">Las regulaciones sobre el entrenamiento para piloto var\u00edan levemente dependiendo de la autoridad de aviaci\u00f3n responsable en cada pa\u00eds. P\u00f3ngase en contacto por favor con su distribuidor Ultramagic o nuestro servicio de atenci\u00f3n al cliente para saber los requisitos exactos en su pa\u00eds. Sin embargo, cada programa de entrenamiento requiere cierto n\u00famero de vuelos con una persona autorizada as\u00ed como estudiar para los ex\u00e1menes te\u00f3ricos. Una prueba de pr\u00e1ctica de vuelo y un vuelo a solas deben realizarse. Esto no debe ser desalentador visto como una experiencia en su totalidad muy directa a la vez que divertida.<\/p>\n<p align=\"justify\">Puede llevarle entre dos a doce meses sacarse su licencia privada de piloto para globos dependiendo de cu\u00e1nto tiempo pueda dedicar al entrenamiento, la disponibilidad de equipo que tenga y por supuesto de tener las condiciones atmosf\u00e9ricas convenientes durante el per\u00edodo de entrenamiento.<\/p>\n<p align=\"justify\">Las regulaciones adicionales pueden aplicarse a los requisitos de la licencia para la venta de vuelos a pasajeros o para volar comercialmente una vez obtenga su licencia. Su representante en\u00a0Ultramagic o nuestro servicio al cliente estar\u00e1 encantado de facilitarle mayor informaci\u00f3n as\u00ed como darle los detalles y costes de instructores y escuelas de formaci\u00f3n. En Ultramagic tenemos una escuela de formaci\u00f3n aprobada a nivel europeo, donde le podemos proporcionar cursos para la obtenci\u00f3n de la licencia europea. Si est\u00e1 interesado, puede enviar un email a ato@ultramagic.com<\/p>\n<h2 align=\"justify\">\u00bfCu\u00e1nto cuesta tener en globo?<\/h2>\n<p align=\"justify\">Los costes actuales var\u00edan mucho en funci\u00f3n de si va usted solo o en grupo.<\/p>\n<p align=\"justify\">El coste de un globo depende mucho del tama\u00f1o y especificaciones que elija. Es posible comprar un globo deportivo peque\u00f1o por unos 18.000 euros, que le dar\u00e1 muchos a\u00f1os de servicio, diversi\u00f3n y aventura. Por supuesto puede gastar mucho m\u00e1s si lo desea. El surtido de tama\u00f1os y tipos de globos es muy grande para satisfacer los requerimientos de cada piloto en particular. Se necesita un cami\u00f3n o furgoneta para transportar y guardar el equipo.<\/p>\n<p align=\"justify\">El coste del combustible para un vuelo de una hora puede resultar tan peque\u00f1o como una ronda de copas en un bar. No obstante, conviene llevar algo m\u00e1s de reserva que permita volar m\u00e1s de una hora.<br \/>\nEn la mayor\u00eda de pa\u00edses, se necesita un seguro para el globo y para los pasajeros. Gracias a la excelente seguridad de la aerostaci\u00f3n, este es mucho menor que el seguro de un coche deportivo. Al pagar una prima anual, cuanto m\u00e1s vuele, menor ser\u00e1 el coste por vuelo.<\/p>\n<h2 align=\"justify\"><strong><em><br \/>\n<\/em><\/strong>\u00bfSe pueden compartir los gastos?<\/h2>\n<p align=\"justify\">S\u00ed. La propiedad de un globo es ideal para un club similar a uno n\u00e1utico. Y como se requiere un peque\u00f1o equipo para volar en globo, un grupo de amigos o compa\u00f1eros de trabajo con los mismos intereses puede ser la base perfecta para el sindicato. De este modo los costes por persona se reducen considerablemente. Desde luego no necesita ser millonario para volar en un globo de aire caliente. Los costes tambi\u00e9n pueden compartirse ganando un patrocinador para su globo. Poniendo su nombre en un lado del globo, la empresa local o nacional puede obtener una fuente de publicidad tremenda mientras que usted tiene los costes altamente reducidos. Sin duda esta puede ser una manera muy pr\u00e1ctica para operar un globo.<\/p>\n","protected":false},"excerpt":{"rendered":"<p>\u00bfQu\u00e9 es un globo de Aire Caliente? \u00abUn globo de aire caliente es un aerostato en el cual la fuerza de elevaci\u00f3n consiste en el aire caliente producido por un quemador de propano\u00bb. &nbsp; El globo de aire caliente es notablemente simple en su concepci\u00f3n y manejo. El primer globo de aire vol\u00f3 en 1783 [&hellip;]<\/p>\n","protected":false},"author":1,"featured_media":0,"parent":9027,"menu_order":0,"comment_status":"closed","ping_status":"open","template":"page-fotos.php","meta":{"ngg_post_thumbnail":0,"footnotes":""},"yoast_head":"<!-- This site is optimized with the Yoast SEO plugin v22.7 - https:\/\/yoast.com\/wordpress\/plugins\/seo\/ -->\n<title>Deporte de aventura - Ultramagic<\/title>\n<meta name=\"robots\" content=\"index, follow, max-snippet:-1, max-image-preview:large, max-video-preview:-1\" \/>\n<link rel=\"canonical\" href=\"https:\/\/ultramagic.com\/es\/ballooning-world\/deporte-de-aventura\/\" \/>\n<meta property=\"og:locale\" content=\"es_ES\" \/>\n<meta property=\"og:type\" content=\"article\" \/>\n<meta property=\"og:title\" content=\"Deporte de aventura - Ultramagic\" \/>\n<meta property=\"og:description\" content=\"\u00bfQu\u00e9 es un globo de Aire Caliente? \u00abUn globo de aire caliente es un aerostato en el cual la fuerza de elevaci\u00f3n consiste en el aire caliente producido por un quemador de propano\u00bb. &nbsp; El globo de aire caliente es notablemente simple en su concepci\u00f3n y manejo. El primer globo de aire vol\u00f3 en 1783 [&hellip;]\" \/>\n<meta property=\"og:url\" content=\"https:\/\/ultramagic.com\/es\/ballooning-world\/deporte-de-aventura\/\" \/>\n<meta property=\"og:site_name\" content=\"Ultramagic\" \/>\n<meta property=\"article:publisher\" content=\"http:\/\/www.facebook.com\/ultramagicballons\" \/>\n<meta property=\"article:modified_time\" content=\"2016-07-22T06:39:09+00:00\" \/>\n<meta property=\"og:image\" content=\"http:\/\/ultramagic.com\/wp-content\/uploads\/2015\/06\/hot-air-ballon.jpg\" \/>\n<meta name=\"twitter:card\" content=\"summary_large_image\" \/>\n<meta name=\"twitter:site\" content=\"@umballoons\" \/>\n<meta name=\"twitter:label1\" content=\"Tiempo de lectura\" \/>\n\t<meta name=\"twitter:data1\" content=\"10 minutos\" \/>\n<script type=\"application\/ld+json\" class=\"yoast-schema-graph\">{\"@context\":\"https:\/\/schema.org\",\"@graph\":[{\"@type\":\"WebPage\",\"@id\":\"https:\/\/ultramagic.com\/es\/ballooning-world\/deporte-de-aventura\/\",\"url\":\"https:\/\/ultramagic.com\/es\/ballooning-world\/deporte-de-aventura\/\",\"name\":\"Deporte de aventura - Ultramagic\",\"isPartOf\":{\"@id\":\"https:\/\/ultramagic.com\/#website\"},\"primaryImageOfPage\":{\"@id\":\"https:\/\/ultramagic.com\/es\/ballooning-world\/deporte-de-aventura\/#primaryimage\"},\"image\":{\"@id\":\"https:\/\/ultramagic.com\/es\/ballooning-world\/deporte-de-aventura\/#primaryimage\"},\"thumbnailUrl\":\"http:\/\/ultramagic.com\/wp-content\/uploads\/2015\/06\/hot-air-ballon.jpg\",\"datePublished\":\"2015-06-11T10:50:22+00:00\",\"dateModified\":\"2016-07-22T06:39:09+00:00\",\"breadcrumb\":{\"@id\":\"https:\/\/ultramagic.com\/es\/ballooning-world\/deporte-de-aventura\/#breadcrumb\"},\"inLanguage\":\"es\",\"potentialAction\":[{\"@type\":\"ReadAction\",\"target\":[\"https:\/\/ultramagic.com\/es\/ballooning-world\/deporte-de-aventura\/\"]}]},{\"@type\":\"ImageObject\",\"inLanguage\":\"es\",\"@id\":\"https:\/\/ultramagic.com\/es\/ballooning-world\/deporte-de-aventura\/#primaryimage\",\"url\":\"http:\/\/ultramagic.com\/wp-content\/uploads\/2015\/06\/hot-air-ballon.jpg\",\"contentUrl\":\"http:\/\/ultramagic.com\/wp-content\/uploads\/2015\/06\/hot-air-ballon.jpg\"},{\"@type\":\"BreadcrumbList\",\"@id\":\"https:\/\/ultramagic.com\/es\/ballooning-world\/deporte-de-aventura\/#breadcrumb\",\"itemListElement\":[{\"@type\":\"ListItem\",\"position\":1,\"name\":\"Home\",\"item\":\"https:\/\/ultramagic.com\/es\/\"},{\"@type\":\"ListItem\",\"position\":2,\"name\":\"Ballooning World\",\"item\":\"https:\/\/ultramagic.com\/es\/ballooning-world\/\"},{\"@type\":\"ListItem\",\"position\":3,\"name\":\"Deporte de aventura\"}]},{\"@type\":\"WebSite\",\"@id\":\"https:\/\/ultramagic.com\/#website\",\"url\":\"https:\/\/ultramagic.com\/\",\"name\":\"Ultramagic\",\"description\":\"All about hot air balloon advertising industry and history.Hot air balloon photos and pictures. Enjoy the hot air balloon experience from your home.\",\"potentialAction\":[{\"@type\":\"SearchAction\",\"target\":{\"@type\":\"EntryPoint\",\"urlTemplate\":\"https:\/\/ultramagic.com\/?s={search_term_string}\"},\"query-input\":\"required name=search_term_string\"}],\"inLanguage\":\"es\"}]}<\/script>\n<!-- \/ Yoast SEO plugin. -->","yoast_head_json":{"title":"Deporte de aventura - Ultramagic","robots":{"index":"index","follow":"follow","max-snippet":"max-snippet:-1","max-image-preview":"max-image-preview:large","max-video-preview":"max-video-preview:-1"},"canonical":"https:\/\/ultramagic.com\/es\/ballooning-world\/deporte-de-aventura\/","og_locale":"es_ES","og_type":"article","og_title":"Deporte de aventura - Ultramagic","og_description":"\u00bfQu\u00e9 es un globo de Aire Caliente? \u00abUn globo de aire caliente es un aerostato en el cual la fuerza de elevaci\u00f3n consiste en el aire caliente producido por un quemador de propano\u00bb. &nbsp; El globo de aire caliente es notablemente simple en su concepci\u00f3n y manejo. El primer globo de aire vol\u00f3 en 1783 [&hellip;]","og_url":"https:\/\/ultramagic.com\/es\/ballooning-world\/deporte-de-aventura\/","og_site_name":"Ultramagic","article_publisher":"http:\/\/www.facebook.com\/ultramagicballons","article_modified_time":"2016-07-22T06:39:09+00:00","og_image":[{"url":"http:\/\/ultramagic.com\/wp-content\/uploads\/2015\/06\/hot-air-ballon.jpg"}],"twitter_card":"summary_large_image","twitter_site":"@umballoons","twitter_misc":{"Tiempo de lectura":"10 minutos"},"schema":{"@context":"https:\/\/schema.org","@graph":[{"@type":"WebPage","@id":"https:\/\/ultramagic.com\/es\/ballooning-world\/deporte-de-aventura\/","url":"https:\/\/ultramagic.com\/es\/ballooning-world\/deporte-de-aventura\/","name":"Deporte de aventura - Ultramagic","isPartOf":{"@id":"https:\/\/ultramagic.com\/#website"},"primaryImageOfPage":{"@id":"https:\/\/ultramagic.com\/es\/ballooning-world\/deporte-de-aventura\/#primaryimage"},"image":{"@id":"https:\/\/ultramagic.com\/es\/ballooning-world\/deporte-de-aventura\/#primaryimage"},"thumbnailUrl":"http:\/\/ultramagic.com\/wp-content\/uploads\/2015\/06\/hot-air-ballon.jpg","datePublished":"2015-06-11T10:50:22+00:00","dateModified":"2016-07-22T06:39:09+00:00","breadcrumb":{"@id":"https:\/\/ultramagic.com\/es\/ballooning-world\/deporte-de-aventura\/#breadcrumb"},"inLanguage":"es","potentialAction":[{"@type":"ReadAction","target":["https:\/\/ultramagic.com\/es\/ballooning-world\/deporte-de-aventura\/"]}]},{"@type":"ImageObject","inLanguage":"es","@id":"https:\/\/ultramagic.com\/es\/ballooning-world\/deporte-de-aventura\/#primaryimage","url":"http:\/\/ultramagic.com\/wp-content\/uploads\/2015\/06\/hot-air-ballon.jpg","contentUrl":"http:\/\/ultramagic.com\/wp-content\/uploads\/2015\/06\/hot-air-ballon.jpg"},{"@type":"BreadcrumbList","@id":"https:\/\/ultramagic.com\/es\/ballooning-world\/deporte-de-aventura\/#breadcrumb","itemListElement":[{"@type":"ListItem","position":1,"name":"Home","item":"https:\/\/ultramagic.com\/es\/"},{"@type":"ListItem","position":2,"name":"Ballooning World","item":"https:\/\/ultramagic.com\/es\/ballooning-world\/"},{"@type":"ListItem","position":3,"name":"Deporte de aventura"}]},{"@type":"WebSite","@id":"https:\/\/ultramagic.com\/#website","url":"https:\/\/ultramagic.com\/","name":"Ultramagic","description":"All about hot air balloon advertising industry and history.Hot air balloon photos and pictures. Enjoy the hot air balloon experience from your home.","potentialAction":[{"@type":"SearchAction","target":{"@type":"EntryPoint","urlTemplate":"https:\/\/ultramagic.com\/?s={search_term_string}"},"query-input":"required name=search_term_string"}],"inLanguage":"es"}]}},"_links":{"self":[{"href":"https:\/\/ultramagic.com\/es\/wp-json\/wp\/v2\/pages\/8874"}],"collection":[{"href":"https:\/\/ultramagic.com\/es\/wp-json\/wp\/v2\/pages"}],"about":[{"href":"https:\/\/ultramagic.com\/es\/wp-json\/wp\/v2\/types\/page"}],"author":[{"embeddable":true,"href":"https:\/\/ultramagic.com\/es\/wp-json\/wp\/v2\/users\/1"}],"replies":[{"embeddable":true,"href":"https:\/\/ultramagic.com\/es\/wp-json\/wp\/v2\/comments?post=8874"}],"version-history":[{"count":5,"href":"https:\/\/ultramagic.com\/es\/wp-json\/wp\/v2\/pages\/8874\/revisions"}],"predecessor-version":[{"id":10768,"href":"https:\/\/ultramagic.com\/es\/wp-json\/wp\/v2\/pages\/8874\/revisions\/10768"}],"up":[{"embeddable":true,"href":"https:\/\/ultramagic.com\/es\/wp-json\/wp\/v2\/pages\/9027"}],"wp:attachment":[{"href":"https:\/\/ultramagic.com\/es\/wp-json\/wp\/v2\/media?parent=8874"}],"curies":[{"name":"wp","href":"https:\/\/api.w.org\/{rel}","templated":true}]}}