{"id":7165,"date":"2016-03-25T17:03:45","date_gmt":"2016-03-25T16:03:45","guid":{"rendered":"http:\/\/ultramagic.creagia.com\/es\/?page_id=7165"},"modified":"2016-04-03T10:29:58","modified_gmt":"2016-04-03T08:29:58","slug":"gama-de-quemadores-mk-32","status":"publish","type":"page","link":"https:\/\/ultramagic.com\/es\/globos-aerostaticos\/quemadores\/gama-de-quemadores-mk-32\/","title":{"rendered":"GAMA QUEMADORES MK-32"},"content":{"rendered":"<h2>\u00a1El quemador que todos los pilotos han estado pidiendo!<\/h2>\n<p>Los quemadores Ultramagic son el resultado de m\u00e1s de 30 a\u00f1os de experiencia en dise\u00f1o y fabricaci\u00f3n.<\/p>\n<p>La gama de quemadores MK-32 de Ultramagic combina los mejores aspectos del c\u00e9lebre MK-21 con innovaciones del modelo Powerplus.<\/p>\n<p><img loading=\"lazy\" decoding=\"async\" class=\"alignright wp-image-7156\" src=\"http:\/\/ultramagic.com\/wp-content\/uploads\/2015\/07\/MK-32_Doble-162x300.jpg\" alt=\"MK-32_Doble\" width=\"200\" height=\"371\" srcset=\"https:\/\/ultramagic.com\/wp-content\/uploads\/2015\/07\/MK-32_Doble-162x300.jpg 162w, https:\/\/ultramagic.com\/wp-content\/uploads\/2015\/07\/MK-32_Doble-552x1024.jpg 552w\" sizes=\"(max-width: 200px) 100vw, 200px\" \/><\/p>\n<p>El quemador ha sido conceptualmente dise\u00f1ado por Paolo Bonanno y desarrollado con el equipo de ingenieros aeron\u00e1uticos de Ultramagic. Tras una larga fase previa de ensayos en condiciones extremas\u00a0 y certificaci\u00f3n, su producci\u00f3n se lleva a cabo en la f\u00e1brica Ultramagic. Como resultado, Ultramagic ofrece uno de los quemadores m\u00e1s potentes, seguros y ligeros del mercado.<\/p>\n<p>&nbsp;<\/p>\n<p>La ergonom\u00eda ha sido un requisito primordial durante el dise\u00f1o del quemador, con el fin de facilitar su operaci\u00f3n, la seguridad de su uso, y la comodidad para el piloto. A su vez, en todas las fases se ha considerado la facilidad de mantenimiento, combinada con la adici\u00f3n de mejoras y conceptos innovadores para asegurar unos vuelos m\u00e1s seguros y un uso comfortable.<\/p>\n<p>&nbsp;<\/p>\n<p>El MK-32 est\u00e1 disponible en las configuraciones doble, triple y cu\u00e1druple, personalizables todas ellas en cuanto a serpent\u00edn y llama piloto.<br \/>\n<img loading=\"lazy\" decoding=\"async\" class=\"alignright wp-image-7153\" src=\"http:\/\/ultramagic.com\/wp-content\/uploads\/2015\/07\/MK-32_Quadruple-283x300.jpg\" alt=\"MK-32_Quadruple\" width=\"250\" height=\"265\" \/><\/p>\n<p>&nbsp;<\/p>\n<p>&nbsp;<\/p>\n<p>La variedad de configuraciones del serpent\u00edn\u00a0est\u00e1n disponibles de la siguiente manera:<\/p>\n<ul>\n<li>Estilo jet + sistema de serpent\u00edn del MK-21 (simple, vers\u00e1til, silencioso pero potente).<\/li>\n<li>Efecto jet y serpent\u00edn Bonanno Coanda (a\u00fan m\u00e1s silencioso, con respuesta mejorada para bajas presiones).<\/li>\n<li>Serpent\u00edn de alta potencia, en desarrollo y ensayo.<\/li>\n<\/ul>\n<p>&nbsp;<\/p>\n<p><strong>El quemador MK-32. Caracter\u00edsticas exclusivas.<\/strong><\/p>\n<ul>\n<li>La maneta de la v\u00e1lvula l\u00edquida\/silenciosa y la maneta principal pueden ser accionadas simult\u00e1neamente con una sola mano, cosa que permite al piloto disponer de toda la potencia de forma intuitiva y sencilla<\/li>\n<li>Incorporaci\u00f3n de un innovador precalentador de combustible para la llama piloto l\u00edquida, que evita problemas de acumulaci\u00f3n de aceite y sedimentos ante el uso de combustibles sucios o de mala calidad.<\/li>\n<li>Mejora del alineado de las mangueras, d\u00e1ndoles un \u00e1ngulo de 45\u00ba para evitar curvaturas innecesarias. Asimismo, se incorporan codos en ciertas disposiciones en funci\u00f3n del cuadro de soporte.<\/li>\n<li>A modo accesorio, Ultramagic ofrece un control remoto hidr\u00e1ulico de f\u00e1cil instalaci\u00f3n y manejo.<\/li>\n<li>El dise\u00f1o permite el montaje del quemador en cuadros de soporte antiguos, fabricados para acomodar modelos previos de MK-21.<\/li>\n<\/ul>\n<p><strong>Facilidad de mantener y reparar. <\/strong><\/p>\n<ul>\n<li>Todos los sistemas se han dispuesto en m\u00f3dulos. Eso permite una f\u00e1cil inspecci\u00f3n, sustituci\u00f3n y diagn\u00f3stico frente a problemas.<\/li>\n<li>Unificaci\u00f3n de dise\u00f1o: se ha evitado el uso de dise\u00f1os distintos en funci\u00f3n del lado (derecho e izquierdo). Con ello se abarata el mantenimiento, la identificaci\u00f3n de repuestos, y se evitan posibles errores en el mantenimiento.<\/li>\n<li>Se han unificado los elementos de sujeci\u00f3n y fijaci\u00f3n (tornillos, etc), de modo que con pocas herramientas est\u00e1ndar se pueda realizar el mantenimiento m\u00e1s frecuente.<\/li>\n<li>El nuevo dise\u00f1o permite una f\u00e1cil extracci\u00f3n del\u00a0 conjunto de llama piloto entero, permitiendo as\u00ed una inspecci\u00f3n, limpieza y lubricaci\u00f3n m\u00e1s c\u00f3moda.<\/li>\n<li>Se han sustituido las tuercas tradicionales por tuercas remachadas, a modo de facilitar el montaje y reducir la necesidad de herramientas.<\/li>\n<\/ul>\n<h2>ULTRAMAGIC MK-32 \u00a0\u2013 L\u00edder en innovaci\u00f3n para globos<\/h2>\n","protected":false},"excerpt":{"rendered":"<p>\u00a1El quemador que todos los pilotos han estado pidiendo! Los quemadores Ultramagic son el resultado de m\u00e1s de 30 a\u00f1os de experiencia en dise\u00f1o y fabricaci\u00f3n. La gama de quemadores MK-32 de Ultramagic combina los mejores aspectos del c\u00e9lebre MK-21 con innovaciones del modelo Powerplus. El quemador ha sido conceptualmente dise\u00f1ado por Paolo Bonanno y [&hellip;]<\/p>\n","protected":false},"author":2,"featured_media":10488,"parent":9590,"menu_order":0,"comment_status":"closed","ping_status":"open","template":"page-globus-fill.php","meta":{"ngg_post_thumbnail":0,"footnotes":""},"yoast_head":"<!-- This site is optimized with the Yoast SEO plugin v22.7 - https:\/\/yoast.com\/wordpress\/plugins\/seo\/ -->\n<title>GAMA QUEMADORES MK-32 - Ultramagic<\/title>\n<meta name=\"robots\" content=\"index, follow, max-snippet:-1, max-image-preview:large, max-video-preview:-1\" \/>\n<link rel=\"canonical\" href=\"https:\/\/ultramagic.com\/es\/globos-aerostaticos\/quemadores\/gama-de-quemadores-mk-32\/\" \/>\n<meta property=\"og:locale\" content=\"es_ES\" \/>\n<meta property=\"og:type\" content=\"article\" \/>\n<meta property=\"og:title\" content=\"GAMA QUEMADORES MK-32 - Ultramagic\" \/>\n<meta property=\"og:description\" content=\"\u00a1El quemador que todos los pilotos han estado pidiendo! Los quemadores Ultramagic son el resultado de m\u00e1s de 30 a\u00f1os de experiencia en dise\u00f1o y fabricaci\u00f3n. La gama de quemadores MK-32 de Ultramagic combina los mejores aspectos del c\u00e9lebre MK-21 con innovaciones del modelo Powerplus. El quemador ha sido conceptualmente dise\u00f1ado por Paolo Bonanno y [&hellip;]\" \/>\n<meta property=\"og:url\" content=\"https:\/\/ultramagic.com\/es\/globos-aerostaticos\/quemadores\/gama-de-quemadores-mk-32\/\" \/>\n<meta property=\"og:site_name\" content=\"Ultramagic\" \/>\n<meta property=\"article:publisher\" content=\"http:\/\/www.facebook.com\/ultramagicballons\" \/>\n<meta property=\"article:modified_time\" content=\"2016-04-03T08:29:58+00:00\" \/>\n<meta property=\"og:image\" content=\"https:\/\/ultramagic.com\/wp-content\/uploads\/2015\/07\/mk-32.jpg\" \/>\n\t<meta property=\"og:image:width\" content=\"500\" \/>\n\t<meta property=\"og:image:height\" content=\"529\" \/>\n\t<meta property=\"og:image:type\" content=\"image\/jpeg\" \/>\n<meta name=\"twitter:card\" content=\"summary_large_image\" \/>\n<meta name=\"twitter:site\" content=\"@umballoons\" \/>\n<meta name=\"twitter:label1\" content=\"Tiempo de lectura\" \/>\n\t<meta name=\"twitter:data1\" content=\"3 minutos\" \/>\n<script type=\"application\/ld+json\" class=\"yoast-schema-graph\">{\"@context\":\"https:\/\/schema.org\",\"@graph\":[{\"@type\":\"WebPage\",\"@id\":\"https:\/\/ultramagic.com\/es\/globos-aerostaticos\/quemadores\/gama-de-quemadores-mk-32\/\",\"url\":\"https:\/\/ultramagic.com\/es\/globos-aerostaticos\/quemadores\/gama-de-quemadores-mk-32\/\",\"name\":\"GAMA QUEMADORES MK-32 - Ultramagic\",\"isPartOf\":{\"@id\":\"https:\/\/ultramagic.com\/#website\"},\"primaryImageOfPage\":{\"@id\":\"https:\/\/ultramagic.com\/es\/globos-aerostaticos\/quemadores\/gama-de-quemadores-mk-32\/#primaryimage\"},\"image\":{\"@id\":\"https:\/\/ultramagic.com\/es\/globos-aerostaticos\/quemadores\/gama-de-quemadores-mk-32\/#primaryimage\"},\"thumbnailUrl\":\"https:\/\/ultramagic.com\/wp-content\/uploads\/2015\/07\/mk-32.jpg\",\"datePublished\":\"2016-03-25T16:03:45+00:00\",\"dateModified\":\"2016-04-03T08:29:58+00:00\",\"breadcrumb\":{\"@id\":\"https:\/\/ultramagic.com\/es\/globos-aerostaticos\/quemadores\/gama-de-quemadores-mk-32\/#breadcrumb\"},\"inLanguage\":\"es\",\"potentialAction\":[{\"@type\":\"ReadAction\",\"target\":[\"https:\/\/ultramagic.com\/es\/globos-aerostaticos\/quemadores\/gama-de-quemadores-mk-32\/\"]}]},{\"@type\":\"ImageObject\",\"inLanguage\":\"es\",\"@id\":\"https:\/\/ultramagic.com\/es\/globos-aerostaticos\/quemadores\/gama-de-quemadores-mk-32\/#primaryimage\",\"url\":\"https:\/\/ultramagic.com\/wp-content\/uploads\/2015\/07\/mk-32.jpg\",\"contentUrl\":\"https:\/\/ultramagic.com\/wp-content\/uploads\/2015\/07\/mk-32.jpg\",\"width\":500,\"height\":529},{\"@type\":\"BreadcrumbList\",\"@id\":\"https:\/\/ultramagic.com\/es\/globos-aerostaticos\/quemadores\/gama-de-quemadores-mk-32\/#breadcrumb\",\"itemListElement\":[{\"@type\":\"ListItem\",\"position\":1,\"name\":\"Home\",\"item\":\"https:\/\/ultramagic.com\/es\/\"},{\"@type\":\"ListItem\",\"position\":2,\"name\":\"Globos aerost\u00e1ticos\",\"item\":\"https:\/\/ultramagic.com\/hot-air-balloons\/\"},{\"@type\":\"ListItem\",\"position\":3,\"name\":\"Quemadores\",\"item\":\"https:\/\/ultramagic.com\/hot-air-balloons\/burners\/\"},{\"@type\":\"ListItem\",\"position\":4,\"name\":\"GAMA QUEMADORES MK-32\"}]},{\"@type\":\"WebSite\",\"@id\":\"https:\/\/ultramagic.com\/#website\",\"url\":\"https:\/\/ultramagic.com\/\",\"name\":\"Ultramagic\",\"description\":\"All about hot air balloon advertising industry and history.Hot air balloon photos and pictures. Enjoy the hot air balloon experience from your home.\",\"potentialAction\":[{\"@type\":\"SearchAction\",\"target\":{\"@type\":\"EntryPoint\",\"urlTemplate\":\"https:\/\/ultramagic.com\/?s={search_term_string}\"},\"query-input\":\"required name=search_term_string\"}],\"inLanguage\":\"es\"}]}<\/script>\n<!-- \/ Yoast SEO plugin. -->","yoast_head_json":{"title":"GAMA QUEMADORES MK-32 - Ultramagic","robots":{"index":"index","follow":"follow","max-snippet":"max-snippet:-1","max-image-preview":"max-image-preview:large","max-video-preview":"max-video-preview:-1"},"canonical":"https:\/\/ultramagic.com\/es\/globos-aerostaticos\/quemadores\/gama-de-quemadores-mk-32\/","og_locale":"es_ES","og_type":"article","og_title":"GAMA QUEMADORES MK-32 - Ultramagic","og_description":"\u00a1El quemador que todos los pilotos han estado pidiendo! Los quemadores Ultramagic son el resultado de m\u00e1s de 30 a\u00f1os de experiencia en dise\u00f1o y fabricaci\u00f3n. La gama de quemadores MK-32 de Ultramagic combina los mejores aspectos del c\u00e9lebre MK-21 con innovaciones del modelo Powerplus. El quemador ha sido conceptualmente dise\u00f1ado por Paolo Bonanno y [&hellip;]","og_url":"https:\/\/ultramagic.com\/es\/globos-aerostaticos\/quemadores\/gama-de-quemadores-mk-32\/","og_site_name":"Ultramagic","article_publisher":"http:\/\/www.facebook.com\/ultramagicballons","article_modified_time":"2016-04-03T08:29:58+00:00","og_image":[{"width":500,"height":529,"url":"https:\/\/ultramagic.com\/wp-content\/uploads\/2015\/07\/mk-32.jpg","type":"image\/jpeg"}],"twitter_card":"summary_large_image","twitter_site":"@umballoons","twitter_misc":{"Tiempo de lectura":"3 minutos"},"schema":{"@context":"https:\/\/schema.org","@graph":[{"@type":"WebPage","@id":"https:\/\/ultramagic.com\/es\/globos-aerostaticos\/quemadores\/gama-de-quemadores-mk-32\/","url":"https:\/\/ultramagic.com\/es\/globos-aerostaticos\/quemadores\/gama-de-quemadores-mk-32\/","name":"GAMA QUEMADORES MK-32 - Ultramagic","isPartOf":{"@id":"https:\/\/ultramagic.com\/#website"},"primaryImageOfPage":{"@id":"https:\/\/ultramagic.com\/es\/globos-aerostaticos\/quemadores\/gama-de-quemadores-mk-32\/#primaryimage"},"image":{"@id":"https:\/\/ultramagic.com\/es\/globos-aerostaticos\/quemadores\/gama-de-quemadores-mk-32\/#primaryimage"},"thumbnailUrl":"https:\/\/ultramagic.com\/wp-content\/uploads\/2015\/07\/mk-32.jpg","datePublished":"2016-03-25T16:03:45+00:00","dateModified":"2016-04-03T08:29:58+00:00","breadcrumb":{"@id":"https:\/\/ultramagic.com\/es\/globos-aerostaticos\/quemadores\/gama-de-quemadores-mk-32\/#breadcrumb"},"inLanguage":"es","potentialAction":[{"@type":"ReadAction","target":["https:\/\/ultramagic.com\/es\/globos-aerostaticos\/quemadores\/gama-de-quemadores-mk-32\/"]}]},{"@type":"ImageObject","inLanguage":"es","@id":"https:\/\/ultramagic.com\/es\/globos-aerostaticos\/quemadores\/gama-de-quemadores-mk-32\/#primaryimage","url":"https:\/\/ultramagic.com\/wp-content\/uploads\/2015\/07\/mk-32.jpg","contentUrl":"https:\/\/ultramagic.com\/wp-content\/uploads\/2015\/07\/mk-32.jpg","width":500,"height":529},{"@type":"BreadcrumbList","@id":"https:\/\/ultramagic.com\/es\/globos-aerostaticos\/quemadores\/gama-de-quemadores-mk-32\/#breadcrumb","itemListElement":[{"@type":"ListItem","position":1,"name":"Home","item":"https:\/\/ultramagic.com\/es\/"},{"@type":"ListItem","position":2,"name":"Globos aerost\u00e1ticos","item":"https:\/\/ultramagic.com\/hot-air-balloons\/"},{"@type":"ListItem","position":3,"name":"Quemadores","item":"https:\/\/ultramagic.com\/hot-air-balloons\/burners\/"},{"@type":"ListItem","position":4,"name":"GAMA QUEMADORES MK-32"}]},{"@type":"WebSite","@id":"https:\/\/ultramagic.com\/#website","url":"https:\/\/ultramagic.com\/","name":"Ultramagic","description":"All about hot air balloon advertising industry and history.Hot air balloon photos and pictures. Enjoy the hot air balloon experience from your home.","potentialAction":[{"@type":"SearchAction","target":{"@type":"EntryPoint","urlTemplate":"https:\/\/ultramagic.com\/?s={search_term_string}"},"query-input":"required name=search_term_string"}],"inLanguage":"es"}]}},"_links":{"self":[{"href":"https:\/\/ultramagic.com\/es\/wp-json\/wp\/v2\/pages\/7165"}],"collection":[{"href":"https:\/\/ultramagic.com\/es\/wp-json\/wp\/v2\/pages"}],"about":[{"href":"https:\/\/ultramagic.com\/es\/wp-json\/wp\/v2\/types\/page"}],"author":[{"embeddable":true,"href":"https:\/\/ultramagic.com\/es\/wp-json\/wp\/v2\/users\/2"}],"replies":[{"embeddable":true,"href":"https:\/\/ultramagic.com\/es\/wp-json\/wp\/v2\/comments?post=7165"}],"version-history":[{"count":4,"href":"https:\/\/ultramagic.com\/es\/wp-json\/wp\/v2\/pages\/7165\/revisions"}],"predecessor-version":[{"id":9389,"href":"https:\/\/ultramagic.com\/es\/wp-json\/wp\/v2\/pages\/7165\/revisions\/9389"}],"up":[{"embeddable":true,"href":"https:\/\/ultramagic.com\/es\/wp-json\/wp\/v2\/pages\/9590"}],"wp:featuredmedia":[{"embeddable":true,"href":"https:\/\/ultramagic.com\/es\/wp-json\/wp\/v2\/media\/10488"}],"wp:attachment":[{"href":"https:\/\/ultramagic.com\/es\/wp-json\/wp\/v2\/media?parent=7165"}],"curies":[{"name":"wp","href":"https:\/\/api.w.org\/{rel}","templated":true}]}}