{"id":6829,"date":"2015-06-11T12:43:01","date_gmt":"2015-06-11T10:43:01","guid":{"rendered":"http:\/\/ultramagic.creagia.com\/es\/portada\/history\/"},"modified":"2022-08-05T19:43:26","modified_gmt":"2022-08-05T17:43:26","slug":"historia","status":"publish","type":"page","link":"https:\/\/ultramagic.com\/es\/globos\/historia\/","title":{"rendered":"Historia"},"content":{"rendered":"<h2>M\u00e1s de 40 a\u00f1os de experiencia en globos. Una pincelada de nuestra historia.<\/h2>\n<p><img loading=\"lazy\" decoding=\"async\" class=\"alignright wp-image-208 \" src=\"http:\/\/ultramagic.com\/wp-content\/uploads\/2015\/06\/tramuntana-balloon-240x300.jpg\" alt=\"tramuntana-balloon\" width=\"391\" height=\"489\" srcset=\"https:\/\/ultramagic.com\/wp-content\/uploads\/2015\/06\/tramuntana-balloon-240x300.jpg 240w, https:\/\/ultramagic.com\/wp-content\/uploads\/2015\/06\/tramuntana-balloon.jpg 769w\" sizes=\"(max-width: 391px) 100vw, 391px\" \/><\/p>\n<p>Empezamos a volar en globo en 1978 con uno ya usado. Justo despu\u00e9s de esto dise\u00f1amos y construimos nuestro propio globo para una expedici\u00f3n a \u00c1frica. Este viaje, en 1980, dur\u00f3 11 meses, implic\u00f3 40 vuelos y fue desde Zanzibar (Tanzania) hasta Kisiangani (Zaire). A esta aventura fuimos Josep M Llad\u00f3, Jaume Llansana y Joan Comellas. Despu\u00e9s de este viaje empezamos a dise\u00f1ar y construir una aeronave ultraligera y creamos Ultramagic S.A. Sin embargo, durante el per\u00edodo Ultraligero, las noticias hab\u00edan expandido nuestra aventura en globo por \u00c1frica y mucha m\u00e1s gente empez\u00f3 a pedirnos que les fabricasemos uno.<\/p>\n<p>&nbsp;<\/p>\n<p>Teniendo la experiencia de fabricar globos, las m\u00e1quinas de coser y la organizaci\u00f3n Aeron\u00e1utica, por razones estrat\u00e9gicas, Ultraligeros Ultramagic se convirti\u00f3 en Globos Ultramagic. Esto fue el principio de una larga historia y ahora ya hemos hecho miles de globos que operan en todo el mundo.<\/p>\n<p>&nbsp;<\/p>\n<p>La producci\u00f3n anual ha crecido hasta entre 80 y 100 globos, aproximadamente el 80% de ellos para exportar por todo el planeta incluyendo Jap\u00f3n, Am\u00e9rica del Norte, Sudam\u00e9rica, Europa y por supuesto, donde empez\u00f3 todo, \u00c1frica. Globos Ultramagic se ha establecido ahora como <strong><em>l\u00edder<\/em><\/strong> en dise\u00f1o y fabricaci\u00f3n de globos, y es una de las f\u00e1bricas m\u00e1s grandes de manufactura de este tipo. En 1993 empezamos una l\u00ednea para inflables de aire fr\u00edo que se hizo famosa r\u00e1pidamente, habiendo construido unos 4000 a d\u00eda de hoy. La producci\u00f3n anual de inflables se sit\u00faa en una media de 250 unidades.<\/p>\n<p>&nbsp;<\/p>\n<p>El negocio ha ido creciendo a\u00f1o tras a\u00f1o, paso a paso, para dar cabida a su \u00e9xito. Ahora somos m\u00e1s de 50 personas cualificadas y dedicadas trabajando con un \u00fanico prop\u00f3sito, hacer crecer la f\u00e1brica y tener una red mundial de distribuidores que ofrecen soporte a todos los clientes.<\/p>\n","protected":false},"excerpt":{"rendered":"<p>M\u00e1s de 40 a\u00f1os de experiencia en globos. Una pincelada de nuestra historia. Empezamos a volar en globo en 1978 con uno ya usado. Justo despu\u00e9s de esto dise\u00f1amos y construimos nuestro propio globo para una expedici\u00f3n a \u00c1frica. Este viaje, en 1980, dur\u00f3 11 meses, implic\u00f3 40 vuelos y fue desde Zanzibar (Tanzania) hasta [&hellip;]<\/p>\n","protected":false},"author":1,"featured_media":0,"parent":11,"menu_order":0,"comment_status":"closed","ping_status":"open","template":"page-fotos.php","meta":{"ngg_post_thumbnail":0,"footnotes":""},"yoast_head":"<!-- This site is optimized with the Yoast SEO plugin v22.7 - https:\/\/yoast.com\/wordpress\/plugins\/seo\/ -->\n<title>Historia - Ultramagic<\/title>\n<meta name=\"robots\" content=\"index, follow, max-snippet:-1, max-image-preview:large, max-video-preview:-1\" \/>\n<link rel=\"canonical\" href=\"https:\/\/ultramagic.com\/innovative-hot-air-balloon-manufacturer\/history\/\" \/>\n<meta property=\"og:locale\" content=\"es_ES\" \/>\n<meta property=\"og:type\" content=\"article\" \/>\n<meta property=\"og:title\" content=\"Historia - Ultramagic\" \/>\n<meta property=\"og:description\" content=\"M\u00e1s de 40 a\u00f1os de experiencia en globos. Una pincelada de nuestra historia. Empezamos a volar en globo en 1978 con uno ya usado. Justo despu\u00e9s de esto dise\u00f1amos y construimos nuestro propio globo para una expedici\u00f3n a \u00c1frica. Este viaje, en 1980, dur\u00f3 11 meses, implic\u00f3 40 vuelos y fue desde Zanzibar (Tanzania) hasta [&hellip;]\" \/>\n<meta property=\"og:url\" content=\"https:\/\/ultramagic.com\/innovative-hot-air-balloon-manufacturer\/history\/\" \/>\n<meta property=\"og:site_name\" content=\"Ultramagic\" \/>\n<meta property=\"article:publisher\" content=\"http:\/\/www.facebook.com\/ultramagicballons\" \/>\n<meta property=\"article:modified_time\" content=\"2022-08-05T17:43:26+00:00\" \/>\n<meta property=\"og:image\" content=\"http:\/\/ultramagic.com\/wp-content\/uploads\/2015\/06\/tramuntana-balloon-240x300.jpg\" \/>\n<meta name=\"twitter:card\" content=\"summary_large_image\" \/>\n<meta name=\"twitter:site\" content=\"@umballoons\" \/>\n<meta name=\"twitter:label1\" content=\"Tiempo de lectura\" \/>\n\t<meta name=\"twitter:data1\" content=\"2 minutos\" \/>\n<script type=\"application\/ld+json\" class=\"yoast-schema-graph\">{\"@context\":\"https:\/\/schema.org\",\"@graph\":[{\"@type\":\"WebPage\",\"@id\":\"https:\/\/ultramagic.com\/innovative-hot-air-balloon-manufacturer\/history\/\",\"url\":\"https:\/\/ultramagic.com\/innovative-hot-air-balloon-manufacturer\/history\/\",\"name\":\"Historia - Ultramagic\",\"isPartOf\":{\"@id\":\"https:\/\/ultramagic.com\/#website\"},\"primaryImageOfPage\":{\"@id\":\"https:\/\/ultramagic.com\/innovative-hot-air-balloon-manufacturer\/history\/#primaryimage\"},\"image\":{\"@id\":\"https:\/\/ultramagic.com\/innovative-hot-air-balloon-manufacturer\/history\/#primaryimage\"},\"thumbnailUrl\":\"http:\/\/ultramagic.com\/wp-content\/uploads\/2015\/06\/tramuntana-balloon-240x300.jpg\",\"datePublished\":\"2015-06-11T10:43:01+00:00\",\"dateModified\":\"2022-08-05T17:43:26+00:00\",\"breadcrumb\":{\"@id\":\"https:\/\/ultramagic.com\/innovative-hot-air-balloon-manufacturer\/history\/#breadcrumb\"},\"inLanguage\":\"es\",\"potentialAction\":[{\"@type\":\"ReadAction\",\"target\":[\"https:\/\/ultramagic.com\/innovative-hot-air-balloon-manufacturer\/history\/\"]}]},{\"@type\":\"ImageObject\",\"inLanguage\":\"es\",\"@id\":\"https:\/\/ultramagic.com\/innovative-hot-air-balloon-manufacturer\/history\/#primaryimage\",\"url\":\"http:\/\/ultramagic.com\/wp-content\/uploads\/2015\/06\/tramuntana-balloon-240x300.jpg\",\"contentUrl\":\"http:\/\/ultramagic.com\/wp-content\/uploads\/2015\/06\/tramuntana-balloon-240x300.jpg\"},{\"@type\":\"BreadcrumbList\",\"@id\":\"https:\/\/ultramagic.com\/innovative-hot-air-balloon-manufacturer\/history\/#breadcrumb\",\"itemListElement\":[{\"@type\":\"ListItem\",\"position\":1,\"name\":\"Home\",\"item\":\"https:\/\/ultramagic.com\/es\/\"},{\"@type\":\"ListItem\",\"position\":2,\"name\":\"El fabricante de globos m\u00e1s innovador\",\"item\":\"https:\/\/ultramagic.com\/es\/\"},{\"@type\":\"ListItem\",\"position\":3,\"name\":\"Historia\"}]},{\"@type\":\"WebSite\",\"@id\":\"https:\/\/ultramagic.com\/#website\",\"url\":\"https:\/\/ultramagic.com\/\",\"name\":\"Ultramagic\",\"description\":\"All about hot air balloon advertising industry and history.Hot air balloon photos and pictures. Enjoy the hot air balloon experience from your home.\",\"potentialAction\":[{\"@type\":\"SearchAction\",\"target\":{\"@type\":\"EntryPoint\",\"urlTemplate\":\"https:\/\/ultramagic.com\/?s={search_term_string}\"},\"query-input\":\"required name=search_term_string\"}],\"inLanguage\":\"es\"}]}<\/script>\n<!-- \/ Yoast SEO plugin. -->","yoast_head_json":{"title":"Historia - Ultramagic","robots":{"index":"index","follow":"follow","max-snippet":"max-snippet:-1","max-image-preview":"max-image-preview:large","max-video-preview":"max-video-preview:-1"},"canonical":"https:\/\/ultramagic.com\/innovative-hot-air-balloon-manufacturer\/history\/","og_locale":"es_ES","og_type":"article","og_title":"Historia - Ultramagic","og_description":"M\u00e1s de 40 a\u00f1os de experiencia en globos. Una pincelada de nuestra historia. Empezamos a volar en globo en 1978 con uno ya usado. Justo despu\u00e9s de esto dise\u00f1amos y construimos nuestro propio globo para una expedici\u00f3n a \u00c1frica. Este viaje, en 1980, dur\u00f3 11 meses, implic\u00f3 40 vuelos y fue desde Zanzibar (Tanzania) hasta [&hellip;]","og_url":"https:\/\/ultramagic.com\/innovative-hot-air-balloon-manufacturer\/history\/","og_site_name":"Ultramagic","article_publisher":"http:\/\/www.facebook.com\/ultramagicballons","article_modified_time":"2022-08-05T17:43:26+00:00","og_image":[{"url":"http:\/\/ultramagic.com\/wp-content\/uploads\/2015\/06\/tramuntana-balloon-240x300.jpg"}],"twitter_card":"summary_large_image","twitter_site":"@umballoons","twitter_misc":{"Tiempo de lectura":"2 minutos"},"schema":{"@context":"https:\/\/schema.org","@graph":[{"@type":"WebPage","@id":"https:\/\/ultramagic.com\/innovative-hot-air-balloon-manufacturer\/history\/","url":"https:\/\/ultramagic.com\/innovative-hot-air-balloon-manufacturer\/history\/","name":"Historia - Ultramagic","isPartOf":{"@id":"https:\/\/ultramagic.com\/#website"},"primaryImageOfPage":{"@id":"https:\/\/ultramagic.com\/innovative-hot-air-balloon-manufacturer\/history\/#primaryimage"},"image":{"@id":"https:\/\/ultramagic.com\/innovative-hot-air-balloon-manufacturer\/history\/#primaryimage"},"thumbnailUrl":"http:\/\/ultramagic.com\/wp-content\/uploads\/2015\/06\/tramuntana-balloon-240x300.jpg","datePublished":"2015-06-11T10:43:01+00:00","dateModified":"2022-08-05T17:43:26+00:00","breadcrumb":{"@id":"https:\/\/ultramagic.com\/innovative-hot-air-balloon-manufacturer\/history\/#breadcrumb"},"inLanguage":"es","potentialAction":[{"@type":"ReadAction","target":["https:\/\/ultramagic.com\/innovative-hot-air-balloon-manufacturer\/history\/"]}]},{"@type":"ImageObject","inLanguage":"es","@id":"https:\/\/ultramagic.com\/innovative-hot-air-balloon-manufacturer\/history\/#primaryimage","url":"http:\/\/ultramagic.com\/wp-content\/uploads\/2015\/06\/tramuntana-balloon-240x300.jpg","contentUrl":"http:\/\/ultramagic.com\/wp-content\/uploads\/2015\/06\/tramuntana-balloon-240x300.jpg"},{"@type":"BreadcrumbList","@id":"https:\/\/ultramagic.com\/innovative-hot-air-balloon-manufacturer\/history\/#breadcrumb","itemListElement":[{"@type":"ListItem","position":1,"name":"Home","item":"https:\/\/ultramagic.com\/es\/"},{"@type":"ListItem","position":2,"name":"El fabricante de globos m\u00e1s innovador","item":"https:\/\/ultramagic.com\/es\/"},{"@type":"ListItem","position":3,"name":"Historia"}]},{"@type":"WebSite","@id":"https:\/\/ultramagic.com\/#website","url":"https:\/\/ultramagic.com\/","name":"Ultramagic","description":"All about hot air balloon advertising industry and history.Hot air balloon photos and pictures. Enjoy the hot air balloon experience from your home.","potentialAction":[{"@type":"SearchAction","target":{"@type":"EntryPoint","urlTemplate":"https:\/\/ultramagic.com\/?s={search_term_string}"},"query-input":"required name=search_term_string"}],"inLanguage":"es"}]}},"_links":{"self":[{"href":"https:\/\/ultramagic.com\/es\/wp-json\/wp\/v2\/pages\/6829"}],"collection":[{"href":"https:\/\/ultramagic.com\/es\/wp-json\/wp\/v2\/pages"}],"about":[{"href":"https:\/\/ultramagic.com\/es\/wp-json\/wp\/v2\/types\/page"}],"author":[{"embeddable":true,"href":"https:\/\/ultramagic.com\/es\/wp-json\/wp\/v2\/users\/1"}],"replies":[{"embeddable":true,"href":"https:\/\/ultramagic.com\/es\/wp-json\/wp\/v2\/comments?post=6829"}],"version-history":[{"count":10,"href":"https:\/\/ultramagic.com\/es\/wp-json\/wp\/v2\/pages\/6829\/revisions"}],"predecessor-version":[{"id":17877,"href":"https:\/\/ultramagic.com\/es\/wp-json\/wp\/v2\/pages\/6829\/revisions\/17877"}],"up":[{"embeddable":true,"href":"https:\/\/ultramagic.com\/es\/wp-json\/wp\/v2\/pages\/11"}],"wp:attachment":[{"href":"https:\/\/ultramagic.com\/es\/wp-json\/wp\/v2\/media?parent=6829"}],"curies":[{"name":"wp","href":"https:\/\/api.w.org\/{rel}","templated":true}]}}