{"id":187,"date":"2015-06-16T18:39:50","date_gmt":"2015-06-16T16:39:50","guid":{"rendered":"http:\/\/ultramagic.dev\/es\/?page_id=187"},"modified":"2023-10-23T16:23:20","modified_gmt":"2023-10-23T14:23:20","slug":"the-racer","status":"publish","type":"page","link":"https:\/\/ultramagic.com\/es\/globos-aerostaticos\/the-racer\/","title":{"rendered":"The Racer"},"content":{"rendered":"<p><a href=\"http:\/\/ultramagic.com\/wp-content\/uploads\/2023\/10\/2704-Yazuya-4-M60Z-H_.jpg\"><img loading=\"lazy\" decoding=\"async\" class=\"wp-image-18457 alignright\" src=\"http:\/\/ultramagic.com\/wp-content\/uploads\/2023\/10\/2704-Yazuya-4-M60Z-H_-203x300.jpg\" alt=\"\" width=\"262\" height=\"387\" srcset=\"https:\/\/ultramagic.com\/wp-content\/uploads\/2023\/10\/2704-Yazuya-4-M60Z-H_-203x300.jpg 203w, https:\/\/ultramagic.com\/wp-content\/uploads\/2023\/10\/2704-Yazuya-4-M60Z-H_-768x1134.jpg 768w, https:\/\/ultramagic.com\/wp-content\/uploads\/2023\/10\/2704-Yazuya-4-M60Z-H_-693x1024.jpg 693w, https:\/\/ultramagic.com\/wp-content\/uploads\/2023\/10\/2704-Yazuya-4-M60Z-H_.jpg 1492w\" sizes=\"(max-width: 262px) 100vw, 262px\" \/><\/a><\/p>\n<p>En 1996 Ultramagic dio un paso gigante hacia delante en el mundo de la competici\u00f3n. Naci\u00f3 el Racer. Era la primera vez que un globo se dise\u00f1aba, desarrollaba y produc\u00eda especialmente para los exigentes requisitos de las competiciones. Fue creado en colaboraci\u00f3n con Uwe Schneider que forma parte de la \u00e9lite en la competici\u00f3n mundial.&nbsp;<\/p>\n<p>&nbsp;<\/p>\n<p>En los \u00faltimos a\u00f1os hemos trabajado en una segunda generaci\u00f3n del Racer de Ultramagic, enfoc\u00e1ndonos en satisfacer las necesidades actuales de los pilotos de competici\u00f3n. Los pilotos requieren que el globo pueda sostener velocidades de ascenso\/descenso m\u00e1s r\u00e1pidas sin comprometer la seguridad, que siempre ha sido una de nuestras prioridades. Adem\u00e1s, las tareas de competici\u00f3n exigen cada vez m\u00e1s que los pilotos est\u00e9n atentos a los instrumentos de vuelo.<\/p>\n<p>&nbsp;<\/p>\n<blockquote><p>Funcionalidad, seguridad y una gran forma<\/p>\n<p>El Racer MZ de Ultramagic.<\/p><\/blockquote>\n<p>&nbsp;<\/p>\n<p>Con esto en mente, en 2023 hemos lanzado el Racer MZ, un nuevo dise\u00f1o mejorado que ha sido desarrollado con Stefan Zeberli, quien gan\u00f3 el \u00faltimo Campeonato del Mundo volando con el primer prototipo.<\/p>\n<p>&nbsp;<\/p>\n<p>Las principales caracter\u00edsticas destacadas por los pilotos:<\/p>\n<p>&nbsp; &nbsp;&#8211; Buena combinaci\u00f3n de desempe\u00f1o, estabilidad y previsibilidad<\/p>\n<p>&nbsp; &nbsp;&#8211; Consistencia en ascenso y descenso<\/p>\n<p>&nbsp; &nbsp;&#8211; Muy seguro y estable a altas velocidades verticales<\/p>\n<p>&nbsp;<\/p>\n<p>Lo que diferencia al MZ Racer de un coche de F\u00f3rmula 1 es que lo pueden disfrutar tanto pilotos de competici\u00f3n experimentados como aquellos que quieran aprender a competir o simplemente volar por diversi\u00f3n.<\/p>\n<p>&nbsp;<\/p>\n<p><a href=\"http:\/\/ultramagic.com\/wp-content\/uploads\/2023\/10\/DJI_20230729064412_0067_D__.jpg\"><img loading=\"lazy\" decoding=\"async\" class=\" wp-image-18475\" src=\"http:\/\/ultramagic.com\/wp-content\/uploads\/2023\/10\/DJI_20230729064412_0067_D__-300x169.jpg\" alt=\"\" width=\"597\" height=\"336\" srcset=\"https:\/\/ultramagic.com\/wp-content\/uploads\/2023\/10\/DJI_20230729064412_0067_D__-300x169.jpg 300w, https:\/\/ultramagic.com\/wp-content\/uploads\/2023\/10\/DJI_20230729064412_0067_D__-768x433.jpg 768w, https:\/\/ultramagic.com\/wp-content\/uploads\/2023\/10\/DJI_20230729064412_0067_D__-1024x578.jpg 1024w\" sizes=\"(max-width: 597px) 100vw, 597px\" \/><\/a><\/p>\n<p>&nbsp;<\/p>\n<p>&nbsp;<\/p>\n<p>&nbsp;<\/p>\n<p>&nbsp;<\/p>\n<p>&nbsp;<\/p>\n","protected":false},"excerpt":{"rendered":"<p>En 1996 Ultramagic dio un paso gigante hacia delante en el mundo de la competici\u00f3n. Naci\u00f3 el Racer. Era la primera vez que un globo se dise\u00f1aba, desarrollaba y produc\u00eda especialmente para los exigentes requisitos de las competiciones. Fue creado en colaboraci\u00f3n con Uwe Schneider que forma parte de la \u00e9lite en la competici\u00f3n mundial.&nbsp; [&hellip;]<\/p>\n","protected":false},"author":1,"featured_media":251,"parent":9780,"menu_order":0,"comment_status":"closed","ping_status":"open","template":"page-fotos.php","meta":{"ngg_post_thumbnail":0,"footnotes":""},"yoast_head":"<!-- This site is optimized with the Yoast SEO plugin v22.7 - https:\/\/yoast.com\/wordpress\/plugins\/seo\/ -->\n<title>The Racer - Ultramagic<\/title>\n<meta name=\"robots\" content=\"index, follow, max-snippet:-1, max-image-preview:large, max-video-preview:-1\" \/>\n<link rel=\"canonical\" href=\"https:\/\/ultramagic.com\/hot-air-balloons\/the-racer\/\" \/>\n<meta property=\"og:locale\" content=\"es_ES\" \/>\n<meta property=\"og:type\" content=\"article\" \/>\n<meta property=\"og:title\" content=\"The Racer - Ultramagic\" \/>\n<meta property=\"og:description\" content=\"En 1996 Ultramagic dio un paso gigante hacia delante en el mundo de la competici\u00f3n. Naci\u00f3 el Racer. Era la primera vez que un globo se dise\u00f1aba, desarrollaba y produc\u00eda especialmente para los exigentes requisitos de las competiciones. Fue creado en colaboraci\u00f3n con Uwe Schneider que forma parte de la \u00e9lite en la competici\u00f3n mundial.&nbsp; [&hellip;]\" \/>\n<meta property=\"og:url\" content=\"https:\/\/ultramagic.com\/hot-air-balloons\/the-racer\/\" \/>\n<meta property=\"og:site_name\" content=\"Ultramagic\" \/>\n<meta property=\"article:publisher\" content=\"http:\/\/www.facebook.com\/ultramagicballons\" \/>\n<meta property=\"article:modified_time\" content=\"2023-10-23T14:23:20+00:00\" \/>\n<meta property=\"og:image\" content=\"https:\/\/ultramagic.com\/wp-content\/uploads\/2015\/06\/racer.png\" \/>\n\t<meta property=\"og:image:width\" content=\"75\" \/>\n\t<meta property=\"og:image:height\" content=\"75\" \/>\n\t<meta property=\"og:image:type\" content=\"image\/png\" \/>\n<meta name=\"twitter:card\" content=\"summary_large_image\" \/>\n<meta name=\"twitter:site\" content=\"@umballoons\" \/>\n<meta name=\"twitter:label1\" content=\"Tiempo de lectura\" \/>\n\t<meta name=\"twitter:data1\" content=\"1 minuto\" \/>\n<script type=\"application\/ld+json\" class=\"yoast-schema-graph\">{\"@context\":\"https:\/\/schema.org\",\"@graph\":[{\"@type\":\"WebPage\",\"@id\":\"https:\/\/ultramagic.com\/hot-air-balloons\/the-racer\/\",\"url\":\"https:\/\/ultramagic.com\/hot-air-balloons\/the-racer\/\",\"name\":\"The Racer - Ultramagic\",\"isPartOf\":{\"@id\":\"https:\/\/ultramagic.com\/#website\"},\"primaryImageOfPage\":{\"@id\":\"https:\/\/ultramagic.com\/hot-air-balloons\/the-racer\/#primaryimage\"},\"image\":{\"@id\":\"https:\/\/ultramagic.com\/hot-air-balloons\/the-racer\/#primaryimage\"},\"thumbnailUrl\":\"https:\/\/ultramagic.com\/wp-content\/uploads\/2015\/06\/racer.png\",\"datePublished\":\"2015-06-16T16:39:50+00:00\",\"dateModified\":\"2023-10-23T14:23:20+00:00\",\"breadcrumb\":{\"@id\":\"https:\/\/ultramagic.com\/hot-air-balloons\/the-racer\/#breadcrumb\"},\"inLanguage\":\"es\",\"potentialAction\":[{\"@type\":\"ReadAction\",\"target\":[\"https:\/\/ultramagic.com\/hot-air-balloons\/the-racer\/\"]}]},{\"@type\":\"ImageObject\",\"inLanguage\":\"es\",\"@id\":\"https:\/\/ultramagic.com\/hot-air-balloons\/the-racer\/#primaryimage\",\"url\":\"https:\/\/ultramagic.com\/wp-content\/uploads\/2015\/06\/racer.png\",\"contentUrl\":\"https:\/\/ultramagic.com\/wp-content\/uploads\/2015\/06\/racer.png\",\"width\":75,\"height\":75},{\"@type\":\"BreadcrumbList\",\"@id\":\"https:\/\/ultramagic.com\/hot-air-balloons\/the-racer\/#breadcrumb\",\"itemListElement\":[{\"@type\":\"ListItem\",\"position\":1,\"name\":\"Home\",\"item\":\"https:\/\/ultramagic.com\/es\/\"},{\"@type\":\"ListItem\",\"position\":2,\"name\":\"Globos aerost\u00e1ticos\",\"item\":\"https:\/\/ultramagic.com\/hot-air-balloons\/\"},{\"@type\":\"ListItem\",\"position\":3,\"name\":\"The Racer\"}]},{\"@type\":\"WebSite\",\"@id\":\"https:\/\/ultramagic.com\/#website\",\"url\":\"https:\/\/ultramagic.com\/\",\"name\":\"Ultramagic\",\"description\":\"All about hot air balloon advertising industry and history.Hot air balloon photos and pictures. Enjoy the hot air balloon experience from your home.\",\"potentialAction\":[{\"@type\":\"SearchAction\",\"target\":{\"@type\":\"EntryPoint\",\"urlTemplate\":\"https:\/\/ultramagic.com\/?s={search_term_string}\"},\"query-input\":\"required name=search_term_string\"}],\"inLanguage\":\"es\"}]}<\/script>\n<!-- \/ Yoast SEO plugin. -->","yoast_head_json":{"title":"The Racer - Ultramagic","robots":{"index":"index","follow":"follow","max-snippet":"max-snippet:-1","max-image-preview":"max-image-preview:large","max-video-preview":"max-video-preview:-1"},"canonical":"https:\/\/ultramagic.com\/hot-air-balloons\/the-racer\/","og_locale":"es_ES","og_type":"article","og_title":"The Racer - Ultramagic","og_description":"En 1996 Ultramagic dio un paso gigante hacia delante en el mundo de la competici\u00f3n. Naci\u00f3 el Racer. Era la primera vez que un globo se dise\u00f1aba, desarrollaba y produc\u00eda especialmente para los exigentes requisitos de las competiciones. Fue creado en colaboraci\u00f3n con Uwe Schneider que forma parte de la \u00e9lite en la competici\u00f3n mundial.&nbsp; [&hellip;]","og_url":"https:\/\/ultramagic.com\/hot-air-balloons\/the-racer\/","og_site_name":"Ultramagic","article_publisher":"http:\/\/www.facebook.com\/ultramagicballons","article_modified_time":"2023-10-23T14:23:20+00:00","og_image":[{"width":75,"height":75,"url":"https:\/\/ultramagic.com\/wp-content\/uploads\/2015\/06\/racer.png","type":"image\/png"}],"twitter_card":"summary_large_image","twitter_site":"@umballoons","twitter_misc":{"Tiempo de lectura":"1 minuto"},"schema":{"@context":"https:\/\/schema.org","@graph":[{"@type":"WebPage","@id":"https:\/\/ultramagic.com\/hot-air-balloons\/the-racer\/","url":"https:\/\/ultramagic.com\/hot-air-balloons\/the-racer\/","name":"The Racer - Ultramagic","isPartOf":{"@id":"https:\/\/ultramagic.com\/#website"},"primaryImageOfPage":{"@id":"https:\/\/ultramagic.com\/hot-air-balloons\/the-racer\/#primaryimage"},"image":{"@id":"https:\/\/ultramagic.com\/hot-air-balloons\/the-racer\/#primaryimage"},"thumbnailUrl":"https:\/\/ultramagic.com\/wp-content\/uploads\/2015\/06\/racer.png","datePublished":"2015-06-16T16:39:50+00:00","dateModified":"2023-10-23T14:23:20+00:00","breadcrumb":{"@id":"https:\/\/ultramagic.com\/hot-air-balloons\/the-racer\/#breadcrumb"},"inLanguage":"es","potentialAction":[{"@type":"ReadAction","target":["https:\/\/ultramagic.com\/hot-air-balloons\/the-racer\/"]}]},{"@type":"ImageObject","inLanguage":"es","@id":"https:\/\/ultramagic.com\/hot-air-balloons\/the-racer\/#primaryimage","url":"https:\/\/ultramagic.com\/wp-content\/uploads\/2015\/06\/racer.png","contentUrl":"https:\/\/ultramagic.com\/wp-content\/uploads\/2015\/06\/racer.png","width":75,"height":75},{"@type":"BreadcrumbList","@id":"https:\/\/ultramagic.com\/hot-air-balloons\/the-racer\/#breadcrumb","itemListElement":[{"@type":"ListItem","position":1,"name":"Home","item":"https:\/\/ultramagic.com\/es\/"},{"@type":"ListItem","position":2,"name":"Globos aerost\u00e1ticos","item":"https:\/\/ultramagic.com\/hot-air-balloons\/"},{"@type":"ListItem","position":3,"name":"The Racer"}]},{"@type":"WebSite","@id":"https:\/\/ultramagic.com\/#website","url":"https:\/\/ultramagic.com\/","name":"Ultramagic","description":"All about hot air balloon advertising industry and history.Hot air balloon photos and pictures. Enjoy the hot air balloon experience from your home.","potentialAction":[{"@type":"SearchAction","target":{"@type":"EntryPoint","urlTemplate":"https:\/\/ultramagic.com\/?s={search_term_string}"},"query-input":"required name=search_term_string"}],"inLanguage":"es"}]}},"_links":{"self":[{"href":"https:\/\/ultramagic.com\/es\/wp-json\/wp\/v2\/pages\/187"}],"collection":[{"href":"https:\/\/ultramagic.com\/es\/wp-json\/wp\/v2\/pages"}],"about":[{"href":"https:\/\/ultramagic.com\/es\/wp-json\/wp\/v2\/types\/page"}],"author":[{"embeddable":true,"href":"https:\/\/ultramagic.com\/es\/wp-json\/wp\/v2\/users\/1"}],"replies":[{"embeddable":true,"href":"https:\/\/ultramagic.com\/es\/wp-json\/wp\/v2\/comments?post=187"}],"version-history":[{"count":3,"href":"https:\/\/ultramagic.com\/es\/wp-json\/wp\/v2\/pages\/187\/revisions"}],"predecessor-version":[{"id":18501,"href":"https:\/\/ultramagic.com\/es\/wp-json\/wp\/v2\/pages\/187\/revisions\/18501"}],"up":[{"embeddable":true,"href":"https:\/\/ultramagic.com\/es\/wp-json\/wp\/v2\/pages\/9780"}],"wp:featuredmedia":[{"embeddable":true,"href":"https:\/\/ultramagic.com\/es\/wp-json\/wp\/v2\/media\/251"}],"wp:attachment":[{"href":"https:\/\/ultramagic.com\/es\/wp-json\/wp\/v2\/media?parent=187"}],"curies":[{"name":"wp","href":"https:\/\/api.w.org\/{rel}","templated":true}]}}