{"id":11196,"date":"2017-02-14T15:40:58","date_gmt":"2017-02-14T14:40:58","guid":{"rendered":"http:\/\/ultramagic.com\/es\/hinchables\/carpas-hinchables\/"},"modified":"2018-10-26T14:19:44","modified_gmt":"2018-10-26T12:19:44","slug":"carpas-hinchables","status":"publish","type":"page","link":"https:\/\/ultramagic.com\/es\/hinchables\/carpas-hinchables\/","title":{"rendered":"Carpas Hinchables"},"content":{"rendered":"<p><u><\/u>Nuestras carpas hinchables, como todos nuestros hinchables est\u00e1n confeccionados con materiales de alta calidad, ligeros y resistentes, lo que asegura, tanto un f\u00e1cil transporte y&nbsp; manipulaci\u00f3n de la carpa, como un gran impacto visual all\u00ed donde sea utilizada.<\/p>\n<p>&nbsp;<\/p>\n<p><u>Caracter\u00edsticas \/ Opciones:<\/u><\/p>\n<p>&#8211; Confeccionado en poli\u00e9ster de alta tenacidad con certificaci\u00f3n ign\u00edfuga categoria M1. peso 240g\/m2.<br \/>\n&#8211; Costura doble de alta resistencia.<br \/>\n&#8211; Motores interiores de 65,&nbsp;&nbsp;110, o 170w de potencia, de bajo nivel sonoro.<br \/>\n&#8211; Bolsa de transporte y kit de instalaci\u00f3n incluidos.<\/p>\n<p>&#8211; Posibilidad de Iluminaci\u00f3n interior con LEDS<br \/>\n&#8211; Peso total&nbsp;aproximado de los hinchables, de 30 a 75 Kg.<\/p>\n<p>&nbsp;<\/p>\n<div id='gallery-1' class='gallery galleryid-11196 gallery-columns-3 gallery-size-large'><dl class='gallery-item'>\n\t\t\t<dt class='gallery-icon landscape'>\n\t\t\t\t<a href='https:\/\/ultramagic.com\/wp-content\/uploads\/2017\/02\/COCA-COLA-10-02-11-5.jpg'><img loading=\"lazy\" decoding=\"async\" width=\"1024\" height=\"768\" src=\"https:\/\/ultramagic.com\/wp-content\/uploads\/2017\/02\/COCA-COLA-10-02-11-5-1024x768.jpg\" class=\"attachment-large size-large\" alt=\"\" srcset=\"https:\/\/ultramagic.com\/wp-content\/uploads\/2017\/02\/COCA-COLA-10-02-11-5-1024x768.jpg 1024w, https:\/\/ultramagic.com\/wp-content\/uploads\/2017\/02\/COCA-COLA-10-02-11-5-300x225.jpg 300w, https:\/\/ultramagic.com\/wp-content\/uploads\/2017\/02\/COCA-COLA-10-02-11-5-768x576.jpg 768w, https:\/\/ultramagic.com\/wp-content\/uploads\/2017\/02\/COCA-COLA-10-02-11-5.jpg 1280w\" sizes=\"(max-width: 1024px) 100vw, 1024px\" \/><\/a>\n\t\t\t<\/dt><\/dl><dl class='gallery-item'>\n\t\t\t<dt class='gallery-icon landscape'>\n\t\t\t\t<a href='https:\/\/ultramagic.com\/wp-content\/uploads\/2017\/02\/STH-10x10-Asics-1-.jpg'><img loading=\"lazy\" decoding=\"async\" width=\"1024\" height=\"768\" src=\"https:\/\/ultramagic.com\/wp-content\/uploads\/2017\/02\/STH-10x10-Asics-1--1024x768.jpg\" class=\"attachment-large size-large\" alt=\"\" srcset=\"https:\/\/ultramagic.com\/wp-content\/uploads\/2017\/02\/STH-10x10-Asics-1--1024x768.jpg 1024w, https:\/\/ultramagic.com\/wp-content\/uploads\/2017\/02\/STH-10x10-Asics-1--300x225.jpg 300w, https:\/\/ultramagic.com\/wp-content\/uploads\/2017\/02\/STH-10x10-Asics-1--768x576.jpg 768w, https:\/\/ultramagic.com\/wp-content\/uploads\/2017\/02\/STH-10x10-Asics-1-.jpg 2048w\" sizes=\"(max-width: 1024px) 100vw, 1024px\" \/><\/a>\n\t\t\t<\/dt><\/dl><dl class='gallery-item'>\n\t\t\t<dt class='gallery-icon landscape'>\n\t\t\t\t<a href='https:\/\/ultramagic.com\/wp-content\/uploads\/2017\/02\/CARPA-FJO-12-02-2010-25.jpg'><img loading=\"lazy\" decoding=\"async\" width=\"1024\" height=\"768\" src=\"https:\/\/ultramagic.com\/wp-content\/uploads\/2017\/02\/CARPA-FJO-12-02-2010-25-1024x768.jpg\" class=\"attachment-large size-large\" alt=\"\" srcset=\"https:\/\/ultramagic.com\/wp-content\/uploads\/2017\/02\/CARPA-FJO-12-02-2010-25-1024x768.jpg 1024w, https:\/\/ultramagic.com\/wp-content\/uploads\/2017\/02\/CARPA-FJO-12-02-2010-25-300x225.jpg 300w, https:\/\/ultramagic.com\/wp-content\/uploads\/2017\/02\/CARPA-FJO-12-02-2010-25-768x576.jpg 768w, https:\/\/ultramagic.com\/wp-content\/uploads\/2017\/02\/CARPA-FJO-12-02-2010-25.jpg 1600w\" sizes=\"(max-width: 1024px) 100vw, 1024px\" \/><\/a>\n\t\t\t<\/dt><\/dl><br style=\"clear: both\" \/><dl class='gallery-item'>\n\t\t\t<dt class='gallery-icon landscape'>\n\t\t\t\t<a href='https:\/\/ultramagic.com\/wp-content\/uploads\/2017\/02\/I12-4.jpg'><img loading=\"lazy\" decoding=\"async\" width=\"1024\" height=\"768\" src=\"https:\/\/ultramagic.com\/wp-content\/uploads\/2017\/02\/I12-4-1024x768.jpg\" class=\"attachment-large size-large\" alt=\"\" srcset=\"https:\/\/ultramagic.com\/wp-content\/uploads\/2017\/02\/I12-4-1024x768.jpg 1024w, https:\/\/ultramagic.com\/wp-content\/uploads\/2017\/02\/I12-4-300x225.jpg 300w, https:\/\/ultramagic.com\/wp-content\/uploads\/2017\/02\/I12-4-768x576.jpg 768w, https:\/\/ultramagic.com\/wp-content\/uploads\/2017\/02\/I12-4.jpg 2048w\" sizes=\"(max-width: 1024px) 100vw, 1024px\" \/><\/a>\n\t\t\t<\/dt><\/dl><dl class='gallery-item'>\n\t\t\t<dt class='gallery-icon landscape'>\n\t\t\t\t<a href='https:\/\/ultramagic.com\/wp-content\/uploads\/2017\/02\/ST-4x4-Coca-Cola-4-.jpg'><img loading=\"lazy\" decoding=\"async\" width=\"1024\" height=\"768\" src=\"https:\/\/ultramagic.com\/wp-content\/uploads\/2017\/02\/ST-4x4-Coca-Cola-4--1024x768.jpg\" class=\"attachment-large size-large\" alt=\"\" srcset=\"https:\/\/ultramagic.com\/wp-content\/uploads\/2017\/02\/ST-4x4-Coca-Cola-4--1024x768.jpg 1024w, https:\/\/ultramagic.com\/wp-content\/uploads\/2017\/02\/ST-4x4-Coca-Cola-4--300x225.jpg 300w, https:\/\/ultramagic.com\/wp-content\/uploads\/2017\/02\/ST-4x4-Coca-Cola-4--768x576.jpg 768w, https:\/\/ultramagic.com\/wp-content\/uploads\/2017\/02\/ST-4x4-Coca-Cola-4-.jpg 2048w\" sizes=\"(max-width: 1024px) 100vw, 1024px\" \/><\/a>\n\t\t\t<\/dt><\/dl><dl class='gallery-item'>\n\t\t\t<dt class='gallery-icon landscape'>\n\t\t\t\t<a href='https:\/\/ultramagic.com\/wp-content\/uploads\/2017\/02\/P4140659.jpg'><img loading=\"lazy\" decoding=\"async\" width=\"1024\" height=\"645\" src=\"https:\/\/ultramagic.com\/wp-content\/uploads\/2017\/02\/P4140659-1024x645.jpg\" class=\"attachment-large size-large\" alt=\"\" srcset=\"https:\/\/ultramagic.com\/wp-content\/uploads\/2017\/02\/P4140659-1024x645.jpg 1024w, https:\/\/ultramagic.com\/wp-content\/uploads\/2017\/02\/P4140659-300x189.jpg 300w, https:\/\/ultramagic.com\/wp-content\/uploads\/2017\/02\/P4140659-768x484.jpg 768w\" sizes=\"(max-width: 1024px) 100vw, 1024px\" \/><\/a>\n\t\t\t<\/dt><\/dl><br style=\"clear: both\" \/><dl class='gallery-item'>\n\t\t\t<dt class='gallery-icon landscape'>\n\t\t\t\t<a href='https:\/\/ultramagic.com\/wp-content\/uploads\/2017\/02\/ST-Igl\u00fa-Powerade-3-.jpg'><img loading=\"lazy\" decoding=\"async\" width=\"1024\" height=\"768\" src=\"https:\/\/ultramagic.com\/wp-content\/uploads\/2017\/02\/ST-Igl\u00fa-Powerade-3--1024x768.jpg\" class=\"attachment-large size-large\" alt=\"\" srcset=\"https:\/\/ultramagic.com\/wp-content\/uploads\/2017\/02\/ST-Igl\u00fa-Powerade-3--1024x768.jpg 1024w, https:\/\/ultramagic.com\/wp-content\/uploads\/2017\/02\/ST-Igl\u00fa-Powerade-3--300x225.jpg 300w, https:\/\/ultramagic.com\/wp-content\/uploads\/2017\/02\/ST-Igl\u00fa-Powerade-3--768x576.jpg 768w, https:\/\/ultramagic.com\/wp-content\/uploads\/2017\/02\/ST-Igl\u00fa-Powerade-3-.jpg 2048w\" sizes=\"(max-width: 1024px) 100vw, 1024px\" \/><\/a>\n\t\t\t<\/dt><\/dl><dl class='gallery-item'>\n\t\t\t<dt class='gallery-icon landscape'>\n\t\t\t\t<a href='https:\/\/ultramagic.com\/wp-content\/uploads\/2017\/02\/ST-Igl\u00fa-Munich6X6-1-.jpg'><img loading=\"lazy\" decoding=\"async\" width=\"1024\" height=\"768\" src=\"https:\/\/ultramagic.com\/wp-content\/uploads\/2017\/02\/ST-Igl\u00fa-Munich6X6-1--1024x768.jpg\" class=\"attachment-large size-large\" alt=\"\" srcset=\"https:\/\/ultramagic.com\/wp-content\/uploads\/2017\/02\/ST-Igl\u00fa-Munich6X6-1--1024x768.jpg 1024w, https:\/\/ultramagic.com\/wp-content\/uploads\/2017\/02\/ST-Igl\u00fa-Munich6X6-1--300x225.jpg 300w, https:\/\/ultramagic.com\/wp-content\/uploads\/2017\/02\/ST-Igl\u00fa-Munich6X6-1--768x576.jpg 768w, https:\/\/ultramagic.com\/wp-content\/uploads\/2017\/02\/ST-Igl\u00fa-Munich6X6-1-.jpg 1600w\" sizes=\"(max-width: 1024px) 100vw, 1024px\" \/><\/a>\n\t\t\t<\/dt><\/dl><dl class='gallery-item'>\n\t\t\t<dt class='gallery-icon landscape'>\n\t\t\t\t<a href='https:\/\/ultramagic.com\/wp-content\/uploads\/2018\/10\/Ultramagic-Inflables-Tienda.jpg'><img loading=\"lazy\" decoding=\"async\" width=\"800\" height=\"600\" src=\"https:\/\/ultramagic.com\/wp-content\/uploads\/2018\/10\/Ultramagic-Inflables-Tienda.jpg\" class=\"attachment-large size-large\" alt=\"\" srcset=\"https:\/\/ultramagic.com\/wp-content\/uploads\/2018\/10\/Ultramagic-Inflables-Tienda.jpg 800w, https:\/\/ultramagic.com\/wp-content\/uploads\/2018\/10\/Ultramagic-Inflables-Tienda-300x225.jpg 300w, https:\/\/ultramagic.com\/wp-content\/uploads\/2018\/10\/Ultramagic-Inflables-Tienda-768x576.jpg 768w\" sizes=\"(max-width: 800px) 100vw, 800px\" \/><\/a>\n\t\t\t<\/dt><\/dl><br style=\"clear: both\" \/>\n\t\t<\/div>\n\n","protected":false},"excerpt":{"rendered":"<p>Nuestras carpas hinchables, como todos nuestros hinchables est\u00e1n confeccionados con materiales de alta calidad, ligeros y resistentes, lo que asegura, tanto un f\u00e1cil transporte y&nbsp; manipulaci\u00f3n de la carpa, como un gran impacto visual all\u00ed donde sea utilizada. &nbsp; Caracter\u00edsticas \/ Opciones: &#8211; Confeccionado en poli\u00e9ster de alta tenacidad con certificaci\u00f3n ign\u00edfuga categoria M1. peso [&hellip;]<\/p>\n","protected":false},"author":2,"featured_media":11193,"parent":9537,"menu_order":6,"comment_status":"closed","ping_status":"closed","template":"page-globus-fill.php","meta":{"ngg_post_thumbnail":0,"footnotes":""},"yoast_head":"<!-- This site is optimized with the Yoast SEO plugin v22.7 - https:\/\/yoast.com\/wordpress\/plugins\/seo\/ -->\n<title>Carpas Hinchables - Ultramagic<\/title>\n<meta name=\"robots\" content=\"index, follow, max-snippet:-1, max-image-preview:large, max-video-preview:-1\" \/>\n<link rel=\"canonical\" href=\"https:\/\/ultramagic.com\/es\/hinchables\/carpas-hinchables\/\" \/>\n<meta property=\"og:locale\" content=\"es_ES\" \/>\n<meta property=\"og:type\" content=\"article\" \/>\n<meta property=\"og:title\" content=\"Carpas Hinchables - Ultramagic\" \/>\n<meta property=\"og:description\" content=\"Nuestras carpas hinchables, como todos nuestros hinchables est\u00e1n confeccionados con materiales de alta calidad, ligeros y resistentes, lo que asegura, tanto un f\u00e1cil transporte y&nbsp; manipulaci\u00f3n de la carpa, como un gran impacto visual all\u00ed donde sea utilizada. &nbsp; Caracter\u00edsticas \/ Opciones: &#8211; Confeccionado en poli\u00e9ster de alta tenacidad con certificaci\u00f3n ign\u00edfuga categoria M1. peso [&hellip;]\" \/>\n<meta property=\"og:url\" content=\"https:\/\/ultramagic.com\/es\/hinchables\/carpas-hinchables\/\" \/>\n<meta property=\"og:site_name\" content=\"Ultramagic\" \/>\n<meta property=\"article:publisher\" content=\"http:\/\/www.facebook.com\/ultramagicballons\" \/>\n<meta property=\"article:modified_time\" content=\"2018-10-26T12:19:44+00:00\" \/>\n<meta property=\"og:image\" content=\"https:\/\/ultramagic.com\/wp-content\/uploads\/2017\/02\/carpes_um.jpg\" \/>\n\t<meta property=\"og:image:width\" content=\"75\" \/>\n\t<meta property=\"og:image:height\" content=\"75\" \/>\n\t<meta property=\"og:image:type\" content=\"image\/jpeg\" \/>\n<meta name=\"twitter:card\" content=\"summary_large_image\" \/>\n<meta name=\"twitter:site\" content=\"@umballoons\" \/>\n<meta name=\"twitter:label1\" content=\"Tiempo de lectura\" \/>\n\t<meta name=\"twitter:data1\" content=\"1 minuto\" \/>\n<script type=\"application\/ld+json\" class=\"yoast-schema-graph\">{\"@context\":\"https:\/\/schema.org\",\"@graph\":[{\"@type\":\"WebPage\",\"@id\":\"https:\/\/ultramagic.com\/es\/hinchables\/carpas-hinchables\/\",\"url\":\"https:\/\/ultramagic.com\/es\/hinchables\/carpas-hinchables\/\",\"name\":\"Carpas Hinchables - Ultramagic\",\"isPartOf\":{\"@id\":\"https:\/\/ultramagic.com\/#website\"},\"primaryImageOfPage\":{\"@id\":\"https:\/\/ultramagic.com\/es\/hinchables\/carpas-hinchables\/#primaryimage\"},\"image\":{\"@id\":\"https:\/\/ultramagic.com\/es\/hinchables\/carpas-hinchables\/#primaryimage\"},\"thumbnailUrl\":\"https:\/\/ultramagic.com\/wp-content\/uploads\/2017\/02\/carpes_um.jpg\",\"datePublished\":\"2017-02-14T14:40:58+00:00\",\"dateModified\":\"2018-10-26T12:19:44+00:00\",\"breadcrumb\":{\"@id\":\"https:\/\/ultramagic.com\/es\/hinchables\/carpas-hinchables\/#breadcrumb\"},\"inLanguage\":\"es\",\"potentialAction\":[{\"@type\":\"ReadAction\",\"target\":[\"https:\/\/ultramagic.com\/es\/hinchables\/carpas-hinchables\/\"]}]},{\"@type\":\"ImageObject\",\"inLanguage\":\"es\",\"@id\":\"https:\/\/ultramagic.com\/es\/hinchables\/carpas-hinchables\/#primaryimage\",\"url\":\"https:\/\/ultramagic.com\/wp-content\/uploads\/2017\/02\/carpes_um.jpg\",\"contentUrl\":\"https:\/\/ultramagic.com\/wp-content\/uploads\/2017\/02\/carpes_um.jpg\",\"width\":75,\"height\":75},{\"@type\":\"BreadcrumbList\",\"@id\":\"https:\/\/ultramagic.com\/es\/hinchables\/carpas-hinchables\/#breadcrumb\",\"itemListElement\":[{\"@type\":\"ListItem\",\"position\":1,\"name\":\"Home\",\"item\":\"https:\/\/ultramagic.com\/es\/\"},{\"@type\":\"ListItem\",\"position\":2,\"name\":\"Hinchables\",\"item\":\"https:\/\/ultramagic.com\/inflatables\/\"},{\"@type\":\"ListItem\",\"position\":3,\"name\":\"Carpas Hinchables\"}]},{\"@type\":\"WebSite\",\"@id\":\"https:\/\/ultramagic.com\/#website\",\"url\":\"https:\/\/ultramagic.com\/\",\"name\":\"Ultramagic\",\"description\":\"All about hot air balloon advertising industry and history.Hot air balloon photos and pictures. Enjoy the hot air balloon experience from your home.\",\"potentialAction\":[{\"@type\":\"SearchAction\",\"target\":{\"@type\":\"EntryPoint\",\"urlTemplate\":\"https:\/\/ultramagic.com\/?s={search_term_string}\"},\"query-input\":\"required name=search_term_string\"}],\"inLanguage\":\"es\"}]}<\/script>\n<!-- \/ Yoast SEO plugin. -->","yoast_head_json":{"title":"Carpas Hinchables - Ultramagic","robots":{"index":"index","follow":"follow","max-snippet":"max-snippet:-1","max-image-preview":"max-image-preview:large","max-video-preview":"max-video-preview:-1"},"canonical":"https:\/\/ultramagic.com\/es\/hinchables\/carpas-hinchables\/","og_locale":"es_ES","og_type":"article","og_title":"Carpas Hinchables - Ultramagic","og_description":"Nuestras carpas hinchables, como todos nuestros hinchables est\u00e1n confeccionados con materiales de alta calidad, ligeros y resistentes, lo que asegura, tanto un f\u00e1cil transporte y&nbsp; manipulaci\u00f3n de la carpa, como un gran impacto visual all\u00ed donde sea utilizada. &nbsp; Caracter\u00edsticas \/ Opciones: &#8211; Confeccionado en poli\u00e9ster de alta tenacidad con certificaci\u00f3n ign\u00edfuga categoria M1. peso [&hellip;]","og_url":"https:\/\/ultramagic.com\/es\/hinchables\/carpas-hinchables\/","og_site_name":"Ultramagic","article_publisher":"http:\/\/www.facebook.com\/ultramagicballons","article_modified_time":"2018-10-26T12:19:44+00:00","og_image":[{"width":75,"height":75,"url":"https:\/\/ultramagic.com\/wp-content\/uploads\/2017\/02\/carpes_um.jpg","type":"image\/jpeg"}],"twitter_card":"summary_large_image","twitter_site":"@umballoons","twitter_misc":{"Tiempo de lectura":"1 minuto"},"schema":{"@context":"https:\/\/schema.org","@graph":[{"@type":"WebPage","@id":"https:\/\/ultramagic.com\/es\/hinchables\/carpas-hinchables\/","url":"https:\/\/ultramagic.com\/es\/hinchables\/carpas-hinchables\/","name":"Carpas Hinchables - Ultramagic","isPartOf":{"@id":"https:\/\/ultramagic.com\/#website"},"primaryImageOfPage":{"@id":"https:\/\/ultramagic.com\/es\/hinchables\/carpas-hinchables\/#primaryimage"},"image":{"@id":"https:\/\/ultramagic.com\/es\/hinchables\/carpas-hinchables\/#primaryimage"},"thumbnailUrl":"https:\/\/ultramagic.com\/wp-content\/uploads\/2017\/02\/carpes_um.jpg","datePublished":"2017-02-14T14:40:58+00:00","dateModified":"2018-10-26T12:19:44+00:00","breadcrumb":{"@id":"https:\/\/ultramagic.com\/es\/hinchables\/carpas-hinchables\/#breadcrumb"},"inLanguage":"es","potentialAction":[{"@type":"ReadAction","target":["https:\/\/ultramagic.com\/es\/hinchables\/carpas-hinchables\/"]}]},{"@type":"ImageObject","inLanguage":"es","@id":"https:\/\/ultramagic.com\/es\/hinchables\/carpas-hinchables\/#primaryimage","url":"https:\/\/ultramagic.com\/wp-content\/uploads\/2017\/02\/carpes_um.jpg","contentUrl":"https:\/\/ultramagic.com\/wp-content\/uploads\/2017\/02\/carpes_um.jpg","width":75,"height":75},{"@type":"BreadcrumbList","@id":"https:\/\/ultramagic.com\/es\/hinchables\/carpas-hinchables\/#breadcrumb","itemListElement":[{"@type":"ListItem","position":1,"name":"Home","item":"https:\/\/ultramagic.com\/es\/"},{"@type":"ListItem","position":2,"name":"Hinchables","item":"https:\/\/ultramagic.com\/inflatables\/"},{"@type":"ListItem","position":3,"name":"Carpas Hinchables"}]},{"@type":"WebSite","@id":"https:\/\/ultramagic.com\/#website","url":"https:\/\/ultramagic.com\/","name":"Ultramagic","description":"All about hot air balloon advertising industry and history.Hot air balloon photos and pictures. Enjoy the hot air balloon experience from your home.","potentialAction":[{"@type":"SearchAction","target":{"@type":"EntryPoint","urlTemplate":"https:\/\/ultramagic.com\/?s={search_term_string}"},"query-input":"required name=search_term_string"}],"inLanguage":"es"}]}},"_links":{"self":[{"href":"https:\/\/ultramagic.com\/es\/wp-json\/wp\/v2\/pages\/11196"}],"collection":[{"href":"https:\/\/ultramagic.com\/es\/wp-json\/wp\/v2\/pages"}],"about":[{"href":"https:\/\/ultramagic.com\/es\/wp-json\/wp\/v2\/types\/page"}],"author":[{"embeddable":true,"href":"https:\/\/ultramagic.com\/es\/wp-json\/wp\/v2\/users\/2"}],"replies":[{"embeddable":true,"href":"https:\/\/ultramagic.com\/es\/wp-json\/wp\/v2\/comments?post=11196"}],"version-history":[{"count":5,"href":"https:\/\/ultramagic.com\/es\/wp-json\/wp\/v2\/pages\/11196\/revisions"}],"predecessor-version":[{"id":13402,"href":"https:\/\/ultramagic.com\/es\/wp-json\/wp\/v2\/pages\/11196\/revisions\/13402"}],"up":[{"embeddable":true,"href":"https:\/\/ultramagic.com\/es\/wp-json\/wp\/v2\/pages\/9537"}],"wp:featuredmedia":[{"embeddable":true,"href":"https:\/\/ultramagic.com\/es\/wp-json\/wp\/v2\/media\/11193"}],"wp:attachment":[{"href":"https:\/\/ultramagic.com\/es\/wp-json\/wp\/v2\/media?parent=11196"}],"curies":[{"name":"wp","href":"https:\/\/api.w.org\/{rel}","templated":true}]}}