{"id":11118,"date":"2017-02-14T11:11:40","date_gmt":"2017-02-14T10:11:40","guid":{"rendered":"http:\/\/ultramagic.com\/es\/?page_id=11118"},"modified":"2017-02-14T12:12:44","modified_gmt":"2017-02-14T11:12:44","slug":"beachflags","status":"publish","type":"page","link":"https:\/\/ultramagic.com\/es\/hinchables\/beachflags\/","title":{"rendered":"Beachflags"},"content":{"rendered":"<p>Disponemos de banderas tipo Beachflag, tambi\u00e9n conocidas como Fly Banner, perfectas para completar su kit de eventos. Nuestras banderas beachflags est\u00e1n disponibles en tres dise\u00f1os, Wing, Drop o Brick. Cada forma est\u00e1 disponible en \u00a0tres tama\u00f1os diferentes. Para las banderas se utiliza tejido Tafetta de alta densidad FR (Ign\u00edfugo), que se imprime mediante el m\u00e9todo de sublimaci\u00f3n indirecta (por transferencia de papel). Por lo tanto nuestras banderas beachflag no liberan pigmento en caso de lluvia. Debido al uso de tintas de alta calidad, la impresi\u00f3n oferece colores de gran intensidad y muy resistente a los rayos UV.<\/p>\n<p>&nbsp;<\/p>\n<p>Los m\u00e1stiles de fibra de vidrio son de alta calidad, resistentes a roturas en casos de altas temperaturas altas o de fr\u00edo intenso. Las banderas pueden disponer de una barra inferior de tensado accesoria, utilizada para asegurar que \u00a0la forma de la bandera sea perfecta. Est\u00e1n disponibles diferentes tipos de base para diferentes superficies. Se puede elegir una m\u00e1stil acabado en forma de piqueta, una plancha de acero o una base en forma de cruz de acero a la que se a\u00f1ade una bolsa del peso que se rellena con agua.<\/p>\n<p>&nbsp;<\/p>\n<div id='gallery-1' class='gallery galleryid-11118 gallery-columns-3 gallery-size-large'><dl class='gallery-item'>\n\t\t\t<dt class='gallery-icon landscape'>\n\t\t\t\t<a href='https:\/\/ultramagic.com\/wp-content\/uploads\/2017\/02\/BEACHFLAG-BRICK.jpg'><img loading=\"lazy\" decoding=\"async\" width=\"1024\" height=\"541\" src=\"https:\/\/ultramagic.com\/wp-content\/uploads\/2017\/02\/BEACHFLAG-BRICK-1024x541.jpg\" class=\"attachment-large size-large\" alt=\"\" srcset=\"https:\/\/ultramagic.com\/wp-content\/uploads\/2017\/02\/BEACHFLAG-BRICK-1024x541.jpg 1024w, https:\/\/ultramagic.com\/wp-content\/uploads\/2017\/02\/BEACHFLAG-BRICK-300x159.jpg 300w, https:\/\/ultramagic.com\/wp-content\/uploads\/2017\/02\/BEACHFLAG-BRICK-768x406.jpg 768w, https:\/\/ultramagic.com\/wp-content\/uploads\/2017\/02\/BEACHFLAG-BRICK.jpg 1619w\" sizes=\"(max-width: 1024px) 100vw, 1024px\" \/><\/a>\n\t\t\t<\/dt><\/dl><dl class='gallery-item'>\n\t\t\t<dt class='gallery-icon landscape'>\n\t\t\t\t<a href='https:\/\/ultramagic.com\/wp-content\/uploads\/2017\/02\/BEACHFLAG-WING.jpg'><img loading=\"lazy\" decoding=\"async\" width=\"1024\" height=\"557\" src=\"https:\/\/ultramagic.com\/wp-content\/uploads\/2017\/02\/BEACHFLAG-WING-1024x557.jpg\" class=\"attachment-large size-large\" alt=\"\" srcset=\"https:\/\/ultramagic.com\/wp-content\/uploads\/2017\/02\/BEACHFLAG-WING-1024x557.jpg 1024w, https:\/\/ultramagic.com\/wp-content\/uploads\/2017\/02\/BEACHFLAG-WING-300x163.jpg 300w, https:\/\/ultramagic.com\/wp-content\/uploads\/2017\/02\/BEACHFLAG-WING-768x418.jpg 768w, https:\/\/ultramagic.com\/wp-content\/uploads\/2017\/02\/BEACHFLAG-WING.jpg 1618w\" sizes=\"(max-width: 1024px) 100vw, 1024px\" \/><\/a>\n\t\t\t<\/dt><\/dl><dl class='gallery-item'>\n\t\t\t<dt class='gallery-icon landscape'>\n\t\t\t\t<a href='https:\/\/ultramagic.com\/wp-content\/uploads\/2017\/02\/BEACHFLAG-DROP.jpg'><img loading=\"lazy\" decoding=\"async\" width=\"1024\" height=\"550\" src=\"https:\/\/ultramagic.com\/wp-content\/uploads\/2017\/02\/BEACHFLAG-DROP-1024x550.jpg\" class=\"attachment-large size-large\" alt=\"\" srcset=\"https:\/\/ultramagic.com\/wp-content\/uploads\/2017\/02\/BEACHFLAG-DROP-1024x550.jpg 1024w, https:\/\/ultramagic.com\/wp-content\/uploads\/2017\/02\/BEACHFLAG-DROP-300x161.jpg 300w, https:\/\/ultramagic.com\/wp-content\/uploads\/2017\/02\/BEACHFLAG-DROP-768x412.jpg 768w, https:\/\/ultramagic.com\/wp-content\/uploads\/2017\/02\/BEACHFLAG-DROP.jpg 1635w\" sizes=\"(max-width: 1024px) 100vw, 1024px\" \/><\/a>\n\t\t\t<\/dt><\/dl><br style=\"clear: both\" \/>\n\t\t<\/div>\n\n<p>&nbsp;<\/p>\n","protected":false},"excerpt":{"rendered":"<p>Disponemos de banderas tipo Beachflag, tambi\u00e9n conocidas como Fly Banner, perfectas para completar su kit de eventos. Nuestras banderas beachflags est\u00e1n disponibles en tres dise\u00f1os, Wing, Drop o Brick. Cada forma est\u00e1 disponible en \u00a0tres tama\u00f1os diferentes. Para las banderas se utiliza tejido Tafetta de alta densidad FR (Ign\u00edfugo), que se imprime mediante el m\u00e9todo [&hellip;]<\/p>\n","protected":false},"author":2,"featured_media":11128,"parent":9537,"menu_order":5,"comment_status":"closed","ping_status":"closed","template":"page-globus-fill.php","meta":{"ngg_post_thumbnail":0,"footnotes":""},"yoast_head":"<!-- This site is optimized with the Yoast SEO plugin v22.7 - https:\/\/yoast.com\/wordpress\/plugins\/seo\/ -->\n<title>Beachflags - Ultramagic<\/title>\n<meta name=\"robots\" content=\"index, follow, max-snippet:-1, max-image-preview:large, max-video-preview:-1\" \/>\n<link rel=\"canonical\" href=\"https:\/\/ultramagic.com\/es\/hinchables\/beachflags\/\" \/>\n<meta property=\"og:locale\" content=\"es_ES\" \/>\n<meta property=\"og:type\" content=\"article\" \/>\n<meta property=\"og:title\" content=\"Beachflags - Ultramagic\" \/>\n<meta property=\"og:description\" content=\"Disponemos de banderas tipo Beachflag, tambi\u00e9n conocidas como Fly Banner, perfectas para completar su kit de eventos. Nuestras banderas beachflags est\u00e1n disponibles en tres dise\u00f1os, Wing, Drop o Brick. Cada forma est\u00e1 disponible en \u00a0tres tama\u00f1os diferentes. Para las banderas se utiliza tejido Tafetta de alta densidad FR (Ign\u00edfugo), que se imprime mediante el m\u00e9todo [&hellip;]\" \/>\n<meta property=\"og:url\" content=\"https:\/\/ultramagic.com\/es\/hinchables\/beachflags\/\" \/>\n<meta property=\"og:site_name\" content=\"Ultramagic\" \/>\n<meta property=\"article:publisher\" content=\"http:\/\/www.facebook.com\/ultramagicballons\" \/>\n<meta property=\"article:modified_time\" content=\"2017-02-14T11:12:44+00:00\" \/>\n<meta property=\"og:image\" content=\"https:\/\/ultramagic.com\/wp-content\/uploads\/2017\/02\/banderes.jpg\" \/>\n\t<meta property=\"og:image:width\" content=\"75\" \/>\n\t<meta property=\"og:image:height\" content=\"75\" \/>\n\t<meta property=\"og:image:type\" content=\"image\/jpeg\" \/>\n<meta name=\"twitter:card\" content=\"summary_large_image\" \/>\n<meta name=\"twitter:site\" content=\"@umballoons\" \/>\n<meta name=\"twitter:label1\" content=\"Tiempo de lectura\" \/>\n\t<meta name=\"twitter:data1\" content=\"1 minuto\" \/>\n<script type=\"application\/ld+json\" class=\"yoast-schema-graph\">{\"@context\":\"https:\/\/schema.org\",\"@graph\":[{\"@type\":\"WebPage\",\"@id\":\"https:\/\/ultramagic.com\/es\/hinchables\/beachflags\/\",\"url\":\"https:\/\/ultramagic.com\/es\/hinchables\/beachflags\/\",\"name\":\"Beachflags - Ultramagic\",\"isPartOf\":{\"@id\":\"https:\/\/ultramagic.com\/#website\"},\"primaryImageOfPage\":{\"@id\":\"https:\/\/ultramagic.com\/es\/hinchables\/beachflags\/#primaryimage\"},\"image\":{\"@id\":\"https:\/\/ultramagic.com\/es\/hinchables\/beachflags\/#primaryimage\"},\"thumbnailUrl\":\"https:\/\/ultramagic.com\/wp-content\/uploads\/2017\/02\/banderes.jpg\",\"datePublished\":\"2017-02-14T10:11:40+00:00\",\"dateModified\":\"2017-02-14T11:12:44+00:00\",\"breadcrumb\":{\"@id\":\"https:\/\/ultramagic.com\/es\/hinchables\/beachflags\/#breadcrumb\"},\"inLanguage\":\"es\",\"potentialAction\":[{\"@type\":\"ReadAction\",\"target\":[\"https:\/\/ultramagic.com\/es\/hinchables\/beachflags\/\"]}]},{\"@type\":\"ImageObject\",\"inLanguage\":\"es\",\"@id\":\"https:\/\/ultramagic.com\/es\/hinchables\/beachflags\/#primaryimage\",\"url\":\"https:\/\/ultramagic.com\/wp-content\/uploads\/2017\/02\/banderes.jpg\",\"contentUrl\":\"https:\/\/ultramagic.com\/wp-content\/uploads\/2017\/02\/banderes.jpg\",\"width\":75,\"height\":75,\"caption\":\"OLYMPUS DIGITAL CAMERA\"},{\"@type\":\"BreadcrumbList\",\"@id\":\"https:\/\/ultramagic.com\/es\/hinchables\/beachflags\/#breadcrumb\",\"itemListElement\":[{\"@type\":\"ListItem\",\"position\":1,\"name\":\"Home\",\"item\":\"https:\/\/ultramagic.com\/es\/\"},{\"@type\":\"ListItem\",\"position\":2,\"name\":\"Hinchables\",\"item\":\"https:\/\/ultramagic.com\/inflatables\/\"},{\"@type\":\"ListItem\",\"position\":3,\"name\":\"Beachflags\"}]},{\"@type\":\"WebSite\",\"@id\":\"https:\/\/ultramagic.com\/#website\",\"url\":\"https:\/\/ultramagic.com\/\",\"name\":\"Ultramagic\",\"description\":\"All about hot air balloon advertising industry and history.Hot air balloon photos and pictures. Enjoy the hot air balloon experience from your home.\",\"potentialAction\":[{\"@type\":\"SearchAction\",\"target\":{\"@type\":\"EntryPoint\",\"urlTemplate\":\"https:\/\/ultramagic.com\/?s={search_term_string}\"},\"query-input\":\"required name=search_term_string\"}],\"inLanguage\":\"es\"}]}<\/script>\n<!-- \/ Yoast SEO plugin. -->","yoast_head_json":{"title":"Beachflags - Ultramagic","robots":{"index":"index","follow":"follow","max-snippet":"max-snippet:-1","max-image-preview":"max-image-preview:large","max-video-preview":"max-video-preview:-1"},"canonical":"https:\/\/ultramagic.com\/es\/hinchables\/beachflags\/","og_locale":"es_ES","og_type":"article","og_title":"Beachflags - Ultramagic","og_description":"Disponemos de banderas tipo Beachflag, tambi\u00e9n conocidas como Fly Banner, perfectas para completar su kit de eventos. Nuestras banderas beachflags est\u00e1n disponibles en tres dise\u00f1os, Wing, Drop o Brick. Cada forma est\u00e1 disponible en \u00a0tres tama\u00f1os diferentes. Para las banderas se utiliza tejido Tafetta de alta densidad FR (Ign\u00edfugo), que se imprime mediante el m\u00e9todo [&hellip;]","og_url":"https:\/\/ultramagic.com\/es\/hinchables\/beachflags\/","og_site_name":"Ultramagic","article_publisher":"http:\/\/www.facebook.com\/ultramagicballons","article_modified_time":"2017-02-14T11:12:44+00:00","og_image":[{"width":75,"height":75,"url":"https:\/\/ultramagic.com\/wp-content\/uploads\/2017\/02\/banderes.jpg","type":"image\/jpeg"}],"twitter_card":"summary_large_image","twitter_site":"@umballoons","twitter_misc":{"Tiempo de lectura":"1 minuto"},"schema":{"@context":"https:\/\/schema.org","@graph":[{"@type":"WebPage","@id":"https:\/\/ultramagic.com\/es\/hinchables\/beachflags\/","url":"https:\/\/ultramagic.com\/es\/hinchables\/beachflags\/","name":"Beachflags - Ultramagic","isPartOf":{"@id":"https:\/\/ultramagic.com\/#website"},"primaryImageOfPage":{"@id":"https:\/\/ultramagic.com\/es\/hinchables\/beachflags\/#primaryimage"},"image":{"@id":"https:\/\/ultramagic.com\/es\/hinchables\/beachflags\/#primaryimage"},"thumbnailUrl":"https:\/\/ultramagic.com\/wp-content\/uploads\/2017\/02\/banderes.jpg","datePublished":"2017-02-14T10:11:40+00:00","dateModified":"2017-02-14T11:12:44+00:00","breadcrumb":{"@id":"https:\/\/ultramagic.com\/es\/hinchables\/beachflags\/#breadcrumb"},"inLanguage":"es","potentialAction":[{"@type":"ReadAction","target":["https:\/\/ultramagic.com\/es\/hinchables\/beachflags\/"]}]},{"@type":"ImageObject","inLanguage":"es","@id":"https:\/\/ultramagic.com\/es\/hinchables\/beachflags\/#primaryimage","url":"https:\/\/ultramagic.com\/wp-content\/uploads\/2017\/02\/banderes.jpg","contentUrl":"https:\/\/ultramagic.com\/wp-content\/uploads\/2017\/02\/banderes.jpg","width":75,"height":75,"caption":"OLYMPUS DIGITAL CAMERA"},{"@type":"BreadcrumbList","@id":"https:\/\/ultramagic.com\/es\/hinchables\/beachflags\/#breadcrumb","itemListElement":[{"@type":"ListItem","position":1,"name":"Home","item":"https:\/\/ultramagic.com\/es\/"},{"@type":"ListItem","position":2,"name":"Hinchables","item":"https:\/\/ultramagic.com\/inflatables\/"},{"@type":"ListItem","position":3,"name":"Beachflags"}]},{"@type":"WebSite","@id":"https:\/\/ultramagic.com\/#website","url":"https:\/\/ultramagic.com\/","name":"Ultramagic","description":"All about hot air balloon advertising industry and history.Hot air balloon photos and pictures. Enjoy the hot air balloon experience from your home.","potentialAction":[{"@type":"SearchAction","target":{"@type":"EntryPoint","urlTemplate":"https:\/\/ultramagic.com\/?s={search_term_string}"},"query-input":"required name=search_term_string"}],"inLanguage":"es"}]}},"_links":{"self":[{"href":"https:\/\/ultramagic.com\/es\/wp-json\/wp\/v2\/pages\/11118"}],"collection":[{"href":"https:\/\/ultramagic.com\/es\/wp-json\/wp\/v2\/pages"}],"about":[{"href":"https:\/\/ultramagic.com\/es\/wp-json\/wp\/v2\/types\/page"}],"author":[{"embeddable":true,"href":"https:\/\/ultramagic.com\/es\/wp-json\/wp\/v2\/users\/2"}],"replies":[{"embeddable":true,"href":"https:\/\/ultramagic.com\/es\/wp-json\/wp\/v2\/comments?post=11118"}],"version-history":[{"count":8,"href":"https:\/\/ultramagic.com\/es\/wp-json\/wp\/v2\/pages\/11118\/revisions"}],"predecessor-version":[{"id":11160,"href":"https:\/\/ultramagic.com\/es\/wp-json\/wp\/v2\/pages\/11118\/revisions\/11160"}],"up":[{"embeddable":true,"href":"https:\/\/ultramagic.com\/es\/wp-json\/wp\/v2\/pages\/9537"}],"wp:featuredmedia":[{"embeddable":true,"href":"https:\/\/ultramagic.com\/es\/wp-json\/wp\/v2\/media\/11128"}],"wp:attachment":[{"href":"https:\/\/ultramagic.com\/es\/wp-json\/wp\/v2\/media?parent=11118"}],"curies":[{"name":"wp","href":"https:\/\/api.w.org\/{rel}","templated":true}]}}