{"id":9792,"date":"2016-04-06T10:14:56","date_gmt":"2016-04-06T08:14:56","guid":{"rendered":"http:\/\/ultramagic.creagia.com\/ca\/?page_id=9792"},"modified":"2020-05-29T09:43:56","modified_gmt":"2020-05-29T07:43:56","slug":"privacitat-i-avis-legal","status":"publish","type":"page","link":"https:\/\/ultramagic.com\/ca\/privacitat-i-avis-legal\/","title":{"rendered":"Privacitat i Av\u00eds Legal"},"content":{"rendered":"<h2>Informaci\u00f3 sobre Protecci\u00f3 de dades<\/h2>\n<h4><strong>1. Dades relatives al Responsable<\/strong><\/h4>\n<p>Responsable de Tractament:<\/p>\n<ul>\n<li>Entitat: ULTRAMAGIC, SA<\/li>\n<li>CIF de l\u2019entitat: A08808214<\/li>\n<li>Adre\u00e7a de l\u2019entitat: AER\u00d2DROM GENERAL VIVES, S\/N \u2013 (08711) ODENA<\/li>\n<li>E-mail de l\u2019entitat: ADMIN@ULTRAMAGIC.COM<\/li>\n<li>Responsable del tractament: JOSEP MARIA LLAD\u00d3 COSTA<\/li>\n<li>Tel\u00e8fon del Responsable del tractament: 938042202<\/li>\n<li>Direcci\u00f3 e-mail del Responsable de tractament: ADMIN@ULTRAMAGIC.COM<\/li>\n<\/ul>\n<p>&nbsp;<\/p>\n<h4><strong>2. Finalitats<\/strong><\/h4>\n<p>&nbsp;&nbsp;&nbsp; En compliment de lo disposat al Reglament Europeu 2016\/679 General de Protecci\u00f3 de Dades i la Llei Org\u00e0nica 3\/2018 de Protecci\u00f3 de dades Personals i Garantia de Drets Digitals, li informem de qu\u00e8, depenent de la relaci\u00f3 que tingui amb nosaltres, a ULTRAMAGIC, SA tractem les dades que ens facilita per alguna, o totes, les seg\u00fcents finalitats:<\/p>\n<ul>\n<li>Compra\/venda de material<\/li>\n<li>Enviament d\u2019informaci\u00f3 comercial de l\u2019entitat mitjan\u00e7ant correu postal, correu electr\u00f2nic o d\u2019altres.<\/li>\n<li>Realitzar comandes<\/li>\n<\/ul>\n<p>&nbsp;<\/p>\n<h4><strong>3. Termini de conservaci\u00f3 de les dades<\/strong><\/h4>\n<p>Les seves dades seran conservades mentre duri la relaci\u00f3 contractual, comercial o d\u2019altre tipus amb la nostra entitat, sol\u00b7liciti la seva supressi\u00f3, aix\u00ed com el temps necessari per a complir les obligacions legals.<\/p>\n<p>&nbsp;<\/p>\n<h4><strong>4. Legitimaci\u00f3<\/strong><\/h4>\n<p>La base legal pel tractament de les seves dades radica per:<\/p>\n<ul>\n<li>Consentiment inequ\u00edvoc<\/li>\n<\/ul>\n<p>&nbsp;<\/p>\n<h4><strong>5. Destinataris<\/strong><\/h4>\n<p>Les seves dades personals seran comunicades a tercers en els seg\u00fcents sup\u00f2sits:<\/p>\n<ul>\n<li>A d\u2019altres encarregats de tractament se es requereix<\/li>\n<li>Entitats de publicitat i m\u00e0rqueting.<\/li>\n<\/ul>\n<p>&nbsp;<\/p>\n<h4><strong>6. Drets<\/strong><\/h4>\n<p>&nbsp;&nbsp;&nbsp; Te dret a obtenir confirmaci\u00f3 sobre si a ULTRAMAGIC, SA estem tractant dades personals que li concerneixin o no.<\/p>\n<p>Aix\u00ed mateix, te dret d\u2019acc\u00e9s a les seves dades personals, aix\u00ed com a sol\u00b7licitar la rectificaci\u00f3 de les dades inexactes o, en el seu &nbsp;&nbsp;&nbsp;&nbsp;&nbsp;&nbsp;cas, sol\u00b7licitar la supressi\u00f3 quan, entre d\u2019altres motius, les dades ja no siguin necess\u00e0ries per a la finalitat que van ser recollides.<\/p>\n<p>En determinades circumst\u00e0ncies, podr\u00e0 sol\u00b7licitar la limitaci\u00f3 de tractament de les seves dades, en aquest cas \u00fanicament els conservarem per a l\u2019exercici o la defensa de reclamacions.<\/p>\n<p>Addicionalment, en determinades circumst\u00e0ncies i per motius relacionats amb la seva situaci\u00f3 particular, podr\u00e0 exercir el dret d\u2019oposici\u00f3 al tractament de les seves dades. ULTRAMAGIC, SA deixar\u00e0 de tractar les dades, excepte per motius leg\u00edtims imperiosos, o l\u2019exercici o la defensa de possibles reclamacions.<\/p>\n<p>Aix\u00ed mateix, pot exercir el dret a la portabilitat de les dades, aix\u00ed com retirar els consentiments facilitats en qualsevol moment, sense que aix\u00f2 afecti a la licitud del tractament basat en el consentiment previ a la seva retirada.<\/p>\n<p>Si desitja fer \u00fas de qualsevol dels seus drets pot realitzar-los a trav\u00e9s dels enlla\u00e7os habilitats que trobar\u00e0 a continuaci\u00f3:<\/p>\n<ul>\n<li>Per a exercir el seu dret d\u2019 <strong>Acc\u00e9s<\/strong> faci clic <a href=\"https:\/\/intranet.milopd.com\/webApp\/clientes_derechos\/derechos-formulario.php?id_cliente=TDdEQWlSRjBHSVp5NVlFTUx5OXdGdz09\"><u>aqu\u00ed<\/u><\/a><\/li>\n<li>Per a exercir el seu dret de <strong>Rectificaci\u00f3 <\/strong>faci clic <a href=\"https:\/\/intranet.milopd.com\/webApp\/clientes_derechos\/derechos-formulario.php?id_cliente=TDdEQWlSRjBHSVp5NVlFTUx5OXdGdz09\"><u>aqu\u00ed<\/u><\/a><\/li>\n<li>Per a exercir el seu dret de <strong>Supressi\u00f3 (Oblit) <\/strong>faci clic <a href=\"https:\/\/intranet.milopd.com\/webApp\/clientes_derechos\/derechos-formulario.php?id_cliente=TDdEQWlSRjBHSVp5NVlFTUx5OXdGdz09\"><u>aqu\u00ed<\/u><\/a><\/li>\n<li>Per a exercir el seu dret de <strong>Limitaci\u00f3 del Tractament <\/strong>faci clic <a href=\"https:\/\/intranet.milopd.com\/webApp\/clientes_derechos\/derechos-formulario.php?id_cliente=TDdEQWlSRjBHSVp5NVlFTUx5OXdGdz09\"><u>aqu\u00ed<\/u><\/a><\/li>\n<li>Per a exercir el seu dret d\u2019 <strong>Oposici\u00f3 <\/strong>faci clic <a href=\"https:\/\/intranet.milopd.com\/webApp\/clientes_derechos\/derechos-formulario.php?id_cliente=TDdEQWlSRjBHSVp5NVlFTUx5OXdGdz09\"><u>aqu\u00ed<\/u><\/a><\/li>\n<li>Per a exercir el seu dret de <strong>Portabilitat <\/strong>faci clic <a href=\"https:\/\/intranet.milopd.com\/webApp\/clientes_derechos\/derechos-formulario.php?id_cliente=TDdEQWlSRjBHSVp5NVlFTUx5OXdGdz09\"><u>aqu\u00ed<\/u><\/a><\/li>\n<\/ul>\n<p>Alternativament, tamb\u00e9 pot dirigir-se a nosaltres mitjan\u00e7ant correu postal a la seg\u00fcent adre\u00e7a: AER\u00d2DROM GENERAL VIVES, S\/N \u2013 (08711) ODENA adjuntant una fotoc\u00f2pia del DNI, per a la certesa de la seva identitat. Recordi facilitar la major informaci\u00f3 possible sobre la seva sol\u00b7licitud. Nom i cognoms, direcci\u00f3 de correu electr\u00f2nic que utilitza&nbsp; pel compte o portal objecte de la seva sol\u00b7licitud.<\/p>\n<p>&nbsp;<\/p>\n<h4><strong>7.&nbsp;Pol\u00edtica de cookies<\/strong><\/h4>\n<p>Per a con\u00e8ixer les cookies que utilitzem a la nostra p\u00e0gina, recordi que pot accedir a la nostra Pol\u00edtica de Cookies a trav\u00e9s del seg\u00fcent enlla\u00e7 <a href=\"https:\/\/ultramagic.com\/ca\/cookies\/\"><u>pol\u00edtica de cookies<\/u><\/a><\/p>\n<h2>Av\u00eds legal<\/h2>\n<h4><strong>1. Objecte i acceptaci\u00f3<\/strong><\/h4>\n<p>El present av\u00eds legal regula l\u2019\u00fas del nostre lloc web, del qual \u00e9s titular ULTRAMAGIC, SA . La navegaci\u00f3 pel lloc web d\u2019 ULTRAMAGIC , SA&nbsp;&nbsp;&nbsp;&nbsp;&nbsp;&nbsp;&nbsp; atribueix la condici\u00f3 d\u2019usuari del mateix i implica l\u2019acceptaci\u00f3 plena i sense reserves de totes i cadascuna de les disposicions incloses a aquest Av\u00eds Legal, que poden sofrir modificacions. Vost\u00e8 s\u2019obliga a fer un \u00fas correcte del lloc web de conformitat amb les lleis, la bona fe, l\u2019ordre p\u00fablic, els usos del tr\u00e0fic i el present Avis Legal. Vost\u00e8 respondr\u00e0 davant d\u2019 ULTRAMAGIC, SA o davant de tercers, de qualsevol dany i perjudici que pogu\u00e9s causar-li com a conseq\u00fc\u00e8ncia de l\u2019incompliment d\u2019aquesta obligaci\u00f3.<\/p>\n<p>&nbsp;<\/p>\n<h4><strong>2. Identificaci\u00f3 i comunicacions<\/strong><\/h4>\n<p>ULTRAMAGIC, SA, en compliment de la Llei 34\/2002, de l\u201911 de juliol, de serveix de la societat de la informaci\u00f3 i de comer\u00e7 electr\u00f2nic, li informa que:<\/p>\n<ul>\n<li>La seva denominaci\u00f3 social \u00e9s: ULTRAMAGIC, SA<\/li>\n<li>El seu CIF \u00e9s: A08808214<\/li>\n<li>El seu domicili social est\u00e0 a: AER\u00d2DROM GENERAL VIVES, S\/N \u2013 (08711) ODENA<\/li>\n<\/ul>\n<p>Per a comunicar-se amb nosaltres, posem a la seva disposici\u00f3 diferents mitjans de contacte especificats a la pol\u00edtica de privacitat.<\/p>\n<p>Totes les notificacions i comunicacions que realitzi amb ULTRAMAGIC, SA es consideraran eficaces, a tots els efectes, sempre i quan es realitzin pels mitjans especificats anteriorment.<\/p>\n<p>&nbsp;<\/p>\n<h4><strong>3. Condicions d\u2019acc\u00e9s i utilitzaci\u00f3<\/strong><\/h4>\n<p>El lloc web i els seus serveis son d\u2019acc\u00e9s lliure, no obstant, ULTRAMAGIC, SA condiciona la utilitzaci\u00f3 d\u2019alguns dels serveis oferts a la seva web al previ emplenament del corresponent formulari.<\/p>\n<p>Vost\u00e8 garanteix l\u2019autenticitat i actualitat de totes aquelles dades que comuniqui a ULTRAMAGIC, SA i ser\u00e0 l\u2019\u00fanic responsable de les manifestacions falses o inexactes que realitzi.<\/p>\n<p>Vost\u00e8 es compromet expressament a fer un \u00fas adequat dels continguts i serveis de ULTRAMAGIC, SA i a no fer-los servir per a, entre d\u2019altres:<\/p>\n<ul>\n<li>Difondre continguts delictius, violents, pornogr\u00e0fics, racistes, xen\u00f2fobs, ofensius, d\u2019apologia del terrorisme o, en general, contraris a la llei i a l\u2019ordre p\u00fablic.<\/li>\n<li>Introduir a la xarxa virus inform\u00e0tics o realitzar actuacions susceptibles d\u2019alterar, espatllar, interrompre o generar errors o danys als documents electr\u00f2nics, dades o sistemes f\u00edsics i l\u00f2gics d\u2019 ULTRAMAGIC, SA o de terceres persones; aix\u00ed com obstaculitzar l\u2019acc\u00e9s d\u2019altres usuaris al lloc web i als seus serveis mitjan\u00e7ant el consum massiu dels recursos inform\u00e0tics a trav\u00e9s dels quals ULTRAMAGIC, SA presta els seus serveis.<\/li>\n<li>Intentar accedir a dades d\u2019altres persones o a \u00e0rees restringides dels sistemes inform\u00e0tics d\u2019 ULTRAMAGIC, SA o de tercers i, en el seu cas, extreure informaci\u00f3.<\/li>\n<li>Vulnerar els drets de propietat intel\u00b7lectual o industrial, aix\u00ed com violar la confidencialitat de la informaci\u00f3 d\u2019 ULTRAMAGIC, SA o de tercers.<\/li>\n<li>Suplantar la identitat d\u2019un altre usuari, de les administracions p\u00fabliques o d\u2019un tercer.<\/li>\n<li>Reproduir, copiar, distribuir, posar a disposici\u00f3 o de qualsevol altra forma comunicar p\u00fablicament, transformar o modificar els continguts, a menys que es compti amb l\u2019autoritzaci\u00f3 del titular dels corresponents drets o aix\u00f2 resulti legalment perm\u00e8s.<\/li>\n<li>Recaptar dades amb finalitat publicit\u00e0ria i de remetre publicitat de qualsevol classe i comunicacions amb finalitat de venta i d\u2019altres de naturalesa comercial sense que hi hagi la seva pr\u00e8via sol\u00b7licitud o consentiment.<\/li>\n<\/ul>\n<p>Tots els continguts del llocs web com textos, fotografies, gr\u00e0fics, imatges, icones, tecnologia, software, aix\u00ed com el seu disseny gr\u00e0fic i codis font, constitueixen una obra la propietat de la qual pertany a ULTRAMAGIC, SA , sense que puguin entendre\u2019s com cedits cap dels drets d\u2019explotaci\u00f3 sobre els mateixos m\u00e9s enll\u00e0 de lo estrictament necessari pel correcte \u00fas de la web.<\/p>\n<p>En definitiva, vost\u00e8 que accedeix a aquest lloc web, pot visualitzar els continguts i efectuar, en el seu cas, c\u00f2pies privades autoritzades sempre que els elements reprodu\u00efts no siguin cedits posteriorment a tercers, ni s\u2019instal\u00b7lin a servidors connectats a xarxes, ni siguin objecte de cap tipus d\u2019explotaci\u00f3.<\/p>\n<p>Aix\u00ed mateix, totes les marques, noms comercials o signes distintius de qualsevol classe que apareguin al lloc web son propietat de ULTRAMAGIC, SA, sense que es pugui entendre que l\u2019\u00fas o acc\u00e9s al mateix li atribueixi cap dret sobre els mateixos.<\/p>\n<p>La distribuci\u00f3, modificaci\u00f3, cessi\u00f3 o comunicaci\u00f3 p\u00fablica dels continguts i qualsevol altre acte que no hagi sigut expressament autoritzat pel titular dels drets d\u2019explotaci\u00f3 queden prohibits.<\/p>\n<p>L\u2019establiment d\u2019un hiperenlla\u00e7 no implica en cap cas l\u2019exist\u00e8ncia de relacions entre ULTRAMAGIC, SA i el propietari del lloc web al qual s\u2019estableixi, ni l\u2019acceptaci\u00f3 i aprovaci\u00f3 per part d\u2019 ULTRAMAGIC, SA dels seus continguts o serveis. Aquelles persones que es proposin establir un hiperenlla\u00e7 pr\u00e8viament deuran sol\u00b7licitar autoritzaci\u00f3 per escrit a ULTRAMAGIC, SA. En tot cas, l \u2019hiperenlla\u00e7 \u00fanicament permetr\u00e0 l\u2019acc\u00e9s a la home-Page o p\u00e0gina d\u2019inici del nostre lloc web, aix\u00ed mateix deur\u00e0 abstenir-se de realitzar manifestacions o indicacions falses, inexactes o incorrectes sobre ULTRAMAGIC, SA, o incloure continguts il\u00b7l\u00edcits, contraris a les bones costums i a l\u2019ordre p\u00fablic.<\/p>\n<p>ULTRAMAGIC, SA no es responsabilitza de l\u2019\u00fas que cadascun dels usuaris li doni als materials posats a disposici\u00f3 en aquest lloc web ni de les actuacions que realitzi en base als mateixos.<\/p>\n<p>&nbsp;<\/p>\n<h4><strong>4. Exclusi\u00f3 de garanties i de responsabilitat<\/strong><\/h4>\n<p>ULTRAMAGIC, SA exclou, fins on permet l\u2019ordenament jur\u00eddic, qualsevol responsabilitat pels danys i perjudicis de tota naturalesa derivats de:<\/p>\n<ul>\n<li>L\u2019impossibilitat d\u2019acc\u00e9s al lloc web o la falta de veracitat, exactitud, exhaustivitat i\/o actualitat dels continguts, aix\u00ed com l\u2019exist\u00e8ncia de visis i defectes de tota classe dels continguts transmesos, difosos, emmagatzemats, posats a disposici\u00f3, als que s\u2019hagi accedit a trav\u00e9s del lloc web o dels serveis que s\u2019ofereixen.<\/li>\n<li>La pres\u00e8ncia de virus o d\u2019altres elements en els continguts que puguin produir alteracions als sistemes inform\u00e0tics, documents electr\u00f2nics o dades dels usuaris.<\/li>\n<li>L\u2019incompliment de les lleis, la bona fe, l\u2019ordre p\u00fablic, els usos del tr\u00e0fic i el present av\u00eds legal com a conseq\u00fc\u00e8ncia de l\u2019\u00fas incorrecte del lloc web. En particular, i a manera d\u2019exemple, ULTRAMAGIC, SA no es fa responsable de les actuacions de tercers que vulnerin drets de propietat intel\u00b7lectual i industrial, secrets empresarials, drets a l\u2019honor, a la intimitat personal i familiar i a la pr\u00f2pia imatge, aix\u00ed com la normativa en mat\u00e8ria de compet\u00e8ncia deslleial i publicitat il\u00b7l\u00edcita.<\/li>\n<\/ul>\n<p>Aix\u00ed mateix, ULTRAMAGIC, SA declina qualsevol responsabilitat respecte a la informaci\u00f3 que es trobi for d\u2019aquesta web i no sigui gestionada directament pel nostre webmaster. La funci\u00f3 dels links que apareixen a aquesta web \u00e9s exclusivament la d\u2019informar a l\u2019usuari sobre l\u2019exist\u00e8ncia d\u2019altres fonts susceptibles d\u2019ampliar els continguts que ofereix aquest lloc web. ULTRAMAGIC, SA no garanteix ni es responsabilitza del funcionament o accessibilitat del llocs enlla\u00e7ats; ni suggereix, invita o recomana la visita dels mateixos, per la qual cosa tampoc ser\u00e0 responsable del resultat obtingut. ULTRAMAGIC, SA no es responsabilitza de l\u2019establiment d\u2019hiperv\u00edncles per part de tercers.<\/p>\n<p>&nbsp;<\/p>\n<h4><strong>5. Procediment en cas de realitzaci\u00f3 d\u2019activitats de car\u00e0cter il\u00b7l\u00edcit<\/strong><\/h4>\n<p>En el cas de que vost\u00e8 o un tercer consideri que existeixen fets o circumst\u00e0ncies que revelin el car\u00e0cter il\u00b7l\u00edcit de la utilitzaci\u00f3 de qualsevol contingut i\/o de la realitzaci\u00f3 de qualsevol activitat a les p\u00e0gines web incloses o accessibles a trav\u00e9s del lloc web, deur\u00e0 posar-se en contacte amb ULTRAMAGIC, SA identificant-se degudament, especificant les suposades infraccions i declarant expressament i sota la seva responsabilitat que la informaci\u00f3 proporcionada a la notificaci\u00f3 \u00e9s exacta.<\/p>\n<p>Per a tota q\u00fcesti\u00f3 litigiosa que incumbeixi al lloc web d\u2019 ULTRAMAGIC, SA , ser\u00e0 d\u2019aplicaci\u00f3 la legislaci\u00f3 espanyola, essent competents els Jutjats i Tribunals m\u00e9s propera a la SEDE d\u2019Espanya.<\/p>\n<p>&nbsp;<\/p>\n<h4><strong>6. Publicacions<\/strong><\/h4>\n<p>La informaci\u00f3 administrativa facilitada a trav\u00e9s del lloc web no substitueix la publicitat legal de les lleis, normatives, plans, disposicions generals i actes que hagin de ser publicats formalment als diaris oficials de les administracions p\u00fabliques, que constitueixen l\u2019\u00fanic instrument que dona fe de la seva autenticitat i contingut. La informaci\u00f3 disponible a aquest lloc web deu entendre\u2019s com a una guia sense prop\u00f2sit de validesa legal.<\/p>\n","protected":false},"excerpt":{"rendered":"<p>Informaci\u00f3 sobre Protecci\u00f3 de dades 1. Dades relatives al Responsable Responsable de Tractament: Entitat: ULTRAMAGIC, SA CIF de l\u2019entitat: A08808214 Adre\u00e7a de l\u2019entitat: AER\u00d2DROM GENERAL VIVES, S\/N \u2013 (08711) ODENA E-mail de l\u2019entitat: ADMIN@ULTRAMAGIC.COM Responsable del tractament: JOSEP MARIA LLAD\u00d3 COSTA Tel\u00e8fon del Responsable del tractament: 938042202 Direcci\u00f3 e-mail del Responsable de tractament: ADMIN@ULTRAMAGIC.COM &nbsp; [&hellip;]<\/p>\n","protected":false},"author":1,"featured_media":0,"parent":0,"menu_order":0,"comment_status":"closed","ping_status":"closed","template":"","meta":{"ngg_post_thumbnail":0,"footnotes":""},"yoast_head":"<!-- This site is optimized with the Yoast SEO plugin v22.7 - https:\/\/yoast.com\/wordpress\/plugins\/seo\/ -->\n<title>Privacitat i Av\u00eds Legal - Ultramagic<\/title>\n<meta name=\"robots\" content=\"index, follow, max-snippet:-1, max-image-preview:large, max-video-preview:-1\" \/>\n<link rel=\"canonical\" href=\"https:\/\/ultramagic.com\/privacy-and-legal-warning\/\" \/>\n<meta property=\"og:locale\" content=\"ca_ES\" \/>\n<meta property=\"og:type\" content=\"article\" \/>\n<meta property=\"og:title\" content=\"Privacitat i Av\u00eds Legal - Ultramagic\" \/>\n<meta property=\"og:description\" content=\"Informaci\u00f3 sobre Protecci\u00f3 de dades 1. Dades relatives al Responsable Responsable de Tractament: Entitat: ULTRAMAGIC, SA CIF de l\u2019entitat: A08808214 Adre\u00e7a de l\u2019entitat: AER\u00d2DROM GENERAL VIVES, S\/N \u2013 (08711) ODENA E-mail de l\u2019entitat: ADMIN@ULTRAMAGIC.COM Responsable del tractament: JOSEP MARIA LLAD\u00d3 COSTA Tel\u00e8fon del Responsable del tractament: 938042202 Direcci\u00f3 e-mail del Responsable de tractament: ADMIN@ULTRAMAGIC.COM &nbsp; [&hellip;]\" \/>\n<meta property=\"og:url\" content=\"https:\/\/ultramagic.com\/privacy-and-legal-warning\/\" \/>\n<meta property=\"og:site_name\" content=\"Ultramagic\" \/>\n<meta property=\"article:publisher\" content=\"http:\/\/www.facebook.com\/ultramagicballons\" \/>\n<meta property=\"article:modified_time\" content=\"2020-05-29T07:43:56+00:00\" \/>\n<meta name=\"twitter:card\" content=\"summary_large_image\" \/>\n<meta name=\"twitter:site\" content=\"@umballoons\" \/>\n<meta name=\"twitter:label1\" content=\"Temps estimat de lectura\" \/>\n\t<meta name=\"twitter:data1\" content=\"10 minuts\" \/>\n<script type=\"application\/ld+json\" class=\"yoast-schema-graph\">{\"@context\":\"https:\/\/schema.org\",\"@graph\":[{\"@type\":\"WebPage\",\"@id\":\"https:\/\/ultramagic.com\/privacy-and-legal-warning\/\",\"url\":\"https:\/\/ultramagic.com\/privacy-and-legal-warning\/\",\"name\":\"Privacitat i Av\u00eds Legal - Ultramagic\",\"isPartOf\":{\"@id\":\"https:\/\/ultramagic.com\/#website\"},\"datePublished\":\"2016-04-06T08:14:56+00:00\",\"dateModified\":\"2020-05-29T07:43:56+00:00\",\"breadcrumb\":{\"@id\":\"https:\/\/ultramagic.com\/privacy-and-legal-warning\/#breadcrumb\"},\"inLanguage\":\"ca\",\"potentialAction\":[{\"@type\":\"ReadAction\",\"target\":[\"https:\/\/ultramagic.com\/privacy-and-legal-warning\/\"]}]},{\"@type\":\"BreadcrumbList\",\"@id\":\"https:\/\/ultramagic.com\/privacy-and-legal-warning\/#breadcrumb\",\"itemListElement\":[{\"@type\":\"ListItem\",\"position\":1,\"name\":\"Home\",\"item\":\"https:\/\/ultramagic.com\/ca\/\"},{\"@type\":\"ListItem\",\"position\":2,\"name\":\"Privacitat i Av\u00eds Legal\"}]},{\"@type\":\"WebSite\",\"@id\":\"https:\/\/ultramagic.com\/#website\",\"url\":\"https:\/\/ultramagic.com\/\",\"name\":\"Ultramagic\",\"description\":\"All about hot air balloon advertising industry and history.Hot air balloon photos and pictures. Enjoy the hot air balloon experience from your home.\",\"potentialAction\":[{\"@type\":\"SearchAction\",\"target\":{\"@type\":\"EntryPoint\",\"urlTemplate\":\"https:\/\/ultramagic.com\/?s={search_term_string}\"},\"query-input\":\"required name=search_term_string\"}],\"inLanguage\":\"ca\"}]}<\/script>\n<!-- \/ Yoast SEO plugin. -->","yoast_head_json":{"title":"Privacitat i Av\u00eds Legal - Ultramagic","robots":{"index":"index","follow":"follow","max-snippet":"max-snippet:-1","max-image-preview":"max-image-preview:large","max-video-preview":"max-video-preview:-1"},"canonical":"https:\/\/ultramagic.com\/privacy-and-legal-warning\/","og_locale":"ca_ES","og_type":"article","og_title":"Privacitat i Av\u00eds Legal - Ultramagic","og_description":"Informaci\u00f3 sobre Protecci\u00f3 de dades 1. Dades relatives al Responsable Responsable de Tractament: Entitat: ULTRAMAGIC, SA CIF de l\u2019entitat: A08808214 Adre\u00e7a de l\u2019entitat: AER\u00d2DROM GENERAL VIVES, S\/N \u2013 (08711) ODENA E-mail de l\u2019entitat: ADMIN@ULTRAMAGIC.COM Responsable del tractament: JOSEP MARIA LLAD\u00d3 COSTA Tel\u00e8fon del Responsable del tractament: 938042202 Direcci\u00f3 e-mail del Responsable de tractament: ADMIN@ULTRAMAGIC.COM &nbsp; [&hellip;]","og_url":"https:\/\/ultramagic.com\/privacy-and-legal-warning\/","og_site_name":"Ultramagic","article_publisher":"http:\/\/www.facebook.com\/ultramagicballons","article_modified_time":"2020-05-29T07:43:56+00:00","twitter_card":"summary_large_image","twitter_site":"@umballoons","twitter_misc":{"Temps estimat de lectura":"10 minuts"},"schema":{"@context":"https:\/\/schema.org","@graph":[{"@type":"WebPage","@id":"https:\/\/ultramagic.com\/privacy-and-legal-warning\/","url":"https:\/\/ultramagic.com\/privacy-and-legal-warning\/","name":"Privacitat i Av\u00eds Legal - Ultramagic","isPartOf":{"@id":"https:\/\/ultramagic.com\/#website"},"datePublished":"2016-04-06T08:14:56+00:00","dateModified":"2020-05-29T07:43:56+00:00","breadcrumb":{"@id":"https:\/\/ultramagic.com\/privacy-and-legal-warning\/#breadcrumb"},"inLanguage":"ca","potentialAction":[{"@type":"ReadAction","target":["https:\/\/ultramagic.com\/privacy-and-legal-warning\/"]}]},{"@type":"BreadcrumbList","@id":"https:\/\/ultramagic.com\/privacy-and-legal-warning\/#breadcrumb","itemListElement":[{"@type":"ListItem","position":1,"name":"Home","item":"https:\/\/ultramagic.com\/ca\/"},{"@type":"ListItem","position":2,"name":"Privacitat i Av\u00eds Legal"}]},{"@type":"WebSite","@id":"https:\/\/ultramagic.com\/#website","url":"https:\/\/ultramagic.com\/","name":"Ultramagic","description":"All about hot air balloon advertising industry and history.Hot air balloon photos and pictures. Enjoy the hot air balloon experience from your home.","potentialAction":[{"@type":"SearchAction","target":{"@type":"EntryPoint","urlTemplate":"https:\/\/ultramagic.com\/?s={search_term_string}"},"query-input":"required name=search_term_string"}],"inLanguage":"ca"}]}},"_links":{"self":[{"href":"https:\/\/ultramagic.com\/ca\/wp-json\/wp\/v2\/pages\/9792"}],"collection":[{"href":"https:\/\/ultramagic.com\/ca\/wp-json\/wp\/v2\/pages"}],"about":[{"href":"https:\/\/ultramagic.com\/ca\/wp-json\/wp\/v2\/types\/page"}],"author":[{"embeddable":true,"href":"https:\/\/ultramagic.com\/ca\/wp-json\/wp\/v2\/users\/1"}],"replies":[{"embeddable":true,"href":"https:\/\/ultramagic.com\/ca\/wp-json\/wp\/v2\/comments?post=9792"}],"version-history":[{"count":9,"href":"https:\/\/ultramagic.com\/ca\/wp-json\/wp\/v2\/pages\/9792\/revisions"}],"predecessor-version":[{"id":15606,"href":"https:\/\/ultramagic.com\/ca\/wp-json\/wp\/v2\/pages\/9792\/revisions\/15606"}],"wp:attachment":[{"href":"https:\/\/ultramagic.com\/ca\/wp-json\/wp\/v2\/media?parent=9792"}],"curies":[{"name":"wp","href":"https:\/\/api.w.org\/{rel}","templated":true}]}}