{"id":9683,"date":"2016-04-05T19:24:38","date_gmt":"2016-04-05T17:24:38","guid":{"rendered":"http:\/\/ultramagic.creagia.com\/ca\/?page_id=9683"},"modified":"2016-11-09T15:36:51","modified_gmt":"2016-11-09T14:36:51","slug":"cistelles-accessibles","status":"publish","type":"page","link":"https:\/\/ultramagic.com\/ca\/globus-aerostatics\/cistelles\/cistelles-accessibles\/","title":{"rendered":"Cistelles accessibles"},"content":{"rendered":"<blockquote><p>Expandint la diversi\u00f3 i la llibertat a m\u00e9s persones <\/p><\/blockquote>\n<p>Fa molts anys Ultramagic va donar \u00e8mfasi en els requisits necessaris pel n\u00famero creixent de gent amb un gran desig de voler per\u00f2 que no podien utilitzar l\u2019equipament est\u00e0ndard de les cistelles. Despr\u00e9s d\u2019una gran investigaci\u00f3, Ultramagic va crear un sistema de porta s\u00faper segura i dura. Aquesta porta s\u2019obre literalment per poder entrar f\u00e0cilment. \u00c9s impossible que la porta s\u2019obri accidentalment quan estan els pestells i els accessoris de seguretat tancats. Aquest sistema, quan est\u00e0 tancat, d\u00f3na una estructura suficientment r\u00edgida per tal de resistir aterratges durs. La porta es pot complementar amb un seient lligat al terra o una cadira de rodes amb la m\u00e0xima seguretat. La porta i el sistema d\u2019adher\u00e8ncia al terra estan dissenyats per encaixar en qualsevol tipus i mida de cistella. Permeten l\u2019\u00fas de qualsevol sistema utilitzant un cintur\u00f3 d\u2019aviaci\u00f3 lligat al terra. Depenent de la cistella, es podran col\u00b7locar m\u00e9s o menys seients o cadires de rodes. Qualsevol dels seients pot treure\u2019s en cas de necessitar la configuraci\u00f3 est\u00e0ndard de la cistella. El sistema de la porta pot subministrar sense rail de seient equipat.<\/p>\n<h4><\/h4>\n<div id='gallery-1' class='gallery galleryid-9683 gallery-columns-2 gallery-size-medium'><dl class='gallery-item'>\n\t\t\t<dt class='gallery-icon landscape'>\n\t\t\t\t<a href='https:\/\/ultramagic.com\/wp-content\/uploads\/2016\/02\/accessible-baskets2.jpg'><img loading=\"lazy\" decoding=\"async\" width=\"300\" height=\"279\" src=\"https:\/\/ultramagic.com\/wp-content\/uploads\/2016\/02\/accessible-baskets2-300x279.jpg\" class=\"attachment-medium size-medium\" alt=\"\" srcset=\"https:\/\/ultramagic.com\/wp-content\/uploads\/2016\/02\/accessible-baskets2-300x279.jpg 300w, https:\/\/ultramagic.com\/wp-content\/uploads\/2016\/02\/accessible-baskets2.jpg 762w\" sizes=\"(max-width: 300px) 100vw, 300px\" \/><\/a>\n\t\t\t<\/dt><\/dl>\n\t\t\t<br style='clear: both' \/>\n\t\t<\/div>\n\n<h4><\/h4>\n<blockquote><p>Seients accionats el\u00e8ctricament<\/p><\/blockquote>\n<p>Hem instal\u00b7lat seients durant molts anys, per\u00f2 hem reconegut la necessitat de desenvolupar un sistema per millorar l\u2019experi\u00e8ncia de la persona que hi estigui asseguda. Ara oferim seients que es mouen el\u00e8ctricament en moviments verticals per tal de millorar la visi\u00f3 total de vol mentre l\u2019ocupant estigui assegut de forma segura amb un arn\u00e9s. El seient pot ser manipulat per l\u2019ocupant o b\u00e9, per una persona supervisora. El fet de poder moure el seient permet a l\u2019ocupant tenir la mateixa visibilitat que una persona de peu. <\/p>\n<p>Aquest sistema est\u00e0 completament certificat, aprovat i instal\u00b7lat en conjunci\u00f3 amb els nostres sistemes de f\u00e0cil entrada, les portes. S\u2019instal\u00b7la a la cistella utilitzant un rail d\u2019aviaci\u00f3 que pot treure\u2019s f\u00e0cilment quan sigui necessari. Les oportunitats per utilitzar aquesta facilitat s\u00f3n moltes: vols confortables per persones de major edat o amb alguna discapacitat, vols de prova per pilots amb alguna discapacitat i vols de llarga duraci\u00f3 per pilots m\u00e9s grans!<\/p>\n<p>&nbsp;<\/p>\n<p>&nbsp;<\/p>\n<div id='gallery-2' class='gallery galleryid-9683 gallery-columns-3 gallery-size-medium'><dl class='gallery-item'>\n\t\t\t<dt class='gallery-icon landscape'>\n\t\t\t\t<a href='https:\/\/ultramagic.com\/wp-content\/uploads\/2016\/02\/cistella-cadira-rodes.jpg'><img loading=\"lazy\" decoding=\"async\" width=\"300\" height=\"293\" src=\"https:\/\/ultramagic.com\/wp-content\/uploads\/2016\/02\/cistella-cadira-rodes-300x293.jpg\" class=\"attachment-medium size-medium\" alt=\"\" srcset=\"https:\/\/ultramagic.com\/wp-content\/uploads\/2016\/02\/cistella-cadira-rodes-300x293.jpg 300w, https:\/\/ultramagic.com\/wp-content\/uploads\/2016\/02\/cistella-cadira-rodes-768x750.jpg 768w, https:\/\/ultramagic.com\/wp-content\/uploads\/2016\/02\/cistella-cadira-rodes.jpg 900w\" sizes=\"(max-width: 300px) 100vw, 300px\" \/><\/a>\n\t\t\t<\/dt><\/dl><dl class='gallery-item'>\n\t\t\t<dt class='gallery-icon landscape'>\n\t\t\t\t<a href='https:\/\/ultramagic.com\/wp-content\/uploads\/2016\/02\/cistella-cadira-avall.jpg'><img loading=\"lazy\" decoding=\"async\" width=\"300\" height=\"293\" src=\"https:\/\/ultramagic.com\/wp-content\/uploads\/2016\/02\/cistella-cadira-avall-300x293.jpg\" class=\"attachment-medium size-medium\" alt=\"\" srcset=\"https:\/\/ultramagic.com\/wp-content\/uploads\/2016\/02\/cistella-cadira-avall-300x293.jpg 300w, https:\/\/ultramagic.com\/wp-content\/uploads\/2016\/02\/cistella-cadira-avall-768x750.jpg 768w, https:\/\/ultramagic.com\/wp-content\/uploads\/2016\/02\/cistella-cadira-avall.jpg 900w\" sizes=\"(max-width: 300px) 100vw, 300px\" \/><\/a>\n\t\t\t<\/dt><\/dl><dl class='gallery-item'>\n\t\t\t<dt class='gallery-icon landscape'>\n\t\t\t\t<a href='https:\/\/ultramagic.com\/wp-content\/uploads\/2016\/02\/cistella-cadira-amunt.jpg'><img loading=\"lazy\" decoding=\"async\" width=\"300\" height=\"293\" src=\"https:\/\/ultramagic.com\/wp-content\/uploads\/2016\/02\/cistella-cadira-amunt-300x293.jpg\" class=\"attachment-medium size-medium\" alt=\"\" srcset=\"https:\/\/ultramagic.com\/wp-content\/uploads\/2016\/02\/cistella-cadira-amunt-300x293.jpg 300w, https:\/\/ultramagic.com\/wp-content\/uploads\/2016\/02\/cistella-cadira-amunt-768x750.jpg 768w, https:\/\/ultramagic.com\/wp-content\/uploads\/2016\/02\/cistella-cadira-amunt.jpg 900w\" sizes=\"(max-width: 300px) 100vw, 300px\" \/><\/a>\n\t\t\t<\/dt><\/dl><br style=\"clear: both\" \/>\n\t\t<\/div>\n\n<h4><\/h4>\n<h4><span style=\"color: #000080;\"><strong>Una vegada m\u00e9s Ultramagic lidera el cam\u00ed en tecnologia per globus!<\/strong><\/span><\/h4>\n","protected":false},"excerpt":{"rendered":"<p>Expandint la diversi\u00f3 i la llibertat a m\u00e9s persones Fa molts anys Ultramagic va donar \u00e8mfasi en els requisits necessaris pel n\u00famero creixent de gent amb un gran desig de voler per\u00f2 que no podien utilitzar l\u2019equipament est\u00e0ndard de les cistelles. Despr\u00e9s d\u2019una gran investigaci\u00f3, Ultramagic va crear un sistema de porta s\u00faper segura i [&hellip;]<\/p>\n","protected":false},"author":1,"featured_media":10502,"parent":9643,"menu_order":0,"comment_status":"closed","ping_status":"closed","template":"page-globus-fill.php","meta":{"ngg_post_thumbnail":0,"footnotes":""},"yoast_head":"<!-- This site is optimized with the Yoast SEO plugin v22.7 - https:\/\/yoast.com\/wordpress\/plugins\/seo\/ -->\n<title>Cistelles accessibles - Ultramagic<\/title>\n<meta name=\"robots\" content=\"index, follow, max-snippet:-1, max-image-preview:large, max-video-preview:-1\" \/>\n<link rel=\"canonical\" href=\"https:\/\/ultramagic.com\/hot-air-balloons\/baskets\/accessible-baskets\/\" \/>\n<meta property=\"og:locale\" content=\"ca_ES\" \/>\n<meta property=\"og:type\" content=\"article\" \/>\n<meta property=\"og:title\" content=\"Cistelles accessibles - Ultramagic\" \/>\n<meta property=\"og:description\" content=\"Expandint la diversi\u00f3 i la llibertat a m\u00e9s persones Fa molts anys Ultramagic va donar \u00e8mfasi en els requisits necessaris pel n\u00famero creixent de gent amb un gran desig de voler per\u00f2 que no podien utilitzar l\u2019equipament est\u00e0ndard de les cistelles. Despr\u00e9s d\u2019una gran investigaci\u00f3, Ultramagic va crear un sistema de porta s\u00faper segura i [&hellip;]\" \/>\n<meta property=\"og:url\" content=\"https:\/\/ultramagic.com\/hot-air-balloons\/baskets\/accessible-baskets\/\" \/>\n<meta property=\"og:site_name\" content=\"Ultramagic\" \/>\n<meta property=\"article:publisher\" content=\"http:\/\/www.facebook.com\/ultramagicballons\" \/>\n<meta property=\"article:modified_time\" content=\"2016-11-09T14:36:51+00:00\" \/>\n<meta property=\"og:image\" content=\"https:\/\/ultramagic.com\/wp-content\/uploads\/2016\/02\/accessible-baskets2.jpg\" \/>\n\t<meta property=\"og:image:width\" content=\"762\" \/>\n\t<meta property=\"og:image:height\" content=\"709\" \/>\n\t<meta property=\"og:image:type\" content=\"image\/jpeg\" \/>\n<meta name=\"twitter:card\" content=\"summary_large_image\" \/>\n<meta name=\"twitter:site\" content=\"@umballoons\" \/>\n<meta name=\"twitter:label1\" content=\"Temps estimat de lectura\" \/>\n\t<meta name=\"twitter:data1\" content=\"2 minuts\" \/>\n<script type=\"application\/ld+json\" class=\"yoast-schema-graph\">{\"@context\":\"https:\/\/schema.org\",\"@graph\":[{\"@type\":\"WebPage\",\"@id\":\"https:\/\/ultramagic.com\/hot-air-balloons\/baskets\/accessible-baskets\/\",\"url\":\"https:\/\/ultramagic.com\/hot-air-balloons\/baskets\/accessible-baskets\/\",\"name\":\"Cistelles accessibles - Ultramagic\",\"isPartOf\":{\"@id\":\"https:\/\/ultramagic.com\/#website\"},\"primaryImageOfPage\":{\"@id\":\"https:\/\/ultramagic.com\/hot-air-balloons\/baskets\/accessible-baskets\/#primaryimage\"},\"image\":{\"@id\":\"https:\/\/ultramagic.com\/hot-air-balloons\/baskets\/accessible-baskets\/#primaryimage\"},\"thumbnailUrl\":\"https:\/\/ultramagic.com\/wp-content\/uploads\/2016\/02\/accessible-baskets2.jpg\",\"datePublished\":\"2016-04-05T17:24:38+00:00\",\"dateModified\":\"2016-11-09T14:36:51+00:00\",\"breadcrumb\":{\"@id\":\"https:\/\/ultramagic.com\/hot-air-balloons\/baskets\/accessible-baskets\/#breadcrumb\"},\"inLanguage\":\"ca\",\"potentialAction\":[{\"@type\":\"ReadAction\",\"target\":[\"https:\/\/ultramagic.com\/hot-air-balloons\/baskets\/accessible-baskets\/\"]}]},{\"@type\":\"ImageObject\",\"inLanguage\":\"ca\",\"@id\":\"https:\/\/ultramagic.com\/hot-air-balloons\/baskets\/accessible-baskets\/#primaryimage\",\"url\":\"https:\/\/ultramagic.com\/wp-content\/uploads\/2016\/02\/accessible-baskets2.jpg\",\"contentUrl\":\"https:\/\/ultramagic.com\/wp-content\/uploads\/2016\/02\/accessible-baskets2.jpg\",\"width\":762,\"height\":709},{\"@type\":\"BreadcrumbList\",\"@id\":\"https:\/\/ultramagic.com\/hot-air-balloons\/baskets\/accessible-baskets\/#breadcrumb\",\"itemListElement\":[{\"@type\":\"ListItem\",\"position\":1,\"name\":\"Home\",\"item\":\"https:\/\/ultramagic.com\/ca\/\"},{\"@type\":\"ListItem\",\"position\":2,\"name\":\"Globus aerost\u00e0tics\",\"item\":\"https:\/\/ultramagic.com\/hot-air-balloons\/\"},{\"@type\":\"ListItem\",\"position\":3,\"name\":\"Cistelles\",\"item\":\"https:\/\/ultramagic.com\/hot-air-balloons\/baskets\/\"},{\"@type\":\"ListItem\",\"position\":4,\"name\":\"Cistelles accessibles\"}]},{\"@type\":\"WebSite\",\"@id\":\"https:\/\/ultramagic.com\/#website\",\"url\":\"https:\/\/ultramagic.com\/\",\"name\":\"Ultramagic\",\"description\":\"All about hot air balloon advertising industry and history.Hot air balloon photos and pictures. Enjoy the hot air balloon experience from your home.\",\"potentialAction\":[{\"@type\":\"SearchAction\",\"target\":{\"@type\":\"EntryPoint\",\"urlTemplate\":\"https:\/\/ultramagic.com\/?s={search_term_string}\"},\"query-input\":\"required name=search_term_string\"}],\"inLanguage\":\"ca\"}]}<\/script>\n<!-- \/ Yoast SEO plugin. -->","yoast_head_json":{"title":"Cistelles accessibles - Ultramagic","robots":{"index":"index","follow":"follow","max-snippet":"max-snippet:-1","max-image-preview":"max-image-preview:large","max-video-preview":"max-video-preview:-1"},"canonical":"https:\/\/ultramagic.com\/hot-air-balloons\/baskets\/accessible-baskets\/","og_locale":"ca_ES","og_type":"article","og_title":"Cistelles accessibles - Ultramagic","og_description":"Expandint la diversi\u00f3 i la llibertat a m\u00e9s persones Fa molts anys Ultramagic va donar \u00e8mfasi en els requisits necessaris pel n\u00famero creixent de gent amb un gran desig de voler per\u00f2 que no podien utilitzar l\u2019equipament est\u00e0ndard de les cistelles. Despr\u00e9s d\u2019una gran investigaci\u00f3, Ultramagic va crear un sistema de porta s\u00faper segura i [&hellip;]","og_url":"https:\/\/ultramagic.com\/hot-air-balloons\/baskets\/accessible-baskets\/","og_site_name":"Ultramagic","article_publisher":"http:\/\/www.facebook.com\/ultramagicballons","article_modified_time":"2016-11-09T14:36:51+00:00","og_image":[{"width":762,"height":709,"url":"https:\/\/ultramagic.com\/wp-content\/uploads\/2016\/02\/accessible-baskets2.jpg","type":"image\/jpeg"}],"twitter_card":"summary_large_image","twitter_site":"@umballoons","twitter_misc":{"Temps estimat de lectura":"2 minuts"},"schema":{"@context":"https:\/\/schema.org","@graph":[{"@type":"WebPage","@id":"https:\/\/ultramagic.com\/hot-air-balloons\/baskets\/accessible-baskets\/","url":"https:\/\/ultramagic.com\/hot-air-balloons\/baskets\/accessible-baskets\/","name":"Cistelles accessibles - Ultramagic","isPartOf":{"@id":"https:\/\/ultramagic.com\/#website"},"primaryImageOfPage":{"@id":"https:\/\/ultramagic.com\/hot-air-balloons\/baskets\/accessible-baskets\/#primaryimage"},"image":{"@id":"https:\/\/ultramagic.com\/hot-air-balloons\/baskets\/accessible-baskets\/#primaryimage"},"thumbnailUrl":"https:\/\/ultramagic.com\/wp-content\/uploads\/2016\/02\/accessible-baskets2.jpg","datePublished":"2016-04-05T17:24:38+00:00","dateModified":"2016-11-09T14:36:51+00:00","breadcrumb":{"@id":"https:\/\/ultramagic.com\/hot-air-balloons\/baskets\/accessible-baskets\/#breadcrumb"},"inLanguage":"ca","potentialAction":[{"@type":"ReadAction","target":["https:\/\/ultramagic.com\/hot-air-balloons\/baskets\/accessible-baskets\/"]}]},{"@type":"ImageObject","inLanguage":"ca","@id":"https:\/\/ultramagic.com\/hot-air-balloons\/baskets\/accessible-baskets\/#primaryimage","url":"https:\/\/ultramagic.com\/wp-content\/uploads\/2016\/02\/accessible-baskets2.jpg","contentUrl":"https:\/\/ultramagic.com\/wp-content\/uploads\/2016\/02\/accessible-baskets2.jpg","width":762,"height":709},{"@type":"BreadcrumbList","@id":"https:\/\/ultramagic.com\/hot-air-balloons\/baskets\/accessible-baskets\/#breadcrumb","itemListElement":[{"@type":"ListItem","position":1,"name":"Home","item":"https:\/\/ultramagic.com\/ca\/"},{"@type":"ListItem","position":2,"name":"Globus aerost\u00e0tics","item":"https:\/\/ultramagic.com\/hot-air-balloons\/"},{"@type":"ListItem","position":3,"name":"Cistelles","item":"https:\/\/ultramagic.com\/hot-air-balloons\/baskets\/"},{"@type":"ListItem","position":4,"name":"Cistelles accessibles"}]},{"@type":"WebSite","@id":"https:\/\/ultramagic.com\/#website","url":"https:\/\/ultramagic.com\/","name":"Ultramagic","description":"All about hot air balloon advertising industry and history.Hot air balloon photos and pictures. Enjoy the hot air balloon experience from your home.","potentialAction":[{"@type":"SearchAction","target":{"@type":"EntryPoint","urlTemplate":"https:\/\/ultramagic.com\/?s={search_term_string}"},"query-input":"required name=search_term_string"}],"inLanguage":"ca"}]}},"_links":{"self":[{"href":"https:\/\/ultramagic.com\/ca\/wp-json\/wp\/v2\/pages\/9683"}],"collection":[{"href":"https:\/\/ultramagic.com\/ca\/wp-json\/wp\/v2\/pages"}],"about":[{"href":"https:\/\/ultramagic.com\/ca\/wp-json\/wp\/v2\/types\/page"}],"author":[{"embeddable":true,"href":"https:\/\/ultramagic.com\/ca\/wp-json\/wp\/v2\/users\/1"}],"replies":[{"embeddable":true,"href":"https:\/\/ultramagic.com\/ca\/wp-json\/wp\/v2\/comments?post=9683"}],"version-history":[{"count":7,"href":"https:\/\/ultramagic.com\/ca\/wp-json\/wp\/v2\/pages\/9683\/revisions"}],"predecessor-version":[{"id":10923,"href":"https:\/\/ultramagic.com\/ca\/wp-json\/wp\/v2\/pages\/9683\/revisions\/10923"}],"up":[{"embeddable":true,"href":"https:\/\/ultramagic.com\/ca\/wp-json\/wp\/v2\/pages\/9643"}],"wp:featuredmedia":[{"embeddable":true,"href":"https:\/\/ultramagic.com\/ca\/wp-json\/wp\/v2\/media\/10502"}],"wp:attachment":[{"href":"https:\/\/ultramagic.com\/ca\/wp-json\/wp\/v2\/media?parent=9683"}],"curies":[{"name":"wp","href":"https:\/\/api.w.org\/{rel}","templated":true}]}}