{"id":9672,"date":"2016-04-05T19:23:32","date_gmt":"2016-04-05T17:23:32","guid":{"rendered":"http:\/\/ultramagic.creagia.com\/ca\/?page_id=9672"},"modified":"2016-11-09T14:28:42","modified_gmt":"2016-11-09T13:28:42","slug":"v-series","status":"publish","type":"page","link":"https:\/\/ultramagic.com\/ca\/globus-aerostatics\/embolcalls\/v-series\/","title":{"rendered":"V SERIES"},"content":{"rendered":"<blockquote><p>Tall vertical suau dissenyat per aplicacions especials.<img loading=\"lazy\" decoding=\"async\" class=\"alignright wp-image-7274\" src=\"http:\/\/ultramagic.com\/wp-content\/uploads\/2015\/07\/V_model.jpg\" alt=\"V_model\" width=\"100\" height=\"225\" srcset=\"https:\/\/ultramagic.com\/wp-content\/uploads\/2015\/07\/V_model.jpg 257w, https:\/\/ultramagic.com\/wp-content\/uploads\/2015\/07\/V_model-133x300.jpg 133w\" sizes=\"(max-width: 100px) 100vw, 100px\" \/><\/p><\/blockquote>\n<p>Aquest disseny de tall vertical amb 24 grills \u00e9s la forma natural definitiva, ideal per aplicacions amb decoracions grans i complexes on el principal requisit s\u00f2n les l\u00ednies fines. <\/p>\n<p>El model est\u00e0ndard inclou el paracaigudes i la part superior de la vela amb teixit Ultralast. Opcionalment es pot afegir ventils de rotaci\u00f3, sistema r\u00e0pid de desinflat (FDS), teixit addicional Ultralast, colors especials, finestres transparents, velcro per a pancartes, faldilla o scoop.\u00a0<a href=\"http:\/\/ultramagic.com\/wp-content\/uploads\/2015\/07\/Taula_V.jpg\"><img loading=\"lazy\" decoding=\"async\" class=\"aligncenter wp-image-7271 size-large\" src=\"http:\/\/ultramagic.com\/wp-content\/uploads\/2015\/07\/Taula_V-1024x359.jpg\" alt=\"Taula_V\" width=\"1024\" height=\"359\" srcset=\"https:\/\/ultramagic.com\/wp-content\/uploads\/2015\/07\/Taula_V-1024x359.jpg 1024w, https:\/\/ultramagic.com\/wp-content\/uploads\/2015\/07\/Taula_V-300x105.jpg 300w, https:\/\/ultramagic.com\/wp-content\/uploads\/2015\/07\/Taula_V.jpg 1834w\" sizes=\"(max-width: 1024px) 100vw, 1024px\" \/><\/a><\/p>\n<div id='gallery-1' class='gallery galleryid-9672 gallery-columns-4 gallery-size-thumbnail'><dl class='gallery-item'>\n\t\t\t<dt class='gallery-icon landscape'>\n\t\t\t\t<a href='https:\/\/ultramagic.com\/wp-content\/uploads\/2015\/07\/V.jpg'><img loading=\"lazy\" decoding=\"async\" width=\"150\" height=\"150\" src=\"https:\/\/ultramagic.com\/wp-content\/uploads\/2015\/07\/V-150x150.jpg\" class=\"attachment-thumbnail size-thumbnail\" alt=\"\" \/><\/a>\n\t\t\t<\/dt><\/dl><dl class='gallery-item'>\n\t\t\t<dt class='gallery-icon landscape'>\n\t\t\t\t<a href='https:\/\/ultramagic.com\/wp-content\/uploads\/2015\/07\/0597-Via-NetworksOK.jpg'><img loading=\"lazy\" decoding=\"async\" width=\"150\" height=\"150\" src=\"https:\/\/ultramagic.com\/wp-content\/uploads\/2015\/07\/0597-Via-NetworksOK-150x150.jpg\" class=\"attachment-thumbnail size-thumbnail\" alt=\"\" \/><\/a>\n\t\t\t<\/dt><\/dl>\n\t\t\t<br style='clear: both' \/>\n\t\t<\/div>\n\n","protected":false},"excerpt":{"rendered":"<p>Tall vertical suau dissenyat per aplicacions especials. Aquest disseny de tall vertical amb 24 grills \u00e9s la forma natural definitiva, ideal per aplicacions amb decoracions grans i complexes on el principal requisit s\u00f2n les l\u00ednies fines. El model est\u00e0ndard inclou el paracaigudes i la part superior de la vela amb teixit Ultralast. Opcionalment es pot [&hellip;]<\/p>\n","protected":false},"author":1,"featured_media":443,"parent":9581,"menu_order":0,"comment_status":"closed","ping_status":"open","template":"page-globus-fill.php","meta":{"ngg_post_thumbnail":0,"footnotes":""},"yoast_head":"<!-- This site is optimized with the Yoast SEO plugin v22.7 - https:\/\/yoast.com\/wordpress\/plugins\/seo\/ -->\n<title>V SERIES - Ultramagic<\/title>\n<meta name=\"robots\" content=\"index, follow, max-snippet:-1, max-image-preview:large, max-video-preview:-1\" \/>\n<link rel=\"canonical\" href=\"https:\/\/ultramagic.com\/hot-air-balloons\/envelopes\/v-series\/\" \/>\n<meta property=\"og:locale\" content=\"ca_ES\" \/>\n<meta property=\"og:type\" content=\"article\" \/>\n<meta property=\"og:title\" content=\"V SERIES - Ultramagic\" \/>\n<meta property=\"og:description\" content=\"Tall vertical suau dissenyat per aplicacions especials. Aquest disseny de tall vertical amb 24 grills \u00e9s la forma natural definitiva, ideal per aplicacions amb decoracions grans i complexes on el principal requisit s\u00f2n les l\u00ednies fines. El model est\u00e0ndard inclou el paracaigudes i la part superior de la vela amb teixit Ultralast. Opcionalment es pot [&hellip;]\" \/>\n<meta property=\"og:url\" content=\"https:\/\/ultramagic.com\/hot-air-balloons\/envelopes\/v-series\/\" \/>\n<meta property=\"og:site_name\" content=\"Ultramagic\" \/>\n<meta property=\"article:publisher\" content=\"http:\/\/www.facebook.com\/ultramagicballons\" \/>\n<meta property=\"article:modified_time\" content=\"2016-11-09T13:28:42+00:00\" \/>\n<meta property=\"og:image\" content=\"https:\/\/ultramagic.com\/wp-content\/uploads\/2015\/07\/Vela_V_b.jpg\" \/>\n\t<meta property=\"og:image:width\" content=\"100\" \/>\n\t<meta property=\"og:image:height\" content=\"133\" \/>\n\t<meta property=\"og:image:type\" content=\"image\/jpeg\" \/>\n<meta name=\"twitter:card\" content=\"summary_large_image\" \/>\n<meta name=\"twitter:site\" content=\"@umballoons\" \/>\n<script type=\"application\/ld+json\" class=\"yoast-schema-graph\">{\"@context\":\"https:\/\/schema.org\",\"@graph\":[{\"@type\":\"WebPage\",\"@id\":\"https:\/\/ultramagic.com\/hot-air-balloons\/envelopes\/v-series\/\",\"url\":\"https:\/\/ultramagic.com\/hot-air-balloons\/envelopes\/v-series\/\",\"name\":\"V SERIES - Ultramagic\",\"isPartOf\":{\"@id\":\"https:\/\/ultramagic.com\/#website\"},\"primaryImageOfPage\":{\"@id\":\"https:\/\/ultramagic.com\/hot-air-balloons\/envelopes\/v-series\/#primaryimage\"},\"image\":{\"@id\":\"https:\/\/ultramagic.com\/hot-air-balloons\/envelopes\/v-series\/#primaryimage\"},\"thumbnailUrl\":\"https:\/\/ultramagic.com\/wp-content\/uploads\/2015\/07\/Vela_V_b.jpg\",\"datePublished\":\"2016-04-05T17:23:32+00:00\",\"dateModified\":\"2016-11-09T13:28:42+00:00\",\"breadcrumb\":{\"@id\":\"https:\/\/ultramagic.com\/hot-air-balloons\/envelopes\/v-series\/#breadcrumb\"},\"inLanguage\":\"ca\",\"potentialAction\":[{\"@type\":\"ReadAction\",\"target\":[\"https:\/\/ultramagic.com\/hot-air-balloons\/envelopes\/v-series\/\"]}]},{\"@type\":\"ImageObject\",\"inLanguage\":\"ca\",\"@id\":\"https:\/\/ultramagic.com\/hot-air-balloons\/envelopes\/v-series\/#primaryimage\",\"url\":\"https:\/\/ultramagic.com\/wp-content\/uploads\/2015\/07\/Vela_V_b.jpg\",\"contentUrl\":\"https:\/\/ultramagic.com\/wp-content\/uploads\/2015\/07\/Vela_V_b.jpg\",\"width\":100,\"height\":133},{\"@type\":\"BreadcrumbList\",\"@id\":\"https:\/\/ultramagic.com\/hot-air-balloons\/envelopes\/v-series\/#breadcrumb\",\"itemListElement\":[{\"@type\":\"ListItem\",\"position\":1,\"name\":\"Home\",\"item\":\"https:\/\/ultramagic.com\/ca\/\"},{\"@type\":\"ListItem\",\"position\":2,\"name\":\"Globus aerost\u00e0tics\",\"item\":\"https:\/\/ultramagic.com\/hot-air-balloons\/\"},{\"@type\":\"ListItem\",\"position\":3,\"name\":\"Embolcalls\",\"item\":\"https:\/\/ultramagic.com\/hot-air-balloons\/envelopes\/\"},{\"@type\":\"ListItem\",\"position\":4,\"name\":\"V SERIES\"}]},{\"@type\":\"WebSite\",\"@id\":\"https:\/\/ultramagic.com\/#website\",\"url\":\"https:\/\/ultramagic.com\/\",\"name\":\"Ultramagic\",\"description\":\"All about hot air balloon advertising industry and history.Hot air balloon photos and pictures. Enjoy the hot air balloon experience from your home.\",\"potentialAction\":[{\"@type\":\"SearchAction\",\"target\":{\"@type\":\"EntryPoint\",\"urlTemplate\":\"https:\/\/ultramagic.com\/?s={search_term_string}\"},\"query-input\":\"required name=search_term_string\"}],\"inLanguage\":\"ca\"}]}<\/script>\n<!-- \/ Yoast SEO plugin. -->","yoast_head_json":{"title":"V SERIES - Ultramagic","robots":{"index":"index","follow":"follow","max-snippet":"max-snippet:-1","max-image-preview":"max-image-preview:large","max-video-preview":"max-video-preview:-1"},"canonical":"https:\/\/ultramagic.com\/hot-air-balloons\/envelopes\/v-series\/","og_locale":"ca_ES","og_type":"article","og_title":"V SERIES - Ultramagic","og_description":"Tall vertical suau dissenyat per aplicacions especials. Aquest disseny de tall vertical amb 24 grills \u00e9s la forma natural definitiva, ideal per aplicacions amb decoracions grans i complexes on el principal requisit s\u00f2n les l\u00ednies fines. El model est\u00e0ndard inclou el paracaigudes i la part superior de la vela amb teixit Ultralast. Opcionalment es pot [&hellip;]","og_url":"https:\/\/ultramagic.com\/hot-air-balloons\/envelopes\/v-series\/","og_site_name":"Ultramagic","article_publisher":"http:\/\/www.facebook.com\/ultramagicballons","article_modified_time":"2016-11-09T13:28:42+00:00","og_image":[{"width":100,"height":133,"url":"https:\/\/ultramagic.com\/wp-content\/uploads\/2015\/07\/Vela_V_b.jpg","type":"image\/jpeg"}],"twitter_card":"summary_large_image","twitter_site":"@umballoons","schema":{"@context":"https:\/\/schema.org","@graph":[{"@type":"WebPage","@id":"https:\/\/ultramagic.com\/hot-air-balloons\/envelopes\/v-series\/","url":"https:\/\/ultramagic.com\/hot-air-balloons\/envelopes\/v-series\/","name":"V SERIES - Ultramagic","isPartOf":{"@id":"https:\/\/ultramagic.com\/#website"},"primaryImageOfPage":{"@id":"https:\/\/ultramagic.com\/hot-air-balloons\/envelopes\/v-series\/#primaryimage"},"image":{"@id":"https:\/\/ultramagic.com\/hot-air-balloons\/envelopes\/v-series\/#primaryimage"},"thumbnailUrl":"https:\/\/ultramagic.com\/wp-content\/uploads\/2015\/07\/Vela_V_b.jpg","datePublished":"2016-04-05T17:23:32+00:00","dateModified":"2016-11-09T13:28:42+00:00","breadcrumb":{"@id":"https:\/\/ultramagic.com\/hot-air-balloons\/envelopes\/v-series\/#breadcrumb"},"inLanguage":"ca","potentialAction":[{"@type":"ReadAction","target":["https:\/\/ultramagic.com\/hot-air-balloons\/envelopes\/v-series\/"]}]},{"@type":"ImageObject","inLanguage":"ca","@id":"https:\/\/ultramagic.com\/hot-air-balloons\/envelopes\/v-series\/#primaryimage","url":"https:\/\/ultramagic.com\/wp-content\/uploads\/2015\/07\/Vela_V_b.jpg","contentUrl":"https:\/\/ultramagic.com\/wp-content\/uploads\/2015\/07\/Vela_V_b.jpg","width":100,"height":133},{"@type":"BreadcrumbList","@id":"https:\/\/ultramagic.com\/hot-air-balloons\/envelopes\/v-series\/#breadcrumb","itemListElement":[{"@type":"ListItem","position":1,"name":"Home","item":"https:\/\/ultramagic.com\/ca\/"},{"@type":"ListItem","position":2,"name":"Globus aerost\u00e0tics","item":"https:\/\/ultramagic.com\/hot-air-balloons\/"},{"@type":"ListItem","position":3,"name":"Embolcalls","item":"https:\/\/ultramagic.com\/hot-air-balloons\/envelopes\/"},{"@type":"ListItem","position":4,"name":"V SERIES"}]},{"@type":"WebSite","@id":"https:\/\/ultramagic.com\/#website","url":"https:\/\/ultramagic.com\/","name":"Ultramagic","description":"All about hot air balloon advertising industry and history.Hot air balloon photos and pictures. Enjoy the hot air balloon experience from your home.","potentialAction":[{"@type":"SearchAction","target":{"@type":"EntryPoint","urlTemplate":"https:\/\/ultramagic.com\/?s={search_term_string}"},"query-input":"required name=search_term_string"}],"inLanguage":"ca"}]}},"_links":{"self":[{"href":"https:\/\/ultramagic.com\/ca\/wp-json\/wp\/v2\/pages\/9672"}],"collection":[{"href":"https:\/\/ultramagic.com\/ca\/wp-json\/wp\/v2\/pages"}],"about":[{"href":"https:\/\/ultramagic.com\/ca\/wp-json\/wp\/v2\/types\/page"}],"author":[{"embeddable":true,"href":"https:\/\/ultramagic.com\/ca\/wp-json\/wp\/v2\/users\/1"}],"replies":[{"embeddable":true,"href":"https:\/\/ultramagic.com\/ca\/wp-json\/wp\/v2\/comments?post=9672"}],"version-history":[{"count":3,"href":"https:\/\/ultramagic.com\/ca\/wp-json\/wp\/v2\/pages\/9672\/revisions"}],"predecessor-version":[{"id":10910,"href":"https:\/\/ultramagic.com\/ca\/wp-json\/wp\/v2\/pages\/9672\/revisions\/10910"}],"up":[{"embeddable":true,"href":"https:\/\/ultramagic.com\/ca\/wp-json\/wp\/v2\/pages\/9581"}],"wp:featuredmedia":[{"embeddable":true,"href":"https:\/\/ultramagic.com\/ca\/wp-json\/wp\/v2\/media\/443"}],"wp:attachment":[{"href":"https:\/\/ultramagic.com\/ca\/wp-json\/wp\/v2\/media?parent=9672"}],"curies":[{"name":"wp","href":"https:\/\/api.w.org\/{rel}","templated":true}]}}