{"id":9670,"date":"2016-04-05T19:23:28","date_gmt":"2016-04-05T17:23:28","guid":{"rendered":"http:\/\/ultramagic.creagia.com\/ca\/?page_id=9670"},"modified":"2016-11-09T14:19:36","modified_gmt":"2016-11-09T13:19:36","slug":"s-series","status":"publish","type":"page","link":"https:\/\/ultramagic.com\/ca\/globus-aerostatics\/embolcalls\/s-series\/","title":{"rendered":"S SERIES"},"content":{"rendered":"<blockquote><p>La s\u00e8rie lleugera de m\u00faltiples usos. Vols d\u2019aventura o globus de passatgers petits<\/p><\/blockquote>\n<p>Aquesta semi prominent vela de 16 grills fa que aquesta s\u00e8rie sigui l\u2019opci\u00f3 ideal per vols d\u2019aventura. Pesa menys que les veles amb m\u00e9s grills,<img loading=\"lazy\" decoding=\"async\" class=\"alignright wp-image-7304\" src=\"http:\/\/ultramagic.com\/wp-content\/uploads\/2015\/07\/Model_S.jpg\" alt=\"Model_S\" width=\"100\" height=\"237\" srcset=\"https:\/\/ultramagic.com\/wp-content\/uploads\/2015\/07\/Model_S.jpg 255w, https:\/\/ultramagic.com\/wp-content\/uploads\/2015\/07\/Model_S-127x300.jpg 127w\" sizes=\"(max-width: 100px) 100vw, 100px\" \/>per\u00f2 tot i aix\u00ed ofereix una gran resist\u00e8ncia i seguretat. This series is also suitable for certain simpler artwork designs. Aquesta s\u00e8rie tamb\u00e9 \u00e9s adaptable per a dissenys simples de decoraci\u00f3. Les veles S-50 i S-70 s\u00f3n la base de la s\u00e8rie lleugera Tekno, mentre que les mesures m\u00e9s grans s\u00f3n perfectes per comen\u00e7ar una companyia de vols en globus. El model S-90 \u00e9s la base pel paquet d\u2019Adventure 90, el globus ideal per associacions i petits vols d\u2019aventures.<\/p>\n<p>Totes les opcions de veles estan disponibles per aquesta s\u00e8rie. <a href=\"http:\/\/ultramagic.com\/wp-content\/uploads\/2015\/07\/Taula_S.jpg\"><img loading=\"lazy\" decoding=\"async\" class=\"aligncenter wp-image-7307 size-large\" src=\"http:\/\/ultramagic.com\/wp-content\/uploads\/2015\/07\/Taula_S-1024x338.jpg\" alt=\"Taula_S\" width=\"1024\" height=\"338\" srcset=\"https:\/\/ultramagic.com\/wp-content\/uploads\/2015\/07\/Taula_S-1024x338.jpg 1024w, https:\/\/ultramagic.com\/wp-content\/uploads\/2015\/07\/Taula_S-300x99.jpg 300w, https:\/\/ultramagic.com\/wp-content\/uploads\/2015\/07\/Taula_S.jpg 1832w\" sizes=\"(max-width: 1024px) 100vw, 1024px\" \/><\/a><\/p>\n<div id='gallery-1' class='gallery galleryid-9670 gallery-columns-4 gallery-size-thumbnail'><dl class='gallery-item'>\n\t\t\t<dt class='gallery-icon landscape'>\n\t\t\t\t<a href='https:\/\/ultramagic.com\/wp-content\/uploads\/2015\/07\/1647_ABEILLE_4_OK.jpg'><img loading=\"lazy\" decoding=\"async\" width=\"150\" height=\"150\" src=\"https:\/\/ultramagic.com\/wp-content\/uploads\/2015\/07\/1647_ABEILLE_4_OK-150x150.jpg\" class=\"attachment-thumbnail size-thumbnail\" alt=\"\" \/><\/a>\n\t\t\t<\/dt><\/dl><dl class='gallery-item'>\n\t\t\t<dt class='gallery-icon landscape'>\n\t\t\t\t<a href='https:\/\/ultramagic.com\/wp-content\/uploads\/2015\/07\/1680_LATAJACY_OK.jpg'><img loading=\"lazy\" decoding=\"async\" width=\"150\" height=\"150\" src=\"https:\/\/ultramagic.com\/wp-content\/uploads\/2015\/07\/1680_LATAJACY_OK-150x150.jpg\" class=\"attachment-thumbnail size-thumbnail\" alt=\"\" \/><\/a>\n\t\t\t<\/dt><\/dl><dl class='gallery-item'>\n\t\t\t<dt class='gallery-icon landscape'>\n\t\t\t\t<a href='https:\/\/ultramagic.com\/wp-content\/uploads\/2015\/07\/1716_KISHI_8_OK.jpg'><img loading=\"lazy\" decoding=\"async\" width=\"150\" height=\"150\" src=\"https:\/\/ultramagic.com\/wp-content\/uploads\/2015\/07\/1716_KISHI_8_OK-150x150.jpg\" class=\"attachment-thumbnail size-thumbnail\" alt=\"\" \/><\/a>\n\t\t\t<\/dt><\/dl><dl class='gallery-item'>\n\t\t\t<dt class='gallery-icon landscape'>\n\t\t\t\t<a href='https:\/\/ultramagic.com\/wp-content\/uploads\/2015\/07\/DSC08712-S-105.jpg'><img loading=\"lazy\" decoding=\"async\" width=\"150\" height=\"150\" src=\"https:\/\/ultramagic.com\/wp-content\/uploads\/2015\/07\/DSC08712-S-105-150x150.jpg\" class=\"attachment-thumbnail size-thumbnail\" alt=\"\" \/><\/a>\n\t\t\t<\/dt><\/dl><br style=\"clear: both\" \/>\n\t\t<\/div>\n\n<div id='gallery-2' class='gallery galleryid-9670 gallery-columns-4 gallery-size-thumbnail'><dl class='gallery-item'>\n\t\t\t<dt class='gallery-icon landscape'>\n\t\t\t\t<a href='https:\/\/ultramagic.com\/wp-content\/uploads\/2015\/07\/1835_FRANCE_16_OK.jpg'><img loading=\"lazy\" decoding=\"async\" width=\"150\" height=\"150\" src=\"https:\/\/ultramagic.com\/wp-content\/uploads\/2015\/07\/1835_FRANCE_16_OK-150x150.jpg\" class=\"attachment-thumbnail size-thumbnail\" alt=\"\" srcset=\"https:\/\/ultramagic.com\/wp-content\/uploads\/2015\/07\/1835_FRANCE_16_OK-150x150.jpg 150w, https:\/\/ultramagic.com\/wp-content\/uploads\/2015\/07\/1835_FRANCE_16_OK-300x297.jpg 300w\" sizes=\"(max-width: 150px) 100vw, 150px\" \/><\/a>\n\t\t\t<\/dt><\/dl><dl class='gallery-item'>\n\t\t\t<dt class='gallery-icon landscape'>\n\t\t\t\t<a href='https:\/\/ultramagic.com\/wp-content\/uploads\/2015\/07\/1822_TURANIMA_OK.jpg'><img loading=\"lazy\" decoding=\"async\" width=\"150\" height=\"150\" src=\"https:\/\/ultramagic.com\/wp-content\/uploads\/2015\/07\/1822_TURANIMA_OK-150x150.jpg\" class=\"attachment-thumbnail size-thumbnail\" alt=\"\" srcset=\"https:\/\/ultramagic.com\/wp-content\/uploads\/2015\/07\/1822_TURANIMA_OK-150x150.jpg 150w, https:\/\/ultramagic.com\/wp-content\/uploads\/2015\/07\/1822_TURANIMA_OK-300x297.jpg 300w\" sizes=\"(max-width: 150px) 100vw, 150px\" \/><\/a>\n\t\t\t<\/dt><\/dl><dl class='gallery-item'>\n\t\t\t<dt class='gallery-icon landscape'>\n\t\t\t\t<a href='https:\/\/ultramagic.com\/wp-content\/uploads\/2015\/07\/1760_CAMINS_OK.jpg'><img loading=\"lazy\" decoding=\"async\" width=\"150\" height=\"150\" src=\"https:\/\/ultramagic.com\/wp-content\/uploads\/2015\/07\/1760_CAMINS_OK-150x150.jpg\" class=\"attachment-thumbnail size-thumbnail\" alt=\"\" \/><\/a>\n\t\t\t<\/dt><\/dl><dl class='gallery-item'>\n\t\t\t<dt class='gallery-icon portrait'>\n\t\t\t\t<a href='https:\/\/ultramagic.com\/wp-content\/uploads\/2015\/07\/1755_MONDT_OK.jpg'><img loading=\"lazy\" decoding=\"async\" width=\"150\" height=\"150\" src=\"https:\/\/ultramagic.com\/wp-content\/uploads\/2015\/07\/1755_MONDT_OK-150x150.jpg\" class=\"attachment-thumbnail size-thumbnail\" alt=\"\" \/><\/a>\n\t\t\t<\/dt><\/dl><br style=\"clear: both\" \/>\n\t\t<\/div>\n\n","protected":false},"excerpt":{"rendered":"<p>La s\u00e8rie lleugera de m\u00faltiples usos. Vols d\u2019aventura o globus de passatgers petits Aquesta semi prominent vela de 16 grills fa que aquesta s\u00e8rie sigui l\u2019opci\u00f3 ideal per vols d\u2019aventura. Pesa menys que les veles amb m\u00e9s grills,per\u00f2 tot i aix\u00ed ofereix una gran resist\u00e8ncia i seguretat. This series is also suitable for certain simpler [&hellip;]<\/p>\n","protected":false},"author":1,"featured_media":437,"parent":9581,"menu_order":0,"comment_status":"closed","ping_status":"open","template":"page-globus-fill.php","meta":{"ngg_post_thumbnail":0,"footnotes":""},"yoast_head":"<!-- This site is optimized with the Yoast SEO plugin v22.7 - https:\/\/yoast.com\/wordpress\/plugins\/seo\/ -->\n<title>S SERIES - Ultramagic<\/title>\n<meta name=\"robots\" content=\"index, follow, max-snippet:-1, max-image-preview:large, max-video-preview:-1\" \/>\n<link rel=\"canonical\" href=\"https:\/\/ultramagic.com\/hot-air-balloons\/envelopes\/s-series\/\" \/>\n<meta property=\"og:locale\" content=\"ca_ES\" \/>\n<meta property=\"og:type\" content=\"article\" \/>\n<meta property=\"og:title\" content=\"S SERIES - Ultramagic\" \/>\n<meta property=\"og:description\" content=\"La s\u00e8rie lleugera de m\u00faltiples usos. Vols d\u2019aventura o globus de passatgers petits Aquesta semi prominent vela de 16 grills fa que aquesta s\u00e8rie sigui l\u2019opci\u00f3 ideal per vols d\u2019aventura. Pesa menys que les veles amb m\u00e9s grills,per\u00f2 tot i aix\u00ed ofereix una gran resist\u00e8ncia i seguretat. This series is also suitable for certain simpler [&hellip;]\" \/>\n<meta property=\"og:url\" content=\"https:\/\/ultramagic.com\/hot-air-balloons\/envelopes\/s-series\/\" \/>\n<meta property=\"og:site_name\" content=\"Ultramagic\" \/>\n<meta property=\"article:publisher\" content=\"http:\/\/www.facebook.com\/ultramagicballons\" \/>\n<meta property=\"article:modified_time\" content=\"2016-11-09T13:19:36+00:00\" \/>\n<meta property=\"og:image\" content=\"https:\/\/ultramagic.com\/wp-content\/uploads\/2015\/07\/Vela_S_b.jpg\" \/>\n\t<meta property=\"og:image:width\" content=\"100\" \/>\n\t<meta property=\"og:image:height\" content=\"133\" \/>\n\t<meta property=\"og:image:type\" content=\"image\/jpeg\" \/>\n<meta name=\"twitter:card\" content=\"summary_large_image\" \/>\n<meta name=\"twitter:site\" content=\"@umballoons\" \/>\n<meta name=\"twitter:label1\" content=\"Temps estimat de lectura\" \/>\n\t<meta name=\"twitter:data1\" content=\"1 minut\" \/>\n<script type=\"application\/ld+json\" class=\"yoast-schema-graph\">{\"@context\":\"https:\/\/schema.org\",\"@graph\":[{\"@type\":\"WebPage\",\"@id\":\"https:\/\/ultramagic.com\/hot-air-balloons\/envelopes\/s-series\/\",\"url\":\"https:\/\/ultramagic.com\/hot-air-balloons\/envelopes\/s-series\/\",\"name\":\"S SERIES - Ultramagic\",\"isPartOf\":{\"@id\":\"https:\/\/ultramagic.com\/#website\"},\"primaryImageOfPage\":{\"@id\":\"https:\/\/ultramagic.com\/hot-air-balloons\/envelopes\/s-series\/#primaryimage\"},\"image\":{\"@id\":\"https:\/\/ultramagic.com\/hot-air-balloons\/envelopes\/s-series\/#primaryimage\"},\"thumbnailUrl\":\"https:\/\/ultramagic.com\/wp-content\/uploads\/2015\/07\/Vela_S_b.jpg\",\"datePublished\":\"2016-04-05T17:23:28+00:00\",\"dateModified\":\"2016-11-09T13:19:36+00:00\",\"breadcrumb\":{\"@id\":\"https:\/\/ultramagic.com\/hot-air-balloons\/envelopes\/s-series\/#breadcrumb\"},\"inLanguage\":\"ca\",\"potentialAction\":[{\"@type\":\"ReadAction\",\"target\":[\"https:\/\/ultramagic.com\/hot-air-balloons\/envelopes\/s-series\/\"]}]},{\"@type\":\"ImageObject\",\"inLanguage\":\"ca\",\"@id\":\"https:\/\/ultramagic.com\/hot-air-balloons\/envelopes\/s-series\/#primaryimage\",\"url\":\"https:\/\/ultramagic.com\/wp-content\/uploads\/2015\/07\/Vela_S_b.jpg\",\"contentUrl\":\"https:\/\/ultramagic.com\/wp-content\/uploads\/2015\/07\/Vela_S_b.jpg\",\"width\":100,\"height\":133},{\"@type\":\"BreadcrumbList\",\"@id\":\"https:\/\/ultramagic.com\/hot-air-balloons\/envelopes\/s-series\/#breadcrumb\",\"itemListElement\":[{\"@type\":\"ListItem\",\"position\":1,\"name\":\"Home\",\"item\":\"https:\/\/ultramagic.com\/ca\/\"},{\"@type\":\"ListItem\",\"position\":2,\"name\":\"Globus aerost\u00e0tics\",\"item\":\"https:\/\/ultramagic.com\/hot-air-balloons\/\"},{\"@type\":\"ListItem\",\"position\":3,\"name\":\"Embolcalls\",\"item\":\"https:\/\/ultramagic.com\/hot-air-balloons\/envelopes\/\"},{\"@type\":\"ListItem\",\"position\":4,\"name\":\"S SERIES\"}]},{\"@type\":\"WebSite\",\"@id\":\"https:\/\/ultramagic.com\/#website\",\"url\":\"https:\/\/ultramagic.com\/\",\"name\":\"Ultramagic\",\"description\":\"All about hot air balloon advertising industry and history.Hot air balloon photos and pictures. Enjoy the hot air balloon experience from your home.\",\"potentialAction\":[{\"@type\":\"SearchAction\",\"target\":{\"@type\":\"EntryPoint\",\"urlTemplate\":\"https:\/\/ultramagic.com\/?s={search_term_string}\"},\"query-input\":\"required name=search_term_string\"}],\"inLanguage\":\"ca\"}]}<\/script>\n<!-- \/ Yoast SEO plugin. -->","yoast_head_json":{"title":"S SERIES - Ultramagic","robots":{"index":"index","follow":"follow","max-snippet":"max-snippet:-1","max-image-preview":"max-image-preview:large","max-video-preview":"max-video-preview:-1"},"canonical":"https:\/\/ultramagic.com\/hot-air-balloons\/envelopes\/s-series\/","og_locale":"ca_ES","og_type":"article","og_title":"S SERIES - Ultramagic","og_description":"La s\u00e8rie lleugera de m\u00faltiples usos. Vols d\u2019aventura o globus de passatgers petits Aquesta semi prominent vela de 16 grills fa que aquesta s\u00e8rie sigui l\u2019opci\u00f3 ideal per vols d\u2019aventura. Pesa menys que les veles amb m\u00e9s grills,per\u00f2 tot i aix\u00ed ofereix una gran resist\u00e8ncia i seguretat. This series is also suitable for certain simpler [&hellip;]","og_url":"https:\/\/ultramagic.com\/hot-air-balloons\/envelopes\/s-series\/","og_site_name":"Ultramagic","article_publisher":"http:\/\/www.facebook.com\/ultramagicballons","article_modified_time":"2016-11-09T13:19:36+00:00","og_image":[{"width":100,"height":133,"url":"https:\/\/ultramagic.com\/wp-content\/uploads\/2015\/07\/Vela_S_b.jpg","type":"image\/jpeg"}],"twitter_card":"summary_large_image","twitter_site":"@umballoons","twitter_misc":{"Temps estimat de lectura":"1 minut"},"schema":{"@context":"https:\/\/schema.org","@graph":[{"@type":"WebPage","@id":"https:\/\/ultramagic.com\/hot-air-balloons\/envelopes\/s-series\/","url":"https:\/\/ultramagic.com\/hot-air-balloons\/envelopes\/s-series\/","name":"S SERIES - Ultramagic","isPartOf":{"@id":"https:\/\/ultramagic.com\/#website"},"primaryImageOfPage":{"@id":"https:\/\/ultramagic.com\/hot-air-balloons\/envelopes\/s-series\/#primaryimage"},"image":{"@id":"https:\/\/ultramagic.com\/hot-air-balloons\/envelopes\/s-series\/#primaryimage"},"thumbnailUrl":"https:\/\/ultramagic.com\/wp-content\/uploads\/2015\/07\/Vela_S_b.jpg","datePublished":"2016-04-05T17:23:28+00:00","dateModified":"2016-11-09T13:19:36+00:00","breadcrumb":{"@id":"https:\/\/ultramagic.com\/hot-air-balloons\/envelopes\/s-series\/#breadcrumb"},"inLanguage":"ca","potentialAction":[{"@type":"ReadAction","target":["https:\/\/ultramagic.com\/hot-air-balloons\/envelopes\/s-series\/"]}]},{"@type":"ImageObject","inLanguage":"ca","@id":"https:\/\/ultramagic.com\/hot-air-balloons\/envelopes\/s-series\/#primaryimage","url":"https:\/\/ultramagic.com\/wp-content\/uploads\/2015\/07\/Vela_S_b.jpg","contentUrl":"https:\/\/ultramagic.com\/wp-content\/uploads\/2015\/07\/Vela_S_b.jpg","width":100,"height":133},{"@type":"BreadcrumbList","@id":"https:\/\/ultramagic.com\/hot-air-balloons\/envelopes\/s-series\/#breadcrumb","itemListElement":[{"@type":"ListItem","position":1,"name":"Home","item":"https:\/\/ultramagic.com\/ca\/"},{"@type":"ListItem","position":2,"name":"Globus aerost\u00e0tics","item":"https:\/\/ultramagic.com\/hot-air-balloons\/"},{"@type":"ListItem","position":3,"name":"Embolcalls","item":"https:\/\/ultramagic.com\/hot-air-balloons\/envelopes\/"},{"@type":"ListItem","position":4,"name":"S SERIES"}]},{"@type":"WebSite","@id":"https:\/\/ultramagic.com\/#website","url":"https:\/\/ultramagic.com\/","name":"Ultramagic","description":"All about hot air balloon advertising industry and history.Hot air balloon photos and pictures. Enjoy the hot air balloon experience from your home.","potentialAction":[{"@type":"SearchAction","target":{"@type":"EntryPoint","urlTemplate":"https:\/\/ultramagic.com\/?s={search_term_string}"},"query-input":"required name=search_term_string"}],"inLanguage":"ca"}]}},"_links":{"self":[{"href":"https:\/\/ultramagic.com\/ca\/wp-json\/wp\/v2\/pages\/9670"}],"collection":[{"href":"https:\/\/ultramagic.com\/ca\/wp-json\/wp\/v2\/pages"}],"about":[{"href":"https:\/\/ultramagic.com\/ca\/wp-json\/wp\/v2\/types\/page"}],"author":[{"embeddable":true,"href":"https:\/\/ultramagic.com\/ca\/wp-json\/wp\/v2\/users\/1"}],"replies":[{"embeddable":true,"href":"https:\/\/ultramagic.com\/ca\/wp-json\/wp\/v2\/comments?post=9670"}],"version-history":[{"count":3,"href":"https:\/\/ultramagic.com\/ca\/wp-json\/wp\/v2\/pages\/9670\/revisions"}],"predecessor-version":[{"id":10905,"href":"https:\/\/ultramagic.com\/ca\/wp-json\/wp\/v2\/pages\/9670\/revisions\/10905"}],"up":[{"embeddable":true,"href":"https:\/\/ultramagic.com\/ca\/wp-json\/wp\/v2\/pages\/9581"}],"wp:featuredmedia":[{"embeddable":true,"href":"https:\/\/ultramagic.com\/ca\/wp-json\/wp\/v2\/media\/437"}],"wp:attachment":[{"href":"https:\/\/ultramagic.com\/ca\/wp-json\/wp\/v2\/media?parent=9670"}],"curies":[{"name":"wp","href":"https:\/\/api.w.org\/{rel}","templated":true}]}}