{"id":9668,"date":"2016-04-05T19:23:23","date_gmt":"2016-04-05T17:23:23","guid":{"rendered":"http:\/\/ultramagic.creagia.com\/ca\/?page_id=9668"},"modified":"2024-01-09T08:58:39","modified_gmt":"2024-01-09T07:58:39","slug":"mv-series-the-racer","status":"publish","type":"page","link":"https:\/\/ultramagic.com\/ca\/globus-aerostatics\/embolcalls\/mv-series-the-racer\/","title":{"rendered":"MZ SERIES &#8211; THE RACER"},"content":{"rendered":"<blockquote><p>L\u2019original. Nom\u00e9s per Ultramagic! El globus de competici\u00f3 l\u00edder mundialment.<\/p><\/blockquote>\n<p class=\"fixed-width\">El 1996 Ultramagic va donar un pas gegant cap endavant en el m\u00f3n de la competici\u00f3. Va n\u00e9ixer el Racer. Era la primera vegada que un globus es dissenyava, desenvolupava i produ\u00efda especialment pels exigents requisits de les competicions. Va ser creat en col\u00b7laboraci\u00f3 amb Uwe Schneider que forma part de l\u2019elit de la competici\u00f3 mundial.&nbsp;&nbsp;<\/p>\n<p class=\"fixed-width\">Els darrers anys hem treballat en una segona generaci\u00f3 del Racer d\u2019Ultramagic, enfoncant-nos en satisfer les necessitats actuals dels pilots de competici\u00f3. Els pilots requereixen que el globus pugui mantenir velocitats d\u2019ascens\/descens m\u00e9s r\u00e0pids sense comprometre la seguretat, que sempre ha estat una de les nostres prioritats. A m\u00e9s, les tasques de competici\u00f3 exigeixen cada cop m\u00e9s que els pilots estiguin atents als instruments de vol.<\/p>\n<p>Amb aix\u00f2 en ment, l\u2019any 2023 hem llan\u00e7at el Racer MZ, un nou disseny millorat que s\u2019ha desenvolupat amb Stefan Zeberli, qui va guanyar l\u2019\u00faltim Campionat del M\u00f3n volant amb el primer prototip.&nbsp;<\/p>\n<p>El Racer Ultramagic \u00e9s ara el punt de refer\u00e8ncia est\u00e0ndard per globus de competici\u00f3, punt al qual altres fabricants volen arribar. Molts dels millors pilots del m\u00f3n estan d\u2019acord amb aquest fet i nom\u00e9s volen el nostre Racer \u2013 l\u2019original.<\/p>\n<p>The Racer \u00e9s una vela suau de 24 grills creada tant per la seguretat com per la rapidesa. Tots els Racer est\u00e0ndard d\u2019Ultramagic contenen un paracaigudes i 5 panells superiors de teixit Ultralast. T<img loading=\"lazy\" decoding=\"async\" class=\"alignright wp-image-7191\" src=\"http:\/\/ultramagic.com\/wp-content\/uploads\/2015\/07\/MV_model.jpg\" alt=\"MV_model\" width=\"100\" height=\"247\" srcset=\"https:\/\/ultramagic.com\/wp-content\/uploads\/2015\/07\/MV_model.jpg 263w, https:\/\/ultramagic.com\/wp-content\/uploads\/2015\/07\/MV_model-122x300.jpg 122w\" sizes=\"(max-width: 100px) 100vw, 100px\" \/>S\u2019ha dissenyat per ser encara m\u00e8s segur en cas de contacte amb un altre globus per la part superior de la vela durant una competici\u00f3. Es col\u00b7loquen 6 finestres a la part superior per millorar la visi\u00f3 a\u00e8ria i aix\u00ed augmentar la seguretat. Tots els Racers d\u2019Ultramagic tamb\u00e9 inclouen un scoop fet amb teixit Nomex.<\/p>\n<p>El desinflat del paracaigudes \u00e9s est\u00e0ndard. Tamb\u00e9 hi ha disponible l&#8217;opci\u00f3 de FDS de r\u00e0pid desinflat amb l&#8217;opci\u00f3 de 6 finestres extres.<\/p>\n<p>La seva forma suau dissenyada b\u00e0sicament per competici\u00f3, tamb\u00e9 \u00e9s molt adequada per posar-hi decoraci\u00f3. Aconseguint d&#8217;aquesta manera que tant els patrocinadors com els pilots estiguin molt contents amb els resultats!<\/p>\n<p>&nbsp;<\/p>\n<p>&nbsp;<\/p>\n<div id='gallery-1' class='gallery galleryid-9668 gallery-columns-4 gallery-size-thumbnail'><dl class='gallery-item'>\n\t\t\t<dt class='gallery-icon landscape'>\n\t\t\t\t<a href='https:\/\/ultramagic.com\/wp-content\/uploads\/2015\/07\/DSC08737.jpg'><img loading=\"lazy\" decoding=\"async\" width=\"150\" height=\"150\" src=\"https:\/\/ultramagic.com\/wp-content\/uploads\/2015\/07\/DSC08737-150x150.jpg\" class=\"attachment-thumbnail size-thumbnail\" alt=\"\" \/><\/a>\n\t\t\t<\/dt><\/dl><dl class='gallery-item'>\n\t\t\t<dt class='gallery-icon portrait'>\n\t\t\t\t<a href='https:\/\/ultramagic.com\/wp-content\/uploads\/2015\/07\/1684_POSTFINANCE_2_OK.jpg'><img loading=\"lazy\" decoding=\"async\" width=\"150\" height=\"150\" src=\"https:\/\/ultramagic.com\/wp-content\/uploads\/2015\/07\/1684_POSTFINANCE_2_OK-150x150.jpg\" class=\"attachment-thumbnail size-thumbnail\" alt=\"\" \/><\/a>\n\t\t\t<\/dt><\/dl><dl class='gallery-item'>\n\t\t\t<dt class='gallery-icon landscape'>\n\t\t\t\t<a href='https:\/\/ultramagic.com\/wp-content\/uploads\/2015\/07\/1666V_RACER_ZEBERLI_OK.jpg'><img loading=\"lazy\" decoding=\"async\" width=\"150\" height=\"150\" src=\"https:\/\/ultramagic.com\/wp-content\/uploads\/2015\/07\/1666V_RACER_ZEBERLI_OK-150x150.jpg\" class=\"attachment-thumbnail size-thumbnail\" alt=\"\" \/><\/a>\n\t\t\t<\/dt><\/dl><dl class='gallery-item'>\n\t\t\t<dt class='gallery-icon landscape'>\n\t\t\t\t<a href='https:\/\/ultramagic.com\/wp-content\/uploads\/2015\/07\/1601_SAINT_MICHEL_3_OK.jpg'><img loading=\"lazy\" decoding=\"async\" width=\"150\" height=\"150\" src=\"https:\/\/ultramagic.com\/wp-content\/uploads\/2015\/07\/1601_SAINT_MICHEL_3_OK-150x150.jpg\" class=\"attachment-thumbnail size-thumbnail\" alt=\"\" \/><\/a>\n\t\t\t<\/dt><\/dl><br style=\"clear: both\" \/>\n\t\t<\/div>\n\n<div id='gallery-2' class='gallery galleryid-9668 gallery-columns-4 gallery-size-thumbnail'><dl class='gallery-item'>\n\t\t\t<dt class='gallery-icon portrait'>\n\t\t\t\t<a href='https:\/\/ultramagic.com\/wp-content\/uploads\/2015\/07\/1766_YAZUYA_OK.jpg'><img loading=\"lazy\" decoding=\"async\" width=\"150\" height=\"150\" src=\"https:\/\/ultramagic.com\/wp-content\/uploads\/2015\/07\/1766_YAZUYA_OK-150x150.jpg\" class=\"attachment-thumbnail size-thumbnail\" alt=\"\" \/><\/a>\n\t\t\t<\/dt><\/dl><dl class='gallery-item'>\n\t\t\t<dt class='gallery-icon portrait'>\n\t\t\t\t<a href='https:\/\/ultramagic.com\/wp-content\/uploads\/2015\/07\/1803_ZAGREB_2_OK.jpg'><img loading=\"lazy\" decoding=\"async\" width=\"150\" height=\"150\" src=\"https:\/\/ultramagic.com\/wp-content\/uploads\/2015\/07\/1803_ZAGREB_2_OK-150x150.jpg\" class=\"attachment-thumbnail size-thumbnail\" alt=\"\" srcset=\"https:\/\/ultramagic.com\/wp-content\/uploads\/2015\/07\/1803_ZAGREB_2_OK-150x150.jpg 150w, https:\/\/ultramagic.com\/wp-content\/uploads\/2015\/07\/1803_ZAGREB_2_OK-300x300.jpg 300w, https:\/\/ultramagic.com\/wp-content\/uploads\/2015\/07\/1803_ZAGREB_2_OK-1020x1024.jpg 1020w\" sizes=\"(max-width: 150px) 100vw, 150px\" \/><\/a>\n\t\t\t<\/dt><\/dl><dl class='gallery-item'>\n\t\t\t<dt class='gallery-icon landscape'>\n\t\t\t\t<a href='https:\/\/ultramagic.com\/wp-content\/uploads\/2015\/07\/DSC08061.jpg'><img loading=\"lazy\" decoding=\"async\" width=\"150\" height=\"150\" src=\"https:\/\/ultramagic.com\/wp-content\/uploads\/2015\/07\/DSC08061-150x150.jpg\" class=\"attachment-thumbnail size-thumbnail\" alt=\"\" \/><\/a>\n\t\t\t<\/dt><\/dl><dl class='gallery-item'>\n\t\t\t<dt class='gallery-icon landscape'>\n\t\t\t\t<a href='https:\/\/ultramagic.com\/wp-content\/uploads\/2015\/07\/IMG_0238.jpg'><img loading=\"lazy\" decoding=\"async\" width=\"150\" height=\"150\" src=\"https:\/\/ultramagic.com\/wp-content\/uploads\/2015\/07\/IMG_0238-150x150.jpg\" class=\"attachment-thumbnail size-thumbnail\" alt=\"\" srcset=\"https:\/\/ultramagic.com\/wp-content\/uploads\/2015\/07\/IMG_0238-150x150.jpg 150w, https:\/\/ultramagic.com\/wp-content\/uploads\/2015\/07\/IMG_0238-300x300.jpg 300w, https:\/\/ultramagic.com\/wp-content\/uploads\/2015\/07\/IMG_0238-768x768.jpg 768w, https:\/\/ultramagic.com\/wp-content\/uploads\/2015\/07\/IMG_0238-1024x1024.jpg 1024w\" sizes=\"(max-width: 150px) 100vw, 150px\" \/><\/a>\n\t\t\t<\/dt><\/dl><br style=\"clear: both\" \/>\n\t\t<\/div>\n\n","protected":false},"excerpt":{"rendered":"<p>L\u2019original. Nom\u00e9s per Ultramagic! El globus de competici\u00f3 l\u00edder mundialment. El 1996 Ultramagic va donar un pas gegant cap endavant en el m\u00f3n de la competici\u00f3. Va n\u00e9ixer el Racer. Era la primera vegada que un globus es dissenyava, desenvolupava i produ\u00efda especialment pels exigents requisits de les competicions. Va ser creat en col\u00b7laboraci\u00f3 amb [&hellip;]<\/p>\n","protected":false},"author":1,"featured_media":431,"parent":9581,"menu_order":0,"comment_status":"closed","ping_status":"open","template":"page-globus-fill.php","meta":{"ngg_post_thumbnail":0,"footnotes":""},"yoast_head":"<!-- This site is optimized with the Yoast SEO plugin v22.7 - https:\/\/yoast.com\/wordpress\/plugins\/seo\/ -->\n<title>MZ SERIES - THE RACER - Ultramagic<\/title>\n<meta name=\"robots\" content=\"index, follow, max-snippet:-1, max-image-preview:large, max-video-preview:-1\" \/>\n<link rel=\"canonical\" href=\"https:\/\/ultramagic.com\/hot-air-balloons\/envelopes\/mv-series-the-racer\/\" \/>\n<meta property=\"og:locale\" content=\"ca_ES\" \/>\n<meta property=\"og:type\" content=\"article\" \/>\n<meta property=\"og:title\" content=\"MZ SERIES - THE RACER - Ultramagic\" \/>\n<meta property=\"og:description\" content=\"L\u2019original. Nom\u00e9s per Ultramagic! El globus de competici\u00f3 l\u00edder mundialment. El 1996 Ultramagic va donar un pas gegant cap endavant en el m\u00f3n de la competici\u00f3. Va n\u00e9ixer el Racer. Era la primera vegada que un globus es dissenyava, desenvolupava i produ\u00efda especialment pels exigents requisits de les competicions. Va ser creat en col\u00b7laboraci\u00f3 amb [&hellip;]\" \/>\n<meta property=\"og:url\" content=\"https:\/\/ultramagic.com\/hot-air-balloons\/envelopes\/mv-series-the-racer\/\" \/>\n<meta property=\"og:site_name\" content=\"Ultramagic\" \/>\n<meta property=\"article:publisher\" content=\"http:\/\/www.facebook.com\/ultramagicballons\" \/>\n<meta property=\"article:modified_time\" content=\"2024-01-09T07:58:39+00:00\" \/>\n<meta property=\"og:image\" content=\"https:\/\/ultramagic.com\/wp-content\/uploads\/2015\/07\/Vela_MV_b.jpg\" \/>\n\t<meta property=\"og:image:width\" content=\"100\" \/>\n\t<meta property=\"og:image:height\" content=\"133\" \/>\n\t<meta property=\"og:image:type\" content=\"image\/jpeg\" \/>\n<meta name=\"twitter:card\" content=\"summary_large_image\" \/>\n<meta name=\"twitter:site\" content=\"@umballoons\" \/>\n<meta name=\"twitter:label1\" content=\"Temps estimat de lectura\" \/>\n\t<meta name=\"twitter:data1\" content=\"2 minuts\" \/>\n<script type=\"application\/ld+json\" class=\"yoast-schema-graph\">{\"@context\":\"https:\/\/schema.org\",\"@graph\":[{\"@type\":\"WebPage\",\"@id\":\"https:\/\/ultramagic.com\/hot-air-balloons\/envelopes\/mv-series-the-racer\/\",\"url\":\"https:\/\/ultramagic.com\/hot-air-balloons\/envelopes\/mv-series-the-racer\/\",\"name\":\"MZ SERIES - THE RACER - Ultramagic\",\"isPartOf\":{\"@id\":\"https:\/\/ultramagic.com\/#website\"},\"primaryImageOfPage\":{\"@id\":\"https:\/\/ultramagic.com\/hot-air-balloons\/envelopes\/mv-series-the-racer\/#primaryimage\"},\"image\":{\"@id\":\"https:\/\/ultramagic.com\/hot-air-balloons\/envelopes\/mv-series-the-racer\/#primaryimage\"},\"thumbnailUrl\":\"https:\/\/ultramagic.com\/wp-content\/uploads\/2015\/07\/Vela_MV_b.jpg\",\"datePublished\":\"2016-04-05T17:23:23+00:00\",\"dateModified\":\"2024-01-09T07:58:39+00:00\",\"breadcrumb\":{\"@id\":\"https:\/\/ultramagic.com\/hot-air-balloons\/envelopes\/mv-series-the-racer\/#breadcrumb\"},\"inLanguage\":\"ca\",\"potentialAction\":[{\"@type\":\"ReadAction\",\"target\":[\"https:\/\/ultramagic.com\/hot-air-balloons\/envelopes\/mv-series-the-racer\/\"]}]},{\"@type\":\"ImageObject\",\"inLanguage\":\"ca\",\"@id\":\"https:\/\/ultramagic.com\/hot-air-balloons\/envelopes\/mv-series-the-racer\/#primaryimage\",\"url\":\"https:\/\/ultramagic.com\/wp-content\/uploads\/2015\/07\/Vela_MV_b.jpg\",\"contentUrl\":\"https:\/\/ultramagic.com\/wp-content\/uploads\/2015\/07\/Vela_MV_b.jpg\",\"width\":100,\"height\":133},{\"@type\":\"BreadcrumbList\",\"@id\":\"https:\/\/ultramagic.com\/hot-air-balloons\/envelopes\/mv-series-the-racer\/#breadcrumb\",\"itemListElement\":[{\"@type\":\"ListItem\",\"position\":1,\"name\":\"Home\",\"item\":\"https:\/\/ultramagic.com\/ca\/\"},{\"@type\":\"ListItem\",\"position\":2,\"name\":\"Globus aerost\u00e0tics\",\"item\":\"https:\/\/ultramagic.com\/hot-air-balloons\/\"},{\"@type\":\"ListItem\",\"position\":3,\"name\":\"Embolcalls\",\"item\":\"https:\/\/ultramagic.com\/hot-air-balloons\/envelopes\/\"},{\"@type\":\"ListItem\",\"position\":4,\"name\":\"MZ SERIES &#8211; THE RACER\"}]},{\"@type\":\"WebSite\",\"@id\":\"https:\/\/ultramagic.com\/#website\",\"url\":\"https:\/\/ultramagic.com\/\",\"name\":\"Ultramagic\",\"description\":\"All about hot air balloon advertising industry and history.Hot air balloon photos and pictures. Enjoy the hot air balloon experience from your home.\",\"potentialAction\":[{\"@type\":\"SearchAction\",\"target\":{\"@type\":\"EntryPoint\",\"urlTemplate\":\"https:\/\/ultramagic.com\/?s={search_term_string}\"},\"query-input\":\"required name=search_term_string\"}],\"inLanguage\":\"ca\"}]}<\/script>\n<!-- \/ Yoast SEO plugin. -->","yoast_head_json":{"title":"MZ SERIES - THE RACER - Ultramagic","robots":{"index":"index","follow":"follow","max-snippet":"max-snippet:-1","max-image-preview":"max-image-preview:large","max-video-preview":"max-video-preview:-1"},"canonical":"https:\/\/ultramagic.com\/hot-air-balloons\/envelopes\/mv-series-the-racer\/","og_locale":"ca_ES","og_type":"article","og_title":"MZ SERIES - THE RACER - Ultramagic","og_description":"L\u2019original. Nom\u00e9s per Ultramagic! El globus de competici\u00f3 l\u00edder mundialment. El 1996 Ultramagic va donar un pas gegant cap endavant en el m\u00f3n de la competici\u00f3. Va n\u00e9ixer el Racer. Era la primera vegada que un globus es dissenyava, desenvolupava i produ\u00efda especialment pels exigents requisits de les competicions. Va ser creat en col\u00b7laboraci\u00f3 amb [&hellip;]","og_url":"https:\/\/ultramagic.com\/hot-air-balloons\/envelopes\/mv-series-the-racer\/","og_site_name":"Ultramagic","article_publisher":"http:\/\/www.facebook.com\/ultramagicballons","article_modified_time":"2024-01-09T07:58:39+00:00","og_image":[{"width":100,"height":133,"url":"https:\/\/ultramagic.com\/wp-content\/uploads\/2015\/07\/Vela_MV_b.jpg","type":"image\/jpeg"}],"twitter_card":"summary_large_image","twitter_site":"@umballoons","twitter_misc":{"Temps estimat de lectura":"2 minuts"},"schema":{"@context":"https:\/\/schema.org","@graph":[{"@type":"WebPage","@id":"https:\/\/ultramagic.com\/hot-air-balloons\/envelopes\/mv-series-the-racer\/","url":"https:\/\/ultramagic.com\/hot-air-balloons\/envelopes\/mv-series-the-racer\/","name":"MZ SERIES - THE RACER - Ultramagic","isPartOf":{"@id":"https:\/\/ultramagic.com\/#website"},"primaryImageOfPage":{"@id":"https:\/\/ultramagic.com\/hot-air-balloons\/envelopes\/mv-series-the-racer\/#primaryimage"},"image":{"@id":"https:\/\/ultramagic.com\/hot-air-balloons\/envelopes\/mv-series-the-racer\/#primaryimage"},"thumbnailUrl":"https:\/\/ultramagic.com\/wp-content\/uploads\/2015\/07\/Vela_MV_b.jpg","datePublished":"2016-04-05T17:23:23+00:00","dateModified":"2024-01-09T07:58:39+00:00","breadcrumb":{"@id":"https:\/\/ultramagic.com\/hot-air-balloons\/envelopes\/mv-series-the-racer\/#breadcrumb"},"inLanguage":"ca","potentialAction":[{"@type":"ReadAction","target":["https:\/\/ultramagic.com\/hot-air-balloons\/envelopes\/mv-series-the-racer\/"]}]},{"@type":"ImageObject","inLanguage":"ca","@id":"https:\/\/ultramagic.com\/hot-air-balloons\/envelopes\/mv-series-the-racer\/#primaryimage","url":"https:\/\/ultramagic.com\/wp-content\/uploads\/2015\/07\/Vela_MV_b.jpg","contentUrl":"https:\/\/ultramagic.com\/wp-content\/uploads\/2015\/07\/Vela_MV_b.jpg","width":100,"height":133},{"@type":"BreadcrumbList","@id":"https:\/\/ultramagic.com\/hot-air-balloons\/envelopes\/mv-series-the-racer\/#breadcrumb","itemListElement":[{"@type":"ListItem","position":1,"name":"Home","item":"https:\/\/ultramagic.com\/ca\/"},{"@type":"ListItem","position":2,"name":"Globus aerost\u00e0tics","item":"https:\/\/ultramagic.com\/hot-air-balloons\/"},{"@type":"ListItem","position":3,"name":"Embolcalls","item":"https:\/\/ultramagic.com\/hot-air-balloons\/envelopes\/"},{"@type":"ListItem","position":4,"name":"MZ SERIES &#8211; THE RACER"}]},{"@type":"WebSite","@id":"https:\/\/ultramagic.com\/#website","url":"https:\/\/ultramagic.com\/","name":"Ultramagic","description":"All about hot air balloon advertising industry and history.Hot air balloon photos and pictures. Enjoy the hot air balloon experience from your home.","potentialAction":[{"@type":"SearchAction","target":{"@type":"EntryPoint","urlTemplate":"https:\/\/ultramagic.com\/?s={search_term_string}"},"query-input":"required name=search_term_string"}],"inLanguage":"ca"}]}},"_links":{"self":[{"href":"https:\/\/ultramagic.com\/ca\/wp-json\/wp\/v2\/pages\/9668"}],"collection":[{"href":"https:\/\/ultramagic.com\/ca\/wp-json\/wp\/v2\/pages"}],"about":[{"href":"https:\/\/ultramagic.com\/ca\/wp-json\/wp\/v2\/types\/page"}],"author":[{"embeddable":true,"href":"https:\/\/ultramagic.com\/ca\/wp-json\/wp\/v2\/users\/1"}],"replies":[{"embeddable":true,"href":"https:\/\/ultramagic.com\/ca\/wp-json\/wp\/v2\/comments?post=9668"}],"version-history":[{"count":3,"href":"https:\/\/ultramagic.com\/ca\/wp-json\/wp\/v2\/pages\/9668\/revisions"}],"predecessor-version":[{"id":18775,"href":"https:\/\/ultramagic.com\/ca\/wp-json\/wp\/v2\/pages\/9668\/revisions\/18775"}],"up":[{"embeddable":true,"href":"https:\/\/ultramagic.com\/ca\/wp-json\/wp\/v2\/pages\/9581"}],"wp:featuredmedia":[{"embeddable":true,"href":"https:\/\/ultramagic.com\/ca\/wp-json\/wp\/v2\/media\/431"}],"wp:attachment":[{"href":"https:\/\/ultramagic.com\/ca\/wp-json\/wp\/v2\/media?parent=9668"}],"curies":[{"name":"wp","href":"https:\/\/api.w.org\/{rel}","templated":true}]}}