{"id":9667,"date":"2016-04-05T19:23:21","date_gmt":"2016-04-05T17:23:21","guid":{"rendered":"http:\/\/ultramagic.creagia.com\/ca\/?page_id=9667"},"modified":"2016-11-09T13:00:31","modified_gmt":"2016-11-09T12:00:31","slug":"m-series","status":"publish","type":"page","link":"https:\/\/ultramagic.com\/ca\/globus-aerostatics\/embolcalls\/m-series\/","title":{"rendered":"M SERIES"},"content":{"rendered":"<blockquote><p>El globus m\u00e8s vers\u00e0til per publicitats.<\/p><\/blockquote>\n<p>Aquest s\u00e8rie amb grills menys prominents tallats horitzontalment \u00e9s particularment perfecte per l\u2019aplicaci\u00f3 de decoraci\u00f3 i logos. <img loading=\"lazy\" decoding=\"async\" class=\" wp-image-7084 size-full alignright\" src=\"http:\/\/ultramagic.com\/wp-content\/uploads\/2015\/07\/M_model-e1455618618264.jpg\" alt=\"\" width=\"100\" height=\"226\" \/> El seu disseny permet moltes adaptacions per tal de minimitzar deformacions del teixit i eliminar les arrugues completament. El fet de disposar d\u2019una gran variabilitat de mides fa que sigui sempre una bona opci\u00f3, sigui quin sigui l\u2019\u00fas que se\u2019n faci \u2013 publicitat o esports privats. Aquesta s\u00e8rie \u00e9s l\u2019opci\u00f3 m\u00e9s escollida pels executius de m\u00e0rqueting de grans corporacions i \u00e9s popular entre els pilots que volen un toc creatiu al seu disseny de colors del globus.<\/p>\n<p>Totes les opcions de veles estan disponibles en aquesta s\u00e8rie.<\/p>\n<p><a href=\"http:\/\/ultramagic.com\/wp-content\/uploads\/2015\/07\/Taula_H1.jpg\"><br \/>\n<\/a><a href=\"http:\/\/ultramagic.com\/wp-content\/uploads\/2015\/07\/Taula_M1.jpg\"><img loading=\"lazy\" decoding=\"async\" class=\"alignnone wp-image-7333 size-full\" src=\"http:\/\/ultramagic.com\/wp-content\/uploads\/2015\/07\/Taula_M1.jpg\" alt=\"\" width=\"1723\" height=\"830\" srcset=\"https:\/\/ultramagic.com\/wp-content\/uploads\/2015\/07\/Taula_M1.jpg 1723w, https:\/\/ultramagic.com\/wp-content\/uploads\/2015\/07\/Taula_M1-300x145.jpg 300w, https:\/\/ultramagic.com\/wp-content\/uploads\/2015\/07\/Taula_M1-1024x493.jpg 1024w\" sizes=\"(max-width: 1723px) 100vw, 1723px\" \/><\/a><\/p>\n<div id='gallery-1' class='gallery galleryid-9667 gallery-columns-4 gallery-size-thumbnail'><dl class='gallery-item'>\n\t\t\t<dt class='gallery-icon portrait'>\n\t\t\t\t<a href='https:\/\/ultramagic.com\/wp-content\/uploads\/2015\/07\/1552_AUTOHAUS_OK.jpg'><img loading=\"lazy\" decoding=\"async\" width=\"150\" height=\"150\" src=\"https:\/\/ultramagic.com\/wp-content\/uploads\/2015\/07\/1552_AUTOHAUS_OK-150x150.jpg\" class=\"attachment-thumbnail size-thumbnail\" alt=\"\" \/><\/a>\n\t\t\t<\/dt><\/dl><dl class='gallery-item'>\n\t\t\t<dt class='gallery-icon portrait'>\n\t\t\t\t<a href='https:\/\/ultramagic.com\/wp-content\/uploads\/2015\/07\/1520V_AIRPOORT_OK_OJU.jpg'><img loading=\"lazy\" decoding=\"async\" width=\"150\" height=\"150\" src=\"https:\/\/ultramagic.com\/wp-content\/uploads\/2015\/07\/1520V_AIRPOORT_OK_OJU-150x150.jpg\" class=\"attachment-thumbnail size-thumbnail\" alt=\"\" \/><\/a>\n\t\t\t<\/dt><\/dl><dl class='gallery-item'>\n\t\t\t<dt class='gallery-icon landscape'>\n\t\t\t\t<a href='https:\/\/ultramagic.com\/wp-content\/uploads\/2015\/07\/1414v_TAITUNG_OK.jpg'><img loading=\"lazy\" decoding=\"async\" width=\"150\" height=\"150\" src=\"https:\/\/ultramagic.com\/wp-content\/uploads\/2015\/07\/1414v_TAITUNG_OK-150x150.jpg\" class=\"attachment-thumbnail size-thumbnail\" alt=\"\" \/><\/a>\n\t\t\t<\/dt><\/dl><dl class='gallery-item'>\n\t\t\t<dt class='gallery-icon landscape'>\n\t\t\t\t<a href='https:\/\/ultramagic.com\/wp-content\/uploads\/2015\/07\/DSC09364.jpg'><img loading=\"lazy\" decoding=\"async\" width=\"150\" height=\"150\" src=\"https:\/\/ultramagic.com\/wp-content\/uploads\/2015\/07\/DSC09364-150x150.jpg\" class=\"attachment-thumbnail size-thumbnail\" alt=\"\" \/><\/a>\n\t\t\t<\/dt><\/dl><br style=\"clear: both\" \/>\n\t\t<\/div>\n\n<div id='gallery-2' class='gallery galleryid-9667 gallery-columns-4 gallery-size-thumbnail'><dl class='gallery-item'>\n\t\t\t<dt class='gallery-icon landscape'>\n\t\t\t\t<a href='https:\/\/ultramagic.com\/wp-content\/uploads\/2015\/07\/1764v2a_OK.jpg'><img loading=\"lazy\" decoding=\"async\" width=\"150\" height=\"150\" src=\"https:\/\/ultramagic.com\/wp-content\/uploads\/2015\/07\/1764v2a_OK-150x150.jpg\" class=\"attachment-thumbnail size-thumbnail\" alt=\"\" \/><\/a>\n\t\t\t<\/dt><\/dl><dl class='gallery-item'>\n\t\t\t<dt class='gallery-icon portrait'>\n\t\t\t\t<a href='https:\/\/ultramagic.com\/wp-content\/uploads\/2015\/07\/1762V_AIR_PETIT_PRINCE_OK.jpg'><img loading=\"lazy\" decoding=\"async\" width=\"150\" height=\"150\" src=\"https:\/\/ultramagic.com\/wp-content\/uploads\/2015\/07\/1762V_AIR_PETIT_PRINCE_OK-150x150.jpg\" class=\"attachment-thumbnail size-thumbnail\" alt=\"\" \/><\/a>\n\t\t\t<\/dt><\/dl><dl class='gallery-item'>\n\t\t\t<dt class='gallery-icon landscape'>\n\t\t\t\t<a href='https:\/\/ultramagic.com\/wp-content\/uploads\/2015\/07\/1758v_STIRLING_ACKROYD_OK1.jpg'><img loading=\"lazy\" decoding=\"async\" width=\"150\" height=\"150\" src=\"https:\/\/ultramagic.com\/wp-content\/uploads\/2015\/07\/1758v_STIRLING_ACKROYD_OK1-150x150.jpg\" class=\"attachment-thumbnail size-thumbnail\" alt=\"\" srcset=\"https:\/\/ultramagic.com\/wp-content\/uploads\/2015\/07\/1758v_STIRLING_ACKROYD_OK1-150x150.jpg 150w, https:\/\/ultramagic.com\/wp-content\/uploads\/2015\/07\/1758v_STIRLING_ACKROYD_OK1-300x300.jpg 300w, https:\/\/ultramagic.com\/wp-content\/uploads\/2015\/07\/1758v_STIRLING_ACKROYD_OK1-1024x1022.jpg 1024w\" sizes=\"(max-width: 150px) 100vw, 150px\" \/><\/a>\n\t\t\t<\/dt><\/dl><dl class='gallery-item'>\n\t\t\t<dt class='gallery-icon portrait'>\n\t\t\t\t<a href='https:\/\/ultramagic.com\/wp-content\/uploads\/2015\/07\/1667V_NORDIC_OK.jpg'><img loading=\"lazy\" decoding=\"async\" width=\"150\" height=\"150\" src=\"https:\/\/ultramagic.com\/wp-content\/uploads\/2015\/07\/1667V_NORDIC_OK-150x150.jpg\" class=\"attachment-thumbnail size-thumbnail\" alt=\"\" srcset=\"https:\/\/ultramagic.com\/wp-content\/uploads\/2015\/07\/1667V_NORDIC_OK-150x150.jpg 150w, https:\/\/ultramagic.com\/wp-content\/uploads\/2015\/07\/1667V_NORDIC_OK-300x300.jpg 300w, https:\/\/ultramagic.com\/wp-content\/uploads\/2015\/07\/1667V_NORDIC_OK-1021x1024.jpg 1021w\" sizes=\"(max-width: 150px) 100vw, 150px\" \/><\/a>\n\t\t\t<\/dt><\/dl><br style=\"clear: both\" \/>\n\t\t<\/div>\n\n<div id='gallery-3' class='gallery galleryid-9667 gallery-columns-4 gallery-size-thumbnail'><dl class='gallery-item'>\n\t\t\t<dt class='gallery-icon landscape'>\n\t\t\t\t<a href='https:\/\/ultramagic.com\/wp-content\/uploads\/2015\/07\/1830H_OK.jpg'><img loading=\"lazy\" decoding=\"async\" width=\"150\" height=\"150\" src=\"https:\/\/ultramagic.com\/wp-content\/uploads\/2015\/07\/1830H_OK-150x150.jpg\" class=\"attachment-thumbnail size-thumbnail\" alt=\"\" \/><\/a>\n\t\t\t<\/dt><\/dl><dl class='gallery-item'>\n\t\t\t<dt class='gallery-icon portrait'>\n\t\t\t\t<a href='https:\/\/ultramagic.com\/wp-content\/uploads\/2015\/07\/1810_JUNKER_OK.jpg'><img loading=\"lazy\" decoding=\"async\" width=\"150\" height=\"150\" src=\"https:\/\/ultramagic.com\/wp-content\/uploads\/2015\/07\/1810_JUNKER_OK-150x150.jpg\" class=\"attachment-thumbnail size-thumbnail\" alt=\"\" \/><\/a>\n\t\t\t<\/dt><\/dl><dl class='gallery-item'>\n\t\t\t<dt class='gallery-icon portrait'>\n\t\t\t\t<a href='https:\/\/ultramagic.com\/wp-content\/uploads\/2015\/07\/1808_CHU_LU_RANCH_OK.jpg'><img loading=\"lazy\" decoding=\"async\" width=\"150\" height=\"150\" src=\"https:\/\/ultramagic.com\/wp-content\/uploads\/2015\/07\/1808_CHU_LU_RANCH_OK-150x150.jpg\" class=\"attachment-thumbnail size-thumbnail\" alt=\"\" \/><\/a>\n\t\t\t<\/dt><\/dl><dl class='gallery-item'>\n\t\t\t<dt class='gallery-icon portrait'>\n\t\t\t\t<a href='https:\/\/ultramagic.com\/wp-content\/uploads\/2015\/07\/1783v_taitung3OK.jpg'><img loading=\"lazy\" decoding=\"async\" width=\"150\" height=\"150\" src=\"https:\/\/ultramagic.com\/wp-content\/uploads\/2015\/07\/1783v_taitung3OK-150x150.jpg\" class=\"attachment-thumbnail size-thumbnail\" alt=\"\" \/><\/a>\n\t\t\t<\/dt><\/dl><br style=\"clear: both\" \/>\n\t\t<\/div>\n\n","protected":false},"excerpt":{"rendered":"<p>El globus m\u00e8s vers\u00e0til per publicitats. Aquest s\u00e8rie amb grills menys prominents tallats horitzontalment \u00e9s particularment perfecte per l\u2019aplicaci\u00f3 de decoraci\u00f3 i logos. El seu disseny permet moltes adaptacions per tal de minimitzar deformacions del teixit i eliminar les arrugues completament. El fet de disposar d\u2019una gran variabilitat de mides fa que sigui sempre una [&hellip;]<\/p>\n","protected":false},"author":1,"featured_media":425,"parent":9581,"menu_order":0,"comment_status":"closed","ping_status":"open","template":"page-globus-fill.php","meta":{"ngg_post_thumbnail":0,"footnotes":""},"yoast_head":"<!-- This site is optimized with the Yoast SEO plugin v22.7 - https:\/\/yoast.com\/wordpress\/plugins\/seo\/ -->\n<title>M SERIES - Ultramagic<\/title>\n<meta name=\"robots\" content=\"index, follow, max-snippet:-1, max-image-preview:large, max-video-preview:-1\" \/>\n<link rel=\"canonical\" href=\"https:\/\/ultramagic.com\/ca\/globus-aerostatics\/embolcalls\/m-series\/\" \/>\n<meta property=\"og:locale\" content=\"ca_ES\" \/>\n<meta property=\"og:type\" content=\"article\" \/>\n<meta property=\"og:title\" content=\"M SERIES - Ultramagic\" \/>\n<meta property=\"og:description\" content=\"El globus m\u00e8s vers\u00e0til per publicitats. Aquest s\u00e8rie amb grills menys prominents tallats horitzontalment \u00e9s particularment perfecte per l\u2019aplicaci\u00f3 de decoraci\u00f3 i logos. El seu disseny permet moltes adaptacions per tal de minimitzar deformacions del teixit i eliminar les arrugues completament. El fet de disposar d\u2019una gran variabilitat de mides fa que sigui sempre una [&hellip;]\" \/>\n<meta property=\"og:url\" content=\"https:\/\/ultramagic.com\/ca\/globus-aerostatics\/embolcalls\/m-series\/\" \/>\n<meta property=\"og:site_name\" content=\"Ultramagic\" \/>\n<meta property=\"article:publisher\" content=\"http:\/\/www.facebook.com\/ultramagicballons\" \/>\n<meta property=\"article:modified_time\" content=\"2016-11-09T12:00:31+00:00\" \/>\n<meta property=\"og:image\" content=\"https:\/\/ultramagic.com\/wp-content\/uploads\/2015\/07\/Vela_M_b.jpg\" \/>\n\t<meta property=\"og:image:width\" content=\"100\" \/>\n\t<meta property=\"og:image:height\" content=\"133\" \/>\n\t<meta property=\"og:image:type\" content=\"image\/jpeg\" \/>\n<meta name=\"twitter:card\" content=\"summary_large_image\" \/>\n<meta name=\"twitter:site\" content=\"@umballoons\" \/>\n<meta name=\"twitter:label1\" content=\"Temps estimat de lectura\" \/>\n\t<meta name=\"twitter:data1\" content=\"1 minut\" \/>\n<script type=\"application\/ld+json\" class=\"yoast-schema-graph\">{\"@context\":\"https:\/\/schema.org\",\"@graph\":[{\"@type\":\"WebPage\",\"@id\":\"https:\/\/ultramagic.com\/ca\/globus-aerostatics\/embolcalls\/m-series\/\",\"url\":\"https:\/\/ultramagic.com\/ca\/globus-aerostatics\/embolcalls\/m-series\/\",\"name\":\"M SERIES - Ultramagic\",\"isPartOf\":{\"@id\":\"https:\/\/ultramagic.com\/#website\"},\"primaryImageOfPage\":{\"@id\":\"https:\/\/ultramagic.com\/ca\/globus-aerostatics\/embolcalls\/m-series\/#primaryimage\"},\"image\":{\"@id\":\"https:\/\/ultramagic.com\/ca\/globus-aerostatics\/embolcalls\/m-series\/#primaryimage\"},\"thumbnailUrl\":\"https:\/\/ultramagic.com\/wp-content\/uploads\/2015\/07\/Vela_M_b.jpg\",\"datePublished\":\"2016-04-05T17:23:21+00:00\",\"dateModified\":\"2016-11-09T12:00:31+00:00\",\"breadcrumb\":{\"@id\":\"https:\/\/ultramagic.com\/ca\/globus-aerostatics\/embolcalls\/m-series\/#breadcrumb\"},\"inLanguage\":\"ca\",\"potentialAction\":[{\"@type\":\"ReadAction\",\"target\":[\"https:\/\/ultramagic.com\/ca\/globus-aerostatics\/embolcalls\/m-series\/\"]}]},{\"@type\":\"ImageObject\",\"inLanguage\":\"ca\",\"@id\":\"https:\/\/ultramagic.com\/ca\/globus-aerostatics\/embolcalls\/m-series\/#primaryimage\",\"url\":\"https:\/\/ultramagic.com\/wp-content\/uploads\/2015\/07\/Vela_M_b.jpg\",\"contentUrl\":\"https:\/\/ultramagic.com\/wp-content\/uploads\/2015\/07\/Vela_M_b.jpg\",\"width\":100,\"height\":133},{\"@type\":\"BreadcrumbList\",\"@id\":\"https:\/\/ultramagic.com\/ca\/globus-aerostatics\/embolcalls\/m-series\/#breadcrumb\",\"itemListElement\":[{\"@type\":\"ListItem\",\"position\":1,\"name\":\"Home\",\"item\":\"https:\/\/ultramagic.com\/ca\/\"},{\"@type\":\"ListItem\",\"position\":2,\"name\":\"Globus aerost\u00e0tics\",\"item\":\"https:\/\/ultramagic.com\/hot-air-balloons\/\"},{\"@type\":\"ListItem\",\"position\":3,\"name\":\"Embolcalls\",\"item\":\"https:\/\/ultramagic.com\/hot-air-balloons\/envelopes\/\"},{\"@type\":\"ListItem\",\"position\":4,\"name\":\"M SERIES\"}]},{\"@type\":\"WebSite\",\"@id\":\"https:\/\/ultramagic.com\/#website\",\"url\":\"https:\/\/ultramagic.com\/\",\"name\":\"Ultramagic\",\"description\":\"All about hot air balloon advertising industry and history.Hot air balloon photos and pictures. Enjoy the hot air balloon experience from your home.\",\"potentialAction\":[{\"@type\":\"SearchAction\",\"target\":{\"@type\":\"EntryPoint\",\"urlTemplate\":\"https:\/\/ultramagic.com\/?s={search_term_string}\"},\"query-input\":\"required name=search_term_string\"}],\"inLanguage\":\"ca\"}]}<\/script>\n<!-- \/ Yoast SEO plugin. -->","yoast_head_json":{"title":"M SERIES - Ultramagic","robots":{"index":"index","follow":"follow","max-snippet":"max-snippet:-1","max-image-preview":"max-image-preview:large","max-video-preview":"max-video-preview:-1"},"canonical":"https:\/\/ultramagic.com\/ca\/globus-aerostatics\/embolcalls\/m-series\/","og_locale":"ca_ES","og_type":"article","og_title":"M SERIES - Ultramagic","og_description":"El globus m\u00e8s vers\u00e0til per publicitats. Aquest s\u00e8rie amb grills menys prominents tallats horitzontalment \u00e9s particularment perfecte per l\u2019aplicaci\u00f3 de decoraci\u00f3 i logos. El seu disseny permet moltes adaptacions per tal de minimitzar deformacions del teixit i eliminar les arrugues completament. El fet de disposar d\u2019una gran variabilitat de mides fa que sigui sempre una [&hellip;]","og_url":"https:\/\/ultramagic.com\/ca\/globus-aerostatics\/embolcalls\/m-series\/","og_site_name":"Ultramagic","article_publisher":"http:\/\/www.facebook.com\/ultramagicballons","article_modified_time":"2016-11-09T12:00:31+00:00","og_image":[{"width":100,"height":133,"url":"https:\/\/ultramagic.com\/wp-content\/uploads\/2015\/07\/Vela_M_b.jpg","type":"image\/jpeg"}],"twitter_card":"summary_large_image","twitter_site":"@umballoons","twitter_misc":{"Temps estimat de lectura":"1 minut"},"schema":{"@context":"https:\/\/schema.org","@graph":[{"@type":"WebPage","@id":"https:\/\/ultramagic.com\/ca\/globus-aerostatics\/embolcalls\/m-series\/","url":"https:\/\/ultramagic.com\/ca\/globus-aerostatics\/embolcalls\/m-series\/","name":"M SERIES - Ultramagic","isPartOf":{"@id":"https:\/\/ultramagic.com\/#website"},"primaryImageOfPage":{"@id":"https:\/\/ultramagic.com\/ca\/globus-aerostatics\/embolcalls\/m-series\/#primaryimage"},"image":{"@id":"https:\/\/ultramagic.com\/ca\/globus-aerostatics\/embolcalls\/m-series\/#primaryimage"},"thumbnailUrl":"https:\/\/ultramagic.com\/wp-content\/uploads\/2015\/07\/Vela_M_b.jpg","datePublished":"2016-04-05T17:23:21+00:00","dateModified":"2016-11-09T12:00:31+00:00","breadcrumb":{"@id":"https:\/\/ultramagic.com\/ca\/globus-aerostatics\/embolcalls\/m-series\/#breadcrumb"},"inLanguage":"ca","potentialAction":[{"@type":"ReadAction","target":["https:\/\/ultramagic.com\/ca\/globus-aerostatics\/embolcalls\/m-series\/"]}]},{"@type":"ImageObject","inLanguage":"ca","@id":"https:\/\/ultramagic.com\/ca\/globus-aerostatics\/embolcalls\/m-series\/#primaryimage","url":"https:\/\/ultramagic.com\/wp-content\/uploads\/2015\/07\/Vela_M_b.jpg","contentUrl":"https:\/\/ultramagic.com\/wp-content\/uploads\/2015\/07\/Vela_M_b.jpg","width":100,"height":133},{"@type":"BreadcrumbList","@id":"https:\/\/ultramagic.com\/ca\/globus-aerostatics\/embolcalls\/m-series\/#breadcrumb","itemListElement":[{"@type":"ListItem","position":1,"name":"Home","item":"https:\/\/ultramagic.com\/ca\/"},{"@type":"ListItem","position":2,"name":"Globus aerost\u00e0tics","item":"https:\/\/ultramagic.com\/hot-air-balloons\/"},{"@type":"ListItem","position":3,"name":"Embolcalls","item":"https:\/\/ultramagic.com\/hot-air-balloons\/envelopes\/"},{"@type":"ListItem","position":4,"name":"M SERIES"}]},{"@type":"WebSite","@id":"https:\/\/ultramagic.com\/#website","url":"https:\/\/ultramagic.com\/","name":"Ultramagic","description":"All about hot air balloon advertising industry and history.Hot air balloon photos and pictures. Enjoy the hot air balloon experience from your home.","potentialAction":[{"@type":"SearchAction","target":{"@type":"EntryPoint","urlTemplate":"https:\/\/ultramagic.com\/?s={search_term_string}"},"query-input":"required name=search_term_string"}],"inLanguage":"ca"}]}},"_links":{"self":[{"href":"https:\/\/ultramagic.com\/ca\/wp-json\/wp\/v2\/pages\/9667"}],"collection":[{"href":"https:\/\/ultramagic.com\/ca\/wp-json\/wp\/v2\/pages"}],"about":[{"href":"https:\/\/ultramagic.com\/ca\/wp-json\/wp\/v2\/types\/page"}],"author":[{"embeddable":true,"href":"https:\/\/ultramagic.com\/ca\/wp-json\/wp\/v2\/users\/1"}],"replies":[{"embeddable":true,"href":"https:\/\/ultramagic.com\/ca\/wp-json\/wp\/v2\/comments?post=9667"}],"version-history":[{"count":3,"href":"https:\/\/ultramagic.com\/ca\/wp-json\/wp\/v2\/pages\/9667\/revisions"}],"predecessor-version":[{"id":10898,"href":"https:\/\/ultramagic.com\/ca\/wp-json\/wp\/v2\/pages\/9667\/revisions\/10898"}],"up":[{"embeddable":true,"href":"https:\/\/ultramagic.com\/ca\/wp-json\/wp\/v2\/pages\/9581"}],"wp:featuredmedia":[{"embeddable":true,"href":"https:\/\/ultramagic.com\/ca\/wp-json\/wp\/v2\/media\/425"}],"wp:attachment":[{"href":"https:\/\/ultramagic.com\/ca\/wp-json\/wp\/v2\/media?parent=9667"}],"curies":[{"name":"wp","href":"https:\/\/api.w.org\/{rel}","templated":true}]}}