{"id":9666,"date":"2016-04-05T19:23:19","date_gmt":"2016-04-05T17:23:19","guid":{"rendered":"http:\/\/ultramagic.creagia.com\/ca\/?page_id=9666"},"modified":"2016-11-09T12:55:39","modified_gmt":"2016-11-09T11:55:39","slug":"h-series","status":"publish","type":"page","link":"https:\/\/ultramagic.com\/ca\/globus-aerostatics\/embolcalls\/h-series\/","title":{"rendered":"H SERIES"},"content":{"rendered":"<blockquote><p>Forta per\u00f2 lleugera, aquesta s\u00e8rie \u00e9s ideal per vols esportius en general, entreteniment i \u00fas professional .<\/p><\/blockquote>\n<p>Aquesta atractiva vela de 12 grills prominents est\u00e0 dissenyada i fabricada per una m\u00e0xima seguretat, econ\u00f2mica i amb la qualitat que ofereix sempre Ultramagic en qualsevol globus. Al ser lleugera i maniobrable fa que sigui adequada per <img loading=\"lazy\" decoding=\"async\" class=\"alignright wp-image-6851\" src=\"http:\/\/ultramagic.com\/wp-content\/uploads\/2015\/07\/h-series-model-134x300.png\" alt=\"h-series-model\" width=\"100\" height=\"224\" srcset=\"https:\/\/ultramagic.com\/wp-content\/uploads\/2015\/07\/h-series-model-134x300.png 134w, https:\/\/ultramagic.com\/wp-content\/uploads\/2015\/07\/h-series-model-457x1024.png 457w, https:\/\/ultramagic.com\/wp-content\/uploads\/2015\/07\/h-series-model.png 554w\" sizes=\"(max-width: 100px) 100vw, 100px\" \/>vols de caps de setmana i de competici\u00f3.<\/p>\n<p>Tamb\u00e9 \u00e9s ideal per pilots en pr\u00e0ctiques o per pilots experts. Una vela ideal per principiants que pot utilitzar-se a la vegada per petits anuncis de patrocinadors o b\u00e9, per petites pancartes. \u00c9s el model base pel Magic Pack, el nostre globus d\u2019entrega m\u00e8s r\u00e0pid que ofertem.<\/p>\n<p>&nbsp;<\/p>\n<p><a href=\"http:\/\/ultramagic.com\/wp-content\/uploads\/2015\/07\/Taula_H1.jpg\"><img loading=\"lazy\" decoding=\"async\" class=\" alignleft wp-image-7042\" src=\"http:\/\/ultramagic.com\/wp-content\/uploads\/2015\/07\/Taula_H1-1024x313.jpg\" alt=\"\" width=\"800\" height=\"245\" srcset=\"https:\/\/ultramagic.com\/wp-content\/uploads\/2015\/07\/Taula_H1-1024x313.jpg 1024w, https:\/\/ultramagic.com\/wp-content\/uploads\/2015\/07\/Taula_H1-300x92.jpg 300w, https:\/\/ultramagic.com\/wp-content\/uploads\/2015\/07\/Taula_H1.jpg 1831w\" sizes=\"(max-width: 800px) 100vw, 800px\" \/><\/a><\/p>\n<p>&nbsp;<\/p>\n<p>&nbsp;<\/p>\n<p>&nbsp;<\/p>\n<div id='gallery-1' class='gallery galleryid-9666 gallery-columns-4 gallery-size-thumbnail'><dl class='gallery-item'>\n\t\t\t<dt class='gallery-icon portrait'>\n\t\t\t\t<a href='https:\/\/ultramagic.com\/wp-content\/uploads\/2015\/07\/H65_BUCKLER_OK1.jpg'><img loading=\"lazy\" decoding=\"async\" width=\"150\" height=\"150\" src=\"https:\/\/ultramagic.com\/wp-content\/uploads\/2015\/07\/H65_BUCKLER_OK1-150x150.jpg\" class=\"attachment-thumbnail size-thumbnail\" alt=\"\" \/><\/a>\n\t\t\t<\/dt><\/dl><dl class='gallery-item'>\n\t\t\t<dt class='gallery-icon portrait'>\n\t\t\t\t<a href='https:\/\/ultramagic.com\/wp-content\/uploads\/2015\/07\/1752_ARNAUD_OK-e1455615823291.jpg'><img loading=\"lazy\" decoding=\"async\" width=\"150\" height=\"150\" src=\"https:\/\/ultramagic.com\/wp-content\/uploads\/2015\/07\/1752_ARNAUD_OK-150x150.jpg\" class=\"attachment-thumbnail size-thumbnail\" alt=\"\" \/><\/a>\n\t\t\t<\/dt><\/dl><dl class='gallery-item'>\n\t\t\t<dt class='gallery-icon portrait'>\n\t\t\t\t<a href='https:\/\/ultramagic.com\/wp-content\/uploads\/2015\/07\/1657H_OK.jpg'><img loading=\"lazy\" decoding=\"async\" width=\"150\" height=\"150\" src=\"https:\/\/ultramagic.com\/wp-content\/uploads\/2015\/07\/1657H_OK-150x150.jpg\" class=\"attachment-thumbnail size-thumbnail\" alt=\"\" \/><\/a>\n\t\t\t<\/dt><\/dl><dl class='gallery-item'>\n\t\t\t<dt class='gallery-icon portrait'>\n\t\t\t\t<a href='https:\/\/ultramagic.com\/wp-content\/uploads\/2015\/07\/1638_SASAKI_OK-e1455615851572.jpg'><img loading=\"lazy\" decoding=\"async\" width=\"150\" height=\"150\" src=\"https:\/\/ultramagic.com\/wp-content\/uploads\/2015\/07\/1638_SASAKI_OK-150x150.jpg\" class=\"attachment-thumbnail size-thumbnail\" alt=\"\" \/><\/a>\n\t\t\t<\/dt><\/dl><br style=\"clear: both\" \/>\n\t\t<\/div>\n\n<div id='gallery-2' class='gallery galleryid-9666 gallery-columns-4 gallery-size-thumbnail'><dl class='gallery-item'>\n\t\t\t<dt class='gallery-icon landscape'>\n\t\t\t\t<a href='https:\/\/ultramagic.com\/wp-content\/uploads\/2015\/07\/H77_TIMBERLANDOK-e1455615592733.jpg'><img loading=\"lazy\" decoding=\"async\" width=\"150\" height=\"150\" src=\"https:\/\/ultramagic.com\/wp-content\/uploads\/2015\/07\/H77_TIMBERLANDOK-150x150.jpg\" class=\"attachment-thumbnail size-thumbnail\" alt=\"\" \/><\/a>\n\t\t\t<\/dt><\/dl><dl class='gallery-item'>\n\t\t\t<dt class='gallery-icon portrait'>\n\t\t\t\t<a href='https:\/\/ultramagic.com\/wp-content\/uploads\/2015\/07\/H77_SONYOK-e1455615559933.jpg'><img loading=\"lazy\" decoding=\"async\" width=\"150\" height=\"150\" src=\"https:\/\/ultramagic.com\/wp-content\/uploads\/2015\/07\/H77_SONYOK-150x150.jpg\" class=\"attachment-thumbnail size-thumbnail\" alt=\"\" \/><\/a>\n\t\t\t<\/dt><\/dl><dl class='gallery-item'>\n\t\t\t<dt class='gallery-icon portrait'>\n\t\t\t\t<a href='https:\/\/ultramagic.com\/wp-content\/uploads\/2015\/07\/H77_PACK_VERMELLOK-e1455615605111.jpg'><img loading=\"lazy\" decoding=\"async\" width=\"150\" height=\"150\" src=\"https:\/\/ultramagic.com\/wp-content\/uploads\/2015\/07\/H77_PACK_VERMELLOK-150x150.jpg\" class=\"attachment-thumbnail size-thumbnail\" alt=\"\" \/><\/a>\n\t\t\t<\/dt><\/dl><dl class='gallery-item'>\n\t\t\t<dt class='gallery-icon portrait'>\n\t\t\t\t<a href='https:\/\/ultramagic.com\/wp-content\/uploads\/2015\/07\/H65_WORSHOP_OK-e1455615948282.jpg'><img loading=\"lazy\" decoding=\"async\" width=\"150\" height=\"150\" src=\"https:\/\/ultramagic.com\/wp-content\/uploads\/2015\/07\/H65_WORSHOP_OK-150x150.jpg\" class=\"attachment-thumbnail size-thumbnail\" alt=\"\" \/><\/a>\n\t\t\t<\/dt><\/dl><br style=\"clear: both\" \/>\n\t\t<\/div>\n\n","protected":false},"excerpt":{"rendered":"<p>Forta per\u00f2 lleugera, aquesta s\u00e8rie \u00e9s ideal per vols esportius en general, entreteniment i \u00fas professional . Aquesta atractiva vela de 12 grills prominents est\u00e0 dissenyada i fabricada per una m\u00e0xima seguretat, econ\u00f2mica i amb la qualitat que ofereix sempre Ultramagic en qualsevol globus. Al ser lleugera i maniobrable fa que sigui adequada per vols [&hellip;]<\/p>\n","protected":false},"author":1,"featured_media":428,"parent":9581,"menu_order":0,"comment_status":"closed","ping_status":"open","template":"page-globus-fill.php","meta":{"ngg_post_thumbnail":0,"footnotes":""},"yoast_head":"<!-- This site is optimized with the Yoast SEO plugin v22.7 - https:\/\/yoast.com\/wordpress\/plugins\/seo\/ -->\n<title>H SERIES - Ultramagic<\/title>\n<meta name=\"robots\" content=\"index, follow, max-snippet:-1, max-image-preview:large, max-video-preview:-1\" \/>\n<link rel=\"canonical\" href=\"https:\/\/ultramagic.com\/hot-air-balloons\/envelopes\/h-series\/\" \/>\n<meta property=\"og:locale\" content=\"ca_ES\" \/>\n<meta property=\"og:type\" content=\"article\" \/>\n<meta property=\"og:title\" content=\"H SERIES - Ultramagic\" \/>\n<meta property=\"og:description\" content=\"Forta per\u00f2 lleugera, aquesta s\u00e8rie \u00e9s ideal per vols esportius en general, entreteniment i \u00fas professional . Aquesta atractiva vela de 12 grills prominents est\u00e0 dissenyada i fabricada per una m\u00e0xima seguretat, econ\u00f2mica i amb la qualitat que ofereix sempre Ultramagic en qualsevol globus. Al ser lleugera i maniobrable fa que sigui adequada per vols [&hellip;]\" \/>\n<meta property=\"og:url\" content=\"https:\/\/ultramagic.com\/hot-air-balloons\/envelopes\/h-series\/\" \/>\n<meta property=\"og:site_name\" content=\"Ultramagic\" \/>\n<meta property=\"article:publisher\" content=\"http:\/\/www.facebook.com\/ultramagicballons\" \/>\n<meta property=\"article:modified_time\" content=\"2016-11-09T11:55:39+00:00\" \/>\n<meta property=\"og:image\" content=\"https:\/\/ultramagic.com\/wp-content\/uploads\/2015\/07\/Vela_H_b.jpg\" \/>\n\t<meta property=\"og:image:width\" content=\"100\" \/>\n\t<meta property=\"og:image:height\" content=\"133\" \/>\n\t<meta property=\"og:image:type\" content=\"image\/jpeg\" \/>\n<meta name=\"twitter:card\" content=\"summary_large_image\" \/>\n<meta name=\"twitter:site\" content=\"@umballoons\" \/>\n<meta name=\"twitter:label1\" content=\"Temps estimat de lectura\" \/>\n\t<meta name=\"twitter:data1\" content=\"1 minut\" \/>\n<script type=\"application\/ld+json\" class=\"yoast-schema-graph\">{\"@context\":\"https:\/\/schema.org\",\"@graph\":[{\"@type\":\"WebPage\",\"@id\":\"https:\/\/ultramagic.com\/hot-air-balloons\/envelopes\/h-series\/\",\"url\":\"https:\/\/ultramagic.com\/hot-air-balloons\/envelopes\/h-series\/\",\"name\":\"H SERIES - Ultramagic\",\"isPartOf\":{\"@id\":\"https:\/\/ultramagic.com\/#website\"},\"primaryImageOfPage\":{\"@id\":\"https:\/\/ultramagic.com\/hot-air-balloons\/envelopes\/h-series\/#primaryimage\"},\"image\":{\"@id\":\"https:\/\/ultramagic.com\/hot-air-balloons\/envelopes\/h-series\/#primaryimage\"},\"thumbnailUrl\":\"https:\/\/ultramagic.com\/wp-content\/uploads\/2015\/07\/Vela_H_b.jpg\",\"datePublished\":\"2016-04-05T17:23:19+00:00\",\"dateModified\":\"2016-11-09T11:55:39+00:00\",\"breadcrumb\":{\"@id\":\"https:\/\/ultramagic.com\/hot-air-balloons\/envelopes\/h-series\/#breadcrumb\"},\"inLanguage\":\"ca\",\"potentialAction\":[{\"@type\":\"ReadAction\",\"target\":[\"https:\/\/ultramagic.com\/hot-air-balloons\/envelopes\/h-series\/\"]}]},{\"@type\":\"ImageObject\",\"inLanguage\":\"ca\",\"@id\":\"https:\/\/ultramagic.com\/hot-air-balloons\/envelopes\/h-series\/#primaryimage\",\"url\":\"https:\/\/ultramagic.com\/wp-content\/uploads\/2015\/07\/Vela_H_b.jpg\",\"contentUrl\":\"https:\/\/ultramagic.com\/wp-content\/uploads\/2015\/07\/Vela_H_b.jpg\",\"width\":100,\"height\":133},{\"@type\":\"BreadcrumbList\",\"@id\":\"https:\/\/ultramagic.com\/hot-air-balloons\/envelopes\/h-series\/#breadcrumb\",\"itemListElement\":[{\"@type\":\"ListItem\",\"position\":1,\"name\":\"Home\",\"item\":\"https:\/\/ultramagic.com\/ca\/\"},{\"@type\":\"ListItem\",\"position\":2,\"name\":\"Globus aerost\u00e0tics\",\"item\":\"https:\/\/ultramagic.com\/hot-air-balloons\/\"},{\"@type\":\"ListItem\",\"position\":3,\"name\":\"Embolcalls\",\"item\":\"https:\/\/ultramagic.com\/hot-air-balloons\/envelopes\/\"},{\"@type\":\"ListItem\",\"position\":4,\"name\":\"H SERIES\"}]},{\"@type\":\"WebSite\",\"@id\":\"https:\/\/ultramagic.com\/#website\",\"url\":\"https:\/\/ultramagic.com\/\",\"name\":\"Ultramagic\",\"description\":\"All about hot air balloon advertising industry and history.Hot air balloon photos and pictures. Enjoy the hot air balloon experience from your home.\",\"potentialAction\":[{\"@type\":\"SearchAction\",\"target\":{\"@type\":\"EntryPoint\",\"urlTemplate\":\"https:\/\/ultramagic.com\/?s={search_term_string}\"},\"query-input\":\"required name=search_term_string\"}],\"inLanguage\":\"ca\"}]}<\/script>\n<!-- \/ Yoast SEO plugin. -->","yoast_head_json":{"title":"H SERIES - Ultramagic","robots":{"index":"index","follow":"follow","max-snippet":"max-snippet:-1","max-image-preview":"max-image-preview:large","max-video-preview":"max-video-preview:-1"},"canonical":"https:\/\/ultramagic.com\/hot-air-balloons\/envelopes\/h-series\/","og_locale":"ca_ES","og_type":"article","og_title":"H SERIES - Ultramagic","og_description":"Forta per\u00f2 lleugera, aquesta s\u00e8rie \u00e9s ideal per vols esportius en general, entreteniment i \u00fas professional . Aquesta atractiva vela de 12 grills prominents est\u00e0 dissenyada i fabricada per una m\u00e0xima seguretat, econ\u00f2mica i amb la qualitat que ofereix sempre Ultramagic en qualsevol globus. Al ser lleugera i maniobrable fa que sigui adequada per vols [&hellip;]","og_url":"https:\/\/ultramagic.com\/hot-air-balloons\/envelopes\/h-series\/","og_site_name":"Ultramagic","article_publisher":"http:\/\/www.facebook.com\/ultramagicballons","article_modified_time":"2016-11-09T11:55:39+00:00","og_image":[{"width":100,"height":133,"url":"https:\/\/ultramagic.com\/wp-content\/uploads\/2015\/07\/Vela_H_b.jpg","type":"image\/jpeg"}],"twitter_card":"summary_large_image","twitter_site":"@umballoons","twitter_misc":{"Temps estimat de lectura":"1 minut"},"schema":{"@context":"https:\/\/schema.org","@graph":[{"@type":"WebPage","@id":"https:\/\/ultramagic.com\/hot-air-balloons\/envelopes\/h-series\/","url":"https:\/\/ultramagic.com\/hot-air-balloons\/envelopes\/h-series\/","name":"H SERIES - Ultramagic","isPartOf":{"@id":"https:\/\/ultramagic.com\/#website"},"primaryImageOfPage":{"@id":"https:\/\/ultramagic.com\/hot-air-balloons\/envelopes\/h-series\/#primaryimage"},"image":{"@id":"https:\/\/ultramagic.com\/hot-air-balloons\/envelopes\/h-series\/#primaryimage"},"thumbnailUrl":"https:\/\/ultramagic.com\/wp-content\/uploads\/2015\/07\/Vela_H_b.jpg","datePublished":"2016-04-05T17:23:19+00:00","dateModified":"2016-11-09T11:55:39+00:00","breadcrumb":{"@id":"https:\/\/ultramagic.com\/hot-air-balloons\/envelopes\/h-series\/#breadcrumb"},"inLanguage":"ca","potentialAction":[{"@type":"ReadAction","target":["https:\/\/ultramagic.com\/hot-air-balloons\/envelopes\/h-series\/"]}]},{"@type":"ImageObject","inLanguage":"ca","@id":"https:\/\/ultramagic.com\/hot-air-balloons\/envelopes\/h-series\/#primaryimage","url":"https:\/\/ultramagic.com\/wp-content\/uploads\/2015\/07\/Vela_H_b.jpg","contentUrl":"https:\/\/ultramagic.com\/wp-content\/uploads\/2015\/07\/Vela_H_b.jpg","width":100,"height":133},{"@type":"BreadcrumbList","@id":"https:\/\/ultramagic.com\/hot-air-balloons\/envelopes\/h-series\/#breadcrumb","itemListElement":[{"@type":"ListItem","position":1,"name":"Home","item":"https:\/\/ultramagic.com\/ca\/"},{"@type":"ListItem","position":2,"name":"Globus aerost\u00e0tics","item":"https:\/\/ultramagic.com\/hot-air-balloons\/"},{"@type":"ListItem","position":3,"name":"Embolcalls","item":"https:\/\/ultramagic.com\/hot-air-balloons\/envelopes\/"},{"@type":"ListItem","position":4,"name":"H SERIES"}]},{"@type":"WebSite","@id":"https:\/\/ultramagic.com\/#website","url":"https:\/\/ultramagic.com\/","name":"Ultramagic","description":"All about hot air balloon advertising industry and history.Hot air balloon photos and pictures. Enjoy the hot air balloon experience from your home.","potentialAction":[{"@type":"SearchAction","target":{"@type":"EntryPoint","urlTemplate":"https:\/\/ultramagic.com\/?s={search_term_string}"},"query-input":"required name=search_term_string"}],"inLanguage":"ca"}]}},"_links":{"self":[{"href":"https:\/\/ultramagic.com\/ca\/wp-json\/wp\/v2\/pages\/9666"}],"collection":[{"href":"https:\/\/ultramagic.com\/ca\/wp-json\/wp\/v2\/pages"}],"about":[{"href":"https:\/\/ultramagic.com\/ca\/wp-json\/wp\/v2\/types\/page"}],"author":[{"embeddable":true,"href":"https:\/\/ultramagic.com\/ca\/wp-json\/wp\/v2\/users\/1"}],"replies":[{"embeddable":true,"href":"https:\/\/ultramagic.com\/ca\/wp-json\/wp\/v2\/comments?post=9666"}],"version-history":[{"count":3,"href":"https:\/\/ultramagic.com\/ca\/wp-json\/wp\/v2\/pages\/9666\/revisions"}],"predecessor-version":[{"id":10896,"href":"https:\/\/ultramagic.com\/ca\/wp-json\/wp\/v2\/pages\/9666\/revisions\/10896"}],"up":[{"embeddable":true,"href":"https:\/\/ultramagic.com\/ca\/wp-json\/wp\/v2\/pages\/9581"}],"wp:featuredmedia":[{"embeddable":true,"href":"https:\/\/ultramagic.com\/ca\/wp-json\/wp\/v2\/media\/428"}],"wp:attachment":[{"href":"https:\/\/ultramagic.com\/ca\/wp-json\/wp\/v2\/media?parent=9666"}],"curies":[{"name":"wp","href":"https:\/\/api.w.org\/{rel}","templated":true}]}}