{"id":9659,"date":"2016-04-05T19:22:43","date_gmt":"2016-04-05T17:22:43","guid":{"rendered":"http:\/\/ultramagic.creagia.com\/ca\/?page_id=9659"},"modified":"2016-11-09T15:04:31","modified_gmt":"2016-11-09T14:04:31","slug":"g-series","status":"publish","type":"page","link":"https:\/\/ultramagic.com\/ca\/globus-aerostatics\/embolcalls\/g-series\/","title":{"rendered":"G SERIES"},"content":{"rendered":"<blockquote><p>Vela cl\u00e0ssica amb grills prominents<\/p><\/blockquote>\n<p>Una vela dissenyada per a pilots als quals els agrada la forma cl\u00e0ssica d\u2019un globus m\u00e8s prominent. Recreat a partir d\u2019un disseny antic dels inicis dels globus aerost\u00e0tics. Robusta per\u00f2 a la vegada lleugera, la vela de la s\u00e8rie G t\u00e9 forma de ll\u00e0grima amb 8 grills prominents.<\/p>\n<p>&nbsp;<\/p>\n<p>La s\u00e8rie G d\u00f3na l\u2019oportunitat al pilot de crear el seu propi espai creatiu a partir del disseny cl\u00e0ssic, a la vegada de tenir un globus lleuger i f\u00e0cil d&#8217;operar.<\/p>\n<p><a href=\"http:\/\/ultramagic.com\/wp-content\/uploads\/2016\/04\/Taula_G-series.jpg\" rel=\"attachment wp-att-10043\"><img loading=\"lazy\" decoding=\"async\" class=\"alignnone size-full wp-image-10043\" src=\"http:\/\/ultramagic.com\/wp-content\/uploads\/2016\/04\/Taula_G-series.jpg\" alt=\"Taula_G series\" width=\"1351\" height=\"150\" srcset=\"https:\/\/ultramagic.com\/wp-content\/uploads\/2016\/04\/Taula_G-series.jpg 1351w, https:\/\/ultramagic.com\/wp-content\/uploads\/2016\/04\/Taula_G-series-300x33.jpg 300w, https:\/\/ultramagic.com\/wp-content\/uploads\/2016\/04\/Taula_G-series-768x85.jpg 768w, https:\/\/ultramagic.com\/wp-content\/uploads\/2016\/04\/Taula_G-series-1024x114.jpg 1024w\" sizes=\"(max-width: 1351px) 100vw, 1351px\" \/><\/a><\/p>\n<p><a href=\"http:\/\/ultramagic.com\/wp-content\/uploads\/2016\/04\/PA107866.jpg\" rel=\"attachment wp-att-10050\"><img loading=\"lazy\" decoding=\"async\" class=\"alignnone size-full wp-image-10050\" src=\"http:\/\/ultramagic.com\/wp-content\/uploads\/2016\/04\/PA107866.jpg\" alt=\"OLYMPUS DIGITAL CAMERA\" width=\"3200\" height=\"2400\" srcset=\"https:\/\/ultramagic.com\/wp-content\/uploads\/2016\/04\/PA107866.jpg 3200w, https:\/\/ultramagic.com\/wp-content\/uploads\/2016\/04\/PA107866-300x225.jpg 300w, https:\/\/ultramagic.com\/wp-content\/uploads\/2016\/04\/PA107866-768x576.jpg 768w, https:\/\/ultramagic.com\/wp-content\/uploads\/2016\/04\/PA107866-1024x768.jpg 1024w\" sizes=\"(max-width: 3200px) 100vw, 3200px\" \/><\/a><\/p>\n","protected":false},"excerpt":{"rendered":"<p>Vela cl\u00e0ssica amb grills prominents Una vela dissenyada per a pilots als quals els agrada la forma cl\u00e0ssica d\u2019un globus m\u00e8s prominent. Recreat a partir d\u2019un disseny antic dels inicis dels globus aerost\u00e0tics. Robusta per\u00f2 a la vegada lleugera, la vela de la s\u00e8rie G t\u00e9 forma de ll\u00e0grima amb 8 grills prominents. &nbsp; La [&hellip;]<\/p>\n","protected":false},"author":1,"featured_media":7437,"parent":9581,"menu_order":0,"comment_status":"closed","ping_status":"open","template":"page-globus-fill.php","meta":{"ngg_post_thumbnail":0,"footnotes":""},"yoast_head":"<!-- This site is optimized with the Yoast SEO plugin v22.7 - https:\/\/yoast.com\/wordpress\/plugins\/seo\/ -->\n<title>G SERIES - Ultramagic<\/title>\n<meta name=\"robots\" content=\"index, follow, max-snippet:-1, max-image-preview:large, max-video-preview:-1\" \/>\n<link rel=\"canonical\" href=\"https:\/\/ultramagic.com\/hot-air-balloons\/envelopes\/g-series\/\" \/>\n<meta property=\"og:locale\" content=\"ca_ES\" \/>\n<meta property=\"og:type\" content=\"article\" \/>\n<meta property=\"og:title\" content=\"G SERIES - Ultramagic\" \/>\n<meta property=\"og:description\" content=\"Vela cl\u00e0ssica amb grills prominents Una vela dissenyada per a pilots als quals els agrada la forma cl\u00e0ssica d\u2019un globus m\u00e8s prominent. Recreat a partir d\u2019un disseny antic dels inicis dels globus aerost\u00e0tics. Robusta per\u00f2 a la vegada lleugera, la vela de la s\u00e8rie G t\u00e9 forma de ll\u00e0grima amb 8 grills prominents. &nbsp; La [&hellip;]\" \/>\n<meta property=\"og:url\" content=\"https:\/\/ultramagic.com\/hot-air-balloons\/envelopes\/g-series\/\" \/>\n<meta property=\"og:site_name\" content=\"Ultramagic\" \/>\n<meta property=\"article:publisher\" content=\"http:\/\/www.facebook.com\/ultramagicballons\" \/>\n<meta property=\"article:modified_time\" content=\"2016-11-09T14:04:31+00:00\" \/>\n<meta property=\"og:image\" content=\"https:\/\/ultramagic.com\/wp-content\/uploads\/2016\/02\/held-g-90-e1455699432628.jpg\" \/>\n\t<meta property=\"og:image:width\" content=\"100\" \/>\n\t<meta property=\"og:image:height\" content=\"120\" \/>\n\t<meta property=\"og:image:type\" content=\"image\/jpeg\" \/>\n<meta name=\"twitter:card\" content=\"summary_large_image\" \/>\n<meta name=\"twitter:site\" content=\"@umballoons\" \/>\n<script type=\"application\/ld+json\" class=\"yoast-schema-graph\">{\"@context\":\"https:\/\/schema.org\",\"@graph\":[{\"@type\":\"WebPage\",\"@id\":\"https:\/\/ultramagic.com\/hot-air-balloons\/envelopes\/g-series\/\",\"url\":\"https:\/\/ultramagic.com\/hot-air-balloons\/envelopes\/g-series\/\",\"name\":\"G SERIES - Ultramagic\",\"isPartOf\":{\"@id\":\"https:\/\/ultramagic.com\/#website\"},\"primaryImageOfPage\":{\"@id\":\"https:\/\/ultramagic.com\/hot-air-balloons\/envelopes\/g-series\/#primaryimage\"},\"image\":{\"@id\":\"https:\/\/ultramagic.com\/hot-air-balloons\/envelopes\/g-series\/#primaryimage\"},\"thumbnailUrl\":\"https:\/\/ultramagic.com\/wp-content\/uploads\/2016\/02\/held-g-90-e1455699432628.jpg\",\"datePublished\":\"2016-04-05T17:22:43+00:00\",\"dateModified\":\"2016-11-09T14:04:31+00:00\",\"breadcrumb\":{\"@id\":\"https:\/\/ultramagic.com\/hot-air-balloons\/envelopes\/g-series\/#breadcrumb\"},\"inLanguage\":\"ca\",\"potentialAction\":[{\"@type\":\"ReadAction\",\"target\":[\"https:\/\/ultramagic.com\/hot-air-balloons\/envelopes\/g-series\/\"]}]},{\"@type\":\"ImageObject\",\"inLanguage\":\"ca\",\"@id\":\"https:\/\/ultramagic.com\/hot-air-balloons\/envelopes\/g-series\/#primaryimage\",\"url\":\"https:\/\/ultramagic.com\/wp-content\/uploads\/2016\/02\/held-g-90-e1455699432628.jpg\",\"contentUrl\":\"https:\/\/ultramagic.com\/wp-content\/uploads\/2016\/02\/held-g-90-e1455699432628.jpg\",\"width\":100,\"height\":120},{\"@type\":\"BreadcrumbList\",\"@id\":\"https:\/\/ultramagic.com\/hot-air-balloons\/envelopes\/g-series\/#breadcrumb\",\"itemListElement\":[{\"@type\":\"ListItem\",\"position\":1,\"name\":\"Home\",\"item\":\"https:\/\/ultramagic.com\/ca\/\"},{\"@type\":\"ListItem\",\"position\":2,\"name\":\"Globus aerost\u00e0tics\",\"item\":\"https:\/\/ultramagic.com\/hot-air-balloons\/\"},{\"@type\":\"ListItem\",\"position\":3,\"name\":\"Embolcalls\",\"item\":\"https:\/\/ultramagic.com\/hot-air-balloons\/envelopes\/\"},{\"@type\":\"ListItem\",\"position\":4,\"name\":\"G SERIES\"}]},{\"@type\":\"WebSite\",\"@id\":\"https:\/\/ultramagic.com\/#website\",\"url\":\"https:\/\/ultramagic.com\/\",\"name\":\"Ultramagic\",\"description\":\"All about hot air balloon advertising industry and history.Hot air balloon photos and pictures. Enjoy the hot air balloon experience from your home.\",\"potentialAction\":[{\"@type\":\"SearchAction\",\"target\":{\"@type\":\"EntryPoint\",\"urlTemplate\":\"https:\/\/ultramagic.com\/?s={search_term_string}\"},\"query-input\":\"required name=search_term_string\"}],\"inLanguage\":\"ca\"}]}<\/script>\n<!-- \/ Yoast SEO plugin. -->","yoast_head_json":{"title":"G SERIES - Ultramagic","robots":{"index":"index","follow":"follow","max-snippet":"max-snippet:-1","max-image-preview":"max-image-preview:large","max-video-preview":"max-video-preview:-1"},"canonical":"https:\/\/ultramagic.com\/hot-air-balloons\/envelopes\/g-series\/","og_locale":"ca_ES","og_type":"article","og_title":"G SERIES - Ultramagic","og_description":"Vela cl\u00e0ssica amb grills prominents Una vela dissenyada per a pilots als quals els agrada la forma cl\u00e0ssica d\u2019un globus m\u00e8s prominent. Recreat a partir d\u2019un disseny antic dels inicis dels globus aerost\u00e0tics. Robusta per\u00f2 a la vegada lleugera, la vela de la s\u00e8rie G t\u00e9 forma de ll\u00e0grima amb 8 grills prominents. &nbsp; La [&hellip;]","og_url":"https:\/\/ultramagic.com\/hot-air-balloons\/envelopes\/g-series\/","og_site_name":"Ultramagic","article_publisher":"http:\/\/www.facebook.com\/ultramagicballons","article_modified_time":"2016-11-09T14:04:31+00:00","og_image":[{"width":100,"height":120,"url":"https:\/\/ultramagic.com\/wp-content\/uploads\/2016\/02\/held-g-90-e1455699432628.jpg","type":"image\/jpeg"}],"twitter_card":"summary_large_image","twitter_site":"@umballoons","schema":{"@context":"https:\/\/schema.org","@graph":[{"@type":"WebPage","@id":"https:\/\/ultramagic.com\/hot-air-balloons\/envelopes\/g-series\/","url":"https:\/\/ultramagic.com\/hot-air-balloons\/envelopes\/g-series\/","name":"G SERIES - Ultramagic","isPartOf":{"@id":"https:\/\/ultramagic.com\/#website"},"primaryImageOfPage":{"@id":"https:\/\/ultramagic.com\/hot-air-balloons\/envelopes\/g-series\/#primaryimage"},"image":{"@id":"https:\/\/ultramagic.com\/hot-air-balloons\/envelopes\/g-series\/#primaryimage"},"thumbnailUrl":"https:\/\/ultramagic.com\/wp-content\/uploads\/2016\/02\/held-g-90-e1455699432628.jpg","datePublished":"2016-04-05T17:22:43+00:00","dateModified":"2016-11-09T14:04:31+00:00","breadcrumb":{"@id":"https:\/\/ultramagic.com\/hot-air-balloons\/envelopes\/g-series\/#breadcrumb"},"inLanguage":"ca","potentialAction":[{"@type":"ReadAction","target":["https:\/\/ultramagic.com\/hot-air-balloons\/envelopes\/g-series\/"]}]},{"@type":"ImageObject","inLanguage":"ca","@id":"https:\/\/ultramagic.com\/hot-air-balloons\/envelopes\/g-series\/#primaryimage","url":"https:\/\/ultramagic.com\/wp-content\/uploads\/2016\/02\/held-g-90-e1455699432628.jpg","contentUrl":"https:\/\/ultramagic.com\/wp-content\/uploads\/2016\/02\/held-g-90-e1455699432628.jpg","width":100,"height":120},{"@type":"BreadcrumbList","@id":"https:\/\/ultramagic.com\/hot-air-balloons\/envelopes\/g-series\/#breadcrumb","itemListElement":[{"@type":"ListItem","position":1,"name":"Home","item":"https:\/\/ultramagic.com\/ca\/"},{"@type":"ListItem","position":2,"name":"Globus aerost\u00e0tics","item":"https:\/\/ultramagic.com\/hot-air-balloons\/"},{"@type":"ListItem","position":3,"name":"Embolcalls","item":"https:\/\/ultramagic.com\/hot-air-balloons\/envelopes\/"},{"@type":"ListItem","position":4,"name":"G SERIES"}]},{"@type":"WebSite","@id":"https:\/\/ultramagic.com\/#website","url":"https:\/\/ultramagic.com\/","name":"Ultramagic","description":"All about hot air balloon advertising industry and history.Hot air balloon photos and pictures. Enjoy the hot air balloon experience from your home.","potentialAction":[{"@type":"SearchAction","target":{"@type":"EntryPoint","urlTemplate":"https:\/\/ultramagic.com\/?s={search_term_string}"},"query-input":"required name=search_term_string"}],"inLanguage":"ca"}]}},"_links":{"self":[{"href":"https:\/\/ultramagic.com\/ca\/wp-json\/wp\/v2\/pages\/9659"}],"collection":[{"href":"https:\/\/ultramagic.com\/ca\/wp-json\/wp\/v2\/pages"}],"about":[{"href":"https:\/\/ultramagic.com\/ca\/wp-json\/wp\/v2\/types\/page"}],"author":[{"embeddable":true,"href":"https:\/\/ultramagic.com\/ca\/wp-json\/wp\/v2\/users\/1"}],"replies":[{"embeddable":true,"href":"https:\/\/ultramagic.com\/ca\/wp-json\/wp\/v2\/comments?post=9659"}],"version-history":[{"count":5,"href":"https:\/\/ultramagic.com\/ca\/wp-json\/wp\/v2\/pages\/9659\/revisions"}],"predecessor-version":[{"id":10915,"href":"https:\/\/ultramagic.com\/ca\/wp-json\/wp\/v2\/pages\/9659\/revisions\/10915"}],"up":[{"embeddable":true,"href":"https:\/\/ultramagic.com\/ca\/wp-json\/wp\/v2\/pages\/9581"}],"wp:featuredmedia":[{"embeddable":true,"href":"https:\/\/ultramagic.com\/ca\/wp-json\/wp\/v2\/media\/7437"}],"wp:attachment":[{"href":"https:\/\/ultramagic.com\/ca\/wp-json\/wp\/v2\/media?parent=9659"}],"curies":[{"name":"wp","href":"https:\/\/api.w.org\/{rel}","templated":true}]}}