{"id":9654,"date":"2016-04-05T19:22:33","date_gmt":"2016-04-05T17:22:33","guid":{"rendered":"http:\/\/ultramagic.creagia.com\/ca\/?page_id=9654"},"modified":"2016-11-10T12:49:58","modified_gmt":"2016-11-10T11:49:58","slug":"mk-32-range-of-burners","status":"publish","type":"page","link":"https:\/\/ultramagic.com\/ca\/globus-aerostatics\/cremadors\/mk-32-range-of-burners\/","title":{"rendered":"GAMMA CREMADORS MK-32"},"content":{"rendered":"<h2>El cremador que tots els pilots han estat demanant!<\/h2>\n<p>Els cremadors Ultramagic s\u00f3n el resultat de m\u00e9s de 30 anys d\u2019experi\u00e8ncia de disseny i fabricaci\u00f3.<\/p>\n<p>La gamma de cremadors MK-32 d\u2019Ultramagic combina els millors aspectes del c\u00e8lebre MK-21 amb innovacions del model Powerplus<\/p>\n<p><img loading=\"lazy\" decoding=\"async\" class=\"alignright wp-image-7156\" src=\"http:\/\/ultramagic.com\/wp-content\/uploads\/2015\/07\/MK-32_Doble-162x300.jpg\" alt=\"MK-32_Doble\" width=\"200\" height=\"371\" srcset=\"https:\/\/ultramagic.com\/wp-content\/uploads\/2015\/07\/MK-32_Doble-162x300.jpg 162w, https:\/\/ultramagic.com\/wp-content\/uploads\/2015\/07\/MK-32_Doble-552x1024.jpg 552w\" sizes=\"(max-width: 200px) 100vw, 200px\" \/><\/p>\n<p>El cremador ha estat conceptualment dissenyat per Paolo Bonanno i desenvolupat amb l\u2019equip d\u2019enginyers aeron\u00e0utics d\u2019Ultramagic. Despr\u00e9s d\u2019una llarga fase d\u2019assajos en condicions extremes i certificaci\u00f3, la seva producci\u00f3 es du a terme a la f\u00e0brica Ultramagic. Com a resultat, Ultramagic ofereix un dels cremadors m\u00e9s potents, segurs i sense ser massa pesats del mercat.<\/p>\n<p>&nbsp;<\/p>\n<p>L\u2019ergonomia ha estat un requisit primordial durant el disseny del cremador, amb el fi de facilitar la seva operativitat, la seguretat del seu \u00fas i la comoditat pel pilot. A la vegada, en totes les fases s\u2019ha considerat la facilitat de manteniment, combinada amb l\u2019addici\u00f3 de millores i conceptes innovadors per assegurar uns vols m\u00e9s segurs i un \u00fas c\u00f2mode.<\/p>\n<p>&nbsp;<br \/>\nL\u2019MK-32 est\u00e0 disponible en les configuracions doble, triple i qu\u00e0druple, personalitzades totes elles en quant a serpent\u00ed i flama pilot.<img loading=\"lazy\" decoding=\"async\" class=\"alignright wp-image-7153\" src=\"http:\/\/ultramagic.com\/wp-content\/uploads\/2015\/07\/MK-32_Quadruple-283x300.jpg\" alt=\"MK-32_Quadruple\" width=\"250\" height=\"265\" \/><\/p>\n<p>&nbsp;<\/p>\n<p>La varietat de configuracions del serpent\u00ed est\u00e0 disponible de la seg\u00fcent manera:<\/p>\n<ul>\n<li>Efecte jet + sistema de serpent\u00ed MK-21 (simple, vers\u00e0til, silenci\u00f3s per\u00f2 potent)<\/li>\n<li>Efecte jet + serpent\u00ed Bonanno Coanda (encara m\u00e9s silenci\u00f3s, amb resposta millorada per baixes pressions)<\/li>\n<li>\u2022\tSerpent\u00ed d\u2019alta pot\u00e8ncia, en desenvolupament i assaig.<\/li>\n<\/ul>\n<p>&nbsp;<\/p>\n<p><strong>El cremador MK-32. Caracter\u00edstiques exclusives:<\/strong><\/p>\n<ul>\n<li>La maneta de la v\u00e0lvula l\u00edquida\/silenciosa i la maneta principal poden ser accionades simult\u00e0niament amb una sola m\u00e0, cosa que permet al pilot disposar de tota la pot\u00e8ncia de forma intu\u00eftiva i senzilla.<\/li>\n<\/ul>\n<ul>\n<li>Incorporaci\u00f3 d\u2019un innovador preescalfador de combustible per la flama pilot l\u00edquida, que evita problemes d\u2019acumulaci\u00f3 d\u2019oli i sediments davant l\u2019\u00fas de combustibles bruts o de mala qualitat.<\/li>\n<\/ul>\n<ul>\n<li>Millora de l\u2019alineat de les m\u00e0negues, donant-les-hi uns angles de 45\u00ba per evitar corbes innecess\u00e0ries. Aix\u00ed mateix, s\u2019incorporen colzes en certes disposicions en funci\u00f3 del quadre de suport.<\/li>\n<\/ul>\n<ul>\n<li>Com a accessori, Ultramagic ofereix un control remot hidr\u00e0ulic de f\u00e0cil instal\u00b7laci\u00f3 i maneig.<\/li>\n<\/ul>\n<ul>\n<li>El disseny permet el muntatge del cremador en quadres de suport antics, fabricats per acomodar models previs de MK-21.<\/li>\n<\/ul>\n<p>&nbsp;<\/p>\n<p><strong>Una de les caracter\u00edstiques de l&#8217;MK-32 \u00e9s que \u00e8s f\u00e0cil de mantenir i reparar:<\/strong><\/p>\n<ul>\n<li>Tots els sistemes s\u2019han disposat en m\u00f2duls. Aix\u00f2 permet una f\u00e0cil inspecci\u00f3, substituci\u00f3 i diagn\u00f2stic davant qualsevol problema.<a href=\"http:\/\/ultramagic.com\/wp-content\/uploads\/2016\/02\/despiece-1.jpg\" rel=\"attachment wp-att-8170\"><img loading=\"lazy\" decoding=\"async\" class=\"alignright wp-image-8170 size-medium\" src=\"http:\/\/ultramagic.com\/wp-content\/uploads\/2016\/02\/despiece-1-226x300.jpg\" alt=\"despiece\" width=\"226\" height=\"300\" srcset=\"https:\/\/ultramagic.com\/wp-content\/uploads\/2016\/02\/despiece-1-226x300.jpg 226w, https:\/\/ultramagic.com\/wp-content\/uploads\/2016\/02\/despiece-1-768x1019.jpg 768w, https:\/\/ultramagic.com\/wp-content\/uploads\/2016\/02\/despiece-1-772x1024.jpg 772w\" sizes=\"(max-width: 226px) 100vw, 226px\" \/><\/a><\/li>\n<\/ul>\n<ul>\n<li>Unificaci\u00f3 de disseny: s\u2019ha evitat l\u2019\u00fas de dissenys diferents en funci\u00f3 del costat (dret i esquerra). Amb aix\u00f2 s\u2019abarateix manteniment, identificaci\u00f3 de recanvis i s\u2019eviten possibles errors en el manteniment.<\/li>\n<\/ul>\n<ul>\n<li>S\u2019han unificat els elements de subjecci\u00f3 i fixaci\u00f3 (cargols, etc.) de mode que amb poques eines est\u00e0ndards es pugui realitzar el manteniment m\u00e9s freq\u00fcent.<\/li>\n<\/ul>\n<ul>\n<li>El nou disseny permet una f\u00e0cil extracci\u00f3 del conjunt de flama pilot sencer, permetent aix\u00ed una inspecci\u00f3, neteja i lubricaci\u00f3 m\u00e9s c\u00f2mode.<\/li>\n<\/ul>\n<ul>\n<li>S\u2019han substitu\u00eft les rosques tradicionals per rosques reblades, a mode de facilitar el muntatge i reduir la necessitat d\u2019eines.<\/li>\n<\/ul>\n<h2>ULTRAMAGIC MK-32  \u2013 L\u00edder en innovaci\u00f3 de globus<\/h2>\n","protected":false},"excerpt":{"rendered":"<p>El cremador que tots els pilots han estat demanant! Els cremadors Ultramagic s\u00f3n el resultat de m\u00e9s de 30 anys d\u2019experi\u00e8ncia de disseny i fabricaci\u00f3. La gamma de cremadors MK-32 d\u2019Ultramagic combina els millors aspectes del c\u00e8lebre MK-21 amb innovacions del model Powerplus El cremador ha estat conceptualment dissenyat per Paolo Bonanno i desenvolupat amb [&hellip;]<\/p>\n","protected":false},"author":1,"featured_media":10489,"parent":9579,"menu_order":0,"comment_status":"closed","ping_status":"open","template":"page-globus-fill.php","meta":{"ngg_post_thumbnail":0,"footnotes":""},"yoast_head":"<!-- This site is optimized with the Yoast SEO plugin v22.7 - https:\/\/yoast.com\/wordpress\/plugins\/seo\/ -->\n<title>GAMMA CREMADORS MK-32 - Ultramagic<\/title>\n<meta name=\"robots\" content=\"index, follow, max-snippet:-1, max-image-preview:large, max-video-preview:-1\" \/>\n<link rel=\"canonical\" href=\"https:\/\/ultramagic.com\/hot-air-balloons\/burners\/mk-32\/\" \/>\n<meta property=\"og:locale\" content=\"ca_ES\" \/>\n<meta property=\"og:type\" content=\"article\" \/>\n<meta property=\"og:title\" content=\"GAMMA CREMADORS MK-32 - Ultramagic\" \/>\n<meta property=\"og:description\" content=\"El cremador que tots els pilots han estat demanant! Els cremadors Ultramagic s\u00f3n el resultat de m\u00e9s de 30 anys d\u2019experi\u00e8ncia de disseny i fabricaci\u00f3. La gamma de cremadors MK-32 d\u2019Ultramagic combina els millors aspectes del c\u00e8lebre MK-21 amb innovacions del model Powerplus El cremador ha estat conceptualment dissenyat per Paolo Bonanno i desenvolupat amb [&hellip;]\" \/>\n<meta property=\"og:url\" content=\"https:\/\/ultramagic.com\/hot-air-balloons\/burners\/mk-32\/\" \/>\n<meta property=\"og:site_name\" content=\"Ultramagic\" \/>\n<meta property=\"article:publisher\" content=\"http:\/\/www.facebook.com\/ultramagicballons\" \/>\n<meta property=\"article:modified_time\" content=\"2016-11-10T11:49:58+00:00\" \/>\n<meta property=\"og:image\" content=\"https:\/\/ultramagic.com\/wp-content\/uploads\/2015\/07\/mk-32.jpg\" \/>\n\t<meta property=\"og:image:width\" content=\"500\" \/>\n\t<meta property=\"og:image:height\" content=\"529\" \/>\n\t<meta property=\"og:image:type\" content=\"image\/jpeg\" \/>\n<meta name=\"twitter:card\" content=\"summary_large_image\" \/>\n<meta name=\"twitter:site\" content=\"@umballoons\" \/>\n<meta name=\"twitter:label1\" content=\"Temps estimat de lectura\" \/>\n\t<meta name=\"twitter:data1\" content=\"3 minuts\" \/>\n<script type=\"application\/ld+json\" class=\"yoast-schema-graph\">{\"@context\":\"https:\/\/schema.org\",\"@graph\":[{\"@type\":\"WebPage\",\"@id\":\"https:\/\/ultramagic.com\/hot-air-balloons\/burners\/mk-32\/\",\"url\":\"https:\/\/ultramagic.com\/hot-air-balloons\/burners\/mk-32\/\",\"name\":\"GAMMA CREMADORS MK-32 - Ultramagic\",\"isPartOf\":{\"@id\":\"https:\/\/ultramagic.com\/#website\"},\"primaryImageOfPage\":{\"@id\":\"https:\/\/ultramagic.com\/hot-air-balloons\/burners\/mk-32\/#primaryimage\"},\"image\":{\"@id\":\"https:\/\/ultramagic.com\/hot-air-balloons\/burners\/mk-32\/#primaryimage\"},\"thumbnailUrl\":\"https:\/\/ultramagic.com\/wp-content\/uploads\/2015\/07\/mk-32.jpg\",\"datePublished\":\"2016-04-05T17:22:33+00:00\",\"dateModified\":\"2016-11-10T11:49:58+00:00\",\"breadcrumb\":{\"@id\":\"https:\/\/ultramagic.com\/hot-air-balloons\/burners\/mk-32\/#breadcrumb\"},\"inLanguage\":\"ca\",\"potentialAction\":[{\"@type\":\"ReadAction\",\"target\":[\"https:\/\/ultramagic.com\/hot-air-balloons\/burners\/mk-32\/\"]}]},{\"@type\":\"ImageObject\",\"inLanguage\":\"ca\",\"@id\":\"https:\/\/ultramagic.com\/hot-air-balloons\/burners\/mk-32\/#primaryimage\",\"url\":\"https:\/\/ultramagic.com\/wp-content\/uploads\/2015\/07\/mk-32.jpg\",\"contentUrl\":\"https:\/\/ultramagic.com\/wp-content\/uploads\/2015\/07\/mk-32.jpg\",\"width\":500,\"height\":529},{\"@type\":\"BreadcrumbList\",\"@id\":\"https:\/\/ultramagic.com\/hot-air-balloons\/burners\/mk-32\/#breadcrumb\",\"itemListElement\":[{\"@type\":\"ListItem\",\"position\":1,\"name\":\"Home\",\"item\":\"https:\/\/ultramagic.com\/ca\/\"},{\"@type\":\"ListItem\",\"position\":2,\"name\":\"Globus aerost\u00e0tics\",\"item\":\"https:\/\/ultramagic.com\/hot-air-balloons\/\"},{\"@type\":\"ListItem\",\"position\":3,\"name\":\"Cremadors\",\"item\":\"https:\/\/ultramagic.com\/hot-air-balloons\/burners\/\"},{\"@type\":\"ListItem\",\"position\":4,\"name\":\"GAMMA CREMADORS MK-32\"}]},{\"@type\":\"WebSite\",\"@id\":\"https:\/\/ultramagic.com\/#website\",\"url\":\"https:\/\/ultramagic.com\/\",\"name\":\"Ultramagic\",\"description\":\"All about hot air balloon advertising industry and history.Hot air balloon photos and pictures. Enjoy the hot air balloon experience from your home.\",\"potentialAction\":[{\"@type\":\"SearchAction\",\"target\":{\"@type\":\"EntryPoint\",\"urlTemplate\":\"https:\/\/ultramagic.com\/?s={search_term_string}\"},\"query-input\":\"required name=search_term_string\"}],\"inLanguage\":\"ca\"}]}<\/script>\n<!-- \/ Yoast SEO plugin. -->","yoast_head_json":{"title":"GAMMA CREMADORS MK-32 - Ultramagic","robots":{"index":"index","follow":"follow","max-snippet":"max-snippet:-1","max-image-preview":"max-image-preview:large","max-video-preview":"max-video-preview:-1"},"canonical":"https:\/\/ultramagic.com\/hot-air-balloons\/burners\/mk-32\/","og_locale":"ca_ES","og_type":"article","og_title":"GAMMA CREMADORS MK-32 - Ultramagic","og_description":"El cremador que tots els pilots han estat demanant! Els cremadors Ultramagic s\u00f3n el resultat de m\u00e9s de 30 anys d\u2019experi\u00e8ncia de disseny i fabricaci\u00f3. La gamma de cremadors MK-32 d\u2019Ultramagic combina els millors aspectes del c\u00e8lebre MK-21 amb innovacions del model Powerplus El cremador ha estat conceptualment dissenyat per Paolo Bonanno i desenvolupat amb [&hellip;]","og_url":"https:\/\/ultramagic.com\/hot-air-balloons\/burners\/mk-32\/","og_site_name":"Ultramagic","article_publisher":"http:\/\/www.facebook.com\/ultramagicballons","article_modified_time":"2016-11-10T11:49:58+00:00","og_image":[{"width":500,"height":529,"url":"https:\/\/ultramagic.com\/wp-content\/uploads\/2015\/07\/mk-32.jpg","type":"image\/jpeg"}],"twitter_card":"summary_large_image","twitter_site":"@umballoons","twitter_misc":{"Temps estimat de lectura":"3 minuts"},"schema":{"@context":"https:\/\/schema.org","@graph":[{"@type":"WebPage","@id":"https:\/\/ultramagic.com\/hot-air-balloons\/burners\/mk-32\/","url":"https:\/\/ultramagic.com\/hot-air-balloons\/burners\/mk-32\/","name":"GAMMA CREMADORS MK-32 - Ultramagic","isPartOf":{"@id":"https:\/\/ultramagic.com\/#website"},"primaryImageOfPage":{"@id":"https:\/\/ultramagic.com\/hot-air-balloons\/burners\/mk-32\/#primaryimage"},"image":{"@id":"https:\/\/ultramagic.com\/hot-air-balloons\/burners\/mk-32\/#primaryimage"},"thumbnailUrl":"https:\/\/ultramagic.com\/wp-content\/uploads\/2015\/07\/mk-32.jpg","datePublished":"2016-04-05T17:22:33+00:00","dateModified":"2016-11-10T11:49:58+00:00","breadcrumb":{"@id":"https:\/\/ultramagic.com\/hot-air-balloons\/burners\/mk-32\/#breadcrumb"},"inLanguage":"ca","potentialAction":[{"@type":"ReadAction","target":["https:\/\/ultramagic.com\/hot-air-balloons\/burners\/mk-32\/"]}]},{"@type":"ImageObject","inLanguage":"ca","@id":"https:\/\/ultramagic.com\/hot-air-balloons\/burners\/mk-32\/#primaryimage","url":"https:\/\/ultramagic.com\/wp-content\/uploads\/2015\/07\/mk-32.jpg","contentUrl":"https:\/\/ultramagic.com\/wp-content\/uploads\/2015\/07\/mk-32.jpg","width":500,"height":529},{"@type":"BreadcrumbList","@id":"https:\/\/ultramagic.com\/hot-air-balloons\/burners\/mk-32\/#breadcrumb","itemListElement":[{"@type":"ListItem","position":1,"name":"Home","item":"https:\/\/ultramagic.com\/ca\/"},{"@type":"ListItem","position":2,"name":"Globus aerost\u00e0tics","item":"https:\/\/ultramagic.com\/hot-air-balloons\/"},{"@type":"ListItem","position":3,"name":"Cremadors","item":"https:\/\/ultramagic.com\/hot-air-balloons\/burners\/"},{"@type":"ListItem","position":4,"name":"GAMMA CREMADORS MK-32"}]},{"@type":"WebSite","@id":"https:\/\/ultramagic.com\/#website","url":"https:\/\/ultramagic.com\/","name":"Ultramagic","description":"All about hot air balloon advertising industry and history.Hot air balloon photos and pictures. Enjoy the hot air balloon experience from your home.","potentialAction":[{"@type":"SearchAction","target":{"@type":"EntryPoint","urlTemplate":"https:\/\/ultramagic.com\/?s={search_term_string}"},"query-input":"required name=search_term_string"}],"inLanguage":"ca"}]}},"_links":{"self":[{"href":"https:\/\/ultramagic.com\/ca\/wp-json\/wp\/v2\/pages\/9654"}],"collection":[{"href":"https:\/\/ultramagic.com\/ca\/wp-json\/wp\/v2\/pages"}],"about":[{"href":"https:\/\/ultramagic.com\/ca\/wp-json\/wp\/v2\/types\/page"}],"author":[{"embeddable":true,"href":"https:\/\/ultramagic.com\/ca\/wp-json\/wp\/v2\/users\/1"}],"replies":[{"embeddable":true,"href":"https:\/\/ultramagic.com\/ca\/wp-json\/wp\/v2\/comments?post=9654"}],"version-history":[{"count":3,"href":"https:\/\/ultramagic.com\/ca\/wp-json\/wp\/v2\/pages\/9654\/revisions"}],"predecessor-version":[{"id":10949,"href":"https:\/\/ultramagic.com\/ca\/wp-json\/wp\/v2\/pages\/9654\/revisions\/10949"}],"up":[{"embeddable":true,"href":"https:\/\/ultramagic.com\/ca\/wp-json\/wp\/v2\/pages\/9579"}],"wp:featuredmedia":[{"embeddable":true,"href":"https:\/\/ultramagic.com\/ca\/wp-json\/wp\/v2\/media\/10489"}],"wp:attachment":[{"href":"https:\/\/ultramagic.com\/ca\/wp-json\/wp\/v2\/media?parent=9654"}],"curies":[{"name":"wp","href":"https:\/\/api.w.org\/{rel}","templated":true}]}}