{"id":9637,"date":"2016-04-05T19:20:28","date_gmt":"2016-04-05T17:20:28","guid":{"rendered":"http:\/\/ultramagic.creagia.com\/ca\/?page_id=9637"},"modified":"2016-11-10T11:47:20","modified_gmt":"2016-11-10T10:47:20","slug":"tekno-70","status":"publish","type":"page","link":"https:\/\/ultramagic.com\/ca\/globus-aerostatics\/ultralite-balloons\/tekno\/tekno-70\/","title":{"rendered":"TEKNO 70"},"content":{"rendered":"<blockquote><p><strong>Un globus lleuger per a viatgers!<\/strong><\/p><\/blockquote>\n<p>\u2022 Vela s\u00faper lleugera de 70,000 peus c\u00fabics, amb un pes final per sota de 70 kg (bossa inclosa) gr\u00e0cies a un disseny especial i al teixit siliconat d\u2019alta tenacitat.<img loading=\"lazy\" decoding=\"async\" class=\"alignright wp-image-6986 size-medium\" src=\"http:\/\/ultramagic.com\/wp-content\/uploads\/2016\/02\/tekno_L_tallat_ok-195x300.jpg\" alt=\"tekno_L_tallat_ok\" width=\"195\" height=\"300\" srcset=\"https:\/\/ultramagic.com\/wp-content\/uploads\/2016\/02\/tekno_L_tallat_ok-195x300.jpg 195w, https:\/\/ultramagic.com\/wp-content\/uploads\/2016\/02\/tekno_L_tallat_ok-665x1024.jpg 665w, https:\/\/ultramagic.com\/wp-content\/uploads\/2016\/02\/tekno_L_tallat_ok.jpg 1395w\" sizes=\"(max-width: 195px) 100vw, 195px\" \/><\/p>\n<p>\u2022 Cistella plegable CT-02\u00a0de 50 kg, de construcci\u00f3 de materials compostos provats extensivament, amb capacitat per a\u00a04 persones.<\/p>\n<p>\u2022 Les mides de la Tekno\u00a0s\u00f2n1.0x1.2m amb una altura d\u20191.1m i est\u00e0 equipada amb un pedal d\u2019acc\u00e9s i manetes per arrossegar<\/p>\n<p>\u2022 Disponible\u00a0amb el Powerplus\u00a0Sport\u00a0o MK-32 doble.<\/p>\n<p>\u2022 El cremador Powerplus ofereix l\u2019opci\u00f3 d\u2019un suport per muntar-lo r\u00e0pidament al quadre, el qual permet separar-lo del quadre i guardar-lo a una petita bossa per separat.<\/p>\n<p>\u2022 El sistema Tekno est\u00e0 equipat amb un disseny certificat de muntatge de bombones a l\u2019exterior de la cistella.<\/p>\n<p>\u2022 S\u2019inclouen bosses encoixinades de transport per la cistella i pel cremador.<img loading=\"lazy\" decoding=\"async\" class=\"alignright wp-image-6983 size-medium\" src=\"http:\/\/ultramagic.com\/wp-content\/uploads\/2016\/02\/Tekno_fairway_ok-300x228.jpg\" alt=\"Tekno_fairway_ok\" width=\"300\" height=\"228\" srcset=\"https:\/\/ultramagic.com\/wp-content\/uploads\/2016\/02\/Tekno_fairway_ok-300x228.jpg 300w, https:\/\/ultramagic.com\/wp-content\/uploads\/2016\/02\/Tekno_fairway_ok-1024x778.jpg 1024w\" sizes=\"(max-width: 300px) 100vw, 300px\" \/><\/p>\n<p>\u2022 La cistella Tekno L i cremador poden combinar-se amb un ampli ventall de veles de construcci\u00f3 lleugera, estan aprovades per veles Ultramagic entre 50.000 i 120.000 peus c\u00fabics.<\/p>\n","protected":false},"excerpt":{"rendered":"<p>Un globus lleuger per a viatgers! \u2022 Vela s\u00faper lleugera de 70,000 peus c\u00fabics, amb un pes final per sota de 70 kg (bossa inclosa) gr\u00e0cies a un disseny especial i al teixit siliconat d\u2019alta tenacitat. \u2022 Cistella plegable CT-02\u00a0de 50 kg, de construcci\u00f3 de materials compostos provats extensivament, amb capacitat per a\u00a04 persones. \u2022 [&hellip;]<\/p>\n","protected":false},"author":1,"featured_media":8086,"parent":9630,"menu_order":0,"comment_status":"closed","ping_status":"open","template":"page-globus-fill.php","meta":{"ngg_post_thumbnail":0,"footnotes":""},"yoast_head":"<!-- This site is optimized with the Yoast SEO plugin v22.7 - https:\/\/yoast.com\/wordpress\/plugins\/seo\/ -->\n<title>TEKNO 70 - Ultramagic<\/title>\n<meta name=\"robots\" content=\"index, follow, max-snippet:-1, max-image-preview:large, max-video-preview:-1\" \/>\n<link rel=\"canonical\" href=\"https:\/\/ultramagic.com\/hot-air-balloons\/ultralite-balloons\/tekno\/tekno-70\/\" \/>\n<meta property=\"og:locale\" content=\"ca_ES\" \/>\n<meta property=\"og:type\" content=\"article\" \/>\n<meta property=\"og:title\" content=\"TEKNO 70 - Ultramagic\" \/>\n<meta property=\"og:description\" content=\"Un globus lleuger per a viatgers! \u2022 Vela s\u00faper lleugera de 70,000 peus c\u00fabics, amb un pes final per sota de 70 kg (bossa inclosa) gr\u00e0cies a un disseny especial i al teixit siliconat d\u2019alta tenacitat. \u2022 Cistella plegable CT-02\u00a0de 50 kg, de construcci\u00f3 de materials compostos provats extensivament, amb capacitat per a\u00a04 persones. \u2022 [&hellip;]\" \/>\n<meta property=\"og:url\" content=\"https:\/\/ultramagic.com\/hot-air-balloons\/ultralite-balloons\/tekno\/tekno-70\/\" \/>\n<meta property=\"og:site_name\" content=\"Ultramagic\" \/>\n<meta property=\"article:publisher\" content=\"http:\/\/www.facebook.com\/ultramagicballons\" \/>\n<meta property=\"article:modified_time\" content=\"2016-11-10T10:47:20+00:00\" \/>\n<meta property=\"og:image\" content=\"https:\/\/ultramagic.com\/wp-content\/uploads\/2016\/02\/tekno70.png\" \/>\n\t<meta property=\"og:image:width\" content=\"455\" \/>\n\t<meta property=\"og:image:height\" content=\"592\" \/>\n\t<meta property=\"og:image:type\" content=\"image\/png\" \/>\n<meta name=\"twitter:card\" content=\"summary_large_image\" \/>\n<meta name=\"twitter:site\" content=\"@umballoons\" \/>\n<meta name=\"twitter:label1\" content=\"Temps estimat de lectura\" \/>\n\t<meta name=\"twitter:data1\" content=\"1 minut\" \/>\n<script type=\"application\/ld+json\" class=\"yoast-schema-graph\">{\"@context\":\"https:\/\/schema.org\",\"@graph\":[{\"@type\":\"WebPage\",\"@id\":\"https:\/\/ultramagic.com\/hot-air-balloons\/ultralite-balloons\/tekno\/tekno-70\/\",\"url\":\"https:\/\/ultramagic.com\/hot-air-balloons\/ultralite-balloons\/tekno\/tekno-70\/\",\"name\":\"TEKNO 70 - Ultramagic\",\"isPartOf\":{\"@id\":\"https:\/\/ultramagic.com\/#website\"},\"primaryImageOfPage\":{\"@id\":\"https:\/\/ultramagic.com\/hot-air-balloons\/ultralite-balloons\/tekno\/tekno-70\/#primaryimage\"},\"image\":{\"@id\":\"https:\/\/ultramagic.com\/hot-air-balloons\/ultralite-balloons\/tekno\/tekno-70\/#primaryimage\"},\"thumbnailUrl\":\"https:\/\/ultramagic.com\/wp-content\/uploads\/2016\/02\/tekno70.png\",\"datePublished\":\"2016-04-05T17:20:28+00:00\",\"dateModified\":\"2016-11-10T10:47:20+00:00\",\"breadcrumb\":{\"@id\":\"https:\/\/ultramagic.com\/hot-air-balloons\/ultralite-balloons\/tekno\/tekno-70\/#breadcrumb\"},\"inLanguage\":\"ca\",\"potentialAction\":[{\"@type\":\"ReadAction\",\"target\":[\"https:\/\/ultramagic.com\/hot-air-balloons\/ultralite-balloons\/tekno\/tekno-70\/\"]}]},{\"@type\":\"ImageObject\",\"inLanguage\":\"ca\",\"@id\":\"https:\/\/ultramagic.com\/hot-air-balloons\/ultralite-balloons\/tekno\/tekno-70\/#primaryimage\",\"url\":\"https:\/\/ultramagic.com\/wp-content\/uploads\/2016\/02\/tekno70.png\",\"contentUrl\":\"https:\/\/ultramagic.com\/wp-content\/uploads\/2016\/02\/tekno70.png\",\"width\":455,\"height\":592},{\"@type\":\"BreadcrumbList\",\"@id\":\"https:\/\/ultramagic.com\/hot-air-balloons\/ultralite-balloons\/tekno\/tekno-70\/#breadcrumb\",\"itemListElement\":[{\"@type\":\"ListItem\",\"position\":1,\"name\":\"Home\",\"item\":\"https:\/\/ultramagic.com\/ca\/\"},{\"@type\":\"ListItem\",\"position\":2,\"name\":\"Globus aerost\u00e0tics\",\"item\":\"https:\/\/ultramagic.com\/hot-air-balloons\/\"},{\"@type\":\"ListItem\",\"position\":3,\"name\":\"Globus Ultralleugers\",\"item\":\"https:\/\/ultramagic.com\/hot-air-balloons\/ultralite-balloons\/\"},{\"@type\":\"ListItem\",\"position\":4,\"name\":\"Tekno\",\"item\":\"https:\/\/ultramagic.com\/hot-air-balloons\/ultralite-balloons\/tekno\/\"},{\"@type\":\"ListItem\",\"position\":5,\"name\":\"TEKNO 70\"}]},{\"@type\":\"WebSite\",\"@id\":\"https:\/\/ultramagic.com\/#website\",\"url\":\"https:\/\/ultramagic.com\/\",\"name\":\"Ultramagic\",\"description\":\"All about hot air balloon advertising industry and history.Hot air balloon photos and pictures. Enjoy the hot air balloon experience from your home.\",\"potentialAction\":[{\"@type\":\"SearchAction\",\"target\":{\"@type\":\"EntryPoint\",\"urlTemplate\":\"https:\/\/ultramagic.com\/?s={search_term_string}\"},\"query-input\":\"required name=search_term_string\"}],\"inLanguage\":\"ca\"}]}<\/script>\n<!-- \/ Yoast SEO plugin. -->","yoast_head_json":{"title":"TEKNO 70 - Ultramagic","robots":{"index":"index","follow":"follow","max-snippet":"max-snippet:-1","max-image-preview":"max-image-preview:large","max-video-preview":"max-video-preview:-1"},"canonical":"https:\/\/ultramagic.com\/hot-air-balloons\/ultralite-balloons\/tekno\/tekno-70\/","og_locale":"ca_ES","og_type":"article","og_title":"TEKNO 70 - Ultramagic","og_description":"Un globus lleuger per a viatgers! \u2022 Vela s\u00faper lleugera de 70,000 peus c\u00fabics, amb un pes final per sota de 70 kg (bossa inclosa) gr\u00e0cies a un disseny especial i al teixit siliconat d\u2019alta tenacitat. \u2022 Cistella plegable CT-02\u00a0de 50 kg, de construcci\u00f3 de materials compostos provats extensivament, amb capacitat per a\u00a04 persones. \u2022 [&hellip;]","og_url":"https:\/\/ultramagic.com\/hot-air-balloons\/ultralite-balloons\/tekno\/tekno-70\/","og_site_name":"Ultramagic","article_publisher":"http:\/\/www.facebook.com\/ultramagicballons","article_modified_time":"2016-11-10T10:47:20+00:00","og_image":[{"width":455,"height":592,"url":"https:\/\/ultramagic.com\/wp-content\/uploads\/2016\/02\/tekno70.png","type":"image\/png"}],"twitter_card":"summary_large_image","twitter_site":"@umballoons","twitter_misc":{"Temps estimat de lectura":"1 minut"},"schema":{"@context":"https:\/\/schema.org","@graph":[{"@type":"WebPage","@id":"https:\/\/ultramagic.com\/hot-air-balloons\/ultralite-balloons\/tekno\/tekno-70\/","url":"https:\/\/ultramagic.com\/hot-air-balloons\/ultralite-balloons\/tekno\/tekno-70\/","name":"TEKNO 70 - Ultramagic","isPartOf":{"@id":"https:\/\/ultramagic.com\/#website"},"primaryImageOfPage":{"@id":"https:\/\/ultramagic.com\/hot-air-balloons\/ultralite-balloons\/tekno\/tekno-70\/#primaryimage"},"image":{"@id":"https:\/\/ultramagic.com\/hot-air-balloons\/ultralite-balloons\/tekno\/tekno-70\/#primaryimage"},"thumbnailUrl":"https:\/\/ultramagic.com\/wp-content\/uploads\/2016\/02\/tekno70.png","datePublished":"2016-04-05T17:20:28+00:00","dateModified":"2016-11-10T10:47:20+00:00","breadcrumb":{"@id":"https:\/\/ultramagic.com\/hot-air-balloons\/ultralite-balloons\/tekno\/tekno-70\/#breadcrumb"},"inLanguage":"ca","potentialAction":[{"@type":"ReadAction","target":["https:\/\/ultramagic.com\/hot-air-balloons\/ultralite-balloons\/tekno\/tekno-70\/"]}]},{"@type":"ImageObject","inLanguage":"ca","@id":"https:\/\/ultramagic.com\/hot-air-balloons\/ultralite-balloons\/tekno\/tekno-70\/#primaryimage","url":"https:\/\/ultramagic.com\/wp-content\/uploads\/2016\/02\/tekno70.png","contentUrl":"https:\/\/ultramagic.com\/wp-content\/uploads\/2016\/02\/tekno70.png","width":455,"height":592},{"@type":"BreadcrumbList","@id":"https:\/\/ultramagic.com\/hot-air-balloons\/ultralite-balloons\/tekno\/tekno-70\/#breadcrumb","itemListElement":[{"@type":"ListItem","position":1,"name":"Home","item":"https:\/\/ultramagic.com\/ca\/"},{"@type":"ListItem","position":2,"name":"Globus aerost\u00e0tics","item":"https:\/\/ultramagic.com\/hot-air-balloons\/"},{"@type":"ListItem","position":3,"name":"Globus Ultralleugers","item":"https:\/\/ultramagic.com\/hot-air-balloons\/ultralite-balloons\/"},{"@type":"ListItem","position":4,"name":"Tekno","item":"https:\/\/ultramagic.com\/hot-air-balloons\/ultralite-balloons\/tekno\/"},{"@type":"ListItem","position":5,"name":"TEKNO 70"}]},{"@type":"WebSite","@id":"https:\/\/ultramagic.com\/#website","url":"https:\/\/ultramagic.com\/","name":"Ultramagic","description":"All about hot air balloon advertising industry and history.Hot air balloon photos and pictures. Enjoy the hot air balloon experience from your home.","potentialAction":[{"@type":"SearchAction","target":{"@type":"EntryPoint","urlTemplate":"https:\/\/ultramagic.com\/?s={search_term_string}"},"query-input":"required name=search_term_string"}],"inLanguage":"ca"}]}},"_links":{"self":[{"href":"https:\/\/ultramagic.com\/ca\/wp-json\/wp\/v2\/pages\/9637"}],"collection":[{"href":"https:\/\/ultramagic.com\/ca\/wp-json\/wp\/v2\/pages"}],"about":[{"href":"https:\/\/ultramagic.com\/ca\/wp-json\/wp\/v2\/types\/page"}],"author":[{"embeddable":true,"href":"https:\/\/ultramagic.com\/ca\/wp-json\/wp\/v2\/users\/1"}],"replies":[{"embeddable":true,"href":"https:\/\/ultramagic.com\/ca\/wp-json\/wp\/v2\/comments?post=9637"}],"version-history":[{"count":2,"href":"https:\/\/ultramagic.com\/ca\/wp-json\/wp\/v2\/pages\/9637\/revisions"}],"predecessor-version":[{"id":10943,"href":"https:\/\/ultramagic.com\/ca\/wp-json\/wp\/v2\/pages\/9637\/revisions\/10943"}],"up":[{"embeddable":true,"href":"https:\/\/ultramagic.com\/ca\/wp-json\/wp\/v2\/pages\/9630"}],"wp:featuredmedia":[{"embeddable":true,"href":"https:\/\/ultramagic.com\/ca\/wp-json\/wp\/v2\/media\/8086"}],"wp:attachment":[{"href":"https:\/\/ultramagic.com\/ca\/wp-json\/wp\/v2\/media?parent=9637"}],"curies":[{"name":"wp","href":"https:\/\/api.w.org\/{rel}","templated":true}]}}