{"id":9635,"date":"2016-04-05T19:20:23","date_gmt":"2016-04-05T17:20:23","guid":{"rendered":"http:\/\/ultramagic.creagia.com\/ca\/?page_id=9635"},"modified":"2016-11-10T08:42:14","modified_gmt":"2016-11-10T07:42:14","slug":"the-solo","status":"publish","type":"page","link":"https:\/\/ultramagic.com\/ca\/globus-aerostatics\/ultralite-balloons\/solo-duo\/the-solo\/","title":{"rendered":"The Solo"},"content":{"rendered":"<blockquote><p>Portant les sensacions al l\u00edmit<\/p><\/blockquote>\n<p>Dissenyat fent especial atenci\u00f3 a la seguretat i la comoditat, el Solo d\u00f3na tot el que esperes d\u2019un globus Ultramagic per\u00f2 amb tots els beneficis d\u2019un sistema simple molt lleuger i f\u00e0cil d\u2019operar.<\/p>\n<p><strong>Estructura Solo:<a href=\"http:\/\/ultramagic.com\/wp-content\/uploads\/2015\/06\/solo.jpg\" rel=\"attachment wp-att-8090\"><img loading=\"lazy\" decoding=\"async\" class=\"size-full wp-image-8090 alignright\" src=\"http:\/\/ultramagic.com\/wp-content\/uploads\/2015\/06\/solo.jpg\" alt=\"solo\" width=\"338\" height=\"409\" srcset=\"https:\/\/ultramagic.com\/wp-content\/uploads\/2015\/06\/solo.jpg 338w, https:\/\/ultramagic.com\/wp-content\/uploads\/2015\/06\/solo-248x300.jpg 248w\" sizes=\"(max-width: 338px) 100vw, 338px\" \/><\/a><\/strong><\/p>\n<p>\u2022 Constru\u00efda en acer inoxidable de qualitat aeron\u00e0utica.<\/p>\n<p>\u2022 Permet una fixaci\u00f3 segura de la bombona (20 o 30 kg) mantenint un acc\u00e9s f\u00e0cil i r\u00e0pid pel seu transport o per omplir.<\/p>\n<p>\u2022 Incorpora un seient c\u00f2mode ajustable, amb reposacaps i estrep. <\/p>\n<p>\u2022 Arn\u00e9s de seguretat de tres punts, amb obertura r\u00e0pida.<\/p>\n<p>\u2022 Quadre de cremador m\u00f3vil amb gimbal facilment removible.<\/p>\n<p><strong>El cremador Solo i el seu sistema de combustible:<\/strong><\/p>\n<p>Amb el Solo un pot tenir ara seguretat d\u2019un cremador doble amb un globus lleuger i tan sols una bombona<\/p>\n<p>\u2022 Equipat amb dos preses independents a la bombona, amb les respectives v\u00e0lvules de pas al cremador.<\/p>\n<p>\u2022 Sistema de reserva de combustible.<\/p>\n<p>\u2022 Dues v\u00e0lvules principals, dues v\u00e0lvules de flama l\u00edquida, dos man\u00f2metres i dues flames pilot l\u00edquides.<\/p>\n<p>\u2022 El control hidr\u00e0ulic de la v\u00e0lvula del cremador permet el seu maneig sense necessitat d\u2019aixecar les mans.<\/p>\n<p><strong>La vela del Solo:<\/strong><\/p>\n<p>El solo est\u00e0 actualment disponible per veles de tipus V25, H31, H42 i M42 fabricades amb el nostre teixit lleuger Ultralite. Aquest teixit barreja els beneficis d\u2019un teixit d\u2019alta tenacitat amb elast\u00f2mer de recobriment i un pes extremadament baix.<\/p>\n<p>&nbsp;<\/p>\n<div id='gallery-1' class='gallery galleryid-9635 gallery-columns-3 gallery-size-thumbnail'><dl class='gallery-item'>\n\t\t\t<dt class='gallery-icon portrait'>\n\t\t\t\t<a href='https:\/\/ultramagic.com\/wp-content\/uploads\/2015\/06\/1103-Tony-ShieldsOK.jpg'><img loading=\"lazy\" decoding=\"async\" width=\"150\" height=\"150\" src=\"https:\/\/ultramagic.com\/wp-content\/uploads\/2015\/06\/1103-Tony-ShieldsOK-150x150.jpg\" class=\"attachment-thumbnail size-thumbnail\" alt=\"\" \/><\/a>\n\t\t\t<\/dt><\/dl><dl class='gallery-item'>\n\t\t\t<dt class='gallery-icon portrait'>\n\t\t\t\t<a href='https:\/\/ultramagic.com\/wp-content\/uploads\/2015\/06\/1192-FreshnloOK.jpg'><img loading=\"lazy\" decoding=\"async\" width=\"150\" height=\"150\" src=\"https:\/\/ultramagic.com\/wp-content\/uploads\/2015\/06\/1192-FreshnloOK-150x150.jpg\" class=\"attachment-thumbnail size-thumbnail\" alt=\"\" \/><\/a>\n\t\t\t<\/dt><\/dl><dl class='gallery-item'>\n\t\t\t<dt class='gallery-icon portrait'>\n\t\t\t\t<a href='https:\/\/ultramagic.com\/wp-content\/uploads\/2015\/06\/DSC03466OK.jpg'><img loading=\"lazy\" decoding=\"async\" width=\"150\" height=\"150\" src=\"https:\/\/ultramagic.com\/wp-content\/uploads\/2015\/06\/DSC03466OK-150x150.jpg\" class=\"attachment-thumbnail size-thumbnail\" alt=\"\" \/><\/a>\n\t\t\t<\/dt><\/dl><br style=\"clear: both\" \/>\n\t\t<\/div>\n\n<p>&nbsp;<\/p>\n","protected":false},"excerpt":{"rendered":"<p>Portant les sensacions al l\u00edmit Dissenyat fent especial atenci\u00f3 a la seguretat i la comoditat, el Solo d\u00f3na tot el que esperes d\u2019un globus Ultramagic per\u00f2 amb tots els beneficis d\u2019un sistema simple molt lleuger i f\u00e0cil d\u2019operar. Estructura Solo: \u2022 Constru\u00efda en acer inoxidable de qualitat aeron\u00e0utica. \u2022 Permet una fixaci\u00f3 segura de la [&hellip;]<\/p>\n","protected":false},"author":1,"featured_media":8092,"parent":9629,"menu_order":0,"comment_status":"closed","ping_status":"open","template":"page-globus-fill.php","meta":{"ngg_post_thumbnail":0,"footnotes":""},"yoast_head":"<!-- This site is optimized with the Yoast SEO plugin v22.7 - https:\/\/yoast.com\/wordpress\/plugins\/seo\/ -->\n<title>The Solo - Ultramagic<\/title>\n<meta name=\"robots\" content=\"index, follow, max-snippet:-1, max-image-preview:large, max-video-preview:-1\" \/>\n<link rel=\"canonical\" href=\"https:\/\/ultramagic.com\/hot-air-balloons\/ultralite-balloons\/solo-duo\/the-solo\/\" \/>\n<meta property=\"og:locale\" content=\"ca_ES\" \/>\n<meta property=\"og:type\" content=\"article\" \/>\n<meta property=\"og:title\" content=\"The Solo - Ultramagic\" \/>\n<meta property=\"og:description\" content=\"Portant les sensacions al l\u00edmit Dissenyat fent especial atenci\u00f3 a la seguretat i la comoditat, el Solo d\u00f3na tot el que esperes d\u2019un globus Ultramagic per\u00f2 amb tots els beneficis d\u2019un sistema simple molt lleuger i f\u00e0cil d\u2019operar. Estructura Solo: \u2022 Constru\u00efda en acer inoxidable de qualitat aeron\u00e0utica. \u2022 Permet una fixaci\u00f3 segura de la [&hellip;]\" \/>\n<meta property=\"og:url\" content=\"https:\/\/ultramagic.com\/hot-air-balloons\/ultralite-balloons\/solo-duo\/the-solo\/\" \/>\n<meta property=\"og:site_name\" content=\"Ultramagic\" \/>\n<meta property=\"article:publisher\" content=\"http:\/\/www.facebook.com\/ultramagicballons\" \/>\n<meta property=\"article:modified_time\" content=\"2016-11-10T07:42:14+00:00\" \/>\n<meta property=\"og:image\" content=\"https:\/\/ultramagic.com\/wp-content\/uploads\/2015\/06\/solo.jpg\" \/>\n\t<meta property=\"og:image:width\" content=\"338\" \/>\n\t<meta property=\"og:image:height\" content=\"409\" \/>\n\t<meta property=\"og:image:type\" content=\"image\/jpeg\" \/>\n<meta name=\"twitter:card\" content=\"summary_large_image\" \/>\n<meta name=\"twitter:site\" content=\"@umballoons\" \/>\n<meta name=\"twitter:label1\" content=\"Temps estimat de lectura\" \/>\n\t<meta name=\"twitter:data1\" content=\"1 minut\" \/>\n<script type=\"application\/ld+json\" class=\"yoast-schema-graph\">{\"@context\":\"https:\/\/schema.org\",\"@graph\":[{\"@type\":\"WebPage\",\"@id\":\"https:\/\/ultramagic.com\/hot-air-balloons\/ultralite-balloons\/solo-duo\/the-solo\/\",\"url\":\"https:\/\/ultramagic.com\/hot-air-balloons\/ultralite-balloons\/solo-duo\/the-solo\/\",\"name\":\"The Solo - Ultramagic\",\"isPartOf\":{\"@id\":\"https:\/\/ultramagic.com\/#website\"},\"primaryImageOfPage\":{\"@id\":\"https:\/\/ultramagic.com\/hot-air-balloons\/ultralite-balloons\/solo-duo\/the-solo\/#primaryimage\"},\"image\":{\"@id\":\"https:\/\/ultramagic.com\/hot-air-balloons\/ultralite-balloons\/solo-duo\/the-solo\/#primaryimage\"},\"thumbnailUrl\":\"https:\/\/ultramagic.com\/wp-content\/uploads\/2015\/06\/solo.jpg\",\"datePublished\":\"2016-04-05T17:20:23+00:00\",\"dateModified\":\"2016-11-10T07:42:14+00:00\",\"breadcrumb\":{\"@id\":\"https:\/\/ultramagic.com\/hot-air-balloons\/ultralite-balloons\/solo-duo\/the-solo\/#breadcrumb\"},\"inLanguage\":\"ca\",\"potentialAction\":[{\"@type\":\"ReadAction\",\"target\":[\"https:\/\/ultramagic.com\/hot-air-balloons\/ultralite-balloons\/solo-duo\/the-solo\/\"]}]},{\"@type\":\"ImageObject\",\"inLanguage\":\"ca\",\"@id\":\"https:\/\/ultramagic.com\/hot-air-balloons\/ultralite-balloons\/solo-duo\/the-solo\/#primaryimage\",\"url\":\"https:\/\/ultramagic.com\/wp-content\/uploads\/2015\/06\/solo.jpg\",\"contentUrl\":\"https:\/\/ultramagic.com\/wp-content\/uploads\/2015\/06\/solo.jpg\",\"width\":338,\"height\":409},{\"@type\":\"BreadcrumbList\",\"@id\":\"https:\/\/ultramagic.com\/hot-air-balloons\/ultralite-balloons\/solo-duo\/the-solo\/#breadcrumb\",\"itemListElement\":[{\"@type\":\"ListItem\",\"position\":1,\"name\":\"Home\",\"item\":\"https:\/\/ultramagic.com\/ca\/\"},{\"@type\":\"ListItem\",\"position\":2,\"name\":\"Globus aerost\u00e0tics\",\"item\":\"https:\/\/ultramagic.com\/hot-air-balloons\/\"},{\"@type\":\"ListItem\",\"position\":3,\"name\":\"Globus Ultralleugers\",\"item\":\"https:\/\/ultramagic.com\/hot-air-balloons\/ultralite-balloons\/\"},{\"@type\":\"ListItem\",\"position\":4,\"name\":\"Solo Duo\",\"item\":\"https:\/\/ultramagic.com\/hot-air-balloons\/ultralite-balloons\/solo-duo\/\"},{\"@type\":\"ListItem\",\"position\":5,\"name\":\"The Solo\"}]},{\"@type\":\"WebSite\",\"@id\":\"https:\/\/ultramagic.com\/#website\",\"url\":\"https:\/\/ultramagic.com\/\",\"name\":\"Ultramagic\",\"description\":\"All about hot air balloon advertising industry and history.Hot air balloon photos and pictures. Enjoy the hot air balloon experience from your home.\",\"potentialAction\":[{\"@type\":\"SearchAction\",\"target\":{\"@type\":\"EntryPoint\",\"urlTemplate\":\"https:\/\/ultramagic.com\/?s={search_term_string}\"},\"query-input\":\"required name=search_term_string\"}],\"inLanguage\":\"ca\"}]}<\/script>\n<!-- \/ Yoast SEO plugin. -->","yoast_head_json":{"title":"The Solo - Ultramagic","robots":{"index":"index","follow":"follow","max-snippet":"max-snippet:-1","max-image-preview":"max-image-preview:large","max-video-preview":"max-video-preview:-1"},"canonical":"https:\/\/ultramagic.com\/hot-air-balloons\/ultralite-balloons\/solo-duo\/the-solo\/","og_locale":"ca_ES","og_type":"article","og_title":"The Solo - Ultramagic","og_description":"Portant les sensacions al l\u00edmit Dissenyat fent especial atenci\u00f3 a la seguretat i la comoditat, el Solo d\u00f3na tot el que esperes d\u2019un globus Ultramagic per\u00f2 amb tots els beneficis d\u2019un sistema simple molt lleuger i f\u00e0cil d\u2019operar. Estructura Solo: \u2022 Constru\u00efda en acer inoxidable de qualitat aeron\u00e0utica. \u2022 Permet una fixaci\u00f3 segura de la [&hellip;]","og_url":"https:\/\/ultramagic.com\/hot-air-balloons\/ultralite-balloons\/solo-duo\/the-solo\/","og_site_name":"Ultramagic","article_publisher":"http:\/\/www.facebook.com\/ultramagicballons","article_modified_time":"2016-11-10T07:42:14+00:00","og_image":[{"width":338,"height":409,"url":"https:\/\/ultramagic.com\/wp-content\/uploads\/2015\/06\/solo.jpg","type":"image\/jpeg"}],"twitter_card":"summary_large_image","twitter_site":"@umballoons","twitter_misc":{"Temps estimat de lectura":"1 minut"},"schema":{"@context":"https:\/\/schema.org","@graph":[{"@type":"WebPage","@id":"https:\/\/ultramagic.com\/hot-air-balloons\/ultralite-balloons\/solo-duo\/the-solo\/","url":"https:\/\/ultramagic.com\/hot-air-balloons\/ultralite-balloons\/solo-duo\/the-solo\/","name":"The Solo - Ultramagic","isPartOf":{"@id":"https:\/\/ultramagic.com\/#website"},"primaryImageOfPage":{"@id":"https:\/\/ultramagic.com\/hot-air-balloons\/ultralite-balloons\/solo-duo\/the-solo\/#primaryimage"},"image":{"@id":"https:\/\/ultramagic.com\/hot-air-balloons\/ultralite-balloons\/solo-duo\/the-solo\/#primaryimage"},"thumbnailUrl":"https:\/\/ultramagic.com\/wp-content\/uploads\/2015\/06\/solo.jpg","datePublished":"2016-04-05T17:20:23+00:00","dateModified":"2016-11-10T07:42:14+00:00","breadcrumb":{"@id":"https:\/\/ultramagic.com\/hot-air-balloons\/ultralite-balloons\/solo-duo\/the-solo\/#breadcrumb"},"inLanguage":"ca","potentialAction":[{"@type":"ReadAction","target":["https:\/\/ultramagic.com\/hot-air-balloons\/ultralite-balloons\/solo-duo\/the-solo\/"]}]},{"@type":"ImageObject","inLanguage":"ca","@id":"https:\/\/ultramagic.com\/hot-air-balloons\/ultralite-balloons\/solo-duo\/the-solo\/#primaryimage","url":"https:\/\/ultramagic.com\/wp-content\/uploads\/2015\/06\/solo.jpg","contentUrl":"https:\/\/ultramagic.com\/wp-content\/uploads\/2015\/06\/solo.jpg","width":338,"height":409},{"@type":"BreadcrumbList","@id":"https:\/\/ultramagic.com\/hot-air-balloons\/ultralite-balloons\/solo-duo\/the-solo\/#breadcrumb","itemListElement":[{"@type":"ListItem","position":1,"name":"Home","item":"https:\/\/ultramagic.com\/ca\/"},{"@type":"ListItem","position":2,"name":"Globus aerost\u00e0tics","item":"https:\/\/ultramagic.com\/hot-air-balloons\/"},{"@type":"ListItem","position":3,"name":"Globus Ultralleugers","item":"https:\/\/ultramagic.com\/hot-air-balloons\/ultralite-balloons\/"},{"@type":"ListItem","position":4,"name":"Solo Duo","item":"https:\/\/ultramagic.com\/hot-air-balloons\/ultralite-balloons\/solo-duo\/"},{"@type":"ListItem","position":5,"name":"The Solo"}]},{"@type":"WebSite","@id":"https:\/\/ultramagic.com\/#website","url":"https:\/\/ultramagic.com\/","name":"Ultramagic","description":"All about hot air balloon advertising industry and history.Hot air balloon photos and pictures. Enjoy the hot air balloon experience from your home.","potentialAction":[{"@type":"SearchAction","target":{"@type":"EntryPoint","urlTemplate":"https:\/\/ultramagic.com\/?s={search_term_string}"},"query-input":"required name=search_term_string"}],"inLanguage":"ca"}]}},"_links":{"self":[{"href":"https:\/\/ultramagic.com\/ca\/wp-json\/wp\/v2\/pages\/9635"}],"collection":[{"href":"https:\/\/ultramagic.com\/ca\/wp-json\/wp\/v2\/pages"}],"about":[{"href":"https:\/\/ultramagic.com\/ca\/wp-json\/wp\/v2\/types\/page"}],"author":[{"embeddable":true,"href":"https:\/\/ultramagic.com\/ca\/wp-json\/wp\/v2\/users\/1"}],"replies":[{"embeddable":true,"href":"https:\/\/ultramagic.com\/ca\/wp-json\/wp\/v2\/comments?post=9635"}],"version-history":[{"count":3,"href":"https:\/\/ultramagic.com\/ca\/wp-json\/wp\/v2\/pages\/9635\/revisions"}],"predecessor-version":[{"id":10931,"href":"https:\/\/ultramagic.com\/ca\/wp-json\/wp\/v2\/pages\/9635\/revisions\/10931"}],"up":[{"embeddable":true,"href":"https:\/\/ultramagic.com\/ca\/wp-json\/wp\/v2\/pages\/9629"}],"wp:featuredmedia":[{"embeddable":true,"href":"https:\/\/ultramagic.com\/ca\/wp-json\/wp\/v2\/media\/8092"}],"wp:attachment":[{"href":"https:\/\/ultramagic.com\/ca\/wp-json\/wp\/v2\/media?parent=9635"}],"curies":[{"name":"wp","href":"https:\/\/api.w.org\/{rel}","templated":true}]}}