{"id":9634,"date":"2016-04-05T19:20:20","date_gmt":"2016-04-05T17:20:20","guid":{"rendered":"http:\/\/ultramagic.creagia.com\/ca\/?page_id=9634"},"modified":"2016-11-10T08:30:07","modified_gmt":"2016-11-10T07:30:07","slug":"the-duo","status":"publish","type":"page","link":"https:\/\/ultramagic.com\/ca\/globus-aerostatics\/ultralite-balloons\/solo-duo\/the-duo\/","title":{"rendered":"The Duo"},"content":{"rendered":"<blockquote><p>Portant les sensacions al l\u00edmit&#8230; per dues persones<\/p><\/blockquote>\n<p>El DUO i el SOLO han estat dissenyats amb especial atenci\u00f3 en la seguretat <a href=\"http:\/\/ultramagic.com\/wp-content\/uploads\/2015\/06\/duo.jpg\" rel=\"attachment wp-att-8093\"><img loading=\"lazy\" decoding=\"async\" class=\"size-full wp-image-8093 alignright\" src=\"http:\/\/ultramagic.com\/wp-content\/uploads\/2015\/06\/duo.jpg\" alt=\"duo\" width=\"338\" height=\"409\" srcset=\"https:\/\/ultramagic.com\/wp-content\/uploads\/2015\/06\/duo.jpg 338w, https:\/\/ultramagic.com\/wp-content\/uploads\/2015\/06\/duo-248x300.jpg 248w\" sizes=\"(max-width: 338px) 100vw, 338px\" \/><\/a>i la comoditat, assegurant tamb\u00e9 que tingui els beneficis d\u2019un sistema lleuger f\u00e0cil d\u2019operar.<\/p>\n<p><strong>Estructura Duo:<\/strong><\/p>\n<p>\u2022 Constru\u00efda en acer inoxidable de qualitat aeron\u00e0utica.<\/p>\n<p>\u2022 Permet una fixaci\u00f3 segura de les bombones (20 o 30 kg) mantenint un acc\u00e9s f\u00e0cil i r\u00e0pid pel seu transport i per omplir-les.<\/p>\n<p>\u2022 Incorpora dos seients c\u00f2modes ajustables, amb reposacaps i estrep, independents entre si.<\/p>\n<p>\u2022 Arnesos de seguretat de tres punts, amb obertura r\u00e0pida.<\/p>\n<p>\u2022 Quadre del cremador de gimbal f\u00e0cilment extraible. <\/p>\n<p><strong>El cremador Duo i el seu sistema de combustible:<\/strong><\/p>\n<p>\u2022 Dues v\u00e0lvules principals, dues v\u00e0lvules de flama l\u00edquida, dos man\u00f2metres i dos flames pilot l\u00edquides.<\/p>\n<p>\u2022 El control hidr\u00e0ulic de la v\u00e0lvula del cremador permet el seu maneig sense necessitat d\u2019aixecar les mans.<\/p>\n<p><strong>La vela Duo:<\/strong><\/p>\n<p>La vela Duo est\u00e0 actualment disponible en mides de 42,000 a 70,000 peus c\u00fabics fabricada amb el nostre teixit t\u00e8cnic lleuger Ultralite. Aquest teixit barreja els beneficis d\u2019un teixit d\u2019alta tenacitat amb elast\u00f2mer de recobriment i un pes extremadament baix.<\/p>\n<p>&nbsp;<\/p>\n<div id='gallery-1' class='gallery galleryid-9634 gallery-columns-3 gallery-size-thumbnail'><dl class='gallery-item'>\n\t\t\t<dt class='gallery-icon landscape'>\n\t\t\t\t<a href='https:\/\/ultramagic.com\/wp-content\/uploads\/2015\/06\/Duo-sunsetOK.jpg'><img loading=\"lazy\" decoding=\"async\" width=\"150\" height=\"150\" src=\"https:\/\/ultramagic.com\/wp-content\/uploads\/2015\/06\/Duo-sunsetOK-150x150.jpg\" class=\"attachment-thumbnail size-thumbnail\" alt=\"\" \/><\/a>\n\t\t\t<\/dt><\/dl><dl class='gallery-item'>\n\t\t\t<dt class='gallery-icon landscape'>\n\t\t\t\t<a href='https:\/\/ultramagic.com\/wp-content\/uploads\/2015\/06\/DSC03611OK.jpg'><img loading=\"lazy\" decoding=\"async\" width=\"150\" height=\"150\" src=\"https:\/\/ultramagic.com\/wp-content\/uploads\/2015\/06\/DSC03611OK-150x150.jpg\" class=\"attachment-thumbnail size-thumbnail\" alt=\"\" \/><\/a>\n\t\t\t<\/dt><\/dl><dl class='gallery-item'>\n\t\t\t<dt class='gallery-icon portrait'>\n\t\t\t\t<a href='https:\/\/ultramagic.com\/wp-content\/uploads\/2015\/06\/Duo-1OK.jpg'><img loading=\"lazy\" decoding=\"async\" width=\"150\" height=\"150\" src=\"https:\/\/ultramagic.com\/wp-content\/uploads\/2015\/06\/Duo-1OK-150x150.jpg\" class=\"attachment-thumbnail size-thumbnail\" alt=\"\" \/><\/a>\n\t\t\t<\/dt><\/dl><br style=\"clear: both\" \/>\n\t\t<\/div>\n\n<p>&nbsp;<\/p>\n","protected":false},"excerpt":{"rendered":"<p>Portant les sensacions al l\u00edmit&#8230; per dues persones El DUO i el SOLO han estat dissenyats amb especial atenci\u00f3 en la seguretat i la comoditat, assegurant tamb\u00e9 que tingui els beneficis d\u2019un sistema lleuger f\u00e0cil d\u2019operar. Estructura Duo: \u2022 Constru\u00efda en acer inoxidable de qualitat aeron\u00e0utica. \u2022 Permet una fixaci\u00f3 segura de les bombones (20 [&hellip;]<\/p>\n","protected":false},"author":1,"featured_media":8095,"parent":9629,"menu_order":0,"comment_status":"closed","ping_status":"open","template":"page-globus-fill.php","meta":{"ngg_post_thumbnail":0,"footnotes":""},"yoast_head":"<!-- This site is optimized with the Yoast SEO plugin v22.7 - https:\/\/yoast.com\/wordpress\/plugins\/seo\/ -->\n<title>The Duo - Ultramagic<\/title>\n<meta name=\"robots\" content=\"index, follow, max-snippet:-1, max-image-preview:large, max-video-preview:-1\" \/>\n<link rel=\"canonical\" href=\"https:\/\/ultramagic.com\/hot-air-balloons\/ultralite-balloons\/solo-duo\/the-duo\/\" \/>\n<meta property=\"og:locale\" content=\"ca_ES\" \/>\n<meta property=\"og:type\" content=\"article\" \/>\n<meta property=\"og:title\" content=\"The Duo - Ultramagic\" \/>\n<meta property=\"og:description\" content=\"Portant les sensacions al l\u00edmit&#8230; per dues persones El DUO i el SOLO han estat dissenyats amb especial atenci\u00f3 en la seguretat i la comoditat, assegurant tamb\u00e9 que tingui els beneficis d\u2019un sistema lleuger f\u00e0cil d\u2019operar. Estructura Duo: \u2022 Constru\u00efda en acer inoxidable de qualitat aeron\u00e0utica. \u2022 Permet una fixaci\u00f3 segura de les bombones (20 [&hellip;]\" \/>\n<meta property=\"og:url\" content=\"https:\/\/ultramagic.com\/hot-air-balloons\/ultralite-balloons\/solo-duo\/the-duo\/\" \/>\n<meta property=\"og:site_name\" content=\"Ultramagic\" \/>\n<meta property=\"article:publisher\" content=\"http:\/\/www.facebook.com\/ultramagicballons\" \/>\n<meta property=\"article:modified_time\" content=\"2016-11-10T07:30:07+00:00\" \/>\n<meta property=\"og:image\" content=\"https:\/\/ultramagic.com\/wp-content\/uploads\/2015\/06\/duo.jpg\" \/>\n\t<meta property=\"og:image:width\" content=\"338\" \/>\n\t<meta property=\"og:image:height\" content=\"409\" \/>\n\t<meta property=\"og:image:type\" content=\"image\/jpeg\" \/>\n<meta name=\"twitter:card\" content=\"summary_large_image\" \/>\n<meta name=\"twitter:site\" content=\"@umballoons\" \/>\n<meta name=\"twitter:label1\" content=\"Temps estimat de lectura\" \/>\n\t<meta name=\"twitter:data1\" content=\"1 minut\" \/>\n<script type=\"application\/ld+json\" class=\"yoast-schema-graph\">{\"@context\":\"https:\/\/schema.org\",\"@graph\":[{\"@type\":\"WebPage\",\"@id\":\"https:\/\/ultramagic.com\/hot-air-balloons\/ultralite-balloons\/solo-duo\/the-duo\/\",\"url\":\"https:\/\/ultramagic.com\/hot-air-balloons\/ultralite-balloons\/solo-duo\/the-duo\/\",\"name\":\"The Duo - Ultramagic\",\"isPartOf\":{\"@id\":\"https:\/\/ultramagic.com\/#website\"},\"primaryImageOfPage\":{\"@id\":\"https:\/\/ultramagic.com\/hot-air-balloons\/ultralite-balloons\/solo-duo\/the-duo\/#primaryimage\"},\"image\":{\"@id\":\"https:\/\/ultramagic.com\/hot-air-balloons\/ultralite-balloons\/solo-duo\/the-duo\/#primaryimage\"},\"thumbnailUrl\":\"https:\/\/ultramagic.com\/wp-content\/uploads\/2015\/06\/duo.jpg\",\"datePublished\":\"2016-04-05T17:20:20+00:00\",\"dateModified\":\"2016-11-10T07:30:07+00:00\",\"breadcrumb\":{\"@id\":\"https:\/\/ultramagic.com\/hot-air-balloons\/ultralite-balloons\/solo-duo\/the-duo\/#breadcrumb\"},\"inLanguage\":\"ca\",\"potentialAction\":[{\"@type\":\"ReadAction\",\"target\":[\"https:\/\/ultramagic.com\/hot-air-balloons\/ultralite-balloons\/solo-duo\/the-duo\/\"]}]},{\"@type\":\"ImageObject\",\"inLanguage\":\"ca\",\"@id\":\"https:\/\/ultramagic.com\/hot-air-balloons\/ultralite-balloons\/solo-duo\/the-duo\/#primaryimage\",\"url\":\"https:\/\/ultramagic.com\/wp-content\/uploads\/2015\/06\/duo.jpg\",\"contentUrl\":\"https:\/\/ultramagic.com\/wp-content\/uploads\/2015\/06\/duo.jpg\",\"width\":338,\"height\":409},{\"@type\":\"BreadcrumbList\",\"@id\":\"https:\/\/ultramagic.com\/hot-air-balloons\/ultralite-balloons\/solo-duo\/the-duo\/#breadcrumb\",\"itemListElement\":[{\"@type\":\"ListItem\",\"position\":1,\"name\":\"Home\",\"item\":\"https:\/\/ultramagic.com\/ca\/\"},{\"@type\":\"ListItem\",\"position\":2,\"name\":\"Globus aerost\u00e0tics\",\"item\":\"https:\/\/ultramagic.com\/hot-air-balloons\/\"},{\"@type\":\"ListItem\",\"position\":3,\"name\":\"Globus Ultralleugers\",\"item\":\"https:\/\/ultramagic.com\/hot-air-balloons\/ultralite-balloons\/\"},{\"@type\":\"ListItem\",\"position\":4,\"name\":\"Solo Duo\",\"item\":\"https:\/\/ultramagic.com\/hot-air-balloons\/ultralite-balloons\/solo-duo\/\"},{\"@type\":\"ListItem\",\"position\":5,\"name\":\"The Duo\"}]},{\"@type\":\"WebSite\",\"@id\":\"https:\/\/ultramagic.com\/#website\",\"url\":\"https:\/\/ultramagic.com\/\",\"name\":\"Ultramagic\",\"description\":\"All about hot air balloon advertising industry and history.Hot air balloon photos and pictures. Enjoy the hot air balloon experience from your home.\",\"potentialAction\":[{\"@type\":\"SearchAction\",\"target\":{\"@type\":\"EntryPoint\",\"urlTemplate\":\"https:\/\/ultramagic.com\/?s={search_term_string}\"},\"query-input\":\"required name=search_term_string\"}],\"inLanguage\":\"ca\"}]}<\/script>\n<!-- \/ Yoast SEO plugin. -->","yoast_head_json":{"title":"The Duo - Ultramagic","robots":{"index":"index","follow":"follow","max-snippet":"max-snippet:-1","max-image-preview":"max-image-preview:large","max-video-preview":"max-video-preview:-1"},"canonical":"https:\/\/ultramagic.com\/hot-air-balloons\/ultralite-balloons\/solo-duo\/the-duo\/","og_locale":"ca_ES","og_type":"article","og_title":"The Duo - Ultramagic","og_description":"Portant les sensacions al l\u00edmit&#8230; per dues persones El DUO i el SOLO han estat dissenyats amb especial atenci\u00f3 en la seguretat i la comoditat, assegurant tamb\u00e9 que tingui els beneficis d\u2019un sistema lleuger f\u00e0cil d\u2019operar. Estructura Duo: \u2022 Constru\u00efda en acer inoxidable de qualitat aeron\u00e0utica. \u2022 Permet una fixaci\u00f3 segura de les bombones (20 [&hellip;]","og_url":"https:\/\/ultramagic.com\/hot-air-balloons\/ultralite-balloons\/solo-duo\/the-duo\/","og_site_name":"Ultramagic","article_publisher":"http:\/\/www.facebook.com\/ultramagicballons","article_modified_time":"2016-11-10T07:30:07+00:00","og_image":[{"width":338,"height":409,"url":"https:\/\/ultramagic.com\/wp-content\/uploads\/2015\/06\/duo.jpg","type":"image\/jpeg"}],"twitter_card":"summary_large_image","twitter_site":"@umballoons","twitter_misc":{"Temps estimat de lectura":"1 minut"},"schema":{"@context":"https:\/\/schema.org","@graph":[{"@type":"WebPage","@id":"https:\/\/ultramagic.com\/hot-air-balloons\/ultralite-balloons\/solo-duo\/the-duo\/","url":"https:\/\/ultramagic.com\/hot-air-balloons\/ultralite-balloons\/solo-duo\/the-duo\/","name":"The Duo - Ultramagic","isPartOf":{"@id":"https:\/\/ultramagic.com\/#website"},"primaryImageOfPage":{"@id":"https:\/\/ultramagic.com\/hot-air-balloons\/ultralite-balloons\/solo-duo\/the-duo\/#primaryimage"},"image":{"@id":"https:\/\/ultramagic.com\/hot-air-balloons\/ultralite-balloons\/solo-duo\/the-duo\/#primaryimage"},"thumbnailUrl":"https:\/\/ultramagic.com\/wp-content\/uploads\/2015\/06\/duo.jpg","datePublished":"2016-04-05T17:20:20+00:00","dateModified":"2016-11-10T07:30:07+00:00","breadcrumb":{"@id":"https:\/\/ultramagic.com\/hot-air-balloons\/ultralite-balloons\/solo-duo\/the-duo\/#breadcrumb"},"inLanguage":"ca","potentialAction":[{"@type":"ReadAction","target":["https:\/\/ultramagic.com\/hot-air-balloons\/ultralite-balloons\/solo-duo\/the-duo\/"]}]},{"@type":"ImageObject","inLanguage":"ca","@id":"https:\/\/ultramagic.com\/hot-air-balloons\/ultralite-balloons\/solo-duo\/the-duo\/#primaryimage","url":"https:\/\/ultramagic.com\/wp-content\/uploads\/2015\/06\/duo.jpg","contentUrl":"https:\/\/ultramagic.com\/wp-content\/uploads\/2015\/06\/duo.jpg","width":338,"height":409},{"@type":"BreadcrumbList","@id":"https:\/\/ultramagic.com\/hot-air-balloons\/ultralite-balloons\/solo-duo\/the-duo\/#breadcrumb","itemListElement":[{"@type":"ListItem","position":1,"name":"Home","item":"https:\/\/ultramagic.com\/ca\/"},{"@type":"ListItem","position":2,"name":"Globus aerost\u00e0tics","item":"https:\/\/ultramagic.com\/hot-air-balloons\/"},{"@type":"ListItem","position":3,"name":"Globus Ultralleugers","item":"https:\/\/ultramagic.com\/hot-air-balloons\/ultralite-balloons\/"},{"@type":"ListItem","position":4,"name":"Solo Duo","item":"https:\/\/ultramagic.com\/hot-air-balloons\/ultralite-balloons\/solo-duo\/"},{"@type":"ListItem","position":5,"name":"The Duo"}]},{"@type":"WebSite","@id":"https:\/\/ultramagic.com\/#website","url":"https:\/\/ultramagic.com\/","name":"Ultramagic","description":"All about hot air balloon advertising industry and history.Hot air balloon photos and pictures. Enjoy the hot air balloon experience from your home.","potentialAction":[{"@type":"SearchAction","target":{"@type":"EntryPoint","urlTemplate":"https:\/\/ultramagic.com\/?s={search_term_string}"},"query-input":"required name=search_term_string"}],"inLanguage":"ca"}]}},"_links":{"self":[{"href":"https:\/\/ultramagic.com\/ca\/wp-json\/wp\/v2\/pages\/9634"}],"collection":[{"href":"https:\/\/ultramagic.com\/ca\/wp-json\/wp\/v2\/pages"}],"about":[{"href":"https:\/\/ultramagic.com\/ca\/wp-json\/wp\/v2\/types\/page"}],"author":[{"embeddable":true,"href":"https:\/\/ultramagic.com\/ca\/wp-json\/wp\/v2\/users\/1"}],"replies":[{"embeddable":true,"href":"https:\/\/ultramagic.com\/ca\/wp-json\/wp\/v2\/comments?post=9634"}],"version-history":[{"count":3,"href":"https:\/\/ultramagic.com\/ca\/wp-json\/wp\/v2\/pages\/9634\/revisions"}],"predecessor-version":[{"id":10929,"href":"https:\/\/ultramagic.com\/ca\/wp-json\/wp\/v2\/pages\/9634\/revisions\/10929"}],"up":[{"embeddable":true,"href":"https:\/\/ultramagic.com\/ca\/wp-json\/wp\/v2\/pages\/9629"}],"wp:featuredmedia":[{"embeddable":true,"href":"https:\/\/ultramagic.com\/ca\/wp-json\/wp\/v2\/media\/8095"}],"wp:attachment":[{"href":"https:\/\/ultramagic.com\/ca\/wp-json\/wp\/v2\/media?parent=9634"}],"curies":[{"name":"wp","href":"https:\/\/api.w.org\/{rel}","templated":true}]}}