{"id":9628,"date":"2016-04-05T19:19:11","date_gmt":"2016-04-05T17:19:11","guid":{"rendered":"http:\/\/ultramagic.creagia.com\/ca\/?page_id=9628"},"modified":"2023-11-29T17:03:34","modified_gmt":"2023-11-29T16:03:34","slug":"explorer-b70","status":"publish","type":"page","link":"https:\/\/ultramagic.com\/ca\/globus-aerostatics\/ultralite-balloons\/explorer-b70\/","title":{"rendered":"EXPLORADOR B70"},"content":{"rendered":"<blockquote><p>Globus complet molt lleuger, especial per viatjar<\/p><\/blockquote>\n<p>Seguint de prop la introducci\u00f3 del Tekno 70, un client ens va preguntar per dissenyar i produir un sistema lleuger especial<img loading=\"lazy\" decoding=\"async\" class=\"alignright wp-image-7591 size-medium\" src=\"http:\/\/ultramagic.com\/wp-content\/uploads\/2016\/02\/1928v-Blaser-42-300x276.jpg\" alt=\"1928v-Blaser-4\" width=\"300\" height=\"276\">amb una vela encara m\u00e9s lleugera. La idea era que la mida de la cistella fos entre el de les dues Tekno ja existents. Havent reconegut la necessitat de desenvolupar sistemes de globus m\u00e9s lleugers per satisfer la demanda del mercat, es va produir la petici\u00f3 que donaria llum a l\u2019Ultramagic B70!<\/p>\n<p>&nbsp;<\/p>\n<p>\u2022 Una vela ultralleugera amb un perfil suau de 12 grills amb un volum de 70,000 peus c\u00fabics.<\/p>\n<p>\u2022 La vela fabricada amb Ultralight pesa menys de 60 kg.<\/p>\n<p>\u2022 La cistella CT-03 totalment provada pesa menys de 40 kg i \u00e9s capa\u00e7 d\u2019allotjar fins a 3 persones en la seva configuraci\u00f3 de 0.8&#215;1.2&#215;1.1 m, la qual est\u00e0 equipada amb un forat per on poder pujar i unes manetes per transportar-la m\u00e9s f\u00e0cilment.<\/p>\n<p>\u2022 Existeixen diferents opcions de cremadors: Powerplus o MK-32 doble.<img loading=\"lazy\" decoding=\"async\" class=\"alignright wp-image-7597 size-medium\" src=\"http:\/\/ultramagic.com\/wp-content\/uploads\/2016\/02\/B70_PACK_rgb-300x190.jpg\" alt=\"B70_PACK_rgb\" width=\"300\" height=\"190\" srcset=\"https:\/\/ultramagic.com\/wp-content\/uploads\/2016\/02\/B70_PACK_rgb-300x190.jpg 300w, https:\/\/ultramagic.com\/wp-content\/uploads\/2016\/02\/B70_PACK_rgb-1024x649.jpg 1024w\" sizes=\"(max-width: 300px) 100vw, 300px\" \/><\/p>\n<p>\u2022 En el PowerPlus est\u00e0 disponible l\u2019opci\u00f3 del sistema de cremadors de desconnexi\u00f3 r\u00e0pida que permet empaquetar el cremador i la cistella per separat.<\/p>\n<p>\u2022 Est\u00e0 disponible a un cost extra l\u2019opci\u00f3 de posar les bombones fora de la cistella Tekno.<a href=\"http:\/\/ultramagic.com\/wp-content\/uploads\/2016\/02\/B70_OK.jpg\"><br \/>\n<\/a><\/p>\n<p>\u2022 Estan disponibles bosses encoixinades per guardar les cistelles Tekno i cremadors.<\/p>\n<p>\u2022 La CT-03 es pot complementar amb diferents tipus i mides de veles des de 42.000 fins a 130.000 peus c\u00fabics.<\/p>\n<p><img loading=\"lazy\" decoding=\"async\" class=\"aligncenter wp-image-7594 size-large\" src=\"http:\/\/ultramagic.com\/wp-content\/uploads\/2016\/02\/B70_OK-1024x698.jpg\" alt=\"B70_OK\" width=\"1024\" height=\"698\" srcset=\"https:\/\/ultramagic.com\/wp-content\/uploads\/2016\/02\/B70_OK-1024x698.jpg 1024w, https:\/\/ultramagic.com\/wp-content\/uploads\/2016\/02\/B70_OK-300x204.jpg 300w\" sizes=\"(max-width: 1024px) 100vw, 1024px\" \/><\/p>\n","protected":false},"excerpt":{"rendered":"<p>Globus complet molt lleuger, especial per viatjar Seguint de prop la introducci\u00f3 del Tekno 70, un client ens va preguntar per dissenyar i produir un sistema lleuger especialamb una vela encara m\u00e9s lleugera. La idea era que la mida de la cistella fos entre el de les dues Tekno ja existents. Havent reconegut la necessitat [&hellip;]<\/p>\n","protected":false},"author":1,"featured_media":8581,"parent":9583,"menu_order":0,"comment_status":"closed","ping_status":"open","template":"page-globus-pare.php","meta":{"ngg_post_thumbnail":0,"footnotes":""},"yoast_head":"<!-- This site is optimized with the Yoast SEO plugin v22.7 - https:\/\/yoast.com\/wordpress\/plugins\/seo\/ -->\n<title>EXPLORADOR B70 - Ultramagic<\/title>\n<meta name=\"robots\" content=\"index, follow, max-snippet:-1, max-image-preview:large, max-video-preview:-1\" \/>\n<link rel=\"canonical\" href=\"https:\/\/ultramagic.com\/hot-air-balloons\/ultralite-balloons\/explorer-b70\/\" \/>\n<meta property=\"og:locale\" content=\"ca_ES\" \/>\n<meta property=\"og:type\" content=\"article\" \/>\n<meta property=\"og:title\" content=\"EXPLORADOR B70 - Ultramagic\" \/>\n<meta property=\"og:description\" content=\"Globus complet molt lleuger, especial per viatjar Seguint de prop la introducci\u00f3 del Tekno 70, un client ens va preguntar per dissenyar i produir un sistema lleuger especialamb una vela encara m\u00e9s lleugera. La idea era que la mida de la cistella fos entre el de les dues Tekno ja existents. Havent reconegut la necessitat [&hellip;]\" \/>\n<meta property=\"og:url\" content=\"https:\/\/ultramagic.com\/hot-air-balloons\/ultralite-balloons\/explorer-b70\/\" \/>\n<meta property=\"og:site_name\" content=\"Ultramagic\" \/>\n<meta property=\"article:publisher\" content=\"http:\/\/www.facebook.com\/ultramagicballons\" \/>\n<meta property=\"article:modified_time\" content=\"2023-11-29T16:03:34+00:00\" \/>\n<meta property=\"og:image\" content=\"https:\/\/ultramagic.com\/wp-content\/uploads\/2016\/02\/blaser.jpg\" \/>\n\t<meta property=\"og:image:width\" content=\"231\" \/>\n\t<meta property=\"og:image:height\" content=\"300\" \/>\n\t<meta property=\"og:image:type\" content=\"image\/jpeg\" \/>\n<meta name=\"twitter:card\" content=\"summary_large_image\" \/>\n<meta name=\"twitter:site\" content=\"@umballoons\" \/>\n<meta name=\"twitter:label1\" content=\"Temps estimat de lectura\" \/>\n\t<meta name=\"twitter:data1\" content=\"1 minut\" \/>\n<script type=\"application\/ld+json\" class=\"yoast-schema-graph\">{\"@context\":\"https:\/\/schema.org\",\"@graph\":[{\"@type\":\"WebPage\",\"@id\":\"https:\/\/ultramagic.com\/hot-air-balloons\/ultralite-balloons\/explorer-b70\/\",\"url\":\"https:\/\/ultramagic.com\/hot-air-balloons\/ultralite-balloons\/explorer-b70\/\",\"name\":\"EXPLORADOR B70 - Ultramagic\",\"isPartOf\":{\"@id\":\"https:\/\/ultramagic.com\/#website\"},\"primaryImageOfPage\":{\"@id\":\"https:\/\/ultramagic.com\/hot-air-balloons\/ultralite-balloons\/explorer-b70\/#primaryimage\"},\"image\":{\"@id\":\"https:\/\/ultramagic.com\/hot-air-balloons\/ultralite-balloons\/explorer-b70\/#primaryimage\"},\"thumbnailUrl\":\"https:\/\/ultramagic.com\/wp-content\/uploads\/2016\/02\/blaser.jpg\",\"datePublished\":\"2016-04-05T17:19:11+00:00\",\"dateModified\":\"2023-11-29T16:03:34+00:00\",\"breadcrumb\":{\"@id\":\"https:\/\/ultramagic.com\/hot-air-balloons\/ultralite-balloons\/explorer-b70\/#breadcrumb\"},\"inLanguage\":\"ca\",\"potentialAction\":[{\"@type\":\"ReadAction\",\"target\":[\"https:\/\/ultramagic.com\/hot-air-balloons\/ultralite-balloons\/explorer-b70\/\"]}]},{\"@type\":\"ImageObject\",\"inLanguage\":\"ca\",\"@id\":\"https:\/\/ultramagic.com\/hot-air-balloons\/ultralite-balloons\/explorer-b70\/#primaryimage\",\"url\":\"https:\/\/ultramagic.com\/wp-content\/uploads\/2016\/02\/blaser.jpg\",\"contentUrl\":\"https:\/\/ultramagic.com\/wp-content\/uploads\/2016\/02\/blaser.jpg\",\"width\":231,\"height\":300},{\"@type\":\"BreadcrumbList\",\"@id\":\"https:\/\/ultramagic.com\/hot-air-balloons\/ultralite-balloons\/explorer-b70\/#breadcrumb\",\"itemListElement\":[{\"@type\":\"ListItem\",\"position\":1,\"name\":\"Home\",\"item\":\"https:\/\/ultramagic.com\/ca\/\"},{\"@type\":\"ListItem\",\"position\":2,\"name\":\"Globus aerost\u00e0tics\",\"item\":\"https:\/\/ultramagic.com\/hot-air-balloons\/\"},{\"@type\":\"ListItem\",\"position\":3,\"name\":\"Globus Ultralleugers\",\"item\":\"https:\/\/ultramagic.com\/hot-air-balloons\/ultralite-balloons\/\"},{\"@type\":\"ListItem\",\"position\":4,\"name\":\"EXPLORADOR B70\"}]},{\"@type\":\"WebSite\",\"@id\":\"https:\/\/ultramagic.com\/#website\",\"url\":\"https:\/\/ultramagic.com\/\",\"name\":\"Ultramagic\",\"description\":\"All about hot air balloon advertising industry and history.Hot air balloon photos and pictures. Enjoy the hot air balloon experience from your home.\",\"potentialAction\":[{\"@type\":\"SearchAction\",\"target\":{\"@type\":\"EntryPoint\",\"urlTemplate\":\"https:\/\/ultramagic.com\/?s={search_term_string}\"},\"query-input\":\"required name=search_term_string\"}],\"inLanguage\":\"ca\"}]}<\/script>\n<!-- \/ Yoast SEO plugin. -->","yoast_head_json":{"title":"EXPLORADOR B70 - Ultramagic","robots":{"index":"index","follow":"follow","max-snippet":"max-snippet:-1","max-image-preview":"max-image-preview:large","max-video-preview":"max-video-preview:-1"},"canonical":"https:\/\/ultramagic.com\/hot-air-balloons\/ultralite-balloons\/explorer-b70\/","og_locale":"ca_ES","og_type":"article","og_title":"EXPLORADOR B70 - Ultramagic","og_description":"Globus complet molt lleuger, especial per viatjar Seguint de prop la introducci\u00f3 del Tekno 70, un client ens va preguntar per dissenyar i produir un sistema lleuger especialamb una vela encara m\u00e9s lleugera. La idea era que la mida de la cistella fos entre el de les dues Tekno ja existents. Havent reconegut la necessitat [&hellip;]","og_url":"https:\/\/ultramagic.com\/hot-air-balloons\/ultralite-balloons\/explorer-b70\/","og_site_name":"Ultramagic","article_publisher":"http:\/\/www.facebook.com\/ultramagicballons","article_modified_time":"2023-11-29T16:03:34+00:00","og_image":[{"width":231,"height":300,"url":"https:\/\/ultramagic.com\/wp-content\/uploads\/2016\/02\/blaser.jpg","type":"image\/jpeg"}],"twitter_card":"summary_large_image","twitter_site":"@umballoons","twitter_misc":{"Temps estimat de lectura":"1 minut"},"schema":{"@context":"https:\/\/schema.org","@graph":[{"@type":"WebPage","@id":"https:\/\/ultramagic.com\/hot-air-balloons\/ultralite-balloons\/explorer-b70\/","url":"https:\/\/ultramagic.com\/hot-air-balloons\/ultralite-balloons\/explorer-b70\/","name":"EXPLORADOR B70 - Ultramagic","isPartOf":{"@id":"https:\/\/ultramagic.com\/#website"},"primaryImageOfPage":{"@id":"https:\/\/ultramagic.com\/hot-air-balloons\/ultralite-balloons\/explorer-b70\/#primaryimage"},"image":{"@id":"https:\/\/ultramagic.com\/hot-air-balloons\/ultralite-balloons\/explorer-b70\/#primaryimage"},"thumbnailUrl":"https:\/\/ultramagic.com\/wp-content\/uploads\/2016\/02\/blaser.jpg","datePublished":"2016-04-05T17:19:11+00:00","dateModified":"2023-11-29T16:03:34+00:00","breadcrumb":{"@id":"https:\/\/ultramagic.com\/hot-air-balloons\/ultralite-balloons\/explorer-b70\/#breadcrumb"},"inLanguage":"ca","potentialAction":[{"@type":"ReadAction","target":["https:\/\/ultramagic.com\/hot-air-balloons\/ultralite-balloons\/explorer-b70\/"]}]},{"@type":"ImageObject","inLanguage":"ca","@id":"https:\/\/ultramagic.com\/hot-air-balloons\/ultralite-balloons\/explorer-b70\/#primaryimage","url":"https:\/\/ultramagic.com\/wp-content\/uploads\/2016\/02\/blaser.jpg","contentUrl":"https:\/\/ultramagic.com\/wp-content\/uploads\/2016\/02\/blaser.jpg","width":231,"height":300},{"@type":"BreadcrumbList","@id":"https:\/\/ultramagic.com\/hot-air-balloons\/ultralite-balloons\/explorer-b70\/#breadcrumb","itemListElement":[{"@type":"ListItem","position":1,"name":"Home","item":"https:\/\/ultramagic.com\/ca\/"},{"@type":"ListItem","position":2,"name":"Globus aerost\u00e0tics","item":"https:\/\/ultramagic.com\/hot-air-balloons\/"},{"@type":"ListItem","position":3,"name":"Globus Ultralleugers","item":"https:\/\/ultramagic.com\/hot-air-balloons\/ultralite-balloons\/"},{"@type":"ListItem","position":4,"name":"EXPLORADOR B70"}]},{"@type":"WebSite","@id":"https:\/\/ultramagic.com\/#website","url":"https:\/\/ultramagic.com\/","name":"Ultramagic","description":"All about hot air balloon advertising industry and history.Hot air balloon photos and pictures. Enjoy the hot air balloon experience from your home.","potentialAction":[{"@type":"SearchAction","target":{"@type":"EntryPoint","urlTemplate":"https:\/\/ultramagic.com\/?s={search_term_string}"},"query-input":"required name=search_term_string"}],"inLanguage":"ca"}]}},"_links":{"self":[{"href":"https:\/\/ultramagic.com\/ca\/wp-json\/wp\/v2\/pages\/9628"}],"collection":[{"href":"https:\/\/ultramagic.com\/ca\/wp-json\/wp\/v2\/pages"}],"about":[{"href":"https:\/\/ultramagic.com\/ca\/wp-json\/wp\/v2\/types\/page"}],"author":[{"embeddable":true,"href":"https:\/\/ultramagic.com\/ca\/wp-json\/wp\/v2\/users\/1"}],"replies":[{"embeddable":true,"href":"https:\/\/ultramagic.com\/ca\/wp-json\/wp\/v2\/comments?post=9628"}],"version-history":[{"count":3,"href":"https:\/\/ultramagic.com\/ca\/wp-json\/wp\/v2\/pages\/9628\/revisions"}],"predecessor-version":[{"id":18561,"href":"https:\/\/ultramagic.com\/ca\/wp-json\/wp\/v2\/pages\/9628\/revisions\/18561"}],"up":[{"embeddable":true,"href":"https:\/\/ultramagic.com\/ca\/wp-json\/wp\/v2\/pages\/9583"}],"wp:featuredmedia":[{"embeddable":true,"href":"https:\/\/ultramagic.com\/ca\/wp-json\/wp\/v2\/media\/8581"}],"wp:attachment":[{"href":"https:\/\/ultramagic.com\/ca\/wp-json\/wp\/v2\/media?parent=9628"}],"curies":[{"name":"wp","href":"https:\/\/api.w.org\/{rel}","templated":true}]}}