{"id":9621,"date":"2016-04-05T18:12:32","date_gmt":"2016-04-05T16:12:32","guid":{"rendered":"http:\/\/ultramagic.creagia.com\/ca\/?page_id=9621"},"modified":"2023-11-29T16:37:44","modified_gmt":"2023-11-29T15:37:44","slug":"equip","status":"publish","type":"page","link":"https:\/\/ultramagic.com\/ca\/portada-2\/equip\/","title":{"rendered":"Equip"},"content":{"rendered":"<h2>Benvinguts a la nostra f\u00e0brica.<\/h2>\n<p>Som un equip de m\u00e8s de 60 persones altament qualificades d&#8217;enginyers aeron\u00e0utics, dissenyadors, cosidores, t\u00e8cnics i cistellers i suportat per una xarxa de representats a tot el m\u00f2n.<\/p>\n","protected":false},"excerpt":{"rendered":"<p>Benvinguts a la nostra f\u00e0brica. Som un equip de m\u00e8s de 60 persones altament qualificades d&#8217;enginyers aeron\u00e0utics, dissenyadors, cosidores, t\u00e8cnics i cistellers i suportat per una xarxa de representats a tot el m\u00f2n.<\/p>\n","protected":false},"author":1,"featured_media":0,"parent":13,"menu_order":0,"comment_status":"closed","ping_status":"open","template":"","meta":{"ngg_post_thumbnail":0,"footnotes":""},"yoast_head":"<!-- This site is optimized with the Yoast SEO plugin v22.7 - https:\/\/yoast.com\/wordpress\/plugins\/seo\/ -->\n<title>Equip - Ultramagic<\/title>\n<meta name=\"robots\" content=\"index, follow, max-snippet:-1, max-image-preview:large, max-video-preview:-1\" \/>\n<link rel=\"canonical\" href=\"https:\/\/ultramagic.com\/innovative-hot-air-balloon-manufacturer\/team\/\" \/>\n<meta property=\"og:locale\" content=\"ca_ES\" \/>\n<meta property=\"og:type\" content=\"article\" \/>\n<meta property=\"og:title\" content=\"Equip - Ultramagic\" \/>\n<meta property=\"og:description\" content=\"Benvinguts a la nostra f\u00e0brica. Som un equip de m\u00e8s de 60 persones altament qualificades d&#8217;enginyers aeron\u00e0utics, dissenyadors, cosidores, t\u00e8cnics i cistellers i suportat per una xarxa de representats a tot el m\u00f2n.\" \/>\n<meta property=\"og:url\" content=\"https:\/\/ultramagic.com\/innovative-hot-air-balloon-manufacturer\/team\/\" \/>\n<meta property=\"og:site_name\" content=\"Ultramagic\" \/>\n<meta property=\"article:publisher\" content=\"http:\/\/www.facebook.com\/ultramagicballons\" \/>\n<meta property=\"article:modified_time\" content=\"2023-11-29T15:37:44+00:00\" \/>\n<meta name=\"twitter:card\" content=\"summary_large_image\" \/>\n<meta name=\"twitter:site\" content=\"@umballoons\" \/>\n<script type=\"application\/ld+json\" class=\"yoast-schema-graph\">{\"@context\":\"https:\/\/schema.org\",\"@graph\":[{\"@type\":\"WebPage\",\"@id\":\"https:\/\/ultramagic.com\/innovative-hot-air-balloon-manufacturer\/team\/\",\"url\":\"https:\/\/ultramagic.com\/innovative-hot-air-balloon-manufacturer\/team\/\",\"name\":\"Equip - Ultramagic\",\"isPartOf\":{\"@id\":\"https:\/\/ultramagic.com\/#website\"},\"datePublished\":\"2016-04-05T16:12:32+00:00\",\"dateModified\":\"2023-11-29T15:37:44+00:00\",\"breadcrumb\":{\"@id\":\"https:\/\/ultramagic.com\/innovative-hot-air-balloon-manufacturer\/team\/#breadcrumb\"},\"inLanguage\":\"ca\",\"potentialAction\":[{\"@type\":\"ReadAction\",\"target\":[\"https:\/\/ultramagic.com\/innovative-hot-air-balloon-manufacturer\/team\/\"]}]},{\"@type\":\"BreadcrumbList\",\"@id\":\"https:\/\/ultramagic.com\/innovative-hot-air-balloon-manufacturer\/team\/#breadcrumb\",\"itemListElement\":[{\"@type\":\"ListItem\",\"position\":1,\"name\":\"Home\",\"item\":\"https:\/\/ultramagic.com\/ca\/\"},{\"@type\":\"ListItem\",\"position\":2,\"name\":\"Ultramagic\",\"item\":\"https:\/\/ultramagic.com\/ca\/\"},{\"@type\":\"ListItem\",\"position\":3,\"name\":\"Equip\"}]},{\"@type\":\"WebSite\",\"@id\":\"https:\/\/ultramagic.com\/#website\",\"url\":\"https:\/\/ultramagic.com\/\",\"name\":\"Ultramagic\",\"description\":\"All about hot air balloon advertising industry and history.Hot air balloon photos and pictures. Enjoy the hot air balloon experience from your home.\",\"potentialAction\":[{\"@type\":\"SearchAction\",\"target\":{\"@type\":\"EntryPoint\",\"urlTemplate\":\"https:\/\/ultramagic.com\/?s={search_term_string}\"},\"query-input\":\"required name=search_term_string\"}],\"inLanguage\":\"ca\"}]}<\/script>\n<!-- \/ Yoast SEO plugin. -->","yoast_head_json":{"title":"Equip - Ultramagic","robots":{"index":"index","follow":"follow","max-snippet":"max-snippet:-1","max-image-preview":"max-image-preview:large","max-video-preview":"max-video-preview:-1"},"canonical":"https:\/\/ultramagic.com\/innovative-hot-air-balloon-manufacturer\/team\/","og_locale":"ca_ES","og_type":"article","og_title":"Equip - Ultramagic","og_description":"Benvinguts a la nostra f\u00e0brica. Som un equip de m\u00e8s de 60 persones altament qualificades d&#8217;enginyers aeron\u00e0utics, dissenyadors, cosidores, t\u00e8cnics i cistellers i suportat per una xarxa de representats a tot el m\u00f2n.","og_url":"https:\/\/ultramagic.com\/innovative-hot-air-balloon-manufacturer\/team\/","og_site_name":"Ultramagic","article_publisher":"http:\/\/www.facebook.com\/ultramagicballons","article_modified_time":"2023-11-29T15:37:44+00:00","twitter_card":"summary_large_image","twitter_site":"@umballoons","schema":{"@context":"https:\/\/schema.org","@graph":[{"@type":"WebPage","@id":"https:\/\/ultramagic.com\/innovative-hot-air-balloon-manufacturer\/team\/","url":"https:\/\/ultramagic.com\/innovative-hot-air-balloon-manufacturer\/team\/","name":"Equip - Ultramagic","isPartOf":{"@id":"https:\/\/ultramagic.com\/#website"},"datePublished":"2016-04-05T16:12:32+00:00","dateModified":"2023-11-29T15:37:44+00:00","breadcrumb":{"@id":"https:\/\/ultramagic.com\/innovative-hot-air-balloon-manufacturer\/team\/#breadcrumb"},"inLanguage":"ca","potentialAction":[{"@type":"ReadAction","target":["https:\/\/ultramagic.com\/innovative-hot-air-balloon-manufacturer\/team\/"]}]},{"@type":"BreadcrumbList","@id":"https:\/\/ultramagic.com\/innovative-hot-air-balloon-manufacturer\/team\/#breadcrumb","itemListElement":[{"@type":"ListItem","position":1,"name":"Home","item":"https:\/\/ultramagic.com\/ca\/"},{"@type":"ListItem","position":2,"name":"Ultramagic","item":"https:\/\/ultramagic.com\/ca\/"},{"@type":"ListItem","position":3,"name":"Equip"}]},{"@type":"WebSite","@id":"https:\/\/ultramagic.com\/#website","url":"https:\/\/ultramagic.com\/","name":"Ultramagic","description":"All about hot air balloon advertising industry and history.Hot air balloon photos and pictures. Enjoy the hot air balloon experience from your home.","potentialAction":[{"@type":"SearchAction","target":{"@type":"EntryPoint","urlTemplate":"https:\/\/ultramagic.com\/?s={search_term_string}"},"query-input":"required name=search_term_string"}],"inLanguage":"ca"}]}},"_links":{"self":[{"href":"https:\/\/ultramagic.com\/ca\/wp-json\/wp\/v2\/pages\/9621"}],"collection":[{"href":"https:\/\/ultramagic.com\/ca\/wp-json\/wp\/v2\/pages"}],"about":[{"href":"https:\/\/ultramagic.com\/ca\/wp-json\/wp\/v2\/types\/page"}],"author":[{"embeddable":true,"href":"https:\/\/ultramagic.com\/ca\/wp-json\/wp\/v2\/users\/1"}],"replies":[{"embeddable":true,"href":"https:\/\/ultramagic.com\/ca\/wp-json\/wp\/v2\/comments?post=9621"}],"version-history":[{"count":8,"href":"https:\/\/ultramagic.com\/ca\/wp-json\/wp\/v2\/pages\/9621\/revisions"}],"predecessor-version":[{"id":18554,"href":"https:\/\/ultramagic.com\/ca\/wp-json\/wp\/v2\/pages\/9621\/revisions\/18554"}],"up":[{"embeddable":true,"href":"https:\/\/ultramagic.com\/ca\/wp-json\/wp\/v2\/pages\/13"}],"wp:attachment":[{"href":"https:\/\/ultramagic.com\/ca\/wp-json\/wp\/v2\/media?parent=9621"}],"curies":[{"name":"wp","href":"https:\/\/api.w.org\/{rel}","templated":true}]}}