{"id":9619,"date":"2016-04-05T18:12:17","date_gmt":"2016-04-05T16:12:17","guid":{"rendered":"http:\/\/ultramagic.creagia.com\/ca\/?page_id=9619"},"modified":"2018-01-02T09:37:46","modified_gmt":"2018-01-02T08:37:46","slug":"ubicacio","status":"publish","type":"page","link":"https:\/\/ultramagic.com\/ca\/portada-2\/ubicacio\/","title":{"rendered":"Ubicaci\u00f3"},"content":{"rendered":"<p>Aer\u00f2drom Igualada-\u00d2dena, s\/n\u00a0\u00a0(Ap. Correu 4)<a href=\"https:\/\/www.google.es\/maps\/dir\/\/ULTRAMAGIC,+S.A.,+Aer%C3%B3dromo+General+Vives,+08711+Igualada,+Barcelona,+Espa%C3%B1a\/@41.5822295,1.6587764,14z\/data=!4m12!1m3!3m2!1s0x12a468217a7b895f:0xede0f8d097e9427c!2sULTRAMAGIC,+S.A.!4m7!1m0!1m5!1m1!1s0x12a468217a7b895f:0xede0f8d097e9427c!2m2!1d1.653774!2d41.584938\" target=\"_blank\"><img loading=\"lazy\" decoding=\"async\" class=\"alignright wp-image-132 size-full\" src=\"http:\/\/ultramagic.com\/wp-content\/uploads\/2015\/06\/mapa.jpg\" alt=\"Map\" width=\"476\" height=\"468\" srcset=\"https:\/\/ultramagic.com\/wp-content\/uploads\/2015\/06\/mapa.jpg 476w, https:\/\/ultramagic.com\/wp-content\/uploads\/2015\/06\/mapa-300x295.jpg 300w\" sizes=\"(max-width: 476px) 100vw, 476px\" \/><\/a><\/p>\n<p>08700 Igualada<\/p>\n<p>Barcelona,\u00a0Spain<\/p>\n<p>&nbsp;<\/p>\n<p>Tel. 34 \/ 93 804 22 02<\/p>\n<p>&nbsp;<\/p>\n<p>Coordinates GPS:<\/p>\n<p>UTM<\/p>\n<p>31T 0387980<\/p>\n<p>4604864<\/p>\n<p>&nbsp;<\/p>\n<p>DEG<\/p>\n<p>N 41\u00ba 35&#8242; 10&#8243;<\/p>\n<p>E 01\u00ba 39&#8242; 17&#8243;<\/p>\n<p>&nbsp;<\/p>\n<p>&nbsp;<\/p>\n<p><img loading=\"lazy\" decoding=\"async\" class=\" size-full wp-image-131 aligncenter\" src=\"http:\/\/ultramagic.com\/wp-content\/uploads\/2015\/06\/ultramagic.jpg\" alt=\"Ultramagic\" width=\"900\" height=\"272\" srcset=\"https:\/\/ultramagic.com\/wp-content\/uploads\/2015\/06\/ultramagic.jpg 900w, https:\/\/ultramagic.com\/wp-content\/uploads\/2015\/06\/ultramagic-300x91.jpg 300w\" sizes=\"(max-width: 900px) 100vw, 900px\" \/><\/p>\n","protected":false},"excerpt":{"rendered":"<p>Aer\u00f2drom Igualada-\u00d2dena, s\/n\u00a0\u00a0(Ap. Correu 4) 08700 Igualada Barcelona,\u00a0Spain &nbsp; Tel. 34 \/ 93 804 22 02 &nbsp; Coordinates GPS: UTM 31T 0387980 4604864 &nbsp; DEG N 41\u00ba 35&#8242; 10&#8243; E 01\u00ba 39&#8242; 17&#8243; &nbsp; &nbsp;<\/p>\n","protected":false},"author":1,"featured_media":0,"parent":13,"menu_order":0,"comment_status":"closed","ping_status":"open","template":"","meta":{"ngg_post_thumbnail":0,"footnotes":""},"yoast_head":"<!-- This site is optimized with the Yoast SEO plugin v22.7 - https:\/\/yoast.com\/wordpress\/plugins\/seo\/ -->\n<title>Ubicaci\u00f3 - Ultramagic<\/title>\n<meta name=\"robots\" content=\"index, follow, max-snippet:-1, max-image-preview:large, max-video-preview:-1\" \/>\n<link rel=\"canonical\" href=\"https:\/\/ultramagic.com\/innovative-hot-air-balloon-manufacturer\/here-we-are\/\" \/>\n<meta property=\"og:locale\" content=\"ca_ES\" \/>\n<meta property=\"og:type\" content=\"article\" \/>\n<meta property=\"og:title\" content=\"Ubicaci\u00f3 - Ultramagic\" \/>\n<meta property=\"og:description\" content=\"Aer\u00f2drom Igualada-\u00d2dena, s\/n\u00a0\u00a0(Ap. Correu 4) 08700 Igualada Barcelona,\u00a0Spain &nbsp; Tel. 34 \/ 93 804 22 02 &nbsp; Coordinates GPS: UTM 31T 0387980 4604864 &nbsp; DEG N 41\u00ba 35&#8242; 10&#8243; E 01\u00ba 39&#8242; 17&#8243; &nbsp; &nbsp;\" \/>\n<meta property=\"og:url\" content=\"https:\/\/ultramagic.com\/innovative-hot-air-balloon-manufacturer\/here-we-are\/\" \/>\n<meta property=\"og:site_name\" content=\"Ultramagic\" \/>\n<meta property=\"article:publisher\" content=\"http:\/\/www.facebook.com\/ultramagicballons\" \/>\n<meta property=\"article:modified_time\" content=\"2018-01-02T08:37:46+00:00\" \/>\n<meta property=\"og:image\" content=\"http:\/\/ultramagic.com\/wp-content\/uploads\/2015\/06\/mapa.jpg\" \/>\n<meta name=\"twitter:card\" content=\"summary_large_image\" \/>\n<meta name=\"twitter:site\" content=\"@umballoons\" \/>\n<script type=\"application\/ld+json\" class=\"yoast-schema-graph\">{\"@context\":\"https:\/\/schema.org\",\"@graph\":[{\"@type\":\"WebPage\",\"@id\":\"https:\/\/ultramagic.com\/innovative-hot-air-balloon-manufacturer\/here-we-are\/\",\"url\":\"https:\/\/ultramagic.com\/innovative-hot-air-balloon-manufacturer\/here-we-are\/\",\"name\":\"Ubicaci\u00f3 - Ultramagic\",\"isPartOf\":{\"@id\":\"https:\/\/ultramagic.com\/#website\"},\"primaryImageOfPage\":{\"@id\":\"https:\/\/ultramagic.com\/innovative-hot-air-balloon-manufacturer\/here-we-are\/#primaryimage\"},\"image\":{\"@id\":\"https:\/\/ultramagic.com\/innovative-hot-air-balloon-manufacturer\/here-we-are\/#primaryimage\"},\"thumbnailUrl\":\"http:\/\/ultramagic.com\/wp-content\/uploads\/2015\/06\/mapa.jpg\",\"datePublished\":\"2016-04-05T16:12:17+00:00\",\"dateModified\":\"2018-01-02T08:37:46+00:00\",\"breadcrumb\":{\"@id\":\"https:\/\/ultramagic.com\/innovative-hot-air-balloon-manufacturer\/here-we-are\/#breadcrumb\"},\"inLanguage\":\"ca\",\"potentialAction\":[{\"@type\":\"ReadAction\",\"target\":[\"https:\/\/ultramagic.com\/innovative-hot-air-balloon-manufacturer\/here-we-are\/\"]}]},{\"@type\":\"ImageObject\",\"inLanguage\":\"ca\",\"@id\":\"https:\/\/ultramagic.com\/innovative-hot-air-balloon-manufacturer\/here-we-are\/#primaryimage\",\"url\":\"http:\/\/ultramagic.com\/wp-content\/uploads\/2015\/06\/mapa.jpg\",\"contentUrl\":\"http:\/\/ultramagic.com\/wp-content\/uploads\/2015\/06\/mapa.jpg\"},{\"@type\":\"BreadcrumbList\",\"@id\":\"https:\/\/ultramagic.com\/innovative-hot-air-balloon-manufacturer\/here-we-are\/#breadcrumb\",\"itemListElement\":[{\"@type\":\"ListItem\",\"position\":1,\"name\":\"Home\",\"item\":\"https:\/\/ultramagic.com\/ca\/\"},{\"@type\":\"ListItem\",\"position\":2,\"name\":\"Ultramagic\",\"item\":\"https:\/\/ultramagic.com\/ca\/\"},{\"@type\":\"ListItem\",\"position\":3,\"name\":\"Ubicaci\u00f3\"}]},{\"@type\":\"WebSite\",\"@id\":\"https:\/\/ultramagic.com\/#website\",\"url\":\"https:\/\/ultramagic.com\/\",\"name\":\"Ultramagic\",\"description\":\"All about hot air balloon advertising industry and history.Hot air balloon photos and pictures. Enjoy the hot air balloon experience from your home.\",\"potentialAction\":[{\"@type\":\"SearchAction\",\"target\":{\"@type\":\"EntryPoint\",\"urlTemplate\":\"https:\/\/ultramagic.com\/?s={search_term_string}\"},\"query-input\":\"required name=search_term_string\"}],\"inLanguage\":\"ca\"}]}<\/script>\n<!-- \/ Yoast SEO plugin. -->","yoast_head_json":{"title":"Ubicaci\u00f3 - Ultramagic","robots":{"index":"index","follow":"follow","max-snippet":"max-snippet:-1","max-image-preview":"max-image-preview:large","max-video-preview":"max-video-preview:-1"},"canonical":"https:\/\/ultramagic.com\/innovative-hot-air-balloon-manufacturer\/here-we-are\/","og_locale":"ca_ES","og_type":"article","og_title":"Ubicaci\u00f3 - Ultramagic","og_description":"Aer\u00f2drom Igualada-\u00d2dena, s\/n\u00a0\u00a0(Ap. Correu 4) 08700 Igualada Barcelona,\u00a0Spain &nbsp; Tel. 34 \/ 93 804 22 02 &nbsp; Coordinates GPS: UTM 31T 0387980 4604864 &nbsp; DEG N 41\u00ba 35&#8242; 10&#8243; E 01\u00ba 39&#8242; 17&#8243; &nbsp; &nbsp;","og_url":"https:\/\/ultramagic.com\/innovative-hot-air-balloon-manufacturer\/here-we-are\/","og_site_name":"Ultramagic","article_publisher":"http:\/\/www.facebook.com\/ultramagicballons","article_modified_time":"2018-01-02T08:37:46+00:00","og_image":[{"url":"http:\/\/ultramagic.com\/wp-content\/uploads\/2015\/06\/mapa.jpg"}],"twitter_card":"summary_large_image","twitter_site":"@umballoons","schema":{"@context":"https:\/\/schema.org","@graph":[{"@type":"WebPage","@id":"https:\/\/ultramagic.com\/innovative-hot-air-balloon-manufacturer\/here-we-are\/","url":"https:\/\/ultramagic.com\/innovative-hot-air-balloon-manufacturer\/here-we-are\/","name":"Ubicaci\u00f3 - Ultramagic","isPartOf":{"@id":"https:\/\/ultramagic.com\/#website"},"primaryImageOfPage":{"@id":"https:\/\/ultramagic.com\/innovative-hot-air-balloon-manufacturer\/here-we-are\/#primaryimage"},"image":{"@id":"https:\/\/ultramagic.com\/innovative-hot-air-balloon-manufacturer\/here-we-are\/#primaryimage"},"thumbnailUrl":"http:\/\/ultramagic.com\/wp-content\/uploads\/2015\/06\/mapa.jpg","datePublished":"2016-04-05T16:12:17+00:00","dateModified":"2018-01-02T08:37:46+00:00","breadcrumb":{"@id":"https:\/\/ultramagic.com\/innovative-hot-air-balloon-manufacturer\/here-we-are\/#breadcrumb"},"inLanguage":"ca","potentialAction":[{"@type":"ReadAction","target":["https:\/\/ultramagic.com\/innovative-hot-air-balloon-manufacturer\/here-we-are\/"]}]},{"@type":"ImageObject","inLanguage":"ca","@id":"https:\/\/ultramagic.com\/innovative-hot-air-balloon-manufacturer\/here-we-are\/#primaryimage","url":"http:\/\/ultramagic.com\/wp-content\/uploads\/2015\/06\/mapa.jpg","contentUrl":"http:\/\/ultramagic.com\/wp-content\/uploads\/2015\/06\/mapa.jpg"},{"@type":"BreadcrumbList","@id":"https:\/\/ultramagic.com\/innovative-hot-air-balloon-manufacturer\/here-we-are\/#breadcrumb","itemListElement":[{"@type":"ListItem","position":1,"name":"Home","item":"https:\/\/ultramagic.com\/ca\/"},{"@type":"ListItem","position":2,"name":"Ultramagic","item":"https:\/\/ultramagic.com\/ca\/"},{"@type":"ListItem","position":3,"name":"Ubicaci\u00f3"}]},{"@type":"WebSite","@id":"https:\/\/ultramagic.com\/#website","url":"https:\/\/ultramagic.com\/","name":"Ultramagic","description":"All about hot air balloon advertising industry and history.Hot air balloon photos and pictures. Enjoy the hot air balloon experience from your home.","potentialAction":[{"@type":"SearchAction","target":{"@type":"EntryPoint","urlTemplate":"https:\/\/ultramagic.com\/?s={search_term_string}"},"query-input":"required name=search_term_string"}],"inLanguage":"ca"}]}},"_links":{"self":[{"href":"https:\/\/ultramagic.com\/ca\/wp-json\/wp\/v2\/pages\/9619"}],"collection":[{"href":"https:\/\/ultramagic.com\/ca\/wp-json\/wp\/v2\/pages"}],"about":[{"href":"https:\/\/ultramagic.com\/ca\/wp-json\/wp\/v2\/types\/page"}],"author":[{"embeddable":true,"href":"https:\/\/ultramagic.com\/ca\/wp-json\/wp\/v2\/users\/1"}],"replies":[{"embeddable":true,"href":"https:\/\/ultramagic.com\/ca\/wp-json\/wp\/v2\/comments?post=9619"}],"version-history":[{"count":2,"href":"https:\/\/ultramagic.com\/ca\/wp-json\/wp\/v2\/pages\/9619\/revisions"}],"predecessor-version":[{"id":11331,"href":"https:\/\/ultramagic.com\/ca\/wp-json\/wp\/v2\/pages\/9619\/revisions\/11331"}],"up":[{"embeddable":true,"href":"https:\/\/ultramagic.com\/ca\/wp-json\/wp\/v2\/pages\/13"}],"wp:attachment":[{"href":"https:\/\/ultramagic.com\/ca\/wp-json\/wp\/v2\/media?parent=9619"}],"curies":[{"name":"wp","href":"https:\/\/api.w.org\/{rel}","templated":true}]}}