{"id":9617,"date":"2016-04-05T18:12:05","date_gmt":"2016-04-05T16:12:05","guid":{"rendered":"http:\/\/ultramagic.creagia.com\/ca\/?page_id=9617"},"modified":"2022-05-09T11:18:06","modified_gmt":"2022-05-09T09:18:06","slug":"empresa","status":"publish","type":"page","link":"https:\/\/ultramagic.com\/ca\/portada-2\/empresa\/","title":{"rendered":"Empresa"},"content":{"rendered":"<h2>Fent M\u00c0GIA per a tu!<\/h2>\n<p>Amb l\u2019experi\u00e8ncia de dissenyar i produir m\u00e9s de 2500 globus d\u2019aire calent per clients, tant privats com comercials, ens esforcem constantment per donar un servei proper i del m\u00e9s alt nivell de professionalitat. Tot comen\u00e7a amb una resposta confidencial i alguns consells inicials, i continua amb el disseny, la producci\u00f3 i control de qualitat. El resultat final \u00e9s l\u2019entrega del producte exacte que vost\u00e8, el client, necessita. Un dels ingredients clau per Ultramagic \u00e9s la m\u00e0xima qualitat. Mantenim els m\u00e9s alts nivells de qualitat d\u2019aviaci\u00f3 i seguim les aprovacions d\u2019EASA (European Aviation Safety Agency) a la vegada que els nostres globus estan totalment certificats per l\u2019FAA als Estats Units.<\/p>\n<p>&nbsp;<\/p>\n<p>\u2022 Organitzaci\u00f3 de Disseny&nbsp;Aprovada per EASA EASA.21J.351<\/p>\n<p>\u2022 Organitzaci\u00f3 de Producci\u00f3&nbsp;Aprovada per EASA ES.21G.0007<\/p>\n<p>\u2022 Organitzaci\u00f3 d&#8217;Aeronavegabilitat Combinada&nbsp;&nbsp;Aprovada per EASA ES.CAO.010<\/p>\n<p>\u2022 Organitzaci\u00f3 de Formaci\u00f3&nbsp;Aprovada per EASA E-ATO-285<\/p>\n<p>&nbsp;<\/p>\n<p>Treballant permanentment per assolir els majors nivells de seguretat i entreteniment a cada sector del negoci dels globus d\u2019aire calent, som actualment reconeguts com a l\u00edders en disseny i desenvolupament tecnol\u00f2gics per globus d\u2019aire calent. Un altre element clau a Ultramagic \u00e9s escoltar constantment als nostres clients. Tant si vost\u00e8 \u00e9s un nou pilot, un experimentat operador de vols o un executiu de marketing, la seva opini\u00f3 i necessitats s\u00f3n importants per a l\u2019equip d\u2019Ultramagic. Amb aquesta voluntat vam promoure els <b>Ultramagic International Awards<\/b> dels quals els tres projectes guanyadors, el \u201cFriendship Balloon\u201d (globus de l\u2019amistat), el \u201cFlightpack\u201d i el Power Line Detector (detector de l\u00ednies el\u00e8ctriques) han estat completats amb \u00e8xit.<\/p>\n","protected":false},"excerpt":{"rendered":"<p>Fent M\u00c0GIA per a tu! Amb l\u2019experi\u00e8ncia de dissenyar i produir m\u00e9s de 2500 globus d\u2019aire calent per clients, tant privats com comercials, ens esforcem constantment per donar un servei proper i del m\u00e9s alt nivell de professionalitat. Tot comen\u00e7a amb una resposta confidencial i alguns consells inicials, i continua amb el disseny, la producci\u00f3 [&hellip;]<\/p>\n","protected":false},"author":1,"featured_media":0,"parent":13,"menu_order":0,"comment_status":"closed","ping_status":"open","template":"page-fotos.php","meta":{"ngg_post_thumbnail":0,"footnotes":""},"yoast_head":"<!-- This site is optimized with the Yoast SEO plugin v22.7 - https:\/\/yoast.com\/wordpress\/plugins\/seo\/ -->\n<title>Empresa - Ultramagic<\/title>\n<meta name=\"robots\" content=\"index, follow, max-snippet:-1, max-image-preview:large, max-video-preview:-1\" \/>\n<link rel=\"canonical\" href=\"https:\/\/ultramagic.com\/innovative-hot-air-balloon-manufacturer\/the-company\/\" \/>\n<meta property=\"og:locale\" content=\"ca_ES\" \/>\n<meta property=\"og:type\" content=\"article\" \/>\n<meta property=\"og:title\" content=\"Empresa - Ultramagic\" \/>\n<meta property=\"og:description\" content=\"Fent M\u00c0GIA per a tu! Amb l\u2019experi\u00e8ncia de dissenyar i produir m\u00e9s de 2500 globus d\u2019aire calent per clients, tant privats com comercials, ens esforcem constantment per donar un servei proper i del m\u00e9s alt nivell de professionalitat. Tot comen\u00e7a amb una resposta confidencial i alguns consells inicials, i continua amb el disseny, la producci\u00f3 [&hellip;]\" \/>\n<meta property=\"og:url\" content=\"https:\/\/ultramagic.com\/innovative-hot-air-balloon-manufacturer\/the-company\/\" \/>\n<meta property=\"og:site_name\" content=\"Ultramagic\" \/>\n<meta property=\"article:publisher\" content=\"http:\/\/www.facebook.com\/ultramagicballons\" \/>\n<meta property=\"article:modified_time\" content=\"2022-05-09T09:18:06+00:00\" \/>\n<meta name=\"twitter:card\" content=\"summary_large_image\" \/>\n<meta name=\"twitter:site\" content=\"@umballoons\" \/>\n<meta name=\"twitter:label1\" content=\"Temps estimat de lectura\" \/>\n\t<meta name=\"twitter:data1\" content=\"1 minut\" \/>\n<script type=\"application\/ld+json\" class=\"yoast-schema-graph\">{\"@context\":\"https:\/\/schema.org\",\"@graph\":[{\"@type\":\"WebPage\",\"@id\":\"https:\/\/ultramagic.com\/innovative-hot-air-balloon-manufacturer\/the-company\/\",\"url\":\"https:\/\/ultramagic.com\/innovative-hot-air-balloon-manufacturer\/the-company\/\",\"name\":\"Empresa - Ultramagic\",\"isPartOf\":{\"@id\":\"https:\/\/ultramagic.com\/#website\"},\"datePublished\":\"2016-04-05T16:12:05+00:00\",\"dateModified\":\"2022-05-09T09:18:06+00:00\",\"breadcrumb\":{\"@id\":\"https:\/\/ultramagic.com\/innovative-hot-air-balloon-manufacturer\/the-company\/#breadcrumb\"},\"inLanguage\":\"ca\",\"potentialAction\":[{\"@type\":\"ReadAction\",\"target\":[\"https:\/\/ultramagic.com\/innovative-hot-air-balloon-manufacturer\/the-company\/\"]}]},{\"@type\":\"BreadcrumbList\",\"@id\":\"https:\/\/ultramagic.com\/innovative-hot-air-balloon-manufacturer\/the-company\/#breadcrumb\",\"itemListElement\":[{\"@type\":\"ListItem\",\"position\":1,\"name\":\"Home\",\"item\":\"https:\/\/ultramagic.com\/ca\/\"},{\"@type\":\"ListItem\",\"position\":2,\"name\":\"Ultramagic\",\"item\":\"https:\/\/ultramagic.com\/ca\/\"},{\"@type\":\"ListItem\",\"position\":3,\"name\":\"Empresa\"}]},{\"@type\":\"WebSite\",\"@id\":\"https:\/\/ultramagic.com\/#website\",\"url\":\"https:\/\/ultramagic.com\/\",\"name\":\"Ultramagic\",\"description\":\"All about hot air balloon advertising industry and history.Hot air balloon photos and pictures. Enjoy the hot air balloon experience from your home.\",\"potentialAction\":[{\"@type\":\"SearchAction\",\"target\":{\"@type\":\"EntryPoint\",\"urlTemplate\":\"https:\/\/ultramagic.com\/?s={search_term_string}\"},\"query-input\":\"required name=search_term_string\"}],\"inLanguage\":\"ca\"}]}<\/script>\n<!-- \/ Yoast SEO plugin. -->","yoast_head_json":{"title":"Empresa - Ultramagic","robots":{"index":"index","follow":"follow","max-snippet":"max-snippet:-1","max-image-preview":"max-image-preview:large","max-video-preview":"max-video-preview:-1"},"canonical":"https:\/\/ultramagic.com\/innovative-hot-air-balloon-manufacturer\/the-company\/","og_locale":"ca_ES","og_type":"article","og_title":"Empresa - Ultramagic","og_description":"Fent M\u00c0GIA per a tu! Amb l\u2019experi\u00e8ncia de dissenyar i produir m\u00e9s de 2500 globus d\u2019aire calent per clients, tant privats com comercials, ens esforcem constantment per donar un servei proper i del m\u00e9s alt nivell de professionalitat. Tot comen\u00e7a amb una resposta confidencial i alguns consells inicials, i continua amb el disseny, la producci\u00f3 [&hellip;]","og_url":"https:\/\/ultramagic.com\/innovative-hot-air-balloon-manufacturer\/the-company\/","og_site_name":"Ultramagic","article_publisher":"http:\/\/www.facebook.com\/ultramagicballons","article_modified_time":"2022-05-09T09:18:06+00:00","twitter_card":"summary_large_image","twitter_site":"@umballoons","twitter_misc":{"Temps estimat de lectura":"1 minut"},"schema":{"@context":"https:\/\/schema.org","@graph":[{"@type":"WebPage","@id":"https:\/\/ultramagic.com\/innovative-hot-air-balloon-manufacturer\/the-company\/","url":"https:\/\/ultramagic.com\/innovative-hot-air-balloon-manufacturer\/the-company\/","name":"Empresa - Ultramagic","isPartOf":{"@id":"https:\/\/ultramagic.com\/#website"},"datePublished":"2016-04-05T16:12:05+00:00","dateModified":"2022-05-09T09:18:06+00:00","breadcrumb":{"@id":"https:\/\/ultramagic.com\/innovative-hot-air-balloon-manufacturer\/the-company\/#breadcrumb"},"inLanguage":"ca","potentialAction":[{"@type":"ReadAction","target":["https:\/\/ultramagic.com\/innovative-hot-air-balloon-manufacturer\/the-company\/"]}]},{"@type":"BreadcrumbList","@id":"https:\/\/ultramagic.com\/innovative-hot-air-balloon-manufacturer\/the-company\/#breadcrumb","itemListElement":[{"@type":"ListItem","position":1,"name":"Home","item":"https:\/\/ultramagic.com\/ca\/"},{"@type":"ListItem","position":2,"name":"Ultramagic","item":"https:\/\/ultramagic.com\/ca\/"},{"@type":"ListItem","position":3,"name":"Empresa"}]},{"@type":"WebSite","@id":"https:\/\/ultramagic.com\/#website","url":"https:\/\/ultramagic.com\/","name":"Ultramagic","description":"All about hot air balloon advertising industry and history.Hot air balloon photos and pictures. Enjoy the hot air balloon experience from your home.","potentialAction":[{"@type":"SearchAction","target":{"@type":"EntryPoint","urlTemplate":"https:\/\/ultramagic.com\/?s={search_term_string}"},"query-input":"required name=search_term_string"}],"inLanguage":"ca"}]}},"_links":{"self":[{"href":"https:\/\/ultramagic.com\/ca\/wp-json\/wp\/v2\/pages\/9617"}],"collection":[{"href":"https:\/\/ultramagic.com\/ca\/wp-json\/wp\/v2\/pages"}],"about":[{"href":"https:\/\/ultramagic.com\/ca\/wp-json\/wp\/v2\/types\/page"}],"author":[{"embeddable":true,"href":"https:\/\/ultramagic.com\/ca\/wp-json\/wp\/v2\/users\/1"}],"replies":[{"embeddable":true,"href":"https:\/\/ultramagic.com\/ca\/wp-json\/wp\/v2\/comments?post=9617"}],"version-history":[{"count":8,"href":"https:\/\/ultramagic.com\/ca\/wp-json\/wp\/v2\/pages\/9617\/revisions"}],"predecessor-version":[{"id":17818,"href":"https:\/\/ultramagic.com\/ca\/wp-json\/wp\/v2\/pages\/9617\/revisions\/17818"}],"up":[{"embeddable":true,"href":"https:\/\/ultramagic.com\/ca\/wp-json\/wp\/v2\/pages\/13"}],"wp:attachment":[{"href":"https:\/\/ultramagic.com\/ca\/wp-json\/wp\/v2\/media?parent=9617"}],"curies":[{"name":"wp","href":"https:\/\/api.w.org\/{rel}","templated":true}]}}