{"id":9603,"date":"2016-04-05T18:09:23","date_gmt":"2016-04-05T16:09:23","guid":{"rendered":"http:\/\/ultramagic.creagia.com\/ca\/?page_id=9603"},"modified":"2016-11-14T09:28:58","modified_gmt":"2016-11-14T08:28:58","slug":"axion-line-tents","status":"publish","type":"page","link":"https:\/\/ultramagic.com\/ca\/inflables\/axion-line-tents\/","title":{"rendered":"Axion Line Tents"},"content":{"rendered":"<p style=\"text-align: justify;\">Ultramagic \u00e9s el distribu\u00efdor en exclusiva de la gamma completa de productes de la marca zepel\u00ed per a la Pen\u00ednsula Ib\u00e8rica.\n<\/p>\n<p>&nbsp;<\/p>\n<p>Zepelin, que \u00e9s el representant d&#8217;Ultramagic per Eslov\u00e0quia, \u00e9s una empresa altament especialitzada en la fabricaci\u00f3 d&#8217;estructures inflables estanques. Entre una extensa gamma de productes, destaca la l\u00ednia Axion de carpes pneum\u00e0tiques i mobiliari inflable (http:\/\/www.axion4event.com), les carpes Axion s\u00f3n carpes inflables estanques de diferents mides i models, que ofereixen un alt rendiment i gran facilitat d&#8217;\u00fas.<br \/>\n<\/span><\/p>\n<p>&nbsp;<\/p>\n<div class=\"text_exposed_show\">\n<p>Aquesta col\u00b7laboraci\u00f3, juntament amb la producci\u00f3 pr\u00f2pia d&#8217;inflables d&#8217;aire continu, fabricats en les nostres instal\u00b7lacions sota la marca Airismagic, ens permet poder oferir una major gamma de productes als nostres clients i distribu\u00efdors.<\/p>\n<p>&nbsp;<br \/>\n<div id='gallery-1' class='gallery galleryid-9603 gallery-columns-3 gallery-size-thumbnail'><dl class='gallery-item'>\n\t\t\t<dt class='gallery-icon landscape'>\n\t\t\t\t<a href='https:\/\/ultramagic.com\/wp-content\/uploads\/2016\/03\/AXL44-AudiQuattroCup.jpg'><img loading=\"lazy\" decoding=\"async\" width=\"150\" height=\"150\" src=\"https:\/\/ultramagic.com\/wp-content\/uploads\/2016\/03\/AXL44-AudiQuattroCup-150x150.jpg\" class=\"attachment-thumbnail size-thumbnail\" alt=\"\" \/><\/a>\n\t\t\t<\/dt><\/dl><dl class='gallery-item'>\n\t\t\t<dt class='gallery-icon landscape'>\n\t\t\t\t<a href='https:\/\/ultramagic.com\/wp-content\/uploads\/2016\/03\/AXL44-Ecco.jpg'><img loading=\"lazy\" decoding=\"async\" width=\"150\" height=\"150\" src=\"https:\/\/ultramagic.com\/wp-content\/uploads\/2016\/03\/AXL44-Ecco-150x150.jpg\" class=\"attachment-thumbnail size-thumbnail\" alt=\"\" \/><\/a>\n\t\t\t<\/dt><\/dl><dl class='gallery-item'>\n\t\t\t<dt class='gallery-icon landscape'>\n\t\t\t\t<a href='https:\/\/ultramagic.com\/wp-content\/uploads\/2016\/03\/Free-Shelter-GRANOLA-1.jpg'><img loading=\"lazy\" decoding=\"async\" width=\"150\" height=\"150\" src=\"https:\/\/ultramagic.com\/wp-content\/uploads\/2016\/03\/Free-Shelter-GRANOLA-1-150x150.jpg\" class=\"attachment-thumbnail size-thumbnail\" alt=\"\" \/><\/a>\n\t\t\t<\/dt><\/dl><br style=\"clear: both\" \/>\n\t\t<\/div>\n<\/p>\n","protected":false},"excerpt":{"rendered":"<p>Ultramagic \u00e9s el distribu\u00efdor en exclusiva de la gamma completa de productes de la marca zepel\u00ed per a la Pen\u00ednsula Ib\u00e8rica. &nbsp; Zepelin, que \u00e9s el representant d&#8217;Ultramagic per Eslov\u00e0quia, \u00e9s una empresa altament especialitzada en la fabricaci\u00f3 d&#8217;estructures inflables estanques. Entre una extensa gamma de productes, destaca la l\u00ednia Axion de carpes pneum\u00e0tiques i [&hellip;]<\/p>\n","protected":false},"author":1,"featured_media":8856,"parent":9538,"menu_order":4,"comment_status":"closed","ping_status":"closed","template":"page-globus-fill.php","meta":{"ngg_post_thumbnail":0,"footnotes":""},"yoast_head":"<!-- This site is optimized with the Yoast SEO plugin v22.7 - https:\/\/yoast.com\/wordpress\/plugins\/seo\/ -->\n<title>Axion Line Tents - Ultramagic<\/title>\n<meta name=\"robots\" content=\"index, follow, max-snippet:-1, max-image-preview:large, max-video-preview:-1\" \/>\n<link rel=\"canonical\" href=\"https:\/\/ultramagic.com\/ca\/inflables\/axion-line-tents\/\" \/>\n<meta property=\"og:locale\" content=\"ca_ES\" \/>\n<meta property=\"og:type\" content=\"article\" \/>\n<meta property=\"og:title\" content=\"Axion Line Tents - Ultramagic\" \/>\n<meta property=\"og:description\" content=\"Ultramagic \u00e9s el distribu\u00efdor en exclusiva de la gamma completa de productes de la marca zepel\u00ed per a la Pen\u00ednsula Ib\u00e8rica. &nbsp; Zepelin, que \u00e9s el representant d&#8217;Ultramagic per Eslov\u00e0quia, \u00e9s una empresa altament especialitzada en la fabricaci\u00f3 d&#8217;estructures inflables estanques. Entre una extensa gamma de productes, destaca la l\u00ednia Axion de carpes pneum\u00e0tiques i [&hellip;]\" \/>\n<meta property=\"og:url\" content=\"https:\/\/ultramagic.com\/ca\/inflables\/axion-line-tents\/\" \/>\n<meta property=\"og:site_name\" content=\"Ultramagic\" \/>\n<meta property=\"article:publisher\" content=\"http:\/\/www.facebook.com\/ultramagicballons\" \/>\n<meta property=\"article:modified_time\" content=\"2016-11-14T08:28:58+00:00\" \/>\n<meta property=\"og:image\" content=\"https:\/\/ultramagic.com\/wp-content\/uploads\/2016\/03\/carpes.jpg\" \/>\n\t<meta property=\"og:image:width\" content=\"75\" \/>\n\t<meta property=\"og:image:height\" content=\"75\" \/>\n\t<meta property=\"og:image:type\" content=\"image\/jpeg\" \/>\n<meta name=\"twitter:card\" content=\"summary_large_image\" \/>\n<meta name=\"twitter:site\" content=\"@umballoons\" \/>\n<meta name=\"twitter:label1\" content=\"Temps estimat de lectura\" \/>\n\t<meta name=\"twitter:data1\" content=\"1 minut\" \/>\n<script type=\"application\/ld+json\" class=\"yoast-schema-graph\">{\"@context\":\"https:\/\/schema.org\",\"@graph\":[{\"@type\":\"WebPage\",\"@id\":\"https:\/\/ultramagic.com\/ca\/inflables\/axion-line-tents\/\",\"url\":\"https:\/\/ultramagic.com\/ca\/inflables\/axion-line-tents\/\",\"name\":\"Axion Line Tents - Ultramagic\",\"isPartOf\":{\"@id\":\"https:\/\/ultramagic.com\/#website\"},\"primaryImageOfPage\":{\"@id\":\"https:\/\/ultramagic.com\/ca\/inflables\/axion-line-tents\/#primaryimage\"},\"image\":{\"@id\":\"https:\/\/ultramagic.com\/ca\/inflables\/axion-line-tents\/#primaryimage\"},\"thumbnailUrl\":\"https:\/\/ultramagic.com\/wp-content\/uploads\/2016\/03\/carpes.jpg\",\"datePublished\":\"2016-04-05T16:09:23+00:00\",\"dateModified\":\"2016-11-14T08:28:58+00:00\",\"breadcrumb\":{\"@id\":\"https:\/\/ultramagic.com\/ca\/inflables\/axion-line-tents\/#breadcrumb\"},\"inLanguage\":\"ca\",\"potentialAction\":[{\"@type\":\"ReadAction\",\"target\":[\"https:\/\/ultramagic.com\/ca\/inflables\/axion-line-tents\/\"]}]},{\"@type\":\"ImageObject\",\"inLanguage\":\"ca\",\"@id\":\"https:\/\/ultramagic.com\/ca\/inflables\/axion-line-tents\/#primaryimage\",\"url\":\"https:\/\/ultramagic.com\/wp-content\/uploads\/2016\/03\/carpes.jpg\",\"contentUrl\":\"https:\/\/ultramagic.com\/wp-content\/uploads\/2016\/03\/carpes.jpg\",\"width\":75,\"height\":75,\"caption\":\"OLYMPUS DIGITAL CAMERA\"},{\"@type\":\"BreadcrumbList\",\"@id\":\"https:\/\/ultramagic.com\/ca\/inflables\/axion-line-tents\/#breadcrumb\",\"itemListElement\":[{\"@type\":\"ListItem\",\"position\":1,\"name\":\"Home\",\"item\":\"https:\/\/ultramagic.com\/ca\/\"},{\"@type\":\"ListItem\",\"position\":2,\"name\":\"Inflables\",\"item\":\"https:\/\/ultramagic.com\/ca\/inflables\/\"},{\"@type\":\"ListItem\",\"position\":3,\"name\":\"Axion Line Tents\"}]},{\"@type\":\"WebSite\",\"@id\":\"https:\/\/ultramagic.com\/#website\",\"url\":\"https:\/\/ultramagic.com\/\",\"name\":\"Ultramagic\",\"description\":\"All about hot air balloon advertising industry and history.Hot air balloon photos and pictures. Enjoy the hot air balloon experience from your home.\",\"potentialAction\":[{\"@type\":\"SearchAction\",\"target\":{\"@type\":\"EntryPoint\",\"urlTemplate\":\"https:\/\/ultramagic.com\/?s={search_term_string}\"},\"query-input\":\"required name=search_term_string\"}],\"inLanguage\":\"ca\"}]}<\/script>\n<!-- \/ Yoast SEO plugin. -->","yoast_head_json":{"title":"Axion Line Tents - Ultramagic","robots":{"index":"index","follow":"follow","max-snippet":"max-snippet:-1","max-image-preview":"max-image-preview:large","max-video-preview":"max-video-preview:-1"},"canonical":"https:\/\/ultramagic.com\/ca\/inflables\/axion-line-tents\/","og_locale":"ca_ES","og_type":"article","og_title":"Axion Line Tents - Ultramagic","og_description":"Ultramagic \u00e9s el distribu\u00efdor en exclusiva de la gamma completa de productes de la marca zepel\u00ed per a la Pen\u00ednsula Ib\u00e8rica. &nbsp; Zepelin, que \u00e9s el representant d&#8217;Ultramagic per Eslov\u00e0quia, \u00e9s una empresa altament especialitzada en la fabricaci\u00f3 d&#8217;estructures inflables estanques. Entre una extensa gamma de productes, destaca la l\u00ednia Axion de carpes pneum\u00e0tiques i [&hellip;]","og_url":"https:\/\/ultramagic.com\/ca\/inflables\/axion-line-tents\/","og_site_name":"Ultramagic","article_publisher":"http:\/\/www.facebook.com\/ultramagicballons","article_modified_time":"2016-11-14T08:28:58+00:00","og_image":[{"width":75,"height":75,"url":"https:\/\/ultramagic.com\/wp-content\/uploads\/2016\/03\/carpes.jpg","type":"image\/jpeg"}],"twitter_card":"summary_large_image","twitter_site":"@umballoons","twitter_misc":{"Temps estimat de lectura":"1 minut"},"schema":{"@context":"https:\/\/schema.org","@graph":[{"@type":"WebPage","@id":"https:\/\/ultramagic.com\/ca\/inflables\/axion-line-tents\/","url":"https:\/\/ultramagic.com\/ca\/inflables\/axion-line-tents\/","name":"Axion Line Tents - Ultramagic","isPartOf":{"@id":"https:\/\/ultramagic.com\/#website"},"primaryImageOfPage":{"@id":"https:\/\/ultramagic.com\/ca\/inflables\/axion-line-tents\/#primaryimage"},"image":{"@id":"https:\/\/ultramagic.com\/ca\/inflables\/axion-line-tents\/#primaryimage"},"thumbnailUrl":"https:\/\/ultramagic.com\/wp-content\/uploads\/2016\/03\/carpes.jpg","datePublished":"2016-04-05T16:09:23+00:00","dateModified":"2016-11-14T08:28:58+00:00","breadcrumb":{"@id":"https:\/\/ultramagic.com\/ca\/inflables\/axion-line-tents\/#breadcrumb"},"inLanguage":"ca","potentialAction":[{"@type":"ReadAction","target":["https:\/\/ultramagic.com\/ca\/inflables\/axion-line-tents\/"]}]},{"@type":"ImageObject","inLanguage":"ca","@id":"https:\/\/ultramagic.com\/ca\/inflables\/axion-line-tents\/#primaryimage","url":"https:\/\/ultramagic.com\/wp-content\/uploads\/2016\/03\/carpes.jpg","contentUrl":"https:\/\/ultramagic.com\/wp-content\/uploads\/2016\/03\/carpes.jpg","width":75,"height":75,"caption":"OLYMPUS DIGITAL CAMERA"},{"@type":"BreadcrumbList","@id":"https:\/\/ultramagic.com\/ca\/inflables\/axion-line-tents\/#breadcrumb","itemListElement":[{"@type":"ListItem","position":1,"name":"Home","item":"https:\/\/ultramagic.com\/ca\/"},{"@type":"ListItem","position":2,"name":"Inflables","item":"https:\/\/ultramagic.com\/ca\/inflables\/"},{"@type":"ListItem","position":3,"name":"Axion Line Tents"}]},{"@type":"WebSite","@id":"https:\/\/ultramagic.com\/#website","url":"https:\/\/ultramagic.com\/","name":"Ultramagic","description":"All about hot air balloon advertising industry and history.Hot air balloon photos and pictures. Enjoy the hot air balloon experience from your home.","potentialAction":[{"@type":"SearchAction","target":{"@type":"EntryPoint","urlTemplate":"https:\/\/ultramagic.com\/?s={search_term_string}"},"query-input":"required name=search_term_string"}],"inLanguage":"ca"}]}},"_links":{"self":[{"href":"https:\/\/ultramagic.com\/ca\/wp-json\/wp\/v2\/pages\/9603"}],"collection":[{"href":"https:\/\/ultramagic.com\/ca\/wp-json\/wp\/v2\/pages"}],"about":[{"href":"https:\/\/ultramagic.com\/ca\/wp-json\/wp\/v2\/types\/page"}],"author":[{"embeddable":true,"href":"https:\/\/ultramagic.com\/ca\/wp-json\/wp\/v2\/users\/1"}],"replies":[{"embeddable":true,"href":"https:\/\/ultramagic.com\/ca\/wp-json\/wp\/v2\/comments?post=9603"}],"version-history":[{"count":3,"href":"https:\/\/ultramagic.com\/ca\/wp-json\/wp\/v2\/pages\/9603\/revisions"}],"predecessor-version":[{"id":10995,"href":"https:\/\/ultramagic.com\/ca\/wp-json\/wp\/v2\/pages\/9603\/revisions\/10995"}],"up":[{"embeddable":true,"href":"https:\/\/ultramagic.com\/ca\/wp-json\/wp\/v2\/pages\/9538"}],"wp:featuredmedia":[{"embeddable":true,"href":"https:\/\/ultramagic.com\/ca\/wp-json\/wp\/v2\/media\/8856"}],"wp:attachment":[{"href":"https:\/\/ultramagic.com\/ca\/wp-json\/wp\/v2\/media?parent=9603"}],"curies":[{"name":"wp","href":"https:\/\/api.w.org\/{rel}","templated":true}]}}